{"id":31785,"date":"2023-07-21T08:39:23","date_gmt":"2023-07-21T07:39:23","guid":{"rendered":"https:\/\/abilica.com\/?page_id=31785"},"modified":"2023-07-21T08:39:23","modified_gmt":"2023-07-21T07:39:23","slug":"abilica-acrobaticyoga-nih-aktiv-convention","status":"publish","type":"page","link":"https:\/\/abilica.com\/no\/abilica-acrobaticyoga-nih-aktiv-convention\/","title":{"rendered":"Abilica AcrobaticYoga @ NIH Aktiv Convention"},"content":{"rendered":"<div class=\"wpb-content-wrapper\"><p>[vc_row full_width=&raquo;stretch_row_content&raquo; content_placement=&raquo;top&raquo; css=&raquo;.vc_custom_1542621996834{margin-top: 0px !important;border-top-width: 0px !important;padding-top: 0px !important;padding-right: 0px !important;padding-left: 0px !important;background-position: center !important;background-repeat: no-repeat !important;background-size: cover !important;}&raquo;][vc_column css=&raquo;.vc_custom_1542621911987{margin-top: 0px !important;border-top-width: 0px !important;padding-top: 0px !important;padding-right: 0px !important;padding-left: 0px !important;background-color: #0a0a0a !important;}&raquo;][vc_single_image image=&raquo;25385&#8243; img_size=&raquo;full&raquo; alignment=&raquo;center&raquo;][\/vc_column][\/vc_row][vc_row full_width=&raquo;stretch_row_content&raquo; content_placement=&raquo;top&raquo; css=&raquo;.vc_custom_1542627998350{background-color: #0a0a0a !important;}&raquo;][vc_column][vc_column_text]<\/p>\n<h2 style=\"text-align: center;\"><span style=\"color: #ffffff;\">Abilica AcrobaticYoga @ NIH Aktiv Convention<\/span><\/h2>\n<p>[\/vc_column_text][\/vc_column][\/vc_row][vc_row full_width=&raquo;stretch_row_content&raquo; content_placement=&raquo;top&raquo; css=&raquo;.vc_custom_1542627998350{background-color: #0a0a0a !important;}&raquo;][vc_column width=&raquo;1\/3&#8243;][\/vc_column][vc_column width=&raquo;1\/3&#8243;][vc_column_text]<\/p>\n<p style=\"text-align: center;\"><span style=\"color: #ffffff;\">Kristine Kjenne og Simen Holm fra Team Abilica holdt 2 gruppetimer med Abilica AcrobaticYoga under NIH Aktiv Convention i helgen. Her finner dere \u00f8velsene dere fikk testet (noen av de finnes p\u00e5 video), <strong><a style=\"color: #ffffff;\" href=\"https:\/\/open.spotify.com\/user\/abilicamusic\/playlist\/0ZOYGCoalL6j4vB4aNB83W?si=Hmav1kwyTfynTiKownErPg\">spillelisten<\/a><\/strong> som ble brukt p\u00e5 timen samt bonusmateriale! For mer inspirasjon til \u00f8velser, f\u00f8lg gjerne @TeamStronger p\u00e5 <strong><a style=\"color: #ffffff;\" href=\"https:\/\/www.instagram.com\/teamstronger\/\">Instagram<\/a><\/strong> og <strong><a style=\"color: #ffffff;\" href=\"https:\/\/www.facebook.com\/teamstronger\/\">Facebook<\/a><\/strong>.<\/span><\/p>\n<p>[\/vc_column_text][vc_empty_space height=&raquo;72px&raquo;][\/vc_column][vc_column width=&raquo;1\/3&#8243;][\/vc_column][\/vc_row][vc_row full_width=&raquo;stretch_row_content&raquo; css=&raquo;.vc_custom_1542628065121{background-color: #0a0a0a !important;}&raquo;][vc_column][vc_column_text]<\/p>\n<h1 style=\"text-align: center;\"><span style=\"color: #ffffff;\">\u00d8velser<\/span><\/h1>\n<p>[\/vc_column_text][\/vc_column][\/vc_row][vc_row full_width=&raquo;stretch_row_content&raquo; css=&raquo;.vc_custom_1542628065121{background-color: #0a0a0a !important;}&raquo;][vc_column width=&raquo;1\/6&#8243;][vc_single_image image=&raquo;25370&#8243; img_size=&raquo;full&raquo; alignment=&raquo;center&raquo; style=&raquo;vc_box_rounded&raquo;][\/vc_column][vc_column width=&raquo;1\/6&#8243;][vc_single_image image=&raquo;25357&#8243; img_size=&raquo;full&raquo; alignment=&raquo;center&raquo; style=&raquo;vc_box_rounded&raquo; onclick=&raquo;custom_link&raquo; img_link_target=&raquo;_blank&raquo; link=&raquo;https:\/\/www.instagram.com\/p\/BpCVCNKgrgq\/&raquo;][\/vc_column][vc_column width=&raquo;1\/6&#8243;][vc_single_image image=&raquo;25365&#8243; img_size=&raquo;full&raquo; alignment=&raquo;center&raquo; style=&raquo;vc_box_rounded&raquo; onclick=&raquo;custom_link&raquo; img_link_target=&raquo;_blank&raquo; link=&raquo;https:\/\/www.instagram.com\/p\/BdHyPEBHEaA\/&raquo;][\/vc_column][vc_column width=&raquo;1\/6&#8243;][vc_single_image image=&raquo;25371&#8243; img_size=&raquo;full&raquo; alignment=&raquo;center&raquo; style=&raquo;vc_box_rounded&raquo;][\/vc_column][vc_column width=&raquo;1\/6&#8243;][vc_single_image image=&raquo;25372&#8243; img_size=&raquo;full&raquo; alignment=&raquo;center&raquo; style=&raquo;vc_box_rounded&raquo;][\/vc_column][vc_column width=&raquo;1\/6&#8243;][vc_single_image image=&raquo;25361&#8243; img_size=&raquo;full&raquo; alignment=&raquo;center&raquo; style=&raquo;vc_box_rounded&raquo; onclick=&raquo;custom_link&raquo; img_link_target=&raquo;_blank&raquo; link=&raquo;https:\/\/www.instagram.com\/p\/BpCVCNKgrgq\/&raquo;][\/vc_column][\/vc_row][vc_row full_width=&raquo;stretch_row_content&raquo; css=&raquo;.vc_custom_1542628065121{background-color: #0a0a0a !important;}&raquo;][vc_column][vc_column_text]<\/p>\n<h1 style=\"text-align: center;\"><span style=\"color: #ffffff;\">Bonusmateriale<\/span><\/h1>\n<p>[\/vc_column_text][\/vc_column][\/vc_row][vc_row full_width=&raquo;stretch_row_content&raquo; css=&raquo;.vc_custom_1542628065121{background-color: #0a0a0a !important;}&raquo;][vc_column width=&raquo;1\/6&#8243;][vc_single_image image=&raquo;25377&#8243; img_size=&raquo;full&raquo; alignment=&raquo;center&raquo; style=&raquo;vc_box_rounded&raquo;][\/vc_column][vc_column width=&raquo;1\/6&#8243;][vc_single_image image=&raquo;25381&#8243; img_size=&raquo;full&raquo; alignment=&raquo;center&raquo; style=&raquo;vc_box_rounded&raquo;][\/vc_column][vc_column width=&raquo;1\/6&#8243;][vc_single_image image=&raquo;25380&#8243; img_size=&raquo;full&raquo; alignment=&raquo;center&raquo; style=&raquo;vc_box_rounded&raquo;][\/vc_column][vc_column width=&raquo;1\/6&#8243;][vc_single_image image=&raquo;25379&#8243; img_size=&raquo;full&raquo; alignment=&raquo;center&raquo; style=&raquo;vc_box_rounded&raquo;][\/vc_column][vc_column width=&raquo;1\/6&#8243;][vc_single_image image=&raquo;25382&#8243; img_size=&raquo;full&raquo; alignment=&raquo;center&raquo; style=&raquo;vc_box_rounded&raquo;][\/vc_column][vc_column width=&raquo;1\/6&#8243;][vc_single_image image=&raquo;25383&#8243; img_size=&raquo;full&raquo; alignment=&raquo;center&raquo; style=&raquo;vc_box_rounded&raquo;][\/vc_column][\/vc_row][vc_row full_width=&raquo;stretch_row_content_no_spaces&raquo; css=&raquo;.vc_custom_1542628661381{background-color: #0a0a0a !important;}&raquo;][vc_column][vc_empty_space height=&raquo;82px&raquo;][vc_column_text]<\/p>\n<h1 style=\"text-align: center;\"><span style=\"color: #ffffff;\">Rabattkode<\/span><\/h1>\n<p>&nbsp;<\/p>\n<p style=\"text-align: center;\"><span style=\"color: #ffffff;\">Bruk rabattkoden <strong>NIHAKTIV<\/strong> og f\u00e5 40% + fri frakt i nettbutikken v\u00e5r. Koden varer ut 24. november.<\/span><\/p>\n<p>[\/vc_column_text][vc_empty_space height=&raquo;22px&raquo;][vc_btn title=&raquo;Kj\u00f8p her&raquo; style=&raquo;flat&raquo; color=&raquo;white&raquo; align=&raquo;center&raquo; i_icon_fontawesome=&raquo;fa fa-shopping-cart&raquo; add_icon=&raquo;true&raquo; link=&raquo;url:https%3A%2F%2Fabilica.com\/no%2Fshop%2F|||&raquo;][vc_empty_space height=&raquo;82px&raquo;][\/vc_column][\/vc_row]<\/p>\n<\/div>","protected":false},"excerpt":{"rendered":"<p>[vc_row full_width=&raquo;stretch_row_content&raquo; content_placement=&raquo;top&raquo; css=&raquo;.vc_custom_1542621996834{margin-top: 0px !important;border-top-width: 0px !important;padding-top: 0px !important;padding-right: 0px !important;padding-left: 0px !important;background-position: center&#8230;<\/p>\n","protected":false},"author":13,"featured_media":0,"parent":0,"menu_order":0,"comment_status":"closed","ping_status":"closed","template":"","meta":{"_acf_changed":false,"footnotes":""},"class_list":["post-31785","page","type-page","status-publish","hentry"],"acf":[],"yoast_head":"<!-- This site is optimized with the Yoast SEO Premium plugin v21.1 (Yoast SEO v25.4) - https:\/\/yoast.com\/wordpress\/plugins\/seo\/ -->\n<title>Abilica AcrobaticYoga @ NIH Aktiv Convention &#8226; Abilica<\/title>\n<meta name=\"robots\" content=\"index, follow, max-snippet:-1, max-image-preview:large, max-video-preview:-1\" \/>\n<link rel=\"canonical\" href=\"https:\/\/abilica.com\/no\/abilica-acrobaticyoga-nih-aktiv-convention\/\" \/>\n<meta property=\"og:locale\" content=\"nb_NO\" \/>\n<meta property=\"og:type\" content=\"article\" \/>\n<meta property=\"og:title\" content=\"Abilica AcrobaticYoga @ NIH Aktiv Convention\" \/>\n<meta property=\"og:description\" content=\"[vc_row full_width=&raquo;stretch_row_content&raquo; content_placement=&raquo;top&raquo; css=&raquo;.vc_custom_1542621996834{margin-top: 0px !important;border-top-width: 0px !important;padding-top: 0px !important;padding-right: 0px !important;padding-left: 0px !important;background-position: center...\" \/>\n<meta property=\"og:url\" content=\"https:\/\/abilica.com\/no\/abilica-acrobaticyoga-nih-aktiv-convention\/\" \/>\n<meta property=\"og:site_name\" content=\"Abilica\" \/>\n<meta property=\"article:publisher\" content=\"https:\/\/www.facebook.com\/abilicahometraining\/\" \/>\n<meta name=\"twitter:card\" content=\"summary_large_image\" \/>\n<meta name=\"twitter:label1\" content=\"Ansl. lesetid\" \/>\n\t<meta name=\"twitter:data1\" content=\"3 minutter\" \/>\n<script type=\"application\/ld+json\" class=\"yoast-schema-graph\">{\"@context\":\"https:\/\/schema.org\",\"@graph\":[{\"@type\":\"WebPage\",\"@id\":\"https:\/\/abilica.com\/no\/abilica-acrobaticyoga-nih-aktiv-convention\/\",\"url\":\"https:\/\/abilica.com\/no\/abilica-acrobaticyoga-nih-aktiv-convention\/\",\"name\":\"Abilica AcrobaticYoga @ NIH Aktiv Convention &#8226; Abilica\",\"isPartOf\":{\"@id\":\"https:\/\/abilica.com\/#website\"},\"datePublished\":\"2023-07-21T07:39:23+00:00\",\"breadcrumb\":{\"@id\":\"https:\/\/abilica.com\/no\/abilica-acrobaticyoga-nih-aktiv-convention\/#breadcrumb\"},\"inLanguage\":\"nb-NO\",\"potentialAction\":[{\"@type\":\"ReadAction\",\"target\":[\"https:\/\/abilica.com\/no\/abilica-acrobaticyoga-nih-aktiv-convention\/\"]}]},{\"@type\":\"BreadcrumbList\",\"@id\":\"https:\/\/abilica.com\/no\/abilica-acrobaticyoga-nih-aktiv-convention\/#breadcrumb\",\"itemListElement\":[{\"@type\":\"ListItem\",\"position\":1,\"name\":\"Hem\",\"item\":\"https:\/\/abilica.com\/no\/\"},{\"@type\":\"ListItem\",\"position\":2,\"name\":\"Abilica AcrobaticYoga @ NIH Aktiv Convention\"}]},{\"@type\":\"WebSite\",\"@id\":\"https:\/\/abilica.com\/#website\",\"url\":\"https:\/\/abilica.com\/\",\"name\":\"Abilica\",\"description\":\"Abilica Home Training\",\"potentialAction\":[{\"@type\":\"SearchAction\",\"target\":{\"@type\":\"EntryPoint\",\"urlTemplate\":\"https:\/\/abilica.com\/?s={search_term_string}\"},\"query-input\":{\"@type\":\"PropertyValueSpecification\",\"valueRequired\":true,\"valueName\":\"search_term_string\"}}],\"inLanguage\":\"nb-NO\"}]}<\/script>\n<!-- \/ Yoast SEO Premium plugin. -->","yoast_head_json":{"title":"Abilica AcrobaticYoga @ NIH Aktiv Convention &#8226; Abilica","robots":{"index":"index","follow":"follow","max-snippet":"max-snippet:-1","max-image-preview":"max-image-preview:large","max-video-preview":"max-video-preview:-1"},"canonical":"https:\/\/abilica.com\/no\/abilica-acrobaticyoga-nih-aktiv-convention\/","og_locale":"nb_NO","og_type":"article","og_title":"Abilica AcrobaticYoga @ NIH Aktiv Convention","og_description":"[vc_row full_width=&raquo;stretch_row_content&raquo; content_placement=&raquo;top&raquo; css=&raquo;.vc_custom_1542621996834{margin-top: 0px !important;border-top-width: 0px !important;padding-top: 0px !important;padding-right: 0px !important;padding-left: 0px !important;background-position: center...","og_url":"https:\/\/abilica.com\/no\/abilica-acrobaticyoga-nih-aktiv-convention\/","og_site_name":"Abilica","article_publisher":"https:\/\/www.facebook.com\/abilicahometraining\/","twitter_card":"summary_large_image","twitter_misc":{"Ansl. lesetid":"3 minutter"},"schema":{"@context":"https:\/\/schema.org","@graph":[{"@type":"WebPage","@id":"https:\/\/abilica.com\/no\/abilica-acrobaticyoga-nih-aktiv-convention\/","url":"https:\/\/abilica.com\/no\/abilica-acrobaticyoga-nih-aktiv-convention\/","name":"Abilica AcrobaticYoga @ NIH Aktiv Convention &#8226; Abilica","isPartOf":{"@id":"https:\/\/abilica.com\/#website"},"datePublished":"2023-07-21T07:39:23+00:00","breadcrumb":{"@id":"https:\/\/abilica.com\/no\/abilica-acrobaticyoga-nih-aktiv-convention\/#breadcrumb"},"inLanguage":"nb-NO","potentialAction":[{"@type":"ReadAction","target":["https:\/\/abilica.com\/no\/abilica-acrobaticyoga-nih-aktiv-convention\/"]}]},{"@type":"BreadcrumbList","@id":"https:\/\/abilica.com\/no\/abilica-acrobaticyoga-nih-aktiv-convention\/#breadcrumb","itemListElement":[{"@type":"ListItem","position":1,"name":"Hem","item":"https:\/\/abilica.com\/no\/"},{"@type":"ListItem","position":2,"name":"Abilica AcrobaticYoga @ NIH Aktiv Convention"}]},{"@type":"WebSite","@id":"https:\/\/abilica.com\/#website","url":"https:\/\/abilica.com\/","name":"Abilica","description":"Abilica Home Training","potentialAction":[{"@type":"SearchAction","target":{"@type":"EntryPoint","urlTemplate":"https:\/\/abilica.com\/?s={search_term_string}"},"query-input":{"@type":"PropertyValueSpecification","valueRequired":true,"valueName":"search_term_string"}}],"inLanguage":"nb-NO"}]}},"_links":{"self":[{"href":"https:\/\/abilica.com\/no\/wp-json\/wp\/v2\/pages\/31785","targetHints":{"allow":["GET"]}}],"collection":[{"href":"https:\/\/abilica.com\/no\/wp-json\/wp\/v2\/pages"}],"about":[{"href":"https:\/\/abilica.com\/no\/wp-json\/wp\/v2\/types\/page"}],"author":[{"embeddable":true,"href":"https:\/\/abilica.com\/no\/wp-json\/wp\/v2\/users\/13"}],"replies":[{"embeddable":true,"href":"https:\/\/abilica.com\/no\/wp-json\/wp\/v2\/comments?post=31785"}],"version-history":[{"count":1,"href":"https:\/\/abilica.com\/no\/wp-json\/wp\/v2\/pages\/31785\/revisions"}],"predecessor-version":[{"id":31786,"href":"https:\/\/abilica.com\/no\/wp-json\/wp\/v2\/pages\/31785\/revisions\/31786"}],"wp:attachment":[{"href":"https:\/\/abilica.com\/no\/wp-json\/wp\/v2\/media?parent=31785"}],"curies":[{"name":"wp","href":"https:\/\/api.w.org\/{rel}","templated":true}]}}