{"id":31800,"date":"2023-07-30T19:42:05","date_gmt":"2023-07-30T18:42:05","guid":{"rendered":"https:\/\/abilica.com\/?page_id=31800"},"modified":"2023-07-21T09:00:50","modified_gmt":"2023-07-21T08:00:50","slug":"abilica-circle","status":"publish","type":"page","link":"https:\/\/abilica.com\/no\/abilica-circle\/","title":{"rendered":"Abilica Circle"},"content":{"rendered":"<div class=\"wpb-content-wrapper\"><p>[vc_row full_width=&raquo;stretch_row_content&raquo; full_height=&raquo;yes&raquo; columns_placement=&raquo;bottom&raquo; content_placement=&raquo;bottom&raquo; css=&raquo;.vc_custom_1505731146721{padding-right: 0px !important;padding-left: 0px !important;background-image: url(https:\/\/abilica.com\/no\/wp-content\/uploads\/2017\/09\/H\u00f6sttr\u00e4ning.jpg?id=19990) !important;background-position: center !important;background-repeat: no-repeat !important;background-size: cover !important;}&raquo;][vc_column width=&raquo;1\/3&#8243; css=&raquo;.vc_custom_1481535811428{padding-right: 0px !important;padding-left: 0px !important;}&raquo;][\/vc_column][vc_column width=&raquo;1\/3&#8243;][vc_column_text]<\/p>\n<h2 style=\"text-align: center;\"><span style=\"color: #ffffff;\">Les mer om Abilica Circle<\/span><\/h2>\n<p>[\/vc_column_text][vc_icon icon_fontawesome=&raquo;fa fa-angle-down&raquo; color=&raquo;white&raquo; size=&raquo;xl&raquo; align=&raquo;center&raquo; css_animation=&raquo;none&raquo;][\/vc_column][vc_column width=&raquo;1\/3&#8243;][\/vc_column][\/vc_row][vc_row][vc_column][vc_empty_space][vc_column_text css_animation=&raquo;fadeInUp&raquo;]<\/p>\n<h1 style=\"text-align: center;\">Abilica Circle<\/h1>\n<h3 style=\"text-align: center;\">Finn dine \u00f8velser og lag en effektiv og bra trenings\u00f8kt.<\/h3>\n<p>&nbsp;<\/p>\n<p style=\"text-align: center;\">Abilica Circle er et treningskonsept der vi har inkludert v\u00e5re alle beste sirkeltreningsprodukter for effektive og morsomme treningsl\u00f8sninger for deg!\u00a0Til hver og en av produktene nedenfor finner du et variert treningsprogram som trener hele kroppen. Se filmer av alle \u00f8velsene p\u00e5 YouTube eller last ned v\u00e5r treningsapp. Du kan ogs\u00e5 f\u00e5 treningstips i AbilicaMagasinet.<\/p>\n<h3 style=\"text-align: center;\"><strong><a href=\"https:\/\/abilica.com\/no\/wp-content\/uploads\/2018\/01\/app-3-copy.png\"><img loading=\"lazy\" decoding=\"async\" class=\"wp-image-22138 aligncenter\" src=\"https:\/\/abilica.com\/no\/wp-content\/uploads\/2018\/01\/app-3-copy.png\" alt=\"\" width=\"800\" height=\"640\" srcset=\"https:\/\/abilica.com\/wp-content\/uploads\/2018\/01\/app-3-copy.png 2048w, https:\/\/abilica.com\/wp-content\/uploads\/2018\/01\/app-3-copy-500x400.png 500w, https:\/\/abilica.com\/wp-content\/uploads\/2018\/01\/app-3-copy-960x768.png 960w, https:\/\/abilica.com\/wp-content\/uploads\/2018\/01\/app-3-copy-300x240.png 300w, https:\/\/abilica.com\/wp-content\/uploads\/2018\/01\/app-3-copy-768x614.png 768w, https:\/\/abilica.com\/wp-content\/uploads\/2018\/01\/app-3-copy-1024x819.png 1024w\" sizes=\"auto, (max-width: 800px) 100vw, 800px\" \/><\/a>Abilica Training App<\/strong><\/h3>\n<p>&nbsp;<\/p>\n<p style=\"text-align: center;\">Den gode gamle sirkeltreningen er i vinden som aldri f\u00f8r. Mange\u00a0bruker sirkeltrening for \u00e5 komme seg i form og det gj\u00f8r de med rette! Med sirkeltrening f\u00e5r du egentlig det meste du trenger og du trener hele kroppen samtidig! Ved \u00e5 kj\u00f8re sirkeltrening f\u00e5r du h\u00f8yere fettforbrenning, \u00f8kt kondis, \u00f8kt styrke og mer muskelmasse. Du kan selv velge \u00f8velsene som gj\u00f8r at treningen blir variert\u00a0og spennende. Enten kan du velge \u00e5 kj\u00f8re hele kroppen under en \u00f8kt eller konsentrere deg p\u00e5 spesielle kroppsdeler eller omr\u00e5der hvis du vil det.<\/p>\n<p style=\"text-align: center;\">N\u00e5r du setter opp en sirkeltrenings\u00f8kt er det viktig \u00e5 tenke p\u00e5 hvor lenge du vil holde p\u00e5 og hvor lenge pausene skal vare. Dette kommer an p\u00e5 hvordan du vil trene, om du vil trene veldig utholdende eller veldig eksplosivt. Det finnes mange fordeler med sirkeltrening. F\u00f8rst og fremst tar det kort tid fordi det foreg\u00e5r i h\u00f8yt tempo med stor belastning. Det blir litt som n\u00e5r du trener intervall p\u00e5 for eksempel tredem\u00f8lle. En annen ting er at du enkelt kan gj\u00f8re dette hjemme i egen stue hvis du bare har litt utstyr tilgjengelig. Sirkeltreningen kan ogs\u00e5 enkelt implementeres med resten styrketreningen slik at du f\u00e5r en helhetlig trening gjennom uka.<\/p>\n<p>[\/vc_column_text][vc_empty_space][\/vc_column][\/vc_row][vc_row full_width=&raquo;stretch_row_content&raquo; full_height=&raquo;yes&raquo; css=&raquo;.vc_custom_1513347196060{padding-right: 0px !important;padding-left: 0px !important;background-image: url(https:\/\/abilica.com\/no\/wp-content\/uploads\/2017\/12\/86020_ferietrening_0308.jpg?id=21915) !important;background-position: center !important;background-repeat: no-repeat !important;background-size: cover !important;}&raquo;][vc_column css=&raquo;.vc_custom_1481535811428{padding-right: 0px !important;padding-left: 0px !important;}&raquo;][\/vc_column][\/vc_row][vc_row full_width=&raquo;stretch_row_content&raquo;][vc_column][vc_empty_space height=&raquo;52px&raquo;][vc_column_text css_animation=&raquo;fadeInUp&raquo;]<\/p>\n<h1 style=\"text-align: center;\">Kj\u00f8p dine Abilica Circle-produkter<\/h1>\n<p>[\/vc_column_text][vc_empty_space height=&raquo;52px&raquo;][products_mixed show_product_details=&raquo;true&raquo; ids=&raquo;1846,2259,1736,2233,2701,2226,2737,2254,2260,2270,1855,2091,2269,745,1694,2599,1096&#8243;][vc_empty_space height=&raquo;52px&raquo;][vc_empty_space height=&raquo;52px&raquo;][\/vc_column][\/vc_row][vc_row full_width=&raquo;stretch_row_content&raquo; full_height=&raquo;yes&raquo; css=&raquo;.vc_custom_1501842979727{padding-right: 0px !important;padding-left: 0px !important;background-image: url(https:\/\/abilica.com\/no\/wp-content\/uploads\/2016\/12\/86406_garage_hjemme_19_06_17_0194.jpg?id=19185) !important;background-position: center !important;background-repeat: no-repeat !important;background-size: cover !important;}&raquo;][vc_column css=&raquo;.vc_custom_1481535811428{padding-right: 0px !important;padding-left: 0px !important;}&raquo;][\/vc_column][\/vc_row]<\/p>\n<\/div>","protected":false},"excerpt":{"rendered":"<p>[vc_row full_width=&raquo;stretch_row_content&raquo; full_height=&raquo;yes&raquo; columns_placement=&raquo;bottom&raquo; content_placement=&raquo;bottom&raquo; css=&raquo;.vc_custom_1505731146721{padding-right: 0px !important;padding-left: 0px !important;background-image: url(https:\/\/abilica.com\/no\/wp-content\/uploads\/2017\/09\/H\u00f6sttr\u00e4ning.jpg?id=19990) !important;background-position: center !important;background-repeat: no-repeat&#8230;<\/p>\n","protected":false},"author":13,"featured_media":0,"parent":0,"menu_order":0,"comment_status":"closed","ping_status":"closed","template":"","meta":{"_acf_changed":false,"footnotes":""},"class_list":["post-31800","page","type-page","status-publish","hentry"],"acf":[],"yoast_head":"<!-- This site is optimized with the Yoast SEO Premium plugin v21.1 (Yoast SEO v25.4) - https:\/\/yoast.com\/wordpress\/plugins\/seo\/ -->\n<title>Abilica Circle &#8226; Abilica<\/title>\n<meta name=\"robots\" content=\"index, follow, max-snippet:-1, max-image-preview:large, max-video-preview:-1\" \/>\n<link rel=\"canonical\" href=\"https:\/\/abilica.com\/no\/abilica-circle\/\" \/>\n<meta property=\"og:locale\" content=\"nb_NO\" \/>\n<meta property=\"og:type\" content=\"article\" \/>\n<meta property=\"og:title\" content=\"Abilica Circle\" \/>\n<meta property=\"og:description\" content=\"[vc_row full_width=&raquo;stretch_row_content&raquo; full_height=&raquo;yes&raquo; columns_placement=&raquo;bottom&raquo; content_placement=&raquo;bottom&raquo; css=&raquo;.vc_custom_1505731146721{padding-right: 0px !important;padding-left: 0px !important;background-image: url(https:\/\/abilica.com\/no\/wp-content\/uploads\/2017\/09\/H\u00f6sttr\u00e4ning.jpg?id=19990) !important;background-position: center !important;background-repeat: no-repeat...\" \/>\n<meta property=\"og:url\" content=\"https:\/\/abilica.com\/no\/abilica-circle\/\" \/>\n<meta property=\"og:site_name\" content=\"Abilica\" \/>\n<meta property=\"article:publisher\" content=\"https:\/\/www.facebook.com\/abilicahometraining\/\" \/>\n<meta property=\"og:image\" content=\"https:\/\/abilica.com\/no\/wp-content\/uploads\/2018\/01\/app-3-copy.png\" \/>\n<meta name=\"twitter:card\" content=\"summary_large_image\" \/>\n<meta name=\"twitter:label1\" content=\"Ansl. lesetid\" \/>\n\t<meta name=\"twitter:data1\" content=\"3 minutter\" \/>\n<script type=\"application\/ld+json\" class=\"yoast-schema-graph\">{\"@context\":\"https:\/\/schema.org\",\"@graph\":[{\"@type\":\"WebPage\",\"@id\":\"https:\/\/abilica.com\/no\/abilica-circle\/\",\"url\":\"https:\/\/abilica.com\/no\/abilica-circle\/\",\"name\":\"Abilica Circle &#8226; Abilica\",\"isPartOf\":{\"@id\":\"https:\/\/abilica.com\/#website\"},\"primaryImageOfPage\":{\"@id\":\"https:\/\/abilica.com\/no\/abilica-circle\/#primaryimage\"},\"image\":{\"@id\":\"https:\/\/abilica.com\/no\/abilica-circle\/#primaryimage\"},\"thumbnailUrl\":\"https:\/\/abilica.com\/no\/wp-content\/uploads\/2018\/01\/app-3-copy.png\",\"datePublished\":\"2023-07-30T18:42:05+00:00\",\"breadcrumb\":{\"@id\":\"https:\/\/abilica.com\/no\/abilica-circle\/#breadcrumb\"},\"inLanguage\":\"nb-NO\",\"potentialAction\":[{\"@type\":\"ReadAction\",\"target\":[\"https:\/\/abilica.com\/no\/abilica-circle\/\"]}]},{\"@type\":\"ImageObject\",\"inLanguage\":\"nb-NO\",\"@id\":\"https:\/\/abilica.com\/no\/abilica-circle\/#primaryimage\",\"url\":\"https:\/\/abilica.com\/no\/wp-content\/uploads\/2018\/01\/app-3-copy.png\",\"contentUrl\":\"https:\/\/abilica.com\/no\/wp-content\/uploads\/2018\/01\/app-3-copy.png\"},{\"@type\":\"BreadcrumbList\",\"@id\":\"https:\/\/abilica.com\/no\/abilica-circle\/#breadcrumb\",\"itemListElement\":[{\"@type\":\"ListItem\",\"position\":1,\"name\":\"Hem\",\"item\":\"https:\/\/abilica.com\/no\/\"},{\"@type\":\"ListItem\",\"position\":2,\"name\":\"Abilica Circle\"}]},{\"@type\":\"WebSite\",\"@id\":\"https:\/\/abilica.com\/#website\",\"url\":\"https:\/\/abilica.com\/\",\"name\":\"Abilica\",\"description\":\"Abilica Home Training\",\"potentialAction\":[{\"@type\":\"SearchAction\",\"target\":{\"@type\":\"EntryPoint\",\"urlTemplate\":\"https:\/\/abilica.com\/?s={search_term_string}\"},\"query-input\":{\"@type\":\"PropertyValueSpecification\",\"valueRequired\":true,\"valueName\":\"search_term_string\"}}],\"inLanguage\":\"nb-NO\"}]}<\/script>\n<!-- \/ Yoast SEO Premium plugin. -->","yoast_head_json":{"title":"Abilica Circle &#8226; Abilica","robots":{"index":"index","follow":"follow","max-snippet":"max-snippet:-1","max-image-preview":"max-image-preview:large","max-video-preview":"max-video-preview:-1"},"canonical":"https:\/\/abilica.com\/no\/abilica-circle\/","og_locale":"nb_NO","og_type":"article","og_title":"Abilica Circle","og_description":"[vc_row full_width=&raquo;stretch_row_content&raquo; full_height=&raquo;yes&raquo; columns_placement=&raquo;bottom&raquo; content_placement=&raquo;bottom&raquo; css=&raquo;.vc_custom_1505731146721{padding-right: 0px !important;padding-left: 0px !important;background-image: url(https:\/\/abilica.com\/no\/wp-content\/uploads\/2017\/09\/H\u00f6sttr\u00e4ning.jpg?id=19990) !important;background-position: center !important;background-repeat: no-repeat...","og_url":"https:\/\/abilica.com\/no\/abilica-circle\/","og_site_name":"Abilica","article_publisher":"https:\/\/www.facebook.com\/abilicahometraining\/","og_image":[{"url":"https:\/\/abilica.com\/no\/wp-content\/uploads\/2018\/01\/app-3-copy.png","type":"","width":"","height":""}],"twitter_card":"summary_large_image","twitter_misc":{"Ansl. lesetid":"3 minutter"},"schema":{"@context":"https:\/\/schema.org","@graph":[{"@type":"WebPage","@id":"https:\/\/abilica.com\/no\/abilica-circle\/","url":"https:\/\/abilica.com\/no\/abilica-circle\/","name":"Abilica Circle &#8226; Abilica","isPartOf":{"@id":"https:\/\/abilica.com\/#website"},"primaryImageOfPage":{"@id":"https:\/\/abilica.com\/no\/abilica-circle\/#primaryimage"},"image":{"@id":"https:\/\/abilica.com\/no\/abilica-circle\/#primaryimage"},"thumbnailUrl":"https:\/\/abilica.com\/no\/wp-content\/uploads\/2018\/01\/app-3-copy.png","datePublished":"2023-07-30T18:42:05+00:00","breadcrumb":{"@id":"https:\/\/abilica.com\/no\/abilica-circle\/#breadcrumb"},"inLanguage":"nb-NO","potentialAction":[{"@type":"ReadAction","target":["https:\/\/abilica.com\/no\/abilica-circle\/"]}]},{"@type":"ImageObject","inLanguage":"nb-NO","@id":"https:\/\/abilica.com\/no\/abilica-circle\/#primaryimage","url":"https:\/\/abilica.com\/no\/wp-content\/uploads\/2018\/01\/app-3-copy.png","contentUrl":"https:\/\/abilica.com\/no\/wp-content\/uploads\/2018\/01\/app-3-copy.png"},{"@type":"BreadcrumbList","@id":"https:\/\/abilica.com\/no\/abilica-circle\/#breadcrumb","itemListElement":[{"@type":"ListItem","position":1,"name":"Hem","item":"https:\/\/abilica.com\/no\/"},{"@type":"ListItem","position":2,"name":"Abilica Circle"}]},{"@type":"WebSite","@id":"https:\/\/abilica.com\/#website","url":"https:\/\/abilica.com\/","name":"Abilica","description":"Abilica Home Training","potentialAction":[{"@type":"SearchAction","target":{"@type":"EntryPoint","urlTemplate":"https:\/\/abilica.com\/?s={search_term_string}"},"query-input":{"@type":"PropertyValueSpecification","valueRequired":true,"valueName":"search_term_string"}}],"inLanguage":"nb-NO"}]}},"_links":{"self":[{"href":"https:\/\/abilica.com\/no\/wp-json\/wp\/v2\/pages\/31800","targetHints":{"allow":["GET"]}}],"collection":[{"href":"https:\/\/abilica.com\/no\/wp-json\/wp\/v2\/pages"}],"about":[{"href":"https:\/\/abilica.com\/no\/wp-json\/wp\/v2\/types\/page"}],"author":[{"embeddable":true,"href":"https:\/\/abilica.com\/no\/wp-json\/wp\/v2\/users\/13"}],"replies":[{"embeddable":true,"href":"https:\/\/abilica.com\/no\/wp-json\/wp\/v2\/comments?post=31800"}],"version-history":[{"count":2,"href":"https:\/\/abilica.com\/no\/wp-json\/wp\/v2\/pages\/31800\/revisions"}],"predecessor-version":[{"id":32010,"href":"https:\/\/abilica.com\/no\/wp-json\/wp\/v2\/pages\/31800\/revisions\/32010"}],"wp:attachment":[{"href":"https:\/\/abilica.com\/no\/wp-json\/wp\/v2\/media?parent=31800"}],"curies":[{"name":"wp","href":"https:\/\/api.w.org\/{rel}","templated":true}]}}