{"id":31804,"date":"2023-07-21T09:12:18","date_gmt":"2023-07-21T08:12:18","guid":{"rendered":"https:\/\/abilica.com\/?page_id=31804"},"modified":"2023-07-21T09:12:18","modified_gmt":"2023-07-21T08:12:18","slug":"abilica-circle-x-bergen","status":"publish","type":"page","link":"https:\/\/abilica.com\/no\/abilica-circle-x-bergen\/","title":{"rendered":"Abilica Circle x Bergen"},"content":{"rendered":"<div class=\"wpb-content-wrapper\"><p>[vc_row full_width=&raquo;stretch_row_content&raquo; full_height=&raquo;yes&raquo; columns_placement=&raquo;bottom&raquo; content_placement=&raquo;bottom&raquo; css=&raquo;.vc_custom_1537515485198{padding-right: 0px !important;padding-left: 0px !important;background-image: url(https:\/\/abilica.com\/no\/wp-content\/uploads\/2018\/09\/Abilica-Circle-X-Bergen30.jpg?id=24795) !important;background-position: center !important;background-repeat: no-repeat !important;background-size: cover !important;}&raquo;][vc_column css=&raquo;.vc_custom_1481535811428{padding-right: 0px !important;padding-left: 0px !important;}&raquo;][vc_column_text]<\/p>\n<h1 style=\"text-align: center;\"><\/h1>\n<h1 style=\"text-align: center;\"><span style=\"color: #ffffff;\">A<\/span><span style=\"color: #ffffff;\">bilica Circle x Bergen<\/span><\/h1>\n<h3 style=\"text-align: center;\"><span style=\"color: #ffffff;\">Svettefest p\u00e5 taket av Scandic \u00d8rnen<\/span><\/h3>\n<p>[\/vc_column_text][vc_icon icon_fontawesome=&raquo;fa fa-angle-down&raquo; color=&raquo;white&raquo; size=&raquo;xl&raquo; align=&raquo;center&raquo; css_animation=&raquo;none&raquo;][\/vc_column][\/vc_row][vc_row][vc_column][vc_empty_space][vc_column_text css_animation=&raquo;fadeInUp&raquo;]<\/p>\n<h1 style=\"text-align: center;\">Abilica Circle x Bergen<\/h1>\n<h3 style=\"text-align: center;\">Sirkeltrening p\u00e5 taket av Scandic \u00d8rnen.<\/h3>\n<div class=\"page\" title=\"Page 3\">\n<div class=\"section\">\n<div class=\"layoutArea\">\n<div class=\"column\">\n<p style=\"text-align: center;\"><a href=\"https:\/\/abilica.com\/no\/wp-content\/uploads\/2017\/10\/Rehab_merke.jpg\"><br \/>\n<\/a>ABILICA CIRCLE \u2716\ufe0f KRISTIN BIRKELUND\u2716\ufe0f BERGEN<\/p>\n<p style=\"text-align: center;\"><img loading=\"lazy\" decoding=\"async\" class=\"alignnone wp-image-24758\" src=\"https:\/\/abilica.com\/no\/wp-content\/uploads\/2018\/09\/Kristin2.png\" alt=\"\" width=\"150\" height=\"314\" \/><\/p>\n<p style=\"text-align: center;\">S\u00f8ndag 9 september 2018 arrangerte vi Abilica Circle p\u00e5 takterassen til Scandic \u00d8rnen i Bergen. V\u00e5r ambassad\u00f8r Kristin Birkelund holdt i treningen sammen med Team Abilica. Eventet var gratis \u00e5 delta p\u00e5 og mange damer m\u00f8tte opp for \u00e5 spre treningsglede! Deltagerne fikk i tillegg til en bra trenings\u00f8kt ogs\u00e5 utdelt en goodiebag fra Abilica, hver sin t-skjorte \u00e5 trene i, mulighet til \u00e5 vinne treningsutstyr og litt snacks etter treningen. Under kan du se video og bilder fra eventet samt kj\u00f8pe ditt Circle-produkt her i Abilica Universe.<\/p>\n<p style=\"text-align: center;\">\n<\/div>\n<\/div>\n<\/div>\n<\/div>\n<p>[\/vc_column_text][\/vc_column][\/vc_row][vc_row full_width=&raquo;stretch_row_content_no_spaces&raquo;][vc_column width=&raquo;1\/6&#8243;][\/vc_column][vc_column width=&raquo;2\/3&#8243;][vc_empty_space height=&raquo;52px&raquo;][vc_empty_space height=&raquo;52px&raquo;][vc_video link=&raquo;https:\/\/www.youtube.com\/watch?v=dz25A5IrGR4&#8243; align=&raquo;center&raquo;][vc_empty_space height=&raquo;52px&raquo;][vc_empty_space height=&raquo;52px&raquo;][\/vc_column][vc_column width=&raquo;1\/6&#8243;][\/vc_column][\/vc_row][vc_row full_width=&raquo;stretch_row_content_no_spaces&raquo;][vc_column][vc_media_grid element_width=&raquo;2&#8243; gap=&raquo;2&#8243; grid_id=&raquo;vc_gid:1537515468783-eccafbf6-b5f6-2&#8243; include=&raquo;24810,24811,24813,24814,24815,24816,24817,24818,24819,24820,24821,24822&#8243;][vc_empty_space height=&raquo;52px&raquo;][\/vc_column][\/vc_row][vc_row full_width=&raquo;stretch_row_content&raquo; full_height=&raquo;yes&raquo; css=&raquo;.vc_custom_1507804950648{padding-right: 0px !important;padding-left: 0px !important;background-position: center !important;background-repeat: no-repeat !important;background-size: cover !important;}&raquo;][vc_column css=&raquo;.vc_custom_1481535811428{padding-right: 0px !important;padding-left: 0px !important;}&raquo;][vc_column_text css_animation=&raquo;fadeInUp&raquo;]<\/p>\n<h1 style=\"text-align: center;\">Kj\u00f8p dine Circle-produkter n\u00e5<\/h1>\n<p>[\/vc_column_text][vc_empty_space height=&raquo;52px&raquo;][products_mixed columns=&raquo;6&#8243; show_product_details=&raquo;true&raquo; ids=&raquo;1736,2233,745,1096,2269,2260,2091,2599,2226,2816,2259,1694,1262&#8243;][vc_empty_space height=&raquo;52px&raquo;][vc_column_text css_animation=&raquo;fadeInUp&raquo;]<\/p>\n<h2 style=\"text-align: center;\"><a href=\"https:\/\/abilica.com\/no\/shop\/\">Se alle produkter her<\/a><\/h2>\n<p>[\/vc_column_text][vc_empty_space height=&raquo;52px&raquo;][\/vc_column][\/vc_row][vc_row full_width=&raquo;stretch_row_content&raquo; full_height=&raquo;yes&raquo; css=&raquo;.vc_custom_1537434098456{padding-right: 0px !important;padding-left: 0px !important;background-image: url(https:\/\/abilica.com\/no\/wp-content\/uploads\/2018\/09\/Abilica-Circle-X-Bergen10.jpg?id=24776) !important;background-position: center !important;background-repeat: no-repeat !important;background-size: cover !important;}&raquo;][vc_column css=&raquo;.vc_custom_1481535811428{padding-right: 0px !important;padding-left: 0px !important;}&raquo;][\/vc_column][\/vc_row]<\/p>\n<\/div>","protected":false},"excerpt":{"rendered":"<p>[vc_row full_width=&raquo;stretch_row_content&raquo; full_height=&raquo;yes&raquo; columns_placement=&raquo;bottom&raquo; content_placement=&raquo;bottom&raquo; css=&raquo;.vc_custom_1537515485198{padding-right: 0px !important;padding-left: 0px !important;background-image: url(https:\/\/abilica.com\/no\/wp-content\/uploads\/2018\/09\/Abilica-Circle-X-Bergen30.jpg?id=24795) !important;background-position: center !important;background-repeat: no-repeat&#8230;<\/p>\n","protected":false},"author":13,"featured_media":0,"parent":0,"menu_order":0,"comment_status":"closed","ping_status":"closed","template":"","meta":{"_acf_changed":false,"footnotes":""},"class_list":["post-31804","page","type-page","status-publish","hentry"],"acf":[],"yoast_head":"<!-- This site is optimized with the Yoast SEO Premium plugin v21.1 (Yoast SEO v25.4) - https:\/\/yoast.com\/wordpress\/plugins\/seo\/ -->\n<title>Abilica Circle x Bergen &#8226; Abilica<\/title>\n<meta name=\"robots\" content=\"index, follow, max-snippet:-1, max-image-preview:large, max-video-preview:-1\" \/>\n<link rel=\"canonical\" href=\"https:\/\/abilica.com\/no\/abilica-circle-x-bergen\/\" \/>\n<meta property=\"og:locale\" content=\"nb_NO\" \/>\n<meta property=\"og:type\" content=\"article\" \/>\n<meta property=\"og:title\" content=\"Abilica Circle x Bergen\" \/>\n<meta property=\"og:description\" content=\"[vc_row full_width=&raquo;stretch_row_content&raquo; full_height=&raquo;yes&raquo; columns_placement=&raquo;bottom&raquo; content_placement=&raquo;bottom&raquo; css=&raquo;.vc_custom_1537515485198{padding-right: 0px !important;padding-left: 0px !important;background-image: url(https:\/\/abilica.com\/no\/wp-content\/uploads\/2018\/09\/Abilica-Circle-X-Bergen30.jpg?id=24795) !important;background-position: center !important;background-repeat: no-repeat...\" \/>\n<meta property=\"og:url\" content=\"https:\/\/abilica.com\/no\/abilica-circle-x-bergen\/\" \/>\n<meta property=\"og:site_name\" content=\"Abilica\" \/>\n<meta property=\"article:publisher\" content=\"https:\/\/www.facebook.com\/abilicahometraining\/\" \/>\n<meta property=\"og:image\" content=\"https:\/\/abilica.com\/no\/wp-content\/uploads\/2018\/09\/Kristin2.png\" \/>\n<meta name=\"twitter:card\" content=\"summary_large_image\" \/>\n<meta name=\"twitter:label1\" content=\"Ansl. lesetid\" \/>\n\t<meta name=\"twitter:data1\" content=\"2 minutter\" \/>\n<script type=\"application\/ld+json\" class=\"yoast-schema-graph\">{\"@context\":\"https:\/\/schema.org\",\"@graph\":[{\"@type\":\"WebPage\",\"@id\":\"https:\/\/abilica.com\/no\/abilica-circle-x-bergen\/\",\"url\":\"https:\/\/abilica.com\/no\/abilica-circle-x-bergen\/\",\"name\":\"Abilica Circle x Bergen &#8226; Abilica\",\"isPartOf\":{\"@id\":\"https:\/\/abilica.com\/#website\"},\"primaryImageOfPage\":{\"@id\":\"https:\/\/abilica.com\/no\/abilica-circle-x-bergen\/#primaryimage\"},\"image\":{\"@id\":\"https:\/\/abilica.com\/no\/abilica-circle-x-bergen\/#primaryimage\"},\"thumbnailUrl\":\"https:\/\/abilica.com\/no\/wp-content\/uploads\/2018\/09\/Kristin2.png\",\"datePublished\":\"2023-07-21T08:12:18+00:00\",\"breadcrumb\":{\"@id\":\"https:\/\/abilica.com\/no\/abilica-circle-x-bergen\/#breadcrumb\"},\"inLanguage\":\"nb-NO\",\"potentialAction\":[{\"@type\":\"ReadAction\",\"target\":[\"https:\/\/abilica.com\/no\/abilica-circle-x-bergen\/\"]}]},{\"@type\":\"ImageObject\",\"inLanguage\":\"nb-NO\",\"@id\":\"https:\/\/abilica.com\/no\/abilica-circle-x-bergen\/#primaryimage\",\"url\":\"https:\/\/abilica.com\/no\/wp-content\/uploads\/2018\/09\/Kristin2.png\",\"contentUrl\":\"https:\/\/abilica.com\/no\/wp-content\/uploads\/2018\/09\/Kristin2.png\"},{\"@type\":\"BreadcrumbList\",\"@id\":\"https:\/\/abilica.com\/no\/abilica-circle-x-bergen\/#breadcrumb\",\"itemListElement\":[{\"@type\":\"ListItem\",\"position\":1,\"name\":\"Hem\",\"item\":\"https:\/\/abilica.com\/no\/\"},{\"@type\":\"ListItem\",\"position\":2,\"name\":\"Abilica Circle x Bergen\"}]},{\"@type\":\"WebSite\",\"@id\":\"https:\/\/abilica.com\/#website\",\"url\":\"https:\/\/abilica.com\/\",\"name\":\"Abilica\",\"description\":\"Abilica Home Training\",\"potentialAction\":[{\"@type\":\"SearchAction\",\"target\":{\"@type\":\"EntryPoint\",\"urlTemplate\":\"https:\/\/abilica.com\/?s={search_term_string}\"},\"query-input\":{\"@type\":\"PropertyValueSpecification\",\"valueRequired\":true,\"valueName\":\"search_term_string\"}}],\"inLanguage\":\"nb-NO\"}]}<\/script>\n<!-- \/ Yoast SEO Premium plugin. -->","yoast_head_json":{"title":"Abilica Circle x Bergen &#8226; Abilica","robots":{"index":"index","follow":"follow","max-snippet":"max-snippet:-1","max-image-preview":"max-image-preview:large","max-video-preview":"max-video-preview:-1"},"canonical":"https:\/\/abilica.com\/no\/abilica-circle-x-bergen\/","og_locale":"nb_NO","og_type":"article","og_title":"Abilica Circle x Bergen","og_description":"[vc_row full_width=&raquo;stretch_row_content&raquo; full_height=&raquo;yes&raquo; columns_placement=&raquo;bottom&raquo; content_placement=&raquo;bottom&raquo; css=&raquo;.vc_custom_1537515485198{padding-right: 0px !important;padding-left: 0px !important;background-image: url(https:\/\/abilica.com\/no\/wp-content\/uploads\/2018\/09\/Abilica-Circle-X-Bergen30.jpg?id=24795) !important;background-position: center !important;background-repeat: no-repeat...","og_url":"https:\/\/abilica.com\/no\/abilica-circle-x-bergen\/","og_site_name":"Abilica","article_publisher":"https:\/\/www.facebook.com\/abilicahometraining\/","og_image":[{"url":"https:\/\/abilica.com\/no\/wp-content\/uploads\/2018\/09\/Kristin2.png","type":"","width":"","height":""}],"twitter_card":"summary_large_image","twitter_misc":{"Ansl. lesetid":"2 minutter"},"schema":{"@context":"https:\/\/schema.org","@graph":[{"@type":"WebPage","@id":"https:\/\/abilica.com\/no\/abilica-circle-x-bergen\/","url":"https:\/\/abilica.com\/no\/abilica-circle-x-bergen\/","name":"Abilica Circle x Bergen &#8226; Abilica","isPartOf":{"@id":"https:\/\/abilica.com\/#website"},"primaryImageOfPage":{"@id":"https:\/\/abilica.com\/no\/abilica-circle-x-bergen\/#primaryimage"},"image":{"@id":"https:\/\/abilica.com\/no\/abilica-circle-x-bergen\/#primaryimage"},"thumbnailUrl":"https:\/\/abilica.com\/no\/wp-content\/uploads\/2018\/09\/Kristin2.png","datePublished":"2023-07-21T08:12:18+00:00","breadcrumb":{"@id":"https:\/\/abilica.com\/no\/abilica-circle-x-bergen\/#breadcrumb"},"inLanguage":"nb-NO","potentialAction":[{"@type":"ReadAction","target":["https:\/\/abilica.com\/no\/abilica-circle-x-bergen\/"]}]},{"@type":"ImageObject","inLanguage":"nb-NO","@id":"https:\/\/abilica.com\/no\/abilica-circle-x-bergen\/#primaryimage","url":"https:\/\/abilica.com\/no\/wp-content\/uploads\/2018\/09\/Kristin2.png","contentUrl":"https:\/\/abilica.com\/no\/wp-content\/uploads\/2018\/09\/Kristin2.png"},{"@type":"BreadcrumbList","@id":"https:\/\/abilica.com\/no\/abilica-circle-x-bergen\/#breadcrumb","itemListElement":[{"@type":"ListItem","position":1,"name":"Hem","item":"https:\/\/abilica.com\/no\/"},{"@type":"ListItem","position":2,"name":"Abilica Circle x Bergen"}]},{"@type":"WebSite","@id":"https:\/\/abilica.com\/#website","url":"https:\/\/abilica.com\/","name":"Abilica","description":"Abilica Home Training","potentialAction":[{"@type":"SearchAction","target":{"@type":"EntryPoint","urlTemplate":"https:\/\/abilica.com\/?s={search_term_string}"},"query-input":{"@type":"PropertyValueSpecification","valueRequired":true,"valueName":"search_term_string"}}],"inLanguage":"nb-NO"}]}},"_links":{"self":[{"href":"https:\/\/abilica.com\/no\/wp-json\/wp\/v2\/pages\/31804","targetHints":{"allow":["GET"]}}],"collection":[{"href":"https:\/\/abilica.com\/no\/wp-json\/wp\/v2\/pages"}],"about":[{"href":"https:\/\/abilica.com\/no\/wp-json\/wp\/v2\/types\/page"}],"author":[{"embeddable":true,"href":"https:\/\/abilica.com\/no\/wp-json\/wp\/v2\/users\/13"}],"replies":[{"embeddable":true,"href":"https:\/\/abilica.com\/no\/wp-json\/wp\/v2\/comments?post=31804"}],"version-history":[{"count":1,"href":"https:\/\/abilica.com\/no\/wp-json\/wp\/v2\/pages\/31804\/revisions"}],"predecessor-version":[{"id":31805,"href":"https:\/\/abilica.com\/no\/wp-json\/wp\/v2\/pages\/31804\/revisions\/31805"}],"wp:attachment":[{"href":"https:\/\/abilica.com\/no\/wp-json\/wp\/v2\/media?parent=31804"}],"curies":[{"name":"wp","href":"https:\/\/api.w.org\/{rel}","templated":true}]}}