{"id":31812,"date":"2023-07-30T19:45:00","date_gmt":"2023-07-30T18:45:00","guid":{"rendered":"https:\/\/abilica.com\/?page_id=31812"},"modified":"2025-09-15T08:08:10","modified_gmt":"2025-09-15T07:08:10","slug":"abilica-cycle","status":"publish","type":"page","link":"https:\/\/abilica.com\/no\/abilica-cycle\/","title":{"rendered":"Abilica Cycle"},"content":{"rendered":"<div class=\"wpb-content-wrapper\"><p>[vc_row full_width=&raquo;stretch_row_content&raquo; full_height=&raquo;yes&raquo; columns_placement=&raquo;bottom&raquo; content_placement=&raquo;bottom&raquo; css=&raquo;.vc_custom_1512723071644{padding-right: 0px !important;padding-left: 0px !important;background-image: url(https:\/\/abilica.com\/no\/wp-content\/uploads\/2017\/12\/cykel2.jpg?id=21853) !important;background-position: center !important;background-repeat: no-repeat !important;background-size: cover !important;}&raquo;][vc_column css=&raquo;.vc_custom_1481535811428{padding-right: 0px !important;padding-left: 0px !important;}&raquo;][vc_column_text]<\/p>\n<h2 style=\"text-align: center;\"><span style=\"color: #ffffff;\">Les mer om trening med trimsykkel<\/span><\/h2>\n<p>[\/vc_column_text][vc_icon icon_fontawesome=&raquo;fa fa-angle-down&raquo; color=&raquo;white&raquo; size=&raquo;xl&raquo; align=&raquo;center&raquo; css_animation=&raquo;none&raquo;][\/vc_column][\/vc_row][vc_row css=&raquo;.vc_custom_1513082769122{padding-right: 25px !important;padding-left: 25px !important;background-position: center !important;background-repeat: no-repeat !important;background-size: cover !important;}&raquo;][vc_column css=&raquo;.vc_custom_1481535811428{padding-right: 0px !important;padding-left: 0px !important;}&raquo;][vc_empty_space][vc_column_text css_animation=&raquo;fadeInUp&raquo;]<\/p>\n<h1 style=\"text-align: center;\">Abilica trimsykkel<\/h1>\n<h3 style=\"text-align: center;\">Tren opp din kondisjon hjemme p\u00e5 trimsykkel.<\/h3>\n<p>[\/vc_column_text][vc_column_text css_animation=&raquo;fadeInUp&raquo;]<\/p>\n<p style=\"text-align: center;\">Trimsykkelen er det produktet som historisk sett er mest koblet til det med \u00e5 trene hjemme. Alle har erfaring med \u00e5 sykle, og mange syns det er enklere \u00e5 komme i gang med en aktivitet som man er kjent med fra f\u00f8r. For \u00e5 f\u00e5 den beste treningsopplevelsen p\u00e5 trimsykkel er det noen grunnelementer som man b\u00f8r kjenne til. Det er viktig \u00e5 sitte ordentlig n\u00e5r man skal sykle. Kontroller at alle innstillinger som finnes p\u00e5 trimsykkelen gir deg en optimal sittestilling. P\u00e5 displayet kan du lese av ulike verdier som gir deg informasjon om hvordan treningen g\u00e5r. Dette kan v\u00e6re puls, tid, lengde, kalorier osv. Du kan ogs\u00e5 gj\u00f8re en del valg for treningen. Du kan stille inn \u00f8nsket hastighet, motstand, tid osv. P\u00e5 denne m\u00e5ten kommer trimsykkelen til \u00e5 hjelpe deg med \u00e5 holde rett niv\u00e5 p\u00e5 trenings\u00f8kten.<\/p>\n<p>[\/vc_column_text][vc_empty_space][vc_row_inner][vc_column_inner width=&raquo;1\/3&#8243;][\/vc_column_inner][vc_column_inner width=&raquo;1\/3&#8243;][vc_single_image image=&raquo;24108&#8243; img_size=&raquo;full&raquo; alignment=&raquo;center&raquo; style=&raquo;vc_box_rounded&raquo; onclick=&raquo;custom_link&raquo; link=&raquo;https:\/\/abilica.com\/no\/treningsartikler\/kondisjon\/velg-riktig-trimsykkel\/&raquo;][vc_column_text]<\/p>\n<p style=\"text-align: center;\"><a href=\"https:\/\/abilica.com\/no\/treningsartikler\/kondisjon\/velg-riktig-trimsykkel\/\">Velg riktig trimsykkel<\/a><\/p>\n<p>[\/vc_column_text][\/vc_column_inner][vc_column_inner width=&raquo;1\/3&#8243;][\/vc_column_inner][\/vc_row_inner][\/vc_column][\/vc_row][vc_row full_width=&raquo;stretch_row_content&raquo; full_height=&raquo;yes&raquo; css=&raquo;.vc_custom_1512723260251{padding-right: 0px !important;padding-left: 0px !important;background-image: url(https:\/\/abilica.com\/no\/wp-content\/uploads\/2017\/12\/cykel3.jpg?id=21854) !important;background-position: center !important;background-repeat: no-repeat !important;background-size: cover !important;}&raquo;][vc_column css=&raquo;.vc_custom_1481535811428{padding-right: 0px !important;padding-left: 0px !important;}&raquo;][\/vc_column][\/vc_row][vc_row css=&raquo;.vc_custom_1612348525861{padding-right: 0px !important;padding-left: 0px !important;background-position: center !important;background-repeat: no-repeat !important;background-size: cover !important;}&raquo;][vc_column css=&raquo;.vc_custom_1481535811428{padding-right: 0px !important;padding-left: 0px !important;}&raquo;][vc_empty_space][vc_column_text css_animation=&raquo;fadeInUp&raquo;]<\/p>\n<h1 style=\"text-align: center;\">Kj\u00f8p din trimsykkel n\u00e5<\/h1>\n<h3 style=\"text-align: center;\"><\/h3>\n<p>[\/vc_column_text][vc_empty_space][vc_row_inner][vc_column_inner][product_category_mixed per_page=&raquo;3&#8243; columns=&raquo;3&#8243; show_product_details=&raquo;true&raquo; category=&raquo;trimsykkel&raquo;][\/vc_column_inner][\/vc_row_inner][vc_empty_space height=&raquo;90px&raquo;][\/vc_column][\/vc_row][vc_row full_width=&raquo;stretch_row_content&raquo; full_height=&raquo;yes&raquo; css=&raquo;.vc_custom_1512723440903{padding-right: 0px !important;padding-left: 0px !important;background-image: url(https:\/\/abilica.com\/no\/wp-content\/uploads\/2017\/12\/abilica_hjemmetrening_02_11_170664.jpg?id=21862) !important;background-position: center !important;background-repeat: no-repeat !important;background-size: cover !important;}&raquo;][vc_column css=&raquo;.vc_custom_1481535811428{padding-right: 0px !important;padding-left: 0px !important;}&raquo;][\/vc_column][\/vc_row][vc_row full_width=&raquo;stretch_row_content&raquo; css=&raquo;.vc_custom_1511963375926{padding-right: 0px !important;padding-left: 0px !important;background-position: center !important;background-repeat: no-repeat !important;background-size: cover !important;}&raquo;][vc_column css=&raquo;.vc_custom_1481535811428{padding-right: 0px !important;padding-left: 0px !important;}&raquo;][vc_empty_space][vc_column_text css_animation=&raquo;fadeInUp&raquo;]<\/p>\n<h1 style=\"text-align: center;\">Tilbeh\u00f8r til trimsykkelen<\/h1>\n<h3 style=\"text-align: center;\">Gj\u00f8r treningen mer komplett.<\/h3>\n<h3 style=\"text-align: center;\"><\/h3>\n<p>[\/vc_column_text][vc_row_inner][vc_column_inner width=&raquo;1\/4&#8243;]<p class=\"product woocommerce add_to_cart_inline \" style=\"border:4px solid #ccc; padding: 12px;\"><span class=\"woocommerce-Price-amount amount\"><bdi>2.499&nbsp;<span class=\"woocommerce-Price-currencySymbol\">&#107;&#114;<\/span><\/bdi><\/span><a href=\"https:\/\/abilica.com\/sv\/styrka\/abilica-premium-wallbar\/\" aria-describedby=\"woocommerce_loop_add_to_cart_link_describedby_12905\" data-quantity=\"1\" class=\"button product_type_simple\" data-product_id=\"12905\" data-product_sku=\"300827\" aria-label=\"Les mer om \u00abAbilica Premium WallBar ECO\u00bb\" rel=\"nofollow\" data-success_message=\"\">Les mer<\/a>\t<span id=\"woocommerce_loop_add_to_cart_link_describedby_12905\" class=\"screen-reader-text\">\n\t\t\t<\/span>\n<\/p>[\/vc_column_inner][vc_column_inner width=&raquo;1\/4&#8243;][product_mod id=&raquo;2542&#8243;][\/vc_column_inner][vc_column_inner width=&raquo;1\/4&#8243;][product_mod id=&raquo;2351&#8243;][\/vc_column_inner][vc_column_inner width=&raquo;1\/4&#8243;][product_mod id=&raquo;19358&#8243;][\/vc_column_inner][\/vc_row_inner][vc_empty_space height=&raquo;62px&raquo;][\/vc_column][\/vc_row][vc_row full_width=&raquo;stretch_row_content&raquo; full_height=&raquo;yes&raquo; css=&raquo;.vc_custom_1512723451500{padding-right: 0px !important;padding-left: 0px !important;background-image: url(https:\/\/abilica.com\/no\/wp-content\/uploads\/2017\/12\/cykel4.jpg?id=21855) !important;background-position: center !important;background-repeat: no-repeat !important;background-size: cover !important;}&raquo;][vc_column css=&raquo;.vc_custom_1481535811428{padding-right: 0px !important;padding-left: 0px !important;}&raquo;][\/vc_column][\/vc_row][vc_row css=&raquo;.vc_custom_1513082824045{padding-right: 25px !important;padding-left: 25px !important;background-position: center !important;background-repeat: no-repeat !important;background-size: cover !important;}&raquo;][vc_column css=&raquo;.vc_custom_1481535811428{padding-right: 0px !important;padding-left: 0px !important;}&raquo;][vc_empty_space][vc_column_text css_animation=&raquo;fadeInUp&raquo;]<\/p>\n<h1 style=\"text-align: center;\">Abilica Stream<\/h1>\n<h3 style=\"text-align: center;\">Sykle hvor du vil, n\u00e5r du vil.<\/h3>\n<p>[\/vc_column_text][vc_column_text css_animation=&raquo;fadeInUp&raquo;]<\/p>\n<h3 style=\"text-align: center;\"><a href=\"https:\/\/abilica.com\/no\/wp-content\/uploads\/2017\/12\/Abilica-on-all-devices-1.jpg\"><img loading=\"lazy\" decoding=\"async\" class=\"alignnone size-full wp-image-21790\" src=\"https:\/\/abilica.com\/no\/wp-content\/uploads\/2017\/12\/Abilica-on-all-devices-1.jpg\" alt=\"\" width=\"1950\" height=\"1200\" srcset=\"https:\/\/abilica.com\/wp-content\/uploads\/2017\/12\/Abilica-on-all-devices-1.jpg 1950w, https:\/\/abilica.com\/wp-content\/uploads\/2017\/12\/Abilica-on-all-devices-1-500x308.jpg 500w, https:\/\/abilica.com\/wp-content\/uploads\/2017\/12\/Abilica-on-all-devices-1-960x591.jpg 960w, https:\/\/abilica.com\/wp-content\/uploads\/2017\/12\/Abilica-on-all-devices-1-300x185.jpg 300w, https:\/\/abilica.com\/wp-content\/uploads\/2017\/12\/Abilica-on-all-devices-1-768x473.jpg 768w, https:\/\/abilica.com\/wp-content\/uploads\/2017\/12\/Abilica-on-all-devices-1-1024x630.jpg 1024w\" sizes=\"auto, (max-width: 1950px) 100vw, 1950px\" \/><\/a><\/h3>\n<h3 style=\"text-align: center;\">Tren mer og bedre med tr\u00e5dl\u00f8s teknologi.<\/h3>\n<p style=\"text-align: center;\">Med hjelp av Bluetooth kobles Abilica Stream-maskinene tr\u00e5dl\u00f8st til ditt nettbrett eller smart phone og \u00e5pner opp en helt ny verden av muligheter.Du velger selv din treningsl\u00f8ype i Google Maps og via Google Street View f\u00e5r du f\u00f8lelsen av \u00e5 v\u00e6re p\u00e5 plass. Abilica Stream justerer motstanden eller stigningen automatisk for \u00e5 simulere forandringer i terrenget.<\/p>\n<p style=\"text-align: center;\">Bytt ut morgentreningen en gr\u00e5 hverdag med strandpromenaden i Thailand eller test ut New York Marathon.<\/p>\n<p>[\/vc_column_text][\/vc_column][\/vc_row][vc_row css=&raquo;.vc_custom_1511944579961{padding-right: 0px !important;padding-left: 0px !important;background-position: center !important;background-repeat: no-repeat !important;background-size: cover !important;}&raquo;][vc_column css=&raquo;.vc_custom_1481535811428{padding-right: 0px !important;padding-left: 0px !important;}&raquo;][vc_btn title=&raquo;Les mer om Abilica Stream&raquo; style=&raquo;flat&raquo; color=&raquo;inverse&raquo; align=&raquo;center&raquo; i_icon_fontawesome=&raquo;fa fa-bluetooth-b&raquo; css_animation=&raquo;fadeInUp&raquo; add_icon=&raquo;true&raquo; link=&raquo;url:https%3A%2F%2Fabilica.com\/no%2Fabilica-stream%2F|||&raquo;][vc_empty_space][vc_empty_space][\/vc_column][\/vc_row][vc_row full_width=&raquo;stretch_row_content&raquo; full_height=&raquo;yes&raquo; css=&raquo;.vc_custom_1512723472954{padding-right: 0px !important;padding-left: 0px !important;background-image: url(https:\/\/abilica.com\/no\/wp-content\/uploads\/2017\/12\/cykel1.jpg?id=21852) !important;background-position: center !important;background-repeat: no-repeat !important;background-size: cover !important;}&raquo;][vc_column css=&raquo;.vc_custom_1481535811428{padding-right: 0px !important;padding-left: 0px !important;}&raquo;][\/vc_column][\/vc_row]<\/p>\n<\/div>","protected":false},"excerpt":{"rendered":"<p>[vc_row full_width=&raquo;stretch_row_content&raquo; full_height=&raquo;yes&raquo; columns_placement=&raquo;bottom&raquo; content_placement=&raquo;bottom&raquo; css=&raquo;.vc_custom_1512723071644{padding-right: 0px !important;padding-left: 0px !important;background-image: url(https:\/\/abilica.com\/no\/wp-content\/uploads\/2017\/12\/cykel2.jpg?id=21853) !important;background-position: center !important;background-repeat: no-repeat&#8230;<\/p>\n","protected":false},"author":13,"featured_media":0,"parent":0,"menu_order":0,"comment_status":"closed","ping_status":"closed","template":"","meta":{"_acf_changed":false,"footnotes":""},"class_list":["post-31812","page","type-page","status-publish","hentry"],"acf":[],"yoast_head":"<!-- This site is optimized with the Yoast SEO Premium plugin v21.1 (Yoast SEO v25.4) - https:\/\/yoast.com\/wordpress\/plugins\/seo\/ -->\n<title>Abilica Cycle &#8226; Abilica<\/title>\n<meta name=\"robots\" content=\"index, follow, max-snippet:-1, max-image-preview:large, max-video-preview:-1\" \/>\n<link rel=\"canonical\" href=\"https:\/\/abilica.com\/no\/abilica-cycle\/\" \/>\n<meta property=\"og:locale\" content=\"nb_NO\" \/>\n<meta property=\"og:type\" content=\"article\" \/>\n<meta property=\"og:title\" content=\"Abilica Cycle\" \/>\n<meta property=\"og:description\" content=\"[vc_row full_width=&raquo;stretch_row_content&raquo; full_height=&raquo;yes&raquo; columns_placement=&raquo;bottom&raquo; content_placement=&raquo;bottom&raquo; css=&raquo;.vc_custom_1512723071644{padding-right: 0px !important;padding-left: 0px !important;background-image: url(https:\/\/abilica.com\/no\/wp-content\/uploads\/2017\/12\/cykel2.jpg?id=21853) !important;background-position: center !important;background-repeat: no-repeat...\" \/>\n<meta property=\"og:url\" content=\"https:\/\/abilica.com\/no\/abilica-cycle\/\" \/>\n<meta property=\"og:site_name\" content=\"Abilica\" \/>\n<meta property=\"article:publisher\" content=\"https:\/\/www.facebook.com\/abilicahometraining\/\" \/>\n<meta property=\"article:modified_time\" content=\"2025-09-15T07:08:10+00:00\" \/>\n<meta property=\"og:image\" content=\"https:\/\/abilica.com\/no\/wp-content\/uploads\/2017\/12\/Abilica-on-all-devices-1.jpg\" \/>\n<meta name=\"twitter:card\" content=\"summary_large_image\" \/>\n<meta name=\"twitter:label1\" content=\"Ansl. lesetid\" \/>\n\t<meta name=\"twitter:data1\" content=\"3 minutter\" \/>\n<script type=\"application\/ld+json\" class=\"yoast-schema-graph\">{\"@context\":\"https:\/\/schema.org\",\"@graph\":[{\"@type\":\"WebPage\",\"@id\":\"https:\/\/abilica.com\/no\/abilica-cycle\/\",\"url\":\"https:\/\/abilica.com\/no\/abilica-cycle\/\",\"name\":\"Abilica Cycle &#8226; Abilica\",\"isPartOf\":{\"@id\":\"https:\/\/abilica.com\/#website\"},\"primaryImageOfPage\":{\"@id\":\"https:\/\/abilica.com\/no\/abilica-cycle\/#primaryimage\"},\"image\":{\"@id\":\"https:\/\/abilica.com\/no\/abilica-cycle\/#primaryimage\"},\"thumbnailUrl\":\"https:\/\/abilica.com\/no\/wp-content\/uploads\/2017\/12\/Abilica-on-all-devices-1.jpg\",\"datePublished\":\"2023-07-30T18:45:00+00:00\",\"dateModified\":\"2025-09-15T07:08:10+00:00\",\"breadcrumb\":{\"@id\":\"https:\/\/abilica.com\/no\/abilica-cycle\/#breadcrumb\"},\"inLanguage\":\"nb-NO\",\"potentialAction\":[{\"@type\":\"ReadAction\",\"target\":[\"https:\/\/abilica.com\/no\/abilica-cycle\/\"]}]},{\"@type\":\"ImageObject\",\"inLanguage\":\"nb-NO\",\"@id\":\"https:\/\/abilica.com\/no\/abilica-cycle\/#primaryimage\",\"url\":\"https:\/\/abilica.com\/no\/wp-content\/uploads\/2017\/12\/Abilica-on-all-devices-1.jpg\",\"contentUrl\":\"https:\/\/abilica.com\/no\/wp-content\/uploads\/2017\/12\/Abilica-on-all-devices-1.jpg\"},{\"@type\":\"BreadcrumbList\",\"@id\":\"https:\/\/abilica.com\/no\/abilica-cycle\/#breadcrumb\",\"itemListElement\":[{\"@type\":\"ListItem\",\"position\":1,\"name\":\"Hem\",\"item\":\"https:\/\/abilica.com\/no\/\"},{\"@type\":\"ListItem\",\"position\":2,\"name\":\"Abilica Cycle\"}]},{\"@type\":\"WebSite\",\"@id\":\"https:\/\/abilica.com\/#website\",\"url\":\"https:\/\/abilica.com\/\",\"name\":\"Abilica\",\"description\":\"Abilica Home Training\",\"potentialAction\":[{\"@type\":\"SearchAction\",\"target\":{\"@type\":\"EntryPoint\",\"urlTemplate\":\"https:\/\/abilica.com\/?s={search_term_string}\"},\"query-input\":{\"@type\":\"PropertyValueSpecification\",\"valueRequired\":true,\"valueName\":\"search_term_string\"}}],\"inLanguage\":\"nb-NO\"}]}<\/script>\n<!-- \/ Yoast SEO Premium plugin. -->","yoast_head_json":{"title":"Abilica Cycle &#8226; Abilica","robots":{"index":"index","follow":"follow","max-snippet":"max-snippet:-1","max-image-preview":"max-image-preview:large","max-video-preview":"max-video-preview:-1"},"canonical":"https:\/\/abilica.com\/no\/abilica-cycle\/","og_locale":"nb_NO","og_type":"article","og_title":"Abilica Cycle","og_description":"[vc_row full_width=&raquo;stretch_row_content&raquo; full_height=&raquo;yes&raquo; columns_placement=&raquo;bottom&raquo; content_placement=&raquo;bottom&raquo; css=&raquo;.vc_custom_1512723071644{padding-right: 0px !important;padding-left: 0px !important;background-image: url(https:\/\/abilica.com\/no\/wp-content\/uploads\/2017\/12\/cykel2.jpg?id=21853) !important;background-position: center !important;background-repeat: no-repeat...","og_url":"https:\/\/abilica.com\/no\/abilica-cycle\/","og_site_name":"Abilica","article_publisher":"https:\/\/www.facebook.com\/abilicahometraining\/","article_modified_time":"2025-09-15T07:08:10+00:00","og_image":[{"url":"https:\/\/abilica.com\/no\/wp-content\/uploads\/2017\/12\/Abilica-on-all-devices-1.jpg","type":"","width":"","height":""}],"twitter_card":"summary_large_image","twitter_misc":{"Ansl. lesetid":"3 minutter"},"schema":{"@context":"https:\/\/schema.org","@graph":[{"@type":"WebPage","@id":"https:\/\/abilica.com\/no\/abilica-cycle\/","url":"https:\/\/abilica.com\/no\/abilica-cycle\/","name":"Abilica Cycle &#8226; Abilica","isPartOf":{"@id":"https:\/\/abilica.com\/#website"},"primaryImageOfPage":{"@id":"https:\/\/abilica.com\/no\/abilica-cycle\/#primaryimage"},"image":{"@id":"https:\/\/abilica.com\/no\/abilica-cycle\/#primaryimage"},"thumbnailUrl":"https:\/\/abilica.com\/no\/wp-content\/uploads\/2017\/12\/Abilica-on-all-devices-1.jpg","datePublished":"2023-07-30T18:45:00+00:00","dateModified":"2025-09-15T07:08:10+00:00","breadcrumb":{"@id":"https:\/\/abilica.com\/no\/abilica-cycle\/#breadcrumb"},"inLanguage":"nb-NO","potentialAction":[{"@type":"ReadAction","target":["https:\/\/abilica.com\/no\/abilica-cycle\/"]}]},{"@type":"ImageObject","inLanguage":"nb-NO","@id":"https:\/\/abilica.com\/no\/abilica-cycle\/#primaryimage","url":"https:\/\/abilica.com\/no\/wp-content\/uploads\/2017\/12\/Abilica-on-all-devices-1.jpg","contentUrl":"https:\/\/abilica.com\/no\/wp-content\/uploads\/2017\/12\/Abilica-on-all-devices-1.jpg"},{"@type":"BreadcrumbList","@id":"https:\/\/abilica.com\/no\/abilica-cycle\/#breadcrumb","itemListElement":[{"@type":"ListItem","position":1,"name":"Hem","item":"https:\/\/abilica.com\/no\/"},{"@type":"ListItem","position":2,"name":"Abilica Cycle"}]},{"@type":"WebSite","@id":"https:\/\/abilica.com\/#website","url":"https:\/\/abilica.com\/","name":"Abilica","description":"Abilica Home Training","potentialAction":[{"@type":"SearchAction","target":{"@type":"EntryPoint","urlTemplate":"https:\/\/abilica.com\/?s={search_term_string}"},"query-input":{"@type":"PropertyValueSpecification","valueRequired":true,"valueName":"search_term_string"}}],"inLanguage":"nb-NO"}]}},"_links":{"self":[{"href":"https:\/\/abilica.com\/no\/wp-json\/wp\/v2\/pages\/31812","targetHints":{"allow":["GET"]}}],"collection":[{"href":"https:\/\/abilica.com\/no\/wp-json\/wp\/v2\/pages"}],"about":[{"href":"https:\/\/abilica.com\/no\/wp-json\/wp\/v2\/types\/page"}],"author":[{"embeddable":true,"href":"https:\/\/abilica.com\/no\/wp-json\/wp\/v2\/users\/13"}],"replies":[{"embeddable":true,"href":"https:\/\/abilica.com\/no\/wp-json\/wp\/v2\/comments?post=31812"}],"version-history":[{"count":2,"href":"https:\/\/abilica.com\/no\/wp-json\/wp\/v2\/pages\/31812\/revisions"}],"predecessor-version":[{"id":69021,"href":"https:\/\/abilica.com\/no\/wp-json\/wp\/v2\/pages\/31812\/revisions\/69021"}],"wp:attachment":[{"href":"https:\/\/abilica.com\/no\/wp-json\/wp\/v2\/media?parent=31812"}],"curies":[{"name":"wp","href":"https:\/\/api.w.org\/{rel}","templated":true}]}}