{"id":31823,"date":"2023-07-21T09:31:15","date_gmt":"2023-07-21T08:31:15","guid":{"rendered":"https:\/\/abilica.com\/?page_id=31823"},"modified":"2023-07-21T09:31:15","modified_gmt":"2023-07-21T08:31:15","slug":"abilica-foamroller","status":"publish","type":"page","link":"https:\/\/abilica.com\/no\/abilica-foamroller\/","title":{"rendered":"Abilica FoamRoller"},"content":{"rendered":"<div class=\"wpb-content-wrapper\"><p>[vc_row full_width=&raquo;stretch_row_content&raquo; full_height=&raquo;yes&raquo; columns_placement=&raquo;bottom&raquo; content_placement=&raquo;bottom&raquo; css=&raquo;.vc_custom_1512398373459{padding-right: 0px !important;padding-left: 0px !important;background-image: url(https:\/\/abilica.com\/no\/wp-content\/uploads\/2017\/12\/foam1-1.jpg?id=21737) !important;background-position: center !important;background-repeat: no-repeat !important;background-size: cover !important;}&raquo;][vc_column css=&raquo;.vc_custom_1481535811428{padding-right: 0px !important;padding-left: 0px !important;}&raquo;][vc_column_text]<\/p>\n<h2 style=\"text-align: center;\">L\u00e4s mer om tr\u00e4ning med foamroller<\/h2>\n<p>[\/vc_column_text][vc_icon icon_fontawesome=&raquo;fa fa-angle-down&raquo; color=&raquo;black&raquo; size=&raquo;xl&raquo; align=&raquo;center&raquo; css_animation=&raquo;none&raquo;][\/vc_column][\/vc_row][vc_row css=&raquo;.vc_custom_1513083009584{padding-right: 25px !important;padding-left: 25px !important;background-position: center !important;background-repeat: no-repeat !important;background-size: cover !important;}&raquo;][vc_column css=&raquo;.vc_custom_1481535811428{padding-right: 0px !important;padding-left: 0px !important;}&raquo;][vc_empty_space][vc_column_text css_animation=&raquo;fadeInUp&raquo;]<\/p>\n<h1 style=\"text-align: center;\">Abilica FoamRoller<\/h1>\n<h3 style=\"text-align: center;\">Perfekt f\u00f6r restitution och \u00e5terh\u00e4mtning.<\/h3>\n<p>[\/vc_column_text][vc_column_text css_animation=&raquo;fadeInUp&raquo;]<\/p>\n<p style=\"text-align: center;\">Foam roller \u00e4r en produkt som verkligen har varit het p\u00e5 senare tid. M\u00e5nga har insett att det \u00e4r viktigt med bra \u00e5terh\u00e4mtning och att du kan lossna upp styva muskler p\u00e5 ett mycket bra s\u00e4tt med en foam roller. Den kan anv\u00e4ndas f\u00f6r b\u00e5de uppv\u00e4rmning och \u00e5terh\u00e4mtning. Om du inte har anv\u00e4nt en foam roller tidigare kommer du enkelt att hitta utl\u00f6sningspunkter eller muskelknuter som du kan arbeta med. I b\u00f6rjan kan detta vara mycket sm\u00e4rtsamt, men som du regelbundet anv\u00e4nder foamrollern kommer du att m\u00e4rka framsteg. N\u00e4r du anv\u00e4nder en foam roller kommer du f\u00f6rst att \u00f6ka blodcirkulationen i det omr\u00e5de du arbetar med, men du \u00f6kar ocks\u00e5 cirkulationen i resten av kroppen. Detta beror p\u00e5 att du behandlar kroppens muskler och bindv\u00e4v.<\/p>\n<p>[\/vc_column_text][vc_empty_space height=&raquo;72px&raquo;][\/vc_column][\/vc_row][vc_row full_width=&raquo;stretch_row_content&raquo; full_height=&raquo;yes&raquo; css=&raquo;.vc_custom_1512131304801{padding-right: 0px !important;padding-left: 0px !important;background-image: url(https:\/\/abilica.com\/no\/wp-content\/uploads\/2017\/12\/abilica_hjemmetrening_02_11_170908.jpg?id=21663) !important;background-position: center !important;background-repeat: no-repeat !important;background-size: cover !important;}&raquo;][vc_column css=&raquo;.vc_custom_1481535811428{padding-right: 0px !important;padding-left: 0px !important;}&raquo;][\/vc_column][\/vc_row][vc_row full_width=&raquo;stretch_row_content&raquo; css=&raquo;.vc_custom_1512052917623{padding-right: 0px !important;padding-left: 0px !important;background-position: center !important;background-repeat: no-repeat !important;background-size: cover !important;}&raquo;][vc_column css=&raquo;.vc_custom_1481535811428{padding-right: 0px !important;padding-left: 0px !important;}&raquo;][vc_empty_space][vc_column_text css_animation=&raquo;fadeInUp&raquo;]<\/p>\n<h1 style=\"text-align: center;\">K\u00f6p din foam roller nu<\/h1>\n<h3 style=\"text-align: center;\"><\/h3>\n<p>[\/vc_column_text][vc_row_inner][vc_column_inner width=&raquo;1\/3&#8243;][product_mod id=&raquo;19279&#8243;][\/vc_column_inner][vc_column_inner width=&raquo;1\/3&#8243;][product_mod id=&raquo;2584&#8243;][\/vc_column_inner][vc_column_inner width=&raquo;1\/3&#8243;][product_mod id=&raquo;2447&#8243;][\/vc_column_inner][\/vc_row_inner][vc_empty_space height=&raquo;92px&raquo;][\/vc_column][\/vc_row][vc_row full_width=&raquo;stretch_row_content&raquo; full_height=&raquo;yes&raquo; css=&raquo;.vc_custom_1512131453371{padding-right: 0px !important;padding-left: 0px !important;background-image: url(https:\/\/abilica.com\/no\/wp-content\/uploads\/2017\/12\/foam1.jpg?id=21665) !important;background-position: center !important;background-repeat: no-repeat !important;background-size: cover !important;}&raquo;][vc_column css=&raquo;.vc_custom_1481535811428{padding-right: 0px !important;padding-left: 0px !important;}&raquo;][\/vc_column][\/vc_row][vc_row css=&raquo;.vc_custom_1513083067086{padding-right: 25px !important;padding-left: 25px !important;background-position: center !important;background-repeat: no-repeat !important;background-size: cover !important;}&raquo;][vc_column css=&raquo;.vc_custom_1481535811428{padding-right: 0px !important;padding-left: 0px !important;}&raquo;][vc_empty_space][vc_column_text css_animation=&raquo;fadeInUp&raquo;]<\/p>\n<h1 style=\"text-align: center;\">\u00d6vningar<\/h1>\n<h3 style=\"text-align: center;\">Tr\u00e4ningsprogram till Abilica FoamRoller.<\/h3>\n<p>[\/vc_column_text][vc_column_text css_animation=&raquo;fadeInUp&raquo;]<\/p>\n<p style=\"text-align: center;\">Os\u00e4ker p\u00e5 vilka \u00f6vningar du kan g\u00f6ra med foam roller? I v\u00e5rat tr\u00e4ningsprogram hittar du flera \u00f6vningar som du kan g\u00f6ra med din foam roller.<\/p>\n<p>[\/vc_column_text][\/vc_column][\/vc_row][vc_row full_width=&raquo;stretch_row_content_no_spaces&raquo; css=&raquo;.vc_custom_1511946339903{padding-right: 0px !important;padding-left: 0px !important;background-position: center !important;background-repeat: no-repeat !important;background-size: cover !important;}&raquo;][vc_column css=&raquo;.vc_custom_1481535811428{padding-right: 0px !important;padding-left: 0px !important;}&raquo;][vc_single_image image=&raquo;21669&#8243; img_size=&raquo;full&raquo; alignment=&raquo;center&raquo; css_animation=&raquo;fadeInUp&raquo;][\/vc_column][\/vc_row][vc_row css=&raquo;.vc_custom_1511944579961{padding-right: 0px !important;padding-left: 0px !important;background-position: center !important;background-repeat: no-repeat !important;background-size: cover !important;}&raquo;][vc_column css=&raquo;.vc_custom_1481535811428{padding-right: 0px !important;padding-left: 0px !important;}&raquo;][vc_btn title=&raquo;Se hela tr\u00e4ningsprogrammet&raquo; style=&raquo;flat&raquo; color=&raquo;danger&raquo; align=&raquo;center&raquo; i_icon_fontawesome=&raquo;fa fa-file-pdf-o&raquo; css_animation=&raquo;fadeInUp&raquo; add_icon=&raquo;true&raquo; link=&raquo;url:https%3A%2F%2Fabilica.com\/no%2Ftreningsprogram%2Ftreningsprogram-abilica-foamroller%2F|||&raquo;][vc_empty_space][vc_empty_space][\/vc_column][\/vc_row][vc_row full_width=&raquo;stretch_row_content&raquo; full_height=&raquo;yes&raquo; css=&raquo;.vc_custom_1512131469044{padding-right: 0px !important;padding-left: 0px !important;background-image: url(https:\/\/abilica.com\/no\/wp-content\/uploads\/2017\/12\/foam2.jpg?id=21666) !important;background-position: center !important;background-repeat: no-repeat !important;background-size: cover !important;}&raquo;][vc_column css=&raquo;.vc_custom_1481535811428{padding-right: 0px !important;padding-left: 0px !important;}&raquo;][\/vc_column][\/vc_row]<\/p>\n<\/div>","protected":false},"excerpt":{"rendered":"<p>[vc_row full_width=&raquo;stretch_row_content&raquo; full_height=&raquo;yes&raquo; columns_placement=&raquo;bottom&raquo; content_placement=&raquo;bottom&raquo; css=&raquo;.vc_custom_1512398373459{padding-right: 0px !important;padding-left: 0px !important;background-image: url(https:\/\/abilica.com\/no\/wp-content\/uploads\/2017\/12\/foam1-1.jpg?id=21737) !important;background-position: center !important;background-repeat: no-repeat&#8230;<\/p>\n","protected":false},"author":13,"featured_media":0,"parent":0,"menu_order":0,"comment_status":"closed","ping_status":"closed","template":"","meta":{"_acf_changed":false,"footnotes":""},"class_list":["post-31823","page","type-page","status-publish","hentry"],"acf":[],"yoast_head":"<!-- This site is optimized with the Yoast SEO Premium plugin v21.1 (Yoast SEO v25.4) - https:\/\/yoast.com\/wordpress\/plugins\/seo\/ -->\n<title>Abilica FoamRoller &#8226; Abilica<\/title>\n<meta name=\"robots\" content=\"index, follow, max-snippet:-1, max-image-preview:large, max-video-preview:-1\" \/>\n<link rel=\"canonical\" href=\"https:\/\/abilica.com\/no\/abilica-foamroller\/\" \/>\n<meta property=\"og:locale\" content=\"nb_NO\" \/>\n<meta property=\"og:type\" content=\"article\" \/>\n<meta property=\"og:title\" content=\"Abilica FoamRoller\" \/>\n<meta property=\"og:description\" content=\"[vc_row full_width=&raquo;stretch_row_content&raquo; full_height=&raquo;yes&raquo; columns_placement=&raquo;bottom&raquo; content_placement=&raquo;bottom&raquo; css=&raquo;.vc_custom_1512398373459{padding-right: 0px !important;padding-left: 0px !important;background-image: url(https:\/\/abilica.com\/no\/wp-content\/uploads\/2017\/12\/foam1-1.jpg?id=21737) !important;background-position: center !important;background-repeat: no-repeat...\" \/>\n<meta property=\"og:url\" content=\"https:\/\/abilica.com\/no\/abilica-foamroller\/\" \/>\n<meta property=\"og:site_name\" content=\"Abilica\" \/>\n<meta property=\"article:publisher\" content=\"https:\/\/www.facebook.com\/abilicahometraining\/\" \/>\n<meta name=\"twitter:card\" content=\"summary_large_image\" \/>\n<meta name=\"twitter:label1\" content=\"Ansl. lesetid\" \/>\n\t<meta name=\"twitter:data1\" content=\"4 minutter\" \/>\n<script type=\"application\/ld+json\" class=\"yoast-schema-graph\">{\"@context\":\"https:\/\/schema.org\",\"@graph\":[{\"@type\":\"WebPage\",\"@id\":\"https:\/\/abilica.com\/no\/abilica-foamroller\/\",\"url\":\"https:\/\/abilica.com\/no\/abilica-foamroller\/\",\"name\":\"Abilica FoamRoller &#8226; Abilica\",\"isPartOf\":{\"@id\":\"https:\/\/abilica.com\/#website\"},\"datePublished\":\"2023-07-21T08:31:15+00:00\",\"breadcrumb\":{\"@id\":\"https:\/\/abilica.com\/no\/abilica-foamroller\/#breadcrumb\"},\"inLanguage\":\"nb-NO\",\"potentialAction\":[{\"@type\":\"ReadAction\",\"target\":[\"https:\/\/abilica.com\/no\/abilica-foamroller\/\"]}]},{\"@type\":\"BreadcrumbList\",\"@id\":\"https:\/\/abilica.com\/no\/abilica-foamroller\/#breadcrumb\",\"itemListElement\":[{\"@type\":\"ListItem\",\"position\":1,\"name\":\"Hem\",\"item\":\"https:\/\/abilica.com\/no\/\"},{\"@type\":\"ListItem\",\"position\":2,\"name\":\"Abilica FoamRoller\"}]},{\"@type\":\"WebSite\",\"@id\":\"https:\/\/abilica.com\/#website\",\"url\":\"https:\/\/abilica.com\/\",\"name\":\"Abilica\",\"description\":\"Abilica Home Training\",\"potentialAction\":[{\"@type\":\"SearchAction\",\"target\":{\"@type\":\"EntryPoint\",\"urlTemplate\":\"https:\/\/abilica.com\/?s={search_term_string}\"},\"query-input\":{\"@type\":\"PropertyValueSpecification\",\"valueRequired\":true,\"valueName\":\"search_term_string\"}}],\"inLanguage\":\"nb-NO\"}]}<\/script>\n<!-- \/ Yoast SEO Premium plugin. -->","yoast_head_json":{"title":"Abilica FoamRoller &#8226; Abilica","robots":{"index":"index","follow":"follow","max-snippet":"max-snippet:-1","max-image-preview":"max-image-preview:large","max-video-preview":"max-video-preview:-1"},"canonical":"https:\/\/abilica.com\/no\/abilica-foamroller\/","og_locale":"nb_NO","og_type":"article","og_title":"Abilica FoamRoller","og_description":"[vc_row full_width=&raquo;stretch_row_content&raquo; full_height=&raquo;yes&raquo; columns_placement=&raquo;bottom&raquo; content_placement=&raquo;bottom&raquo; css=&raquo;.vc_custom_1512398373459{padding-right: 0px !important;padding-left: 0px !important;background-image: url(https:\/\/abilica.com\/no\/wp-content\/uploads\/2017\/12\/foam1-1.jpg?id=21737) !important;background-position: center !important;background-repeat: no-repeat...","og_url":"https:\/\/abilica.com\/no\/abilica-foamroller\/","og_site_name":"Abilica","article_publisher":"https:\/\/www.facebook.com\/abilicahometraining\/","twitter_card":"summary_large_image","twitter_misc":{"Ansl. lesetid":"4 minutter"},"schema":{"@context":"https:\/\/schema.org","@graph":[{"@type":"WebPage","@id":"https:\/\/abilica.com\/no\/abilica-foamroller\/","url":"https:\/\/abilica.com\/no\/abilica-foamroller\/","name":"Abilica FoamRoller &#8226; Abilica","isPartOf":{"@id":"https:\/\/abilica.com\/#website"},"datePublished":"2023-07-21T08:31:15+00:00","breadcrumb":{"@id":"https:\/\/abilica.com\/no\/abilica-foamroller\/#breadcrumb"},"inLanguage":"nb-NO","potentialAction":[{"@type":"ReadAction","target":["https:\/\/abilica.com\/no\/abilica-foamroller\/"]}]},{"@type":"BreadcrumbList","@id":"https:\/\/abilica.com\/no\/abilica-foamroller\/#breadcrumb","itemListElement":[{"@type":"ListItem","position":1,"name":"Hem","item":"https:\/\/abilica.com\/no\/"},{"@type":"ListItem","position":2,"name":"Abilica FoamRoller"}]},{"@type":"WebSite","@id":"https:\/\/abilica.com\/#website","url":"https:\/\/abilica.com\/","name":"Abilica","description":"Abilica Home Training","potentialAction":[{"@type":"SearchAction","target":{"@type":"EntryPoint","urlTemplate":"https:\/\/abilica.com\/?s={search_term_string}"},"query-input":{"@type":"PropertyValueSpecification","valueRequired":true,"valueName":"search_term_string"}}],"inLanguage":"nb-NO"}]}},"_links":{"self":[{"href":"https:\/\/abilica.com\/no\/wp-json\/wp\/v2\/pages\/31823","targetHints":{"allow":["GET"]}}],"collection":[{"href":"https:\/\/abilica.com\/no\/wp-json\/wp\/v2\/pages"}],"about":[{"href":"https:\/\/abilica.com\/no\/wp-json\/wp\/v2\/types\/page"}],"author":[{"embeddable":true,"href":"https:\/\/abilica.com\/no\/wp-json\/wp\/v2\/users\/13"}],"replies":[{"embeddable":true,"href":"https:\/\/abilica.com\/no\/wp-json\/wp\/v2\/comments?post=31823"}],"version-history":[{"count":1,"href":"https:\/\/abilica.com\/no\/wp-json\/wp\/v2\/pages\/31823\/revisions"}],"predecessor-version":[{"id":31824,"href":"https:\/\/abilica.com\/no\/wp-json\/wp\/v2\/pages\/31823\/revisions\/31824"}],"wp:attachment":[{"href":"https:\/\/abilica.com\/no\/wp-json\/wp\/v2\/media?parent=31823"}],"curies":[{"name":"wp","href":"https:\/\/api.w.org\/{rel}","templated":true}]}}