{"id":31827,"date":"2023-07-21T09:32:14","date_gmt":"2023-07-21T08:32:14","guid":{"rendered":"https:\/\/abilica.com\/?page_id=31827"},"modified":"2023-07-21T09:32:14","modified_gmt":"2023-07-21T08:32:14","slug":"abilica-gymmat","status":"publish","type":"page","link":"https:\/\/abilica.com\/no\/abilica-gymmat\/","title":{"rendered":"Abilica GymMat"},"content":{"rendered":"<div class=\"wpb-content-wrapper\"><p>[vc_row full_width=&raquo;stretch_row_content&raquo; full_height=&raquo;yes&raquo; columns_placement=&raquo;bottom&raquo; content_placement=&raquo;bottom&raquo; css=&raquo;.vc_custom_1587457132654{padding-right: 0px !important;padding-left: 0px !important;background-image: url(https:\/\/abilica.com\/no\/wp-content\/uploads\/2020\/04\/matte.jpg?id=32094) !important;background-position: center !important;background-repeat: no-repeat !important;background-size: cover !important;}&raquo;][vc_column css=&raquo;.vc_custom_1481535811428{padding-right: 0px !important;padding-left: 0px !important;}&raquo;][vc_column_text]<\/p>\n<h2 style=\"text-align: center;\"><span style=\"color: #ffffff;\">Les mer om trening med treningsmatte<\/span><\/h2>\n<p>[\/vc_column_text][vc_icon icon_fontawesome=&raquo;fa fa-angle-down&raquo; color=&raquo;white&raquo; size=&raquo;xl&raquo; align=&raquo;center&raquo; css_animation=&raquo;none&raquo;][\/vc_column][\/vc_row][vc_row css=&raquo;.vc_custom_1513084274915{padding-right: 25px !important;padding-left: 25px !important;background-position: center !important;background-repeat: no-repeat !important;background-size: cover !important;}&raquo;][vc_column css=&raquo;.vc_custom_1481535811428{padding-right: 0px !important;padding-left: 0px !important;}&raquo;][vc_empty_space][vc_column_text css_animation=&raquo;fadeInUp&raquo;]<\/p>\n<h1 style=\"text-align: center;\">Abilica GymMat<\/h1>\n<h3 style=\"text-align: center;\">Tren styrke med egen kroppsvekt.<\/h3>\n<p>[\/vc_column_text][vc_column_text css_animation=&raquo;fadeInUp&raquo;]<\/p>\n<p style=\"text-align: center;\">Trening med egen kroppsvekt er noe som har kommet mer og mer de siste \u00e5rene. Treningen krever ikke mye utstyr og er enkelt \u00e5 gj\u00f8re uansett om du er hjemme i stua eller p\u00e5 ferie. Alt du egentlig trenger er en treningsmatte. Treningsmattene f\u00e5r du i flere tykkelser og st\u00f8rrelser og de er lette \u00e5 ta med seg. N\u00e5r du trener med din egen kroppsvekt bygger du opp en naturlig styrke og du trener hele kroppen, ogs\u00e5 st\u00f8tte- og kjernemuskulaturen som er vanskelig \u00e5 trene p\u00e5 store maskiner p\u00e5 treningssenteret. Trener du med egen kroppsvekt b\u00f8r du kj\u00f8re maksimalt med repetisjoner. En bra m\u00e5te \u00e5 legge opp treningen p\u00e5 er \u00e5 gj\u00f8re den intervallbasert. For eksempel kan du kj\u00f8re \u00f8velsene i ett minutt og siden hvile i ett minutt. Du finner raskt ut hva som passer deg best. Har du en treningspartner kan dere pushe hverandre slik at dere f\u00e5r det beste ut av hver \u00f8velse.<\/p>\n<p>[\/vc_column_text][vc_empty_space][vc_row_inner][vc_column_inner width=&raquo;1\/3&#8243;][\/vc_column_inner][vc_column_inner width=&raquo;1\/3&#8243;][vc_single_image image=&raquo;28496&#8243; img_size=&raquo;full&raquo; alignment=&raquo;center&raquo; style=&raquo;vc_box_rounded&raquo; onclick=&raquo;custom_link&raquo; link=&raquo;https:\/\/abilica.com\/no\/treningsartikler\/styrke\/tren-styrke-med-egen-kropp-pa-treningsmatte\/&raquo;][vc_column_text]<\/p>\n<p style=\"text-align: center;\"><a href=\"https:\/\/abilica.com\/no\/treningsartikler\/styrke\/tren-styrke-med-egen-kropp-pa-treningsmatte\/\">Tren styrke med egen kropp p\u00e5 treningsmatte<\/a><\/p>\n<p>[\/vc_column_text][vc_empty_space height=&raquo;52px&raquo;][\/vc_column_inner][vc_column_inner width=&raquo;1\/3&#8243;][\/vc_column_inner][\/vc_row_inner][\/vc_column][\/vc_row][vc_row full_width=&raquo;stretch_row_content&raquo; full_height=&raquo;yes&raquo; css=&raquo;.vc_custom_1613990736527{padding-right: 0px !important;padding-left: 0px !important;background-image: url(https:\/\/abilica.com\/no\/wp-content\/uploads\/2021\/02\/373372_image10.jpg?id=37698) !important;background-position: center !important;background-repeat: no-repeat !important;background-size: cover !important;}&raquo;][vc_column css=&raquo;.vc_custom_1481535811428{padding-right: 0px !important;padding-left: 0px !important;}&raquo;][\/vc_column][\/vc_row][vc_row full_width=&raquo;stretch_row_content&raquo; css=&raquo;.vc_custom_1511962770849{padding-right: 0px !important;padding-left: 0px !important;background-position: center !important;background-repeat: no-repeat !important;background-size: cover !important;}&raquo;][vc_column css=&raquo;.vc_custom_1481535811428{padding-right: 0px !important;padding-left: 0px !important;}&raquo;][vc_empty_space][vc_column_text css_animation=&raquo;fadeInUp&raquo;]<\/p>\n<h1 style=\"text-align: center;\">Kj\u00f8p din treningsmatte n\u00e5<\/h1>\n<h3 style=\"text-align: center;\"><\/h3>\n<p>[\/vc_column_text][vc_empty_space][vc_row_inner][vc_column_inner width=&raquo;1\/4&#8243;][product_mod id=&raquo;28458&#8243;][\/vc_column_inner][vc_column_inner width=&raquo;1\/4&#8243;][product_mod id=&raquo;2226&#8243;][\/vc_column_inner][vc_column_inner width=&raquo;1\/4&#8243;][product_mod id=&raquo;19251&#8243;][\/vc_column_inner][vc_column_inner width=&raquo;1\/4&#8243;][product_mod id=&raquo;29417&#8243;][\/vc_column_inner][\/vc_row_inner][vc_empty_space height=&raquo;90px&raquo;][\/vc_column][\/vc_row][vc_row full_width=&raquo;stretch_row_content&raquo; full_height=&raquo;yes&raquo; css=&raquo;.vc_custom_1613990824577{padding-right: 0px !important;padding-left: 0px !important;background-image: url(https:\/\/abilica.com\/no\/wp-content\/uploads\/2021\/02\/6S2A2273.jpg?id=37700) !important;background-position: center !important;background-repeat: no-repeat !important;background-size: cover !important;}&raquo;][vc_column css=&raquo;.vc_custom_1481535811428{padding-right: 0px !important;padding-left: 0px !important;}&raquo;][\/vc_column][\/vc_row][vc_row full_width=&raquo;stretch_row_content&raquo; css=&raquo;.vc_custom_1513079766729{padding-right: 0px !important;padding-left: 0px !important;background-position: center !important;background-repeat: no-repeat !important;background-size: cover !important;}&raquo;][vc_column css=&raquo;.vc_custom_1481535811428{padding-right: 0px !important;padding-left: 0px !important;}&raquo;][vc_empty_space][vc_column_text css_animation=&raquo;fadeInUp&raquo;]<\/p>\n<h1 style=\"text-align: center;\">Tilbeh\u00f8r<\/h1>\n<h3 style=\"text-align: center;\">Gj\u00f8r treningen mer komplett.<\/h3>\n<h3 style=\"text-align: center;\"><\/h3>\n<p>[\/vc_column_text][vc_row_inner][vc_column_inner width=&raquo;1\/4&#8243;][product_mod id=&raquo;19288&#8243;][\/vc_column_inner][vc_column_inner width=&raquo;1\/4&#8243;][product_mod id=&raquo;2542&#8243;][\/vc_column_inner][vc_column_inner width=&raquo;1\/4&#8243;][product_mod id=&raquo;19358&#8243;][\/vc_column_inner][vc_column_inner width=&raquo;1\/4&#8243;][product_mod id=&raquo;2351&#8243;][\/vc_column_inner][\/vc_row_inner][vc_empty_space height=&raquo;62px&raquo;][\/vc_column][\/vc_row][vc_row full_width=&raquo;stretch_row_content&raquo; full_height=&raquo;yes&raquo; css=&raquo;.vc_custom_1515675209878{padding-right: 0px !important;padding-left: 0px !important;background-image: url(https:\/\/abilica.com\/no\/wp-content\/uploads\/2017\/08\/matte1.jpg?id=19707) !important;background-position: center !important;background-repeat: no-repeat !important;background-size: cover !important;}&raquo;][vc_column css=&raquo;.vc_custom_1481535811428{padding-right: 0px !important;padding-left: 0px !important;}&raquo;][\/vc_column][\/vc_row]<\/p>\n<\/div>","protected":false},"excerpt":{"rendered":"<p>[vc_row full_width=&raquo;stretch_row_content&raquo; full_height=&raquo;yes&raquo; columns_placement=&raquo;bottom&raquo; content_placement=&raquo;bottom&raquo; css=&raquo;.vc_custom_1587457132654{padding-right: 0px !important;padding-left: 0px !important;background-image: url(https:\/\/abilica.com\/no\/wp-content\/uploads\/2020\/04\/matte.jpg?id=32094) !important;background-position: center !important;background-repeat: no-repeat&#8230;<\/p>\n","protected":false},"author":13,"featured_media":0,"parent":0,"menu_order":0,"comment_status":"closed","ping_status":"closed","template":"","meta":{"_acf_changed":false,"footnotes":""},"class_list":["post-31827","page","type-page","status-publish","hentry"],"acf":[],"yoast_head":"<!-- This site is optimized with the Yoast SEO Premium plugin v21.1 (Yoast SEO v25.4) - https:\/\/yoast.com\/wordpress\/plugins\/seo\/ -->\n<title>Abilica GymMat &#8226; Abilica<\/title>\n<meta name=\"robots\" content=\"index, follow, max-snippet:-1, max-image-preview:large, max-video-preview:-1\" \/>\n<link rel=\"canonical\" href=\"https:\/\/abilica.com\/no\/abilica-gymmat\/\" \/>\n<meta property=\"og:locale\" content=\"nb_NO\" \/>\n<meta property=\"og:type\" content=\"article\" \/>\n<meta property=\"og:title\" content=\"Abilica GymMat\" \/>\n<meta property=\"og:description\" content=\"[vc_row full_width=&raquo;stretch_row_content&raquo; full_height=&raquo;yes&raquo; columns_placement=&raquo;bottom&raquo; content_placement=&raquo;bottom&raquo; css=&raquo;.vc_custom_1587457132654{padding-right: 0px !important;padding-left: 0px !important;background-image: url(https:\/\/abilica.com\/no\/wp-content\/uploads\/2020\/04\/matte.jpg?id=32094) !important;background-position: center !important;background-repeat: no-repeat...\" \/>\n<meta property=\"og:url\" content=\"https:\/\/abilica.com\/no\/abilica-gymmat\/\" \/>\n<meta property=\"og:site_name\" content=\"Abilica\" \/>\n<meta property=\"article:publisher\" content=\"https:\/\/www.facebook.com\/abilicahometraining\/\" \/>\n<meta name=\"twitter:card\" content=\"summary_large_image\" \/>\n<meta name=\"twitter:label1\" content=\"Ansl. lesetid\" \/>\n\t<meta name=\"twitter:data1\" content=\"4 minutter\" \/>\n<script type=\"application\/ld+json\" class=\"yoast-schema-graph\">{\"@context\":\"https:\/\/schema.org\",\"@graph\":[{\"@type\":\"WebPage\",\"@id\":\"https:\/\/abilica.com\/no\/abilica-gymmat\/\",\"url\":\"https:\/\/abilica.com\/no\/abilica-gymmat\/\",\"name\":\"Abilica GymMat &#8226; Abilica\",\"isPartOf\":{\"@id\":\"https:\/\/abilica.com\/#website\"},\"datePublished\":\"2023-07-21T08:32:14+00:00\",\"breadcrumb\":{\"@id\":\"https:\/\/abilica.com\/no\/abilica-gymmat\/#breadcrumb\"},\"inLanguage\":\"nb-NO\",\"potentialAction\":[{\"@type\":\"ReadAction\",\"target\":[\"https:\/\/abilica.com\/no\/abilica-gymmat\/\"]}]},{\"@type\":\"BreadcrumbList\",\"@id\":\"https:\/\/abilica.com\/no\/abilica-gymmat\/#breadcrumb\",\"itemListElement\":[{\"@type\":\"ListItem\",\"position\":1,\"name\":\"Hem\",\"item\":\"https:\/\/abilica.com\/no\/\"},{\"@type\":\"ListItem\",\"position\":2,\"name\":\"Abilica GymMat\"}]},{\"@type\":\"WebSite\",\"@id\":\"https:\/\/abilica.com\/#website\",\"url\":\"https:\/\/abilica.com\/\",\"name\":\"Abilica\",\"description\":\"Abilica Home Training\",\"potentialAction\":[{\"@type\":\"SearchAction\",\"target\":{\"@type\":\"EntryPoint\",\"urlTemplate\":\"https:\/\/abilica.com\/?s={search_term_string}\"},\"query-input\":{\"@type\":\"PropertyValueSpecification\",\"valueRequired\":true,\"valueName\":\"search_term_string\"}}],\"inLanguage\":\"nb-NO\"}]}<\/script>\n<!-- \/ Yoast SEO Premium plugin. -->","yoast_head_json":{"title":"Abilica GymMat &#8226; Abilica","robots":{"index":"index","follow":"follow","max-snippet":"max-snippet:-1","max-image-preview":"max-image-preview:large","max-video-preview":"max-video-preview:-1"},"canonical":"https:\/\/abilica.com\/no\/abilica-gymmat\/","og_locale":"nb_NO","og_type":"article","og_title":"Abilica GymMat","og_description":"[vc_row full_width=&raquo;stretch_row_content&raquo; full_height=&raquo;yes&raquo; columns_placement=&raquo;bottom&raquo; content_placement=&raquo;bottom&raquo; css=&raquo;.vc_custom_1587457132654{padding-right: 0px !important;padding-left: 0px !important;background-image: url(https:\/\/abilica.com\/no\/wp-content\/uploads\/2020\/04\/matte.jpg?id=32094) !important;background-position: center !important;background-repeat: no-repeat...","og_url":"https:\/\/abilica.com\/no\/abilica-gymmat\/","og_site_name":"Abilica","article_publisher":"https:\/\/www.facebook.com\/abilicahometraining\/","twitter_card":"summary_large_image","twitter_misc":{"Ansl. lesetid":"4 minutter"},"schema":{"@context":"https:\/\/schema.org","@graph":[{"@type":"WebPage","@id":"https:\/\/abilica.com\/no\/abilica-gymmat\/","url":"https:\/\/abilica.com\/no\/abilica-gymmat\/","name":"Abilica GymMat &#8226; Abilica","isPartOf":{"@id":"https:\/\/abilica.com\/#website"},"datePublished":"2023-07-21T08:32:14+00:00","breadcrumb":{"@id":"https:\/\/abilica.com\/no\/abilica-gymmat\/#breadcrumb"},"inLanguage":"nb-NO","potentialAction":[{"@type":"ReadAction","target":["https:\/\/abilica.com\/no\/abilica-gymmat\/"]}]},{"@type":"BreadcrumbList","@id":"https:\/\/abilica.com\/no\/abilica-gymmat\/#breadcrumb","itemListElement":[{"@type":"ListItem","position":1,"name":"Hem","item":"https:\/\/abilica.com\/no\/"},{"@type":"ListItem","position":2,"name":"Abilica GymMat"}]},{"@type":"WebSite","@id":"https:\/\/abilica.com\/#website","url":"https:\/\/abilica.com\/","name":"Abilica","description":"Abilica Home Training","potentialAction":[{"@type":"SearchAction","target":{"@type":"EntryPoint","urlTemplate":"https:\/\/abilica.com\/?s={search_term_string}"},"query-input":{"@type":"PropertyValueSpecification","valueRequired":true,"valueName":"search_term_string"}}],"inLanguage":"nb-NO"}]}},"_links":{"self":[{"href":"https:\/\/abilica.com\/no\/wp-json\/wp\/v2\/pages\/31827","targetHints":{"allow":["GET"]}}],"collection":[{"href":"https:\/\/abilica.com\/no\/wp-json\/wp\/v2\/pages"}],"about":[{"href":"https:\/\/abilica.com\/no\/wp-json\/wp\/v2\/types\/page"}],"author":[{"embeddable":true,"href":"https:\/\/abilica.com\/no\/wp-json\/wp\/v2\/users\/13"}],"replies":[{"embeddable":true,"href":"https:\/\/abilica.com\/no\/wp-json\/wp\/v2\/comments?post=31827"}],"version-history":[{"count":1,"href":"https:\/\/abilica.com\/no\/wp-json\/wp\/v2\/pages\/31827\/revisions"}],"predecessor-version":[{"id":31828,"href":"https:\/\/abilica.com\/no\/wp-json\/wp\/v2\/pages\/31827\/revisions\/31828"}],"wp:attachment":[{"href":"https:\/\/abilica.com\/no\/wp-json\/wp\/v2\/media?parent=31827"}],"curies":[{"name":"wp","href":"https:\/\/api.w.org\/{rel}","templated":true}]}}