{"id":31837,"date":"2023-07-21T09:44:31","date_gmt":"2023-07-21T08:44:31","guid":{"rendered":"https:\/\/abilica.com\/?page_id=31837"},"modified":"2023-07-21T09:44:31","modified_gmt":"2023-07-21T08:44:31","slug":"abilica-hosttrening","status":"publish","type":"page","link":"https:\/\/abilica.com\/no\/abilica-hosttrening\/","title":{"rendered":"Abilica h\u00f8sttrening"},"content":{"rendered":"<div class=\"wpb-content-wrapper\"><p>[vc_row full_width=&raquo;stretch_row_content&raquo; full_height=&raquo;yes&raquo; columns_placement=&raquo;bottom&raquo; content_placement=&raquo;bottom&raquo; css=&raquo;.vc_custom_1535366683129{padding-right: 0px !important;padding-left: 0px !important;background-image: url(https:\/\/abilica.com\/no\/wp-content\/uploads\/2017\/08\/h\u00f8st5.jpg?id=19627) !important;background-position: center !important;background-repeat: no-repeat !important;background-size: cover !important;}&raquo;][vc_column width=&raquo;1\/3&#8243; css=&raquo;.vc_custom_1481535811428{padding-right: 0px !important;padding-left: 0px !important;}&raquo;][\/vc_column][vc_column width=&raquo;1\/3&#8243;][vc_column_text]<\/p>\n<h2 style=\"text-align: center;\"><span style=\"color: #ffffff;\">Les mer om h\u00f8sttrening<\/span><\/h2>\n<p>[\/vc_column_text][vc_icon icon_fontawesome=&raquo;fa fa-angle-down&raquo; color=&raquo;white&raquo; size=&raquo;xl&raquo; align=&raquo;center&raquo; css_animation=&raquo;none&raquo;][\/vc_column][vc_column width=&raquo;1\/3&#8243;][\/vc_column][\/vc_row][vc_row][vc_column][vc_empty_space height=&raquo;52px&raquo;][vc_column_text css_animation=&raquo;fadeInUp&raquo;]<\/p>\n<p style=\"text-align: center;\">H\u00f8sten er her, men det finnes fortsatt muligheter til \u00e5 trene ute. Med de ulike sm\u00e5produktene til Abilica kan du skape trenings\u00f8kter som trener hele kroppen. Det er egentlig bare fantasien som setter stopp for hva du kan trene. Under ser du forslag p\u00e5 ulike produkter du kan bruke under dine trenings\u00f8kter.<\/p>\n<p style=\"text-align: center;\">Er du usikker p\u00e5 hvilke \u00f8velser du vil gj\u00f8re kan du f\u00e5 inspirasjon i treningsappen til Abilica. Den er gratis og finnes til b\u00e5de iOS og Android. Du finner ogs\u00e5 treningsartikler i <strong><a href=\"http:\/\/www.hjemmetreningsbloggen.no\">AbilicaMagasinet<\/a><\/strong>.<\/p>\n<p>[\/vc_column_text][vc_empty_space height=&raquo;28px&raquo;][vc_btn title=&raquo;Les mer om Abilica Training App&raquo; style=&raquo;flat&raquo; color=&raquo;danger&raquo; align=&raquo;center&raquo; i_icon_fontawesome=&raquo;fa fa-mobile&raquo; css_animation=&raquo;fadeInUp&raquo; add_icon=&raquo;true&raquo; link=&raquo;url:https%3A%2F%2Fabilica.com\/no%2Ftreningsapp%2F|||&raquo;][\/vc_column][\/vc_row][vc_row full_width=&raquo;stretch_row_content&raquo;][vc_column][vc_empty_space height=&raquo;52px&raquo;][vc_empty_space height=&raquo;52px&raquo;][products_mixed columns=&raquo;5&#8243; show_product_details=&raquo;true&raquo; ids=&raquo;2360,2546,2274,2744,2816,2254,2260,2091,1096,745,2272,2542,2639,2599,2236&#8243;][vc_empty_space height=&raquo;52px&raquo;][vc_empty_space height=&raquo;52px&raquo;][vc_column_text css_animation=&raquo;fadeInUp&raquo;]<\/p>\n<h2 style=\"text-align: center;\"><a href=\"https:\/\/abilica.com\/no\/shop\/\">Se alle produkter<\/a><\/h2>\n<p>[\/vc_column_text][vc_empty_space height=&raquo;52px&raquo;][vc_empty_space height=&raquo;52px&raquo;][\/vc_column][\/vc_row][vc_row full_width=&raquo;stretch_row_content_no_spaces&raquo; full_height=&raquo;yes&raquo; css=&raquo;.vc_custom_1521706957232{background-image: url(https:\/\/abilica.com\/no\/wp-content\/uploads\/2018\/03\/v\u00e5rtrening.jpg?id=23242) !important;background-position: center !important;background-repeat: no-repeat !important;background-size: cover !important;}&raquo;][vc_column][\/vc_column][\/vc_row]<\/p>\n<\/div>","protected":false},"excerpt":{"rendered":"<p>[vc_row full_width=&raquo;stretch_row_content&raquo; full_height=&raquo;yes&raquo; columns_placement=&raquo;bottom&raquo; content_placement=&raquo;bottom&raquo; css=&raquo;.vc_custom_1535366683129{padding-right: 0px !important;padding-left: 0px !important;background-image: url(https:\/\/abilica.com\/no\/wp-content\/uploads\/2017\/08\/h\u00f8st5.jpg?id=19627) !important;background-position: center !important;background-repeat: no-repeat&#8230;<\/p>\n","protected":false},"author":13,"featured_media":0,"parent":0,"menu_order":0,"comment_status":"closed","ping_status":"closed","template":"","meta":{"_acf_changed":false,"footnotes":""},"class_list":["post-31837","page","type-page","status-publish","hentry"],"acf":[],"yoast_head":"<!-- This site is optimized with the Yoast SEO Premium plugin v21.1 (Yoast SEO v25.4) - https:\/\/yoast.com\/wordpress\/plugins\/seo\/ -->\n<title>Abilica h\u00f8sttrening &#8226; Abilica<\/title>\n<meta name=\"robots\" content=\"index, follow, max-snippet:-1, max-image-preview:large, max-video-preview:-1\" \/>\n<link rel=\"canonical\" href=\"https:\/\/abilica.com\/no\/abilica-hosttrening\/\" \/>\n<meta property=\"og:locale\" content=\"nb_NO\" \/>\n<meta property=\"og:type\" content=\"article\" \/>\n<meta property=\"og:title\" content=\"Abilica h\u00f8sttrening\" \/>\n<meta property=\"og:description\" content=\"[vc_row full_width=&raquo;stretch_row_content&raquo; full_height=&raquo;yes&raquo; columns_placement=&raquo;bottom&raquo; content_placement=&raquo;bottom&raquo; css=&raquo;.vc_custom_1535366683129{padding-right: 0px !important;padding-left: 0px !important;background-image: url(https:\/\/abilica.com\/no\/wp-content\/uploads\/2017\/08\/h\u00f8st5.jpg?id=19627) !important;background-position: center !important;background-repeat: no-repeat...\" \/>\n<meta property=\"og:url\" content=\"https:\/\/abilica.com\/no\/abilica-hosttrening\/\" \/>\n<meta property=\"og:site_name\" content=\"Abilica\" \/>\n<meta property=\"article:publisher\" content=\"https:\/\/www.facebook.com\/abilicahometraining\/\" \/>\n<meta name=\"twitter:card\" content=\"summary_large_image\" \/>\n<meta name=\"twitter:label1\" content=\"Ansl. lesetid\" \/>\n\t<meta name=\"twitter:data1\" content=\"2 minutter\" \/>\n<script type=\"application\/ld+json\" class=\"yoast-schema-graph\">{\"@context\":\"https:\/\/schema.org\",\"@graph\":[{\"@type\":\"WebPage\",\"@id\":\"https:\/\/abilica.com\/no\/abilica-hosttrening\/\",\"url\":\"https:\/\/abilica.com\/no\/abilica-hosttrening\/\",\"name\":\"Abilica h\u00f8sttrening &#8226; Abilica\",\"isPartOf\":{\"@id\":\"https:\/\/abilica.com\/#website\"},\"datePublished\":\"2023-07-21T08:44:31+00:00\",\"breadcrumb\":{\"@id\":\"https:\/\/abilica.com\/no\/abilica-hosttrening\/#breadcrumb\"},\"inLanguage\":\"nb-NO\",\"potentialAction\":[{\"@type\":\"ReadAction\",\"target\":[\"https:\/\/abilica.com\/no\/abilica-hosttrening\/\"]}]},{\"@type\":\"BreadcrumbList\",\"@id\":\"https:\/\/abilica.com\/no\/abilica-hosttrening\/#breadcrumb\",\"itemListElement\":[{\"@type\":\"ListItem\",\"position\":1,\"name\":\"Hem\",\"item\":\"https:\/\/abilica.com\/no\/\"},{\"@type\":\"ListItem\",\"position\":2,\"name\":\"Abilica h\u00f8sttrening\"}]},{\"@type\":\"WebSite\",\"@id\":\"https:\/\/abilica.com\/#website\",\"url\":\"https:\/\/abilica.com\/\",\"name\":\"Abilica\",\"description\":\"Abilica Home Training\",\"potentialAction\":[{\"@type\":\"SearchAction\",\"target\":{\"@type\":\"EntryPoint\",\"urlTemplate\":\"https:\/\/abilica.com\/?s={search_term_string}\"},\"query-input\":{\"@type\":\"PropertyValueSpecification\",\"valueRequired\":true,\"valueName\":\"search_term_string\"}}],\"inLanguage\":\"nb-NO\"}]}<\/script>\n<!-- \/ Yoast SEO Premium plugin. -->","yoast_head_json":{"title":"Abilica h\u00f8sttrening &#8226; Abilica","robots":{"index":"index","follow":"follow","max-snippet":"max-snippet:-1","max-image-preview":"max-image-preview:large","max-video-preview":"max-video-preview:-1"},"canonical":"https:\/\/abilica.com\/no\/abilica-hosttrening\/","og_locale":"nb_NO","og_type":"article","og_title":"Abilica h\u00f8sttrening","og_description":"[vc_row full_width=&raquo;stretch_row_content&raquo; full_height=&raquo;yes&raquo; columns_placement=&raquo;bottom&raquo; content_placement=&raquo;bottom&raquo; css=&raquo;.vc_custom_1535366683129{padding-right: 0px !important;padding-left: 0px !important;background-image: url(https:\/\/abilica.com\/no\/wp-content\/uploads\/2017\/08\/h\u00f8st5.jpg?id=19627) !important;background-position: center !important;background-repeat: no-repeat...","og_url":"https:\/\/abilica.com\/no\/abilica-hosttrening\/","og_site_name":"Abilica","article_publisher":"https:\/\/www.facebook.com\/abilicahometraining\/","twitter_card":"summary_large_image","twitter_misc":{"Ansl. lesetid":"2 minutter"},"schema":{"@context":"https:\/\/schema.org","@graph":[{"@type":"WebPage","@id":"https:\/\/abilica.com\/no\/abilica-hosttrening\/","url":"https:\/\/abilica.com\/no\/abilica-hosttrening\/","name":"Abilica h\u00f8sttrening &#8226; Abilica","isPartOf":{"@id":"https:\/\/abilica.com\/#website"},"datePublished":"2023-07-21T08:44:31+00:00","breadcrumb":{"@id":"https:\/\/abilica.com\/no\/abilica-hosttrening\/#breadcrumb"},"inLanguage":"nb-NO","potentialAction":[{"@type":"ReadAction","target":["https:\/\/abilica.com\/no\/abilica-hosttrening\/"]}]},{"@type":"BreadcrumbList","@id":"https:\/\/abilica.com\/no\/abilica-hosttrening\/#breadcrumb","itemListElement":[{"@type":"ListItem","position":1,"name":"Hem","item":"https:\/\/abilica.com\/no\/"},{"@type":"ListItem","position":2,"name":"Abilica h\u00f8sttrening"}]},{"@type":"WebSite","@id":"https:\/\/abilica.com\/#website","url":"https:\/\/abilica.com\/","name":"Abilica","description":"Abilica Home Training","potentialAction":[{"@type":"SearchAction","target":{"@type":"EntryPoint","urlTemplate":"https:\/\/abilica.com\/?s={search_term_string}"},"query-input":{"@type":"PropertyValueSpecification","valueRequired":true,"valueName":"search_term_string"}}],"inLanguage":"nb-NO"}]}},"_links":{"self":[{"href":"https:\/\/abilica.com\/no\/wp-json\/wp\/v2\/pages\/31837","targetHints":{"allow":["GET"]}}],"collection":[{"href":"https:\/\/abilica.com\/no\/wp-json\/wp\/v2\/pages"}],"about":[{"href":"https:\/\/abilica.com\/no\/wp-json\/wp\/v2\/types\/page"}],"author":[{"embeddable":true,"href":"https:\/\/abilica.com\/no\/wp-json\/wp\/v2\/users\/13"}],"replies":[{"embeddable":true,"href":"https:\/\/abilica.com\/no\/wp-json\/wp\/v2\/comments?post=31837"}],"version-history":[{"count":1,"href":"https:\/\/abilica.com\/no\/wp-json\/wp\/v2\/pages\/31837\/revisions"}],"predecessor-version":[{"id":31838,"href":"https:\/\/abilica.com\/no\/wp-json\/wp\/v2\/pages\/31837\/revisions\/31838"}],"wp:attachment":[{"href":"https:\/\/abilica.com\/no\/wp-json\/wp\/v2\/media?parent=31837"}],"curies":[{"name":"wp","href":"https:\/\/api.w.org\/{rel}","templated":true}]}}