{"id":31859,"date":"2023-07-21T09:57:05","date_gmt":"2023-07-21T08:57:05","guid":{"rendered":"https:\/\/abilica.com\/?page_id=31859"},"modified":"2023-07-21T09:57:05","modified_gmt":"2023-07-21T08:57:05","slug":"abilica-racks-treningsutstyr-av-hoy-kvalitet-abilica-no","status":"publish","type":"page","link":"https:\/\/abilica.com\/no\/abilica-racks-treningsutstyr-av-hoy-kvalitet-abilica-no\/","title":{"rendered":"Abilica Racks &#8211; Treningsutstyr av h\u00f8y kvalitet &#8211; Abilica.no"},"content":{"rendered":"<div class=\"wpb-content-wrapper\"><p>[vc_row full_width=&raquo;stretch_row_content&raquo; full_height=&raquo;yes&raquo; columns_placement=&raquo;bottom&raquo; content_placement=&raquo;bottom&raquo; css=&raquo;.vc_custom_1507539016547{padding-right: 0px !important;padding-left: 0px !important;background-image: url(https:\/\/abilica.com\/no\/wp-content\/uploads\/2017\/09\/Rack.jpg?id=19996) !important;background-position: center !important;background-repeat: no-repeat !important;background-size: cover !important;}&raquo;][vc_column width=&raquo;1\/3&#8243; css=&raquo;.vc_custom_1481535811428{padding-right: 0px !important;padding-left: 0px !important;}&raquo;][\/vc_column][vc_column width=&raquo;1\/3&#8243;][vc_column_text css_animation=&raquo;none&raquo;]<\/p>\n<h2 style=\"text-align: center;\"><span style=\"color: #ffffff;\">L\u00e4s mer om tr\u00e4ning med rack<\/span><\/h2>\n<p>[\/vc_column_text][vc_icon icon_fontawesome=&raquo;fa fa-angle-down&raquo; color=&raquo;white&raquo; size=&raquo;xl&raquo; align=&raquo;center&raquo; css_animation=&raquo;none&raquo;][\/vc_column][vc_column width=&raquo;1\/3&#8243;][\/vc_column][\/vc_row][vc_row][vc_column][vc_empty_space height=&raquo;52px&raquo;][vc_column_text css_animation=&raquo;fadeInUp&raquo;]<\/p>\n<h1 style=\"text-align: center;\">Abilica Racks<\/h1>\n<h3 style=\"text-align: center;\">Uppt\u00e4ck alla m\u00f6jligheterna.<\/h3>\n<p>&nbsp;<\/p>\n<p style=\"text-align: center;\">Med Abilica PowerRack och Abilica CageTrainer f\u00e5r du tillg\u00e5ng till ett enormt urval funktionella styrke\u00f6vningar som inte kr\u00e4ver mycket plats. Abilica racks\u00a0\u00e4r utrymmessn\u00e5la och robusta, med smart design f\u00f6r stor variation i tr\u00e4ningen. Anv\u00e4nd kroppsvikten f\u00f6r att tr\u00e4na pullups i olika varianter, f\u00e4st gummiband p\u00e5 m\u00e5nga olika punkter eller anv\u00e4nd Abilica racks\u00a0som stativ f\u00f6r kn\u00e4b\u00f6j, marklyft och m\u00e5nga fler \u00f6vningar med viktskivor och viktst\u00e4nger.<\/p>\n<p style=\"text-align: center;\">N\u00e4r man skaffar sig ett rack\u00a0f\u00e5r man otaliga tr\u00e4ningsm\u00f6jligheter. Normalt finns olika f\u00e4stpunkter f\u00f6r olika \u00f6vningar d\u00e4r den egna kroppen fungerar som vikt, t.ex. dips och pullups. Ofta finns \u00e4ven f\u00e4stpunkter f\u00f6r tr\u00e4ningsband\u00a0som g\u00f6r att du f\u00e5r ut mer av bandet. Tr\u00e4na g\u00e4rna tv\u00e5 och tv\u00e5, s\u00e4tt samman n\u00e5gra \u00f6vningar d\u00e4r ni varierar vem som g\u00f6r de olika \u00f6vningarna. P\u00e5 s\u00e5 s\u00e4tt blir tr\u00e4ningen roligare och mer kr\u00e4vande.<\/p>\n<p>[\/vc_column_text][vc_empty_space height=&raquo;28px&raquo;][vc_btn title=&raquo;L\u00e4s mer i AbilicaMagasinet&raquo; style=&raquo;flat&raquo; color=&raquo;black&raquo; align=&raquo;center&raquo; i_icon_fontawesome=&raquo;fa fa-align-left&raquo; css_animation=&raquo;fadeInUp&raquo; add_icon=&raquo;true&raquo; link=&raquo;url:http%3A%2F%2Fwww.hemmatraningsbloggen.se%2Fstyrka%2Fmanga-traningsmojligheter-med-rack%2F||target:%20_blank|&raquo;][\/vc_column][\/vc_row][vc_row full_width=&raquo;stretch_row_content&raquo;][vc_column][vc_empty_space height=&raquo;52px&raquo;][products_mixed columns=&raquo;6&#8243; show_product_details=&raquo;true&raquo; ids=&raquo;2461,2388,2728,2731,1498,2222,1468,1466,24550&#8243;][vc_empty_space height=&raquo;75px&raquo;][\/vc_column][\/vc_row][vc_row full_width=&raquo;stretch_row_content_no_spaces&raquo; css=&raquo;.vc_custom_1503998481709{margin-right: 5px !important;margin-bottom: -15px !important;margin-left: 5px !important;border-right-width: 5px !important;border-bottom-width: -15px !important;border-left-width: 5px !important;padding-right: 5px !important;padding-bottom: -15px !important;padding-left: 5px !important;}&raquo;][vc_column css=&raquo;.vc_custom_1503998491299{margin-right: 0px !important;margin-bottom: -15px !important;margin-left: 0px !important;border-right-width: 0px !important;border-bottom-width: -15px !important;border-left-width: 0px !important;padding-right: 0px !important;padding-bottom: -15px !important;padding-left: 0px !important;}&raquo;][vc_media_grid element_width=&raquo;2&#8243; item=&raquo;mediaGrid_SimpleOverlay&raquo; grid_id=&raquo;vc_gid:1568208405189-399d4655-4d3b-1&#8243; include=&raquo;16805,16803,16800,16796,16790,16792,15782,15776,15777,15796,15794,16954&#8243;][\/vc_column][\/vc_row]<\/p>\n<\/div>","protected":false},"excerpt":{"rendered":"<p>[vc_row full_width=&raquo;stretch_row_content&raquo; full_height=&raquo;yes&raquo; columns_placement=&raquo;bottom&raquo; content_placement=&raquo;bottom&raquo; css=&raquo;.vc_custom_1507539016547{padding-right: 0px !important;padding-left: 0px !important;background-image: url(https:\/\/abilica.com\/no\/wp-content\/uploads\/2017\/09\/Rack.jpg?id=19996) !important;background-position: center !important;background-repeat: no-repeat&#8230;<\/p>\n","protected":false},"author":13,"featured_media":0,"parent":0,"menu_order":0,"comment_status":"closed","ping_status":"closed","template":"","meta":{"_acf_changed":false,"footnotes":""},"class_list":["post-31859","page","type-page","status-publish","hentry"],"acf":[],"yoast_head":"<!-- This site is optimized with the Yoast SEO Premium plugin v21.1 (Yoast SEO v25.4) - https:\/\/yoast.com\/wordpress\/plugins\/seo\/ -->\n<title>Abilica Racks - Treningsutstyr av h\u00f8y kvalitet - Abilica.no &#8226; Abilica<\/title>\n<meta name=\"robots\" content=\"index, follow, max-snippet:-1, max-image-preview:large, max-video-preview:-1\" \/>\n<link rel=\"canonical\" href=\"https:\/\/abilica.com\/no\/abilica-racks-treningsutstyr-av-hoy-kvalitet-abilica-no\/\" \/>\n<meta property=\"og:locale\" content=\"nb_NO\" \/>\n<meta property=\"og:type\" content=\"article\" \/>\n<meta property=\"og:title\" content=\"Abilica Racks - Treningsutstyr av h\u00f8y kvalitet - Abilica.no\" \/>\n<meta property=\"og:description\" content=\"[vc_row full_width=&raquo;stretch_row_content&raquo; full_height=&raquo;yes&raquo; columns_placement=&raquo;bottom&raquo; content_placement=&raquo;bottom&raquo; css=&raquo;.vc_custom_1507539016547{padding-right: 0px !important;padding-left: 0px !important;background-image: url(https:\/\/abilica.com\/no\/wp-content\/uploads\/2017\/09\/Rack.jpg?id=19996) !important;background-position: center !important;background-repeat: no-repeat...\" \/>\n<meta property=\"og:url\" content=\"https:\/\/abilica.com\/no\/abilica-racks-treningsutstyr-av-hoy-kvalitet-abilica-no\/\" \/>\n<meta property=\"og:site_name\" content=\"Abilica\" \/>\n<meta property=\"article:publisher\" content=\"https:\/\/www.facebook.com\/abilicahometraining\/\" \/>\n<meta name=\"twitter:card\" content=\"summary_large_image\" \/>\n<meta name=\"twitter:label1\" content=\"Ansl. lesetid\" \/>\n\t<meta name=\"twitter:data1\" content=\"2 minutter\" \/>\n<script type=\"application\/ld+json\" class=\"yoast-schema-graph\">{\"@context\":\"https:\/\/schema.org\",\"@graph\":[{\"@type\":\"WebPage\",\"@id\":\"https:\/\/abilica.com\/no\/abilica-racks-treningsutstyr-av-hoy-kvalitet-abilica-no\/\",\"url\":\"https:\/\/abilica.com\/no\/abilica-racks-treningsutstyr-av-hoy-kvalitet-abilica-no\/\",\"name\":\"Abilica Racks - Treningsutstyr av h\u00f8y kvalitet - Abilica.no &#8226; Abilica\",\"isPartOf\":{\"@id\":\"https:\/\/abilica.com\/#website\"},\"datePublished\":\"2023-07-21T08:57:05+00:00\",\"breadcrumb\":{\"@id\":\"https:\/\/abilica.com\/no\/abilica-racks-treningsutstyr-av-hoy-kvalitet-abilica-no\/#breadcrumb\"},\"inLanguage\":\"nb-NO\",\"potentialAction\":[{\"@type\":\"ReadAction\",\"target\":[\"https:\/\/abilica.com\/no\/abilica-racks-treningsutstyr-av-hoy-kvalitet-abilica-no\/\"]}]},{\"@type\":\"BreadcrumbList\",\"@id\":\"https:\/\/abilica.com\/no\/abilica-racks-treningsutstyr-av-hoy-kvalitet-abilica-no\/#breadcrumb\",\"itemListElement\":[{\"@type\":\"ListItem\",\"position\":1,\"name\":\"Hem\",\"item\":\"https:\/\/abilica.com\/no\/\"},{\"@type\":\"ListItem\",\"position\":2,\"name\":\"Abilica Racks &#8211; Treningsutstyr av h\u00f8y kvalitet &#8211; Abilica.no\"}]},{\"@type\":\"WebSite\",\"@id\":\"https:\/\/abilica.com\/#website\",\"url\":\"https:\/\/abilica.com\/\",\"name\":\"Abilica\",\"description\":\"Abilica Home Training\",\"potentialAction\":[{\"@type\":\"SearchAction\",\"target\":{\"@type\":\"EntryPoint\",\"urlTemplate\":\"https:\/\/abilica.com\/?s={search_term_string}\"},\"query-input\":{\"@type\":\"PropertyValueSpecification\",\"valueRequired\":true,\"valueName\":\"search_term_string\"}}],\"inLanguage\":\"nb-NO\"}]}<\/script>\n<!-- \/ Yoast SEO Premium plugin. -->","yoast_head_json":{"title":"Abilica Racks - Treningsutstyr av h\u00f8y kvalitet - Abilica.no &#8226; Abilica","robots":{"index":"index","follow":"follow","max-snippet":"max-snippet:-1","max-image-preview":"max-image-preview:large","max-video-preview":"max-video-preview:-1"},"canonical":"https:\/\/abilica.com\/no\/abilica-racks-treningsutstyr-av-hoy-kvalitet-abilica-no\/","og_locale":"nb_NO","og_type":"article","og_title":"Abilica Racks - Treningsutstyr av h\u00f8y kvalitet - Abilica.no","og_description":"[vc_row full_width=&raquo;stretch_row_content&raquo; full_height=&raquo;yes&raquo; columns_placement=&raquo;bottom&raquo; content_placement=&raquo;bottom&raquo; css=&raquo;.vc_custom_1507539016547{padding-right: 0px !important;padding-left: 0px !important;background-image: url(https:\/\/abilica.com\/no\/wp-content\/uploads\/2017\/09\/Rack.jpg?id=19996) !important;background-position: center !important;background-repeat: no-repeat...","og_url":"https:\/\/abilica.com\/no\/abilica-racks-treningsutstyr-av-hoy-kvalitet-abilica-no\/","og_site_name":"Abilica","article_publisher":"https:\/\/www.facebook.com\/abilicahometraining\/","twitter_card":"summary_large_image","twitter_misc":{"Ansl. lesetid":"2 minutter"},"schema":{"@context":"https:\/\/schema.org","@graph":[{"@type":"WebPage","@id":"https:\/\/abilica.com\/no\/abilica-racks-treningsutstyr-av-hoy-kvalitet-abilica-no\/","url":"https:\/\/abilica.com\/no\/abilica-racks-treningsutstyr-av-hoy-kvalitet-abilica-no\/","name":"Abilica Racks - Treningsutstyr av h\u00f8y kvalitet - Abilica.no &#8226; Abilica","isPartOf":{"@id":"https:\/\/abilica.com\/#website"},"datePublished":"2023-07-21T08:57:05+00:00","breadcrumb":{"@id":"https:\/\/abilica.com\/no\/abilica-racks-treningsutstyr-av-hoy-kvalitet-abilica-no\/#breadcrumb"},"inLanguage":"nb-NO","potentialAction":[{"@type":"ReadAction","target":["https:\/\/abilica.com\/no\/abilica-racks-treningsutstyr-av-hoy-kvalitet-abilica-no\/"]}]},{"@type":"BreadcrumbList","@id":"https:\/\/abilica.com\/no\/abilica-racks-treningsutstyr-av-hoy-kvalitet-abilica-no\/#breadcrumb","itemListElement":[{"@type":"ListItem","position":1,"name":"Hem","item":"https:\/\/abilica.com\/no\/"},{"@type":"ListItem","position":2,"name":"Abilica Racks &#8211; Treningsutstyr av h\u00f8y kvalitet &#8211; Abilica.no"}]},{"@type":"WebSite","@id":"https:\/\/abilica.com\/#website","url":"https:\/\/abilica.com\/","name":"Abilica","description":"Abilica Home Training","potentialAction":[{"@type":"SearchAction","target":{"@type":"EntryPoint","urlTemplate":"https:\/\/abilica.com\/?s={search_term_string}"},"query-input":{"@type":"PropertyValueSpecification","valueRequired":true,"valueName":"search_term_string"}}],"inLanguage":"nb-NO"}]}},"_links":{"self":[{"href":"https:\/\/abilica.com\/no\/wp-json\/wp\/v2\/pages\/31859","targetHints":{"allow":["GET"]}}],"collection":[{"href":"https:\/\/abilica.com\/no\/wp-json\/wp\/v2\/pages"}],"about":[{"href":"https:\/\/abilica.com\/no\/wp-json\/wp\/v2\/types\/page"}],"author":[{"embeddable":true,"href":"https:\/\/abilica.com\/no\/wp-json\/wp\/v2\/users\/13"}],"replies":[{"embeddable":true,"href":"https:\/\/abilica.com\/no\/wp-json\/wp\/v2\/comments?post=31859"}],"version-history":[{"count":1,"href":"https:\/\/abilica.com\/no\/wp-json\/wp\/v2\/pages\/31859\/revisions"}],"predecessor-version":[{"id":31860,"href":"https:\/\/abilica.com\/no\/wp-json\/wp\/v2\/pages\/31859\/revisions\/31860"}],"wp:attachment":[{"href":"https:\/\/abilica.com\/no\/wp-json\/wp\/v2\/media?parent=31859"}],"curies":[{"name":"wp","href":"https:\/\/api.w.org\/{rel}","templated":true}]}}