{"id":31884,"date":"2023-07-21T10:32:17","date_gmt":"2023-07-21T09:32:17","guid":{"rendered":"https:\/\/abilica.com\/?page_id=31884"},"modified":"2023-07-21T10:32:17","modified_gmt":"2023-07-21T09:32:17","slug":"abilica-treadmills-bt","status":"publish","type":"page","link":"https:\/\/abilica.com\/no\/abilica-treadmills-bt\/","title":{"rendered":"Abilica Treadmills BT"},"content":{"rendered":"<div class=\"wpb-content-wrapper\"><p>[vc_row full_width=&raquo;stretch_row_content&raquo; css=&raquo;.vc_custom_1623321263853{background-color: #262626 !important;}&raquo;][vc_column width=&raquo;1\/4&#8243;][\/vc_column][vc_column width=&raquo;1\/2&#8243;][vc_icon icon_fontawesome=&raquo;fab fa-bluetooth-b&raquo; color=&raquo;white&raquo; size=&raquo;xl&raquo; align=&raquo;center&raquo; css_animation=&raquo;fadeInUp&raquo;][vc_column_text css_animation=&raquo;fadeInUp&raquo;]<\/p>\n<h1 style=\"text-align: center;\"><span style=\"color: #ffffff;\">NYHETER!<\/span><\/h1>\n<p>[\/vc_column_text][vc_single_image image=&raquo;38366&#8243; img_size=&raquo;full&raquo; alignment=&raquo;center&raquo; style=&raquo;vc_box_rounded&raquo; css_animation=&raquo;fadeInUp&raquo;][vc_column_text css_animation=&raquo;fadeInUp&raquo;]<\/p>\n<p style=\"text-align: justify;\"><span style=\"color: #ffffff;\">Vi vet at digitale l\u00f8sninger og interaktiv trening blir stadig viktigere. Derfor lanserer vi to nye tredem\u00f8ller med\u00a0integrert\u00a0Bluetooth slik at du kan ta treningen til nye h\u00f8yder, alene eller sammen med andre. Ved \u00e5 koble til en av de kompatible appene kan du l\u00f8pe sammen med andre i en virtuell verden eller du kan velge mellom tusenvis av\u00a0virkelige\u00a0ruter verden rundt fra ditt eget treningsrom eller stue.\u00a0<\/span><\/p>\n<p style=\"text-align: justify;\"><span style=\"color: #ffffff;\">Interaktiv trening har kommet for fullt den siste tiden, og det er det en grunn til. Appene gir en ny dimensjon til l\u00f8ping p\u00e5 tredem\u00f8lle som gj\u00f8r det b\u00e5de mer spennende og motiverende \u00e5 trene hjemme eller p\u00e5 trimrommet. Ved \u00e5 ha Bluetooth-funksjonalitet i tredem\u00f8llen kan du koble den direkte opp mot de kompatible appene for n\u00f8yaktig m\u00e5ling av fart, distanse og andre parametere som kaloriforbrenning.\u00a0\u00a0<\/span><\/p>\n<p style=\"text-align: justify;\"><span style=\"color: #ffffff;\">Felles for appene er at du bruker en enhet du allerede har og kobler denne opp mot tredem\u00f8llen. Appene finner du i\u00a0AppStore\u00a0og Google Play og fungerer p\u00e5 de aller fleste smarttelefoner og nettbrett, inkludert\u00a0iPhone\u00a0og\u00a0iPad. Flere har ogs\u00e5 st\u00f8tte for Apple TV og har du en Chromecast kan en Android telefon sende bildet videre til\u00a0for eksempel\u00a0en TV.\u00a0\u00a0<\/span><\/p>\n<p>[\/vc_column_text][\/vc_column][vc_column width=&raquo;1\/4&#8243;][\/vc_column][\/vc_row][vc_row full_width=&raquo;stretch_row_content&raquo; content_placement=&raquo;middle&raquo; css_animation=&raquo;none&raquo;][vc_column width=&raquo;1\/4&#8243;][\/vc_column][vc_column width=&raquo;1\/2&#8243;][vc_column_text css_animation=&raquo;fadeInUp&raquo;]<\/p>\n<p style=\"text-align: justify;\"><strong>Abilica TM 45 BT<\/strong><br \/>\nEn tredem\u00f8lle for deg med klare m\u00e5l for treningen. Den leveres med 2,5 HK DC motor. Tredem\u00f8llen har en hastighet fra 0,8 til 22 km\/t og l\u00f8peb\u00e5ndets m\u00e5l er 52 x 155 cm. Med st\u00f8rre l\u00f8peflate er det mulighet for st\u00f8rre fart. Derfor er Abilica TM 45 BT tilrettelagt for h\u00f8y fart og intervalltrening. Tredem\u00f8llen har 12 forh\u00e5ndsinnstilte programmer og elektronisk h\u00f8ydejustering i 15 niv\u00e5er. Den har hurtigtaster for fart og stigning og h\u00f8yttalere med tilkoblingsmuligheter for \u00e5 spille musikk. LCD-skjermen som viser tid, hastighet, distanse, kaloriforbruk og puls gj\u00f8r det lett \u00e5 f\u00f8lge med p\u00e5 utviklingen i treningen din.<\/p>\n<p>[\/vc_column_text][vc_column_text css_animation=&raquo;fadeInUp&raquo;]<\/p>\n<p style=\"text-align: justify;\"><strong>Abilica TM 65 AC BT<\/strong><br \/>\nV\u00e5r toppmodell for hjemmetrening. Den solide AC-motoren med 2 HK t\u00e5ler flere og lengre trenings\u00f8kter. Tredem\u00f8llen har en hastighet fra 0,8 til 22 km\/t og l\u00f8peb\u00e5ndets m\u00e5l er hele 52\u00d7158 cm. Med AC-motor og solid ramme er Abilica TM 65 BT et utmerket valg for ut\u00f8vere som krever at utstyret skal t\u00e5le flere og lengre trenings\u00f8kter. 12 forh\u00e5ndsinnstilte programmer samt elektronisk h\u00f8ydejustering i 15 niv\u00e5er, gir mulighet for en enorm variasjon. Hurtigtastene for fart og stigning gj\u00f8r den velegnet for b\u00e5de intervaller og langkj\u00f8ring. H\u00f8yttalerne har tilkoblingsmuligheter for \u00e5 spille musikk. LED-skjermen som viser tid, hastighet, distanse, kaloriforbruk og puls gj\u00f8r det lett \u00e5 f\u00f8lge med p\u00e5 utviklingen i treningen.<\/p>\n<p>[\/vc_column_text][products_mixed columns=&raquo;2&#8243; show_product_details=&raquo;true&raquo; ids=&raquo;37970,37969&#8243;][vc_empty_space][\/vc_column][vc_column width=&raquo;1\/4&#8243;][\/vc_column][\/vc_row][vc_row full_width=&raquo;stretch_row&raquo; css_animation=&raquo;none&raquo; css=&raquo;.vc_custom_1623338275272{background-color: #262626 !important;}&raquo;][vc_column][vc_icon icon_fontawesome=&raquo;fas fa-mobile-alt&raquo; color=&raquo;white&raquo; size=&raquo;xl&raquo; align=&raquo;center&raquo; css_animation=&raquo;fadeInUp&raquo;][vc_column_text css_animation=&raquo;fadeInUp&raquo;]<\/p>\n<h2 style=\"text-align: center;\"><span style=\"color: #ffffff;\"><span style=\"caret-color: #ffffff;\">APPENE<\/span><\/span><\/h2>\n<p style=\"text-align: center;\"><span style=\"color: #ffffff;\">Klikk p\u00e5 fanene for \u00e5 lese mer om hver enkelt app.<\/span><\/p>\n<p>[\/vc_column_text][vc_tta_accordion style=&raquo;flat&raquo; spacing=&raquo;5&#8243; gap=&raquo;5&#8243; c_icon=&raquo;triangle&raquo; c_position=&raquo;right&raquo; active_section=&raquo;91&#8243; css_animation=&raquo;fadeInUp&raquo; no_fill=&raquo;true&raquo; collapsible_all=&raquo;true&raquo;][vc_tta_section title=&raquo;Zwift&raquo; tab_id=&raquo;1623324446368-67ba9ac2-1d40&#8243;][vc_column_text]<\/p>\n<p style=\"text-align: justify;\"><span style=\"color: #ffffff;\"><img loading=\"lazy\" decoding=\"async\" class=\"alignnone wp-image-38291\" src=\"https:\/\/abilica.com\/no\/wp-content\/uploads\/2021\/06\/pasted-image-small-1258-300x70.png\" alt=\"\" width=\"150\" height=\"35\" \/><\/span><\/p>\n<p style=\"text-align: justify;\"><span style=\"color: #ffffff;\">Zwift\u00a0har som m\u00e5l \u00e5 gj\u00f8re innend\u00f8rs l\u00f8ping morsommere, mer engasjerende og gi deg\u00a0motivasjon\u00a0til \u00e5 trene regelmessig.\u00a0Med appen fra\u00a0Zwift\u00a0kan du l\u00f8pe eller g\u00e5 i imponerende virtuelle verdener, alene eller sammen med andre. I tillegg til \u00e5 tilby spennende verdener du l\u00f8per i har den ogs\u00e5 en sosial side der du kan l\u00f8pe og kommunisere med andre hvis du \u00f8nsker.\u00a0Finn vennene dine i appen og ta en l\u00f8petur sammen eller finn ut om din neste treningskompis kanskje befinner seg p\u00e5 andre siden av jorden. Hvor sosial du vil v\u00e6re er selvf\u00f8lgelig opp til deg. Du velger selv om du bare vil l\u00f8pe deg en tur, f\u00f8lge oppsatte treningsplaner eller delta i konkurranser med premier. I appen finner du grupper, planer og l\u00f8p for alle niv\u00e5er. S\u00e5 enten du \u00f8nsker \u00e5 trene deg opp til ditt f\u00f8rste maraton, forbedre tiden p\u00e5 fem kilometer eller bare komme i litt bedre form finner du\u00a0planer og l\u00f8p for deg. Du kan selvf\u00f8lgelig ogs\u00e5 lage dine egne planer eller legge inn en du har f\u00e5tt.\u00a0Bruker du allerede andre treningsapper,\u00a0for eksempel\u00a0Strava\u00a0eller Garmin for \u00e5 registrere\u00a0l\u00f8pteturen\u00a0din har\u00a0Zwift\u00a0integrasjon mot disse og mange flere.<\/span><\/p>\n<p style=\"text-align: justify;\"><span style=\"color: #ffffff;\">Zwift\u00a0kan pr\u00f8ves gratis i 7 dager og koster etter det $14,99 +\u00a0mva\u00a0per m\u00e5ned.<\/span><\/p>\n<p><a href=\"https:\/\/apps.apple.com\/us\/app\/id1134655040?mt=8\" target=\"_blank\" rel=\"noopener\"><img loading=\"lazy\" decoding=\"async\" class=\"alignnone wp-image-38300 size-medium\" src=\"https:\/\/abilica.com\/no\/wp-content\/uploads\/2021\/06\/Group-18-1-300x47.png\" alt=\"\" width=\"300\" height=\"47\" \/><\/a>\u00a0<a href=\"https:\/\/play.google.com\/store\/apps\/details?id=com.zwift.zwiftgame&amp;hl=en_US\" target=\"_blank\" rel=\"noopener\"><img loading=\"lazy\" decoding=\"async\" class=\"alignnone wp-image-38301 size-medium\" src=\"https:\/\/abilica.com\/no\/wp-content\/uploads\/2021\/06\/Group-17-1-300x47.png\" alt=\"\" width=\"300\" height=\"47\" \/><\/a>[\/vc_column_text][\/vc_tta_section][vc_tta_section title=&raquo;Kinomap&raquo; tab_id=&raquo;1623324446384-39de7337-f34b&raquo;][vc_column_text]<\/p>\n<p style=\"text-align: justify;\"><span style=\"color: #ffffff;\"><img loading=\"lazy\" decoding=\"async\" class=\"alignnone wp-image-38293\" src=\"https:\/\/abilica.com\/no\/wp-content\/uploads\/2021\/06\/1cf35717-2c7b-4b9d-b2c2-1f236e2f1876-1247-300x81.png\" alt=\"\" width=\"150\" height=\"40\" \/><\/span><\/p>\n<p style=\"text-align: justify;\"><span style=\"color: #ffffff;\">Kinomap\u00a0er en app som tar deg med ut i den virkelige verden gjennom skjermen hjemme. Du velger enkelt blant treningsruter over hele verden\u00a0som andre medlemmer har laget, det finnes ruter b\u00e5de for \u00e5 l\u00f8pe og g\u00e5. Bruken av\u00a0Kinomap\u00a0er basert p\u00e5\u00a0to moduser, &laquo;Challenge&raquo; og &laquo;Discovery&raquo;. I &laquo;Challenge&raquo; modus vil du se at du l\u00f8per mot den som har laget videoen og ruten, den som har l\u00f8pt best, opptil 6 andre p\u00e5 samme niv\u00e5 som deg, samt deg selv hvis du har l\u00f8pt ruten f\u00f8r. I tillegg vil farten i videoen gjenspeile den farten du faktisk l\u00f8per i. I &laquo;Discovery&raquo; modus spilles videoen av i tempoet den er tatt opp uavhengig av din egen fart, men du vil fortsatt kunne se hvordan du presterer mot andre.\u00a0Kinomap\u00a0har ogs\u00e5 et samfunn hvor du kan koble deg opp mot andre for \u00e5 l\u00f8pe sammen, ogs\u00e5 vennene dine.\u00a0\u00a0\u00a0<\/span><\/p>\n<p style=\"text-align: justify;\"><span style=\"color: #ffffff;\">Trenger du litt\u00a0coaching\u00a0eller ekstra motivasjon finnes ogs\u00e5 videoer med instrukt\u00f8r, b\u00e5de korte 30 minutters g\u00e5-\u00f8kter med fokus p\u00e5 fettforbrenning og planer som g\u00e5r over flere dager.\u00a0Kinomap\u00a0har integrasjon med flere andre treningsapper som\u00a0f.eks\u00a0Strava,\u00a0Runkeeper\u00a0og Training Peaks. \u00d8kter kan ogs\u00e5 lastes opp manuelt til de fleste andre l\u00f8sninger.\u00a0\u00a0<\/span><\/p>\n<p style=\"text-align: justify;\"><span style=\"color: #ffffff;\">Kinomap\u00a0kan pr\u00f8ves gratis i 14 dager og koster etter det \u20ac9,99 per m\u00e5ned. Med rabatt ved betaling for 1 \u00e5r eller ved kj\u00f8p av livstidsabonnement.\u00a0\u00a0<\/span><\/p>\n<p><a href=\"https:\/\/apps.apple.com\/us\/app\/kinomap\/id611177969\" target=\"_blank\" rel=\"noopener\"><img loading=\"lazy\" decoding=\"async\" class=\"alignnone size-medium wp-image-38300\" src=\"https:\/\/abilica.com\/no\/wp-content\/uploads\/2021\/06\/Group-18-1-300x47.png\" alt=\"\" width=\"300\" height=\"47\" \/><\/a>\u00a0<a href=\"https:\/\/play.google.com\/store\/apps\/details?id=com.kinomap.training&amp;hl=en&amp;gl=US\" target=\"_blank\" rel=\"noopener\"><img loading=\"lazy\" decoding=\"async\" class=\"alignnone size-medium wp-image-38301\" src=\"https:\/\/abilica.com\/no\/wp-content\/uploads\/2021\/06\/Group-17-1-300x47.png\" alt=\"\" width=\"300\" height=\"47\" \/><\/a>[\/vc_column_text][\/vc_tta_section][vc_tta_section title=&raquo;iConsole+&raquo; tab_id=&raquo;1623324478084-36428a10-b557&#8243;][vc_column_text]<\/p>\n<p style=\"text-align: justify;\"><span style=\"color: #ffffff;\"><img loading=\"lazy\" decoding=\"async\" class=\"alignnone wp-image-38292\" src=\"https:\/\/abilica.com\/no\/wp-content\/uploads\/2021\/06\/iconsole-1268-300x59.png\" alt=\"\" width=\"150\" height=\"30\" \/><\/span><\/p>\n<p style=\"text-align: justify;\"><span style=\"color: #ffffff;\">Med\u00a0iConsole+ kan du bruke funksjonen &laquo;Map\u00a0my\u00a0route&raquo; og ved hjelp av\u00a0Goolge\u00a0Maps\u00a0og Apple\u00a0Flyover\u00a0se p\u00e5 skjermen den ruta du har lagt opp. En l\u00f8petur rundt Eiffelt\u00e5rnet, i Alpene eller New York har aldri v\u00e6rt n\u00e6rmere.\u00a0iConsole+\u00a0hjelper deg ogs\u00e5 \u00e5 holde oversikt over treningen og kan fortelle deg n\u00e5r du b\u00f8r trene igjen neste gang eller om du trener for mye.\u00a0\u00a0<\/span><\/p>\n<p><a href=\"https:\/\/apps.apple.com\/us\/app\/ic-training\/id1347028353\" target=\"_blank\" rel=\"noopener\"><img loading=\"lazy\" decoding=\"async\" class=\"alignnone size-medium wp-image-38300\" src=\"https:\/\/abilica.com\/no\/wp-content\/uploads\/2021\/06\/Group-18-1-300x47.png\" alt=\"\" width=\"300\" height=\"47\" \/><\/a>\u00a0<a href=\"https:\/\/play.google.com\/store\/apps\/details?id=com.changyow.icp4th&amp;hl=en&amp;gl=US\" target=\"_blank\" rel=\"noopener\"><img loading=\"lazy\" decoding=\"async\" class=\"alignnone size-medium wp-image-38301\" src=\"https:\/\/abilica.com\/no\/wp-content\/uploads\/2021\/06\/Group-17-1-300x47.png\" alt=\"\" width=\"300\" height=\"47\" \/><\/a>[\/vc_column_text][\/vc_tta_section][\/vc_tta_accordion][vc_single_image image=&raquo;38309&#8243; img_size=&raquo;full&raquo; alignment=&raquo;center&raquo; css_animation=&raquo;fadeInUp&raquo;][vc_empty_space][\/vc_column][\/vc_row][vc_row][vc_column][vc_empty_space][vc_column_text css_animation=&raquo;fadeInUp&raquo;]<\/p>\n<h2 style=\"text-align: center;\">EKSTRAUTSTYR &amp; VEDLIKEHOLD<\/h2>\n<p style=\"text-align: center;\">Vi er opptatt av \u00e5 lage produkter som skal holde lenge, b\u00e5de for at du skal f\u00e5 mest mulig ut av investeringen og fordi det er mer b\u00e6rekraftig. En tredem\u00f8lle m\u00e5 t\u00e5le stor belastning og har mange bevegelige deler som b\u00f8r vedlikeholdes jevnlig. Vi har derfor satt sammen egne vedlikeholdspakker med det du trenger.<\/p>\n<p>[\/vc_column_text][vc_btn title=&raquo;Vedlikeholdstips for tredem\u00f8lle&raquo; style=&raquo;flat&raquo; color=&raquo;black&raquo; size=&raquo;sm&raquo; align=&raquo;center&raquo; css_animation=&raquo;fadeInUp&raquo; link=&raquo;url:https%3A%2F%2Fabilica.com%2Fno%2Ftreningsartikler%2Fkondisjon%2Fvedlikehold-av-treningsapparater%2F|title:Vedlikehold%20av%20treningsapparater&raquo;][products_mixed columns=&raquo;2&#8243; show_product_details=&raquo;true&raquo; ids=&raquo;29522,2227&#8243;][vc_empty_space][\/vc_column][\/vc_row][vc_row full_width=&raquo;stretch_row&raquo; css=&raquo;.vc_custom_1623328947293{background-color: #262626 !important;}&raquo;][vc_column][vc_column_text css_animation=&raquo;fadeInUp&raquo;]<\/p>\n<h2 style=\"text-align: center;\"><span style=\"color: #ffffff;\">TRENINGSTIPS<\/span><\/h2>\n<p style=\"text-align: center;\"><span style=\"color: #ffffff;\">En god trenings\u00f8kt p\u00e5 tredem\u00f8lle inneholder ikke bare selve l\u00f8pe\u00f8kten. Det kan v\u00e6re smart med b\u00e5de oppvarming og restitusjon for \u00e5 f\u00e5 det beste ut av trenings\u00f8kten. Her f\u00e5r du tips til trenings\u00f8kter med tredem\u00f8lle samt restitusjon.<\/span><\/p>\n<p>[\/vc_column_text][vc_empty_space height=&raquo;22px&raquo;][vc_row_inner][vc_column_inner width=&raquo;1\/2&#8243;][vc_single_image image=&raquo;38365&#8243; img_size=&raquo;full&raquo; alignment=&raquo;center&raquo; style=&raquo;vc_box_rounded&raquo; onclick=&raquo;custom_link&raquo; img_link_target=&raquo;_blank&raquo; css_animation=&raquo;fadeInUp&raquo; link=&raquo;https:\/\/abilica.com\/no\/treningsartikler\/kondisjon\/&raquo;][vc_column_text css_animation=&raquo;fadeInUp&raquo;]<\/p>\n<p style=\"text-align: center;\"><a href=\"https:\/\/abilica.com\/no\/treningsartikler\/kondisjon\/\" target=\"_blank\" rel=\"noopener\"><span style=\"color: #ffffff;\">Treningstips for trening p\u00e5 tredem\u00f8lle<\/span><\/a><\/p>\n<p>[\/vc_column_text][\/vc_column_inner][vc_column_inner width=&raquo;1\/2&#8243;][vc_single_image image=&raquo;38364&#8243; img_size=&raquo;full&raquo; alignment=&raquo;center&raquo; style=&raquo;vc_box_rounded&raquo; onclick=&raquo;custom_link&raquo; img_link_target=&raquo;_blank&raquo; css_animation=&raquo;fadeInUp&raquo; link=&raquo;https:\/\/abilica.com\/no\/treningsartikler\/restitusjon\/&raquo;][vc_column_text css_animation=&raquo;fadeInUp&raquo;]<\/p>\n<p style=\"text-align: center;\"><a href=\"https:\/\/abilica.com\/no\/treningsartikler\/restitusjon\/\" target=\"_blank\" rel=\"noopener\"><span style=\"color: #ffffff;\">Treningstips for oppvarming og restitusjon<\/span><\/a><\/p>\n<p>[\/vc_column_text][\/vc_column_inner][\/vc_row_inner][vc_empty_space][\/vc_column][\/vc_row][vc_row full_width=&raquo;stretch_row_content&raquo;][vc_column][vc_empty_space][vc_column_text css_animation=&raquo;fadeInUp&raquo;]<\/p>\n<h2 style=\"text-align: center;\">KAN DU IKKE L\u00d8PE?<\/h2>\n<p style=\"text-align: center;\">Sjekk v\u00e5re andre produkter for kondisjonstrening her<\/p>\n<p>[\/vc_column_text][products_mixed show_product_details=&raquo;true&raquo; ids=&raquo;33484,19285,32562,2356&#8243;][vc_empty_space][vc_btn title=&raquo;Se alle produkter&raquo; style=&raquo;flat&raquo; color=&raquo;black&raquo; size=&raquo;sm&raquo; align=&raquo;center&raquo; css_animation=&raquo;fadeInUp&raquo; link=&raquo;url:https%3A%2F%2Fabilica.com%2Fno%2Fkondisjon%2F|target:_blank&raquo;][vc_empty_space][\/vc_column][\/vc_row][vc_row full_width=&raquo;stretch_row&raquo; css=&raquo;.vc_custom_1623328947293{background-color: #262626 !important;}&raquo;][vc_column][vc_column_text css_animation=&raquo;fadeInUp&raquo;]<\/p>\n<p style=\"text-align: center;\"><img loading=\"lazy\" decoding=\"async\" class=\"alignnone size-medium wp-image-38353\" src=\"https:\/\/abilica.com\/no\/wp-content\/uploads\/2021\/06\/Abilica-ECO-white-300x300.png\" alt=\"\" width=\"300\" height=\"300\" \/><\/p>\n<p style=\"text-align: center;\"><span style=\"color: #ffffff;\">Takk for at du tenker p\u00e5 helsen din.<\/span><br \/>\n<span style=\"color: #ffffff;\">Og takk for at du bryr deg om milj\u00f8et.<\/span><br \/>\n<span style=\"color: #ffffff;\">V\u00e5r lidenskap er \u00e5 produsere produkter av h\u00f8y kvalitet,<\/span><br \/>\n<span style=\"color: #ffffff;\">spre treningsglede og v\u00e6re b\u00e6rekraftig.<\/span><br \/>\n<span style=\"color: #ffffff;\">Vi tror vi har lyktes med dette.<\/span><\/p>\n<p>[\/vc_column_text][vc_empty_space][\/vc_column][\/vc_row]<\/p>\n<\/div>","protected":false},"excerpt":{"rendered":"<p>[vc_row full_width=&raquo;stretch_row_content&raquo; css=&raquo;.vc_custom_1623321263853{background-color: #262626 !important;}&raquo;][vc_column width=&raquo;1\/4&#8243;][\/vc_column][vc_column width=&raquo;1\/2&#8243;][vc_icon icon_fontawesome=&raquo;fab fa-bluetooth-b&raquo; color=&raquo;white&raquo; size=&raquo;xl&raquo; align=&raquo;center&raquo; css_animation=&raquo;fadeInUp&raquo;][vc_column_text css_animation=&raquo;fadeInUp&raquo;] NYHETER!&#8230;<\/p>\n","protected":false},"author":13,"featured_media":0,"parent":0,"menu_order":0,"comment_status":"closed","ping_status":"closed","template":"","meta":{"_acf_changed":false,"footnotes":""},"class_list":["post-31884","page","type-page","status-publish","hentry"],"acf":[],"yoast_head":"<!-- This site is optimized with the Yoast SEO Premium plugin v21.1 (Yoast SEO v25.4) - https:\/\/yoast.com\/wordpress\/plugins\/seo\/ -->\n<title>Abilica Treadmills BT &#8226; Abilica<\/title>\n<meta name=\"robots\" content=\"index, follow, max-snippet:-1, max-image-preview:large, max-video-preview:-1\" \/>\n<link rel=\"canonical\" href=\"https:\/\/abilica.com\/no\/abilica-treadmills-bt\/\" \/>\n<meta property=\"og:locale\" content=\"nb_NO\" \/>\n<meta property=\"og:type\" content=\"article\" \/>\n<meta property=\"og:title\" content=\"Abilica Treadmills BT\" \/>\n<meta property=\"og:description\" content=\"[vc_row full_width=&raquo;stretch_row_content&raquo; css=&raquo;.vc_custom_1623321263853{background-color: #262626 !important;}&raquo;][vc_column width=&raquo;1\/4&#8243;][\/vc_column][vc_column width=&raquo;1\/2&#8243;][vc_icon icon_fontawesome=&raquo;fab fa-bluetooth-b&raquo; color=&raquo;white&raquo; size=&raquo;xl&raquo; align=&raquo;center&raquo; css_animation=&raquo;fadeInUp&raquo;][vc_column_text css_animation=&raquo;fadeInUp&raquo;] NYHETER!...\" \/>\n<meta property=\"og:url\" content=\"https:\/\/abilica.com\/no\/abilica-treadmills-bt\/\" \/>\n<meta property=\"og:site_name\" content=\"Abilica\" \/>\n<meta property=\"article:publisher\" content=\"https:\/\/www.facebook.com\/abilicahometraining\/\" \/>\n<meta property=\"og:image\" content=\"https:\/\/abilica.com\/no\/wp-content\/uploads\/2021\/06\/pasted-image-small-1258-300x70.png\" \/>\n<meta name=\"twitter:card\" content=\"summary_large_image\" \/>\n<meta name=\"twitter:label1\" content=\"Ansl. lesetid\" \/>\n\t<meta name=\"twitter:data1\" content=\"9 minutter\" \/>\n<script type=\"application\/ld+json\" class=\"yoast-schema-graph\">{\"@context\":\"https:\/\/schema.org\",\"@graph\":[{\"@type\":\"WebPage\",\"@id\":\"https:\/\/abilica.com\/no\/abilica-treadmills-bt\/\",\"url\":\"https:\/\/abilica.com\/no\/abilica-treadmills-bt\/\",\"name\":\"Abilica Treadmills BT &#8226; Abilica\",\"isPartOf\":{\"@id\":\"https:\/\/abilica.com\/#website\"},\"primaryImageOfPage\":{\"@id\":\"https:\/\/abilica.com\/no\/abilica-treadmills-bt\/#primaryimage\"},\"image\":{\"@id\":\"https:\/\/abilica.com\/no\/abilica-treadmills-bt\/#primaryimage\"},\"thumbnailUrl\":\"https:\/\/abilica.com\/no\/wp-content\/uploads\/2021\/06\/pasted-image-small-1258-300x70.png\",\"datePublished\":\"2023-07-21T09:32:17+00:00\",\"breadcrumb\":{\"@id\":\"https:\/\/abilica.com\/no\/abilica-treadmills-bt\/#breadcrumb\"},\"inLanguage\":\"nb-NO\",\"potentialAction\":[{\"@type\":\"ReadAction\",\"target\":[\"https:\/\/abilica.com\/no\/abilica-treadmills-bt\/\"]}]},{\"@type\":\"ImageObject\",\"inLanguage\":\"nb-NO\",\"@id\":\"https:\/\/abilica.com\/no\/abilica-treadmills-bt\/#primaryimage\",\"url\":\"https:\/\/abilica.com\/no\/wp-content\/uploads\/2021\/06\/pasted-image-small-1258-300x70.png\",\"contentUrl\":\"https:\/\/abilica.com\/no\/wp-content\/uploads\/2021\/06\/pasted-image-small-1258-300x70.png\"},{\"@type\":\"BreadcrumbList\",\"@id\":\"https:\/\/abilica.com\/no\/abilica-treadmills-bt\/#breadcrumb\",\"itemListElement\":[{\"@type\":\"ListItem\",\"position\":1,\"name\":\"Hem\",\"item\":\"https:\/\/abilica.com\/no\/\"},{\"@type\":\"ListItem\",\"position\":2,\"name\":\"Abilica Treadmills BT\"}]},{\"@type\":\"WebSite\",\"@id\":\"https:\/\/abilica.com\/#website\",\"url\":\"https:\/\/abilica.com\/\",\"name\":\"Abilica\",\"description\":\"Abilica Home Training\",\"potentialAction\":[{\"@type\":\"SearchAction\",\"target\":{\"@type\":\"EntryPoint\",\"urlTemplate\":\"https:\/\/abilica.com\/?s={search_term_string}\"},\"query-input\":{\"@type\":\"PropertyValueSpecification\",\"valueRequired\":true,\"valueName\":\"search_term_string\"}}],\"inLanguage\":\"nb-NO\"}]}<\/script>\n<!-- \/ Yoast SEO Premium plugin. -->","yoast_head_json":{"title":"Abilica Treadmills BT &#8226; Abilica","robots":{"index":"index","follow":"follow","max-snippet":"max-snippet:-1","max-image-preview":"max-image-preview:large","max-video-preview":"max-video-preview:-1"},"canonical":"https:\/\/abilica.com\/no\/abilica-treadmills-bt\/","og_locale":"nb_NO","og_type":"article","og_title":"Abilica Treadmills BT","og_description":"[vc_row full_width=&raquo;stretch_row_content&raquo; css=&raquo;.vc_custom_1623321263853{background-color: #262626 !important;}&raquo;][vc_column width=&raquo;1\/4&#8243;][\/vc_column][vc_column width=&raquo;1\/2&#8243;][vc_icon icon_fontawesome=&raquo;fab fa-bluetooth-b&raquo; color=&raquo;white&raquo; size=&raquo;xl&raquo; align=&raquo;center&raquo; css_animation=&raquo;fadeInUp&raquo;][vc_column_text css_animation=&raquo;fadeInUp&raquo;] NYHETER!...","og_url":"https:\/\/abilica.com\/no\/abilica-treadmills-bt\/","og_site_name":"Abilica","article_publisher":"https:\/\/www.facebook.com\/abilicahometraining\/","og_image":[{"url":"https:\/\/abilica.com\/no\/wp-content\/uploads\/2021\/06\/pasted-image-small-1258-300x70.png","type":"","width":"","height":""}],"twitter_card":"summary_large_image","twitter_misc":{"Ansl. lesetid":"9 minutter"},"schema":{"@context":"https:\/\/schema.org","@graph":[{"@type":"WebPage","@id":"https:\/\/abilica.com\/no\/abilica-treadmills-bt\/","url":"https:\/\/abilica.com\/no\/abilica-treadmills-bt\/","name":"Abilica Treadmills BT &#8226; Abilica","isPartOf":{"@id":"https:\/\/abilica.com\/#website"},"primaryImageOfPage":{"@id":"https:\/\/abilica.com\/no\/abilica-treadmills-bt\/#primaryimage"},"image":{"@id":"https:\/\/abilica.com\/no\/abilica-treadmills-bt\/#primaryimage"},"thumbnailUrl":"https:\/\/abilica.com\/no\/wp-content\/uploads\/2021\/06\/pasted-image-small-1258-300x70.png","datePublished":"2023-07-21T09:32:17+00:00","breadcrumb":{"@id":"https:\/\/abilica.com\/no\/abilica-treadmills-bt\/#breadcrumb"},"inLanguage":"nb-NO","potentialAction":[{"@type":"ReadAction","target":["https:\/\/abilica.com\/no\/abilica-treadmills-bt\/"]}]},{"@type":"ImageObject","inLanguage":"nb-NO","@id":"https:\/\/abilica.com\/no\/abilica-treadmills-bt\/#primaryimage","url":"https:\/\/abilica.com\/no\/wp-content\/uploads\/2021\/06\/pasted-image-small-1258-300x70.png","contentUrl":"https:\/\/abilica.com\/no\/wp-content\/uploads\/2021\/06\/pasted-image-small-1258-300x70.png"},{"@type":"BreadcrumbList","@id":"https:\/\/abilica.com\/no\/abilica-treadmills-bt\/#breadcrumb","itemListElement":[{"@type":"ListItem","position":1,"name":"Hem","item":"https:\/\/abilica.com\/no\/"},{"@type":"ListItem","position":2,"name":"Abilica Treadmills BT"}]},{"@type":"WebSite","@id":"https:\/\/abilica.com\/#website","url":"https:\/\/abilica.com\/","name":"Abilica","description":"Abilica Home Training","potentialAction":[{"@type":"SearchAction","target":{"@type":"EntryPoint","urlTemplate":"https:\/\/abilica.com\/?s={search_term_string}"},"query-input":{"@type":"PropertyValueSpecification","valueRequired":true,"valueName":"search_term_string"}}],"inLanguage":"nb-NO"}]}},"_links":{"self":[{"href":"https:\/\/abilica.com\/no\/wp-json\/wp\/v2\/pages\/31884","targetHints":{"allow":["GET"]}}],"collection":[{"href":"https:\/\/abilica.com\/no\/wp-json\/wp\/v2\/pages"}],"about":[{"href":"https:\/\/abilica.com\/no\/wp-json\/wp\/v2\/types\/page"}],"author":[{"embeddable":true,"href":"https:\/\/abilica.com\/no\/wp-json\/wp\/v2\/users\/13"}],"replies":[{"embeddable":true,"href":"https:\/\/abilica.com\/no\/wp-json\/wp\/v2\/comments?post=31884"}],"version-history":[{"count":1,"href":"https:\/\/abilica.com\/no\/wp-json\/wp\/v2\/pages\/31884\/revisions"}],"predecessor-version":[{"id":31885,"href":"https:\/\/abilica.com\/no\/wp-json\/wp\/v2\/pages\/31884\/revisions\/31885"}],"wp:attachment":[{"href":"https:\/\/abilica.com\/no\/wp-json\/wp\/v2\/media?parent=31884"}],"curies":[{"name":"wp","href":"https:\/\/api.w.org\/{rel}","templated":true}]}}