{"id":31894,"date":"2023-07-21T10:36:16","date_gmt":"2023-07-21T09:36:16","guid":{"rendered":"https:\/\/abilica.com\/?page_id=31894"},"modified":"2023-07-21T10:36:16","modified_gmt":"2023-07-21T09:36:16","slug":"abilica-weightvest-shapeup-convention","status":"publish","type":"page","link":"https:\/\/abilica.com\/no\/abilica-weightvest-shapeup-convention\/","title":{"rendered":"Abilica WeightVest @ ShapeUp Convention"},"content":{"rendered":"<div class=\"wpb-content-wrapper\"><p>[vc_row full_width=&raquo;stretch_row_content&raquo; full_height=&raquo;yes&raquo; columns_placement=&raquo;bottom&raquo; content_placement=&raquo;bottom&raquo; css=&raquo;.vc_custom_1519634079732{padding-right: 0px !important;padding-left: 0px !important;background-image: url(https:\/\/abilica.com\/no\/wp-content\/uploads\/2018\/02\/IMG_3470.jpg?id=23002) !important;background-position: center !important;background-repeat: no-repeat !important;background-size: cover !important;}&raquo;][vc_column css=&raquo;.vc_custom_1481535811428{padding-right: 0px !important;padding-left: 0px !important;}&raquo;][vc_column_text]<\/p>\n<h2 style=\"text-align: center;\"><span style=\"color: #ffffff;\">Abilica @ShapeUp Convention<\/span><\/h2>\n<p>[\/vc_column_text][vc_icon icon_fontawesome=&raquo;fa fa-angle-down&raquo; color=&raquo;white&raquo; size=&raquo;xl&raquo; align=&raquo;center&raquo; css_animation=&raquo;none&raquo;][\/vc_column][\/vc_row][vc_row css=&raquo;.vc_custom_1513084274915{padding-right: 25px !important;padding-left: 25px !important;background-position: center !important;background-repeat: no-repeat !important;background-size: cover !important;}&raquo;][vc_column css=&raquo;.vc_custom_1481535811428{padding-right: 0px !important;padding-left: 0px !important;}&raquo;][vc_empty_space][vc_column_text css_animation=&raquo;fadeInUp&raquo;]<\/p>\n<h1 style=\"text-align: center;\">THE WORKOUT<\/h1>\n<p>[\/vc_column_text][vc_row_inner][vc_column_inner width=&raquo;1\/6&#8243;][\/vc_column_inner][vc_column_inner width=&raquo;2\/3&#8243;][vc_column_text css_animation=&raquo;fadeInUp&raquo;]Vi starter med en dynamisk oppvarming i 5 minutter f\u00f8r vi viser \u00f8velsene. Vi kj\u00f8rer p\u00e5 i 60 sekunder og tar 30 sekunder pause, fordelt p\u00e5 8 stasjoner. Etter at runde 1 er gjennomf\u00f8rt tar vi en pause p\u00e5 3 minutter f\u00f8r vi kj\u00f8rer i gang runde 2. Vi runder av \u00f8kta med en finisher! Du trenger: Vektvest, timer og musikk.<\/p>\n<p><strong>CIRCLE x 2<br \/>\n<\/strong>1. Jump squats<br \/>\n2. Front to back lunges<br \/>\n3. Pushups<br \/>\n4. Burpees<br \/>\n5. Commandos<br \/>\n6. Jumping lunges<br \/>\n7. Single-leg hip trust<br \/>\n8. Mountain climbers<\/p>\n<p><strong>FINISHER<\/strong><br \/>\nGjennomf\u00f8r kneb\u00f8y i takt med Moby &#8211; \u201cBring Sally Up\u201d.<\/p>\n<p><strong>PLAYLIST<\/strong><br \/>\n<a href=\"https:\/\/open.spotify.com\/user\/abilicamusic\/playlist\/6BAbVZPEO10z7k1aRTCaRK?si=MLmQKD-YRx-uW7nmZSJnpg\">Spillelisten vi brukte under timen kan du finne hos Abilica Music p\u00e5 Spotify her.<\/a>[\/vc_column_text][vc_icon icon_fontawesome=&raquo;fa fa-spotify&raquo; color=&raquo;green&raquo; size=&raquo;xl&raquo; css_animation=&raquo;fadeInUp&raquo; link=&raquo;url:https%3A%2F%2Fopen.spotify.com%2Fuser%2Fabilicamusic%2Fplaylist%2F6BAbVZPEO10z7k1aRTCaRK%3Fsi%3DMLmQKD-YRx-uW7nmZSJnpg||target:%20_blank|&raquo;][\/vc_column_inner][vc_column_inner width=&raquo;1\/6&#8243;][\/vc_column_inner][\/vc_row_inner][vc_empty_space height=&raquo;52px&raquo;][\/vc_column][\/vc_row][vc_row full_width=&raquo;stretch_row_content&raquo; css=&raquo;.vc_custom_1519305556265{padding-right: 0px !important;padding-left: 0px !important;background-color: #7474c1 !important;background-position: center !important;background-repeat: no-repeat !important;background-size: cover !important;}&raquo;][vc_column css=&raquo;.vc_custom_1481535811428{padding-right: 0px !important;padding-left: 0px !important;}&raquo;][vc_column_text css_animation=&raquo;fadeInUp&raquo;]<\/p>\n<h1 style=\"text-align: center;\"><span style=\"color: #ffffff;\">INSTRUKT\u00d8RER<\/span><\/h1>\n<p>[\/vc_column_text][vc_single_image image=&raquo;22942&#8243; img_size=&raquo;full&raquo; alignment=&raquo;center&raquo; css_animation=&raquo;fadeInUp&raquo; css=&raquo;.vc_custom_1519305943539{margin-right: 0px !important;margin-left: 0px !important;border-right-width: 0px !important;border-left-width: 0px !important;padding-right: 0px !important;padding-left: 0px !important;}&raquo;][\/vc_column][\/vc_row][vc_row full_width=&raquo;stretch_row_content&raquo; css=&raquo;.vc_custom_1519305556265{padding-right: 0px !important;padding-left: 0px !important;background-color: #7474c1 !important;background-position: center !important;background-repeat: no-repeat !important;background-size: cover !important;}&raquo;][vc_column width=&raquo;1\/2&#8243; css=&raquo;.vc_custom_1481535811428{padding-right: 0px !important;padding-left: 0px !important;}&raquo;][vc_column_text css_animation=&raquo;fadeInUp&raquo;]<\/p>\n<h1 style=\"text-align: center;\"><a href=\"https:\/\/www.instagram.com\/kristinbirkelund\/\"><span style=\"color: #ffffff;\">Kristin Birkelund<\/span><\/a><\/h1>\n<p style=\"text-align: center;\"><a href=\"https:\/\/www.instagram.com\/kristinbirkelund\/\"><strong><span style=\"color: #ffffff;\">@kristinbirkelund<\/span><\/strong><\/a><\/p>\n<p>[\/vc_column_text][vc_icon icon_fontawesome=&raquo;fa fa-instagram&raquo; color=&raquo;white&raquo; size=&raquo;xl&raquo; align=&raquo;center&raquo; css_animation=&raquo;fadeInUp&raquo; link=&raquo;url:https%3A%2F%2Fwww.instagram.com%2Fkristinbirkelund%2F||target:%20_blank|&raquo;][vc_empty_space][\/vc_column][vc_column width=&raquo;1\/2&#8243;][vc_column_text css_animation=&raquo;fadeInUp&raquo;]<\/p>\n<h1 style=\"text-align: center;\"><a href=\"https:\/\/www.instagram.com\/marenerdvik\/\"><span style=\"color: #ffffff;\">Maren Erdvik<\/span><\/a><\/h1>\n<p style=\"text-align: center;\"><a href=\"https:\/\/www.instagram.com\/marenerdvik\/\"><strong><span style=\"color: #ffffff;\">@marenerdvik<\/span><\/strong><\/a><\/p>\n<p>[\/vc_column_text][vc_icon icon_fontawesome=&raquo;fa fa-instagram&raquo; color=&raquo;white&raquo; size=&raquo;xl&raquo; align=&raquo;center&raquo; css_animation=&raquo;fadeInUp&raquo; link=&raquo;url:https%3A%2F%2Fwww.instagram.com%2Fmarenerdvik%2F||target:%20_blank|&raquo;][vc_empty_space][\/vc_column][\/vc_row][vc_row full_width=&raquo;stretch_row_content&raquo; css=&raquo;.vc_custom_1511962770849{padding-right: 0px !important;padding-left: 0px !important;background-position: center !important;background-repeat: no-repeat !important;background-size: cover !important;}&raquo;][vc_column css=&raquo;.vc_custom_1481535811428{padding-right: 0px !important;padding-left: 0px !important;}&raquo;][vc_empty_space][vc_column_text css_animation=&raquo;fadeInUp&raquo;]<\/p>\n<h1 style=\"text-align: center;\">Kj\u00f8p din vektvest n\u00e5<\/h1>\n<h3 style=\"text-align: center;\"><\/h3>\n<p>[\/vc_column_text][vc_empty_space][vc_row_inner][vc_column_inner width=&raquo;1\/4&#8243;][\/vc_column_inner][vc_column_inner width=&raquo;1\/4&#8243;][product_mod id=&raquo;2639&#8243;][\/vc_column_inner][vc_column_inner width=&raquo;1\/4&#8243;][product_mod id=&raquo;2599&#8243;][\/vc_column_inner][vc_column_inner width=&raquo;1\/4&#8243;][\/vc_column_inner][\/vc_row_inner][vc_empty_space height=&raquo;90px&raquo;][\/vc_column][\/vc_row]<\/p>\n<\/div>","protected":false},"excerpt":{"rendered":"<p>[vc_row full_width=&raquo;stretch_row_content&raquo; full_height=&raquo;yes&raquo; columns_placement=&raquo;bottom&raquo; content_placement=&raquo;bottom&raquo; css=&raquo;.vc_custom_1519634079732{padding-right: 0px !important;padding-left: 0px !important;background-image: url(https:\/\/abilica.com\/no\/wp-content\/uploads\/2018\/02\/IMG_3470.jpg?id=23002) !important;background-position: center !important;background-repeat: no-repeat&#8230;<\/p>\n","protected":false},"author":13,"featured_media":0,"parent":0,"menu_order":0,"comment_status":"closed","ping_status":"closed","template":"","meta":{"_acf_changed":false,"footnotes":""},"class_list":["post-31894","page","type-page","status-publish","hentry"],"acf":[],"yoast_head":"<!-- This site is optimized with the Yoast SEO Premium plugin v21.1 (Yoast SEO v25.4) - https:\/\/yoast.com\/wordpress\/plugins\/seo\/ -->\n<title>Abilica WeightVest @ ShapeUp Convention &#8226; Abilica<\/title>\n<meta name=\"robots\" content=\"index, follow, max-snippet:-1, max-image-preview:large, max-video-preview:-1\" \/>\n<link rel=\"canonical\" href=\"https:\/\/abilica.com\/no\/abilica-weightvest-shapeup-convention\/\" \/>\n<meta property=\"og:locale\" content=\"nb_NO\" \/>\n<meta property=\"og:type\" content=\"article\" \/>\n<meta property=\"og:title\" content=\"Abilica WeightVest @ ShapeUp Convention\" \/>\n<meta property=\"og:description\" content=\"[vc_row full_width=&raquo;stretch_row_content&raquo; full_height=&raquo;yes&raquo; columns_placement=&raquo;bottom&raquo; content_placement=&raquo;bottom&raquo; css=&raquo;.vc_custom_1519634079732{padding-right: 0px !important;padding-left: 0px !important;background-image: url(https:\/\/abilica.com\/no\/wp-content\/uploads\/2018\/02\/IMG_3470.jpg?id=23002) !important;background-position: center !important;background-repeat: no-repeat...\" \/>\n<meta property=\"og:url\" content=\"https:\/\/abilica.com\/no\/abilica-weightvest-shapeup-convention\/\" \/>\n<meta property=\"og:site_name\" content=\"Abilica\" \/>\n<meta property=\"article:publisher\" content=\"https:\/\/www.facebook.com\/abilicahometraining\/\" \/>\n<meta name=\"twitter:card\" content=\"summary_large_image\" \/>\n<meta name=\"twitter:label1\" content=\"Ansl. lesetid\" \/>\n\t<meta name=\"twitter:data1\" content=\"3 minutter\" \/>\n<script type=\"application\/ld+json\" class=\"yoast-schema-graph\">{\"@context\":\"https:\/\/schema.org\",\"@graph\":[{\"@type\":\"WebPage\",\"@id\":\"https:\/\/abilica.com\/no\/abilica-weightvest-shapeup-convention\/\",\"url\":\"https:\/\/abilica.com\/no\/abilica-weightvest-shapeup-convention\/\",\"name\":\"Abilica WeightVest @ ShapeUp Convention &#8226; Abilica\",\"isPartOf\":{\"@id\":\"https:\/\/abilica.com\/#website\"},\"datePublished\":\"2023-07-21T09:36:16+00:00\",\"breadcrumb\":{\"@id\":\"https:\/\/abilica.com\/no\/abilica-weightvest-shapeup-convention\/#breadcrumb\"},\"inLanguage\":\"nb-NO\",\"potentialAction\":[{\"@type\":\"ReadAction\",\"target\":[\"https:\/\/abilica.com\/no\/abilica-weightvest-shapeup-convention\/\"]}]},{\"@type\":\"BreadcrumbList\",\"@id\":\"https:\/\/abilica.com\/no\/abilica-weightvest-shapeup-convention\/#breadcrumb\",\"itemListElement\":[{\"@type\":\"ListItem\",\"position\":1,\"name\":\"Hem\",\"item\":\"https:\/\/abilica.com\/no\/\"},{\"@type\":\"ListItem\",\"position\":2,\"name\":\"Abilica WeightVest @ ShapeUp Convention\"}]},{\"@type\":\"WebSite\",\"@id\":\"https:\/\/abilica.com\/#website\",\"url\":\"https:\/\/abilica.com\/\",\"name\":\"Abilica\",\"description\":\"Abilica Home Training\",\"potentialAction\":[{\"@type\":\"SearchAction\",\"target\":{\"@type\":\"EntryPoint\",\"urlTemplate\":\"https:\/\/abilica.com\/?s={search_term_string}\"},\"query-input\":{\"@type\":\"PropertyValueSpecification\",\"valueRequired\":true,\"valueName\":\"search_term_string\"}}],\"inLanguage\":\"nb-NO\"}]}<\/script>\n<!-- \/ Yoast SEO Premium plugin. -->","yoast_head_json":{"title":"Abilica WeightVest @ ShapeUp Convention &#8226; Abilica","robots":{"index":"index","follow":"follow","max-snippet":"max-snippet:-1","max-image-preview":"max-image-preview:large","max-video-preview":"max-video-preview:-1"},"canonical":"https:\/\/abilica.com\/no\/abilica-weightvest-shapeup-convention\/","og_locale":"nb_NO","og_type":"article","og_title":"Abilica WeightVest @ ShapeUp Convention","og_description":"[vc_row full_width=&raquo;stretch_row_content&raquo; full_height=&raquo;yes&raquo; columns_placement=&raquo;bottom&raquo; content_placement=&raquo;bottom&raquo; css=&raquo;.vc_custom_1519634079732{padding-right: 0px !important;padding-left: 0px !important;background-image: url(https:\/\/abilica.com\/no\/wp-content\/uploads\/2018\/02\/IMG_3470.jpg?id=23002) !important;background-position: center !important;background-repeat: no-repeat...","og_url":"https:\/\/abilica.com\/no\/abilica-weightvest-shapeup-convention\/","og_site_name":"Abilica","article_publisher":"https:\/\/www.facebook.com\/abilicahometraining\/","twitter_card":"summary_large_image","twitter_misc":{"Ansl. lesetid":"3 minutter"},"schema":{"@context":"https:\/\/schema.org","@graph":[{"@type":"WebPage","@id":"https:\/\/abilica.com\/no\/abilica-weightvest-shapeup-convention\/","url":"https:\/\/abilica.com\/no\/abilica-weightvest-shapeup-convention\/","name":"Abilica WeightVest @ ShapeUp Convention &#8226; Abilica","isPartOf":{"@id":"https:\/\/abilica.com\/#website"},"datePublished":"2023-07-21T09:36:16+00:00","breadcrumb":{"@id":"https:\/\/abilica.com\/no\/abilica-weightvest-shapeup-convention\/#breadcrumb"},"inLanguage":"nb-NO","potentialAction":[{"@type":"ReadAction","target":["https:\/\/abilica.com\/no\/abilica-weightvest-shapeup-convention\/"]}]},{"@type":"BreadcrumbList","@id":"https:\/\/abilica.com\/no\/abilica-weightvest-shapeup-convention\/#breadcrumb","itemListElement":[{"@type":"ListItem","position":1,"name":"Hem","item":"https:\/\/abilica.com\/no\/"},{"@type":"ListItem","position":2,"name":"Abilica WeightVest @ ShapeUp Convention"}]},{"@type":"WebSite","@id":"https:\/\/abilica.com\/#website","url":"https:\/\/abilica.com\/","name":"Abilica","description":"Abilica Home Training","potentialAction":[{"@type":"SearchAction","target":{"@type":"EntryPoint","urlTemplate":"https:\/\/abilica.com\/?s={search_term_string}"},"query-input":{"@type":"PropertyValueSpecification","valueRequired":true,"valueName":"search_term_string"}}],"inLanguage":"nb-NO"}]}},"_links":{"self":[{"href":"https:\/\/abilica.com\/no\/wp-json\/wp\/v2\/pages\/31894","targetHints":{"allow":["GET"]}}],"collection":[{"href":"https:\/\/abilica.com\/no\/wp-json\/wp\/v2\/pages"}],"about":[{"href":"https:\/\/abilica.com\/no\/wp-json\/wp\/v2\/types\/page"}],"author":[{"embeddable":true,"href":"https:\/\/abilica.com\/no\/wp-json\/wp\/v2\/users\/13"}],"replies":[{"embeddable":true,"href":"https:\/\/abilica.com\/no\/wp-json\/wp\/v2\/comments?post=31894"}],"version-history":[{"count":1,"href":"https:\/\/abilica.com\/no\/wp-json\/wp\/v2\/pages\/31894\/revisions"}],"predecessor-version":[{"id":31895,"href":"https:\/\/abilica.com\/no\/wp-json\/wp\/v2\/pages\/31894\/revisions\/31895"}],"wp:attachment":[{"href":"https:\/\/abilica.com\/no\/wp-json\/wp\/v2\/media?parent=31894"}],"curies":[{"name":"wp","href":"https:\/\/api.w.org\/{rel}","templated":true}]}}