{"id":31904,"date":"2023-07-21T10:41:02","date_gmt":"2023-07-21T09:41:02","guid":{"rendered":"https:\/\/abilica.com\/?page_id=31904"},"modified":"2023-07-21T10:41:02","modified_gmt":"2023-07-21T09:41:02","slug":"abilica-yoga","status":"publish","type":"page","link":"https:\/\/abilica.com\/no\/abilica-yoga\/","title":{"rendered":"Abilica Yoga"},"content":{"rendered":"<div class=\"wpb-content-wrapper\"><p>[vc_row full_width=&raquo;stretch_row_content&raquo; full_height=&raquo;yes&raquo; columns_placement=&raquo;bottom&raquo; content_placement=&raquo;bottom&raquo; css=&raquo;.vc_custom_1587457758172{padding-right: 0px !important;padding-left: 0px !important;background-image: url(https:\/\/abilica.com\/no\/wp-content\/uploads\/2020\/04\/IMG_4374-3.jpg?id=32109) !important;background-position: center !important;background-repeat: no-repeat !important;background-size: cover !important;}&raquo;][vc_column css=&raquo;.vc_custom_1481535811428{padding-right: 0px !important;padding-left: 0px !important;}&raquo;][vc_column_text]<\/p>\n<h2 style=\"text-align: center;\"><span style=\"color: #ffffff;\">Les mer om yogatrening<\/span><\/h2>\n<p>[\/vc_column_text][vc_icon icon_fontawesome=&raquo;fa fa-angle-down&raquo; color=&raquo;white&raquo; size=&raquo;xl&raquo; align=&raquo;center&raquo; css_animation=&raquo;none&raquo;][\/vc_column][\/vc_row][vc_row css=&raquo;.vc_custom_1513084100912{padding-right: 25px !important;padding-left: 25px !important;background-position: center !important;background-repeat: no-repeat !important;background-size: cover !important;}&raquo;][vc_column css=&raquo;.vc_custom_1481535811428{padding-right: 0px !important;padding-left: 0px !important;}&raquo;][vc_empty_space][vc_column_text css_animation=&raquo;fadeInUp&raquo;]<\/p>\n<h1 style=\"text-align: center;\">Abilica Yoga<\/h1>\n<h3 style=\"text-align: center;\">Stress ned med yoga.<\/h3>\n<p>[\/vc_column_text][vc_column_text css_animation=&raquo;fadeInUp&raquo;]<\/p>\n<p style=\"text-align: center;\">Yogatrening bli mer og mer popul\u00e6rt, ikke bare blant kvinner, men ogs\u00e5 blant menn. Yoga \u00f8ker bevegeligheten og f\u00e5r kroppen i balanse. Ordet yoga betyr forening eller union og hjelper deg til \u00e5 slappe av og f\u00e5 kontakten med ditt indre jeg. P\u00e5 denne m\u00e5ten defineres yoga gjennom at sinnet, kropp og sjel blir til ett med hjelp av ulike yoga\u00f8velser.<\/p>\n<p style=\"text-align: center;\">Det finnes mange ulike type yoga, men hoveddelen i alle typer yoga er omtrent det samme. Trening av yoga passer for alle og f\u00f8rst og fremst forbedrer den balanse, smidighet, konsentrasjon, pust og styrke. Du merker at det blir lettere \u00e5 koble av hvis du trener yoga og samtidig snu deg bort fra omverdenen og ha fullt fokus p\u00e5 pusten og virkelig lytte til deg selv og din kropp. Som samfunnet har utviklet seg blir det viktigere og viktigere \u00e5 slappe av n\u00e5r tempoet \u00f8ker rundt deg.<\/p>\n<p style=\"text-align: center;\">Finn din yogatype og unng\u00e5 \u00e5 kopiere andre. Du finner raskt ut hva som passer deg best. Les mer om yogatrening i artiklene under. Namaste!<\/p>\n<p>[\/vc_column_text][vc_empty_space][\/vc_column][\/vc_row][vc_row full_width=&raquo;stretch_row_content&raquo; css=&raquo;.vc_custom_1612782656071{padding-right: 0px !important;padding-left: 0px !important;background-position: center !important;background-repeat: no-repeat !important;background-size: cover !important;}&raquo;][vc_column width=&raquo;1\/4&#8243;][vc_single_image image=&raquo;32991&#8243; img_size=&raquo;full&raquo; alignment=&raquo;center&raquo; style=&raquo;vc_box_rounded&raquo; onclick=&raquo;custom_link&raquo; link=&raquo;https:\/\/abilica.com\/no\/treningsartikler\/yoga\/stress-ned-med-yoga\/&raquo;][vc_column_text]<\/p>\n<p style=\"text-align: center;\"><a href=\"https:\/\/abilica.com\/no\/treningsartikler\/yoga\/stress-ned-med-yoga\/\">Stress ned med yoga<\/a><\/p>\n<p>[\/vc_column_text][\/vc_column][vc_column width=&raquo;1\/4&#8243;][vc_single_image image=&raquo;32043&#8243; img_size=&raquo;full&raquo; alignment=&raquo;center&raquo; style=&raquo;vc_box_rounded&raquo; onclick=&raquo;custom_link&raquo; link=&raquo;https:\/\/abilica.com\/no\/treningsartikler\/yoga\/yoga-er-bra-for-kropp-sjel\/&raquo;][vc_column_text]<\/p>\n<p style=\"text-align: center;\"><a href=\"https:\/\/abilica.com\/no\/treningsartikler\/yoga\/yoga-er-bra-for-kropp-sjel\/\">Yoga er bra for kropp &amp; sjel<\/a><\/p>\n<p>[\/vc_column_text][\/vc_column][vc_column width=&raquo;1\/4&#8243;][vc_single_image image=&raquo;37510&#8243; img_size=&raquo;full&raquo; alignment=&raquo;center&raquo; style=&raquo;vc_box_rounded&raquo; onclick=&raquo;custom_link&raquo; link=&raquo;https:\/\/abilica.com\/no\/treningsartikler\/yoga\/velg-riktig-yogamatte\/&raquo;][vc_column_text]<\/p>\n<p style=\"text-align: center;\"><a href=\"https:\/\/abilica.com\/no\/treningsartikler\/yoga\/velg-riktig-yogamatte\/\">Velg riktig yogamatte<\/a><\/p>\n<p>[\/vc_column_text][\/vc_column][vc_column width=&raquo;1\/4&#8243;][vc_single_image image=&raquo;37511&#8243; img_size=&raquo;full&raquo; alignment=&raquo;center&raquo; style=&raquo;vc_box_rounded&raquo; onclick=&raquo;custom_link&raquo; link=&raquo;https:\/\/abilica.com\/no\/treningsartikler\/yoga\/tren-yoga-med-yogawheel\/&raquo;][vc_column_text]<\/p>\n<p style=\"text-align: center;\"><a href=\"https:\/\/abilica.com\/no\/treningsartikler\/yoga\/tren-yoga-med-yogawheel\/\">Tren yoga med Abilica YogaWheel<\/a><\/p>\n<p>[\/vc_column_text][\/vc_column][\/vc_row][vc_row full_width=&raquo;stretch_row_content&raquo; css=&raquo;.vc_custom_1612782656071{padding-right: 0px !important;padding-left: 0px !important;background-position: center !important;background-repeat: no-repeat !important;background-size: cover !important;}&raquo;][vc_column][vc_empty_space height=&raquo;52px&raquo;][\/vc_column][\/vc_row][vc_row full_width=&raquo;stretch_row_content&raquo; full_height=&raquo;yes&raquo; css=&raquo;.vc_custom_1587457817897{padding-right: 0px !important;padding-left: 0px !important;background-image: url(https:\/\/abilica.com\/no\/wp-content\/uploads\/2020\/04\/IMG_4577.jpg?id=32111) !important;background-position: center !important;background-repeat: no-repeat !important;background-size: cover !important;}&raquo;][vc_column css=&raquo;.vc_custom_1481535811428{padding-right: 0px !important;padding-left: 0px !important;}&raquo;][\/vc_column][\/vc_row][vc_row full_width=&raquo;stretch_row_content&raquo; css=&raquo;.vc_custom_1511962770849{padding-right: 0px !important;padding-left: 0px !important;background-position: center !important;background-repeat: no-repeat !important;background-size: cover !important;}&raquo;][vc_column css=&raquo;.vc_custom_1481535811428{padding-right: 0px !important;padding-left: 0px !important;}&raquo;][vc_empty_space][vc_column_text css_animation=&raquo;fadeInUp&raquo;]<\/p>\n<h1 style=\"text-align: center;\">Kj\u00f8p din yogamatte n\u00e5<\/h1>\n<h3 style=\"text-align: center;\"><\/h3>\n<p>[\/vc_column_text][vc_row_inner][vc_column_inner width=&raquo;1\/4&#8243;][product_mod id=&raquo;30158&#8243;][\/vc_column_inner][vc_column_inner width=&raquo;1\/4&#8243;][product_mod id=&raquo;31646&#8243;][\/vc_column_inner][vc_column_inner width=&raquo;1\/4&#8243;][product_mod id=&raquo;29978&#8243;][\/vc_column_inner][vc_column_inner width=&raquo;1\/4&#8243;][product_mod id=&raquo;2714&#8243;][\/vc_column_inner][\/vc_row_inner][vc_empty_space height=&raquo;90px&raquo;][vc_column_text css_animation=&raquo;fadeInUp&raquo;]<\/p>\n<h2 style=\"text-align: center;\"><a href=\"https:\/\/abilica.com\/no\/yoga\/yogamatte\/\">Se alle v\u00e5re yogamatter<\/a><\/h2>\n<p>[\/vc_column_text][vc_empty_space][\/vc_column][\/vc_row][vc_row full_width=&raquo;stretch_row_content&raquo; full_height=&raquo;yes&raquo; css=&raquo;.vc_custom_1519650528068{padding-right: 0px !important;padding-left: 0px !important;background-image: url(https:\/\/abilica.com\/no\/wp-content\/uploads\/2018\/02\/abilica_hjemmetrening_08_02_18_0295.jpg?id=23016) !important;background-position: center !important;background-repeat: no-repeat !important;background-size: cover !important;}&raquo;][vc_column css=&raquo;.vc_custom_1481535811428{padding-right: 0px !important;padding-left: 0px !important;}&raquo;][\/vc_column][\/vc_row][vc_row full_width=&raquo;stretch_row_content&raquo; css=&raquo;.vc_custom_1511963375926{padding-right: 0px !important;padding-left: 0px !important;background-position: center !important;background-repeat: no-repeat !important;background-size: cover !important;}&raquo;][vc_column css=&raquo;.vc_custom_1481535811428{padding-right: 0px !important;padding-left: 0px !important;}&raquo;][vc_empty_space][vc_column_text css_animation=&raquo;fadeInUp&raquo;]<\/p>\n<h1 style=\"text-align: center;\">Yogatilbeh\u00f8r<\/h1>\n<h3 style=\"text-align: center;\">Hjelpemidler som gj\u00f8r det lettere \u00e5 gj\u00f8re yoga\u00f8velser.<\/h3>\n<h3 style=\"text-align: center;\"><\/h3>\n<p>[\/vc_column_text][vc_row_inner][vc_column_inner width=&raquo;1\/4&#8243;][product_mod id=&raquo;32038&#8243;][\/vc_column_inner][vc_column_inner width=&raquo;1\/4&#8243;][product_mod id=&raquo;19221&#8243;][\/vc_column_inner][vc_column_inner width=&raquo;1\/4&#8243;][product_mod id=&raquo;2335&#8243;][\/vc_column_inner][vc_column_inner width=&raquo;1\/4&#8243;][product_mod id=&raquo;35467&#8243;][\/vc_column_inner][\/vc_row_inner][vc_empty_space height=&raquo;62px&raquo;][\/vc_column][\/vc_row][vc_row full_width=&raquo;stretch_row_content&raquo; full_height=&raquo;yes&raquo; css=&raquo;.vc_custom_1511963196792{padding-right: 0px !important;padding-left: 0px !important;background-image: url(https:\/\/abilica.com\/no\/wp-content\/uploads\/2017\/11\/yoga-1.jpg?id=21581) !important;background-position: center !important;background-repeat: no-repeat !important;background-size: cover !important;}&raquo;][vc_column css=&raquo;.vc_custom_1481535811428{padding-right: 0px !important;padding-left: 0px !important;}&raquo;][\/vc_column][\/vc_row]<\/p>\n<\/div>","protected":false},"excerpt":{"rendered":"<p>[vc_row full_width=&raquo;stretch_row_content&raquo; full_height=&raquo;yes&raquo; columns_placement=&raquo;bottom&raquo; content_placement=&raquo;bottom&raquo; css=&raquo;.vc_custom_1587457758172{padding-right: 0px !important;padding-left: 0px !important;background-image: url(https:\/\/abilica.com\/no\/wp-content\/uploads\/2020\/04\/IMG_4374-3.jpg?id=32109) !important;background-position: center !important;background-repeat: no-repeat&#8230;<\/p>\n","protected":false},"author":13,"featured_media":0,"parent":0,"menu_order":0,"comment_status":"closed","ping_status":"closed","template":"","meta":{"_acf_changed":false,"footnotes":""},"class_list":["post-31904","page","type-page","status-publish","hentry"],"acf":[],"yoast_head":"<!-- This site is optimized with the Yoast SEO Premium plugin v21.1 (Yoast SEO v25.4) - https:\/\/yoast.com\/wordpress\/plugins\/seo\/ -->\n<title>Abilica Yoga &#8226; Abilica<\/title>\n<meta name=\"robots\" content=\"index, follow, max-snippet:-1, max-image-preview:large, max-video-preview:-1\" \/>\n<link rel=\"canonical\" href=\"https:\/\/abilica.com\/no\/abilica-yoga\/\" \/>\n<meta property=\"og:locale\" content=\"nb_NO\" \/>\n<meta property=\"og:type\" content=\"article\" \/>\n<meta property=\"og:title\" content=\"Abilica Yoga\" \/>\n<meta property=\"og:description\" content=\"[vc_row full_width=&raquo;stretch_row_content&raquo; full_height=&raquo;yes&raquo; columns_placement=&raquo;bottom&raquo; content_placement=&raquo;bottom&raquo; css=&raquo;.vc_custom_1587457758172{padding-right: 0px !important;padding-left: 0px !important;background-image: url(https:\/\/abilica.com\/no\/wp-content\/uploads\/2020\/04\/IMG_4374-3.jpg?id=32109) !important;background-position: center !important;background-repeat: no-repeat...\" \/>\n<meta property=\"og:url\" content=\"https:\/\/abilica.com\/no\/abilica-yoga\/\" \/>\n<meta property=\"og:site_name\" content=\"Abilica\" \/>\n<meta property=\"article:publisher\" content=\"https:\/\/www.facebook.com\/abilicahometraining\/\" \/>\n<meta name=\"twitter:card\" content=\"summary_large_image\" \/>\n<meta name=\"twitter:label1\" content=\"Ansl. lesetid\" \/>\n\t<meta name=\"twitter:data1\" content=\"5 minutter\" \/>\n<script type=\"application\/ld+json\" class=\"yoast-schema-graph\">{\"@context\":\"https:\/\/schema.org\",\"@graph\":[{\"@type\":\"WebPage\",\"@id\":\"https:\/\/abilica.com\/no\/abilica-yoga\/\",\"url\":\"https:\/\/abilica.com\/no\/abilica-yoga\/\",\"name\":\"Abilica Yoga &#8226; Abilica\",\"isPartOf\":{\"@id\":\"https:\/\/abilica.com\/#website\"},\"datePublished\":\"2023-07-21T09:41:02+00:00\",\"breadcrumb\":{\"@id\":\"https:\/\/abilica.com\/no\/abilica-yoga\/#breadcrumb\"},\"inLanguage\":\"nb-NO\",\"potentialAction\":[{\"@type\":\"ReadAction\",\"target\":[\"https:\/\/abilica.com\/no\/abilica-yoga\/\"]}]},{\"@type\":\"BreadcrumbList\",\"@id\":\"https:\/\/abilica.com\/no\/abilica-yoga\/#breadcrumb\",\"itemListElement\":[{\"@type\":\"ListItem\",\"position\":1,\"name\":\"Hem\",\"item\":\"https:\/\/abilica.com\/no\/\"},{\"@type\":\"ListItem\",\"position\":2,\"name\":\"Abilica Yoga\"}]},{\"@type\":\"WebSite\",\"@id\":\"https:\/\/abilica.com\/#website\",\"url\":\"https:\/\/abilica.com\/\",\"name\":\"Abilica\",\"description\":\"Abilica Home Training\",\"potentialAction\":[{\"@type\":\"SearchAction\",\"target\":{\"@type\":\"EntryPoint\",\"urlTemplate\":\"https:\/\/abilica.com\/?s={search_term_string}\"},\"query-input\":{\"@type\":\"PropertyValueSpecification\",\"valueRequired\":true,\"valueName\":\"search_term_string\"}}],\"inLanguage\":\"nb-NO\"}]}<\/script>\n<!-- \/ Yoast SEO Premium plugin. -->","yoast_head_json":{"title":"Abilica Yoga &#8226; Abilica","robots":{"index":"index","follow":"follow","max-snippet":"max-snippet:-1","max-image-preview":"max-image-preview:large","max-video-preview":"max-video-preview:-1"},"canonical":"https:\/\/abilica.com\/no\/abilica-yoga\/","og_locale":"nb_NO","og_type":"article","og_title":"Abilica Yoga","og_description":"[vc_row full_width=&raquo;stretch_row_content&raquo; full_height=&raquo;yes&raquo; columns_placement=&raquo;bottom&raquo; content_placement=&raquo;bottom&raquo; css=&raquo;.vc_custom_1587457758172{padding-right: 0px !important;padding-left: 0px !important;background-image: url(https:\/\/abilica.com\/no\/wp-content\/uploads\/2020\/04\/IMG_4374-3.jpg?id=32109) !important;background-position: center !important;background-repeat: no-repeat...","og_url":"https:\/\/abilica.com\/no\/abilica-yoga\/","og_site_name":"Abilica","article_publisher":"https:\/\/www.facebook.com\/abilicahometraining\/","twitter_card":"summary_large_image","twitter_misc":{"Ansl. lesetid":"5 minutter"},"schema":{"@context":"https:\/\/schema.org","@graph":[{"@type":"WebPage","@id":"https:\/\/abilica.com\/no\/abilica-yoga\/","url":"https:\/\/abilica.com\/no\/abilica-yoga\/","name":"Abilica Yoga &#8226; Abilica","isPartOf":{"@id":"https:\/\/abilica.com\/#website"},"datePublished":"2023-07-21T09:41:02+00:00","breadcrumb":{"@id":"https:\/\/abilica.com\/no\/abilica-yoga\/#breadcrumb"},"inLanguage":"nb-NO","potentialAction":[{"@type":"ReadAction","target":["https:\/\/abilica.com\/no\/abilica-yoga\/"]}]},{"@type":"BreadcrumbList","@id":"https:\/\/abilica.com\/no\/abilica-yoga\/#breadcrumb","itemListElement":[{"@type":"ListItem","position":1,"name":"Hem","item":"https:\/\/abilica.com\/no\/"},{"@type":"ListItem","position":2,"name":"Abilica Yoga"}]},{"@type":"WebSite","@id":"https:\/\/abilica.com\/#website","url":"https:\/\/abilica.com\/","name":"Abilica","description":"Abilica Home Training","potentialAction":[{"@type":"SearchAction","target":{"@type":"EntryPoint","urlTemplate":"https:\/\/abilica.com\/?s={search_term_string}"},"query-input":{"@type":"PropertyValueSpecification","valueRequired":true,"valueName":"search_term_string"}}],"inLanguage":"nb-NO"}]}},"_links":{"self":[{"href":"https:\/\/abilica.com\/no\/wp-json\/wp\/v2\/pages\/31904","targetHints":{"allow":["GET"]}}],"collection":[{"href":"https:\/\/abilica.com\/no\/wp-json\/wp\/v2\/pages"}],"about":[{"href":"https:\/\/abilica.com\/no\/wp-json\/wp\/v2\/types\/page"}],"author":[{"embeddable":true,"href":"https:\/\/abilica.com\/no\/wp-json\/wp\/v2\/users\/13"}],"replies":[{"embeddable":true,"href":"https:\/\/abilica.com\/no\/wp-json\/wp\/v2\/comments?post=31904"}],"version-history":[{"count":1,"href":"https:\/\/abilica.com\/no\/wp-json\/wp\/v2\/pages\/31904\/revisions"}],"predecessor-version":[{"id":31905,"href":"https:\/\/abilica.com\/no\/wp-json\/wp\/v2\/pages\/31904\/revisions\/31905"}],"wp:attachment":[{"href":"https:\/\/abilica.com\/no\/wp-json\/wp\/v2\/media?parent=31904"}],"curies":[{"name":"wp","href":"https:\/\/api.w.org\/{rel}","templated":true}]}}