{"id":31980,"date":"2023-07-21T11:30:23","date_gmt":"2023-07-21T10:30:23","guid":{"rendered":"https:\/\/abilica.com\/?page_id=31980"},"modified":"2023-07-21T11:30:23","modified_gmt":"2023-07-21T10:30:23","slug":"konkurranse-shapeup-weekend","status":"publish","type":"page","link":"https:\/\/abilica.com\/no\/konkurranse-shapeup-weekend\/","title":{"rendered":"Konkurranse ShapeUp Weekend"},"content":{"rendered":"<div class=\"wpb-content-wrapper\"><p>[vc_row full_width=&raquo;stretch_row_content_no_spaces&raquo;][vc_column][vc_single_image image=&raquo;23701&#8243; img_size=&raquo;full&raquo; alignment=&raquo;center&raquo;][\/vc_column][\/vc_row][vc_row][vc_column][vc_empty_space][vc_single_image image=&raquo;23431&#8243; img_size=&raquo;medium&raquo; alignment=&raquo;center&raquo; css_animation=&raquo;fadeInUp&raquo;][\/vc_column][\/vc_row][vc_row][vc_column][vc_column_text css_animation=&raquo;fadeInUp&raquo;]<\/p>\n<p style=\"text-align: center;\">Snart er det klart for sommerens vakreste eventyr, ShapeUp Weekend p\u00e5 Vestlia Resort. En fantastisk helg spekket med #treningsglede! N\u00e5 har du muligheten til \u00e5 vinne billetter til \u00e5rets event slik at du kan ta med deg din venninne til Geilo 8.-10. juni. Du melder deg p\u00e5 konkurransen ved \u00e5 trykke p\u00e5 knappen nedenfor. Vinneren trekkes 22.mai. Lykke til!<\/p>\n<p>[\/vc_column_text][vc_btn title=&raquo;Meld deg p\u00e5 konkurransen&raquo; style=&raquo;flat&raquo; color=&raquo;danger&raquo; align=&raquo;center&raquo; css_animation=&raquo;fadeInUp&raquo; link=&raquo;url:http%3A%2F%2Feepurl.com%2FdsbrsX||target:%20_blank|&raquo;][vc_empty_space height=&raquo;52px&raquo;][vc_column_text]<\/p>\n<p style=\"text-align: center;\"><a href=\"https:\/\/abilica.com\/no\/shapeup-weekend\/\" target=\"_blank\" rel=\"noopener\"><strong>Les mer om ShapeUp Weekend her<\/strong><\/a><\/p>\n<p>[\/vc_column_text][vc_empty_space height=&raquo;52px&raquo;][\/vc_column][\/vc_row]<\/p>\n<\/div>","protected":false},"excerpt":{"rendered":"<p>[vc_row full_width=&raquo;stretch_row_content_no_spaces&raquo;][vc_column][vc_single_image image=&raquo;23701&#8243; img_size=&raquo;full&raquo; alignment=&raquo;center&raquo;][\/vc_column][\/vc_row][vc_row][vc_column][vc_empty_space][vc_single_image image=&raquo;23431&#8243; img_size=&raquo;medium&raquo; alignment=&raquo;center&raquo; css_animation=&raquo;fadeInUp&raquo;][\/vc_column][\/vc_row][vc_row][vc_column][vc_column_text css_animation=&raquo;fadeInUp&raquo;] Snart er det klart for&#8230;<\/p>\n","protected":false},"author":13,"featured_media":0,"parent":0,"menu_order":0,"comment_status":"closed","ping_status":"closed","template":"","meta":{"_acf_changed":false,"footnotes":""},"class_list":["post-31980","page","type-page","status-publish","hentry"],"acf":[],"yoast_head":"<!-- This site is optimized with the Yoast SEO Premium plugin v21.1 (Yoast SEO v25.4) - https:\/\/yoast.com\/wordpress\/plugins\/seo\/ -->\n<title>Konkurranse ShapeUp Weekend &#8226; Abilica<\/title>\n<meta name=\"robots\" content=\"index, follow, max-snippet:-1, max-image-preview:large, max-video-preview:-1\" \/>\n<link rel=\"canonical\" href=\"https:\/\/abilica.com\/no\/konkurranse-shapeup-weekend\/\" \/>\n<meta property=\"og:locale\" content=\"nb_NO\" \/>\n<meta property=\"og:type\" content=\"article\" \/>\n<meta property=\"og:title\" content=\"Konkurranse ShapeUp Weekend\" \/>\n<meta property=\"og:description\" content=\"[vc_row full_width=&raquo;stretch_row_content_no_spaces&raquo;][vc_column][vc_single_image image=&raquo;23701&#8243; img_size=&raquo;full&raquo; alignment=&raquo;center&raquo;][\/vc_column][\/vc_row][vc_row][vc_column][vc_empty_space][vc_single_image image=&raquo;23431&#8243; img_size=&raquo;medium&raquo; alignment=&raquo;center&raquo; css_animation=&raquo;fadeInUp&raquo;][\/vc_column][\/vc_row][vc_row][vc_column][vc_column_text css_animation=&raquo;fadeInUp&raquo;] Snart er det klart for...\" \/>\n<meta property=\"og:url\" content=\"https:\/\/abilica.com\/no\/konkurranse-shapeup-weekend\/\" \/>\n<meta property=\"og:site_name\" content=\"Abilica\" \/>\n<meta property=\"article:publisher\" content=\"https:\/\/www.facebook.com\/abilicahometraining\/\" \/>\n<meta name=\"twitter:card\" content=\"summary_large_image\" \/>\n<meta name=\"twitter:label1\" content=\"Ansl. lesetid\" \/>\n\t<meta name=\"twitter:data1\" content=\"1 minutt\" \/>\n<script type=\"application\/ld+json\" class=\"yoast-schema-graph\">{\"@context\":\"https:\/\/schema.org\",\"@graph\":[{\"@type\":\"WebPage\",\"@id\":\"https:\/\/abilica.com\/no\/konkurranse-shapeup-weekend\/\",\"url\":\"https:\/\/abilica.com\/no\/konkurranse-shapeup-weekend\/\",\"name\":\"Konkurranse ShapeUp Weekend &#8226; Abilica\",\"isPartOf\":{\"@id\":\"https:\/\/abilica.com\/#website\"},\"datePublished\":\"2023-07-21T10:30:23+00:00\",\"breadcrumb\":{\"@id\":\"https:\/\/abilica.com\/no\/konkurranse-shapeup-weekend\/#breadcrumb\"},\"inLanguage\":\"nb-NO\",\"potentialAction\":[{\"@type\":\"ReadAction\",\"target\":[\"https:\/\/abilica.com\/no\/konkurranse-shapeup-weekend\/\"]}]},{\"@type\":\"BreadcrumbList\",\"@id\":\"https:\/\/abilica.com\/no\/konkurranse-shapeup-weekend\/#breadcrumb\",\"itemListElement\":[{\"@type\":\"ListItem\",\"position\":1,\"name\":\"Hem\",\"item\":\"https:\/\/abilica.com\/no\/\"},{\"@type\":\"ListItem\",\"position\":2,\"name\":\"Konkurranse ShapeUp Weekend\"}]},{\"@type\":\"WebSite\",\"@id\":\"https:\/\/abilica.com\/#website\",\"url\":\"https:\/\/abilica.com\/\",\"name\":\"Abilica\",\"description\":\"Abilica Home Training\",\"potentialAction\":[{\"@type\":\"SearchAction\",\"target\":{\"@type\":\"EntryPoint\",\"urlTemplate\":\"https:\/\/abilica.com\/?s={search_term_string}\"},\"query-input\":{\"@type\":\"PropertyValueSpecification\",\"valueRequired\":true,\"valueName\":\"search_term_string\"}}],\"inLanguage\":\"nb-NO\"}]}<\/script>\n<!-- \/ Yoast SEO Premium plugin. -->","yoast_head_json":{"title":"Konkurranse ShapeUp Weekend &#8226; Abilica","robots":{"index":"index","follow":"follow","max-snippet":"max-snippet:-1","max-image-preview":"max-image-preview:large","max-video-preview":"max-video-preview:-1"},"canonical":"https:\/\/abilica.com\/no\/konkurranse-shapeup-weekend\/","og_locale":"nb_NO","og_type":"article","og_title":"Konkurranse ShapeUp Weekend","og_description":"[vc_row full_width=&raquo;stretch_row_content_no_spaces&raquo;][vc_column][vc_single_image image=&raquo;23701&#8243; img_size=&raquo;full&raquo; alignment=&raquo;center&raquo;][\/vc_column][\/vc_row][vc_row][vc_column][vc_empty_space][vc_single_image image=&raquo;23431&#8243; img_size=&raquo;medium&raquo; alignment=&raquo;center&raquo; css_animation=&raquo;fadeInUp&raquo;][\/vc_column][\/vc_row][vc_row][vc_column][vc_column_text css_animation=&raquo;fadeInUp&raquo;] Snart er det klart for...","og_url":"https:\/\/abilica.com\/no\/konkurranse-shapeup-weekend\/","og_site_name":"Abilica","article_publisher":"https:\/\/www.facebook.com\/abilicahometraining\/","twitter_card":"summary_large_image","twitter_misc":{"Ansl. lesetid":"1 minutt"},"schema":{"@context":"https:\/\/schema.org","@graph":[{"@type":"WebPage","@id":"https:\/\/abilica.com\/no\/konkurranse-shapeup-weekend\/","url":"https:\/\/abilica.com\/no\/konkurranse-shapeup-weekend\/","name":"Konkurranse ShapeUp Weekend &#8226; Abilica","isPartOf":{"@id":"https:\/\/abilica.com\/#website"},"datePublished":"2023-07-21T10:30:23+00:00","breadcrumb":{"@id":"https:\/\/abilica.com\/no\/konkurranse-shapeup-weekend\/#breadcrumb"},"inLanguage":"nb-NO","potentialAction":[{"@type":"ReadAction","target":["https:\/\/abilica.com\/no\/konkurranse-shapeup-weekend\/"]}]},{"@type":"BreadcrumbList","@id":"https:\/\/abilica.com\/no\/konkurranse-shapeup-weekend\/#breadcrumb","itemListElement":[{"@type":"ListItem","position":1,"name":"Hem","item":"https:\/\/abilica.com\/no\/"},{"@type":"ListItem","position":2,"name":"Konkurranse ShapeUp Weekend"}]},{"@type":"WebSite","@id":"https:\/\/abilica.com\/#website","url":"https:\/\/abilica.com\/","name":"Abilica","description":"Abilica Home Training","potentialAction":[{"@type":"SearchAction","target":{"@type":"EntryPoint","urlTemplate":"https:\/\/abilica.com\/?s={search_term_string}"},"query-input":{"@type":"PropertyValueSpecification","valueRequired":true,"valueName":"search_term_string"}}],"inLanguage":"nb-NO"}]}},"_links":{"self":[{"href":"https:\/\/abilica.com\/no\/wp-json\/wp\/v2\/pages\/31980","targetHints":{"allow":["GET"]}}],"collection":[{"href":"https:\/\/abilica.com\/no\/wp-json\/wp\/v2\/pages"}],"about":[{"href":"https:\/\/abilica.com\/no\/wp-json\/wp\/v2\/types\/page"}],"author":[{"embeddable":true,"href":"https:\/\/abilica.com\/no\/wp-json\/wp\/v2\/users\/13"}],"replies":[{"embeddable":true,"href":"https:\/\/abilica.com\/no\/wp-json\/wp\/v2\/comments?post=31980"}],"version-history":[{"count":1,"href":"https:\/\/abilica.com\/no\/wp-json\/wp\/v2\/pages\/31980\/revisions"}],"predecessor-version":[{"id":31992,"href":"https:\/\/abilica.com\/no\/wp-json\/wp\/v2\/pages\/31980\/revisions\/31992"}],"wp:attachment":[{"href":"https:\/\/abilica.com\/no\/wp-json\/wp\/v2\/media?parent=31980"}],"curies":[{"name":"wp","href":"https:\/\/api.w.org\/{rel}","templated":true}]}}