{"id":31981,"date":"2023-08-04T21:12:41","date_gmt":"2023-08-04T20:12:41","guid":{"rendered":"https:\/\/abilica.com\/?page_id=31981"},"modified":"2024-11-01T09:16:20","modified_gmt":"2024-11-01T08:16:20","slug":"kontakt-oss","status":"publish","type":"page","link":"https:\/\/abilica.com\/no\/kontakt-oss\/","title":{"rendered":"Kontakt oss"},"content":{"rendered":"<div class=\"wpb-content-wrapper\"><p>[vc_row full_width=&raquo;stretch_row_content_no_spaces&raquo; css=&raquo;.vc_custom_1492184145078{margin-top: -35px !important;margin-bottom: 0px !important;border-top-width: -35px !important;border-bottom-width: 0px !important;padding-top: -35px !important;padding-bottom: 0px !important;background-position: center !important;background-repeat: no-repeat !important;background-size: cover !important;}&raquo;][vc_column css=&raquo;.vc_custom_1489754921202{margin-bottom: -35px !important;border-bottom-width: -35px !important;padding-bottom: -35px !important;}&raquo;][vc_gmaps link=&raquo;#E-8_JTNDaWZyYW1lJTIwc3JjJTNEJTIyaHR0cHMlM0ElMkYlMkZ3d3cuZ29vZ2xlLmNvbSUyRm1hcHMlMkZlbWJlZCUzRnBiJTNEJTIxMW0xOCUyMTFtMTIlMjExbTMlMjExZDIwMDkuOTg1MjEzNDA2MTc5NCUyMTJkMTAuMDMwNTQ2NzE2NTY1MjE0JTIxM2Q1OS43NDk2OTEyODE4MDc5MDUlMjEybTMlMjExZjAlMjEyZjAlMjEzZjAlMjEzbTIlMjExaTEwMjQlMjEyaTc2OCUyMTRmMTMuMSUyMTNtMyUyMTFtMiUyMTFzMHg0NjQxMjE0NjcyNDI0NmQzJTI1M0EweGRmYWNmMzQ4NGU5ZmM2OGUlMjEyc015bG5hJTJCU3BvcnQlMkJBUyUyMTVlMCUyMTNtMiUyMTFzZW4lMjEyc25vJTIxNHYxNDg2MTI0NjcxOTg3JTIyJTIwd2lkdGglM0QlMjI2MDAlMjIlMjBoZWlnaHQlM0QlMjI0NTAlMjIlMjBmcmFtZWJvcmRlciUzRCUyMjAlMjIlMjBzdHlsZSUzRCUyMmJvcmRlciUzQTAlMjIlMjBhbGxvd2Z1bGxzY3JlZW4lM0UlM0MlMkZpZnJhbWUlM0U=&raquo; size=&raquo;500px&raquo;][\/vc_column][\/vc_row][vc_row css=&raquo;.vc_custom_1486125020654{margin-bottom: 0px !important;padding-top: 0px !important;padding-bottom: 0px !important;background-position: center !important;background-repeat: no-repeat !important;background-size: cover !important;}&raquo;][vc_column][vc_empty_space][vc_column_text]<\/p>\n<h1 style=\"text-align: center;\">Kontakt oss<\/h1>\n<p style=\"text-align: center;\">Mylna Sport AS<br \/>\nOrg.nummer: 994 873 733<br \/>\nPostboks 567<br \/>\nNO-3412 LIERSTRANDA<br \/>\nNorge<\/p>\n<p style=\"text-align: center;\">shop@abilica.com<\/p>\n<p>&nbsp;<\/p>\n<p style=\"text-align: center;\"><strong>Ikke bruk kontaktskjemaet hvis du trenger service eller reservedeler til ditt treningsutstyr. Kontakt v\u00e5r serviceavdeling i fanen under i s\u00e5 fall.<\/strong><\/p>\n<p>[\/vc_column_text][vc_empty_space][vc_column_text]<\/p>\n<h2 style=\"text-align: center;\">Service og reservedeler<\/h2>\n<p style=\"text-align: center;\">Abilica er en del av Mylna Sport AS, som er kjent for \u00e5 ha markedets beste Service\/ettermarked for treningsutstyr.<\/p>\n<p style=\"text-align: center;\">Alle produkter som er stemplet med Mylna Sport Service er sikret den beste servicen n\u00e5r du trenger nye deler eller reparasjoner p\u00e5 ditt treningsutstyr. Mylna Sport Service l\u00f8ser de aller fleste saker p\u00e5 telefon og mail, men stiller i tillegg med serviceteknikere som kommer hjem til deg hvis du trenger hjelp.<\/p>\n<p>[\/vc_column_text][vc_btn title=&raquo;Bes\u00f8k Mylna Sport Servicesenter&raquo; style=&raquo;flat&raquo; color=&raquo;black&raquo; size=&raquo;sm&raquo; align=&raquo;center&raquo; css_animation=&raquo;fadeIn&raquo; link=&raquo;url:https%3A%2F%2Fwww.mylnasport.no%2FService%2F|target:_blank&raquo;][vc_empty_space height=&raquo;70px&raquo;][\/vc_column][\/vc_row][vc_row full_width=&raquo;stretch_row_content_no_spaces&raquo; css=&raquo;.vc_custom_1587545194283{background-color: #e0d7c5 !important;}&raquo;][vc_column width=&raquo;1\/3&#8243;][vc_empty_space][vc_icon icon_fontawesome=&raquo;fa fa-facebook&raquo; color=&raquo;black&raquo; size=&raquo;xl&raquo; align=&raquo;center&raquo; link=&raquo;url:https%3A%2F%2Fwww.facebook.com%2Fabilicahometraining%2F||target:%20_blank|&raquo;][vc_empty_space][\/vc_column][vc_column width=&raquo;1\/3&#8243;][vc_empty_space][vc_icon icon_fontawesome=&raquo;fa fa-instagram&raquo; color=&raquo;black&raquo; size=&raquo;xl&raquo; align=&raquo;center&raquo; link=&raquo;url:https%3A%2F%2Fwww.instagram.com%2Fabilica%2F||target:%20_blank|&raquo;][vc_empty_space][\/vc_column][vc_column width=&raquo;1\/3&#8243;][vc_empty_space][vc_icon type=&raquo;monosocial&raquo; icon_monosocial=&raquo;vc-mono vc-mono-youtube&raquo; color=&raquo;black&raquo; size=&raquo;xl&raquo; align=&raquo;center&raquo; link=&raquo;url:https%3A%2F%2Fwww.youtube.com%2Fuser%2FAbilicaCircle||target:%20_blank|&raquo;][vc_empty_space][\/vc_column][\/vc_row][vc_row full_width=&raquo;stretch_row_content_no_spaces&raquo; full_height=&raquo;yes&raquo; css=&raquo;.vc_custom_1587545649568{background-image: url(https:\/\/abilica.com\/no\/wp-content\/uploads\/2020\/04\/Bilde-27.02.2020-14-57-14.jpg?id=32224) !important;background-position: center !important;background-repeat: no-repeat !important;background-size: cover !important;}&raquo;][vc_column][\/vc_column][\/vc_row]<\/p>\n<\/div>","protected":false},"excerpt":{"rendered":"<p>[vc_row full_width=&raquo;stretch_row_content_no_spaces&raquo; css=&raquo;.vc_custom_1492184145078{margin-top: -35px !important;margin-bottom: 0px !important;border-top-width: -35px !important;border-bottom-width: 0px !important;padding-top: -35px !important;padding-bottom: 0px !important;background-position:&#8230;<\/p>\n","protected":false},"author":13,"featured_media":0,"parent":0,"menu_order":0,"comment_status":"closed","ping_status":"closed","template":"","meta":{"_acf_changed":false,"footnotes":""},"class_list":["post-31981","page","type-page","status-publish","hentry"],"acf":[],"yoast_head":"<!-- This site is optimized with the Yoast SEO Premium plugin v21.1 (Yoast SEO v25.4) - https:\/\/yoast.com\/wordpress\/plugins\/seo\/ -->\n<title>Kontakt oss &#8226; Abilica<\/title>\n<meta name=\"robots\" content=\"index, follow, max-snippet:-1, max-image-preview:large, max-video-preview:-1\" \/>\n<link rel=\"canonical\" href=\"https:\/\/abilica.com\/no\/kontakt-oss\/\" \/>\n<meta property=\"og:locale\" content=\"nb_NO\" \/>\n<meta property=\"og:type\" content=\"article\" \/>\n<meta property=\"og:title\" content=\"Kontakt oss\" \/>\n<meta property=\"og:description\" content=\"[vc_row full_width=&raquo;stretch_row_content_no_spaces&raquo; css=&raquo;.vc_custom_1492184145078{margin-top: -35px !important;margin-bottom: 0px !important;border-top-width: -35px !important;border-bottom-width: 0px !important;padding-top: -35px !important;padding-bottom: 0px !important;background-position:...\" \/>\n<meta property=\"og:url\" content=\"https:\/\/abilica.com\/no\/kontakt-oss\/\" \/>\n<meta property=\"og:site_name\" content=\"Abilica\" \/>\n<meta property=\"article:publisher\" content=\"https:\/\/www.facebook.com\/abilicahometraining\/\" \/>\n<meta property=\"article:modified_time\" content=\"2024-11-01T08:16:20+00:00\" \/>\n<meta name=\"twitter:card\" content=\"summary_large_image\" \/>\n<meta name=\"twitter:label1\" content=\"Ansl. lesetid\" \/>\n\t<meta name=\"twitter:data1\" content=\"1 minutt\" \/>\n<script type=\"application\/ld+json\" class=\"yoast-schema-graph\">{\"@context\":\"https:\/\/schema.org\",\"@graph\":[{\"@type\":\"WebPage\",\"@id\":\"https:\/\/abilica.com\/no\/kontakt-oss\/\",\"url\":\"https:\/\/abilica.com\/no\/kontakt-oss\/\",\"name\":\"Kontakt oss &#8226; Abilica\",\"isPartOf\":{\"@id\":\"https:\/\/abilica.com\/#website\"},\"datePublished\":\"2023-08-04T20:12:41+00:00\",\"dateModified\":\"2024-11-01T08:16:20+00:00\",\"breadcrumb\":{\"@id\":\"https:\/\/abilica.com\/no\/kontakt-oss\/#breadcrumb\"},\"inLanguage\":\"nb-NO\",\"potentialAction\":[{\"@type\":\"ReadAction\",\"target\":[\"https:\/\/abilica.com\/no\/kontakt-oss\/\"]}]},{\"@type\":\"BreadcrumbList\",\"@id\":\"https:\/\/abilica.com\/no\/kontakt-oss\/#breadcrumb\",\"itemListElement\":[{\"@type\":\"ListItem\",\"position\":1,\"name\":\"Hem\",\"item\":\"https:\/\/abilica.com\/no\/\"},{\"@type\":\"ListItem\",\"position\":2,\"name\":\"Kontakt oss\"}]},{\"@type\":\"WebSite\",\"@id\":\"https:\/\/abilica.com\/#website\",\"url\":\"https:\/\/abilica.com\/\",\"name\":\"Abilica\",\"description\":\"Abilica Home Training\",\"potentialAction\":[{\"@type\":\"SearchAction\",\"target\":{\"@type\":\"EntryPoint\",\"urlTemplate\":\"https:\/\/abilica.com\/?s={search_term_string}\"},\"query-input\":{\"@type\":\"PropertyValueSpecification\",\"valueRequired\":true,\"valueName\":\"search_term_string\"}}],\"inLanguage\":\"nb-NO\"}]}<\/script>\n<!-- \/ Yoast SEO Premium plugin. -->","yoast_head_json":{"title":"Kontakt oss &#8226; Abilica","robots":{"index":"index","follow":"follow","max-snippet":"max-snippet:-1","max-image-preview":"max-image-preview:large","max-video-preview":"max-video-preview:-1"},"canonical":"https:\/\/abilica.com\/no\/kontakt-oss\/","og_locale":"nb_NO","og_type":"article","og_title":"Kontakt oss","og_description":"[vc_row full_width=&raquo;stretch_row_content_no_spaces&raquo; css=&raquo;.vc_custom_1492184145078{margin-top: -35px !important;margin-bottom: 0px !important;border-top-width: -35px !important;border-bottom-width: 0px !important;padding-top: -35px !important;padding-bottom: 0px !important;background-position:...","og_url":"https:\/\/abilica.com\/no\/kontakt-oss\/","og_site_name":"Abilica","article_publisher":"https:\/\/www.facebook.com\/abilicahometraining\/","article_modified_time":"2024-11-01T08:16:20+00:00","twitter_card":"summary_large_image","twitter_misc":{"Ansl. lesetid":"1 minutt"},"schema":{"@context":"https:\/\/schema.org","@graph":[{"@type":"WebPage","@id":"https:\/\/abilica.com\/no\/kontakt-oss\/","url":"https:\/\/abilica.com\/no\/kontakt-oss\/","name":"Kontakt oss &#8226; Abilica","isPartOf":{"@id":"https:\/\/abilica.com\/#website"},"datePublished":"2023-08-04T20:12:41+00:00","dateModified":"2024-11-01T08:16:20+00:00","breadcrumb":{"@id":"https:\/\/abilica.com\/no\/kontakt-oss\/#breadcrumb"},"inLanguage":"nb-NO","potentialAction":[{"@type":"ReadAction","target":["https:\/\/abilica.com\/no\/kontakt-oss\/"]}]},{"@type":"BreadcrumbList","@id":"https:\/\/abilica.com\/no\/kontakt-oss\/#breadcrumb","itemListElement":[{"@type":"ListItem","position":1,"name":"Hem","item":"https:\/\/abilica.com\/no\/"},{"@type":"ListItem","position":2,"name":"Kontakt oss"}]},{"@type":"WebSite","@id":"https:\/\/abilica.com\/#website","url":"https:\/\/abilica.com\/","name":"Abilica","description":"Abilica Home Training","potentialAction":[{"@type":"SearchAction","target":{"@type":"EntryPoint","urlTemplate":"https:\/\/abilica.com\/?s={search_term_string}"},"query-input":{"@type":"PropertyValueSpecification","valueRequired":true,"valueName":"search_term_string"}}],"inLanguage":"nb-NO"}]}},"_links":{"self":[{"href":"https:\/\/abilica.com\/no\/wp-json\/wp\/v2\/pages\/31981","targetHints":{"allow":["GET"]}}],"collection":[{"href":"https:\/\/abilica.com\/no\/wp-json\/wp\/v2\/pages"}],"about":[{"href":"https:\/\/abilica.com\/no\/wp-json\/wp\/v2\/types\/page"}],"author":[{"embeddable":true,"href":"https:\/\/abilica.com\/no\/wp-json\/wp\/v2\/users\/13"}],"replies":[{"embeddable":true,"href":"https:\/\/abilica.com\/no\/wp-json\/wp\/v2\/comments?post=31981"}],"version-history":[{"count":5,"href":"https:\/\/abilica.com\/no\/wp-json\/wp\/v2\/pages\/31981\/revisions"}],"predecessor-version":[{"id":67406,"href":"https:\/\/abilica.com\/no\/wp-json\/wp\/v2\/pages\/31981\/revisions\/67406"}],"wp:attachment":[{"href":"https:\/\/abilica.com\/no\/wp-json\/wp\/v2\/media?parent=31981"}],"curies":[{"name":"wp","href":"https:\/\/api.w.org\/{rel}","templated":true}]}}