{"id":31984,"date":"2023-07-21T11:33:36","date_gmt":"2023-07-21T10:33:36","guid":{"rendered":"https:\/\/abilica.com\/?page_id=31984"},"modified":"2023-07-21T11:33:36","modified_gmt":"2023-07-21T10:33:36","slug":"landskampen","status":"publish","type":"page","link":"https:\/\/abilica.com\/no\/landskampen\/","title":{"rendered":"Landskampen"},"content":{"rendered":"<div class=\"wpb-content-wrapper\"><p>[vc_row full_width=&raquo;stretch_row_content_no_spaces&raquo;][vc_column][vc_single_image image=&raquo;35426&#8243; img_size=&raquo;full&raquo; alignment=&raquo;center&raquo;][\/vc_column][\/vc_row][vc_row][vc_column][vc_empty_space][vc_column_text]<\/p>\n<div style=\"text-align: center;\">Abilica er stolt samarbeidspartner til \u00e5rets Landskamp, der Norge m\u00f8ter Sverige i 8 programmer p\u00e5 TV2 i h\u00f8st!\u00a0F\u00f8rste episode er fredag 11. september og i den f\u00f8rste prologen blir det landskampduell med Abilica XC-Classic 2000.\u00a0Vi gleder oss til \u00e5 f\u00f8lge kampen i de f\u00f8lgende ukene!<\/div>\n<p>[\/vc_column_text][vc_empty_space][\/vc_column][\/vc_row][vc_row content_placement=&raquo;middle&raquo;][vc_column][vc_column_text el_class=&raquo;product-video&raquo;]<\/p>\n<div style=\"width: 640px;\" class=\"wp-video\"><!--[if lt IE 9]><script>document.createElement('video');<\/script><![endif]-->\n<video class=\"wp-video-shortcode\" id=\"video-31984-1\" width=\"640\" height=\"640\" poster=\"https:\/\/abilica.com\/no\/wp-content\/uploads\/2020\/09\/norge_sverige.jpg\" preload=\"metadata\" controls=\"controls\"><source type=\"video\/mp4\" src=\"https:\/\/abilica.com\/no\/wp-content\/uploads\/2020\/09\/Abilica_SoMe.mp4?_=1\" \/><a href=\"https:\/\/abilica.com\/no\/wp-content\/uploads\/2020\/09\/Abilica_SoMe.mp4\">https:\/\/abilica.com\/no\/wp-content\/uploads\/2020\/09\/Abilica_SoMe.mp4<\/a><\/video><\/div>\n<p>[\/vc_column_text][\/vc_column][\/vc_row][vc_row full_width=&raquo;stretch_row_content_no_spaces&raquo;][vc_column][vc_single_image image=&raquo;35415&#8243; img_size=&raquo;full&raquo; alignment=&raquo;center&raquo;][\/vc_column][\/vc_row][vc_row][vc_column][vc_empty_space][vc_column_text]<\/p>\n<h2 style=\"text-align: center;\">Kj\u00f8p produktene som brukes i konkurransene<\/h2>\n<p>[\/vc_column_text][vc_empty_space][\/vc_column][\/vc_row][vc_row full_width=&raquo;stretch_row_content&raquo;][vc_column width=&raquo;1\/4&#8243;][product_mod id=&raquo;28285&#8243;][\/vc_column][vc_column width=&raquo;1\/4&#8243;][product_mod id=&raquo;2639&#8243;][\/vc_column][vc_column width=&raquo;1\/4&#8243;][product_mod id=&raquo;2599&#8243;][\/vc_column][vc_column width=&raquo;1\/4&#8243;][product_mod id=&raquo;24593&#8243;][\/vc_column][\/vc_row][vc_row full_width=&raquo;stretch_row_content&raquo;][vc_column width=&raquo;1\/4&#8243;][product_mod id=&raquo;30260&#8243;][\/vc_column][vc_column width=&raquo;1\/4&#8243;][product_mod id=&raquo;24561&#8243;][\/vc_column][vc_column width=&raquo;1\/4&#8243;][product_mod id=&raquo;30268&#8243;][\/vc_column][vc_column width=&raquo;1\/4&#8243;][product_mod id=&raquo;25973&#8243;][\/vc_column][\/vc_row][vc_row full_width=&raquo;stretch_row_content&raquo;][vc_column width=&raquo;1\/4&#8243;][product_mod id=&raquo;2356&#8243;][\/vc_column][vc_column width=&raquo;1\/4&#8243;][product_mod id=&raquo;2441&#8243;][\/vc_column][vc_column width=&raquo;1\/4&#8243;][product_mod id=&raquo;28458&#8243;][\/vc_column][vc_column width=&raquo;1\/4&#8243;][product_mod id=&raquo;2854&#8243;][\/vc_column][\/vc_row][vc_row][vc_column][vc_empty_space][vc_btn title=&raquo;Se alle produkter&raquo; style=&raquo;flat&raquo; color=&raquo;black&raquo; align=&raquo;center&raquo; link=&raquo;url:https%3A%2F%2Fabilica.com%2Fno%2Fshop%2F|||&raquo;][vc_empty_space height=&raquo;55px&raquo;][\/vc_column][\/vc_row]<\/p>\n<\/div>","protected":false},"excerpt":{"rendered":"<p>[vc_row full_width=&raquo;stretch_row_content_no_spaces&raquo;][vc_column][vc_single_image image=&raquo;35426&#8243; img_size=&raquo;full&raquo; alignment=&raquo;center&raquo;][\/vc_column][\/vc_row][vc_row][vc_column][vc_empty_space][vc_column_text] Abilica er stolt samarbeidspartner til \u00e5rets Landskamp, der Norge m\u00f8ter&#8230;<\/p>\n","protected":false},"author":13,"featured_media":0,"parent":0,"menu_order":0,"comment_status":"closed","ping_status":"closed","template":"","meta":{"_acf_changed":false,"footnotes":""},"class_list":["post-31984","page","type-page","status-publish","hentry"],"acf":[],"yoast_head":"<!-- This site is optimized with the Yoast SEO Premium plugin v21.1 (Yoast SEO v25.4) - https:\/\/yoast.com\/wordpress\/plugins\/seo\/ -->\n<title>Landskampen &#8226; Abilica<\/title>\n<meta name=\"robots\" content=\"index, follow, max-snippet:-1, max-image-preview:large, max-video-preview:-1\" \/>\n<link rel=\"canonical\" href=\"https:\/\/abilica.com\/no\/landskampen\/\" \/>\n<meta property=\"og:locale\" content=\"nb_NO\" \/>\n<meta property=\"og:type\" content=\"article\" \/>\n<meta property=\"og:title\" content=\"Landskampen\" \/>\n<meta property=\"og:description\" content=\"[vc_row full_width=&raquo;stretch_row_content_no_spaces&raquo;][vc_column][vc_single_image image=&raquo;35426&#8243; img_size=&raquo;full&raquo; alignment=&raquo;center&raquo;][\/vc_column][\/vc_row][vc_row][vc_column][vc_empty_space][vc_column_text] Abilica er stolt samarbeidspartner til \u00e5rets Landskamp, der Norge m\u00f8ter...\" \/>\n<meta property=\"og:url\" content=\"https:\/\/abilica.com\/no\/landskampen\/\" \/>\n<meta property=\"og:site_name\" content=\"Abilica\" \/>\n<meta property=\"article:publisher\" content=\"https:\/\/www.facebook.com\/abilicahometraining\/\" \/>\n<meta name=\"twitter:card\" content=\"summary_large_image\" \/>\n<meta name=\"twitter:label1\" content=\"Ansl. lesetid\" \/>\n\t<meta name=\"twitter:data1\" content=\"2 minutter\" \/>\n<script type=\"application\/ld+json\" class=\"yoast-schema-graph\">{\"@context\":\"https:\/\/schema.org\",\"@graph\":[{\"@type\":\"WebPage\",\"@id\":\"https:\/\/abilica.com\/no\/landskampen\/\",\"url\":\"https:\/\/abilica.com\/no\/landskampen\/\",\"name\":\"Landskampen &#8226; Abilica\",\"isPartOf\":{\"@id\":\"https:\/\/abilica.com\/#website\"},\"datePublished\":\"2023-07-21T10:33:36+00:00\",\"breadcrumb\":{\"@id\":\"https:\/\/abilica.com\/no\/landskampen\/#breadcrumb\"},\"inLanguage\":\"nb-NO\",\"potentialAction\":[{\"@type\":\"ReadAction\",\"target\":[\"https:\/\/abilica.com\/no\/landskampen\/\"]}]},{\"@type\":\"BreadcrumbList\",\"@id\":\"https:\/\/abilica.com\/no\/landskampen\/#breadcrumb\",\"itemListElement\":[{\"@type\":\"ListItem\",\"position\":1,\"name\":\"Hem\",\"item\":\"https:\/\/abilica.com\/no\/\"},{\"@type\":\"ListItem\",\"position\":2,\"name\":\"Landskampen\"}]},{\"@type\":\"WebSite\",\"@id\":\"https:\/\/abilica.com\/#website\",\"url\":\"https:\/\/abilica.com\/\",\"name\":\"Abilica\",\"description\":\"Abilica Home Training\",\"potentialAction\":[{\"@type\":\"SearchAction\",\"target\":{\"@type\":\"EntryPoint\",\"urlTemplate\":\"https:\/\/abilica.com\/?s={search_term_string}\"},\"query-input\":{\"@type\":\"PropertyValueSpecification\",\"valueRequired\":true,\"valueName\":\"search_term_string\"}}],\"inLanguage\":\"nb-NO\"}]}<\/script>\n<!-- \/ Yoast SEO Premium plugin. -->","yoast_head_json":{"title":"Landskampen &#8226; Abilica","robots":{"index":"index","follow":"follow","max-snippet":"max-snippet:-1","max-image-preview":"max-image-preview:large","max-video-preview":"max-video-preview:-1"},"canonical":"https:\/\/abilica.com\/no\/landskampen\/","og_locale":"nb_NO","og_type":"article","og_title":"Landskampen","og_description":"[vc_row full_width=&raquo;stretch_row_content_no_spaces&raquo;][vc_column][vc_single_image image=&raquo;35426&#8243; img_size=&raquo;full&raquo; alignment=&raquo;center&raquo;][\/vc_column][\/vc_row][vc_row][vc_column][vc_empty_space][vc_column_text] Abilica er stolt samarbeidspartner til \u00e5rets Landskamp, der Norge m\u00f8ter...","og_url":"https:\/\/abilica.com\/no\/landskampen\/","og_site_name":"Abilica","article_publisher":"https:\/\/www.facebook.com\/abilicahometraining\/","twitter_card":"summary_large_image","twitter_misc":{"Ansl. lesetid":"2 minutter"},"schema":{"@context":"https:\/\/schema.org","@graph":[{"@type":"WebPage","@id":"https:\/\/abilica.com\/no\/landskampen\/","url":"https:\/\/abilica.com\/no\/landskampen\/","name":"Landskampen &#8226; Abilica","isPartOf":{"@id":"https:\/\/abilica.com\/#website"},"datePublished":"2023-07-21T10:33:36+00:00","breadcrumb":{"@id":"https:\/\/abilica.com\/no\/landskampen\/#breadcrumb"},"inLanguage":"nb-NO","potentialAction":[{"@type":"ReadAction","target":["https:\/\/abilica.com\/no\/landskampen\/"]}]},{"@type":"BreadcrumbList","@id":"https:\/\/abilica.com\/no\/landskampen\/#breadcrumb","itemListElement":[{"@type":"ListItem","position":1,"name":"Hem","item":"https:\/\/abilica.com\/no\/"},{"@type":"ListItem","position":2,"name":"Landskampen"}]},{"@type":"WebSite","@id":"https:\/\/abilica.com\/#website","url":"https:\/\/abilica.com\/","name":"Abilica","description":"Abilica Home Training","potentialAction":[{"@type":"SearchAction","target":{"@type":"EntryPoint","urlTemplate":"https:\/\/abilica.com\/?s={search_term_string}"},"query-input":{"@type":"PropertyValueSpecification","valueRequired":true,"valueName":"search_term_string"}}],"inLanguage":"nb-NO"}]}},"_links":{"self":[{"href":"https:\/\/abilica.com\/no\/wp-json\/wp\/v2\/pages\/31984","targetHints":{"allow":["GET"]}}],"collection":[{"href":"https:\/\/abilica.com\/no\/wp-json\/wp\/v2\/pages"}],"about":[{"href":"https:\/\/abilica.com\/no\/wp-json\/wp\/v2\/types\/page"}],"author":[{"embeddable":true,"href":"https:\/\/abilica.com\/no\/wp-json\/wp\/v2\/users\/13"}],"replies":[{"embeddable":true,"href":"https:\/\/abilica.com\/no\/wp-json\/wp\/v2\/comments?post=31984"}],"version-history":[{"count":1,"href":"https:\/\/abilica.com\/no\/wp-json\/wp\/v2\/pages\/31984\/revisions"}],"predecessor-version":[{"id":31995,"href":"https:\/\/abilica.com\/no\/wp-json\/wp\/v2\/pages\/31984\/revisions\/31995"}],"wp:attachment":[{"href":"https:\/\/abilica.com\/no\/wp-json\/wp\/v2\/media?parent=31984"}],"curies":[{"name":"wp","href":"https:\/\/api.w.org\/{rel}","templated":true}]}}