{"id":31986,"date":"2023-07-21T11:34:17","date_gmt":"2023-07-21T10:34:17","guid":{"rendered":"https:\/\/abilica.com\/?page_id=31986"},"modified":"2023-07-21T11:34:17","modified_gmt":"2023-07-21T10:34:17","slug":"lunchpass","status":"publish","type":"page","link":"https:\/\/abilica.com\/no\/lunchpass\/","title":{"rendered":"lunchpass"},"content":{"rendered":"<div class=\"wpb-content-wrapper\"><p>[vc_row full_width=&raquo;stretch_row_content&raquo; content_placement=&raquo;middle&raquo; css=&raquo;.vc_custom_1525079156775{margin-right: 20px !important;margin-left: 20px !important;border-right-width: 20px !important;border-left-width: 20px !important;padding-right: 20px !important;padding-left: 20px !important;background-position: center !important;background-repeat: no-repeat !important;background-size: cover !important;}&raquo;][vc_column css=&raquo;.vc_custom_1481535811428{padding-right: 0px !important;padding-left: 0px !important;}&raquo;][vc_single_image image=&raquo;23528&#8243; img_size=&raquo;full&raquo; alignment=&raquo;center&raquo;][vc_btn title=&raquo;ANM\u00c4LA&raquo; style=&raquo;outline&raquo; color=&raquo;danger&raquo; size=&raquo;sm&raquo; align=&raquo;center&raquo;][\/vc_column][\/vc_row][vc_row full_width=&raquo;stretch_row_content&raquo; full_height=&raquo;yes&raquo; columns_placement=&raquo;bottom&raquo; content_placement=&raquo;bottom&raquo; css=&raquo;.vc_custom_1525255945011{padding-right: 0px !important;padding-left: 0px !important;background-image: url(https:\/\/abilica.com\/no\/wp-content\/uploads\/2018\/05\/Screen-Shot-2018-05-02-at-12.08.16.jpg?id=23583) !important;background-position: center !important;background-repeat: no-repeat !important;background-size: cover !important;}&raquo;][vc_column css=&raquo;.vc_custom_1525079473618{padding-right: 0px !important;padding-left: 0px !important;}&raquo;][vc_icon icon_fontawesome=&raquo;fa fa-angle-down&raquo; color=&raquo;white&raquo; size=&raquo;lg&raquo; align=&raquo;center&raquo;][\/vc_column][\/vc_row][vc_row][vc_column][vc_empty_space height=&raquo;72px&raquo;][vc_column_text]<\/p>\n<p style=\"text-align: center;\">Den gode gamle sirkeltreningen er i vinden som aldri f\u00f8r. Mange\u00a0bruker sirkeltrening for \u00e5 komme seg i form og det gj\u00f8r de med rette! Med sirkeltrening f\u00e5r du egentlig det meste du trenger og du trener hele kroppen samtidig! Ved \u00e5 kj\u00f8re sirkeltrening f\u00e5r du h\u00f8yere fettforbrenning, \u00f8kt kondis, \u00f8kt styrke og mer muskelmasse. Du kan selv velge \u00f8velsene som gj\u00f8r at treningen blir variert\u00a0og spennende. Enten kan du velge \u00e5 kj\u00f8re hele kroppen under en \u00f8kt eller konsentrere deg p\u00e5 spesielle kroppsdeler eller omr\u00e5der hvis du vil det.<\/p>\n<p style=\"text-align: center;\">N\u00e5r du setter opp en sirkeltrenings\u00f8kt er det viktig \u00e5 tenke p\u00e5 hvor lenge du vil holde p\u00e5 og hvor lenge pausene skal vare. Dette kommer an p\u00e5 hvordan du vil trene, om du vil trene veldig utholdende eller veldig eksplosivt. Det finnes mange fordeler med sirkeltrening. F\u00f8rst og fremst tar det kort tid fordi det foreg\u00e5r i h\u00f8yt tempo med stor belastning. Det blir litt som n\u00e5r du trener intervall p\u00e5 for eksempel tredem\u00f8lle. En annen ting er at du enkelt kan gj\u00f8re dette hjemme i egen stue hvis du bare har litt utstyr tilgjengelig. Sirkeltreningen kan ogs\u00e5 enkelt implementeres med resten styrketreningen slik at du f\u00e5r en helhetlig trening gjennom uka.<\/p>\n<p>[\/vc_column_text][vc_empty_space height=&raquo;72px&raquo;][\/vc_column][\/vc_row]<\/p>\n<\/div>","protected":false},"excerpt":{"rendered":"<p>[vc_row full_width=&raquo;stretch_row_content&raquo; content_placement=&raquo;middle&raquo; css=&raquo;.vc_custom_1525079156775{margin-right: 20px !important;margin-left: 20px !important;border-right-width: 20px !important;border-left-width: 20px !important;padding-right: 20px !important;padding-left: 20px&#8230;<\/p>\n","protected":false},"author":13,"featured_media":0,"parent":0,"menu_order":0,"comment_status":"closed","ping_status":"closed","template":"","meta":{"_acf_changed":false,"footnotes":""},"class_list":["post-31986","page","type-page","status-publish","hentry"],"acf":[],"yoast_head":"<!-- This site is optimized with the Yoast SEO Premium plugin v21.1 (Yoast SEO v25.4) - https:\/\/yoast.com\/wordpress\/plugins\/seo\/ -->\n<title>lunchpass &#8226; Abilica<\/title>\n<meta name=\"robots\" content=\"index, follow, max-snippet:-1, max-image-preview:large, max-video-preview:-1\" \/>\n<link rel=\"canonical\" href=\"https:\/\/abilica.com\/no\/lunchpass\/\" \/>\n<meta property=\"og:locale\" content=\"nb_NO\" \/>\n<meta property=\"og:type\" content=\"article\" \/>\n<meta property=\"og:title\" content=\"lunchpass\" \/>\n<meta property=\"og:description\" content=\"[vc_row full_width=&raquo;stretch_row_content&raquo; content_placement=&raquo;middle&raquo; css=&raquo;.vc_custom_1525079156775{margin-right: 20px !important;margin-left: 20px !important;border-right-width: 20px !important;border-left-width: 20px !important;padding-right: 20px !important;padding-left: 20px...\" \/>\n<meta property=\"og:url\" content=\"https:\/\/abilica.com\/no\/lunchpass\/\" \/>\n<meta property=\"og:site_name\" content=\"Abilica\" \/>\n<meta property=\"article:publisher\" content=\"https:\/\/www.facebook.com\/abilicahometraining\/\" \/>\n<meta name=\"twitter:card\" content=\"summary_large_image\" \/>\n<meta name=\"twitter:label1\" content=\"Ansl. lesetid\" \/>\n\t<meta name=\"twitter:data1\" content=\"2 minutter\" \/>\n<script type=\"application\/ld+json\" class=\"yoast-schema-graph\">{\"@context\":\"https:\/\/schema.org\",\"@graph\":[{\"@type\":\"WebPage\",\"@id\":\"https:\/\/abilica.com\/no\/lunchpass\/\",\"url\":\"https:\/\/abilica.com\/no\/lunchpass\/\",\"name\":\"lunchpass &#8226; Abilica\",\"isPartOf\":{\"@id\":\"https:\/\/abilica.com\/#website\"},\"datePublished\":\"2023-07-21T10:34:17+00:00\",\"breadcrumb\":{\"@id\":\"https:\/\/abilica.com\/no\/lunchpass\/#breadcrumb\"},\"inLanguage\":\"nb-NO\",\"potentialAction\":[{\"@type\":\"ReadAction\",\"target\":[\"https:\/\/abilica.com\/no\/lunchpass\/\"]}]},{\"@type\":\"BreadcrumbList\",\"@id\":\"https:\/\/abilica.com\/no\/lunchpass\/#breadcrumb\",\"itemListElement\":[{\"@type\":\"ListItem\",\"position\":1,\"name\":\"Hem\",\"item\":\"https:\/\/abilica.com\/no\/\"},{\"@type\":\"ListItem\",\"position\":2,\"name\":\"lunchpass\"}]},{\"@type\":\"WebSite\",\"@id\":\"https:\/\/abilica.com\/#website\",\"url\":\"https:\/\/abilica.com\/\",\"name\":\"Abilica\",\"description\":\"Abilica Home Training\",\"potentialAction\":[{\"@type\":\"SearchAction\",\"target\":{\"@type\":\"EntryPoint\",\"urlTemplate\":\"https:\/\/abilica.com\/?s={search_term_string}\"},\"query-input\":{\"@type\":\"PropertyValueSpecification\",\"valueRequired\":true,\"valueName\":\"search_term_string\"}}],\"inLanguage\":\"nb-NO\"}]}<\/script>\n<!-- \/ Yoast SEO Premium plugin. -->","yoast_head_json":{"title":"lunchpass &#8226; Abilica","robots":{"index":"index","follow":"follow","max-snippet":"max-snippet:-1","max-image-preview":"max-image-preview:large","max-video-preview":"max-video-preview:-1"},"canonical":"https:\/\/abilica.com\/no\/lunchpass\/","og_locale":"nb_NO","og_type":"article","og_title":"lunchpass","og_description":"[vc_row full_width=&raquo;stretch_row_content&raquo; content_placement=&raquo;middle&raquo; css=&raquo;.vc_custom_1525079156775{margin-right: 20px !important;margin-left: 20px !important;border-right-width: 20px !important;border-left-width: 20px !important;padding-right: 20px !important;padding-left: 20px...","og_url":"https:\/\/abilica.com\/no\/lunchpass\/","og_site_name":"Abilica","article_publisher":"https:\/\/www.facebook.com\/abilicahometraining\/","twitter_card":"summary_large_image","twitter_misc":{"Ansl. lesetid":"2 minutter"},"schema":{"@context":"https:\/\/schema.org","@graph":[{"@type":"WebPage","@id":"https:\/\/abilica.com\/no\/lunchpass\/","url":"https:\/\/abilica.com\/no\/lunchpass\/","name":"lunchpass &#8226; Abilica","isPartOf":{"@id":"https:\/\/abilica.com\/#website"},"datePublished":"2023-07-21T10:34:17+00:00","breadcrumb":{"@id":"https:\/\/abilica.com\/no\/lunchpass\/#breadcrumb"},"inLanguage":"nb-NO","potentialAction":[{"@type":"ReadAction","target":["https:\/\/abilica.com\/no\/lunchpass\/"]}]},{"@type":"BreadcrumbList","@id":"https:\/\/abilica.com\/no\/lunchpass\/#breadcrumb","itemListElement":[{"@type":"ListItem","position":1,"name":"Hem","item":"https:\/\/abilica.com\/no\/"},{"@type":"ListItem","position":2,"name":"lunchpass"}]},{"@type":"WebSite","@id":"https:\/\/abilica.com\/#website","url":"https:\/\/abilica.com\/","name":"Abilica","description":"Abilica Home Training","potentialAction":[{"@type":"SearchAction","target":{"@type":"EntryPoint","urlTemplate":"https:\/\/abilica.com\/?s={search_term_string}"},"query-input":{"@type":"PropertyValueSpecification","valueRequired":true,"valueName":"search_term_string"}}],"inLanguage":"nb-NO"}]}},"_links":{"self":[{"href":"https:\/\/abilica.com\/no\/wp-json\/wp\/v2\/pages\/31986","targetHints":{"allow":["GET"]}}],"collection":[{"href":"https:\/\/abilica.com\/no\/wp-json\/wp\/v2\/pages"}],"about":[{"href":"https:\/\/abilica.com\/no\/wp-json\/wp\/v2\/types\/page"}],"author":[{"embeddable":true,"href":"https:\/\/abilica.com\/no\/wp-json\/wp\/v2\/users\/13"}],"replies":[{"embeddable":true,"href":"https:\/\/abilica.com\/no\/wp-json\/wp\/v2\/comments?post=31986"}],"version-history":[{"count":1,"href":"https:\/\/abilica.com\/no\/wp-json\/wp\/v2\/pages\/31986\/revisions"}],"predecessor-version":[{"id":31997,"href":"https:\/\/abilica.com\/no\/wp-json\/wp\/v2\/pages\/31986\/revisions\/31997"}],"wp:attachment":[{"href":"https:\/\/abilica.com\/no\/wp-json\/wp\/v2\/media?parent=31986"}],"curies":[{"name":"wp","href":"https:\/\/api.w.org\/{rel}","templated":true}]}}