{"id":32004,"date":"2023-08-04T21:15:26","date_gmt":"2023-08-04T20:15:26","guid":{"rendered":"https:\/\/abilica.com\/?page_id=32004"},"modified":"2024-03-11T09:56:19","modified_gmt":"2024-03-11T08:56:19","slug":"personvernerklaering","status":"publish","type":"page","link":"https:\/\/abilica.com\/no\/personvernerklaering\/","title":{"rendered":"Personvernerkl\u00e6ring"},"content":{"rendered":"<div class=\"wpb-content-wrapper\"><p>[vc_row full_width=&raquo;stretch_row_content&raquo; content_placement=&raquo;middle&raquo; css=&raquo;.vc_custom_1587545824275{padding-top: -30px !important;padding-right: 0px !important;padding-left: 0px !important;background-position: center !important;background-repeat: no-repeat !important;background-size: cover !important;}&raquo;][vc_column css=&raquo;.vc_custom_1587545859864{margin-top: -35px !important;border-top-width: -35px !important;padding-top: -35px !important;padding-right: 0px !important;padding-left: 0px !important;}&raquo;][vc_single_image image=&raquo;32219&#8243; img_size=&raquo;full&raquo; alignment=&raquo;center&raquo;][\/vc_column][\/vc_row][vc_row css=&raquo;.vc_custom_1513084274915{padding-right: 25px !important;padding-left: 25px !important;background-position: center !important;background-repeat: no-repeat !important;background-size: cover !important;}&raquo;][vc_column css=&raquo;.vc_custom_1481535811428{padding-right: 0px !important;padding-left: 0px !important;}&raquo;][vc_empty_space][vc_column_text css_animation=&raquo;fadeInUp&raquo;]<\/p>\n<h1 style=\"text-align: left;\">Personvernerkl\u00e6ring<\/h1>\n<h3 style=\"text-align: center;\"><\/h3>\n<p>[\/vc_column_text][vc_column_text css_animation=&raquo;fadeInUp&raquo;]<b>Behandling av personopplysninger i Mylna Sport AS<br \/>\n<\/b>Vi i Mylna Sport AS er opptatt av at personopplysninger om v\u00e5re kunder, leverand\u00f8rer og andre ivaretas p\u00e5 en betryggende m\u00e5te. Under f\u00e5r du en n\u00e6rmere beskrivelse av hvordan vi behandler personopplysninger i v\u00e5r virksomhet og n\u00e5r du handler eller bestiller tjenester av oss via v\u00e5r nettside eller er i kontakt med oss p\u00e5 annen m\u00e5te, som f. eks via e-post eller telefon. Nedenfor finner du derfor informasjon om personopplysninger som samles inn, hvorfor vi gj\u00f8r dette og dine rettigheter knyttet til behandlingen av personopplysningene. Behandlingsansvarlig for personopplysningene vi behandler er Mylna Sport AS er daglig leder.<\/p>\n<p><strong>Kontaktinformasjonen til Mylna Sport AS<br \/>\n<\/strong>Adresse: Postboks 244, 3051 Mj\u00f8ndalen.<span class=\"Apple-converted-space\"><br \/>\n<\/span>E-post: <a href=\"mailto:post@mylnasport.no\">post@mylnasport.no<br \/>\n<\/a>Telefon: 32 27 27 00<br \/>\nOrganisasjonsnr.: 994\u00a0873 733<\/p>\n<p><b>Hvorfor samler vi inn personopplysninger\u00a0<\/b><\/p>\n<p><b>Innledning<br \/>\n<\/b>Vi samler inn og bruker dine personopplysninger til ulike form\u00e5l avhengig av om det er kontaktinformasjon til v\u00e5re leverand\u00f8rer, personopplysninger som er gitt for \u00e5 h\u00e5ndtere en bestilling av varer eller tjenester fra oss eller om du tar kontakt med oss i andre henseender. Mylna Sport AS er i hovedsak en leverand\u00f8r til bedriftskunder. Dette inneb\u00e6rer at personopplysninger vi behandler om v\u00e5re kunder i all hovedsak er personopplysninger om kontaktpersoner hos kunden og ikke personopplysninger om sluttkunden. Personopplysninger vi henter inn er navn, e-post, adresse og telefonnummer. Vi henter inn begrenset med personopplysninger om v\u00e5re leverand\u00f8rer. Dette er gjerne informasjon om kontaktpersoner hos leverand\u00f8ren som er n\u00f8dvendig for \u00e5 oppfylle v\u00e5r avtaleforpliktelse med leverand\u00f8ren. Personopplysninger vi henter inn i denne forbindelse er navn, e-post adresse og telefonnummer. Personopplysninger vi henter inn om v\u00e5re kunder kan variere avhengig av om du bestiller tjenester fra Mylna Servicesenter eller Abilica.<\/p>\n<p><b>Mylna Servicesenter<br \/>\n<\/b>Mylna Sport AS har et Servicesenter som betjener b\u00e5de det private og profesjonelle markedet. V\u00e5rt Servicesenter har i forbindelse med teknisk kundeservice, salg av reservedeler, reparasjon, montering og serviceavtaler behov for \u00e5 behandle personopplysninger om sluttkunder. V\u00e5r behandling av personopplysninger skjer etter avtale med deg og opplysningene du gir er n\u00f8dvendig for at vi skal kunne oppfylle avtalen. Personopplysningene kan gis via v\u00e5rt kontaktskjema p\u00e5 mylnasport.no, telefon eller e-post. Personopplysninger vi henter inn er navn, adresse, telefon, e-post, kj\u00f8psdetaljer og andre opplysninger du m\u00e5tte gi oss knyttet til produktet du har kj\u00f8pt.<\/p>\n<p><b>Abilica.no<br \/>\n<\/b>Abilica er en del av Mylna Sport AS og leverer treningsutstyr til bedrifter og privatpersoner. Ved salg til privatpersoner registrer vi opplysninger som er n\u00f8dvendig for \u00e5 gjennomf\u00f8re avtalen med deg, som navn, adresse, e-post og telefon. Vi oppbevarer ogs\u00e5 av sikkerhetshensyn IP-adressen for \u00e5 registrere bestillingen. Dette gj\u00f8r vi for \u00e5 forhindre svindel. Kortnummer oppbevares ikke av\u00a0Mylna Sport AS, men av Klarna som er v\u00e5r betalingspartner. Dette for \u00e5 sikre effektiv h\u00e5ndtering av eventuelle problemer med belastning, oppheving av reservasjon og kreditering.\u00a0Personopplysninger kan ogs\u00e5 gis via v\u00e5rt kontaktskjema p\u00e5 abilica.com\/no, telefon eller e-post.<\/p>\n<p>Abilica.no tilbyr ogs\u00e5 eksisterende og potensielle kunder \u00e5 motta nyhetsbrev. Nyhetsbrev inkluderer informasjon om v\u00e5r virksomhet, nyheter, produktanbefalinger, konkurranser og andre tilbud via e-post. Det er frivillig \u00e5 motta dette, og man m\u00e5 selv melde seg p\u00e5 v\u00e5rt nyhetsbrev, enten via kj\u00f8p i v\u00e5r nettbutikk eller p\u00e5 &laquo;Min konto&raquo;. Det er ogs\u00e5 enkelt \u00e5 melde seg ut av e-post listen fra kontosiden &laquo;Min konto&raquo;, eller ved \u00e5 klikke p\u00e5 \u00abmeld meg av nyhetsbrev\u00bb nederst i nyhetsbrev som mottas eller ved \u00e5 ta kontakt med oss per telefon eller e-post. Vi tar forbehold om at priser kan v\u00e6re feil under en kortere periode.<\/p>\n<p><b>Utlevering av personopplysninger til andre<br \/>\n<\/b>Personopplysningene videreformidles bare til andre i tilfeller der loven tillater det, etter avtale med deg eller dersom det er angitt i denne personvernerkl\u00e6ringen. Tilfeller hvor vi kan tenkes \u00e5 utlevere personopplysninger til andre er i forbindelse med \u00e5 levere en bestilling, utf\u00f8re reparasjon, serviceoppdrag eller til bokf\u00f8ringsform\u00e5l. I forbindelse med en leveranse vil f.eks. tjenesteleverand\u00f8rene vi bruker (transport\u00f8rer, logistikkforetak, banker) f\u00e5 tilgang til de opplysningene de trenger for \u00e5 gjennomf\u00f8re bestillingen. Tjenesteleverand\u00f8rene har kun adgang til \u00e5 bruke opplysningene til \u00e5 utf\u00f8re sine definerte oppgaver.\u00a0Mylna Sport AS benytter seg ogs\u00e5 av andre eksterne tjenesteleverand\u00f8rer (databehandlere) som kan komme til \u00e5 behandle personopplysninger p\u00e5 v\u00e5re vegne. Dette vil typisk v\u00e6re leverand\u00f8rer av programvare som v\u00e5rt kunde og forretningssystem, support og vedlikehold.\u00a0I slike tilfeller har vi inng\u00e5tt skriftlige databehandleravtaler for \u00e5 ivareta informasjonssikkerheten i alle ledd av behandlingen.<\/p>\n<p><b>Lagring og sikring av personopplysninger<br \/>\n<\/b>Vi lagrer dine personopplysninger hos oss s\u00e5 lenge det er n\u00f8dvendig for det form\u00e5l personopplysningene ble samlet inn for. Dette betyr for eksempel at personopplysninger som vi behandler p\u00e5 grunnlag av ditt samtykke slettes, hvis du trekker ditt samtykke. Personopplysninger vi behandler for \u00e5 oppfylle en avtale med deg slettes n\u00e5r avtalen er oppfylt og alle plikter som f\u00f8lger av avtaleforholdet er oppfylt.\u00a0Vi er p\u00e5lagt \u00e5 oppbevare bestemte personopplysninger for \u00e5 oppfylle v\u00e5re forpliktelser etter regnskapslovgivning, avgiftsh\u00e5ndtering og eventuell garanti-\/returh\u00e5ndtering. Dette inneb\u00e6rer at denne historikken normalt ikke slettes f\u00f8r det har g\u00e5tt minst fem \u00e5r.<\/p>\n<p>Mylna Sport AS tar sikkerhet p\u00e5 alvor og gjennomf\u00f8rer jevnlig kontroller for \u00e5 sikre at dine personopplysninger ivaretas p\u00e5 en god m\u00e5te.<\/p>\n<p><b>Dine rettigheter n\u00e5r vi behandler personopplysninger om deg<br \/>\n<\/b>Du har krav p\u00e5 innsyn i de personopplysningene vi har registrert om deg, og kan til enhver tid kreve retting, korrigering eller sletting av personopplysningene vi behandler. Dersom behandling av personopplysningene er basert p\u00e5 samtykke fra deg gj\u00f8r vi oppmerksom p\u00e5 at samtykke n\u00e5r som helst kan trekkes tilbake. Sp\u00f8rsm\u00e5l om v\u00e5r behandling av personopplysninger om deg, retting, sletting eller annet kan rettes til oss. Vi vil be deg om \u00e5 bekrefte identiteten din eller \u00e5 oppgi ytterligere informasjon f\u00f8r vi lar deg ta i bruk dine rettigheter overfor oss. Dette gj\u00f8r vi for \u00e5 v\u00e6re sikre p\u00e5 at vi kun gir tilgang til dine personopplysninger til deg &#8211; og ikke noen som gir seg ut for \u00e5 v\u00e6re deg.<\/p>\n<p><b>Klager<br \/>\n<\/b>Dersom du mener at v\u00e5r behandling av personopplysninger ikke stemmer med det vi har beskrevet her eller at vi p\u00e5 andre m\u00e5ter bryter personvernlovgivningen, s\u00e5 kan du klage til Datatilsynet. Du finner informasjon om hvordan kontakte Datatilsynet p\u00e5 Datatilsynets nettsider: <a href=\"http:\/\/www.datatilsynet.no\">www.datatilsynet.no<\/a>.<\/p>\n<p><b>Endringer<br \/>\n<\/b>Hvis det skulle skje endring av v\u00e5re tjenester eller endringer i regelverket om behandling av personopplysninger, kan det medf\u00f8re forandring i informasjonen du er gitt her. Oppdatert informasjon alltid finnes lett tilgjengelig p\u00e5 v\u00e5r nettside.[\/vc_column_text][vc_empty_space][\/vc_column][\/vc_row]<\/p>\n<\/div>","protected":false},"excerpt":{"rendered":"<p>[vc_row full_width=&raquo;stretch_row_content&raquo; content_placement=&raquo;middle&raquo; css=&raquo;.vc_custom_1587545824275{padding-top: -30px !important;padding-right: 0px !important;padding-left: 0px !important;background-position: center !important;background-repeat: no-repeat !important;background-size: cover&#8230;<\/p>\n","protected":false},"author":13,"featured_media":0,"parent":0,"menu_order":0,"comment_status":"closed","ping_status":"closed","template":"","meta":{"_acf_changed":false,"footnotes":""},"class_list":["post-32004","page","type-page","status-publish","hentry"],"acf":[],"yoast_head":"<!-- This site is optimized with the Yoast SEO Premium plugin v21.1 (Yoast SEO v25.4) - https:\/\/yoast.com\/wordpress\/plugins\/seo\/ -->\n<title>Personvernerkl\u00e6ring &#8226; Abilica<\/title>\n<meta name=\"robots\" content=\"index, follow, max-snippet:-1, max-image-preview:large, max-video-preview:-1\" \/>\n<link rel=\"canonical\" href=\"https:\/\/abilica.com\/no\/personvernerklaering\/\" \/>\n<meta property=\"og:locale\" content=\"nb_NO\" \/>\n<meta property=\"og:type\" content=\"article\" \/>\n<meta property=\"og:title\" content=\"Personvernerkl\u00e6ring\" \/>\n<meta property=\"og:description\" content=\"[vc_row full_width=&raquo;stretch_row_content&raquo; content_placement=&raquo;middle&raquo; css=&raquo;.vc_custom_1587545824275{padding-top: -30px !important;padding-right: 0px !important;padding-left: 0px !important;background-position: center !important;background-repeat: no-repeat !important;background-size: cover...\" \/>\n<meta property=\"og:url\" content=\"https:\/\/abilica.com\/no\/personvernerklaering\/\" \/>\n<meta property=\"og:site_name\" content=\"Abilica\" \/>\n<meta property=\"article:publisher\" content=\"https:\/\/www.facebook.com\/abilicahometraining\/\" \/>\n<meta property=\"article:modified_time\" content=\"2024-03-11T08:56:19+00:00\" \/>\n<meta name=\"twitter:card\" content=\"summary_large_image\" \/>\n<meta name=\"twitter:label1\" content=\"Ansl. lesetid\" \/>\n\t<meta name=\"twitter:data1\" content=\"5 minutter\" \/>\n<script type=\"application\/ld+json\" class=\"yoast-schema-graph\">{\"@context\":\"https:\/\/schema.org\",\"@graph\":[{\"@type\":\"WebPage\",\"@id\":\"https:\/\/abilica.com\/no\/personvernerklaering\/\",\"url\":\"https:\/\/abilica.com\/no\/personvernerklaering\/\",\"name\":\"Personvernerkl\u00e6ring &#8226; Abilica\",\"isPartOf\":{\"@id\":\"https:\/\/abilica.com\/#website\"},\"datePublished\":\"2023-08-04T20:15:26+00:00\",\"dateModified\":\"2024-03-11T08:56:19+00:00\",\"breadcrumb\":{\"@id\":\"https:\/\/abilica.com\/no\/personvernerklaering\/#breadcrumb\"},\"inLanguage\":\"nb-NO\",\"potentialAction\":[{\"@type\":\"ReadAction\",\"target\":[\"https:\/\/abilica.com\/no\/personvernerklaering\/\"]}]},{\"@type\":\"BreadcrumbList\",\"@id\":\"https:\/\/abilica.com\/no\/personvernerklaering\/#breadcrumb\",\"itemListElement\":[{\"@type\":\"ListItem\",\"position\":1,\"name\":\"Hem\",\"item\":\"https:\/\/abilica.com\/no\/\"},{\"@type\":\"ListItem\",\"position\":2,\"name\":\"Personvernerkl\u00e6ring\"}]},{\"@type\":\"WebSite\",\"@id\":\"https:\/\/abilica.com\/#website\",\"url\":\"https:\/\/abilica.com\/\",\"name\":\"Abilica\",\"description\":\"Abilica Home Training\",\"potentialAction\":[{\"@type\":\"SearchAction\",\"target\":{\"@type\":\"EntryPoint\",\"urlTemplate\":\"https:\/\/abilica.com\/?s={search_term_string}\"},\"query-input\":{\"@type\":\"PropertyValueSpecification\",\"valueRequired\":true,\"valueName\":\"search_term_string\"}}],\"inLanguage\":\"nb-NO\"}]}<\/script>\n<!-- \/ Yoast SEO Premium plugin. -->","yoast_head_json":{"title":"Personvernerkl\u00e6ring &#8226; Abilica","robots":{"index":"index","follow":"follow","max-snippet":"max-snippet:-1","max-image-preview":"max-image-preview:large","max-video-preview":"max-video-preview:-1"},"canonical":"https:\/\/abilica.com\/no\/personvernerklaering\/","og_locale":"nb_NO","og_type":"article","og_title":"Personvernerkl\u00e6ring","og_description":"[vc_row full_width=&raquo;stretch_row_content&raquo; content_placement=&raquo;middle&raquo; css=&raquo;.vc_custom_1587545824275{padding-top: -30px !important;padding-right: 0px !important;padding-left: 0px !important;background-position: center !important;background-repeat: no-repeat !important;background-size: cover...","og_url":"https:\/\/abilica.com\/no\/personvernerklaering\/","og_site_name":"Abilica","article_publisher":"https:\/\/www.facebook.com\/abilicahometraining\/","article_modified_time":"2024-03-11T08:56:19+00:00","twitter_card":"summary_large_image","twitter_misc":{"Ansl. lesetid":"5 minutter"},"schema":{"@context":"https:\/\/schema.org","@graph":[{"@type":"WebPage","@id":"https:\/\/abilica.com\/no\/personvernerklaering\/","url":"https:\/\/abilica.com\/no\/personvernerklaering\/","name":"Personvernerkl\u00e6ring &#8226; Abilica","isPartOf":{"@id":"https:\/\/abilica.com\/#website"},"datePublished":"2023-08-04T20:15:26+00:00","dateModified":"2024-03-11T08:56:19+00:00","breadcrumb":{"@id":"https:\/\/abilica.com\/no\/personvernerklaering\/#breadcrumb"},"inLanguage":"nb-NO","potentialAction":[{"@type":"ReadAction","target":["https:\/\/abilica.com\/no\/personvernerklaering\/"]}]},{"@type":"BreadcrumbList","@id":"https:\/\/abilica.com\/no\/personvernerklaering\/#breadcrumb","itemListElement":[{"@type":"ListItem","position":1,"name":"Hem","item":"https:\/\/abilica.com\/no\/"},{"@type":"ListItem","position":2,"name":"Personvernerkl\u00e6ring"}]},{"@type":"WebSite","@id":"https:\/\/abilica.com\/#website","url":"https:\/\/abilica.com\/","name":"Abilica","description":"Abilica Home Training","potentialAction":[{"@type":"SearchAction","target":{"@type":"EntryPoint","urlTemplate":"https:\/\/abilica.com\/?s={search_term_string}"},"query-input":{"@type":"PropertyValueSpecification","valueRequired":true,"valueName":"search_term_string"}}],"inLanguage":"nb-NO"}]}},"_links":{"self":[{"href":"https:\/\/abilica.com\/no\/wp-json\/wp\/v2\/pages\/32004","targetHints":{"allow":["GET"]}}],"collection":[{"href":"https:\/\/abilica.com\/no\/wp-json\/wp\/v2\/pages"}],"about":[{"href":"https:\/\/abilica.com\/no\/wp-json\/wp\/v2\/types\/page"}],"author":[{"embeddable":true,"href":"https:\/\/abilica.com\/no\/wp-json\/wp\/v2\/users\/13"}],"replies":[{"embeddable":true,"href":"https:\/\/abilica.com\/no\/wp-json\/wp\/v2\/comments?post=32004"}],"version-history":[{"count":4,"href":"https:\/\/abilica.com\/no\/wp-json\/wp\/v2\/pages\/32004\/revisions"}],"predecessor-version":[{"id":66748,"href":"https:\/\/abilica.com\/no\/wp-json\/wp\/v2\/pages\/32004\/revisions\/66748"}],"wp:attachment":[{"href":"https:\/\/abilica.com\/no\/wp-json\/wp\/v2\/media?parent=32004"}],"curies":[{"name":"wp","href":"https:\/\/api.w.org\/{rel}","templated":true}]}}