{"id":32018,"date":"2023-07-21T11:55:57","date_gmt":"2023-07-21T10:55:57","guid":{"rendered":"https:\/\/abilica.com\/?page_id=32018"},"modified":"2023-07-21T11:55:57","modified_gmt":"2023-07-21T10:55:57","slug":"shapeup-weekend-2019","status":"publish","type":"page","link":"https:\/\/abilica.com\/no\/shapeup-weekend-2019\/","title":{"rendered":"ShapeUp Weekend 2019"},"content":{"rendered":"<div class=\"wpb-content-wrapper\"><p>[vc_row full_width=&raquo;stretch_row_content_no_spaces&raquo; full_height=&raquo;yes&raquo; columns_placement=&raquo;bottom&raquo; content_placement=&raquo;bottom&raquo; css=&raquo;.vc_custom_1555410302159{background-image: url(https:\/\/abilica.com\/no\/wp-content\/uploads\/2018\/09\/LOCKHART-2-32.jpg?id=24853) !important;background-position: center !important;background-repeat: no-repeat !important;background-size: cover !important;}&raquo;][vc_column width=&raquo;1\/4&#8243;][\/vc_column][vc_column width=&raquo;1\/2&#8243;][vc_icon icon_fontawesome=&raquo;fa fa-angle-down&raquo; color=&raquo;custom&raquo; size=&raquo;xl&raquo; align=&raquo;center&raquo; css_animation=&raquo;none&raquo; custom_color=&raquo;#ffffff&raquo;][\/vc_column][vc_column width=&raquo;1\/4&#8243;][\/vc_column][\/vc_row][vc_row][vc_column][vc_column_text css_animation=&raquo;fadeInUp&raquo;]<\/p>\n<p style=\"text-align: center;\"><img loading=\"lazy\" decoding=\"async\" class=\"wp-image-23431 size-medium aligncenter\" src=\"https:\/\/abilica.com\/no\/wp-content\/uploads\/2018\/04\/1520947034033-300x185.png\" alt=\"\" width=\"300\" height=\"185\" \/><\/p>\n<p style=\"text-align: center;\">ShapeUp Weekend er rett rundt hj\u00f8rnet og vi i Team Abilica er klare for \u00e5 gi deg en helg full av #treningsglede! Her finner du litt informasjon om hva du b\u00f8r ha med deg og timeplanen over trenings\u00f8ktene!<\/p>\n<p style=\"text-align: center;\">Vi gleder oss til \u00e5 se deg p\u00e5 Vestlia Resort!<\/p>\n<p>[\/vc_column_text][vc_empty_space height=&raquo;52px&raquo;][vc_row_inner][vc_column_inner width=&raquo;1\/2&#8243;][vc_btn title=&raquo;Last ned timeplan&raquo; style=&raquo;flat&raquo; color=&raquo;danger&raquo; align=&raquo;center&raquo; i_icon_fontawesome=&raquo;fa fa-calendar&raquo; css_animation=&raquo;fadeInUp&raquo; add_icon=&raquo;true&raquo; link=&raquo;url:https%3A%2F%2Fabilica.com%2Fno%2Fwp-content%2Fuploads%2F2019%2F06%2FTimeplan-SUW-2019-new2.pdf|||&raquo;][\/vc_column_inner][vc_column_inner width=&raquo;1\/2&#8243;][vc_btn title=&raquo;Last ned pakkeliste&raquo; style=&raquo;flat&raquo; color=&raquo;danger&raquo; align=&raquo;center&raquo; i_icon_fontawesome=&raquo;fa fa-check-square-o&raquo; css_animation=&raquo;fadeInUp&raquo; add_icon=&raquo;true&raquo; link=&raquo;url:https%3A%2F%2Fabilica.com%2Fno%2Fwp-content%2Fuploads%2F2019%2F06%2FPakkeliste-SUW-2019.pdf|||&raquo;][\/vc_column_inner][\/vc_row_inner][vc_empty_space height=&raquo;52px&raquo;][vc_empty_space height=&raquo;52px&raquo;][\/vc_column][\/vc_row][vc_row full_width=&raquo;stretch_row_content&raquo; full_height=&raquo;yes&raquo; columns_placement=&raquo;bottom&raquo; content_placement=&raquo;bottom&raquo; css=&raquo;.vc_custom_1555410179491{padding-right: 0px !important;padding-left: 0px !important;background-image: url(https:\/\/abilica.com\/no\/wp-content\/uploads\/2018\/09\/LOCKHART-7539.jpg?id=24957) !important;background-position: center !important;background-repeat: no-repeat !important;background-size: cover !important;}&raquo;][vc_column width=&raquo;1\/3&#8243; css=&raquo;.vc_custom_1481535811428{padding-right: 0px !important;padding-left: 0px !important;}&raquo;][\/vc_column][vc_column width=&raquo;1\/3&#8243;][\/vc_column][vc_column width=&raquo;1\/3&#8243;][\/vc_column][\/vc_row][vc_row full_width=&raquo;stretch_row_content&raquo; full_height=&raquo;yes&raquo; css=&raquo;.vc_custom_1507804950648{padding-right: 0px !important;padding-left: 0px !important;background-position: center !important;background-repeat: no-repeat !important;background-size: cover !important;}&raquo;][vc_column css=&raquo;.vc_custom_1481535811428{padding-right: 0px !important;padding-left: 0px !important;}&raquo;][vc_empty_space height=&raquo;52px&raquo;][vc_column_text css_animation=&raquo;fadeInUp&raquo;]<\/p>\n<h1 style=\"text-align: center;\">Produkter som brukes i helgen<\/h1>\n<p>[\/vc_column_text][vc_empty_space height=&raquo;52px&raquo;][products_mixed columns=&raquo;5&#8243; show_product_details=&raquo;true&raquo; ids=&raquo;1736,2714,2274,2236,19279,2816,18961,2233,16961,2737,2270,2091&#8243;][vc_empty_space height=&raquo;52px&raquo;][vc_empty_space height=&raquo;52px&raquo;][vc_column_text css_animation=&raquo;fadeInUp&raquo;]<\/p>\n<h2 style=\"text-align: center;\"><a href=\"https:\/\/abilica.com\/no\/shop\/\">Se alle produkter<\/a><\/h2>\n<p>[\/vc_column_text][vc_empty_space height=&raquo;52px&raquo;][vc_empty_space height=&raquo;52px&raquo;][\/vc_column][\/vc_row][vc_row full_width=&raquo;stretch_row_content&raquo; full_height=&raquo;yes&raquo; css=&raquo;.vc_custom_1525689503554{padding-right: 0px !important;padding-left: 0px !important;background-image: url(https:\/\/abilica.com\/no\/wp-content\/uploads\/2018\/05\/T3A0896.jpeg?id=23627) !important;background-position: center !important;background-repeat: no-repeat !important;background-size: cover !important;}&raquo;][vc_column css=&raquo;.vc_custom_1481535811428{padding-right: 0px !important;padding-left: 0px !important;}&raquo;][\/vc_column][\/vc_row]<\/p>\n<\/div>","protected":false},"excerpt":{"rendered":"<p>[vc_row full_width=&raquo;stretch_row_content_no_spaces&raquo; full_height=&raquo;yes&raquo; columns_placement=&raquo;bottom&raquo; content_placement=&raquo;bottom&raquo; css=&raquo;.vc_custom_1555410302159{background-image: url(https:\/\/abilica.com\/no\/wp-content\/uploads\/2018\/09\/LOCKHART-2-32.jpg?id=24853) !important;background-position: center !important;background-repeat: no-repeat !important;background-size: cover !important;}&raquo;][vc_column width=&raquo;1\/4&#8243;][\/vc_column][vc_column&#8230;<\/p>\n","protected":false},"author":13,"featured_media":0,"parent":0,"menu_order":0,"comment_status":"closed","ping_status":"closed","template":"","meta":{"_acf_changed":false,"footnotes":""},"class_list":["post-32018","page","type-page","status-publish","hentry"],"acf":[],"yoast_head":"<!-- This site is optimized with the Yoast SEO Premium plugin v21.1 (Yoast SEO v25.4) - https:\/\/yoast.com\/wordpress\/plugins\/seo\/ -->\n<title>ShapeUp Weekend 2019 &#8226; Abilica<\/title>\n<meta name=\"robots\" content=\"index, follow, max-snippet:-1, max-image-preview:large, max-video-preview:-1\" \/>\n<link rel=\"canonical\" href=\"https:\/\/abilica.com\/shapeup-weekend-2019\/\" \/>\n<meta property=\"og:locale\" content=\"nb_NO\" \/>\n<meta property=\"og:type\" content=\"article\" \/>\n<meta property=\"og:title\" content=\"ShapeUp Weekend 2019\" \/>\n<meta property=\"og:description\" content=\"[vc_row full_width=&raquo;stretch_row_content_no_spaces&raquo; full_height=&raquo;yes&raquo; columns_placement=&raquo;bottom&raquo; content_placement=&raquo;bottom&raquo; css=&raquo;.vc_custom_1555410302159{background-image: url(https:\/\/abilica.com\/no\/wp-content\/uploads\/2018\/09\/LOCKHART-2-32.jpg?id=24853) !important;background-position: center !important;background-repeat: no-repeat !important;background-size: cover !important;}&raquo;][vc_column width=&raquo;1\/4&#8243;][\/vc_column][vc_column...\" \/>\n<meta property=\"og:url\" content=\"https:\/\/abilica.com\/shapeup-weekend-2019\/\" \/>\n<meta property=\"og:site_name\" content=\"Abilica\" \/>\n<meta property=\"article:publisher\" content=\"https:\/\/www.facebook.com\/abilicahometraining\/\" \/>\n<meta property=\"og:image\" content=\"https:\/\/abilica.com\/no\/wp-content\/uploads\/2018\/04\/1520947034033-300x185.png\" \/>\n<meta name=\"twitter:card\" content=\"summary_large_image\" \/>\n<meta name=\"twitter:label1\" content=\"Ansl. lesetid\" \/>\n\t<meta name=\"twitter:data1\" content=\"2 minutter\" \/>\n<script type=\"application\/ld+json\" class=\"yoast-schema-graph\">{\"@context\":\"https:\/\/schema.org\",\"@graph\":[{\"@type\":\"WebPage\",\"@id\":\"https:\/\/abilica.com\/shapeup-weekend-2019\/\",\"url\":\"https:\/\/abilica.com\/shapeup-weekend-2019\/\",\"name\":\"ShapeUp Weekend 2019 &#8226; Abilica\",\"isPartOf\":{\"@id\":\"https:\/\/abilica.com\/#website\"},\"primaryImageOfPage\":{\"@id\":\"https:\/\/abilica.com\/shapeup-weekend-2019\/#primaryimage\"},\"image\":{\"@id\":\"https:\/\/abilica.com\/shapeup-weekend-2019\/#primaryimage\"},\"thumbnailUrl\":\"https:\/\/abilica.com\/no\/wp-content\/uploads\/2018\/04\/1520947034033-300x185.png\",\"datePublished\":\"2023-07-21T10:55:57+00:00\",\"breadcrumb\":{\"@id\":\"https:\/\/abilica.com\/shapeup-weekend-2019\/#breadcrumb\"},\"inLanguage\":\"nb-NO\",\"potentialAction\":[{\"@type\":\"ReadAction\",\"target\":[\"https:\/\/abilica.com\/shapeup-weekend-2019\/\"]}]},{\"@type\":\"ImageObject\",\"inLanguage\":\"nb-NO\",\"@id\":\"https:\/\/abilica.com\/shapeup-weekend-2019\/#primaryimage\",\"url\":\"https:\/\/abilica.com\/no\/wp-content\/uploads\/2018\/04\/1520947034033-300x185.png\",\"contentUrl\":\"https:\/\/abilica.com\/no\/wp-content\/uploads\/2018\/04\/1520947034033-300x185.png\"},{\"@type\":\"BreadcrumbList\",\"@id\":\"https:\/\/abilica.com\/shapeup-weekend-2019\/#breadcrumb\",\"itemListElement\":[{\"@type\":\"ListItem\",\"position\":1,\"name\":\"Hem\",\"item\":\"https:\/\/abilica.com\/no\/\"},{\"@type\":\"ListItem\",\"position\":2,\"name\":\"ShapeUp Weekend 2019\"}]},{\"@type\":\"WebSite\",\"@id\":\"https:\/\/abilica.com\/#website\",\"url\":\"https:\/\/abilica.com\/\",\"name\":\"Abilica\",\"description\":\"Abilica Home Training\",\"potentialAction\":[{\"@type\":\"SearchAction\",\"target\":{\"@type\":\"EntryPoint\",\"urlTemplate\":\"https:\/\/abilica.com\/?s={search_term_string}\"},\"query-input\":{\"@type\":\"PropertyValueSpecification\",\"valueRequired\":true,\"valueName\":\"search_term_string\"}}],\"inLanguage\":\"nb-NO\"}]}<\/script>\n<!-- \/ Yoast SEO Premium plugin. -->","yoast_head_json":{"title":"ShapeUp Weekend 2019 &#8226; Abilica","robots":{"index":"index","follow":"follow","max-snippet":"max-snippet:-1","max-image-preview":"max-image-preview:large","max-video-preview":"max-video-preview:-1"},"canonical":"https:\/\/abilica.com\/shapeup-weekend-2019\/","og_locale":"nb_NO","og_type":"article","og_title":"ShapeUp Weekend 2019","og_description":"[vc_row full_width=&raquo;stretch_row_content_no_spaces&raquo; full_height=&raquo;yes&raquo; columns_placement=&raquo;bottom&raquo; content_placement=&raquo;bottom&raquo; css=&raquo;.vc_custom_1555410302159{background-image: url(https:\/\/abilica.com\/no\/wp-content\/uploads\/2018\/09\/LOCKHART-2-32.jpg?id=24853) !important;background-position: center !important;background-repeat: no-repeat !important;background-size: cover !important;}&raquo;][vc_column width=&raquo;1\/4&#8243;][\/vc_column][vc_column...","og_url":"https:\/\/abilica.com\/shapeup-weekend-2019\/","og_site_name":"Abilica","article_publisher":"https:\/\/www.facebook.com\/abilicahometraining\/","og_image":[{"url":"https:\/\/abilica.com\/no\/wp-content\/uploads\/2018\/04\/1520947034033-300x185.png","type":"","width":"","height":""}],"twitter_card":"summary_large_image","twitter_misc":{"Ansl. lesetid":"2 minutter"},"schema":{"@context":"https:\/\/schema.org","@graph":[{"@type":"WebPage","@id":"https:\/\/abilica.com\/shapeup-weekend-2019\/","url":"https:\/\/abilica.com\/shapeup-weekend-2019\/","name":"ShapeUp Weekend 2019 &#8226; Abilica","isPartOf":{"@id":"https:\/\/abilica.com\/#website"},"primaryImageOfPage":{"@id":"https:\/\/abilica.com\/shapeup-weekend-2019\/#primaryimage"},"image":{"@id":"https:\/\/abilica.com\/shapeup-weekend-2019\/#primaryimage"},"thumbnailUrl":"https:\/\/abilica.com\/no\/wp-content\/uploads\/2018\/04\/1520947034033-300x185.png","datePublished":"2023-07-21T10:55:57+00:00","breadcrumb":{"@id":"https:\/\/abilica.com\/shapeup-weekend-2019\/#breadcrumb"},"inLanguage":"nb-NO","potentialAction":[{"@type":"ReadAction","target":["https:\/\/abilica.com\/shapeup-weekend-2019\/"]}]},{"@type":"ImageObject","inLanguage":"nb-NO","@id":"https:\/\/abilica.com\/shapeup-weekend-2019\/#primaryimage","url":"https:\/\/abilica.com\/no\/wp-content\/uploads\/2018\/04\/1520947034033-300x185.png","contentUrl":"https:\/\/abilica.com\/no\/wp-content\/uploads\/2018\/04\/1520947034033-300x185.png"},{"@type":"BreadcrumbList","@id":"https:\/\/abilica.com\/shapeup-weekend-2019\/#breadcrumb","itemListElement":[{"@type":"ListItem","position":1,"name":"Hem","item":"https:\/\/abilica.com\/no\/"},{"@type":"ListItem","position":2,"name":"ShapeUp Weekend 2019"}]},{"@type":"WebSite","@id":"https:\/\/abilica.com\/#website","url":"https:\/\/abilica.com\/","name":"Abilica","description":"Abilica Home Training","potentialAction":[{"@type":"SearchAction","target":{"@type":"EntryPoint","urlTemplate":"https:\/\/abilica.com\/?s={search_term_string}"},"query-input":{"@type":"PropertyValueSpecification","valueRequired":true,"valueName":"search_term_string"}}],"inLanguage":"nb-NO"}]}},"_links":{"self":[{"href":"https:\/\/abilica.com\/no\/wp-json\/wp\/v2\/pages\/32018","targetHints":{"allow":["GET"]}}],"collection":[{"href":"https:\/\/abilica.com\/no\/wp-json\/wp\/v2\/pages"}],"about":[{"href":"https:\/\/abilica.com\/no\/wp-json\/wp\/v2\/types\/page"}],"author":[{"embeddable":true,"href":"https:\/\/abilica.com\/no\/wp-json\/wp\/v2\/users\/13"}],"replies":[{"embeddable":true,"href":"https:\/\/abilica.com\/no\/wp-json\/wp\/v2\/comments?post=32018"}],"version-history":[{"count":1,"href":"https:\/\/abilica.com\/no\/wp-json\/wp\/v2\/pages\/32018\/revisions"}],"predecessor-version":[{"id":32030,"href":"https:\/\/abilica.com\/no\/wp-json\/wp\/v2\/pages\/32018\/revisions\/32030"}],"wp:attachment":[{"href":"https:\/\/abilica.com\/no\/wp-json\/wp\/v2\/media?parent=32018"}],"curies":[{"name":"wp","href":"https:\/\/api.w.org\/{rel}","templated":true}]}}