{"id":32078,"date":"2023-07-21T12:20:32","date_gmt":"2023-07-21T11:20:32","guid":{"rendered":"https:\/\/abilica.com\/?page_id=32078"},"modified":"2023-11-03T10:25:00","modified_gmt":"2023-11-03T09:25:00","slug":"hjemmetrening-med-fitnessball","status":"publish","type":"page","link":"https:\/\/abilica.com\/no\/treningsartikler\/balansetrening\/hjemmetrening-med-fitnessball\/","title":{"rendered":"Hjemmetrening med fitnessball"},"content":{"rendered":"<div class=\"wpb-content-wrapper\"><p>[vc_row full_width=&raquo;stretch_row_content_no_spaces&raquo;][vc_column][vc_single_image image=&raquo;65393&#8243; img_size=&raquo;full&raquo; alignment=&raquo;center&raquo;][\/vc_column][\/vc_row][vc_row][vc_column][vc_column_text]<\/p>\n<h2>Hjemmetrening med fitnessball<\/h2>\n<p>[\/vc_column_text][vc_column_text]<\/p>\n<p style=\"text-align: justify;\">En fitnessball er et enkelt og effektivt treningsredskap som er lett \u00e5 ta frem n\u00e5r du vil trene hjemme. Med en fitnessball kan du gj\u00f8re uttallige \u00f8velser for \u00e5 styrke kjernemuskulaturen og samtidig trene balanse, stabilitet og koordinasjon. Trening med fitnessball kan bidra til \u00e5 forebygge skader som for eksempel ryggskader og belastningsskader. Treningen vil ogs\u00e5 forbedre kroppsholdningen og kroppskontrollen. Regelmessig trening med fitnessball kan ogs\u00e5 ha en prestasjonsfremmende effekt hos profesjonelle idrettsut\u00f8vere. N\u00e5r du bruker en fitnessball i treningen gj\u00f8r ballen at et element av instabilitet \u00f8ker effekten av \u00f8velsen kontra tradisjonelle \u00f8velser som gj\u00f8res p\u00e5 treningsmatte.<\/p>\n<p style=\"text-align: justify;\">Det er ikke bare kjernemuskulaturen som har godt av trening med en fitnessball. De er ogs\u00e5 perfekte til \u00e5 trene mage med. Har du problemer med ryggen eller syns det er vanskelig \u00e5 ta vanlige situps p\u00e5 bakken p\u00e5 grunn av ryggen er en fitnessball et s\u00e6rdeles godt hjelpemiddel. I tillegg er situps mye mer effektivt om man gj\u00f8r det p\u00e5 en treningsball. Grunnen til dette er det krever mer av magemusklene for \u00e5 holde kroppen stabil. I tillegg aktiviserer du flere muskler enn bare de p\u00e5 magen, noe som gj\u00f8r at treningen blir mer komplett.<\/p>\n<p class=\"p1\" style=\"text-align: justify;\"><strong>RIKTIG ST\u00d8RRELSE OG TEKNIKK<\/strong><br \/>\nF\u00f8r du begynner \u00e5 trene med en fitnessball er det viktig at du finner ut hvilken st\u00f8rrelse som passer til deg. Bruker du feil st\u00f8rrelse er risikoen der for at du utvikler overbelastning eller rett og slett feil belastning. Er du under 188 cm anbefaler vi ballen p\u00e5 65 centimeter. Er du h\u00f8yere enn 188 cm b\u00f8r du ha ballen som er 75 cm.\u00a0En annen ting som er viktig n\u00e5r du trener med fitnessball er god teknikk. Dette gjelder spesielt p\u00e5 mage\u00f8velser hvor ryggen ofte kan v\u00e6re utsatt for skader. Det er heller ikke sikkert at du f\u00e5r nok effekt av \u00f8velsene hvis du ikke bruker riktig teknikk. Ved en \u00f8velse som for eksempel situps\u00a0skal\u00a0du f\u00f8rst og fremst skal bruke magen, ikke rygg, nakke eller skuldre.<\/p>\n<p style=\"text-align: justify;\"><strong>\u00d8VELSER<br \/>\n<\/strong>Under ser dere noen videoer med v\u00e5r ambassad\u00f8r <a href=\"https:\/\/www.youtube.com\/channel\/UCTZXLXY2Sm-831jZBxE8muw\/videos\">Kristin Birkelund<\/a> der hun viser flere \u00f8velser som du kan gj\u00f8re. Vil du se flere videoer med Kristin kan du bes\u00f8ke hennes <a href=\"https:\/\/www.youtube.com\/channel\/UCTZXLXY2Sm-831jZBxE8muw\/videos\">YouTube-kanal.<\/a><\/p>\n<p><iframe loading=\"lazy\" title=\"HJEMMETRENING MED FITNESSBALL | 01\" width=\"640\" height=\"360\" src=\"https:\/\/www.youtube.com\/embed\/y-NXEd8bwYM?wmode=transparent&amp;rel=0&amp;feature=oembed\" frameborder=\"0\" allow=\"accelerometer; autoplay; clipboard-write; encrypted-media; gyroscope; picture-in-picture; web-share\" referrerpolicy=\"strict-origin-when-cross-origin\" allowfullscreen><\/iframe><\/p>\n<p><iframe loading=\"lazy\" title=\"HJEMMETRENING MED FITNESSBALL | 02\" width=\"640\" height=\"360\" src=\"https:\/\/www.youtube.com\/embed\/e3UKGhIgN8A?wmode=transparent&amp;rel=0&amp;feature=oembed\" frameborder=\"0\" allow=\"accelerometer; autoplay; clipboard-write; encrypted-media; gyroscope; picture-in-picture; web-share\" referrerpolicy=\"strict-origin-when-cross-origin\" allowfullscreen><\/iframe><\/p>\n<p><iframe loading=\"lazy\" title=\"HJEMMETRENING MED FITNESSBALL | 03\" width=\"640\" height=\"360\" src=\"https:\/\/www.youtube.com\/embed\/M17b1IIyBqI?wmode=transparent&amp;rel=0&amp;feature=oembed\" frameborder=\"0\" allow=\"accelerometer; autoplay; clipboard-write; encrypted-media; gyroscope; picture-in-picture; web-share\" referrerpolicy=\"strict-origin-when-cross-origin\" allowfullscreen><\/iframe><\/p>\n<p><strong>Lykke til med treningen!<\/strong>[\/vc_column_text][\/vc_column][\/vc_row][vc_row][vc_column][vc_single_image image=&raquo;65396&#8243; img_size=&raquo;full&raquo; alignment=&raquo;center&raquo;][\/vc_column][\/vc_row]<\/p>\n<\/div>","protected":false},"excerpt":{"rendered":"<p>[vc_row full_width=&raquo;stretch_row_content_no_spaces&raquo;][vc_column][vc_single_image image=&raquo;65393&#8243; img_size=&raquo;full&raquo; alignment=&raquo;center&raquo;][\/vc_column][\/vc_row][vc_row][vc_column][vc_column_text] Hjemmetrening med fitnessball [\/vc_column_text][vc_column_text] En fitnessball er et enkelt og&#8230;<\/p>\n","protected":false},"author":13,"featured_media":0,"parent":32046,"menu_order":0,"comment_status":"closed","ping_status":"closed","template":"","meta":{"_acf_changed":false,"footnotes":""},"class_list":["post-32078","page","type-page","status-publish","hentry"],"acf":[],"yoast_head":"<!-- This site is optimized with the Yoast SEO Premium plugin v21.1 (Yoast SEO v25.4) - https:\/\/yoast.com\/wordpress\/plugins\/seo\/ -->\n<title>Hjemmetrening med fitnessball &#8226; Abilica<\/title>\n<meta name=\"robots\" content=\"index, follow, max-snippet:-1, max-image-preview:large, max-video-preview:-1\" \/>\n<link rel=\"canonical\" href=\"https:\/\/abilica.com\/no\/treningsartikler\/balansetrening\/hjemmetrening-med-fitnessball\/\" \/>\n<meta property=\"og:locale\" content=\"nb_NO\" \/>\n<meta property=\"og:type\" content=\"article\" \/>\n<meta property=\"og:title\" content=\"Hjemmetrening med fitnessball\" \/>\n<meta property=\"og:description\" content=\"[vc_row full_width=&raquo;stretch_row_content_no_spaces&raquo;][vc_column][vc_single_image image=&raquo;65393&#8243; img_size=&raquo;full&raquo; alignment=&raquo;center&raquo;][\/vc_column][\/vc_row][vc_row][vc_column][vc_column_text] Hjemmetrening med fitnessball [\/vc_column_text][vc_column_text] En fitnessball er et enkelt og...\" \/>\n<meta property=\"og:url\" content=\"https:\/\/abilica.com\/no\/treningsartikler\/balansetrening\/hjemmetrening-med-fitnessball\/\" \/>\n<meta property=\"og:site_name\" content=\"Abilica\" \/>\n<meta property=\"article:publisher\" content=\"https:\/\/www.facebook.com\/abilicahometraining\/\" \/>\n<meta property=\"article:modified_time\" content=\"2023-11-03T09:25:00+00:00\" \/>\n<meta name=\"twitter:card\" content=\"summary_large_image\" \/>\n<meta name=\"twitter:label1\" content=\"Ansl. lesetid\" \/>\n\t<meta name=\"twitter:data1\" content=\"2 minutter\" \/>\n<script type=\"application\/ld+json\" class=\"yoast-schema-graph\">{\"@context\":\"https:\/\/schema.org\",\"@graph\":[{\"@type\":\"WebPage\",\"@id\":\"https:\/\/abilica.com\/no\/treningsartikler\/balansetrening\/hjemmetrening-med-fitnessball\/\",\"url\":\"https:\/\/abilica.com\/no\/treningsartikler\/balansetrening\/hjemmetrening-med-fitnessball\/\",\"name\":\"Hjemmetrening med fitnessball &#8226; Abilica\",\"isPartOf\":{\"@id\":\"https:\/\/abilica.com\/#website\"},\"datePublished\":\"2023-07-21T11:20:32+00:00\",\"dateModified\":\"2023-11-03T09:25:00+00:00\",\"breadcrumb\":{\"@id\":\"https:\/\/abilica.com\/no\/treningsartikler\/balansetrening\/hjemmetrening-med-fitnessball\/#breadcrumb\"},\"inLanguage\":\"nb-NO\",\"potentialAction\":[{\"@type\":\"ReadAction\",\"target\":[\"https:\/\/abilica.com\/no\/treningsartikler\/balansetrening\/hjemmetrening-med-fitnessball\/\"]}]},{\"@type\":\"BreadcrumbList\",\"@id\":\"https:\/\/abilica.com\/no\/treningsartikler\/balansetrening\/hjemmetrening-med-fitnessball\/#breadcrumb\",\"itemListElement\":[{\"@type\":\"ListItem\",\"position\":1,\"name\":\"Hem\",\"item\":\"https:\/\/abilica.com\/no\/\"},{\"@type\":\"ListItem\",\"position\":2,\"name\":\"Treningsartikler\",\"item\":\"https:\/\/abilica.com\/no\/treningsartikler\/\"},{\"@type\":\"ListItem\",\"position\":3,\"name\":\"Treningstips innenfor balanse\",\"item\":\"https:\/\/abilica.com\/no\/treningsartikler\/balansetrening\/\"},{\"@type\":\"ListItem\",\"position\":4,\"name\":\"Hjemmetrening med fitnessball\"}]},{\"@type\":\"WebSite\",\"@id\":\"https:\/\/abilica.com\/#website\",\"url\":\"https:\/\/abilica.com\/\",\"name\":\"Abilica\",\"description\":\"Abilica Home Training\",\"potentialAction\":[{\"@type\":\"SearchAction\",\"target\":{\"@type\":\"EntryPoint\",\"urlTemplate\":\"https:\/\/abilica.com\/?s={search_term_string}\"},\"query-input\":{\"@type\":\"PropertyValueSpecification\",\"valueRequired\":true,\"valueName\":\"search_term_string\"}}],\"inLanguage\":\"nb-NO\"}]}<\/script>\n<!-- \/ Yoast SEO Premium plugin. -->","yoast_head_json":{"title":"Hjemmetrening med fitnessball &#8226; Abilica","robots":{"index":"index","follow":"follow","max-snippet":"max-snippet:-1","max-image-preview":"max-image-preview:large","max-video-preview":"max-video-preview:-1"},"canonical":"https:\/\/abilica.com\/no\/treningsartikler\/balansetrening\/hjemmetrening-med-fitnessball\/","og_locale":"nb_NO","og_type":"article","og_title":"Hjemmetrening med fitnessball","og_description":"[vc_row full_width=&raquo;stretch_row_content_no_spaces&raquo;][vc_column][vc_single_image image=&raquo;65393&#8243; img_size=&raquo;full&raquo; alignment=&raquo;center&raquo;][\/vc_column][\/vc_row][vc_row][vc_column][vc_column_text] Hjemmetrening med fitnessball [\/vc_column_text][vc_column_text] En fitnessball er et enkelt og...","og_url":"https:\/\/abilica.com\/no\/treningsartikler\/balansetrening\/hjemmetrening-med-fitnessball\/","og_site_name":"Abilica","article_publisher":"https:\/\/www.facebook.com\/abilicahometraining\/","article_modified_time":"2023-11-03T09:25:00+00:00","twitter_card":"summary_large_image","twitter_misc":{"Ansl. lesetid":"2 minutter"},"schema":{"@context":"https:\/\/schema.org","@graph":[{"@type":"WebPage","@id":"https:\/\/abilica.com\/no\/treningsartikler\/balansetrening\/hjemmetrening-med-fitnessball\/","url":"https:\/\/abilica.com\/no\/treningsartikler\/balansetrening\/hjemmetrening-med-fitnessball\/","name":"Hjemmetrening med fitnessball &#8226; Abilica","isPartOf":{"@id":"https:\/\/abilica.com\/#website"},"datePublished":"2023-07-21T11:20:32+00:00","dateModified":"2023-11-03T09:25:00+00:00","breadcrumb":{"@id":"https:\/\/abilica.com\/no\/treningsartikler\/balansetrening\/hjemmetrening-med-fitnessball\/#breadcrumb"},"inLanguage":"nb-NO","potentialAction":[{"@type":"ReadAction","target":["https:\/\/abilica.com\/no\/treningsartikler\/balansetrening\/hjemmetrening-med-fitnessball\/"]}]},{"@type":"BreadcrumbList","@id":"https:\/\/abilica.com\/no\/treningsartikler\/balansetrening\/hjemmetrening-med-fitnessball\/#breadcrumb","itemListElement":[{"@type":"ListItem","position":1,"name":"Hem","item":"https:\/\/abilica.com\/no\/"},{"@type":"ListItem","position":2,"name":"Treningsartikler","item":"https:\/\/abilica.com\/no\/treningsartikler\/"},{"@type":"ListItem","position":3,"name":"Treningstips innenfor balanse","item":"https:\/\/abilica.com\/no\/treningsartikler\/balansetrening\/"},{"@type":"ListItem","position":4,"name":"Hjemmetrening med fitnessball"}]},{"@type":"WebSite","@id":"https:\/\/abilica.com\/#website","url":"https:\/\/abilica.com\/","name":"Abilica","description":"Abilica Home Training","potentialAction":[{"@type":"SearchAction","target":{"@type":"EntryPoint","urlTemplate":"https:\/\/abilica.com\/?s={search_term_string}"},"query-input":{"@type":"PropertyValueSpecification","valueRequired":true,"valueName":"search_term_string"}}],"inLanguage":"nb-NO"}]}},"_links":{"self":[{"href":"https:\/\/abilica.com\/no\/wp-json\/wp\/v2\/pages\/32078","targetHints":{"allow":["GET"]}}],"collection":[{"href":"https:\/\/abilica.com\/no\/wp-json\/wp\/v2\/pages"}],"about":[{"href":"https:\/\/abilica.com\/no\/wp-json\/wp\/v2\/types\/page"}],"author":[{"embeddable":true,"href":"https:\/\/abilica.com\/no\/wp-json\/wp\/v2\/users\/13"}],"replies":[{"embeddable":true,"href":"https:\/\/abilica.com\/no\/wp-json\/wp\/v2\/comments?post=32078"}],"version-history":[{"count":4,"href":"https:\/\/abilica.com\/no\/wp-json\/wp\/v2\/pages\/32078\/revisions"}],"predecessor-version":[{"id":66343,"href":"https:\/\/abilica.com\/no\/wp-json\/wp\/v2\/pages\/32078\/revisions\/66343"}],"up":[{"embeddable":true,"href":"https:\/\/abilica.com\/no\/wp-json\/wp\/v2\/pages\/32046"}],"wp:attachment":[{"href":"https:\/\/abilica.com\/no\/wp-json\/wp\/v2\/media?parent=32078"}],"curies":[{"name":"wp","href":"https:\/\/api.w.org\/{rel}","templated":true}]}}