{"id":32090,"date":"2023-07-21T12:28:11","date_gmt":"2023-07-21T11:28:11","guid":{"rendered":"https:\/\/abilica.com\/?page_id=32090"},"modified":"2023-11-01T10:14:31","modified_gmt":"2023-11-01T09:14:31","slug":"kondisjon","status":"publish","type":"page","link":"https:\/\/abilica.com\/no\/treningsartikler\/kondisjon\/","title":{"rendered":"Treningstips innenfor kondisjon"},"content":{"rendered":"<div class=\"wpb-content-wrapper\"><p>[vc_row full_width=&raquo;stretch_row_content_no_spaces&raquo; css=&raquo;.vc_custom_1592380419708{margin-top: 0px !important;border-top-width: 0px !important;padding-top: 0px !important;}&raquo;][vc_column css=&raquo;.vc_custom_1592380413778{margin-top: 0px !important;border-top-width: 0px !important;padding-top: 0px !important;}&raquo;][vc_single_image image=&raquo;58647&#8243; img_size=&raquo;full&raquo; alignment=&raquo;center&raquo;][\/vc_column][\/vc_row][vc_row][vc_column][vc_column_text]<\/p>\n<h2 style=\"text-align: center;\">Treningstips innenfor kondisjon<\/h2>\n<p>[\/vc_column_text][vc_column_text]<\/p>\n<p style=\"text-align: center;\">Enten du gj\u00f8r kondisjonstreningen hjemme eller p\u00e5 treningssenteret, vil du her finne mange nyttige tips til riktig teknikk, bruk av de ulike treningsapparatene og innspill til hvordan du b\u00f8r trene for \u00e5 n\u00e5 de ulike m\u00e5lene du setter deg.<\/p>\n<p style=\"text-align: center;\">Kondisjonstrening er godt for hjertet, samt \u00f8ker oksygenopptaket ditt og forbrenningen din.<\/p>\n<p style=\"text-align: center;\">Enten du \u00f8nsker \u00e5 bedre kondisjonen med <span style=\"text-decoration: underline;\"><a href=\"https:\/\/abilica.com\/no\/abilica-tredemolle\/\" target=\"_blank\" rel=\"noopener\">trening p\u00e5 tredem\u00f8lle<\/a><\/span>\u00a0eller ved bruk av hoppetau, trimsykkel, eller annet apparat finner du gode tips til kondisjonstreningen din her.<\/p>\n<p>[\/vc_column_text][vc_empty_space height=&raquo;22px&raquo;][\/vc_column][\/vc_row][vc_row full_width=&raquo;stretch_row_content&raquo;][vc_column width=&raquo;1\/4&#8243;][vc_single_image image=&raquo;54367&#8243; img_size=&raquo;full&raquo; alignment=&raquo;center&raquo; style=&raquo;vc_box_rounded&raquo; onclick=&raquo;custom_link&raquo; link=&raquo;https:\/\/abilica.com\/no\/treningsartikler\/kondisjon\/fordeler-med-tredemolle\/&raquo;][vc_column_text]<\/p>\n<p style=\"text-align: center;\"><a href=\"https:\/\/abilica.com\/no\/treningsartikler\/kondisjon\/fordeler-med-tredemolle\/\">Fordeler med \u00e5 l\u00f8pe p\u00e5 tredem\u00f8lle<\/a><\/p>\n<p>[\/vc_column_text][\/vc_column][vc_column width=&raquo;1\/4&#8243;][vc_single_image image=&raquo;50045&#8243; img_size=&raquo;full&raquo; alignment=&raquo;center&raquo; style=&raquo;vc_box_rounded&raquo; onclick=&raquo;custom_link&raquo; link=&raquo;https:\/\/abilica.com\/no\/treningsartikler\/kondisjon\/slik-velger-du-riktig-tredemolle\/&raquo;][vc_column_text]<\/p>\n<p style=\"text-align: center;\"><a href=\"https:\/\/abilica.com\/no\/treningsartikler\/kondisjon\/slik-velger-du-riktig-tredemolle\/\">Slik velger du riktig tredem\u00f8lle<\/a><\/p>\n<p>[\/vc_column_text][\/vc_column][vc_column width=&raquo;1\/4&#8243;][vc_single_image image=&raquo;50069&#8243; img_size=&raquo;full&raquo; alignment=&raquo;center&raquo; style=&raquo;vc_box_rounded&raquo; onclick=&raquo;custom_link&raquo; link=&raquo;https:\/\/abilica.com\/no\/treningsartikler\/kondisjon\/fa-mest-mulig-ut-av-din-tredemolle\/&raquo;][vc_column_text]<\/p>\n<p style=\"text-align: center;\"><a href=\"https:\/\/abilica.com\/no\/treningsartikler\/kondisjon\/fa-mest-mulig-ut-av-din-tredemolle\/\">F\u00e5 mest mulig ut av din tredem\u00f8lle<\/a><\/p>\n<p>[\/vc_column_text][\/vc_column][vc_column width=&raquo;1\/4&#8243;][vc_single_image image=&raquo;49817&#8243; img_size=&raquo;full&raquo; alignment=&raquo;center&raquo; style=&raquo;vc_box_rounded&raquo; onclick=&raquo;custom_link&raquo; link=&raquo;https:\/\/abilica.com\/no\/treningsartikler\/kondisjon\/tredemolle-som-redskap-nar-du-trener-til-lange-lop\/&raquo;][vc_column_text]<\/p>\n<p style=\"text-align: center;\"><a href=\"https:\/\/abilica.com\/no\/treningsartikler\/kondisjon\/tredemolle-som-redskap-nar-du-trener-til-lange-lop\/\">Tredem\u00f8lle som redskap n\u00e5r du trener til lange l\u00f8p<\/a><\/p>\n<p>[\/vc_column_text][\/vc_column][\/vc_row][vc_row full_width=&raquo;stretch_row_content&raquo;][vc_column width=&raquo;1\/4&#8243;][vc_single_image image=&raquo;54818&#8243; img_size=&raquo;full&raquo; alignment=&raquo;center&raquo; style=&raquo;vc_box_rounded&raquo; onclick=&raquo;custom_link&raquo; link=&raquo;https:\/\/abilica.com\/no\/treningsartikler\/kondisjon\/intervall-pa-tredemolle\/&raquo;][vc_column_text]<\/p>\n<p style=\"text-align: center;\"><a href=\"https:\/\/abilica.com\/no\/treningsartikler\/kondisjon\/intervall-pa-tredemolle\/\">Intervall p\u00e5 tredem\u00f8lle<\/a><\/p>\n<p>[\/vc_column_text][\/vc_column][vc_column width=&raquo;1\/4&#8243;][vc_single_image image=&raquo;53116&#8243; img_size=&raquo;full&raquo; alignment=&raquo;center&raquo; style=&raquo;vc_box_rounded&raquo; onclick=&raquo;custom_link&raquo; link=&raquo;https:\/\/abilica.com\/no\/treningsartikler\/kondisjon\/intervall-pa-ellipsemaskin\/&raquo;][vc_column_text]<\/p>\n<p style=\"text-align: center;\"><a href=\"https:\/\/abilica.com\/no\/treningsartikler\/kondisjon\/intervall-pa-ellipsemaskin\/\">Intervall p\u00e5 ellipsemaskin<\/a><\/p>\n<p>[\/vc_column_text][\/vc_column][vc_column width=&raquo;1\/4&#8243;][vc_single_image image=&raquo;58437&#8243; img_size=&raquo;full&raquo; alignment=&raquo;center&raquo; style=&raquo;vc_box_rounded&raquo; onclick=&raquo;custom_link&raquo; link=&raquo;https:\/\/abilica.com\/no\/treningsartikler\/kondisjon\/hjemmetrening-med-hoppetau\/&raquo;][vc_column_text]<\/p>\n<p style=\"text-align: center;\"><a href=\"https:\/\/abilica.com\/no\/treningsartikler\/kondisjon\/hjemmetrening-med-hoppetau\/\">Hjemmetrening med hoppetau<\/a><\/p>\n<p>[\/vc_column_text][\/vc_column][vc_column width=&raquo;1\/4&#8243;][vc_single_image image=&raquo;16619&#8243; img_size=&raquo;full&raquo; alignment=&raquo;center&raquo; style=&raquo;vc_box_rounded&raquo; onclick=&raquo;custom_link&raquo; link=&raquo;https:\/\/abilica.com\/no\/treningsartikler\/kondisjon\/hvordan-velge-riktig-stepmaskin\/&raquo;][vc_column_text]<\/p>\n<p style=\"text-align: center;\"><a href=\"https:\/\/abilica.com\/no\/treningsartikler\/kondisjon\/hvordan-velge-riktig-stepmaskin\/\">Hvordan velge riktig stepmaskin<\/a><\/p>\n<p>[\/vc_column_text][\/vc_column][\/vc_row][vc_row full_width=&raquo;stretch_row_content&raquo;][vc_column width=&raquo;1\/4&#8243;][vc_single_image image=&raquo;21420&#8243; img_size=&raquo;full&raquo; alignment=&raquo;center&raquo; style=&raquo;vc_box_rounded&raquo; onclick=&raquo;custom_link&raquo; link=&raquo;https:\/\/abilica.com\/no\/treningsartikler\/kondisjon\/intervall-pa-romaskin\/&raquo;][vc_column_text]<\/p>\n<p style=\"text-align: center;\"><a href=\"https:\/\/abilica.com\/no\/treningsartikler\/kondisjon\/intervall-pa-romaskin\/\">Intervall p\u00e5 romaskin<\/a><\/p>\n<p>[\/vc_column_text][\/vc_column][vc_column width=&raquo;1\/4&#8243;][vc_single_image image=&raquo;53122&#8243; img_size=&raquo;full&raquo; alignment=&raquo;center&raquo; style=&raquo;vc_box_rounded&raquo; onclick=&raquo;custom_link&raquo; link=&raquo;https:\/\/abilica.com\/no\/treningsartikler\/kondisjon\/velg-riktig-ellipsemaskin\/&raquo;][vc_column_text]<\/p>\n<p style=\"text-align: center;\"><a href=\"https:\/\/abilica.com\/no\/treningsartikler\/kondisjon\/velg-riktig-ellipsemaskin\/\">Velg riktig ellipsemaskin<\/a><\/p>\n<p>[\/vc_column_text][\/vc_column][vc_column width=&raquo;1\/4&#8243;][vc_single_image image=&raquo;59001&#8243; img_size=&raquo;full&raquo; alignment=&raquo;center&raquo; style=&raquo;vc_box_rounded&raquo; onclick=&raquo;custom_link&raquo; link=&raquo;https:\/\/abilica.com\/no\/treningsartikler\/kondisjon\/fa-maksimalt-ut-av-spinningen\/&raquo;][vc_column_text]<\/p>\n<p style=\"text-align: center;\"><a href=\"https:\/\/abilica.com\/no\/treningsartikler\/kondisjon\/fa-maksimalt-ut-av-spinningen\/\">F\u00e5 maksimalt ut av spinningen<\/a><\/p>\n<p>[\/vc_column_text][\/vc_column][vc_column width=&raquo;1\/4&#8243;][vc_single_image image=&raquo;42518&#8243; img_size=&raquo;full&raquo; alignment=&raquo;center&raquo; style=&raquo;vc_box_rounded&raquo; onclick=&raquo;custom_link&raquo; link=&raquo;https:\/\/abilica.com\/no\/treningsartikler\/kondisjon\/treningsprodukter-for-a-trene-kondisjon\/&raquo;][vc_column_text]<\/p>\n<p style=\"text-align: center;\"><a href=\"https:\/\/abilica.com\/no\/treningsartikler\/kondisjon\/treningsprodukter-for-a-trene-kondisjon\/\">Treningsprodukter for \u00e5 trene kondisjon<\/a><\/p>\n<p>[\/vc_column_text][\/vc_column][\/vc_row][vc_row full_width=&raquo;stretch_row_content&raquo;][vc_column width=&raquo;1\/4&#8243;][vc_single_image image=&raquo;53777&#8243; img_size=&raquo;full&raquo; alignment=&raquo;center&raquo; style=&raquo;vc_box_rounded&raquo; onclick=&raquo;custom_link&raquo; link=&raquo;https:\/\/abilica.com\/no\/treningsartikler\/kondisjon\/velg-riktig-trimsykkel\/&raquo;][vc_column_text]<\/p>\n<p style=\"text-align: center;\"><a href=\"https:\/\/abilica.com\/no\/treningsartikler\/kondisjon\/velg-riktig-trimsykkel\/\">Velg riktig trimsykkel<\/a><\/p>\n<p>[\/vc_column_text][\/vc_column][vc_column width=&raquo;1\/4&#8243;][vc_single_image image=&raquo;56454&#8243; img_size=&raquo;full&raquo; alignment=&raquo;center&raquo; style=&raquo;vc_box_rounded&raquo; onclick=&raquo;custom_link&raquo; link=&raquo;https:\/\/abilica.com\/no\/treningsartikler\/kondisjon\/ovelser-med-stepkasse\/&raquo;][vc_column_text]<\/p>\n<p style=\"text-align: center;\"><a href=\"https:\/\/abilica.com\/no\/treningsartikler\/kondisjon\/ovelser-med-stepkasse\/\">\u00d8velser med stepkasse<\/a><\/p>\n<p>[\/vc_column_text][\/vc_column][vc_column width=&raquo;1\/4&#8243;][vc_single_image image=&raquo;49432&#8243; img_size=&raquo;full&raquo; alignment=&raquo;center&raquo; style=&raquo;vc_box_rounded&raquo; onclick=&raquo;custom_link&raquo; link=&raquo;https:\/\/abilica.com\/no\/treningsartikler\/kondisjon\/dagens-romaskiner-rent-teknisk\/&raquo;][vc_column_text]<\/p>\n<p style=\"text-align: center;\"><a href=\"https:\/\/abilica.com\/no\/treningsartikler\/kondisjon\/dagens-romaskiner-rent-teknisk\/\">Dagens romaskiner &#8211; rent teknisk<\/a><\/p>\n<p>[\/vc_column_text][\/vc_column][vc_column width=&raquo;1\/4&#8243;][vc_single_image image=&raquo;56655&#8243; img_size=&raquo;full&raquo; alignment=&raquo;center&raquo; style=&raquo;vc_box_rounded&raquo; onclick=&raquo;custom_link&raquo; link=&raquo;https:\/\/abilica.com\/no\/treningsartikler\/kondisjon\/vedlikehold-av-treningsapparater\/&raquo;][vc_column_text]<\/p>\n<p style=\"text-align: center;\"><a href=\"https:\/\/abilica.com\/no\/treningsartikler\/kondisjon\/vedlikehold-av-treningsapparater\/\">Vedlikehold av treningsapparater<\/a><\/p>\n<p>[\/vc_column_text][\/vc_column][\/vc_row][vc_row full_width=&raquo;stretch_row_content&raquo;][vc_column width=&raquo;1\/4&#8243;][vc_single_image image=&raquo;49817&#8243; img_size=&raquo;full&raquo; alignment=&raquo;center&raquo; style=&raquo;vc_box_rounded&raquo; onclick=&raquo;custom_link&raquo; link=&raquo;https:\/\/abilica.com\/no\/treningsartikler\/kondisjon\/spar-plass-med-sammenleggbare-tredemoller\/&raquo;][vc_column_text]<\/p>\n<p style=\"text-align: center;\"><a href=\"https:\/\/abilica.com\/no\/treningsartikler\/kondisjon\/spar-plass-med-sammenleggbare-tredemoller\/\">Spar plass med sammenleggbare tredem\u00f8ller<\/a><\/p>\n<p>[\/vc_column_text][\/vc_column][vc_column width=&raquo;1\/4&#8243;][vc_single_image image=&raquo;61679&#8243; img_size=&raquo;full&raquo; alignment=&raquo;center&raquo; style=&raquo;vc_box_rounded&raquo; onclick=&raquo;custom_link&raquo; link=&raquo;https:\/\/abilica.com\/no\/treningsartikler\/kondisjon\/trening-i-hverdagen-catrine-collins-om-loping-pa-tredemollen\/&raquo;][vc_column_text]<\/p>\n<p style=\"text-align: center;\"><a href=\"https:\/\/abilica.com\/no\/treningsartikler\/kondisjon\/trening-i-hverdagen-catrine-collins-om-loping-pa-tredemollen\/\">Trening i hverdagen: Catrine Collins om l\u00f8ping p\u00e5 tredem\u00f8llen<\/a><\/p>\n<p>[\/vc_column_text][\/vc_column][vc_column width=&raquo;1\/4&#8243;][\/vc_column][vc_column width=&raquo;1\/4&#8243;][\/vc_column][\/vc_row]<\/p>\n<\/div>","protected":false},"excerpt":{"rendered":"<p>[vc_row full_width=&raquo;stretch_row_content_no_spaces&raquo; css=&raquo;.vc_custom_1592380419708{margin-top: 0px !important;border-top-width: 0px !important;padding-top: 0px !important;}&raquo;][vc_column css=&raquo;.vc_custom_1592380413778{margin-top: 0px !important;border-top-width: 0px !important;padding-top: 0px&#8230;<\/p>\n","protected":false},"author":13,"featured_media":0,"parent":32105,"menu_order":0,"comment_status":"closed","ping_status":"closed","template":"","meta":{"_acf_changed":false,"footnotes":""},"class_list":["post-32090","page","type-page","status-publish","hentry"],"acf":[],"yoast_head":"<!-- This site is optimized with the Yoast SEO Premium plugin v21.1 (Yoast SEO v25.4) - https:\/\/yoast.com\/wordpress\/plugins\/seo\/ -->\n<title>Treningstips innenfor kondisjon &#8226; Abilica<\/title>\n<meta name=\"robots\" content=\"index, follow, max-snippet:-1, max-image-preview:large, max-video-preview:-1\" \/>\n<link rel=\"canonical\" href=\"https:\/\/abilica.com\/no\/treningsartikler\/kondisjon\/\" \/>\n<meta property=\"og:locale\" content=\"nb_NO\" \/>\n<meta property=\"og:type\" content=\"article\" \/>\n<meta property=\"og:title\" content=\"Treningstips innenfor kondisjon\" \/>\n<meta property=\"og:description\" content=\"[vc_row full_width=&raquo;stretch_row_content_no_spaces&raquo; css=&raquo;.vc_custom_1592380419708{margin-top: 0px !important;border-top-width: 0px !important;padding-top: 0px !important;}&raquo;][vc_column css=&raquo;.vc_custom_1592380413778{margin-top: 0px !important;border-top-width: 0px !important;padding-top: 0px...\" \/>\n<meta property=\"og:url\" content=\"https:\/\/abilica.com\/no\/treningsartikler\/kondisjon\/\" \/>\n<meta property=\"og:site_name\" content=\"Abilica\" \/>\n<meta property=\"article:publisher\" content=\"https:\/\/www.facebook.com\/abilicahometraining\/\" \/>\n<meta property=\"article:modified_time\" content=\"2023-11-01T09:14:31+00:00\" \/>\n<meta name=\"twitter:card\" content=\"summary_large_image\" \/>\n<meta name=\"twitter:label1\" content=\"Ansl. lesetid\" \/>\n\t<meta name=\"twitter:data1\" content=\"2 minutter\" \/>\n<script type=\"application\/ld+json\" class=\"yoast-schema-graph\">{\"@context\":\"https:\/\/schema.org\",\"@graph\":[{\"@type\":\"WebPage\",\"@id\":\"https:\/\/abilica.com\/no\/treningsartikler\/kondisjon\/\",\"url\":\"https:\/\/abilica.com\/no\/treningsartikler\/kondisjon\/\",\"name\":\"Treningstips innenfor kondisjon &#8226; Abilica\",\"isPartOf\":{\"@id\":\"https:\/\/abilica.com\/#website\"},\"datePublished\":\"2023-07-21T11:28:11+00:00\",\"dateModified\":\"2023-11-01T09:14:31+00:00\",\"breadcrumb\":{\"@id\":\"https:\/\/abilica.com\/no\/treningsartikler\/kondisjon\/#breadcrumb\"},\"inLanguage\":\"nb-NO\",\"potentialAction\":[{\"@type\":\"ReadAction\",\"target\":[\"https:\/\/abilica.com\/no\/treningsartikler\/kondisjon\/\"]}]},{\"@type\":\"BreadcrumbList\",\"@id\":\"https:\/\/abilica.com\/no\/treningsartikler\/kondisjon\/#breadcrumb\",\"itemListElement\":[{\"@type\":\"ListItem\",\"position\":1,\"name\":\"Hem\",\"item\":\"https:\/\/abilica.com\/no\/\"},{\"@type\":\"ListItem\",\"position\":2,\"name\":\"Treningsartikler\",\"item\":\"https:\/\/abilica.com\/no\/treningsartikler\/\"},{\"@type\":\"ListItem\",\"position\":3,\"name\":\"Treningstips innenfor kondisjon\"}]},{\"@type\":\"WebSite\",\"@id\":\"https:\/\/abilica.com\/#website\",\"url\":\"https:\/\/abilica.com\/\",\"name\":\"Abilica\",\"description\":\"Abilica Home Training\",\"potentialAction\":[{\"@type\":\"SearchAction\",\"target\":{\"@type\":\"EntryPoint\",\"urlTemplate\":\"https:\/\/abilica.com\/?s={search_term_string}\"},\"query-input\":{\"@type\":\"PropertyValueSpecification\",\"valueRequired\":true,\"valueName\":\"search_term_string\"}}],\"inLanguage\":\"nb-NO\"}]}<\/script>\n<!-- \/ Yoast SEO Premium plugin. -->","yoast_head_json":{"title":"Treningstips innenfor kondisjon &#8226; Abilica","robots":{"index":"index","follow":"follow","max-snippet":"max-snippet:-1","max-image-preview":"max-image-preview:large","max-video-preview":"max-video-preview:-1"},"canonical":"https:\/\/abilica.com\/no\/treningsartikler\/kondisjon\/","og_locale":"nb_NO","og_type":"article","og_title":"Treningstips innenfor kondisjon","og_description":"[vc_row full_width=&raquo;stretch_row_content_no_spaces&raquo; css=&raquo;.vc_custom_1592380419708{margin-top: 0px !important;border-top-width: 0px !important;padding-top: 0px !important;}&raquo;][vc_column css=&raquo;.vc_custom_1592380413778{margin-top: 0px !important;border-top-width: 0px !important;padding-top: 0px...","og_url":"https:\/\/abilica.com\/no\/treningsartikler\/kondisjon\/","og_site_name":"Abilica","article_publisher":"https:\/\/www.facebook.com\/abilicahometraining\/","article_modified_time":"2023-11-01T09:14:31+00:00","twitter_card":"summary_large_image","twitter_misc":{"Ansl. lesetid":"2 minutter"},"schema":{"@context":"https:\/\/schema.org","@graph":[{"@type":"WebPage","@id":"https:\/\/abilica.com\/no\/treningsartikler\/kondisjon\/","url":"https:\/\/abilica.com\/no\/treningsartikler\/kondisjon\/","name":"Treningstips innenfor kondisjon &#8226; Abilica","isPartOf":{"@id":"https:\/\/abilica.com\/#website"},"datePublished":"2023-07-21T11:28:11+00:00","dateModified":"2023-11-01T09:14:31+00:00","breadcrumb":{"@id":"https:\/\/abilica.com\/no\/treningsartikler\/kondisjon\/#breadcrumb"},"inLanguage":"nb-NO","potentialAction":[{"@type":"ReadAction","target":["https:\/\/abilica.com\/no\/treningsartikler\/kondisjon\/"]}]},{"@type":"BreadcrumbList","@id":"https:\/\/abilica.com\/no\/treningsartikler\/kondisjon\/#breadcrumb","itemListElement":[{"@type":"ListItem","position":1,"name":"Hem","item":"https:\/\/abilica.com\/no\/"},{"@type":"ListItem","position":2,"name":"Treningsartikler","item":"https:\/\/abilica.com\/no\/treningsartikler\/"},{"@type":"ListItem","position":3,"name":"Treningstips innenfor kondisjon"}]},{"@type":"WebSite","@id":"https:\/\/abilica.com\/#website","url":"https:\/\/abilica.com\/","name":"Abilica","description":"Abilica Home Training","potentialAction":[{"@type":"SearchAction","target":{"@type":"EntryPoint","urlTemplate":"https:\/\/abilica.com\/?s={search_term_string}"},"query-input":{"@type":"PropertyValueSpecification","valueRequired":true,"valueName":"search_term_string"}}],"inLanguage":"nb-NO"}]}},"_links":{"self":[{"href":"https:\/\/abilica.com\/no\/wp-json\/wp\/v2\/pages\/32090","targetHints":{"allow":["GET"]}}],"collection":[{"href":"https:\/\/abilica.com\/no\/wp-json\/wp\/v2\/pages"}],"about":[{"href":"https:\/\/abilica.com\/no\/wp-json\/wp\/v2\/types\/page"}],"author":[{"embeddable":true,"href":"https:\/\/abilica.com\/no\/wp-json\/wp\/v2\/users\/13"}],"replies":[{"embeddable":true,"href":"https:\/\/abilica.com\/no\/wp-json\/wp\/v2\/comments?post=32090"}],"version-history":[{"count":9,"href":"https:\/\/abilica.com\/no\/wp-json\/wp\/v2\/pages\/32090\/revisions"}],"predecessor-version":[{"id":66127,"href":"https:\/\/abilica.com\/no\/wp-json\/wp\/v2\/pages\/32090\/revisions\/66127"}],"up":[{"embeddable":true,"href":"https:\/\/abilica.com\/no\/wp-json\/wp\/v2\/pages\/32105"}],"wp:attachment":[{"href":"https:\/\/abilica.com\/no\/wp-json\/wp\/v2\/media?parent=32090"}],"curies":[{"name":"wp","href":"https:\/\/api.w.org\/{rel}","templated":true}]}}