{"id":32173,"date":"2023-07-30T17:56:30","date_gmt":"2023-07-30T16:56:30","guid":{"rendered":"https:\/\/abilica.com\/?page_id=32173"},"modified":"2023-11-03T10:53:29","modified_gmt":"2023-11-03T09:53:29","slug":"tren-bedre-med-frivekter","status":"publish","type":"page","link":"https:\/\/abilica.com\/no\/treningsartikler\/styrke\/tren-bedre-med-frivekter\/","title":{"rendered":"Tren bedre med frivekter"},"content":{"rendered":"<div class=\"wpb-content-wrapper\"><p>[vc_row full_width=&raquo;stretch_row_content_no_spaces&raquo;][vc_column][vc_single_image image=&raquo;65238&#8243; img_size=&raquo;full&raquo; alignment=&raquo;center&raquo;][\/vc_column][\/vc_row][vc_row][vc_column][vc_column_text]<\/p>\n<h2>Tren bedre med frivekter<\/h2>\n<p>[\/vc_column_text][vc_column_text]<\/p>\n<p style=\"text-align: justify;\">Mange som begynner med styrketrening sverger til styrkeapparatene n\u00e5r de skal trene. De er enkle \u00e5 bruke og det er vanskelig \u00e5 gj\u00f8re noe feil n\u00e5r man bruker styrkeapparatene. Det er ogs\u00e5 en del som kvier seg for \u00e5 bruke frivekter fordi man f\u00f8ler det er vanskeligere \u00e5 bruke disse i treningen. Det er det ogs\u00e5, men fordelene ved \u00e5 bruke frivekter er mange. F\u00f8rst og fremst f\u00e5r man brukt hele kroppen til \u00e5 stabilisere slik at man f\u00e5r trent kjernemuskulaturen samtidig som man l\u00f8fter vekter. \u00d8velser med frivekter er funksjonelle fordi de i h\u00f8yeste grad er overf\u00f8rbare til mye av det vi gj\u00f8r i hverdagen som for eksempel \u00e5 g\u00e5 i trapper. En annen fordel med trening med frivekter er at \u00f8velsene i stor grad kan tilpasses i forhold til hva du vil med treningen din. Enten du vil bli raskere, sterkere eller f\u00e5 bedre utholdenhet kan du tilpasse \u00f8velsene du gj\u00f8r i forhold til dette. Med utallige muligheter for hvor mange kilo du vil bruke eller om du vil bruke vektstang eller manualer gj\u00f8r at du har et hav med forskjellige \u00f8velser du kan gj\u00f8re. Sammenlignet med vanlige styrkeapparater kan det ogs\u00e5 v\u00e6re lettere \u00e5 tilpasse treningen til dine anatomiske egenskaper ettersom ikke bevegelsene du gj\u00f8r er styrt. Du kan trene f\u00e6rre \u00f8velser og det tar kortere tid. P\u00e5 denne m\u00e5ten slipper du \u00e5 risikere at du g\u00e5r lei. Har du lyst til \u00e5 trene vekter hjemme er bare \u00e5 kj\u00f8pe en vektstang og vektskiver s\u00e5 er du i gang. Store apparater er kostbare og tar mye plass.<\/p>\n<p style=\"text-align: justify;\"><strong>TEKNIKK<br \/>\n<\/strong>Det viktigste n\u00e5r du trener med frivekter er \u00e5 gj\u00f8re det med riktig teknikk. Det kan ta tid \u00e5 trene inn riktig teknikk, men det er greit \u00e5 bruke den tiden det tar da det er veldig lett \u00e5 p\u00e5dra seg skader hvis \u00f8velsene ikke utf\u00f8res med riktig teknikk. Er du usikker p\u00e5 hvordan du skal gj\u00f8re \u00f8velsene kan du s\u00f8ke hjelp av enten en personlig trener eller en venn som har erfaring og som kan \u00f8velsene. Bruk gjerne speilene p\u00e5 treningssenteret aktivt for \u00e5 se at du utf\u00f8rer \u00f8velsene riktig. Spesielt er det viktig at du ikke krummer eller f\u00e5r svai i ryggen. Sjekk videoene under for flere tips.<\/p>\n<p style=\"text-align: justify;\"><strong>\u00d8VELSER<br \/>\n<\/strong>N\u00e5r du trener med frivekter er det ofte basis\u00f8velser som kneb\u00f8y, markl\u00f8ft og utfall som er sentrale. L\u00e6rer du deg disse \u00f8velsene ordentlig f\u00e5r du et bra grunnlag i treningshverdagen din. Det er alfa omega at du bruker tid p\u00e5 \u00e5 l\u00e6re \u00f8velsene ordentlig slik at du unng\u00e5r skader og samtidig oppn\u00e5r best mulig treningseffekt. L\u00e6rer du deg disse \u00f8velsene og utf\u00f8rer de riktig trener du de store muskelgruppene som rygg, ben og rumpe. I tillegg f\u00e5r du ogs\u00e5 trent kjernemuskulaturen.\u00a0N\u00e5r du skal varme opp er det greit \u00e5 kj\u00f8re samme \u00f8velser som du skal kj\u00f8re under selve trenings\u00f8kta, bare at du kj\u00f8rer med lette vekter. Med lette vekter menes det at du skal klare 12-15 reps. Til og begynne med kan det v\u00e6re greit \u00e5 bare kj\u00f8re med vektstangen slik at du f\u00e5r inn bevegelsene. N\u00e5r du starter treningen b\u00f8r du s\u00f8rge for \u00e5 tunge nok vekter. N\u00e5r du har l\u00e6rt \u00f8velsene godt nok skal du l\u00f8fte s\u00e5 tungt at du ikke klarer mer enn 6-10 repetisjoner p\u00e5 hver \u00f8velse. Gjenta dette to ganger slik at du kj\u00f8rer tre serier.<\/p>\n<p style=\"text-align: justify;\">Under ser dere to videoer med v\u00e5r ambassad\u00f8r <a href=\"https:\/\/www.youtube.com\/channel\/UCTZXLXY2Sm-831jZBxE8muw\/videos\">Kristin Birkelund<\/a> der hun viser flere \u00f8velser som du kan gj\u00f8re. Vil du se flere videoer med Kristin kan du bes\u00f8ke hennes <a href=\"https:\/\/www.youtube.com\/channel\/UCTZXLXY2Sm-831jZBxE8muw\/videos\">YouTube-kanal.<\/a><\/p>\n<p><iframe loading=\"lazy\" title=\"HJEMMETRENING MED PUMPSET | 01\" width=\"640\" height=\"360\" src=\"https:\/\/www.youtube.com\/embed\/cT7OxWKrNyY?wmode=transparent&amp;rel=0&amp;list=PL9MGo6BrtLH7GYi5TRINwrpQWEfO1XDYM\" frameborder=\"0\" allow=\"accelerometer; autoplay; clipboard-write; encrypted-media; gyroscope; picture-in-picture; web-share\" referrerpolicy=\"strict-origin-when-cross-origin\" allowfullscreen><\/iframe><\/p>\n<p><iframe loading=\"lazy\" title=\"HJEMMETRENING MED PUMPSET | 02\" width=\"640\" height=\"360\" src=\"https:\/\/www.youtube.com\/embed\/PyJrihAsh_w?wmode=transparent&amp;rel=0&amp;feature=oembed\" frameborder=\"0\" allow=\"accelerometer; autoplay; clipboard-write; encrypted-media; gyroscope; picture-in-picture; web-share\" referrerpolicy=\"strict-origin-when-cross-origin\" allowfullscreen><\/iframe><\/p>\n<p><strong>Lykke til med treningen!<\/strong>[\/vc_column_text][\/vc_column][\/vc_row][vc_row][vc_column][vc_single_image image=&raquo;18874&#8243; img_size=&raquo;full&raquo; alignment=&raquo;center&raquo;][\/vc_column][\/vc_row]<\/p>\n<\/div>","protected":false},"excerpt":{"rendered":"<p>[vc_row full_width=&raquo;stretch_row_content_no_spaces&raquo;][vc_column][vc_single_image image=&raquo;65238&#8243; img_size=&raquo;full&raquo; alignment=&raquo;center&raquo;][\/vc_column][\/vc_row][vc_row][vc_column][vc_column_text] Tren bedre med frivekter [\/vc_column_text][vc_column_text] Mange som begynner med styrketrening&#8230;<\/p>\n","protected":false},"author":13,"featured_media":0,"parent":32142,"menu_order":0,"comment_status":"closed","ping_status":"closed","template":"","meta":{"_acf_changed":false,"footnotes":""},"class_list":["post-32173","page","type-page","status-publish","hentry"],"acf":[],"yoast_head":"<!-- This site is optimized with the Yoast SEO Premium plugin v21.1 (Yoast SEO v25.4) - https:\/\/yoast.com\/wordpress\/plugins\/seo\/ -->\n<title>Tren bedre med frivekter &#8226; Abilica<\/title>\n<meta name=\"robots\" content=\"index, follow, max-snippet:-1, max-image-preview:large, max-video-preview:-1\" \/>\n<link rel=\"canonical\" href=\"https:\/\/abilica.com\/no\/treningsartikler\/styrke\/tren-bedre-med-frivekter\/\" \/>\n<meta property=\"og:locale\" content=\"nb_NO\" \/>\n<meta property=\"og:type\" content=\"article\" \/>\n<meta property=\"og:title\" content=\"Tren bedre med frivekter\" \/>\n<meta property=\"og:description\" content=\"[vc_row full_width=&raquo;stretch_row_content_no_spaces&raquo;][vc_column][vc_single_image image=&raquo;65238&#8243; img_size=&raquo;full&raquo; alignment=&raquo;center&raquo;][\/vc_column][\/vc_row][vc_row][vc_column][vc_column_text] Tren bedre med frivekter [\/vc_column_text][vc_column_text] Mange som begynner med styrketrening...\" \/>\n<meta property=\"og:url\" content=\"https:\/\/abilica.com\/no\/treningsartikler\/styrke\/tren-bedre-med-frivekter\/\" \/>\n<meta property=\"og:site_name\" content=\"Abilica\" \/>\n<meta property=\"article:publisher\" content=\"https:\/\/www.facebook.com\/abilicahometraining\/\" \/>\n<meta property=\"article:modified_time\" content=\"2023-11-03T09:53:29+00:00\" \/>\n<meta name=\"twitter:card\" content=\"summary_large_image\" \/>\n<meta name=\"twitter:label1\" content=\"Ansl. lesetid\" \/>\n\t<meta name=\"twitter:data1\" content=\"3 minutter\" \/>\n<script type=\"application\/ld+json\" class=\"yoast-schema-graph\">{\"@context\":\"https:\/\/schema.org\",\"@graph\":[{\"@type\":\"WebPage\",\"@id\":\"https:\/\/abilica.com\/no\/treningsartikler\/styrke\/tren-bedre-med-frivekter\/\",\"url\":\"https:\/\/abilica.com\/no\/treningsartikler\/styrke\/tren-bedre-med-frivekter\/\",\"name\":\"Tren bedre med frivekter &#8226; Abilica\",\"isPartOf\":{\"@id\":\"https:\/\/abilica.com\/#website\"},\"datePublished\":\"2023-07-30T16:56:30+00:00\",\"dateModified\":\"2023-11-03T09:53:29+00:00\",\"breadcrumb\":{\"@id\":\"https:\/\/abilica.com\/no\/treningsartikler\/styrke\/tren-bedre-med-frivekter\/#breadcrumb\"},\"inLanguage\":\"nb-NO\",\"potentialAction\":[{\"@type\":\"ReadAction\",\"target\":[\"https:\/\/abilica.com\/no\/treningsartikler\/styrke\/tren-bedre-med-frivekter\/\"]}]},{\"@type\":\"BreadcrumbList\",\"@id\":\"https:\/\/abilica.com\/no\/treningsartikler\/styrke\/tren-bedre-med-frivekter\/#breadcrumb\",\"itemListElement\":[{\"@type\":\"ListItem\",\"position\":1,\"name\":\"Hem\",\"item\":\"https:\/\/abilica.com\/no\/\"},{\"@type\":\"ListItem\",\"position\":2,\"name\":\"Treningsartikler\",\"item\":\"https:\/\/abilica.com\/no\/treningsartikler\/\"},{\"@type\":\"ListItem\",\"position\":3,\"name\":\"Treningstips innenfor styrke\",\"item\":\"https:\/\/abilica.com\/no\/treningsartikler\/styrke\/\"},{\"@type\":\"ListItem\",\"position\":4,\"name\":\"Tren bedre med frivekter\"}]},{\"@type\":\"WebSite\",\"@id\":\"https:\/\/abilica.com\/#website\",\"url\":\"https:\/\/abilica.com\/\",\"name\":\"Abilica\",\"description\":\"Abilica Home Training\",\"potentialAction\":[{\"@type\":\"SearchAction\",\"target\":{\"@type\":\"EntryPoint\",\"urlTemplate\":\"https:\/\/abilica.com\/?s={search_term_string}\"},\"query-input\":{\"@type\":\"PropertyValueSpecification\",\"valueRequired\":true,\"valueName\":\"search_term_string\"}}],\"inLanguage\":\"nb-NO\"}]}<\/script>\n<!-- \/ Yoast SEO Premium plugin. -->","yoast_head_json":{"title":"Tren bedre med frivekter &#8226; Abilica","robots":{"index":"index","follow":"follow","max-snippet":"max-snippet:-1","max-image-preview":"max-image-preview:large","max-video-preview":"max-video-preview:-1"},"canonical":"https:\/\/abilica.com\/no\/treningsartikler\/styrke\/tren-bedre-med-frivekter\/","og_locale":"nb_NO","og_type":"article","og_title":"Tren bedre med frivekter","og_description":"[vc_row full_width=&raquo;stretch_row_content_no_spaces&raquo;][vc_column][vc_single_image image=&raquo;65238&#8243; img_size=&raquo;full&raquo; alignment=&raquo;center&raquo;][\/vc_column][\/vc_row][vc_row][vc_column][vc_column_text] Tren bedre med frivekter [\/vc_column_text][vc_column_text] Mange som begynner med styrketrening...","og_url":"https:\/\/abilica.com\/no\/treningsartikler\/styrke\/tren-bedre-med-frivekter\/","og_site_name":"Abilica","article_publisher":"https:\/\/www.facebook.com\/abilicahometraining\/","article_modified_time":"2023-11-03T09:53:29+00:00","twitter_card":"summary_large_image","twitter_misc":{"Ansl. lesetid":"3 minutter"},"schema":{"@context":"https:\/\/schema.org","@graph":[{"@type":"WebPage","@id":"https:\/\/abilica.com\/no\/treningsartikler\/styrke\/tren-bedre-med-frivekter\/","url":"https:\/\/abilica.com\/no\/treningsartikler\/styrke\/tren-bedre-med-frivekter\/","name":"Tren bedre med frivekter &#8226; Abilica","isPartOf":{"@id":"https:\/\/abilica.com\/#website"},"datePublished":"2023-07-30T16:56:30+00:00","dateModified":"2023-11-03T09:53:29+00:00","breadcrumb":{"@id":"https:\/\/abilica.com\/no\/treningsartikler\/styrke\/tren-bedre-med-frivekter\/#breadcrumb"},"inLanguage":"nb-NO","potentialAction":[{"@type":"ReadAction","target":["https:\/\/abilica.com\/no\/treningsartikler\/styrke\/tren-bedre-med-frivekter\/"]}]},{"@type":"BreadcrumbList","@id":"https:\/\/abilica.com\/no\/treningsartikler\/styrke\/tren-bedre-med-frivekter\/#breadcrumb","itemListElement":[{"@type":"ListItem","position":1,"name":"Hem","item":"https:\/\/abilica.com\/no\/"},{"@type":"ListItem","position":2,"name":"Treningsartikler","item":"https:\/\/abilica.com\/no\/treningsartikler\/"},{"@type":"ListItem","position":3,"name":"Treningstips innenfor styrke","item":"https:\/\/abilica.com\/no\/treningsartikler\/styrke\/"},{"@type":"ListItem","position":4,"name":"Tren bedre med frivekter"}]},{"@type":"WebSite","@id":"https:\/\/abilica.com\/#website","url":"https:\/\/abilica.com\/","name":"Abilica","description":"Abilica Home Training","potentialAction":[{"@type":"SearchAction","target":{"@type":"EntryPoint","urlTemplate":"https:\/\/abilica.com\/?s={search_term_string}"},"query-input":{"@type":"PropertyValueSpecification","valueRequired":true,"valueName":"search_term_string"}}],"inLanguage":"nb-NO"}]}},"_links":{"self":[{"href":"https:\/\/abilica.com\/no\/wp-json\/wp\/v2\/pages\/32173","targetHints":{"allow":["GET"]}}],"collection":[{"href":"https:\/\/abilica.com\/no\/wp-json\/wp\/v2\/pages"}],"about":[{"href":"https:\/\/abilica.com\/no\/wp-json\/wp\/v2\/types\/page"}],"author":[{"embeddable":true,"href":"https:\/\/abilica.com\/no\/wp-json\/wp\/v2\/users\/13"}],"replies":[{"embeddable":true,"href":"https:\/\/abilica.com\/no\/wp-json\/wp\/v2\/comments?post=32173"}],"version-history":[{"count":4,"href":"https:\/\/abilica.com\/no\/wp-json\/wp\/v2\/pages\/32173\/revisions"}],"predecessor-version":[{"id":66377,"href":"https:\/\/abilica.com\/no\/wp-json\/wp\/v2\/pages\/32173\/revisions\/66377"}],"up":[{"embeddable":true,"href":"https:\/\/abilica.com\/no\/wp-json\/wp\/v2\/pages\/32142"}],"wp:attachment":[{"href":"https:\/\/abilica.com\/no\/wp-json\/wp\/v2\/media?parent=32173"}],"curies":[{"name":"wp","href":"https:\/\/api.w.org\/{rel}","templated":true}]}}