{"id":32174,"date":"2023-07-30T17:56:52","date_gmt":"2023-07-30T16:56:52","guid":{"rendered":"https:\/\/abilica.com\/?page_id=32174"},"modified":"2023-11-03T10:53:52","modified_gmt":"2023-11-03T09:53:52","slug":"tren-hele-kroppen-med-abilica-equalizerbars","status":"publish","type":"page","link":"https:\/\/abilica.com\/no\/treningsartikler\/styrke\/tren-hele-kroppen-med-abilica-equalizerbars\/","title":{"rendered":"Tren hele kroppen med Abilica EqualizerBars"},"content":{"rendered":"<div class=\"wpb-content-wrapper\"><p>[vc_row full_width=&raquo;stretch_row_content_no_spaces&raquo;][vc_column][vc_single_image image=&raquo;65261&#8243; img_size=&raquo;full&raquo; alignment=&raquo;center&raquo;][\/vc_column][\/vc_row][vc_row][vc_column][vc_column_text]<\/p>\n<h2>Tren hele kroppen med Abilica EqualizerBars<\/h2>\n<p>[\/vc_column_text][vc_column_text]<\/p>\n<p style=\"text-align: justify;\">Abilica EqualizerBars er et allsidig produkt med mulighet for \u00e5 trene mange forskjellige \u00f8velser. Det er bare fantasien som setter en stopper for hva du kan gj\u00f8re med EqualizerBars. De er lette og enkle \u00e5 ta med seg og du kan enten bruke de hjemme i stua eller ute i hagen. Eller hvorfor ikke ta de med p\u00e5 en trenings\u00f8kt i parken? De er robuste og kommer til \u00e5 holde lenge, selv om du bruker de ute i all slags v\u00e6r. EqualizerBars er spesielt egnet for trening av overkroppen, men kan ogs\u00e5 brukes til trening av kjernemuskulatur, hurtighetstrening og trening av ben. Som sagt har du verkt\u00f8yet for treningen og det er bare fantasien din som setter grenser for hva du kan gj\u00f8re. En fordel med alle mulighetene er at du lett kan justere vanskelighetsgraden p\u00e5 \u00f8velsene etter hva som passer ditt niv\u00e5. Du kan for eksempel snu og vende p\u00e5 apparatet for \u00e5 gj\u00f8re en eksakt \u00f8velse lettere eller tyngre. Mange av \u00f8velsene du gj\u00f8r med EqualizerBars er lette \u00e5 l\u00e6re og ogs\u00e5 lette \u00e5 utf\u00f8re. De er ogs\u00e5 utrolig morsomme \u00e5 bruke og gir den vanlige bootcampen et ansiktsl\u00f8ft.<\/p>\n<p style=\"text-align: justify;\">Du kan ogs\u00e5 bruke hjelpemidler n\u00e5r du trener med EqualizerBars. Synes du \u00f8velsene blir for lette kan du bruke en vektvest for \u00e5 f\u00e5 en mer utfordrende \u00f8velse. Sliter du med \u00e5 l\u00f8fte deg opp p\u00e5 enkelte \u00f8velser kan du bruke en treningsstrikk som hjelpemiddel for \u00e5 fullt utbytte av \u00f8velsene.<\/p>\n<p style=\"text-align: justify;\"><strong>\u00d8VELSER<br \/>\n<\/strong>Under ser dere en video med v\u00e5r ambassad\u00f8r <a href=\"https:\/\/www.youtube.com\/channel\/UCTZXLXY2Sm-831jZBxE8muw\/videos\">Kristin Birkelund<\/a> der hun viser flere \u00f8velser som du kan gj\u00f8re. Vil du se flere videoer med Kristin kan du bes\u00f8ke hennes <a href=\"https:\/\/www.youtube.com\/channel\/UCTZXLXY2Sm-831jZBxE8muw\/videos\">YouTube-kanal.<\/a><\/p>\n<p><iframe loading=\"lazy\" title=\"HJEMMETRENING MED EQUALIZERBARS | 01\" width=\"640\" height=\"360\" src=\"https:\/\/www.youtube.com\/embed\/7jU4yzons1c?wmode=transparent&amp;rel=0&amp;feature=oembed\" frameborder=\"0\" allow=\"accelerometer; autoplay; clipboard-write; encrypted-media; gyroscope; picture-in-picture; web-share\" referrerpolicy=\"strict-origin-when-cross-origin\" allowfullscreen><\/iframe><\/p>\n<p><strong>Lykke til med trenings\u00f8kten!<\/strong>[\/vc_column_text][\/vc_column][\/vc_row][vc_row][vc_column][vc_single_image image=&raquo;65264&#8243; img_size=&raquo;full&raquo; alignment=&raquo;center&raquo;][\/vc_column][\/vc_row]<\/p>\n<\/div>","protected":false},"excerpt":{"rendered":"<p>[vc_row full_width=&raquo;stretch_row_content_no_spaces&raquo;][vc_column][vc_single_image image=&raquo;65261&#8243; img_size=&raquo;full&raquo; alignment=&raquo;center&raquo;][\/vc_column][\/vc_row][vc_row][vc_column][vc_column_text] Tren hele kroppen med Abilica EqualizerBars [\/vc_column_text][vc_column_text] Abilica EqualizerBars er&#8230;<\/p>\n","protected":false},"author":13,"featured_media":0,"parent":32142,"menu_order":0,"comment_status":"closed","ping_status":"closed","template":"","meta":{"_acf_changed":false,"footnotes":""},"class_list":["post-32174","page","type-page","status-publish","hentry"],"acf":[],"yoast_head":"<!-- This site is optimized with the Yoast SEO Premium plugin v21.1 (Yoast SEO v25.4) - https:\/\/yoast.com\/wordpress\/plugins\/seo\/ -->\n<title>Tren hele kroppen med Abilica EqualizerBars &#8226; Abilica<\/title>\n<meta name=\"robots\" content=\"index, follow, max-snippet:-1, max-image-preview:large, max-video-preview:-1\" \/>\n<link rel=\"canonical\" href=\"https:\/\/abilica.com\/no\/treningsartikler\/styrke\/tren-hele-kroppen-med-abilica-equalizerbars\/\" \/>\n<meta property=\"og:locale\" content=\"nb_NO\" \/>\n<meta property=\"og:type\" content=\"article\" \/>\n<meta property=\"og:title\" content=\"Tren hele kroppen med Abilica EqualizerBars\" \/>\n<meta property=\"og:description\" content=\"[vc_row full_width=&raquo;stretch_row_content_no_spaces&raquo;][vc_column][vc_single_image image=&raquo;65261&#8243; img_size=&raquo;full&raquo; alignment=&raquo;center&raquo;][\/vc_column][\/vc_row][vc_row][vc_column][vc_column_text] Tren hele kroppen med Abilica EqualizerBars [\/vc_column_text][vc_column_text] Abilica EqualizerBars er...\" \/>\n<meta property=\"og:url\" content=\"https:\/\/abilica.com\/no\/treningsartikler\/styrke\/tren-hele-kroppen-med-abilica-equalizerbars\/\" \/>\n<meta property=\"og:site_name\" content=\"Abilica\" \/>\n<meta property=\"article:publisher\" content=\"https:\/\/www.facebook.com\/abilicahometraining\/\" \/>\n<meta property=\"article:modified_time\" content=\"2023-11-03T09:53:52+00:00\" \/>\n<meta name=\"twitter:card\" content=\"summary_large_image\" \/>\n<meta name=\"twitter:label1\" content=\"Ansl. lesetid\" \/>\n\t<meta name=\"twitter:data1\" content=\"2 minutter\" \/>\n<script type=\"application\/ld+json\" class=\"yoast-schema-graph\">{\"@context\":\"https:\/\/schema.org\",\"@graph\":[{\"@type\":\"WebPage\",\"@id\":\"https:\/\/abilica.com\/no\/treningsartikler\/styrke\/tren-hele-kroppen-med-abilica-equalizerbars\/\",\"url\":\"https:\/\/abilica.com\/no\/treningsartikler\/styrke\/tren-hele-kroppen-med-abilica-equalizerbars\/\",\"name\":\"Tren hele kroppen med Abilica EqualizerBars &#8226; Abilica\",\"isPartOf\":{\"@id\":\"https:\/\/abilica.com\/#website\"},\"datePublished\":\"2023-07-30T16:56:52+00:00\",\"dateModified\":\"2023-11-03T09:53:52+00:00\",\"breadcrumb\":{\"@id\":\"https:\/\/abilica.com\/no\/treningsartikler\/styrke\/tren-hele-kroppen-med-abilica-equalizerbars\/#breadcrumb\"},\"inLanguage\":\"nb-NO\",\"potentialAction\":[{\"@type\":\"ReadAction\",\"target\":[\"https:\/\/abilica.com\/no\/treningsartikler\/styrke\/tren-hele-kroppen-med-abilica-equalizerbars\/\"]}]},{\"@type\":\"BreadcrumbList\",\"@id\":\"https:\/\/abilica.com\/no\/treningsartikler\/styrke\/tren-hele-kroppen-med-abilica-equalizerbars\/#breadcrumb\",\"itemListElement\":[{\"@type\":\"ListItem\",\"position\":1,\"name\":\"Hem\",\"item\":\"https:\/\/abilica.com\/no\/\"},{\"@type\":\"ListItem\",\"position\":2,\"name\":\"Treningsartikler\",\"item\":\"https:\/\/abilica.com\/no\/treningsartikler\/\"},{\"@type\":\"ListItem\",\"position\":3,\"name\":\"Treningstips innenfor styrke\",\"item\":\"https:\/\/abilica.com\/no\/treningsartikler\/styrke\/\"},{\"@type\":\"ListItem\",\"position\":4,\"name\":\"Tren hele kroppen med Abilica EqualizerBars\"}]},{\"@type\":\"WebSite\",\"@id\":\"https:\/\/abilica.com\/#website\",\"url\":\"https:\/\/abilica.com\/\",\"name\":\"Abilica\",\"description\":\"Abilica Home Training\",\"potentialAction\":[{\"@type\":\"SearchAction\",\"target\":{\"@type\":\"EntryPoint\",\"urlTemplate\":\"https:\/\/abilica.com\/?s={search_term_string}\"},\"query-input\":{\"@type\":\"PropertyValueSpecification\",\"valueRequired\":true,\"valueName\":\"search_term_string\"}}],\"inLanguage\":\"nb-NO\"}]}<\/script>\n<!-- \/ Yoast SEO Premium plugin. -->","yoast_head_json":{"title":"Tren hele kroppen med Abilica EqualizerBars &#8226; Abilica","robots":{"index":"index","follow":"follow","max-snippet":"max-snippet:-1","max-image-preview":"max-image-preview:large","max-video-preview":"max-video-preview:-1"},"canonical":"https:\/\/abilica.com\/no\/treningsartikler\/styrke\/tren-hele-kroppen-med-abilica-equalizerbars\/","og_locale":"nb_NO","og_type":"article","og_title":"Tren hele kroppen med Abilica EqualizerBars","og_description":"[vc_row full_width=&raquo;stretch_row_content_no_spaces&raquo;][vc_column][vc_single_image image=&raquo;65261&#8243; img_size=&raquo;full&raquo; alignment=&raquo;center&raquo;][\/vc_column][\/vc_row][vc_row][vc_column][vc_column_text] Tren hele kroppen med Abilica EqualizerBars [\/vc_column_text][vc_column_text] Abilica EqualizerBars er...","og_url":"https:\/\/abilica.com\/no\/treningsartikler\/styrke\/tren-hele-kroppen-med-abilica-equalizerbars\/","og_site_name":"Abilica","article_publisher":"https:\/\/www.facebook.com\/abilicahometraining\/","article_modified_time":"2023-11-03T09:53:52+00:00","twitter_card":"summary_large_image","twitter_misc":{"Ansl. lesetid":"2 minutter"},"schema":{"@context":"https:\/\/schema.org","@graph":[{"@type":"WebPage","@id":"https:\/\/abilica.com\/no\/treningsartikler\/styrke\/tren-hele-kroppen-med-abilica-equalizerbars\/","url":"https:\/\/abilica.com\/no\/treningsartikler\/styrke\/tren-hele-kroppen-med-abilica-equalizerbars\/","name":"Tren hele kroppen med Abilica EqualizerBars &#8226; Abilica","isPartOf":{"@id":"https:\/\/abilica.com\/#website"},"datePublished":"2023-07-30T16:56:52+00:00","dateModified":"2023-11-03T09:53:52+00:00","breadcrumb":{"@id":"https:\/\/abilica.com\/no\/treningsartikler\/styrke\/tren-hele-kroppen-med-abilica-equalizerbars\/#breadcrumb"},"inLanguage":"nb-NO","potentialAction":[{"@type":"ReadAction","target":["https:\/\/abilica.com\/no\/treningsartikler\/styrke\/tren-hele-kroppen-med-abilica-equalizerbars\/"]}]},{"@type":"BreadcrumbList","@id":"https:\/\/abilica.com\/no\/treningsartikler\/styrke\/tren-hele-kroppen-med-abilica-equalizerbars\/#breadcrumb","itemListElement":[{"@type":"ListItem","position":1,"name":"Hem","item":"https:\/\/abilica.com\/no\/"},{"@type":"ListItem","position":2,"name":"Treningsartikler","item":"https:\/\/abilica.com\/no\/treningsartikler\/"},{"@type":"ListItem","position":3,"name":"Treningstips innenfor styrke","item":"https:\/\/abilica.com\/no\/treningsartikler\/styrke\/"},{"@type":"ListItem","position":4,"name":"Tren hele kroppen med Abilica EqualizerBars"}]},{"@type":"WebSite","@id":"https:\/\/abilica.com\/#website","url":"https:\/\/abilica.com\/","name":"Abilica","description":"Abilica Home Training","potentialAction":[{"@type":"SearchAction","target":{"@type":"EntryPoint","urlTemplate":"https:\/\/abilica.com\/?s={search_term_string}"},"query-input":{"@type":"PropertyValueSpecification","valueRequired":true,"valueName":"search_term_string"}}],"inLanguage":"nb-NO"}]}},"_links":{"self":[{"href":"https:\/\/abilica.com\/no\/wp-json\/wp\/v2\/pages\/32174","targetHints":{"allow":["GET"]}}],"collection":[{"href":"https:\/\/abilica.com\/no\/wp-json\/wp\/v2\/pages"}],"about":[{"href":"https:\/\/abilica.com\/no\/wp-json\/wp\/v2\/types\/page"}],"author":[{"embeddable":true,"href":"https:\/\/abilica.com\/no\/wp-json\/wp\/v2\/users\/13"}],"replies":[{"embeddable":true,"href":"https:\/\/abilica.com\/no\/wp-json\/wp\/v2\/comments?post=32174"}],"version-history":[{"count":4,"href":"https:\/\/abilica.com\/no\/wp-json\/wp\/v2\/pages\/32174\/revisions"}],"predecessor-version":[{"id":66383,"href":"https:\/\/abilica.com\/no\/wp-json\/wp\/v2\/pages\/32174\/revisions\/66383"}],"up":[{"embeddable":true,"href":"https:\/\/abilica.com\/no\/wp-json\/wp\/v2\/pages\/32142"}],"wp:attachment":[{"href":"https:\/\/abilica.com\/no\/wp-json\/wp\/v2\/media?parent=32174"}],"curies":[{"name":"wp","href":"https:\/\/api.w.org\/{rel}","templated":true}]}}