{"id":32184,"date":"2023-07-30T17:58:43","date_gmt":"2023-07-30T16:58:43","guid":{"rendered":"https:\/\/abilica.com\/?page_id=32184"},"modified":"2023-11-03T10:54:56","modified_gmt":"2023-11-03T09:54:56","slug":"tren-sirkeltrening-hjemme","status":"publish","type":"page","link":"https:\/\/abilica.com\/no\/treningsartikler\/styrke\/tren-sirkeltrening-hjemme\/","title":{"rendered":"Tren sirkeltrening hjemme"},"content":{"rendered":"<div class=\"wpb-content-wrapper\"><p>[vc_row full_width=&raquo;stretch_row_content_no_spaces&raquo;][vc_column][vc_single_image image=&raquo;65309&#8243; img_size=&raquo;full&raquo; alignment=&raquo;center&raquo;][\/vc_column][\/vc_row][vc_row][vc_column][vc_column_text]<\/p>\n<h2>Tren sirkeltrening hjemme<\/h2>\n<p>[\/vc_column_text][vc_column_text]<\/p>\n<p style=\"text-align: justify;\">Den gode gamle sirkeltreningen er i vinden som aldri f\u00f8r. Mange\u00a0bruker sirkeltrening for \u00e5 komme seg i form og det gj\u00f8r de med rette! Med sirkeltrening f\u00e5r du egentlig det meste du trenger og du trener hele kroppen samtidig! Ved \u00e5 kj\u00f8re sirkeltrening f\u00e5r du h\u00f8yere fettforbrenning, \u00f8kt kondis, \u00f8kt styrke og mer muskelmasse. Du kan selv velge \u00f8velsene som gj\u00f8r at treningen blir variert\u00a0og spennende. Enten kan du velge \u00e5 kj\u00f8re hele kroppen under en \u00f8kt eller konsentrere deg p\u00e5 spesielle kroppsdeler eller omr\u00e5der hvis du vil det.<\/p>\n<p style=\"text-align: justify;\">N\u00e5r du setter opp en sirkeltrenings\u00f8kt er det viktig \u00e5 tenke p\u00e5 hvor lenge du vil holde p\u00e5 og hvor lenge pausene skal vare. Dette kommer an p\u00e5 hvordan du vil trene, om du vil trene veldig utholdende eller veldig eksplosivt. Det finnes mange fordeler med sirkeltrening. F\u00f8rst og fremst tar det kort tid fordi det foreg\u00e5r i h\u00f8yt tempo med stor belastning. Det blir litt som n\u00e5r du trener intervall p\u00e5 for eksempel tredem\u00f8lle. En annen ting er at du enkelt kan gj\u00f8re dette hjemme i egen stue hvis du bare har litt utstyr tilgjengelig. Sirkeltreningen kan ogs\u00e5 enkelt implementeres med resten styrketreningen slik at du f\u00e5r en helhetlig trening gjennom uka.<\/p>\n<p style=\"text-align: justify;\"><strong>ENKLE GRUNNREGLER N\u00c5R DU SKAL LAGE EN SIRKEL<br \/>\n<\/strong>\u2013 Mellom 5 og 10 \u00f8velser<br \/>\n\u2013 Korte pauser<br \/>\n\u2013 H\u00f8y intensitet<br \/>\n\u2013 30-45 sekunder arbeid<br \/>\n\u2013 Sirkelen repeteres 2-3 ganger etter eget \u00f8nske<\/p>\n<p style=\"text-align: justify;\"><strong>\u00d8VELSER<\/strong><br \/>\nDet finnes mange \u00f8velser som du kan\u00a0gj\u00f8re under en sirkeltenings\u00f8kt. Under ser dere flere videoer med v\u00e5r ambassad\u00f8r <a href=\"https:\/\/www.youtube.com\/channel\/UCTZXLXY2Sm-831jZBxE8muw\/videos\">Kristin Birkelund<\/a> der hun viser flere \u00f8velser som du kan gj\u00f8re. Vil du se flere videoer med Kristin kan du bes\u00f8ke hennes <a href=\"https:\/\/www.youtube.com\/channel\/UCTZXLXY2Sm-831jZBxE8muw\/videos\">YouTube-kanal.<\/a><\/p>\n<p>&nbsp;<\/p>\n<p><iframe loading=\"lazy\" title=\"SIRKELTRENING HJEMME | 01\" width=\"640\" height=\"360\" src=\"https:\/\/www.youtube.com\/embed\/58Vf6smSF48?wmode=transparent&amp;rel=0&amp;feature=oembed\" frameborder=\"0\" allow=\"accelerometer; autoplay; clipboard-write; encrypted-media; gyroscope; picture-in-picture; web-share\" referrerpolicy=\"strict-origin-when-cross-origin\" allowfullscreen><\/iframe><\/p>\n<p><iframe loading=\"lazy\" title=\"SIRKELTRENING HJEMME | 02\" width=\"640\" height=\"360\" src=\"https:\/\/www.youtube.com\/embed\/2Blqub-FTrc?wmode=transparent&amp;rel=0&amp;feature=oembed\" frameborder=\"0\" allow=\"accelerometer; autoplay; clipboard-write; encrypted-media; gyroscope; picture-in-picture; web-share\" referrerpolicy=\"strict-origin-when-cross-origin\" allowfullscreen><\/iframe><\/p>\n<p><iframe loading=\"lazy\" title=\"SIRKELTRENING HJEMME | 03\" width=\"640\" height=\"360\" src=\"https:\/\/www.youtube.com\/embed\/DKgYN7beyIk?wmode=transparent&amp;rel=0&amp;feature=oembed\" frameborder=\"0\" allow=\"accelerometer; autoplay; clipboard-write; encrypted-media; gyroscope; picture-in-picture; web-share\" referrerpolicy=\"strict-origin-when-cross-origin\" allowfullscreen><\/iframe><\/p>\n<p><iframe loading=\"lazy\" title=\"SIRKELTRENING HJEMME | 04\" width=\"640\" height=\"360\" src=\"https:\/\/www.youtube.com\/embed\/f9YNrGUuXLo?wmode=transparent&amp;rel=0&amp;feature=oembed\" frameborder=\"0\" allow=\"accelerometer; autoplay; clipboard-write; encrypted-media; gyroscope; picture-in-picture; web-share\" referrerpolicy=\"strict-origin-when-cross-origin\" allowfullscreen><\/iframe><\/p>\n<p><iframe loading=\"lazy\" title=\"SIRKELTRENING HJEMME | 05\" width=\"640\" height=\"360\" src=\"https:\/\/www.youtube.com\/embed\/AlTUrPr_JCM?wmode=transparent&amp;rel=0&amp;feature=oembed\" frameborder=\"0\" allow=\"accelerometer; autoplay; clipboard-write; encrypted-media; gyroscope; picture-in-picture; web-share\" referrerpolicy=\"strict-origin-when-cross-origin\" allowfullscreen><\/iframe><\/p>\n<p>&nbsp;<\/p>\n<p><strong>Lykke til med treningen!<\/strong>[\/vc_column_text][\/vc_column][\/vc_row][vc_row][vc_column][vc_single_image image=&raquo;65312&#8243; img_size=&raquo;full&raquo; alignment=&raquo;center&raquo;][\/vc_column][\/vc_row]<\/p>\n<\/div>","protected":false},"excerpt":{"rendered":"<p>[vc_row full_width=&raquo;stretch_row_content_no_spaces&raquo;][vc_column][vc_single_image image=&raquo;65309&#8243; img_size=&raquo;full&raquo; alignment=&raquo;center&raquo;][\/vc_column][\/vc_row][vc_row][vc_column][vc_column_text] Tren sirkeltrening hjemme [\/vc_column_text][vc_column_text] Den gode gamle sirkeltreningen er i&#8230;<\/p>\n","protected":false},"author":13,"featured_media":0,"parent":32142,"menu_order":0,"comment_status":"closed","ping_status":"closed","template":"","meta":{"_acf_changed":false,"footnotes":""},"class_list":["post-32184","page","type-page","status-publish","hentry"],"acf":[],"yoast_head":"<!-- This site is optimized with the Yoast SEO Premium plugin v21.1 (Yoast SEO v25.4) - https:\/\/yoast.com\/wordpress\/plugins\/seo\/ -->\n<title>Tren sirkeltrening hjemme &#8226; Abilica<\/title>\n<meta name=\"robots\" content=\"index, follow, max-snippet:-1, max-image-preview:large, max-video-preview:-1\" \/>\n<link rel=\"canonical\" href=\"https:\/\/abilica.com\/no\/treningsartikler\/styrke\/tren-sirkeltrening-hjemme\/\" \/>\n<meta property=\"og:locale\" content=\"nb_NO\" \/>\n<meta property=\"og:type\" content=\"article\" \/>\n<meta property=\"og:title\" content=\"Tren sirkeltrening hjemme\" \/>\n<meta property=\"og:description\" content=\"[vc_row full_width=&raquo;stretch_row_content_no_spaces&raquo;][vc_column][vc_single_image image=&raquo;65309&#8243; img_size=&raquo;full&raquo; alignment=&raquo;center&raquo;][\/vc_column][\/vc_row][vc_row][vc_column][vc_column_text] Tren sirkeltrening hjemme [\/vc_column_text][vc_column_text] Den gode gamle sirkeltreningen er i...\" \/>\n<meta property=\"og:url\" content=\"https:\/\/abilica.com\/no\/treningsartikler\/styrke\/tren-sirkeltrening-hjemme\/\" \/>\n<meta property=\"og:site_name\" content=\"Abilica\" \/>\n<meta property=\"article:publisher\" content=\"https:\/\/www.facebook.com\/abilicahometraining\/\" \/>\n<meta property=\"article:modified_time\" content=\"2023-11-03T09:54:56+00:00\" \/>\n<meta name=\"twitter:card\" content=\"summary_large_image\" \/>\n<meta name=\"twitter:label1\" content=\"Ansl. lesetid\" \/>\n\t<meta name=\"twitter:data1\" content=\"2 minutter\" \/>\n<script type=\"application\/ld+json\" class=\"yoast-schema-graph\">{\"@context\":\"https:\/\/schema.org\",\"@graph\":[{\"@type\":\"WebPage\",\"@id\":\"https:\/\/abilica.com\/no\/treningsartikler\/styrke\/tren-sirkeltrening-hjemme\/\",\"url\":\"https:\/\/abilica.com\/no\/treningsartikler\/styrke\/tren-sirkeltrening-hjemme\/\",\"name\":\"Tren sirkeltrening hjemme &#8226; Abilica\",\"isPartOf\":{\"@id\":\"https:\/\/abilica.com\/#website\"},\"datePublished\":\"2023-07-30T16:58:43+00:00\",\"dateModified\":\"2023-11-03T09:54:56+00:00\",\"breadcrumb\":{\"@id\":\"https:\/\/abilica.com\/no\/treningsartikler\/styrke\/tren-sirkeltrening-hjemme\/#breadcrumb\"},\"inLanguage\":\"nb-NO\",\"potentialAction\":[{\"@type\":\"ReadAction\",\"target\":[\"https:\/\/abilica.com\/no\/treningsartikler\/styrke\/tren-sirkeltrening-hjemme\/\"]}]},{\"@type\":\"BreadcrumbList\",\"@id\":\"https:\/\/abilica.com\/no\/treningsartikler\/styrke\/tren-sirkeltrening-hjemme\/#breadcrumb\",\"itemListElement\":[{\"@type\":\"ListItem\",\"position\":1,\"name\":\"Hem\",\"item\":\"https:\/\/abilica.com\/no\/\"},{\"@type\":\"ListItem\",\"position\":2,\"name\":\"Treningsartikler\",\"item\":\"https:\/\/abilica.com\/no\/treningsartikler\/\"},{\"@type\":\"ListItem\",\"position\":3,\"name\":\"Treningstips innenfor styrke\",\"item\":\"https:\/\/abilica.com\/no\/treningsartikler\/styrke\/\"},{\"@type\":\"ListItem\",\"position\":4,\"name\":\"Tren sirkeltrening hjemme\"}]},{\"@type\":\"WebSite\",\"@id\":\"https:\/\/abilica.com\/#website\",\"url\":\"https:\/\/abilica.com\/\",\"name\":\"Abilica\",\"description\":\"Abilica Home Training\",\"potentialAction\":[{\"@type\":\"SearchAction\",\"target\":{\"@type\":\"EntryPoint\",\"urlTemplate\":\"https:\/\/abilica.com\/?s={search_term_string}\"},\"query-input\":{\"@type\":\"PropertyValueSpecification\",\"valueRequired\":true,\"valueName\":\"search_term_string\"}}],\"inLanguage\":\"nb-NO\"}]}<\/script>\n<!-- \/ Yoast SEO Premium plugin. -->","yoast_head_json":{"title":"Tren sirkeltrening hjemme &#8226; Abilica","robots":{"index":"index","follow":"follow","max-snippet":"max-snippet:-1","max-image-preview":"max-image-preview:large","max-video-preview":"max-video-preview:-1"},"canonical":"https:\/\/abilica.com\/no\/treningsartikler\/styrke\/tren-sirkeltrening-hjemme\/","og_locale":"nb_NO","og_type":"article","og_title":"Tren sirkeltrening hjemme","og_description":"[vc_row full_width=&raquo;stretch_row_content_no_spaces&raquo;][vc_column][vc_single_image image=&raquo;65309&#8243; img_size=&raquo;full&raquo; alignment=&raquo;center&raquo;][\/vc_column][\/vc_row][vc_row][vc_column][vc_column_text] Tren sirkeltrening hjemme [\/vc_column_text][vc_column_text] Den gode gamle sirkeltreningen er i...","og_url":"https:\/\/abilica.com\/no\/treningsartikler\/styrke\/tren-sirkeltrening-hjemme\/","og_site_name":"Abilica","article_publisher":"https:\/\/www.facebook.com\/abilicahometraining\/","article_modified_time":"2023-11-03T09:54:56+00:00","twitter_card":"summary_large_image","twitter_misc":{"Ansl. lesetid":"2 minutter"},"schema":{"@context":"https:\/\/schema.org","@graph":[{"@type":"WebPage","@id":"https:\/\/abilica.com\/no\/treningsartikler\/styrke\/tren-sirkeltrening-hjemme\/","url":"https:\/\/abilica.com\/no\/treningsartikler\/styrke\/tren-sirkeltrening-hjemme\/","name":"Tren sirkeltrening hjemme &#8226; Abilica","isPartOf":{"@id":"https:\/\/abilica.com\/#website"},"datePublished":"2023-07-30T16:58:43+00:00","dateModified":"2023-11-03T09:54:56+00:00","breadcrumb":{"@id":"https:\/\/abilica.com\/no\/treningsartikler\/styrke\/tren-sirkeltrening-hjemme\/#breadcrumb"},"inLanguage":"nb-NO","potentialAction":[{"@type":"ReadAction","target":["https:\/\/abilica.com\/no\/treningsartikler\/styrke\/tren-sirkeltrening-hjemme\/"]}]},{"@type":"BreadcrumbList","@id":"https:\/\/abilica.com\/no\/treningsartikler\/styrke\/tren-sirkeltrening-hjemme\/#breadcrumb","itemListElement":[{"@type":"ListItem","position":1,"name":"Hem","item":"https:\/\/abilica.com\/no\/"},{"@type":"ListItem","position":2,"name":"Treningsartikler","item":"https:\/\/abilica.com\/no\/treningsartikler\/"},{"@type":"ListItem","position":3,"name":"Treningstips innenfor styrke","item":"https:\/\/abilica.com\/no\/treningsartikler\/styrke\/"},{"@type":"ListItem","position":4,"name":"Tren sirkeltrening hjemme"}]},{"@type":"WebSite","@id":"https:\/\/abilica.com\/#website","url":"https:\/\/abilica.com\/","name":"Abilica","description":"Abilica Home Training","potentialAction":[{"@type":"SearchAction","target":{"@type":"EntryPoint","urlTemplate":"https:\/\/abilica.com\/?s={search_term_string}"},"query-input":{"@type":"PropertyValueSpecification","valueRequired":true,"valueName":"search_term_string"}}],"inLanguage":"nb-NO"}]}},"_links":{"self":[{"href":"https:\/\/abilica.com\/no\/wp-json\/wp\/v2\/pages\/32184","targetHints":{"allow":["GET"]}}],"collection":[{"href":"https:\/\/abilica.com\/no\/wp-json\/wp\/v2\/pages"}],"about":[{"href":"https:\/\/abilica.com\/no\/wp-json\/wp\/v2\/types\/page"}],"author":[{"embeddable":true,"href":"https:\/\/abilica.com\/no\/wp-json\/wp\/v2\/users\/13"}],"replies":[{"embeddable":true,"href":"https:\/\/abilica.com\/no\/wp-json\/wp\/v2\/comments?post=32184"}],"version-history":[{"count":4,"href":"https:\/\/abilica.com\/no\/wp-json\/wp\/v2\/pages\/32184\/revisions"}],"predecessor-version":[{"id":66399,"href":"https:\/\/abilica.com\/no\/wp-json\/wp\/v2\/pages\/32184\/revisions\/66399"}],"up":[{"embeddable":true,"href":"https:\/\/abilica.com\/no\/wp-json\/wp\/v2\/pages\/32142"}],"wp:attachment":[{"href":"https:\/\/abilica.com\/no\/wp-json\/wp\/v2\/media?parent=32184"}],"curies":[{"name":"wp","href":"https:\/\/api.w.org\/{rel}","templated":true}]}}