{"id":32205,"date":"2023-07-30T18:05:29","date_gmt":"2023-07-30T17:05:29","guid":{"rendered":"https:\/\/abilica.com\/?page_id=32205"},"modified":"2023-07-30T18:05:29","modified_gmt":"2023-07-30T17:05:29","slug":"velg-riktig-underlagsmatte","status":"publish","type":"page","link":"https:\/\/abilica.com\/no\/treningsartikler\/styrke\/velg-riktig-underlagsmatte\/","title":{"rendered":"Velg riktig underlagsmatte"},"content":{"rendered":"<div class=\"wpb-content-wrapper\"><p>[vc_row full_width=&raquo;stretch_row_content_no_spaces&raquo;][vc_column][vc_single_image image=&raquo;40964&#8243; img_size=&raquo;full&raquo; alignment=&raquo;center&raquo;][\/vc_column][\/vc_row][vc_row][vc_column][vc_column_text]<\/p>\n<h2>Velg riktig underlagsmatte<\/h2>\n<p>[\/vc_column_text][vc_column_text el_class=&raquo;product-video&raquo;]<\/p>\n<div class=\"\" data-block=\"true\" data-editor=\"62lp0\" data-offset-key=\"83t44-0-0\">\n<div class=\"public-DraftStyleDefault-block public-DraftStyleDefault-ltr\" style=\"text-align: justify;\" data-offset-key=\"83t44-0-0\">\n<p><span data-offset-key=\"83t44-0-0\">Har du investert i treningsutstyr men er usikker p\u00e5 hvordan underlagsmatte som passer best til dine behov? Her finner du en samlet guide p\u00e5 alle underlagsmattene vi har \u00e5 velge mellom n\u00e5r du vurderer hvilken underlagsmatte som er riktig for deg.<\/span><\/p>\n<p>&nbsp;<\/p>\n<\/div>\n<\/div>\n<div data-offset-key=\"g5v4-0-0\">\n<div style=\"width: 640px;\" class=\"wp-video\"><!--[if lt IE 9]><script>document.createElement('video');<\/script><![endif]-->\n<video class=\"wp-video-shortcode\" id=\"video-32205-1\" width=\"640\" height=\"1138\" poster=\"https:\/\/abilica.com\/no\/wp-content\/uploads\/2022\/10\/Screenshot-1@2x.jpg\" preload=\"metadata\" controls=\"controls\"><source type=\"video\/mp4\" src=\"https:\/\/abilica.com\/no\/wp-content\/uploads\/2022\/10\/Hoka_Abilica_SoMe_Lopeokt-9-16_1.mp4?_=1\" \/><a href=\"https:\/\/abilica.com\/no\/wp-content\/uploads\/2022\/10\/Hoka_Abilica_SoMe_Lopeokt-9-16_1.mp4\">https:\/\/abilica.com\/no\/wp-content\/uploads\/2022\/10\/Hoka_Abilica_SoMe_Lopeokt-9-16_1.mp4<\/a><\/video><\/div>\n<\/div>\n<p>[\/vc_column_text][\/vc_column][\/vc_row][vc_row equal_height=&raquo;yes&raquo;][vc_column][vc_column_text]<\/p>\n<div class=\"\" data-block=\"true\" data-editor=\"62lp0\" data-offset-key=\"83t44-0-0\">\n<div class=\"public-DraftStyleDefault-block public-DraftStyleDefault-ltr\" style=\"text-align: justify;\" data-offset-key=\"83t44-0-0\">\n<div class=\"\" data-block=\"true\" data-editor=\"62lp0\" data-offset-key=\"95edg-0-0\">\n<p class=\"public-DraftStyleDefault-block public-DraftStyleDefault-ltr\" data-offset-key=\"95edg-0-0\"><strong>TRENINGSROM<br \/>\n<\/strong><span data-offset-key=\"8vesg-0-0\">Abilica MultiMat er et fleksibelt mattesystem som beskytter gulvet og demper lyden. \u2028Passer perfekt under kondisjonsapparater. Produsert i milj\u00f8vennlig EVA materiale som ogs\u00e5 er resirkulerbart. Gulvet er luktfritt og t\u00e5ler vann. Samme mykhet som Abilica FloorMats. Settet best\u00e5r av 6 ruter og 10 kanter som kan utvides med flere sett etter behov. Leveres i gr\u00e5 farge. Tykkelse 1 cm. St\u00f8rrelse pr. rute inklusive kanter: 60 x 60 cm. \u2028Total st\u00f8rrelse pr sett (6 ruter inklusive kanter): 120 x 180 cm.<\/span><\/p>\n<p>Abilica GymFloor ECO er et fleksibelt gulvsystem til bruk under alle typer treningsutstyr. Passer perfekt til ditt trimrom med b\u00e5de kondisjonsapparater, styrkeapparater, vektutstyr osv. Legges gjerne rett p\u00e5 betonggulv f.eks. i garasjen. Gulvet har meget h\u00f8y tettet, som gj\u00f8r det hardere enn Abilica MultiMat og FloorMats, og har ekstra lang holdbarbarhet. Produsert i milj\u00f8vennlig EVA materiale som ogs\u00e5 er resirkulerbart. Gulvet er luktfritt og t\u00e5ler vann. Settet best\u00e5r av 4 ruter og 8 kanter som kan utvides med flere sett etter behov. Leveres i sort farge. Tykkelse 1 cm. \u2028St\u00f8rrelse pr. rute inklusive kanter: 52 x 52 cm. \u2028Total st\u00f8rrelse pr sett (4 ruter inklusive kanter): 102 x 102 cm.<\/p>\n<\/div>\n<\/div>\n<\/div>\n<p>[\/vc_column_text][vc_row_inner][vc_column_inner width=&raquo;1\/2&#8243; offset=&raquo;vc_col-xs-6&#8243;][product_mod id=&raquo;24590&#8243;][\/vc_column_inner][vc_column_inner width=&raquo;1\/2&#8243; offset=&raquo;vc_col-xs-6&#8243;][product_mod id=&raquo;24584&#8243;][\/vc_column_inner][\/vc_row_inner][\/vc_column][\/vc_row][vc_row][vc_column][vc_single_image image=&raquo;40980&#8243; img_size=&raquo;full&raquo; alignment=&raquo;center&raquo;][\/vc_column][\/vc_row][vc_row equal_height=&raquo;yes&raquo;][vc_column][vc_column_text]<\/p>\n<div class=\"\" data-block=\"true\" data-editor=\"62lp0\" data-offset-key=\"83t44-0-0\">\n<div class=\"public-DraftStyleDefault-block public-DraftStyleDefault-ltr\" style=\"text-align: justify;\" data-offset-key=\"83t44-0-0\">\n<div class=\"\" data-block=\"true\" data-editor=\"62lp0\" data-offset-key=\"95edg-0-0\">\n<div class=\"public-DraftStyleDefault-block public-DraftStyleDefault-ltr\" data-offset-key=\"95edg-0-0\">\n<div class=\"\" data-block=\"true\" data-editor=\"62lp0\" data-offset-key=\"5ksso-0-0\">\n<p class=\"public-DraftStyleDefault-block public-DraftStyleDefault-ltr\" data-offset-key=\"5ksso-0-0\"><strong>TREDEM\u00d8LLE<br \/>\n<\/strong><span data-offset-key=\"bsvt-0-0\">Dette settet med Abilica FloorPads ECO er spesielt godt egnet for <\/span><span data-offset-key=\"bsvt-1-0\">t<\/span><span data-offset-key=\"bsvt-1-0\">redem\u00f8ller <\/span><span data-offset-key=\"bsvt-2-0\">da den rektangul\u00e6re formen dekker hjulenes bevegelse i forbindelse med justering av stigning. De kan selvf\u00f8lgelig ogs\u00e5 brukes p\u00e5 andre treningsapparater med 6 ben, store ben eller hjul som er i bevegelse. Brikkene har h\u00f8y tetthet, noe som gir de ekstra lang holdbarhet sammenlignet med andre underlagsmatter. De er produsert i milj\u00f8vennlig EVA materiale som ogs\u00e5 er resirkulerbart. Brikkene er luktfrie og t\u00e5ler vann. Settet best\u00e5r av 6 svarte brikker \u00e1 17 x 10 x 1 cm.<\/span><\/p>\n<p><span data-offset-key=\"65rjp-0-0\">Beskytt gulvet ditt under trening. Abilica FloorMats er en matte som passer under de fleste treningsmaskiner, som tredem\u00f8lle, trimsykkel og romaskiner. Matten bidrar ogs\u00e5 til \u00e5 dempe lyden under trening.\u00a0<\/span><span data-offset-key=\"8c5gh-0-0\">Large<\/span><span data-offset-key=\"8c5gh-0-1\"> passer til de fleste tredem\u00f8ller og st\u00f8rre treningsmaskiner. St\u00f8rrelse: 107 x 217 cm.<\/span><\/p>\n<\/div>\n<\/div>\n<\/div>\n<\/div>\n<\/div>\n<p>[\/vc_column_text][vc_row_inner][vc_column_inner width=&raquo;1\/2&#8243; offset=&raquo;vc_col-xs-6&#8243;][product_mod id=&raquo;40209&#8243;][\/vc_column_inner][vc_column_inner width=&raquo;1\/2&#8243; offset=&raquo;vc_col-xs-6&#8243;][product_mod id=&raquo;2227&#8243;][\/vc_column_inner][\/vc_row_inner][\/vc_column][\/vc_row][vc_row][vc_column][vc_single_image image=&raquo;41004&#8243; img_size=&raquo;full&raquo; alignment=&raquo;center&raquo;][\/vc_column][\/vc_row][vc_row][vc_column][vc_column_text]<\/p>\n<div class=\"\" data-block=\"true\" data-editor=\"62lp0\" data-offset-key=\"83t44-0-0\">\n<div class=\"public-DraftStyleDefault-block public-DraftStyleDefault-ltr\" style=\"text-align: justify;\" data-offset-key=\"83t44-0-0\">\n<div class=\"\" data-block=\"true\" data-editor=\"62lp0\" data-offset-key=\"95edg-0-0\">\n<div class=\"public-DraftStyleDefault-block public-DraftStyleDefault-ltr\" data-offset-key=\"95edg-0-0\">\n<div class=\"\" data-block=\"true\" data-editor=\"62lp0\" data-offset-key=\"5ksso-0-0\">\n<div class=\"public-DraftStyleDefault-block public-DraftStyleDefault-ltr\" data-offset-key=\"5ksso-0-0\">\n<div class=\"\" data-block=\"true\" data-editor=\"62lp0\" data-offset-key=\"444j0-0-0\">\n<p class=\"public-DraftStyleDefault-block public-DraftStyleDefault-ltr\" data-offset-key=\"444j0-0-0\"><strong>ROMASKIN<br \/>\n<\/strong>Beskytt gulvet ditt under trening. Abilica FloorMats er en matte som passer under de fleste treningsmaskiner, som tredem\u00f8lle, trimsykkel og romaskiner. Matten bidrar ogs\u00e5 til \u00e5 dempe lyden under trening.\u00a0<span data-offset-key=\"98cab-0-0\">Long<\/span><span data-offset-key=\"98cab-0-1\"> passer spesielt godt til romaskiner. St\u00f8rrelse: 80 x 250 cm.<\/span><\/p>\n<p><span data-offset-key=\"v2f5-0-1\">Abilica FloorPads passer perfekt for deg som \u00f8nsker \u00e5 beskytte underlaget uten \u00e5 legge <\/span><a class=\"DraftLinkAnchor \" href=\"https:\/\/abilica.com\/no\/abilica-gymfloor\/\" target=\"_blank\" rel=\"noopener noreferrer nofollow\"><span data-offset-key=\"v2f5-1-0\">Abilica GymFloor ECO<\/span><\/a><span data-offset-key=\"v2f5-2-0\">\/<\/span><a class=\"DraftLinkAnchor \" href=\"https:\/\/abilica.com\/no\/abilica-multimat\/\" target=\"_blank\" rel=\"noopener noreferrer nofollow\"><span data-offset-key=\"v2f5-3-0\">Abilica MultiMat ECO<\/span><\/a> <span data-offset-key=\"v2f5-4-1\">eller \u00e5 ha en st\u00f8rre underlagsmatte som <\/span><a class=\"DraftLinkAnchor \" href=\"https:\/\/abilica.com\/no\/abilica-floormats\/\" target=\"_blank\" rel=\"noopener noreferrer nofollow\"><span data-offset-key=\"v2f5-5-0\">Abilica FloorMats<\/span><\/a><span data-offset-key=\"v2f5-6-0\">. De er spesielt egnet under f\u00f8ttene p\u00e5 kondisjonsapparater som <\/span><a class=\"DraftLinkAnchor \" href=\"https:\/\/abilica.com\/no\/kondisjon\/trimsykkel\/\" target=\"_blank\" rel=\"noopener noreferrer nofollow\"><span data-offset-key=\"v2f5-7-0\">sykler<\/span><\/a><span data-offset-key=\"v2f5-8-0\"> og <\/span><a class=\"DraftLinkAnchor \" href=\"https:\/\/abilica.com\/no\/kondisjon\/ellipsemaskin\/\" target=\"_blank\" rel=\"noopener noreferrer nofollow\"><span data-offset-key=\"v2f5-9-0\">crosstrainers<\/span><\/a><span data-offset-key=\"v2f5-10-0\">,<\/span><span data-offset-key=\"v2f5-10-1\"> men kan ogs\u00e5 brukes under <\/span><a class=\"DraftLinkAnchor \" href=\"https:\/\/abilica.com\/no\/styrke\/treningsbenk\/\" target=\"_blank\" rel=\"noopener noreferrer nofollow\"><span data-offset-key=\"v2f5-11-0\">benker<\/span><\/a><span data-offset-key=\"v2f5-12-0\">, <\/span><a class=\"DraftLinkAnchor \" href=\"https:\/\/abilica.com\/no\/styrke\/cagerack\/\" target=\"_blank\" rel=\"noopener noreferrer nofollow\"><span data-offset-key=\"v2f5-13-0\">racks<\/span><\/a><span data-offset-key=\"v2f5-14-0\"> og annet treningsutstyr med 4 ben. Brikkene har h\u00f8y tetthet, noe som gir de ekstra lang holdbarhet sammenlignet med andre underlagsmatter. De er produsert i milj\u00f8vennlig EVA materiale som ogs\u00e5 er resirkulerbart. Brikkene er luktfrie og t\u00e5ler vann. Settet best\u00e5r av 4 svarte brikker \u00e1 10 x 10 x 1 cm.<\/span><\/p>\n<\/div>\n<\/div>\n<\/div>\n<\/div>\n<\/div>\n<\/div>\n<\/div>\n<p>[\/vc_column_text][vc_row_inner][vc_column_inner width=&raquo;1\/2&#8243; offset=&raquo;vc_col-xs-6&#8243;][product_mod id=&raquo;40210&#8243;][\/vc_column_inner][vc_column_inner width=&raquo;1\/2&#8243; offset=&raquo;vc_col-xs-6&#8243;][product_mod id=&raquo;2227&#8243;][\/vc_column_inner][\/vc_row_inner][\/vc_column][\/vc_row][vc_row][vc_column][vc_single_image image=&raquo;41003&#8243; img_size=&raquo;full&raquo; alignment=&raquo;center&raquo;][\/vc_column][\/vc_row][vc_row][vc_column][vc_column_text]<\/p>\n<div class=\"\" data-block=\"true\" data-editor=\"62lp0\" data-offset-key=\"83t44-0-0\">\n<div class=\"public-DraftStyleDefault-block public-DraftStyleDefault-ltr\" style=\"text-align: justify;\" data-offset-key=\"83t44-0-0\">\n<div class=\"\" data-block=\"true\" data-editor=\"62lp0\" data-offset-key=\"95edg-0-0\">\n<div class=\"public-DraftStyleDefault-block public-DraftStyleDefault-ltr\" data-offset-key=\"95edg-0-0\">\n<div class=\"\" data-block=\"true\" data-editor=\"62lp0\" data-offset-key=\"5ksso-0-0\">\n<div class=\"public-DraftStyleDefault-block public-DraftStyleDefault-ltr\" data-offset-key=\"5ksso-0-0\">\n<div class=\"\" data-block=\"true\" data-editor=\"62lp0\" data-offset-key=\"444j0-0-0\">\n<div class=\"public-DraftStyleDefault-block public-DraftStyleDefault-ltr\" data-offset-key=\"444j0-0-0\">\n<div class=\"\" data-block=\"true\" data-editor=\"62lp0\" data-offset-key=\"4c9nj-0-0\">\n<p class=\"public-DraftStyleDefault-block public-DraftStyleDefault-ltr\" data-offset-key=\"4c9nj-0-0\"><strong>SYKLER \/ ELLIPSEMASKIN<br \/>\n<\/strong>Beskytt gulvet ditt under trening. Abilica FloorMats er en matte som passer under de fleste treningsmaskiner, som tredem\u00f8lle, trimsykkel og romaskiner. Matten bidrar ogs\u00e5 til \u00e5 dempe lyden under trening.\u00a0<span data-offset-key=\"bv644-0-0\">Small<\/span><span data-offset-key=\"bv644-0-1\"> passer spesielt godt til sykler. St\u00f8rrelse: 80 x 250 cm.<\/span><\/p>\n<p><span data-offset-key=\"4h7fh-0-0\">Abilica FloorPads passer perfekt for deg som \u00f8nsker \u00e5 beskytte underlaget uten \u00e5 legge <\/span><a class=\"DraftLinkAnchor \" href=\"https:\/\/abilica.com\/no\/abilica-gymfloor\/\" target=\"_blank\" rel=\"noopener noreferrer nofollow\"><span data-offset-key=\"4h7fh-1-0\">Abilica GymFloor ECO<\/span><\/a><span data-offset-key=\"4h7fh-2-0\">\/<\/span><a class=\"DraftLinkAnchor \" href=\"https:\/\/abilica.com\/no\/abilica-multimat\/\" target=\"_blank\" rel=\"noopener noreferrer nofollow\"><span data-offset-key=\"4h7fh-3-0\">Abilica MultiMat ECO<\/span><\/a> <span data-offset-key=\"4h7fh-4-1\">eller \u00e5 ha en st\u00f8rre underlagsmatte som <\/span><a class=\"DraftLinkAnchor \" href=\"https:\/\/abilica.com\/no\/abilica-floormats\/\" target=\"_blank\" rel=\"noopener noreferrer nofollow\"><span data-offset-key=\"4h7fh-5-0\">Abilica FloorMats<\/span><\/a><span data-offset-key=\"4h7fh-6-0\">. De er spesielt egnet under f\u00f8ttene p\u00e5 kondisjonsapparater som <\/span><a class=\"DraftLinkAnchor \" href=\"https:\/\/abilica.com\/no\/kondisjon\/trimsykkel\/\" target=\"_blank\" rel=\"noopener noreferrer nofollow\"><span data-offset-key=\"4h7fh-7-0\">sykler<\/span><\/a><span data-offset-key=\"4h7fh-8-0\"> og <\/span><a class=\"DraftLinkAnchor \" href=\"https:\/\/abilica.com\/no\/kondisjon\/ellipsemaskin\/\" target=\"_blank\" rel=\"noopener noreferrer nofollow\"><span data-offset-key=\"4h7fh-9-0\">crosstrainers<\/span><\/a><span data-offset-key=\"4h7fh-10-0\">,<\/span><span data-offset-key=\"4h7fh-10-1\"> men kan ogs\u00e5 brukes under <\/span><a class=\"DraftLinkAnchor \" href=\"https:\/\/abilica.com\/no\/styrke\/treningsbenk\/\" target=\"_blank\" rel=\"noopener noreferrer nofollow\"><span data-offset-key=\"4h7fh-11-0\">benker<\/span><\/a><span data-offset-key=\"4h7fh-12-0\">, <\/span><a class=\"DraftLinkAnchor \" href=\"https:\/\/abilica.com\/no\/styrke\/cagerack\/\" target=\"_blank\" rel=\"noopener noreferrer nofollow\"><span data-offset-key=\"4h7fh-13-0\">racks<\/span><\/a><span data-offset-key=\"4h7fh-14-0\"> og annet treningsutstyr med 4 ben. Brikkene har h\u00f8y tetthet, noe som gir de ekstra lang holdbarhet sammenlignet med andre underlagsmatter. De er produsert i milj\u00f8vennlig EVA materiale som ogs\u00e5 er resirkulerbart. Brikkene er luktfrie og t\u00e5ler vann. Settet best\u00e5r av 4 svarte brikker \u00e1 10 x 10 x 1 cm.<\/span><\/p>\n<\/div>\n<\/div>\n<\/div>\n<\/div>\n<\/div>\n<\/div>\n<\/div>\n<\/div>\n<\/div>\n<p>[\/vc_column_text][vc_row_inner][vc_column_inner width=&raquo;1\/2&#8243; offset=&raquo;vc_col-xs-6&#8243;][product_mod id=&raquo;40210&#8243;][\/vc_column_inner][vc_column_inner width=&raquo;1\/2&#8243; offset=&raquo;vc_col-xs-6&#8243;][product_mod id=&raquo;2227&#8243;][\/vc_column_inner][\/vc_row_inner][\/vc_column][\/vc_row][vc_row full_width=&raquo;stretch_row_content_no_spaces&raquo; css=&raquo;.vc_custom_1666598760885{background-color: #e1d7c5 !important;}&raquo;][vc_column width=&raquo;1\/4&#8243;][\/vc_column][vc_column width=&raquo;1\/2&#8243;][vc_column_text]<\/p>\n<div class=\"\" data-block=\"true\" data-editor=\"62lp0\" data-offset-key=\"83t44-0-0\">\n<div class=\"public-DraftStyleDefault-block public-DraftStyleDefault-ltr\" style=\"text-align: justify;\" data-offset-key=\"83t44-0-0\">\n<div class=\"\" data-block=\"true\" data-editor=\"62lp0\" data-offset-key=\"95edg-0-0\">\n<div class=\"public-DraftStyleDefault-block public-DraftStyleDefault-ltr\" data-offset-key=\"95edg-0-0\">\n<div class=\"\" data-block=\"true\" data-editor=\"62lp0\" data-offset-key=\"5ksso-0-0\">\n<div class=\"public-DraftStyleDefault-block public-DraftStyleDefault-ltr\" data-offset-key=\"5ksso-0-0\">\n<div class=\"\" data-block=\"true\" data-editor=\"62lp0\" data-offset-key=\"444j0-0-0\">\n<div class=\"public-DraftStyleDefault-block public-DraftStyleDefault-ltr\" data-offset-key=\"444j0-0-0\">\n<div data-block=\"true\" data-editor=\"62lp0\" data-offset-key=\"4c9nj-0-0\">\n<p><img loading=\"lazy\" decoding=\"async\" class=\"alignnone wp-image-38205 aligncenter\" src=\"https:\/\/abilica.com\/no\/wp-content\/uploads\/2021\/06\/ECO-hvit.png\" alt=\"\" width=\"91\" height=\"91\" \/><\/p>\n<h2 style=\"text-align: center;\"><strong>ET B\u00c6REKRAFTIG VALG<br \/>\n<\/strong><strong><br \/>\n<\/strong><\/h2>\n<p style=\"text-align: center;\">Disse produktene er milj\u00f8vennlige og godkjent for det europeiske markedet. De inneholder INGEN giftige materialer!\u00a0Vi har flere treningsb\u00e5nd og yogamatter som er 100 % biologisk nedbrytbare. Hvis noe er biologisk nedbrytbart, vil det til slutt brytes ned til de grunnleggende komponentene og smelte sammen med jorden igjen. Det viktigste vi gj\u00f8r er \u00e5 fortsette \u00e5 lage treningsutstyr med milj\u00f8vennlige valg.<\/p>\n<\/div>\n<\/div>\n<\/div>\n<\/div>\n<\/div>\n<\/div>\n<\/div>\n<\/div>\n<\/div>\n<p>[\/vc_column_text][vc_single_image image=&raquo;41018&#8243; img_size=&raquo;medium&raquo; alignment=&raquo;center&raquo; onclick=&raquo;custom_link&raquo; link=&raquo;https:\/\/abilica.com\/no\/eco-friendly\/&raquo;][\/vc_column][vc_column width=&raquo;1\/4&#8243;][\/vc_column][\/vc_row]<\/p>\n<\/div>","protected":false},"excerpt":{"rendered":"<p>[vc_row full_width=&raquo;stretch_row_content_no_spaces&raquo;][vc_column][vc_single_image image=&raquo;40964&#8243; img_size=&raquo;full&raquo; alignment=&raquo;center&raquo;][\/vc_column][\/vc_row][vc_row][vc_column][vc_column_text] Velg riktig underlagsmatte [\/vc_column_text][vc_column_text el_class=&raquo;product-video&raquo;] Har du investert i treningsutstyr&#8230;<\/p>\n","protected":false},"author":13,"featured_media":0,"parent":32142,"menu_order":0,"comment_status":"closed","ping_status":"closed","template":"","meta":{"_acf_changed":false,"footnotes":""},"class_list":["post-32205","page","type-page","status-publish","hentry"],"acf":[],"yoast_head":"<!-- This site is optimized with the Yoast SEO Premium plugin v21.1 (Yoast SEO v25.4) - https:\/\/yoast.com\/wordpress\/plugins\/seo\/ -->\n<title>Velg riktig underlagsmatte &#8226; Abilica<\/title>\n<meta name=\"robots\" content=\"index, follow, max-snippet:-1, max-image-preview:large, max-video-preview:-1\" \/>\n<link rel=\"canonical\" href=\"https:\/\/abilica.com\/no\/treningsartikler\/styrke\/velg-riktig-underlagsmatte\/\" \/>\n<meta property=\"og:locale\" content=\"nb_NO\" \/>\n<meta property=\"og:type\" content=\"article\" \/>\n<meta property=\"og:title\" content=\"Velg riktig underlagsmatte\" \/>\n<meta property=\"og:description\" content=\"[vc_row full_width=&raquo;stretch_row_content_no_spaces&raquo;][vc_column][vc_single_image image=&raquo;40964&#8243; img_size=&raquo;full&raquo; alignment=&raquo;center&raquo;][\/vc_column][\/vc_row][vc_row][vc_column][vc_column_text] Velg riktig underlagsmatte [\/vc_column_text][vc_column_text el_class=&raquo;product-video&raquo;] Har du investert i treningsutstyr...\" \/>\n<meta property=\"og:url\" content=\"https:\/\/abilica.com\/no\/treningsartikler\/styrke\/velg-riktig-underlagsmatte\/\" \/>\n<meta property=\"og:site_name\" content=\"Abilica\" \/>\n<meta property=\"article:publisher\" content=\"https:\/\/www.facebook.com\/abilicahometraining\/\" \/>\n<meta property=\"og:image\" content=\"https:\/\/abilica.com\/no\/wp-content\/uploads\/2021\/06\/ECO-hvit.png\" \/>\n<meta name=\"twitter:card\" content=\"summary_large_image\" \/>\n<meta name=\"twitter:label1\" content=\"Ansl. lesetid\" \/>\n\t<meta name=\"twitter:data1\" content=\"5 minutter\" \/>\n<script type=\"application\/ld+json\" class=\"yoast-schema-graph\">{\"@context\":\"https:\/\/schema.org\",\"@graph\":[{\"@type\":\"WebPage\",\"@id\":\"https:\/\/abilica.com\/no\/treningsartikler\/styrke\/velg-riktig-underlagsmatte\/\",\"url\":\"https:\/\/abilica.com\/no\/treningsartikler\/styrke\/velg-riktig-underlagsmatte\/\",\"name\":\"Velg riktig underlagsmatte &#8226; Abilica\",\"isPartOf\":{\"@id\":\"https:\/\/abilica.com\/#website\"},\"primaryImageOfPage\":{\"@id\":\"https:\/\/abilica.com\/no\/treningsartikler\/styrke\/velg-riktig-underlagsmatte\/#primaryimage\"},\"image\":{\"@id\":\"https:\/\/abilica.com\/no\/treningsartikler\/styrke\/velg-riktig-underlagsmatte\/#primaryimage\"},\"thumbnailUrl\":\"https:\/\/abilica.com\/no\/wp-content\/uploads\/2021\/06\/ECO-hvit.png\",\"datePublished\":\"2023-07-30T17:05:29+00:00\",\"breadcrumb\":{\"@id\":\"https:\/\/abilica.com\/no\/treningsartikler\/styrke\/velg-riktig-underlagsmatte\/#breadcrumb\"},\"inLanguage\":\"nb-NO\",\"potentialAction\":[{\"@type\":\"ReadAction\",\"target\":[\"https:\/\/abilica.com\/no\/treningsartikler\/styrke\/velg-riktig-underlagsmatte\/\"]}]},{\"@type\":\"ImageObject\",\"inLanguage\":\"nb-NO\",\"@id\":\"https:\/\/abilica.com\/no\/treningsartikler\/styrke\/velg-riktig-underlagsmatte\/#primaryimage\",\"url\":\"https:\/\/abilica.com\/no\/wp-content\/uploads\/2021\/06\/ECO-hvit.png\",\"contentUrl\":\"https:\/\/abilica.com\/no\/wp-content\/uploads\/2021\/06\/ECO-hvit.png\"},{\"@type\":\"BreadcrumbList\",\"@id\":\"https:\/\/abilica.com\/no\/treningsartikler\/styrke\/velg-riktig-underlagsmatte\/#breadcrumb\",\"itemListElement\":[{\"@type\":\"ListItem\",\"position\":1,\"name\":\"Hem\",\"item\":\"https:\/\/abilica.com\/no\/\"},{\"@type\":\"ListItem\",\"position\":2,\"name\":\"Treningsartikler\",\"item\":\"https:\/\/abilica.com\/no\/treningsartikler\/\"},{\"@type\":\"ListItem\",\"position\":3,\"name\":\"Treningstips innenfor styrke\",\"item\":\"https:\/\/abilica.com\/no\/treningsartikler\/styrke\/\"},{\"@type\":\"ListItem\",\"position\":4,\"name\":\"Velg riktig underlagsmatte\"}]},{\"@type\":\"WebSite\",\"@id\":\"https:\/\/abilica.com\/#website\",\"url\":\"https:\/\/abilica.com\/\",\"name\":\"Abilica\",\"description\":\"Abilica Home Training\",\"potentialAction\":[{\"@type\":\"SearchAction\",\"target\":{\"@type\":\"EntryPoint\",\"urlTemplate\":\"https:\/\/abilica.com\/?s={search_term_string}\"},\"query-input\":{\"@type\":\"PropertyValueSpecification\",\"valueRequired\":true,\"valueName\":\"search_term_string\"}}],\"inLanguage\":\"nb-NO\"}]}<\/script>\n<!-- \/ Yoast SEO Premium plugin. -->","yoast_head_json":{"title":"Velg riktig underlagsmatte &#8226; Abilica","robots":{"index":"index","follow":"follow","max-snippet":"max-snippet:-1","max-image-preview":"max-image-preview:large","max-video-preview":"max-video-preview:-1"},"canonical":"https:\/\/abilica.com\/no\/treningsartikler\/styrke\/velg-riktig-underlagsmatte\/","og_locale":"nb_NO","og_type":"article","og_title":"Velg riktig underlagsmatte","og_description":"[vc_row full_width=&raquo;stretch_row_content_no_spaces&raquo;][vc_column][vc_single_image image=&raquo;40964&#8243; img_size=&raquo;full&raquo; alignment=&raquo;center&raquo;][\/vc_column][\/vc_row][vc_row][vc_column][vc_column_text] Velg riktig underlagsmatte [\/vc_column_text][vc_column_text el_class=&raquo;product-video&raquo;] Har du investert i treningsutstyr...","og_url":"https:\/\/abilica.com\/no\/treningsartikler\/styrke\/velg-riktig-underlagsmatte\/","og_site_name":"Abilica","article_publisher":"https:\/\/www.facebook.com\/abilicahometraining\/","og_image":[{"url":"https:\/\/abilica.com\/no\/wp-content\/uploads\/2021\/06\/ECO-hvit.png","type":"","width":"","height":""}],"twitter_card":"summary_large_image","twitter_misc":{"Ansl. lesetid":"5 minutter"},"schema":{"@context":"https:\/\/schema.org","@graph":[{"@type":"WebPage","@id":"https:\/\/abilica.com\/no\/treningsartikler\/styrke\/velg-riktig-underlagsmatte\/","url":"https:\/\/abilica.com\/no\/treningsartikler\/styrke\/velg-riktig-underlagsmatte\/","name":"Velg riktig underlagsmatte &#8226; Abilica","isPartOf":{"@id":"https:\/\/abilica.com\/#website"},"primaryImageOfPage":{"@id":"https:\/\/abilica.com\/no\/treningsartikler\/styrke\/velg-riktig-underlagsmatte\/#primaryimage"},"image":{"@id":"https:\/\/abilica.com\/no\/treningsartikler\/styrke\/velg-riktig-underlagsmatte\/#primaryimage"},"thumbnailUrl":"https:\/\/abilica.com\/no\/wp-content\/uploads\/2021\/06\/ECO-hvit.png","datePublished":"2023-07-30T17:05:29+00:00","breadcrumb":{"@id":"https:\/\/abilica.com\/no\/treningsartikler\/styrke\/velg-riktig-underlagsmatte\/#breadcrumb"},"inLanguage":"nb-NO","potentialAction":[{"@type":"ReadAction","target":["https:\/\/abilica.com\/no\/treningsartikler\/styrke\/velg-riktig-underlagsmatte\/"]}]},{"@type":"ImageObject","inLanguage":"nb-NO","@id":"https:\/\/abilica.com\/no\/treningsartikler\/styrke\/velg-riktig-underlagsmatte\/#primaryimage","url":"https:\/\/abilica.com\/no\/wp-content\/uploads\/2021\/06\/ECO-hvit.png","contentUrl":"https:\/\/abilica.com\/no\/wp-content\/uploads\/2021\/06\/ECO-hvit.png"},{"@type":"BreadcrumbList","@id":"https:\/\/abilica.com\/no\/treningsartikler\/styrke\/velg-riktig-underlagsmatte\/#breadcrumb","itemListElement":[{"@type":"ListItem","position":1,"name":"Hem","item":"https:\/\/abilica.com\/no\/"},{"@type":"ListItem","position":2,"name":"Treningsartikler","item":"https:\/\/abilica.com\/no\/treningsartikler\/"},{"@type":"ListItem","position":3,"name":"Treningstips innenfor styrke","item":"https:\/\/abilica.com\/no\/treningsartikler\/styrke\/"},{"@type":"ListItem","position":4,"name":"Velg riktig underlagsmatte"}]},{"@type":"WebSite","@id":"https:\/\/abilica.com\/#website","url":"https:\/\/abilica.com\/","name":"Abilica","description":"Abilica Home Training","potentialAction":[{"@type":"SearchAction","target":{"@type":"EntryPoint","urlTemplate":"https:\/\/abilica.com\/?s={search_term_string}"},"query-input":{"@type":"PropertyValueSpecification","valueRequired":true,"valueName":"search_term_string"}}],"inLanguage":"nb-NO"}]}},"_links":{"self":[{"href":"https:\/\/abilica.com\/no\/wp-json\/wp\/v2\/pages\/32205","targetHints":{"allow":["GET"]}}],"collection":[{"href":"https:\/\/abilica.com\/no\/wp-json\/wp\/v2\/pages"}],"about":[{"href":"https:\/\/abilica.com\/no\/wp-json\/wp\/v2\/types\/page"}],"author":[{"embeddable":true,"href":"https:\/\/abilica.com\/no\/wp-json\/wp\/v2\/users\/13"}],"replies":[{"embeddable":true,"href":"https:\/\/abilica.com\/no\/wp-json\/wp\/v2\/comments?post=32205"}],"version-history":[{"count":1,"href":"https:\/\/abilica.com\/no\/wp-json\/wp\/v2\/pages\/32205\/revisions"}],"predecessor-version":[{"id":32209,"href":"https:\/\/abilica.com\/no\/wp-json\/wp\/v2\/pages\/32205\/revisions\/32209"}],"up":[{"embeddable":true,"href":"https:\/\/abilica.com\/no\/wp-json\/wp\/v2\/pages\/32142"}],"wp:attachment":[{"href":"https:\/\/abilica.com\/no\/wp-json\/wp\/v2\/media?parent=32205"}],"curies":[{"name":"wp","href":"https:\/\/api.w.org\/{rel}","templated":true}]}}