{"id":32213,"date":"2023-07-30T18:08:15","date_gmt":"2023-07-30T17:08:15","guid":{"rendered":"https:\/\/abilica.com\/?page_id=32213"},"modified":"2023-11-03T10:56:44","modified_gmt":"2023-11-03T09:56:44","slug":"velg-riktig-yogamatte","status":"publish","type":"page","link":"https:\/\/abilica.com\/no\/velg-riktig-yogamatte\/","title":{"rendered":"Velg riktig yogamatte"},"content":{"rendered":"<div class=\"wpb-content-wrapper\"><p>[vc_row full_width=&raquo;stretch_row_content_no_spaces&raquo;][vc_column][vc_single_image image=&raquo;65347&#8243; img_size=&raquo;full&raquo; alignment=&raquo;center&raquo;][\/vc_column][\/vc_row][vc_row][vc_column][vc_column_text]<\/p>\n<h2>Velg riktig yogamatte<\/h2>\n<p>[\/vc_column_text][vc_column_text]<\/p>\n<p style=\"text-align: justify;\">En god yogamatte kan gj\u00f8re stor forskjell p\u00e5 en yogatime! B\u00e5de balanse, belastning og feste blir p\u00e5virket av matten du bruker. Opplever du at h\u00e5ndflatene sklir n\u00e5r du st\u00e5r i \u00abhund som ser ned\u00bb? Er det vanskelig \u00e5 holde balansen i \u00abtreet\u00bb? En god yogamatte kan hjelpe deg godt p\u00e5 vei her. Er yogamatten for tykk vil den gi et ustabilt underlag i balanse\u00f8velser og belaste h\u00e5ndleddene mer en n\u00f8dvendig i posisjoner der man balanserer p\u00e5 yogamatten. Og i en del yogaformer s\u00e5 gj\u00f8r man mye av det i l\u00f8pet av en yogatime. S\u00e5 <span style=\"text-decoration: underline;\"><a href=\"https:\/\/abilica.com\/no\/yoga\/yogamatte\/\" target=\"_blank\" rel=\"noopener\">velg din yogamatte<\/a><\/span> ut ifra hva slags yogastil som passer for deg.<\/p>\n<p>[\/vc_column_text][\/vc_column][\/vc_row][vc_row][vc_column][vc_single_image image=&raquo;65350&#8243; img_size=&raquo;full&raquo; alignment=&raquo;center&raquo;][\/vc_column][\/vc_row][vc_row][vc_column][vc_column_text]<\/p>\n<p style=\"text-align: justify;\">Vi har flere forskjellige yogamatter og hva som er den beste yogamatten for deg er veldig forskjellig fra person til person. Her kommer litt info p\u00e5 hver enkelt matte.<\/p>\n<p style=\"text-align: justify;\"><strong><span style=\"text-decoration: underline;\"><a href=\"https:\/\/abilica.com\/no\/yoga\/yogamatte\/abilica-yogamat\/\">Abilica YogaMat<\/a><\/span><br \/>\n<\/strong>\u2013 Produsert i PVC<br \/>\n\u2013 Tynn<br \/>\n\u2013 Blank overflate som blir glatt om man svetter p\u00e5 hender\/f\u00f8tter<br \/>\n\u2013 St\u00f8rrelse p\u00e5 173 x 61 cm og tykkelse p\u00e5 3.5 mm<\/p>\n<p style=\"text-align: justify;\"><strong><span style=\"text-decoration: underline;\"><a href=\"https:\/\/abilica.com\/no\/yoga\/yogamatte\/abilica-yogamat-breathe-eco\/\">Abilica YogaMat Breathe ECO<\/a><\/span><br \/>\n<\/strong>\u2013 Produsert i PER som er et milj\u00f8vennlig alternativ<br \/>\n\u2013 Tynn<br \/>\n\u2013 F\u00f8lger med b\u00e6restropp<br \/>\n\u2013 St\u00f8rrelse p\u00e5 175 x 61 cm og tykkelse p\u00e5 3 mm<\/p>\n<p style=\"text-align: justify;\"><strong><span style=\"text-decoration: underline;\"><a href=\"https:\/\/abilica.com\/no\/yoga\/abilica-yogamat-juteeco\/\">Abilica YogaMat Jute ECO<\/a><\/span><br \/>\n<\/strong>\u2013 Produsert i JUTE \/ PER<br \/>\n\u2013 Grov struktur med Jute p\u00e5 den ene siden og en myk glattere PER p\u00e5 den andre siden<br \/>\n\u2013 F\u00f8lger med b\u00e6restropp<br \/>\n\u2013 Kommer i to forskjellige farger<br \/>\n\u2013 St\u00f8rrelse p\u00e5 175 x 61 cm og tykkelse p\u00e5 4 mm<\/p>\n<p style=\"text-align: justify;\"><strong><span style=\"text-decoration: underline;\"><a href=\"https:\/\/abilica.com\/no\/yoga\/yogamatte\/abilica-eco-yogamat-2\/\">Abilica YogaMat ECO<\/a><\/span><br \/>\n<\/strong>\u2013 Produsert i TPE<br \/>\n\u2013 Tykkere<br \/>\n\u2013 Mer matt overflate og struktur, det vil si at den ikke er s\u00e5 glatt<br \/>\n\u2013 To-farget og ulike strukturer<br \/>\n\u2013 F\u00f8lger med b\u00e6restropp<br \/>\n\u2013 St\u00f8rrelse p\u00e5 175 x 61 cm og tykkelse p\u00e5 4 mm<\/p>\n<p><strong><span style=\"text-decoration: underline;\"><a href=\"https:\/\/abilica.com\/no\/yoga\/yogamatte\/abilica-yogamat-life-eco\/\">Abilica YogaMat Life ECO<\/a><\/span><br \/>\n<\/strong>\u2013 Yogamatten er produsert i samarbeid med Life Naturals, og innholder Life Naturals antimikrobielle teknologi<br \/>\n\u2013 Peppermynte gir matten en behagelig og mild duft<br \/>\n\u2013\u00a0To ulike strukturer og kan brukes p\u00e5 begge sider.<br \/>\n\u2013\u00a0V\u00e5r tykkeste yogamatte<br \/>\n\u2013 F\u00f8lger med b\u00e6restropp<br \/>\n\u2013 St\u00f8rrelse p\u00e5 183 x 61 cm og tykkelse p\u00e5 6 mm<\/p>\n<p style=\"text-align: justify;\"><strong>Lykke til med valget av yogamatte!<\/strong><\/p>\n<p>[\/vc_column_text][\/vc_column][\/vc_row][vc_row][vc_column][vc_single_image image=&raquo;65334&#8243; img_size=&raquo;full&raquo; alignment=&raquo;center&raquo;][\/vc_column][\/vc_row]<\/p>\n<\/div>","protected":false},"excerpt":{"rendered":"<p>[vc_row full_width=&raquo;stretch_row_content_no_spaces&raquo;][vc_column][vc_single_image image=&raquo;65347&#8243; img_size=&raquo;full&raquo; alignment=&raquo;center&raquo;][\/vc_column][\/vc_row][vc_row][vc_column][vc_column_text] Velg riktig yogamatte [\/vc_column_text][vc_column_text] En god yogamatte kan gj\u00f8re stor&#8230;<\/p>\n","protected":false},"author":13,"featured_media":0,"parent":0,"menu_order":0,"comment_status":"closed","ping_status":"closed","template":"","meta":{"_acf_changed":false,"footnotes":""},"class_list":["post-32213","page","type-page","status-publish","hentry"],"acf":[],"yoast_head":"<!-- This site is optimized with the Yoast SEO Premium plugin v21.1 (Yoast SEO v25.4) - https:\/\/yoast.com\/wordpress\/plugins\/seo\/ -->\n<title>Velg riktig yogamatte &#8226; Abilica<\/title>\n<meta name=\"robots\" content=\"index, follow, max-snippet:-1, max-image-preview:large, max-video-preview:-1\" \/>\n<link rel=\"canonical\" href=\"https:\/\/abilica.com\/no\/velg-riktig-yogamatte\/\" \/>\n<meta property=\"og:locale\" content=\"nb_NO\" \/>\n<meta property=\"og:type\" content=\"article\" \/>\n<meta property=\"og:title\" content=\"Velg riktig yogamatte\" \/>\n<meta property=\"og:description\" content=\"[vc_row full_width=&raquo;stretch_row_content_no_spaces&raquo;][vc_column][vc_single_image image=&raquo;65347&#8243; img_size=&raquo;full&raquo; alignment=&raquo;center&raquo;][\/vc_column][\/vc_row][vc_row][vc_column][vc_column_text] Velg riktig yogamatte [\/vc_column_text][vc_column_text] En god yogamatte kan gj\u00f8re stor...\" \/>\n<meta property=\"og:url\" content=\"https:\/\/abilica.com\/no\/velg-riktig-yogamatte\/\" \/>\n<meta property=\"og:site_name\" content=\"Abilica\" \/>\n<meta property=\"article:publisher\" content=\"https:\/\/www.facebook.com\/abilicahometraining\/\" \/>\n<meta property=\"article:modified_time\" content=\"2023-11-03T09:56:44+00:00\" \/>\n<meta name=\"twitter:card\" content=\"summary_large_image\" \/>\n<meta name=\"twitter:label1\" content=\"Ansl. lesetid\" \/>\n\t<meta name=\"twitter:data1\" content=\"2 minutter\" \/>\n<script type=\"application\/ld+json\" class=\"yoast-schema-graph\">{\"@context\":\"https:\/\/schema.org\",\"@graph\":[{\"@type\":\"WebPage\",\"@id\":\"https:\/\/abilica.com\/no\/velg-riktig-yogamatte\/\",\"url\":\"https:\/\/abilica.com\/no\/velg-riktig-yogamatte\/\",\"name\":\"Velg riktig yogamatte &#8226; Abilica\",\"isPartOf\":{\"@id\":\"https:\/\/abilica.com\/#website\"},\"datePublished\":\"2023-07-30T17:08:15+00:00\",\"dateModified\":\"2023-11-03T09:56:44+00:00\",\"breadcrumb\":{\"@id\":\"https:\/\/abilica.com\/no\/velg-riktig-yogamatte\/#breadcrumb\"},\"inLanguage\":\"nb-NO\",\"potentialAction\":[{\"@type\":\"ReadAction\",\"target\":[\"https:\/\/abilica.com\/no\/velg-riktig-yogamatte\/\"]}]},{\"@type\":\"BreadcrumbList\",\"@id\":\"https:\/\/abilica.com\/no\/velg-riktig-yogamatte\/#breadcrumb\",\"itemListElement\":[{\"@type\":\"ListItem\",\"position\":1,\"name\":\"Hem\",\"item\":\"https:\/\/abilica.com\/no\/\"},{\"@type\":\"ListItem\",\"position\":2,\"name\":\"Velg riktig yogamatte\"}]},{\"@type\":\"WebSite\",\"@id\":\"https:\/\/abilica.com\/#website\",\"url\":\"https:\/\/abilica.com\/\",\"name\":\"Abilica\",\"description\":\"Abilica Home Training\",\"potentialAction\":[{\"@type\":\"SearchAction\",\"target\":{\"@type\":\"EntryPoint\",\"urlTemplate\":\"https:\/\/abilica.com\/?s={search_term_string}\"},\"query-input\":{\"@type\":\"PropertyValueSpecification\",\"valueRequired\":true,\"valueName\":\"search_term_string\"}}],\"inLanguage\":\"nb-NO\"}]}<\/script>\n<!-- \/ Yoast SEO Premium plugin. -->","yoast_head_json":{"title":"Velg riktig yogamatte &#8226; Abilica","robots":{"index":"index","follow":"follow","max-snippet":"max-snippet:-1","max-image-preview":"max-image-preview:large","max-video-preview":"max-video-preview:-1"},"canonical":"https:\/\/abilica.com\/no\/velg-riktig-yogamatte\/","og_locale":"nb_NO","og_type":"article","og_title":"Velg riktig yogamatte","og_description":"[vc_row full_width=&raquo;stretch_row_content_no_spaces&raquo;][vc_column][vc_single_image image=&raquo;65347&#8243; img_size=&raquo;full&raquo; alignment=&raquo;center&raquo;][\/vc_column][\/vc_row][vc_row][vc_column][vc_column_text] Velg riktig yogamatte [\/vc_column_text][vc_column_text] En god yogamatte kan gj\u00f8re stor...","og_url":"https:\/\/abilica.com\/no\/velg-riktig-yogamatte\/","og_site_name":"Abilica","article_publisher":"https:\/\/www.facebook.com\/abilicahometraining\/","article_modified_time":"2023-11-03T09:56:44+00:00","twitter_card":"summary_large_image","twitter_misc":{"Ansl. lesetid":"2 minutter"},"schema":{"@context":"https:\/\/schema.org","@graph":[{"@type":"WebPage","@id":"https:\/\/abilica.com\/no\/velg-riktig-yogamatte\/","url":"https:\/\/abilica.com\/no\/velg-riktig-yogamatte\/","name":"Velg riktig yogamatte &#8226; Abilica","isPartOf":{"@id":"https:\/\/abilica.com\/#website"},"datePublished":"2023-07-30T17:08:15+00:00","dateModified":"2023-11-03T09:56:44+00:00","breadcrumb":{"@id":"https:\/\/abilica.com\/no\/velg-riktig-yogamatte\/#breadcrumb"},"inLanguage":"nb-NO","potentialAction":[{"@type":"ReadAction","target":["https:\/\/abilica.com\/no\/velg-riktig-yogamatte\/"]}]},{"@type":"BreadcrumbList","@id":"https:\/\/abilica.com\/no\/velg-riktig-yogamatte\/#breadcrumb","itemListElement":[{"@type":"ListItem","position":1,"name":"Hem","item":"https:\/\/abilica.com\/no\/"},{"@type":"ListItem","position":2,"name":"Velg riktig yogamatte"}]},{"@type":"WebSite","@id":"https:\/\/abilica.com\/#website","url":"https:\/\/abilica.com\/","name":"Abilica","description":"Abilica Home Training","potentialAction":[{"@type":"SearchAction","target":{"@type":"EntryPoint","urlTemplate":"https:\/\/abilica.com\/?s={search_term_string}"},"query-input":{"@type":"PropertyValueSpecification","valueRequired":true,"valueName":"search_term_string"}}],"inLanguage":"nb-NO"}]}},"_links":{"self":[{"href":"https:\/\/abilica.com\/no\/wp-json\/wp\/v2\/pages\/32213","targetHints":{"allow":["GET"]}}],"collection":[{"href":"https:\/\/abilica.com\/no\/wp-json\/wp\/v2\/pages"}],"about":[{"href":"https:\/\/abilica.com\/no\/wp-json\/wp\/v2\/types\/page"}],"author":[{"embeddable":true,"href":"https:\/\/abilica.com\/no\/wp-json\/wp\/v2\/users\/13"}],"replies":[{"embeddable":true,"href":"https:\/\/abilica.com\/no\/wp-json\/wp\/v2\/comments?post=32213"}],"version-history":[{"count":3,"href":"https:\/\/abilica.com\/no\/wp-json\/wp\/v2\/pages\/32213\/revisions"}],"predecessor-version":[{"id":66407,"href":"https:\/\/abilica.com\/no\/wp-json\/wp\/v2\/pages\/32213\/revisions\/66407"}],"wp:attachment":[{"href":"https:\/\/abilica.com\/no\/wp-json\/wp\/v2\/media?parent=32213"}],"curies":[{"name":"wp","href":"https:\/\/api.w.org\/{rel}","templated":true}]}}