{"id":32224,"date":"2023-07-30T18:11:47","date_gmt":"2023-07-30T17:11:47","guid":{"rendered":"https:\/\/abilica.com\/?page_id=32224"},"modified":"2023-07-30T18:11:47","modified_gmt":"2023-07-30T17:11:47","slug":"treningsprogram-til-abilica-balanceboard","status":"publish","type":"page","link":"https:\/\/abilica.com\/no\/treningsprogram\/treningsprogram-til-abilica-balanceboard\/","title":{"rendered":"Treningsprogram til Abilica BalanceBoard"},"content":{"rendered":"<div class=\"wpb-content-wrapper\"><p>[vc_row full_width=&raquo;stretch_row_content&raquo; full_height=&raquo;yes&raquo; columns_placement=&raquo;bottom&raquo; css=&raquo;.vc_custom_1492589006256{background-image: url(https:\/\/abilica.com\/no\/wp-content\/uploads\/2017\/04\/balanceboard12jpg-1.jpg?id=17456) !important;background-position: center !important;background-repeat: no-repeat !important;background-size: cover !important;}&raquo;][vc_column width=&raquo;1\/3&#8243;][\/vc_column][vc_column width=&raquo;1\/3&#8243;][vc_icon icon_fontawesome=&raquo;fa fa-angle-down&raquo; color=&raquo;white&raquo; size=&raquo;xl&raquo; align=&raquo;center&raquo;][\/vc_column][vc_column width=&raquo;1\/3&#8243;][\/vc_column][\/vc_row][vc_row][vc_column][vc_column_text]<\/p>\n<h2 style=\"text-align: left;\"><span style=\"color: #000000;\">Treningsprogram till Abilica\u00a0BalanceBoard<\/span><\/h2>\n<p style=\"text-align: left;\">Abilica BalanceBoard balansebrett gir\u00a0god balansetrening. \u00d8velser p\u00e5 balansebrettet gj\u00f8r at du styrker ankler og kn\u00e6r. Brettet kan ogs\u00e5 brukes\u00a0som styrketreningsprodukt for \u00e5 trene ben, sete og bryst.<\/p>\n<p>[\/vc_column_text][vc_empty_space][\/vc_column][\/vc_row][vc_row][vc_column][title text=&raquo;Kj\u00f8p BalanceBoard n\u00e5.&raquo; text_align=&raquo;left&raquo;][\/vc_column][\/vc_row][vc_row][vc_column width=&raquo;1\/2&#8243;][product_mod id=&raquo;2796&#8243;][\/vc_column][vc_column width=&raquo;1\/2&#8243;][\/vc_column][\/vc_row][vc_row][vc_column][vc_empty_space][vc_btn title=&raquo;Last ned treningsprogrammet i PDF&raquo; style=&raquo;flat&raquo; color=&raquo;black&raquo; i_icon_fontawesome=&raquo;fa fa-file-pdf-o&raquo; add_icon=&raquo;true&raquo; link=&raquo;url:https%3A%2F%2Fabilica.com\/no%2Fwp-content%2Fuploads%2F2017%2F02%2FAbilica-BalanceBoard.pdf||target:%20_blank|&raquo;][\/vc_column][\/vc_row][vc_row css=&raquo;.vc_custom_1492108997727{background-position: center !important;background-repeat: no-repeat !important;background-size: cover !important;}&raquo;][vc_column][vc_column_text]<\/p>\n<h2>1.<\/h2>\n<h2><strong>St\u00e5 p\u00e5 balansebrettet med et eller to ben<\/strong><\/h2>\n<p><strong>Antall repetisjoner:<\/strong>\u00a0Hold s\u00e5 lenge du klarer 3 ganger<br \/>\n<strong>Trener:<\/strong> Generell balanse.<\/p>\n<p>Start med begge f\u00f8ttene p\u00e5 blansebrettet og finn balansen. Dersom du synes det er for lett l\u00f8fter du opp den ene foten og st\u00e5r kun med et ben p\u00e5 balansebrettet.[\/vc_column_text][vc_single_image image=&raquo;17464&#8243; img_size=&raquo;full&raquo; alignment=&raquo;center&raquo;][\/vc_column][\/vc_row][vc_row][vc_column][vc_column_text]<\/p>\n<h2 style=\"text-align: left;\">2.<\/h2>\n<h2><strong>Utfall med benet bak<\/strong><\/h2>\n<p><strong>Antall repetisjoner:\u00a0<\/strong>12 x 3 p\u00e5 hvert ben<br \/>\n<strong>Trener:<\/strong>\u00a0Forside l\u00e5r og setemuskulatur<\/p>\n<p>St\u00e5 med det ene benet p\u00e5 brettet og sett det andre benet langt ut bak. B\u00f8y begge bena ned til 90 grader i kneleddene. Pass p\u00e5 at t\u00e6rne p\u00e5 det forreste benet alltid er foran kneet. Hold gjerne hendene i siden.[\/vc_column_text][vc_single_image image=&raquo;17468&#8243; img_size=&raquo;full&raquo; alignment=&raquo;center&raquo;][\/vc_column][\/vc_row][vc_row][vc_column][vc_column_text]<\/p>\n<h2 style=\"text-align: left;\">3.<\/h2>\n<h2><strong>Push ups\/armhevinger<\/strong><\/h2>\n<p><strong>Antall repetisjoner:\u00a0<\/strong>12 x 3, hvor du gj\u00f8r 6 repetisjoner med den ene armen p\u00e5 brettet f\u00f8r du bytter arm.<br \/>\n<strong>Trener:<\/strong>\u00a0Bryst og noe bakside armer og skuldre<\/p>\n<p>St\u00e5 med strak kropp med den ene h\u00e5nden p\u00e5 brettet (du kan gjerne gj\u00f8re \u00f8velsene p\u00e5 kn\u00e6rne om det er for tungt \u00e5 st\u00e5 med strak kropp). Ha begge hendene rett ut fra brystet, gjerne ganske bredt for \u00e5 f\u00e5 godt tak i brystmusklene. Beveg deg rolig ned til brystet nesten treffer gulvet og press deg s\u00e5 opp igjen.[\/vc_column_text][vc_single_image image=&raquo;17467&#8243; img_size=&raquo;full&raquo; alignment=&raquo;center&raquo;][\/vc_column][\/vc_row][vc_row full_width=&raquo;stretch_row_content&raquo; full_height=&raquo;yes&raquo; css=&raquo;.vc_custom_1493107806917{background-image: url(https:\/\/abilica.com\/no\/wp-content\/uploads\/2017\/04\/balanceboard4.jpg?id=17458) !important;background-position: center !important;background-repeat: no-repeat !important;background-size: cover !important;}&raquo;][vc_column][\/vc_column][\/vc_row][vc_row][vc_column][vc_column_text]<\/p>\n<h2 style=\"text-align: left;\">4.<\/h2>\n<h2><strong>Utfall med benet til siden<\/strong><\/h2>\n<p><strong>Antall repetisjoner:\u00a0<\/strong>12 x 3 p\u00e5 hvert ben<br \/>\n<strong>Trener:<\/strong>\u00a0Setemuskulatur og innside l\u00e5r, samt noe forside l\u00e5r<\/p>\n<p>St\u00e5 med det ene benet p\u00e5 brettet og sett det andre benet ut til siden. Jo lengre ut til siden du har benet, jo mer vil det ta p\u00e5 innsiden av l\u00e5ret. Legg tyngden tilbake p\u00e5 h\u00e6lene og skyv setet ut bak. Strekk armene ut foran deg og sett deg ned s\u00e5 langt du klarer.[\/vc_column_text][vc_single_image image=&raquo;17486&#8243; img_size=&raquo;full&raquo; alignment=&raquo;center&raquo;][\/vc_column][\/vc_row][vc_row][vc_column][vc_column_text]<\/p>\n<h2 style=\"text-align: left;\">5.<\/h2>\n<h2><strong>Kneb\u00f8y<\/strong><\/h2>\n<p><strong>Antall repetisjoner:\u00a0<\/strong>12 x 3<br \/>\n<strong>Trener:<\/strong>\u00a0Forside l\u00e5r og setemuskulatur<\/p>\n<p>St\u00e5 med begge f\u00f8ttene opp\u00e5 brettet med s\u00e5 bred avstand mellom bena som du klarer. Legg tyngden tilbake p\u00e5 h\u00e6lene, skyv setet ut bak, strekk armene ut foran deg og sett deg ned s\u00e5 langt du klarer.\u00a0N\u00e5r \u00f8velsene blir for enkle for deg kan du gj\u00f8re det samme p\u00e5 et ben av gangen, 12*3 repetisjoner p\u00e5 hvert ben.[\/vc_column_text][vc_single_image image=&raquo;17466&#8243; img_size=&raquo;full&raquo; alignment=&raquo;center&raquo;][\/vc_column][\/vc_row][vc_row][vc_column][vc_column_text]<\/p>\n<h2 style=\"text-align: left;\">6.<\/h2>\n<h2>Flyveren<\/h2>\n<p><strong>Antall repetisjoner:\u00a0<\/strong>12 x 3 p\u00e5 hvert ben<br \/>\n<strong>Trener:<\/strong>\u00a0Kjernemuskulaturen i mage og rygg<\/p>\n<p>St\u00e5 med det ene beinet opp\u00e5 brettet og strekk det andre ut bak deg. Tipp overkroppen fremover. Varier gjerne med \u00e5 ha armene langs siden, fremover, ut til siden og ned mot gulvet.[\/vc_column_text][vc_single_image image=&raquo;17465&#8243; img_size=&raquo;full&raquo; alignment=&raquo;center&raquo;][vc_empty_space height=&raquo;60px&raquo;][\/vc_column][\/vc_row][vc_row full_width=&raquo;stretch_row_content&raquo; css=&raquo;.vc_custom_1494846685673{background-color: #ff7d00 !important;}&raquo;][vc_column][title text=&raquo;Kj\u00f8p ditt Abilica BalanceBoard n\u00e5.&raquo; tag=&raquo;h2&#8243; color=&raquo;#ffffff&raquo; text_align=&raquo;center&raquo;][vc_empty_space][\/vc_column][\/vc_row][vc_row][vc_column width=&raquo;1\/4&#8243;][\/vc_column][vc_column width=&raquo;1\/2&#8243;][product_mod id=&raquo;2796&#8243;][vc_empty_space][\/vc_column][vc_column width=&raquo;1\/4&#8243;][\/vc_column][\/vc_row][vc_row full_width=&raquo;stretch_row_content&raquo; full_height=&raquo;yes&raquo; css=&raquo;.vc_custom_1492588888229{background-image: url(https:\/\/abilica.com\/no\/wp-content\/uploads\/2017\/04\/balanceboard1.jpg?id=17451) !important;background-position: center !important;background-repeat: no-repeat !important;background-size: cover !important;}&raquo;][vc_column][\/vc_column][\/vc_row]<\/p>\n<\/div>","protected":false},"excerpt":{"rendered":"<p>[vc_row full_width=&raquo;stretch_row_content&raquo; full_height=&raquo;yes&raquo; columns_placement=&raquo;bottom&raquo; css=&raquo;.vc_custom_1492589006256{background-image: url(https:\/\/abilica.com\/no\/wp-content\/uploads\/2017\/04\/balanceboard12jpg-1.jpg?id=17456) !important;background-position: center !important;background-repeat: no-repeat !important;background-size: cover !important;}&raquo;][vc_column width=&raquo;1\/3&#8243;][\/vc_column][vc_column width=&raquo;1\/3&#8243;][vc_icon&#8230;<\/p>\n","protected":false},"author":13,"featured_media":0,"parent":32218,"menu_order":0,"comment_status":"closed","ping_status":"closed","template":"","meta":{"_acf_changed":false,"footnotes":""},"class_list":["post-32224","page","type-page","status-publish","hentry"],"acf":[],"yoast_head":"<!-- This site is optimized with the Yoast SEO Premium plugin v21.1 (Yoast SEO v25.4) - https:\/\/yoast.com\/wordpress\/plugins\/seo\/ -->\n<title>Treningsprogram til Abilica BalanceBoard &#8226; Abilica<\/title>\n<meta name=\"robots\" content=\"index, follow, max-snippet:-1, max-image-preview:large, max-video-preview:-1\" \/>\n<link rel=\"canonical\" href=\"https:\/\/abilica.com\/no\/treningsprogram\/treningsprogram-til-abilica-balanceboard\/\" \/>\n<meta property=\"og:locale\" content=\"nb_NO\" \/>\n<meta property=\"og:type\" content=\"article\" \/>\n<meta property=\"og:title\" content=\"Treningsprogram til Abilica BalanceBoard\" \/>\n<meta property=\"og:description\" content=\"[vc_row full_width=&raquo;stretch_row_content&raquo; full_height=&raquo;yes&raquo; columns_placement=&raquo;bottom&raquo; css=&raquo;.vc_custom_1492589006256{background-image: url(https:\/\/abilica.com\/no\/wp-content\/uploads\/2017\/04\/balanceboard12jpg-1.jpg?id=17456) !important;background-position: center !important;background-repeat: no-repeat !important;background-size: cover !important;}&raquo;][vc_column width=&raquo;1\/3&#8243;][\/vc_column][vc_column width=&raquo;1\/3&#8243;][vc_icon...\" \/>\n<meta property=\"og:url\" content=\"https:\/\/abilica.com\/no\/treningsprogram\/treningsprogram-til-abilica-balanceboard\/\" \/>\n<meta property=\"og:site_name\" content=\"Abilica\" \/>\n<meta property=\"article:publisher\" content=\"https:\/\/www.facebook.com\/abilicahometraining\/\" \/>\n<meta name=\"twitter:card\" content=\"summary_large_image\" \/>\n<meta name=\"twitter:label1\" content=\"Ansl. lesetid\" \/>\n\t<meta name=\"twitter:data1\" content=\"4 minutter\" \/>\n<script type=\"application\/ld+json\" class=\"yoast-schema-graph\">{\"@context\":\"https:\/\/schema.org\",\"@graph\":[{\"@type\":\"WebPage\",\"@id\":\"https:\/\/abilica.com\/no\/treningsprogram\/treningsprogram-til-abilica-balanceboard\/\",\"url\":\"https:\/\/abilica.com\/no\/treningsprogram\/treningsprogram-til-abilica-balanceboard\/\",\"name\":\"Treningsprogram til Abilica BalanceBoard &#8226; Abilica\",\"isPartOf\":{\"@id\":\"https:\/\/abilica.com\/#website\"},\"datePublished\":\"2023-07-30T17:11:47+00:00\",\"breadcrumb\":{\"@id\":\"https:\/\/abilica.com\/no\/treningsprogram\/treningsprogram-til-abilica-balanceboard\/#breadcrumb\"},\"inLanguage\":\"nb-NO\",\"potentialAction\":[{\"@type\":\"ReadAction\",\"target\":[\"https:\/\/abilica.com\/no\/treningsprogram\/treningsprogram-til-abilica-balanceboard\/\"]}]},{\"@type\":\"BreadcrumbList\",\"@id\":\"https:\/\/abilica.com\/no\/treningsprogram\/treningsprogram-til-abilica-balanceboard\/#breadcrumb\",\"itemListElement\":[{\"@type\":\"ListItem\",\"position\":1,\"name\":\"Hem\",\"item\":\"https:\/\/abilica.com\/no\/\"},{\"@type\":\"ListItem\",\"position\":2,\"name\":\"Treningsprogram\",\"item\":\"https:\/\/abilica.com\/no\/treningsprogram\/\"},{\"@type\":\"ListItem\",\"position\":3,\"name\":\"Treningsprogram til Abilica BalanceBoard\"}]},{\"@type\":\"WebSite\",\"@id\":\"https:\/\/abilica.com\/#website\",\"url\":\"https:\/\/abilica.com\/\",\"name\":\"Abilica\",\"description\":\"Abilica Home Training\",\"potentialAction\":[{\"@type\":\"SearchAction\",\"target\":{\"@type\":\"EntryPoint\",\"urlTemplate\":\"https:\/\/abilica.com\/?s={search_term_string}\"},\"query-input\":{\"@type\":\"PropertyValueSpecification\",\"valueRequired\":true,\"valueName\":\"search_term_string\"}}],\"inLanguage\":\"nb-NO\"}]}<\/script>\n<!-- \/ Yoast SEO Premium plugin. -->","yoast_head_json":{"title":"Treningsprogram til Abilica BalanceBoard &#8226; Abilica","robots":{"index":"index","follow":"follow","max-snippet":"max-snippet:-1","max-image-preview":"max-image-preview:large","max-video-preview":"max-video-preview:-1"},"canonical":"https:\/\/abilica.com\/no\/treningsprogram\/treningsprogram-til-abilica-balanceboard\/","og_locale":"nb_NO","og_type":"article","og_title":"Treningsprogram til Abilica BalanceBoard","og_description":"[vc_row full_width=&raquo;stretch_row_content&raquo; full_height=&raquo;yes&raquo; columns_placement=&raquo;bottom&raquo; css=&raquo;.vc_custom_1492589006256{background-image: url(https:\/\/abilica.com\/no\/wp-content\/uploads\/2017\/04\/balanceboard12jpg-1.jpg?id=17456) !important;background-position: center !important;background-repeat: no-repeat !important;background-size: cover !important;}&raquo;][vc_column width=&raquo;1\/3&#8243;][\/vc_column][vc_column width=&raquo;1\/3&#8243;][vc_icon...","og_url":"https:\/\/abilica.com\/no\/treningsprogram\/treningsprogram-til-abilica-balanceboard\/","og_site_name":"Abilica","article_publisher":"https:\/\/www.facebook.com\/abilicahometraining\/","twitter_card":"summary_large_image","twitter_misc":{"Ansl. lesetid":"4 minutter"},"schema":{"@context":"https:\/\/schema.org","@graph":[{"@type":"WebPage","@id":"https:\/\/abilica.com\/no\/treningsprogram\/treningsprogram-til-abilica-balanceboard\/","url":"https:\/\/abilica.com\/no\/treningsprogram\/treningsprogram-til-abilica-balanceboard\/","name":"Treningsprogram til Abilica BalanceBoard &#8226; Abilica","isPartOf":{"@id":"https:\/\/abilica.com\/#website"},"datePublished":"2023-07-30T17:11:47+00:00","breadcrumb":{"@id":"https:\/\/abilica.com\/no\/treningsprogram\/treningsprogram-til-abilica-balanceboard\/#breadcrumb"},"inLanguage":"nb-NO","potentialAction":[{"@type":"ReadAction","target":["https:\/\/abilica.com\/no\/treningsprogram\/treningsprogram-til-abilica-balanceboard\/"]}]},{"@type":"BreadcrumbList","@id":"https:\/\/abilica.com\/no\/treningsprogram\/treningsprogram-til-abilica-balanceboard\/#breadcrumb","itemListElement":[{"@type":"ListItem","position":1,"name":"Hem","item":"https:\/\/abilica.com\/no\/"},{"@type":"ListItem","position":2,"name":"Treningsprogram","item":"https:\/\/abilica.com\/no\/treningsprogram\/"},{"@type":"ListItem","position":3,"name":"Treningsprogram til Abilica BalanceBoard"}]},{"@type":"WebSite","@id":"https:\/\/abilica.com\/#website","url":"https:\/\/abilica.com\/","name":"Abilica","description":"Abilica Home Training","potentialAction":[{"@type":"SearchAction","target":{"@type":"EntryPoint","urlTemplate":"https:\/\/abilica.com\/?s={search_term_string}"},"query-input":{"@type":"PropertyValueSpecification","valueRequired":true,"valueName":"search_term_string"}}],"inLanguage":"nb-NO"}]}},"_links":{"self":[{"href":"https:\/\/abilica.com\/no\/wp-json\/wp\/v2\/pages\/32224","targetHints":{"allow":["GET"]}}],"collection":[{"href":"https:\/\/abilica.com\/no\/wp-json\/wp\/v2\/pages"}],"about":[{"href":"https:\/\/abilica.com\/no\/wp-json\/wp\/v2\/types\/page"}],"author":[{"embeddable":true,"href":"https:\/\/abilica.com\/no\/wp-json\/wp\/v2\/users\/13"}],"replies":[{"embeddable":true,"href":"https:\/\/abilica.com\/no\/wp-json\/wp\/v2\/comments?post=32224"}],"version-history":[{"count":1,"href":"https:\/\/abilica.com\/no\/wp-json\/wp\/v2\/pages\/32224\/revisions"}],"predecessor-version":[{"id":32234,"href":"https:\/\/abilica.com\/no\/wp-json\/wp\/v2\/pages\/32224\/revisions\/32234"}],"up":[{"embeddable":true,"href":"https:\/\/abilica.com\/no\/wp-json\/wp\/v2\/pages\/32218"}],"wp:attachment":[{"href":"https:\/\/abilica.com\/no\/wp-json\/wp\/v2\/media?parent=32224"}],"curies":[{"name":"wp","href":"https:\/\/api.w.org\/{rel}","templated":true}]}}