{"id":32225,"date":"2023-07-30T18:12:24","date_gmt":"2023-07-30T17:12:24","guid":{"rendered":"https:\/\/abilica.com\/?page_id=32225"},"modified":"2023-07-30T18:12:24","modified_gmt":"2023-07-30T17:12:24","slug":"treningsprogram-til-abilica-bigbalance","status":"publish","type":"page","link":"https:\/\/abilica.com\/no\/treningsprogram\/treningsprogram-til-abilica-bigbalance\/","title":{"rendered":"Treningsprogram til Abilica BigBalance"},"content":{"rendered":"<div class=\"wpb-content-wrapper\"><p>[vc_row full_width=&raquo;stretch_row_content&raquo; full_height=&raquo;yes&raquo; columns_placement=&raquo;bottom&raquo; css=&raquo;.vc_custom_1492602651049{background-image: url(https:\/\/abilica.com\/no\/wp-content\/uploads\/2017\/04\/bigbalance2.jpg?id=17474) !important;background-position: center !important;background-repeat: no-repeat !important;background-size: cover !important;}&raquo;][vc_column width=&raquo;1\/3&#8243;][\/vc_column][vc_column width=&raquo;1\/3&#8243;][vc_icon icon_fontawesome=&raquo;fa fa-angle-down&raquo; color=&raquo;white&raquo; size=&raquo;xl&raquo; align=&raquo;center&raquo;][\/vc_column][vc_column width=&raquo;1\/3&#8243;][\/vc_column][\/vc_row][vc_row][vc_column][vc_column_text]<\/p>\n<h2 style=\"text-align: left;\"><span style=\"color: #000000;\">Treningsprogram till Abilica\u00a0BigBalance<\/span><\/h2>\n<p>Abilica BigBalance balansepute gir effektiv trening av balansen, og kan fint kombineres med andre produkter for \u00e5 \u00f8ke aktiviseringen av kjernemuskulatur, f. eks ved bruk av slynge.[\/vc_column_text][vc_empty_space][\/vc_column][\/vc_row][vc_row][vc_column][title text=&raquo;Kj\u00f8p BigBalance n\u00e5.&raquo; text_align=&raquo;left&raquo;][\/vc_column][\/vc_row][vc_row][vc_column width=&raquo;1\/2&#8243;][product_mod id=&raquo;30265&#8243;][\/vc_column][vc_column width=&raquo;1\/2&#8243;][\/vc_column][\/vc_row][vc_row][vc_column][vc_empty_space][vc_btn title=&raquo;Last ned treningsprogrammet i PDF&raquo; style=&raquo;flat&raquo; color=&raquo;black&raquo; i_icon_fontawesome=&raquo;fa fa-file-pdf-o&raquo; add_icon=&raquo;true&raquo; link=&raquo;url:https%3A%2F%2Fabilica.com\/no%2Fwp-content%2Fuploads%2F2017%2F02%2FAbilica-BigBalance.pdf||target:%20_blank|&raquo;][\/vc_column][\/vc_row][vc_row css=&raquo;.vc_custom_1492108997727{background-position: center !important;background-repeat: no-repeat !important;background-size: cover !important;}&raquo;][vc_column][vc_column_text]<\/p>\n<h2 style=\"text-align: left;\">1.<\/h2>\n<h2><strong>1-fots balanse<\/strong><\/h2>\n<p><strong>Antall repetisjoner:<\/strong>\u00a03 serier x 1 min per fot<br \/>\n<strong>Trener:<\/strong> Generell balanse.<\/p>\n<p>Still deg midt p\u00e5 opp\u00e5 BigBalance. Stram kjernemuskulaturen og bruk hendene til \u00e5 holde balansen\/opprettholde holdningen. Lek og utfordre balansen din ved \u00e5 lukke et \u00f8ye, hold armene inntil kroppen og armene bak hodet.[\/vc_column_text][vc_single_image image=&raquo;17517&#8243; img_size=&raquo;full&raquo; alignment=&raquo;center&raquo;][\/vc_column][\/vc_row][vc_row][vc_column][vc_column_text]<\/p>\n<h2 style=\"text-align: left;\">\u00a02.<\/h2>\n<h2><strong>Kneb\u00f8y<\/strong><\/h2>\n<p><strong>Antall repetisjoner:\u00a0<\/strong>3 x 15<br \/>\n<strong>Trener:<\/strong>\u00a0L\u00e5r og sete<\/p>\n<p>Still deg med hoftebreddes avstand mellom beina p\u00e5 BigBalance. Hold hendene foran kroppen gjennom hele bevegelsen. B\u00f8y i kn\u00e6rne, sett deg rolig ned, med sete bakover og ryggen rett. Pass p\u00e5 at kn\u00e6rne ikke passerer foran t\u00e6rne. Senk deg ned til hoften er p\u00e5 h\u00f8yde med kn\u00e6rne og reis deg rolig opp igjen. Hold pusten p\u00e5 vei ned og pust rolig n\u00e5r du l\u00f8fter deg opp.[\/vc_column_text][vc_single_image image=&raquo;17511&#8243; img_size=&raquo;full&raquo; alignment=&raquo;center&raquo;][\/vc_column][\/vc_row][vc_row][vc_column][vc_column_text]<\/p>\n<h2 style=\"text-align: left;\">3.<\/h2>\n<h2><strong>1-fots kneb\u00f8y<\/strong><\/h2>\n<p><strong>Antall repetisjoner:\u00a0<\/strong>3 x 10 repetisjoner per fot<br \/>\n<strong>Trener:<\/strong>\u00a0L\u00e5r og sete<\/p>\n<p>Still deg midt p\u00e5 BigBalance med en fot. Bruk hendene til \u00e5 holde balansen gjennom hele bevegelsen. B\u00f8y i kneet, sett deg rolig ned med sete bakover, b\u00f8y overkroppen fremover og senk deg ned til hoften er p\u00e5 h\u00f8yde med kn\u00e6rne og reis deg rolig opp igjen. Pass p\u00e5 at kneet ikke passerer foran t\u00e6rne. Hold pusten p\u00e5 vei ned og pust rolig n\u00e5r du l\u00f8fter deg opp.[\/vc_column_text][vc_single_image image=&raquo;17512&#8243; img_size=&raquo;full&raquo; alignment=&raquo;center&raquo;][\/vc_column][\/vc_row][vc_row][vc_column][vc_column_text]<\/p>\n<h2 style=\"text-align: left;\">4.<\/h2>\n<h2><strong>Statisk sit-up<\/strong><\/h2>\n<p><strong>Antall repetisjoner:\u00a0<\/strong>3 x 1 minutt<br \/>\n<strong>Trener:<\/strong>\u00a0Bakside l\u00e5r og mage<\/p>\n<p>Sett deg med sete p\u00e5 BigBalance. Hold hendene langs kroppen og bruk disse for \u00e5 holde balansen. Len deg rolig bakover til du kjenner at du m\u00e5 bruke magemuskulaturen for \u00e5 holde deg oppreist. Hold ryggen rett hele tiden. Pr\u00f8v \u00e5 strekk ut beina for \u00e5 \u00f8ke vanskelighetsgraden.[\/vc_column_text][vc_single_image image=&raquo;17513&#8243; img_size=&raquo;full&raquo; alignment=&raquo;center&raquo;][\/vc_column][\/vc_row][vc_row full_width=&raquo;stretch_row_content&raquo; full_height=&raquo;yes&raquo; css=&raquo;.vc_custom_1492602681593{background-image: url(https:\/\/abilica.com\/no\/wp-content\/uploads\/2017\/04\/bigbalance1.jpg?id=17473) !important;background-position: center !important;background-repeat: no-repeat !important;background-size: cover !important;}&raquo;][vc_column][\/vc_column][\/vc_row][vc_row][vc_column][vc_column_text]<\/p>\n<h2 style=\"text-align: left;\">5.<\/h2>\n<h2><strong>1-bens hoftehev<\/strong><\/h2>\n<p><strong>Antall repetisjoner:\u00a0<\/strong>3 x 10 repetisjoner per fot.<br \/>\n<strong>Trener:<\/strong>\u00a0Bakside l\u00e5r og mage.<\/p>\n<p>Legg deg p\u00e5 rygg med en fot p\u00e5 BigBalance. L\u00f8ft opp t\u00e6rne fra bakken, men behold h\u00e6len p\u00e5 BigBalance gjennom hele bevegelsen. Bevegelsen starter ved at du l\u00f8fter hoften rolig og kontrollert fra bakken, stram bakside l\u00e5r, setemuskulaturen og kjernemuskulaturen. Senk hoften rolig mot bakken igjen og gjenta bevegelsen. Motsatt fot skal du holde parallelt med den foten som arbeider. Pust rolig og kontrollert gjennom hele bevegelsen.[\/vc_column_text][vc_single_image image=&raquo;17514&#8243; img_size=&raquo;full&raquo; alignment=&raquo;center&raquo;][\/vc_column][\/vc_row][vc_row][vc_column][vc_column_text]<\/p>\n<h2 style=\"text-align: left;\">6.<\/h2>\n<h2><strong>Push ups<\/strong><\/h2>\n<p><strong>Antall repetisjoner:\u00a0<\/strong>3 x 6 repetisjon per arm<br \/>\n<strong>Trener:<\/strong>\u00a0Bryst, og noe bakside armer og skuldre<\/p>\n<p>Still dig i push-ups stilling med en h\u00e5nd p\u00e5 BigBalance, enten p\u00e5 t\u00e6rne eller kn\u00e6rne. Stram kjernemuskulatur og hold kroppen rett gjennom hele bevegelsen. Senk overkroppen rolig mot bakken og snu bevegelsen n\u00e5r brystet ber\u00f8rer BigBalance. Hold pusten p\u00e5 vei ned og pust ut n\u00e5r du presser deg fra bakken tilbake til utgangsposisjonen.[\/vc_column_text][vc_single_image image=&raquo;17515&#8243; img_size=&raquo;full&raquo; alignment=&raquo;center&raquo;][\/vc_column][\/vc_row][vc_row][vc_column][vc_column_text]<\/p>\n<h2 style=\"text-align: left;\">7.<\/h2>\n<h2><strong>Sidehev<\/strong><\/h2>\n<p><strong>Antall repetisjoner:\u00a0<\/strong>3 x 10 repetisjoner per side<br \/>\n<strong>Trener:<\/strong>\u00a0L\u00e5r og lyske<\/p>\n<p>Sett deg p\u00e5 siden av hoften opp\u00e5 BigBalance og st\u00f8tt deg med armene for \u00e5 holde balansen. L\u00f8ft beina s\u00e5 h\u00f8yt du klarer ved \u00e5 jobbe med skr\u00e5 magemuskulatur. Senk beina rolig ned igjen og gjenta bevegelsen.[\/vc_column_text][vc_single_image image=&raquo;17516&#8243; img_size=&raquo;full&raquo; alignment=&raquo;center&raquo;][\/vc_column][\/vc_row][vc_row full_width=&raquo;stretch_row_content&raquo; css=&raquo;.vc_custom_1582802059735{background-color: #424242 !important;}&raquo;][vc_column][title text=&raquo;Kj\u00f8p din Abilica BigBalance n\u00e5.&raquo; tag=&raquo;h2&#8243; color=&raquo;#ffffff&raquo; text_align=&raquo;center&raquo;][vc_empty_space][\/vc_column][\/vc_row][vc_row][vc_column width=&raquo;1\/4&#8243;][\/vc_column][vc_column width=&raquo;1\/2&#8243;][product_mod id=&raquo;30265&#8243;][vc_empty_space][\/vc_column][vc_column width=&raquo;1\/4&#8243;][\/vc_column][\/vc_row][vc_row full_width=&raquo;stretch_row_content&raquo; full_height=&raquo;yes&raquo; css=&raquo;.vc_custom_1492602835930{background-image: url(https:\/\/abilica.com\/no\/wp-content\/uploads\/2017\/04\/bigbalance4.jpg?id=17479) !important;background-position: center !important;background-repeat: no-repeat !important;background-size: cover !important;}&raquo;][vc_column][\/vc_column][\/vc_row]<\/p>\n<\/div>","protected":false},"excerpt":{"rendered":"<p>[vc_row full_width=&raquo;stretch_row_content&raquo; full_height=&raquo;yes&raquo; columns_placement=&raquo;bottom&raquo; css=&raquo;.vc_custom_1492602651049{background-image: url(https:\/\/abilica.com\/no\/wp-content\/uploads\/2017\/04\/bigbalance2.jpg?id=17474) !important;background-position: center !important;background-repeat: no-repeat !important;background-size: cover !important;}&raquo;][vc_column width=&raquo;1\/3&#8243;][\/vc_column][vc_column width=&raquo;1\/3&#8243;][vc_icon&#8230;<\/p>\n","protected":false},"author":13,"featured_media":0,"parent":32218,"menu_order":0,"comment_status":"closed","ping_status":"closed","template":"","meta":{"_acf_changed":false,"footnotes":""},"class_list":["post-32225","page","type-page","status-publish","hentry"],"acf":[],"yoast_head":"<!-- This site is optimized with the Yoast SEO Premium plugin v21.1 (Yoast SEO v25.4) - https:\/\/yoast.com\/wordpress\/plugins\/seo\/ -->\n<title>Treningsprogram til Abilica BigBalance &#8226; Abilica<\/title>\n<meta name=\"robots\" content=\"index, follow, max-snippet:-1, max-image-preview:large, max-video-preview:-1\" \/>\n<link rel=\"canonical\" href=\"https:\/\/abilica.com\/no\/treningsprogram\/treningsprogram-til-abilica-bigbalance\/\" \/>\n<meta property=\"og:locale\" content=\"nb_NO\" \/>\n<meta property=\"og:type\" content=\"article\" \/>\n<meta property=\"og:title\" content=\"Treningsprogram til Abilica BigBalance\" \/>\n<meta property=\"og:description\" content=\"[vc_row full_width=&raquo;stretch_row_content&raquo; full_height=&raquo;yes&raquo; columns_placement=&raquo;bottom&raquo; css=&raquo;.vc_custom_1492602651049{background-image: url(https:\/\/abilica.com\/no\/wp-content\/uploads\/2017\/04\/bigbalance2.jpg?id=17474) !important;background-position: center !important;background-repeat: no-repeat !important;background-size: cover !important;}&raquo;][vc_column width=&raquo;1\/3&#8243;][\/vc_column][vc_column width=&raquo;1\/3&#8243;][vc_icon...\" \/>\n<meta property=\"og:url\" content=\"https:\/\/abilica.com\/no\/treningsprogram\/treningsprogram-til-abilica-bigbalance\/\" \/>\n<meta property=\"og:site_name\" content=\"Abilica\" \/>\n<meta property=\"article:publisher\" content=\"https:\/\/www.facebook.com\/abilicahometraining\/\" \/>\n<meta name=\"twitter:card\" content=\"summary_large_image\" \/>\n<meta name=\"twitter:label1\" content=\"Ansl. lesetid\" \/>\n\t<meta name=\"twitter:data1\" content=\"5 minutter\" \/>\n<script type=\"application\/ld+json\" class=\"yoast-schema-graph\">{\"@context\":\"https:\/\/schema.org\",\"@graph\":[{\"@type\":\"WebPage\",\"@id\":\"https:\/\/abilica.com\/no\/treningsprogram\/treningsprogram-til-abilica-bigbalance\/\",\"url\":\"https:\/\/abilica.com\/no\/treningsprogram\/treningsprogram-til-abilica-bigbalance\/\",\"name\":\"Treningsprogram til Abilica BigBalance &#8226; Abilica\",\"isPartOf\":{\"@id\":\"https:\/\/abilica.com\/#website\"},\"datePublished\":\"2023-07-30T17:12:24+00:00\",\"breadcrumb\":{\"@id\":\"https:\/\/abilica.com\/no\/treningsprogram\/treningsprogram-til-abilica-bigbalance\/#breadcrumb\"},\"inLanguage\":\"nb-NO\",\"potentialAction\":[{\"@type\":\"ReadAction\",\"target\":[\"https:\/\/abilica.com\/no\/treningsprogram\/treningsprogram-til-abilica-bigbalance\/\"]}]},{\"@type\":\"BreadcrumbList\",\"@id\":\"https:\/\/abilica.com\/no\/treningsprogram\/treningsprogram-til-abilica-bigbalance\/#breadcrumb\",\"itemListElement\":[{\"@type\":\"ListItem\",\"position\":1,\"name\":\"Hem\",\"item\":\"https:\/\/abilica.com\/no\/\"},{\"@type\":\"ListItem\",\"position\":2,\"name\":\"Treningsprogram\",\"item\":\"https:\/\/abilica.com\/no\/treningsprogram\/\"},{\"@type\":\"ListItem\",\"position\":3,\"name\":\"Treningsprogram til Abilica BigBalance\"}]},{\"@type\":\"WebSite\",\"@id\":\"https:\/\/abilica.com\/#website\",\"url\":\"https:\/\/abilica.com\/\",\"name\":\"Abilica\",\"description\":\"Abilica Home Training\",\"potentialAction\":[{\"@type\":\"SearchAction\",\"target\":{\"@type\":\"EntryPoint\",\"urlTemplate\":\"https:\/\/abilica.com\/?s={search_term_string}\"},\"query-input\":{\"@type\":\"PropertyValueSpecification\",\"valueRequired\":true,\"valueName\":\"search_term_string\"}}],\"inLanguage\":\"nb-NO\"}]}<\/script>\n<!-- \/ Yoast SEO Premium plugin. -->","yoast_head_json":{"title":"Treningsprogram til Abilica BigBalance &#8226; Abilica","robots":{"index":"index","follow":"follow","max-snippet":"max-snippet:-1","max-image-preview":"max-image-preview:large","max-video-preview":"max-video-preview:-1"},"canonical":"https:\/\/abilica.com\/no\/treningsprogram\/treningsprogram-til-abilica-bigbalance\/","og_locale":"nb_NO","og_type":"article","og_title":"Treningsprogram til Abilica BigBalance","og_description":"[vc_row full_width=&raquo;stretch_row_content&raquo; full_height=&raquo;yes&raquo; columns_placement=&raquo;bottom&raquo; css=&raquo;.vc_custom_1492602651049{background-image: url(https:\/\/abilica.com\/no\/wp-content\/uploads\/2017\/04\/bigbalance2.jpg?id=17474) !important;background-position: center !important;background-repeat: no-repeat !important;background-size: cover !important;}&raquo;][vc_column width=&raquo;1\/3&#8243;][\/vc_column][vc_column width=&raquo;1\/3&#8243;][vc_icon...","og_url":"https:\/\/abilica.com\/no\/treningsprogram\/treningsprogram-til-abilica-bigbalance\/","og_site_name":"Abilica","article_publisher":"https:\/\/www.facebook.com\/abilicahometraining\/","twitter_card":"summary_large_image","twitter_misc":{"Ansl. lesetid":"5 minutter"},"schema":{"@context":"https:\/\/schema.org","@graph":[{"@type":"WebPage","@id":"https:\/\/abilica.com\/no\/treningsprogram\/treningsprogram-til-abilica-bigbalance\/","url":"https:\/\/abilica.com\/no\/treningsprogram\/treningsprogram-til-abilica-bigbalance\/","name":"Treningsprogram til Abilica BigBalance &#8226; Abilica","isPartOf":{"@id":"https:\/\/abilica.com\/#website"},"datePublished":"2023-07-30T17:12:24+00:00","breadcrumb":{"@id":"https:\/\/abilica.com\/no\/treningsprogram\/treningsprogram-til-abilica-bigbalance\/#breadcrumb"},"inLanguage":"nb-NO","potentialAction":[{"@type":"ReadAction","target":["https:\/\/abilica.com\/no\/treningsprogram\/treningsprogram-til-abilica-bigbalance\/"]}]},{"@type":"BreadcrumbList","@id":"https:\/\/abilica.com\/no\/treningsprogram\/treningsprogram-til-abilica-bigbalance\/#breadcrumb","itemListElement":[{"@type":"ListItem","position":1,"name":"Hem","item":"https:\/\/abilica.com\/no\/"},{"@type":"ListItem","position":2,"name":"Treningsprogram","item":"https:\/\/abilica.com\/no\/treningsprogram\/"},{"@type":"ListItem","position":3,"name":"Treningsprogram til Abilica BigBalance"}]},{"@type":"WebSite","@id":"https:\/\/abilica.com\/#website","url":"https:\/\/abilica.com\/","name":"Abilica","description":"Abilica Home Training","potentialAction":[{"@type":"SearchAction","target":{"@type":"EntryPoint","urlTemplate":"https:\/\/abilica.com\/?s={search_term_string}"},"query-input":{"@type":"PropertyValueSpecification","valueRequired":true,"valueName":"search_term_string"}}],"inLanguage":"nb-NO"}]}},"_links":{"self":[{"href":"https:\/\/abilica.com\/no\/wp-json\/wp\/v2\/pages\/32225","targetHints":{"allow":["GET"]}}],"collection":[{"href":"https:\/\/abilica.com\/no\/wp-json\/wp\/v2\/pages"}],"about":[{"href":"https:\/\/abilica.com\/no\/wp-json\/wp\/v2\/types\/page"}],"author":[{"embeddable":true,"href":"https:\/\/abilica.com\/no\/wp-json\/wp\/v2\/users\/13"}],"replies":[{"embeddable":true,"href":"https:\/\/abilica.com\/no\/wp-json\/wp\/v2\/comments?post=32225"}],"version-history":[{"count":1,"href":"https:\/\/abilica.com\/no\/wp-json\/wp\/v2\/pages\/32225\/revisions"}],"predecessor-version":[{"id":32235,"href":"https:\/\/abilica.com\/no\/wp-json\/wp\/v2\/pages\/32225\/revisions\/32235"}],"up":[{"embeddable":true,"href":"https:\/\/abilica.com\/no\/wp-json\/wp\/v2\/pages\/32218"}],"wp:attachment":[{"href":"https:\/\/abilica.com\/no\/wp-json\/wp\/v2\/media?parent=32225"}],"curies":[{"name":"wp","href":"https:\/\/api.w.org\/{rel}","templated":true}]}}