{"id":32227,"date":"2023-07-30T18:13:22","date_gmt":"2023-07-30T17:13:22","guid":{"rendered":"https:\/\/abilica.com\/?page_id=32227"},"modified":"2023-07-30T18:13:22","modified_gmt":"2023-07-30T17:13:22","slug":"treningsprogram-til-abilica-doorgym","status":"publish","type":"page","link":"https:\/\/abilica.com\/no\/treningsprogram\/treningsprogram-til-abilica-doorgym\/","title":{"rendered":"Treningsprogram til Abilica DoorGym"},"content":{"rendered":"<div class=\"wpb-content-wrapper\"><p>[vc_row full_width=&raquo;stretch_row_content&raquo; full_height=&raquo;yes&raquo; columns_placement=&raquo;bottom&raquo; css=&raquo;.vc_custom_1493023396652{background-image: url(https:\/\/abilica.com\/no\/wp-content\/uploads\/2017\/04\/doorgym1.jpg?id=17875) !important;background-position: center !important;background-repeat: no-repeat !important;background-size: cover !important;}&raquo;][vc_column width=&raquo;1\/3&#8243;][\/vc_column][vc_column width=&raquo;1\/3&#8243;][vc_icon icon_fontawesome=&raquo;fa fa-angle-down&raquo; color=&raquo;white&raquo; size=&raquo;xl&raquo; align=&raquo;center&raquo;][\/vc_column][vc_column width=&raquo;1\/3&#8243;][\/vc_column][\/vc_row][vc_row][vc_column][vc_column_text]<\/p>\n<h2 style=\"text-align: left;\"><span style=\"color: #000000;\">Treningsprogram til Abilica\u00a0DoorGym\u00a0<\/span><\/h2>\n<p>Trapeset Abilica DorGym henges i d\u00f8r\u00e5pningen uten fester, og kan enkelt settes i og tas ut. Ulike h\u00e5ndtak i myk mosegummi for flere varierte grep. Meget effektiv for trening av overkropp. Fungerer ogs\u00e5 fint til push ups og magetrening.[\/vc_column_text][vc_empty_space][\/vc_column][\/vc_row][vc_row][vc_column][title text=&raquo;Kj\u00f8p DoorGym n\u00e5.&raquo; text_align=&raquo;left&raquo;][\/vc_column][\/vc_row][vc_row][vc_column width=&raquo;1\/2&#8243;][product_mod id=&raquo;1846&#8243;][\/vc_column][vc_column width=&raquo;1\/2&#8243;][product_mod id=&raquo;1421&#8243;][\/vc_column][\/vc_row][vc_row][vc_column][vc_empty_space][vc_btn title=&raquo;Last ned treningsprogrammet i PDF&raquo; style=&raquo;flat&raquo; color=&raquo;danger&raquo; i_icon_fontawesome=&raquo;fa fa-file-pdf-o&raquo; add_icon=&raquo;true&raquo; link=&raquo;url:https%3A%2F%2Fabilica.com\/no%2Fwp-content%2Fuploads%2F2017%2F02%2FAbilica-DoorGym-Advanced.pdf||target:%20_blank|&raquo;][\/vc_column][\/vc_row][vc_row css=&raquo;.vc_custom_1492108997727{background-position: center !important;background-repeat: no-repeat !important;background-size: cover !important;}&raquo;][vc_column][vc_column_text]<\/p>\n<h2 style=\"text-align: left;\">1.<\/h2>\n<h2><strong>Chin ups<\/strong><\/h2>\n<p><strong>Antall repetisjoner:<\/strong>\u00a03 x maks repetisjoner<br \/>\n<strong>Trener:<\/strong>\u00a0Den brede ryggmuskelen, samt armer<\/p>\n<p>Heng apparatet over d\u00f8rkarmen og hold p\u00e5 de bredeste h\u00e5ndtakene. Det er f\u00f8rst og fremst musklene i ryggen du skal bruke n\u00e5r du holder i disse h\u00e5ndtakene. Trekk deg opp med haken over stangen. Gjenta s\u00e5 mange ganger du orker.[\/vc_column_text][vc_single_image image=&raquo;17894&#8243; img_size=&raquo;full&raquo; alignment=&raquo;center&raquo;][\/vc_column][\/vc_row][vc_row][vc_column][vc_column_text]<\/p>\n<h2 style=\"text-align: left;\">\u00a02.<\/h2>\n<h2><strong>Pull ups<\/strong><\/h2>\n<p><strong>Antall repetisjoner:\u00a0<\/strong>3 x maks repetisjoner<br \/>\n<strong>Trener:<\/strong>\u00a0\u00d8vre del av rygg, samt forsiden av arm<\/p>\n<p>Hold p\u00e5 h\u00e5ndtakene hvor h\u00e5ndflatene peker mot deg. I denne \u00f8velsen f\u00e5r du mer hjelp av musklene p\u00e5 fremsiden av armen enn p\u00e5 den forrige, og mange opplever derfor \u00e5 v\u00e6re sterkere her. L\u00f8ft deg opp til du f\u00e5r haken over stangen. Gjenta s\u00e5 mange ganger du orker.[\/vc_column_text][vc_single_image image=&raquo;17887&#8243; img_size=&raquo;full&raquo; alignment=&raquo;center&raquo;][\/vc_column][\/vc_row][vc_row][vc_column][vc_column_text]<\/p>\n<h2 style=\"text-align: left;\">3.<\/h2>\n<h2><strong>Pull ups variant II<\/strong><\/h2>\n<p><strong>Antall repetisjoner:\u00a0<\/strong>3 x maks repetisjoner<br \/>\n<strong>Trener:<\/strong>\u00a0\u00d8vre del av rygg, samt forsiden av arm<\/p>\n<p>Hold p\u00e5 h\u00e5ndtakene hvor h\u00e5ndflatene peker mot hverandre. Gjenta s\u00e5 mange ganger du orker.[\/vc_column_text][vc_single_image image=&raquo;17888&#8243; img_size=&raquo;full&raquo; alignment=&raquo;center&raquo;][\/vc_column][\/vc_row][vc_row][vc_column][vc_column_text]<\/p>\n<h2 style=\"text-align: left;\">4.<\/h2>\n<h2><strong>Push ups<\/strong><\/h2>\n<p><strong>Antall repetisjoner:\u00a0<\/strong>3 x maks repetisjoner<br \/>\n<strong>Trener:<\/strong>\u00a0Brystmusklene, samt noe bakside armer og skuldre<\/p>\n<p>La apparatet st\u00e5 fritt p\u00e5 gulvet. St\u00e5 med strak kropp og hendene p\u00e5 de ytterste h\u00e5ndtakene. Senk deretter overkroppen til du har 90 grader i albueleddet. Apparatet vil gj\u00f8re at armhevingene f\u00f8les ekstra utfordrende. Pass p\u00e5 \u00e5 holde setet nede og ryggen strak. Gj\u00f8r maks antall repetisjoner f\u00f8r du hviler.[\/vc_column_text][vc_single_image image=&raquo;17889&#8243; img_size=&raquo;full&raquo; alignment=&raquo;center&raquo;][\/vc_column][\/vc_row][vc_row full_width=&raquo;stretch_row_content&raquo; full_height=&raquo;yes&raquo; css=&raquo;.vc_custom_1493024297321{background-image: url(https:\/\/abilica.com\/no\/wp-content\/uploads\/2017\/04\/oorgym3.jpg?id=17877) !important;background-position: center !important;background-repeat: no-repeat !important;background-size: cover !important;}&raquo;][vc_column][\/vc_column][\/vc_row][vc_row][vc_column][vc_column_text]<\/p>\n<h2 style=\"text-align: left;\">5.<\/h2>\n<h2><strong>Kroppshev<\/strong><\/h2>\n<p><strong>Antall repetisjoner:\u00a0<\/strong>3 x maks repetisjoner<br \/>\n<strong>Trener:<\/strong>\u00a0Armer og mage<\/p>\n<p>Hold p\u00e5 h\u00e5ndtakene hvor h\u00e5ndflatene peker mot deg. Hold bena strake og l\u00f8ft hele kroppen til armene er i 90 grader. Gjenta s\u00e5 mange ganger du orker.[\/vc_column_text][vc_single_image image=&raquo;17890&#8243; img_size=&raquo;full&raquo; alignment=&raquo;center&raquo;][\/vc_column][\/vc_row][vc_row][vc_column][vc_column_text]<\/p>\n<h2 style=\"text-align: left;\">6.<\/h2>\n<h2><strong>Situps<\/strong><\/h2>\n<p><strong>Antall repetisjoner:\u00a0<\/strong>3 x maks repetisjoner<br \/>\n<strong>Trener:<\/strong>\u00a0Mage<\/p>\n<p>Ligg p\u00e5 ryggen med bena under apparatet. Hev overkroppen opp til albuene treffer kn\u00e6rne. Senk kroppen ned igjen. Gjenta s\u00e5 mange ganger du orker.[\/vc_column_text][vc_single_image image=&raquo;17891&#8243; img_size=&raquo;full&raquo; alignment=&raquo;center&raquo;][\/vc_column][\/vc_row][vc_row][vc_column][vc_column_text]<\/p>\n<h2 style=\"text-align: left;\">7.<\/h2>\n<h2><strong>Dips<\/strong><\/h2>\n<p><strong>Antall repetisjoner:\u00a0<\/strong>3 x maks repetisjoner<br \/>\n<strong>Trener:<\/strong>\u00a0Bakside armer<\/p>\n<p>La apparatet st\u00e5 fritt p\u00e5 gulvet. Still deg foran apparatet, sett deg ned slik at hendene er p\u00e5 apparatet. Viktig at h\u00e5ndleddene er s\u00e5 rette som mulig. B\u00f8y albueleddet og senk setet ned mot gulvet, mens albuene skal peke rett bakover hele tiden. Press deg opp igjen til startposisjonen og gjenta. Gj\u00f8r s\u00e5 mange repetisjoner du orker.[\/vc_column_text][vc_single_image image=&raquo;17892&#8243; img_size=&raquo;full&raquo; alignment=&raquo;center&raquo;][\/vc_column][\/vc_row][vc_row][vc_column][vc_column_text]<\/p>\n<h2 style=\"text-align: left;\">8.<\/h2>\n<h2><strong>Benhev<\/strong><\/h2>\n<p><strong>Antall repetisjoner:\u00a0<\/strong>3 x maks repetisjoner<br \/>\n<strong>Trener:<\/strong>\u00a0Mage<\/p>\n<p>Bruk l\u00f8kkene som f\u00f8lger med apparatet for \u00e5 gj\u00f8re benhev. Du begynner med \u00e5 henge i apparatet med strak kropp. B\u00f8y s\u00e5 kn\u00e6rne opp mot magen\/brystet. Du kan ogs\u00e5 gj\u00f8re \u00f8velsen med rette ben hvor du l\u00f8fter dem ut fra kroppen \u2013 dette er tyngre. Gj\u00f8r s\u00e5 mange du orker.[\/vc_column_text][vc_single_image image=&raquo;17893&#8243; img_size=&raquo;full&raquo; alignment=&raquo;center&raquo;][\/vc_column][\/vc_row][vc_row full_width=&raquo;stretch_row_content&raquo; css=&raquo;.vc_custom_1494931027093{background-color: #0a0101 !important;}&raquo;][vc_column][title text=&raquo;Kj\u00f8p ditt Abilica DoorGym n\u00e5.&raquo; tag=&raquo;h2&#8243; color=&raquo;#ffffff&raquo; text_align=&raquo;center&raquo;][vc_empty_space][\/vc_column][\/vc_row][vc_row][vc_column width=&raquo;1\/2&#8243;][product_mod id=&raquo;1846&#8243;][vc_empty_space][\/vc_column][vc_column width=&raquo;1\/2&#8243;][product_mod id=&raquo;1421&#8243;][vc_empty_space][\/vc_column][\/vc_row][vc_row full_width=&raquo;stretch_row_content&raquo; full_height=&raquo;yes&raquo; css=&raquo;.vc_custom_1493024423101{background-image: url(https:\/\/abilica.com\/no\/wp-content\/uploads\/2017\/04\/oorgym4.jpg?id=17878) !important;background-position: center !important;background-repeat: no-repeat !important;background-size: cover !important;}&raquo;][vc_column][\/vc_column][\/vc_row]<\/p>\n<\/div>","protected":false},"excerpt":{"rendered":"<p>[vc_row full_width=&raquo;stretch_row_content&raquo; full_height=&raquo;yes&raquo; columns_placement=&raquo;bottom&raquo; css=&raquo;.vc_custom_1493023396652{background-image: url(https:\/\/abilica.com\/no\/wp-content\/uploads\/2017\/04\/doorgym1.jpg?id=17875) !important;background-position: center !important;background-repeat: no-repeat !important;background-size: cover !important;}&raquo;][vc_column width=&raquo;1\/3&#8243;][\/vc_column][vc_column width=&raquo;1\/3&#8243;][vc_icon&#8230;<\/p>\n","protected":false},"author":13,"featured_media":0,"parent":32218,"menu_order":0,"comment_status":"closed","ping_status":"closed","template":"","meta":{"_acf_changed":false,"footnotes":""},"class_list":["post-32227","page","type-page","status-publish","hentry"],"acf":[],"yoast_head":"<!-- This site is optimized with the Yoast SEO Premium plugin v21.1 (Yoast SEO v25.4) - https:\/\/yoast.com\/wordpress\/plugins\/seo\/ -->\n<title>Treningsprogram til Abilica DoorGym &#8226; Abilica<\/title>\n<meta name=\"robots\" content=\"index, follow, max-snippet:-1, max-image-preview:large, max-video-preview:-1\" \/>\n<link rel=\"canonical\" href=\"https:\/\/abilica.com\/no\/treningsprogram\/treningsprogram-til-abilica-doorgym\/\" \/>\n<meta property=\"og:locale\" content=\"nb_NO\" \/>\n<meta property=\"og:type\" content=\"article\" \/>\n<meta property=\"og:title\" content=\"Treningsprogram til Abilica DoorGym\" \/>\n<meta property=\"og:description\" content=\"[vc_row full_width=&raquo;stretch_row_content&raquo; full_height=&raquo;yes&raquo; columns_placement=&raquo;bottom&raquo; css=&raquo;.vc_custom_1493023396652{background-image: url(https:\/\/abilica.com\/no\/wp-content\/uploads\/2017\/04\/doorgym1.jpg?id=17875) !important;background-position: center !important;background-repeat: no-repeat !important;background-size: cover !important;}&raquo;][vc_column width=&raquo;1\/3&#8243;][\/vc_column][vc_column width=&raquo;1\/3&#8243;][vc_icon...\" \/>\n<meta property=\"og:url\" content=\"https:\/\/abilica.com\/no\/treningsprogram\/treningsprogram-til-abilica-doorgym\/\" \/>\n<meta property=\"og:site_name\" content=\"Abilica\" \/>\n<meta property=\"article:publisher\" content=\"https:\/\/www.facebook.com\/abilicahometraining\/\" \/>\n<meta name=\"twitter:card\" content=\"summary_large_image\" \/>\n<meta name=\"twitter:label1\" content=\"Ansl. lesetid\" \/>\n\t<meta name=\"twitter:data1\" content=\"5 minutter\" \/>\n<script type=\"application\/ld+json\" class=\"yoast-schema-graph\">{\"@context\":\"https:\/\/schema.org\",\"@graph\":[{\"@type\":\"WebPage\",\"@id\":\"https:\/\/abilica.com\/no\/treningsprogram\/treningsprogram-til-abilica-doorgym\/\",\"url\":\"https:\/\/abilica.com\/no\/treningsprogram\/treningsprogram-til-abilica-doorgym\/\",\"name\":\"Treningsprogram til Abilica DoorGym &#8226; Abilica\",\"isPartOf\":{\"@id\":\"https:\/\/abilica.com\/#website\"},\"datePublished\":\"2023-07-30T17:13:22+00:00\",\"breadcrumb\":{\"@id\":\"https:\/\/abilica.com\/no\/treningsprogram\/treningsprogram-til-abilica-doorgym\/#breadcrumb\"},\"inLanguage\":\"nb-NO\",\"potentialAction\":[{\"@type\":\"ReadAction\",\"target\":[\"https:\/\/abilica.com\/no\/treningsprogram\/treningsprogram-til-abilica-doorgym\/\"]}]},{\"@type\":\"BreadcrumbList\",\"@id\":\"https:\/\/abilica.com\/no\/treningsprogram\/treningsprogram-til-abilica-doorgym\/#breadcrumb\",\"itemListElement\":[{\"@type\":\"ListItem\",\"position\":1,\"name\":\"Hem\",\"item\":\"https:\/\/abilica.com\/no\/\"},{\"@type\":\"ListItem\",\"position\":2,\"name\":\"Treningsprogram\",\"item\":\"https:\/\/abilica.com\/no\/treningsprogram\/\"},{\"@type\":\"ListItem\",\"position\":3,\"name\":\"Treningsprogram til Abilica DoorGym\"}]},{\"@type\":\"WebSite\",\"@id\":\"https:\/\/abilica.com\/#website\",\"url\":\"https:\/\/abilica.com\/\",\"name\":\"Abilica\",\"description\":\"Abilica Home Training\",\"potentialAction\":[{\"@type\":\"SearchAction\",\"target\":{\"@type\":\"EntryPoint\",\"urlTemplate\":\"https:\/\/abilica.com\/?s={search_term_string}\"},\"query-input\":{\"@type\":\"PropertyValueSpecification\",\"valueRequired\":true,\"valueName\":\"search_term_string\"}}],\"inLanguage\":\"nb-NO\"}]}<\/script>\n<!-- \/ Yoast SEO Premium plugin. -->","yoast_head_json":{"title":"Treningsprogram til Abilica DoorGym &#8226; Abilica","robots":{"index":"index","follow":"follow","max-snippet":"max-snippet:-1","max-image-preview":"max-image-preview:large","max-video-preview":"max-video-preview:-1"},"canonical":"https:\/\/abilica.com\/no\/treningsprogram\/treningsprogram-til-abilica-doorgym\/","og_locale":"nb_NO","og_type":"article","og_title":"Treningsprogram til Abilica DoorGym","og_description":"[vc_row full_width=&raquo;stretch_row_content&raquo; full_height=&raquo;yes&raquo; columns_placement=&raquo;bottom&raquo; css=&raquo;.vc_custom_1493023396652{background-image: url(https:\/\/abilica.com\/no\/wp-content\/uploads\/2017\/04\/doorgym1.jpg?id=17875) !important;background-position: center !important;background-repeat: no-repeat !important;background-size: cover !important;}&raquo;][vc_column width=&raquo;1\/3&#8243;][\/vc_column][vc_column width=&raquo;1\/3&#8243;][vc_icon...","og_url":"https:\/\/abilica.com\/no\/treningsprogram\/treningsprogram-til-abilica-doorgym\/","og_site_name":"Abilica","article_publisher":"https:\/\/www.facebook.com\/abilicahometraining\/","twitter_card":"summary_large_image","twitter_misc":{"Ansl. lesetid":"5 minutter"},"schema":{"@context":"https:\/\/schema.org","@graph":[{"@type":"WebPage","@id":"https:\/\/abilica.com\/no\/treningsprogram\/treningsprogram-til-abilica-doorgym\/","url":"https:\/\/abilica.com\/no\/treningsprogram\/treningsprogram-til-abilica-doorgym\/","name":"Treningsprogram til Abilica DoorGym &#8226; Abilica","isPartOf":{"@id":"https:\/\/abilica.com\/#website"},"datePublished":"2023-07-30T17:13:22+00:00","breadcrumb":{"@id":"https:\/\/abilica.com\/no\/treningsprogram\/treningsprogram-til-abilica-doorgym\/#breadcrumb"},"inLanguage":"nb-NO","potentialAction":[{"@type":"ReadAction","target":["https:\/\/abilica.com\/no\/treningsprogram\/treningsprogram-til-abilica-doorgym\/"]}]},{"@type":"BreadcrumbList","@id":"https:\/\/abilica.com\/no\/treningsprogram\/treningsprogram-til-abilica-doorgym\/#breadcrumb","itemListElement":[{"@type":"ListItem","position":1,"name":"Hem","item":"https:\/\/abilica.com\/no\/"},{"@type":"ListItem","position":2,"name":"Treningsprogram","item":"https:\/\/abilica.com\/no\/treningsprogram\/"},{"@type":"ListItem","position":3,"name":"Treningsprogram til Abilica DoorGym"}]},{"@type":"WebSite","@id":"https:\/\/abilica.com\/#website","url":"https:\/\/abilica.com\/","name":"Abilica","description":"Abilica Home Training","potentialAction":[{"@type":"SearchAction","target":{"@type":"EntryPoint","urlTemplate":"https:\/\/abilica.com\/?s={search_term_string}"},"query-input":{"@type":"PropertyValueSpecification","valueRequired":true,"valueName":"search_term_string"}}],"inLanguage":"nb-NO"}]}},"_links":{"self":[{"href":"https:\/\/abilica.com\/no\/wp-json\/wp\/v2\/pages\/32227","targetHints":{"allow":["GET"]}}],"collection":[{"href":"https:\/\/abilica.com\/no\/wp-json\/wp\/v2\/pages"}],"about":[{"href":"https:\/\/abilica.com\/no\/wp-json\/wp\/v2\/types\/page"}],"author":[{"embeddable":true,"href":"https:\/\/abilica.com\/no\/wp-json\/wp\/v2\/users\/13"}],"replies":[{"embeddable":true,"href":"https:\/\/abilica.com\/no\/wp-json\/wp\/v2\/comments?post=32227"}],"version-history":[{"count":1,"href":"https:\/\/abilica.com\/no\/wp-json\/wp\/v2\/pages\/32227\/revisions"}],"predecessor-version":[{"id":32237,"href":"https:\/\/abilica.com\/no\/wp-json\/wp\/v2\/pages\/32227\/revisions\/32237"}],"up":[{"embeddable":true,"href":"https:\/\/abilica.com\/no\/wp-json\/wp\/v2\/pages\/32218"}],"wp:attachment":[{"href":"https:\/\/abilica.com\/no\/wp-json\/wp\/v2\/media?parent=32227"}],"curies":[{"name":"wp","href":"https:\/\/api.w.org\/{rel}","templated":true}]}}