{"id":32228,"date":"2023-07-30T18:14:00","date_gmt":"2023-07-30T17:14:00","guid":{"rendered":"https:\/\/abilica.com\/?page_id=32228"},"modified":"2023-07-30T18:14:00","modified_gmt":"2023-07-30T17:14:00","slug":"treningsprogram-til-abilica-dumbbells","status":"publish","type":"page","link":"https:\/\/abilica.com\/no\/treningsprogram\/treningsprogram-til-abilica-dumbbells\/","title":{"rendered":"Treningsprogram til Abilica DumbBells"},"content":{"rendered":"<div class=\"wpb-content-wrapper\"><p>[vc_row full_width=&raquo;stretch_row_content&raquo; full_height=&raquo;yes&raquo; columns_placement=&raquo;bottom&raquo; css=&raquo;.vc_custom_1493028533951{background-image: url(https:\/\/abilica.com\/no\/wp-content\/uploads\/2017\/04\/dumb.jpg?id=17924) !important;background-position: center !important;background-repeat: no-repeat !important;background-size: cover !important;}&raquo;][vc_column width=&raquo;1\/3&#8243;][\/vc_column][vc_column width=&raquo;1\/3&#8243;][vc_icon icon_fontawesome=&raquo;fa fa-angle-down&raquo; color=&raquo;white&raquo; size=&raquo;xl&raquo; align=&raquo;center&raquo;][\/vc_column][vc_column width=&raquo;1\/3&#8243;][\/vc_column][\/vc_row][vc_row][vc_column][vc_column_text]<\/p>\n<h2 style=\"text-align: left;\"><span style=\"color: #000000;\">Treningsprogram til Abilica\u00a0DumbBells<\/span><\/h2>\n<p>Abilica DumbBells manualer kan brukes for \u00e5 trene\u00a0hele kroppen. Velg tyngde etter hvor sterk du er, hvor mange repetisjoner du skal gj\u00f8re, og hvilke muskler du skal trene. Manualene f\u00e5r du\u00a0i 1-6 kg.[\/vc_column_text][vc_empty_space][\/vc_column][\/vc_row][vc_row][vc_column][title text=&raquo;Kj\u00f8p DumbBells n\u00e5.&raquo; text_align=&raquo;left&raquo;][\/vc_column][\/vc_row][vc_row][vc_column width=&raquo;1\/3&#8243;][product_mod id=&raquo;2259&#8243;][\/vc_column][vc_column width=&raquo;1\/3&#8243;][product_mod id=&raquo;2255&#8243;][\/vc_column][vc_column width=&raquo;1\/3&#8243;][product_mod id=&raquo;2234&#8243;][\/vc_column][\/vc_row][vc_row][vc_column][vc_empty_space][vc_btn title=&raquo;Last ned treningsprogrammet i PDF&raquo; style=&raquo;flat&raquo; color=&raquo;black&raquo; i_icon_fontawesome=&raquo;fa fa-file-pdf-o&raquo; add_icon=&raquo;true&raquo; link=&raquo;url:https%3A%2F%2Fabilica.com\/no%2Fwp-content%2Fuploads%2F2017%2F02%2FAbilica-DumbBells.pdf||target:%20_blank|&raquo;][\/vc_column][\/vc_row][vc_row css=&raquo;.vc_custom_1492108997727{background-position: center !important;background-repeat: no-repeat !important;background-size: cover !important;}&raquo;][vc_column][vc_column_text]<\/p>\n<h2 style=\"text-align: left;\">1.<\/h2>\n<h2>Kneb\u00f8y<\/h2>\n<p><strong>Antall repetisjoner:<\/strong>\u00a012-24 x 3<br \/>\n<strong>Trener:<\/strong>\u00a0Forside l\u00e5r og setemuskulatur<\/p>\n<p>St\u00e5 med f\u00f8ttene i hoftebreddes avstand. Sett deg s\u00e5 ned som du skal sette deg p\u00e5 en stol (til kn\u00e6rne er i 90 grader) og reis deg opp igjen. Skyv setet godt ut bak, hold brystet oppe og ha tyngden p\u00e5 h\u00e6lene.[\/vc_column_text][vc_single_image image=&raquo;17918&#8243; img_size=&raquo;full&raquo; alignment=&raquo;center&raquo;][\/vc_column][\/vc_row][vc_row][vc_column][vc_column_text]<\/p>\n<h2 style=\"text-align: left;\">2.<\/h2>\n<h2>Utfall<\/h2>\n<p><strong>Antall repetisjoner:<\/strong>\u00a012 x 3 p\u00e5 hvert ben<br \/>\n<strong>Trener:<\/strong>\u00a0Forside l\u00e5r og setemuskulatur<\/p>\n<p>Hold en manual i hver h\u00e5nd og st\u00e5 med f\u00f8ttene i hoftebreddes avstand. Sett det ene benet langt frem (t\u00e6rne skal alltid v\u00e6re foran kneet) og b\u00f8y begge kn\u00e6rne til 90 grader. Gjenta alle repetisjonene p\u00e5 samme ben f\u00f8r du bytter.[\/vc_column_text][vc_single_image image=&raquo;17911&#8243; img_size=&raquo;full&raquo; alignment=&raquo;center&raquo;][\/vc_column][\/vc_row][vc_row][vc_column][vc_column_text]<\/p>\n<h2 style=\"text-align: left;\">3.<\/h2>\n<h2>Brystpress<\/h2>\n<p><strong>Antall repetisjoner:<\/strong>\u00a012-16 x 3<br \/>\n<strong>Trener:<\/strong>\u00a0Brystet og noe skuldre<\/p>\n<p>Ligg p\u00e5 ryggen med b\u00f8yde kn\u00e6r og hold en manual i hver h\u00e5nd. Rett ut fra brystet p\u00e5 hver side skyver du manualene mot taket. Senk albuene mot gulvet igjen til du har 90 grader i albueleddet f\u00f8r du skyver opp igjen. Pass p\u00e5 \u00e5 stive av h\u00e5ndleddene slik at de er helt rette. Tips! Du kan gjerne bruke en stepkasse eller treningsbenk \u00e5 ligge p\u00e5 for \u00e5 komme litt opp fra gulvet n\u00e5r du gj\u00f8r \u00f8velsen.[\/vc_column_text][vc_single_image image=&raquo;17912&#8243; img_size=&raquo;full&raquo; alignment=&raquo;center&raquo;][\/vc_column][\/vc_row][vc_row][vc_column][vc_column_text]<\/p>\n<h2 style=\"text-align: left;\">4.<\/h2>\n<h2>St\u00e5ende roing<\/h2>\n<p><strong>Antall repetisjoner:<\/strong>\u00a012-16 x 3 p\u00e5 hver arm<br \/>\n<strong>Trener:<\/strong>\u00a0Rygg og noe skuldre<\/p>\n<p>B\u00f8y overkroppen fremover og skyv setet bakover. Dra manualene opp mot navlen, kjenn at du presser skulderbladene sammen bak. Overkroppen skal holdes helt i ro i den fremoverb\u00f8yde posisjonen.[\/vc_column_text][vc_single_image image=&raquo;17913&#8243; img_size=&raquo;full&raquo; alignment=&raquo;center&raquo;][\/vc_column][\/vc_row][vc_row full_width=&raquo;stretch_row_content&raquo; full_height=&raquo;yes&raquo; css=&raquo;.vc_custom_1493028340878{background-image: url(https:\/\/abilica.com\/no\/wp-content\/uploads\/2017\/04\/dumb1.jpg?id=17902) !important;background-position: center !important;background-repeat: no-repeat !important;background-size: cover !important;}&raquo;][vc_column][\/vc_column][\/vc_row][vc_row][vc_column][vc_column_text]<\/p>\n<h2 style=\"text-align: left;\">5.<\/h2>\n<h2>Kick backs<\/h2>\n<p><strong>Antall repetisjoner:<\/strong>\u00a012-16 x 3 p\u00e5 hver arm<br \/>\n<strong>Trener:<\/strong>\u00a0Bakside arm (triceps)<\/p>\n<p>Sett bena etter hverandre (med hoftebreddes avstand for bedre balanse) og len deg fremover med h\u00e5nden p\u00e5 det fremste l\u00e5ret. Venstre h\u00e5nd p\u00e5 venstre l\u00e5r, eller h\u00f8yre h\u00e5nd p\u00e5 h\u00f8yre l\u00e5r. I denne \u00f8velsen skal du ha tak i muskelen som strekker ut armen. For \u00e5 f\u00e5 tak i den m\u00e5 all bevegelse skje i albueleddet ved at armen b\u00f8yes og strekkes helt ut. Du skal kjenne at det strammer godt p\u00e5 baksiden av armen n\u00e5r armen er strukket helt ut. Gjenta alle repetisjonene med samme arm f\u00f8r du bytter.[\/vc_column_text][vc_single_image image=&raquo;17914&#8243; img_size=&raquo;full&raquo; alignment=&raquo;center&raquo;][\/vc_column][\/vc_row][vc_row][vc_column][vc_column_text]<\/p>\n<h2 style=\"text-align: left;\">6.<\/h2>\n<h2>Biceps curl<\/h2>\n<p><strong>Antall repetisjoner:<\/strong>\u00a012-16 x 3<br \/>\n<strong>Trener:<\/strong>\u00a0Forside arm (biceps)<\/p>\n<p>St\u00e5 rett opp og ned med armene ned foran deg og en vekt i hver h\u00e5nd. B\u00f8y deretter armene opp mot deg. Stopp f\u00f8r du n\u00e5r hvileposisjon oppe og strekk armene helt ut etter hver repetisjon. Alternativt kan du l\u00f8fte annenhver arm vekselvis. Da m\u00e5 du doble antall repetisjoner f\u00f8r du hviler, slik at du fortsatt f\u00e5r 12-16 repetisjoner p\u00e5 hver arm.[\/vc_column_text][vc_single_image image=&raquo;17915&#8243; img_size=&raquo;full&raquo; alignment=&raquo;center&raquo;][\/vc_column][\/vc_row][vc_row][vc_column][vc_column_text]<\/p>\n<h2 style=\"text-align: left;\">7.<\/h2>\n<h2>Sidehev<\/h2>\n<p><strong>Antall repetisjoner:<\/strong>\u00a012-16 x 3<br \/>\n<strong>Trener:<\/strong>\u00a0Midtre del av skulderen (delta)<\/p>\n<p>St\u00e5 rett opp og ned med armene foran deg med cirka 30 graders b\u00f8y i albueleddet. L\u00f8ft s\u00e5 armene ut til siden, opp til skulderh\u00f8yde, mens du fortsetter \u00e5 holde samme b\u00f8y i albuene. Albuer og pekefingre er de to h\u00f8yeste punktene n\u00e5r armen er l\u00f8ftet ut til siden. Senk armene rolig tilbake igjen til utgangsposisjon.[\/vc_column_text][vc_single_image image=&raquo;17916&#8243; img_size=&raquo;full&raquo; alignment=&raquo;center&raquo;][\/vc_column][\/vc_row][vc_row][vc_column][vc_column_text]<\/p>\n<h2 style=\"text-align: left;\">8.<\/h2>\n<h2>Skulderpress<\/h2>\n<p><strong>Antall repetisjoner:<\/strong>\u00a012-16 x 3<br \/>\n<strong>Trener:<\/strong>\u00a0Muskelen p\u00e5 oversiden av skulderen (kappemuskelen), samt midtre del av skulderen (delta)<\/p>\n<p>St\u00e5 med hoftebreddes avstand mellom f\u00f8ttene og hold manualene i skulderh\u00f8yde, klare til \u00e5 presses oppover. Press manualene i rett linje mot taket til armene er strukket ut. Pass p\u00e5 \u00e5 holde manualene litt foran hodet og stram magen godt for \u00e5 unng\u00e5 un\u00f8dig svai i ryggen. Senk s\u00e5 rolig ned igjen til utgangsposisjon.[\/vc_column_text][vc_single_image image=&raquo;17917&#8243; img_size=&raquo;full&raquo; alignment=&raquo;center&raquo;][\/vc_column][\/vc_row][vc_row full_width=&raquo;stretch_row_content&raquo; css=&raquo;.vc_custom_1505904021098{background-color: #00b140 !important;}&raquo;][vc_column][title text=&raquo;Kj\u00f8p dine Abilica DumbBells n\u00e5.&raquo; tag=&raquo;h2&#8243; color=&raquo;#ffffff&raquo; text_align=&raquo;center&raquo;][vc_empty_space][\/vc_column][\/vc_row][vc_row][vc_column width=&raquo;1\/3&#8243;][product_mod id=&raquo;2259&#8243;][vc_empty_space][\/vc_column][vc_column width=&raquo;1\/3&#8243;][product_mod id=&raquo;2255&#8243;][vc_empty_space][\/vc_column][vc_column width=&raquo;1\/3&#8243;][product_mod id=&raquo;2234&#8243;][vc_empty_space][\/vc_column][\/vc_row][vc_row full_width=&raquo;stretch_row_content&raquo; full_height=&raquo;yes&raquo; css=&raquo;.vc_custom_1493028545023{background-image: url(https:\/\/abilica.com\/no\/wp-content\/uploads\/2017\/04\/umb3.jpg?id=17904) !important;background-position: center !important;background-repeat: no-repeat !important;background-size: cover !important;}&raquo;][vc_column][\/vc_column][\/vc_row]<\/p>\n<\/div>","protected":false},"excerpt":{"rendered":"<p>[vc_row full_width=&raquo;stretch_row_content&raquo; full_height=&raquo;yes&raquo; columns_placement=&raquo;bottom&raquo; css=&raquo;.vc_custom_1493028533951{background-image: url(https:\/\/abilica.com\/no\/wp-content\/uploads\/2017\/04\/dumb.jpg?id=17924) !important;background-position: center !important;background-repeat: no-repeat !important;background-size: cover !important;}&raquo;][vc_column width=&raquo;1\/3&#8243;][\/vc_column][vc_column width=&raquo;1\/3&#8243;][vc_icon&#8230;<\/p>\n","protected":false},"author":13,"featured_media":0,"parent":32218,"menu_order":0,"comment_status":"closed","ping_status":"closed","template":"","meta":{"_acf_changed":false,"footnotes":""},"class_list":["post-32228","page","type-page","status-publish","hentry"],"acf":[],"yoast_head":"<!-- This site is optimized with the Yoast SEO Premium plugin v21.1 (Yoast SEO v25.4) - https:\/\/yoast.com\/wordpress\/plugins\/seo\/ -->\n<title>Treningsprogram til Abilica DumbBells &#8226; Abilica<\/title>\n<meta name=\"robots\" content=\"index, follow, max-snippet:-1, max-image-preview:large, max-video-preview:-1\" \/>\n<link rel=\"canonical\" href=\"https:\/\/abilica.com\/no\/treningsprogram\/treningsprogram-til-abilica-dumbbells\/\" \/>\n<meta property=\"og:locale\" content=\"nb_NO\" \/>\n<meta property=\"og:type\" content=\"article\" \/>\n<meta property=\"og:title\" content=\"Treningsprogram til Abilica DumbBells\" \/>\n<meta property=\"og:description\" content=\"[vc_row full_width=&raquo;stretch_row_content&raquo; full_height=&raquo;yes&raquo; columns_placement=&raquo;bottom&raquo; css=&raquo;.vc_custom_1493028533951{background-image: url(https:\/\/abilica.com\/no\/wp-content\/uploads\/2017\/04\/dumb.jpg?id=17924) !important;background-position: center !important;background-repeat: no-repeat !important;background-size: cover !important;}&raquo;][vc_column width=&raquo;1\/3&#8243;][\/vc_column][vc_column width=&raquo;1\/3&#8243;][vc_icon...\" \/>\n<meta property=\"og:url\" content=\"https:\/\/abilica.com\/no\/treningsprogram\/treningsprogram-til-abilica-dumbbells\/\" \/>\n<meta property=\"og:site_name\" content=\"Abilica\" \/>\n<meta property=\"article:publisher\" content=\"https:\/\/www.facebook.com\/abilicahometraining\/\" \/>\n<meta name=\"twitter:card\" content=\"summary_large_image\" \/>\n<meta name=\"twitter:label1\" content=\"Ansl. lesetid\" \/>\n\t<meta name=\"twitter:data1\" content=\"6 minutter\" \/>\n<script type=\"application\/ld+json\" class=\"yoast-schema-graph\">{\"@context\":\"https:\/\/schema.org\",\"@graph\":[{\"@type\":\"WebPage\",\"@id\":\"https:\/\/abilica.com\/no\/treningsprogram\/treningsprogram-til-abilica-dumbbells\/\",\"url\":\"https:\/\/abilica.com\/no\/treningsprogram\/treningsprogram-til-abilica-dumbbells\/\",\"name\":\"Treningsprogram til Abilica DumbBells &#8226; Abilica\",\"isPartOf\":{\"@id\":\"https:\/\/abilica.com\/#website\"},\"datePublished\":\"2023-07-30T17:14:00+00:00\",\"breadcrumb\":{\"@id\":\"https:\/\/abilica.com\/no\/treningsprogram\/treningsprogram-til-abilica-dumbbells\/#breadcrumb\"},\"inLanguage\":\"nb-NO\",\"potentialAction\":[{\"@type\":\"ReadAction\",\"target\":[\"https:\/\/abilica.com\/no\/treningsprogram\/treningsprogram-til-abilica-dumbbells\/\"]}]},{\"@type\":\"BreadcrumbList\",\"@id\":\"https:\/\/abilica.com\/no\/treningsprogram\/treningsprogram-til-abilica-dumbbells\/#breadcrumb\",\"itemListElement\":[{\"@type\":\"ListItem\",\"position\":1,\"name\":\"Hem\",\"item\":\"https:\/\/abilica.com\/no\/\"},{\"@type\":\"ListItem\",\"position\":2,\"name\":\"Treningsprogram\",\"item\":\"https:\/\/abilica.com\/no\/treningsprogram\/\"},{\"@type\":\"ListItem\",\"position\":3,\"name\":\"Treningsprogram til Abilica DumbBells\"}]},{\"@type\":\"WebSite\",\"@id\":\"https:\/\/abilica.com\/#website\",\"url\":\"https:\/\/abilica.com\/\",\"name\":\"Abilica\",\"description\":\"Abilica Home Training\",\"potentialAction\":[{\"@type\":\"SearchAction\",\"target\":{\"@type\":\"EntryPoint\",\"urlTemplate\":\"https:\/\/abilica.com\/?s={search_term_string}\"},\"query-input\":{\"@type\":\"PropertyValueSpecification\",\"valueRequired\":true,\"valueName\":\"search_term_string\"}}],\"inLanguage\":\"nb-NO\"}]}<\/script>\n<!-- \/ Yoast SEO Premium plugin. -->","yoast_head_json":{"title":"Treningsprogram til Abilica DumbBells &#8226; Abilica","robots":{"index":"index","follow":"follow","max-snippet":"max-snippet:-1","max-image-preview":"max-image-preview:large","max-video-preview":"max-video-preview:-1"},"canonical":"https:\/\/abilica.com\/no\/treningsprogram\/treningsprogram-til-abilica-dumbbells\/","og_locale":"nb_NO","og_type":"article","og_title":"Treningsprogram til Abilica DumbBells","og_description":"[vc_row full_width=&raquo;stretch_row_content&raquo; full_height=&raquo;yes&raquo; columns_placement=&raquo;bottom&raquo; css=&raquo;.vc_custom_1493028533951{background-image: url(https:\/\/abilica.com\/no\/wp-content\/uploads\/2017\/04\/dumb.jpg?id=17924) !important;background-position: center !important;background-repeat: no-repeat !important;background-size: cover !important;}&raquo;][vc_column width=&raquo;1\/3&#8243;][\/vc_column][vc_column width=&raquo;1\/3&#8243;][vc_icon...","og_url":"https:\/\/abilica.com\/no\/treningsprogram\/treningsprogram-til-abilica-dumbbells\/","og_site_name":"Abilica","article_publisher":"https:\/\/www.facebook.com\/abilicahometraining\/","twitter_card":"summary_large_image","twitter_misc":{"Ansl. lesetid":"6 minutter"},"schema":{"@context":"https:\/\/schema.org","@graph":[{"@type":"WebPage","@id":"https:\/\/abilica.com\/no\/treningsprogram\/treningsprogram-til-abilica-dumbbells\/","url":"https:\/\/abilica.com\/no\/treningsprogram\/treningsprogram-til-abilica-dumbbells\/","name":"Treningsprogram til Abilica DumbBells &#8226; Abilica","isPartOf":{"@id":"https:\/\/abilica.com\/#website"},"datePublished":"2023-07-30T17:14:00+00:00","breadcrumb":{"@id":"https:\/\/abilica.com\/no\/treningsprogram\/treningsprogram-til-abilica-dumbbells\/#breadcrumb"},"inLanguage":"nb-NO","potentialAction":[{"@type":"ReadAction","target":["https:\/\/abilica.com\/no\/treningsprogram\/treningsprogram-til-abilica-dumbbells\/"]}]},{"@type":"BreadcrumbList","@id":"https:\/\/abilica.com\/no\/treningsprogram\/treningsprogram-til-abilica-dumbbells\/#breadcrumb","itemListElement":[{"@type":"ListItem","position":1,"name":"Hem","item":"https:\/\/abilica.com\/no\/"},{"@type":"ListItem","position":2,"name":"Treningsprogram","item":"https:\/\/abilica.com\/no\/treningsprogram\/"},{"@type":"ListItem","position":3,"name":"Treningsprogram til Abilica DumbBells"}]},{"@type":"WebSite","@id":"https:\/\/abilica.com\/#website","url":"https:\/\/abilica.com\/","name":"Abilica","description":"Abilica Home Training","potentialAction":[{"@type":"SearchAction","target":{"@type":"EntryPoint","urlTemplate":"https:\/\/abilica.com\/?s={search_term_string}"},"query-input":{"@type":"PropertyValueSpecification","valueRequired":true,"valueName":"search_term_string"}}],"inLanguage":"nb-NO"}]}},"_links":{"self":[{"href":"https:\/\/abilica.com\/no\/wp-json\/wp\/v2\/pages\/32228","targetHints":{"allow":["GET"]}}],"collection":[{"href":"https:\/\/abilica.com\/no\/wp-json\/wp\/v2\/pages"}],"about":[{"href":"https:\/\/abilica.com\/no\/wp-json\/wp\/v2\/types\/page"}],"author":[{"embeddable":true,"href":"https:\/\/abilica.com\/no\/wp-json\/wp\/v2\/users\/13"}],"replies":[{"embeddable":true,"href":"https:\/\/abilica.com\/no\/wp-json\/wp\/v2\/comments?post=32228"}],"version-history":[{"count":1,"href":"https:\/\/abilica.com\/no\/wp-json\/wp\/v2\/pages\/32228\/revisions"}],"predecessor-version":[{"id":32238,"href":"https:\/\/abilica.com\/no\/wp-json\/wp\/v2\/pages\/32228\/revisions\/32238"}],"up":[{"embeddable":true,"href":"https:\/\/abilica.com\/no\/wp-json\/wp\/v2\/pages\/32218"}],"wp:attachment":[{"href":"https:\/\/abilica.com\/no\/wp-json\/wp\/v2\/media?parent=32228"}],"curies":[{"name":"wp","href":"https:\/\/api.w.org\/{rel}","templated":true}]}}