{"id":32229,"date":"2023-07-30T18:14:22","date_gmt":"2023-07-30T17:14:22","guid":{"rendered":"https:\/\/abilica.com\/?page_id=32229"},"modified":"2023-07-30T18:14:22","modified_gmt":"2023-07-30T17:14:22","slug":"treningsprogram-til-abilica-exertube","status":"publish","type":"page","link":"https:\/\/abilica.com\/no\/treningsprogram\/treningsprogram-til-abilica-exertube\/","title":{"rendered":"Treningsprogram til Abilica ExerTube"},"content":{"rendered":"<div class=\"wpb-content-wrapper\"><p>[vc_row full_width=&raquo;stretch_row_content&raquo; full_height=&raquo;yes&raquo; columns_placement=&raquo;bottom&raquo; css=&raquo;.vc_custom_1587464773689{background-image: url(https:\/\/abilica.com\/no\/wp-content\/uploads\/2020\/04\/3-2.jpg?id=32102) !important;background-position: center !important;background-repeat: no-repeat !important;background-size: cover !important;}&raquo;][vc_column width=&raquo;1\/3&#8243;][\/vc_column][vc_column width=&raquo;1\/3&#8243;][vc_icon icon_fontawesome=&raquo;fa fa-angle-down&raquo; color=&raquo;white&raquo; size=&raquo;xl&raquo; align=&raquo;center&raquo;][\/vc_column][vc_column width=&raquo;1\/3&#8243;][\/vc_column][\/vc_row][vc_row][vc_column][vc_column_text]<\/p>\n<h2 style=\"text-align: left;\"><span style=\"color: #000000;\">Treningsprogram til Abilica\u00a0ExerTube<\/span><\/h2>\n<p>Med en Abilica ExerTube strikk har du det perfekte treningsproduktet til \u00e5 ha med deg overalt. Spesielt perfekt til \u00e5 trene ro\u00f8velser som trener musklene i ryggen og mellom skulderbladene. Du f\u00e5r trent muskler som ellers er vanskelige \u00e5 f\u00e5 tak i.[\/vc_column_text][vc_empty_space][\/vc_column][\/vc_row][vc_row][vc_column][title text=&raquo;Kj\u00f8p ExerTube n\u00e5.&raquo; text_align=&raquo;left&raquo;][\/vc_column][\/vc_row][vc_row][vc_column width=&raquo;1\/2&#8243;][product_mod id=&raquo;2233&#8243;][\/vc_column][vc_column width=&raquo;1\/2&#8243;][\/vc_column][\/vc_row][vc_row][vc_column][vc_empty_space][vc_btn title=&raquo;Last ned treningsprogrammet i PDF&raquo; style=&raquo;flat&raquo; color=&raquo;black&raquo; i_icon_fontawesome=&raquo;fa fa-file-pdf-o&raquo; add_icon=&raquo;true&raquo; link=&raquo;url:https%3A%2F%2Fabilica.com\/no%2Fwp-content%2Fuploads%2F2017%2F02%2FAbilica-ExerTube.pdf||target:%20_blank|&raquo;][\/vc_column][\/vc_row][vc_row css=&raquo;.vc_custom_1492108997727{background-position: center !important;background-repeat: no-repeat !important;background-size: cover !important;}&raquo;][vc_column][vc_column_text]<\/p>\n<h2 style=\"text-align: left;\">1.<\/h2>\n<h2><strong>Kneb\u00f8y<\/strong><\/h2>\n<p><strong>Tid:<\/strong> 1 min<\/p>\n<p>St\u00e5 p\u00e5 strikken med beina i skulderbredde og la strikken hvile mot baksiden av armene. B\u00f8y i kn\u00e6rne og sett ut rumpa som\u00a0om du skulle sette deg p\u00e5 en lav stol. Kom ned til ca 90 grader i kn\u00e6r, hold brystet oppe. Kom rolig opp igjen.[\/vc_column_text][vc_single_image image=&raquo;17961&#8243; img_size=&raquo;full&raquo; alignment=&raquo;center&raquo;][\/vc_column][\/vc_row][vc_row][vc_column][vc_column_text]<\/p>\n<h2 style=\"text-align: left;\">2.<\/h2>\n<h2><strong>St\u00e5ende roing<\/strong><\/h2>\n<p><strong>Tid:<\/strong> 1 min<\/p>\n<p>Fest strikken i brysth\u00f8yde i et tre, stolpe, d\u00f8rh\u00e5ndtak eller lignende. Flytt deg s\u00e5 langt bak at strikken er passe stram. St\u00e5 med ansiktet mot strikkens feste. Trekk armene bakover med brede albuer. Skyt brystet frem og trekk skulderbladene sammen. Hold igjen p\u00e5 vei tilbake.[\/vc_column_text][vc_single_image image=&raquo;17955&#8243; img_size=&raquo;full&raquo; alignment=&raquo;center&raquo;][\/vc_column][\/vc_row][vc_row][vc_column][vc_column_text]<\/p>\n<h2 style=\"text-align: left;\">3.<\/h2>\n<h2><strong>Brystpress<\/strong><\/h2>\n<p><strong>Tid:<\/strong> 1 min<\/p>\n<p>Fest strikken i brysth\u00f8yde i et tre, stolpe, d\u00f8rh\u00e5ndtak eller lignende. Flytt deg s\u00e5 langt frem at strikken er passe stram. St\u00e5 med ryggen mot strikkens feste. Hold albuene i skulderh\u00f8yde, skyv armene frem til albuene er strukket nesten helt ut. Hold igjen p\u00e5 vei tilbake.[\/vc_column_text][vc_single_image image=&raquo;17956&#8243; img_size=&raquo;full&raquo; alignment=&raquo;center&raquo;][\/vc_column][\/vc_row][vc_row][vc_column][vc_column_text]<\/p>\n<h2 style=\"text-align: left;\">4.<\/h2>\n<h2><strong>Sidehev<\/strong><\/h2>\n<p><strong>Tid:<\/strong> 1 min<\/p>\n<p>St\u00e5 p\u00e5 strikken med en eller begge f\u00f8ttene, kryss strikken foran kroppen. L\u00f8ft armene ut til siden med en liten b\u00f8y i albuene. L\u00f8ft til skulderh\u00f8yde. Hold igjen p\u00e5 vei tilbake.[\/vc_column_text][vc_single_image image=&raquo;17957&#8243; img_size=&raquo;full&raquo; alignment=&raquo;center&raquo;][\/vc_column][\/vc_row][vc_row full_width=&raquo;stretch_row_content&raquo; full_height=&raquo;yes&raquo; css=&raquo;.vc_custom_1587464834637{background-image: url(https:\/\/abilica.com\/no\/wp-content\/uploads\/2020\/04\/4-9.jpg?id=32183) !important;background-position: center !important;background-repeat: no-repeat !important;background-size: cover !important;}&raquo;][vc_column][\/vc_column][\/vc_row][vc_row][vc_column][vc_column_text]<\/p>\n<h2 style=\"text-align: left;\">5.<\/h2>\n<h2><strong>Skulderpress og biceps curl<\/strong><\/h2>\n<p><strong>Tid:<\/strong> 1 min<\/p>\n<p>St\u00e5 p\u00e5 strikken med en eller begge f\u00f8ttene. Hold h\u00e5ndtakene med h\u00e5ndflatene vendt opp. B\u00f8y armene opp mot brystet. Snu s\u00e5 hendene rundt slik at albuene peker utover. Press armene over hodet til albuene er nesten helt strukket ut. Senk sakte hele veien tilbake.[\/vc_column_text][vc_single_image image=&raquo;17958&#8243; img_size=&raquo;full&raquo; alignment=&raquo;center&raquo;][vc_single_image image=&raquo;17953&#8243; img_size=&raquo;full&raquo; alignment=&raquo;center&raquo;][\/vc_column][\/vc_row][vc_row][vc_column][vc_column_text]<\/p>\n<h2 style=\"text-align: left;\">6.<\/h2>\n<h2><strong>Triceps<\/strong><\/h2>\n<p><strong>Tid:<\/strong> 1 min<\/p>\n<p>St\u00e5 et stykke inn p\u00e5 strikken slik at du f\u00e5r noe motstand og skyv den bak ryggen. Hold i h\u00e5ndtaket og strekk ut armen i en rett linje oppover. Armen skal v\u00e6re tett inn mot \u00f8ret. Hold igjen n\u00e5r du f\u00f8rer armen tilbake til startposisjon. Albuen peker mest mulig fremover. Skift arm etter 30 sekunder.[\/vc_column_text][vc_single_image image=&raquo;17954&#8243; img_size=&raquo;full&raquo; alignment=&raquo;center&raquo;][\/vc_column][\/vc_row][vc_row][vc_column][vc_column_text]<\/p>\n<h2 style=\"text-align: left;\">7.<\/h2>\n<h2><strong>Antirotasjon mage<\/strong><\/h2>\n<p><strong>Tid:<\/strong> 1 min<\/p>\n<p>Fest strikken i brysth\u00f8yde i et tre, stolpe, d\u00f8rh\u00e5ndtak eller lignende. Flytt deg s\u00e5 langt bak at strikken er passe stram. Still deg med siden til strikken. I en helt l\u00e5st posisjon f\u00f8rer du strikken rett ut fra kroppen og inn igjen uten \u00e5 rotere overkroppen. Skift side etter 30 sekunder.[\/vc_column_text][vc_single_image image=&raquo;17959&#8243; img_size=&raquo;full&raquo; alignment=&raquo;center&raquo;][\/vc_column][\/vc_row][vc_row][vc_column][vc_column_text]<\/p>\n<h2 style=\"text-align: left;\">8.<\/h2>\n<h2><strong>Ryggstrekkere<\/strong><\/h2>\n<p><strong>Tid:<\/strong> 1 min<\/p>\n<p>St\u00e5 p\u00e5 alle fire. Ha h\u00e5ndtakene rundt h\u00e5ndleddene og fest strikken under den ene foten. Hold rygg og nakke rett, trekk nedre del av magen inn og stabiliser i ryggen. Skyv benet strikken er festet til ut bak til benet er strukket ut i linje med ryggen. Hold igjen p\u00e5 vei tilbake. Skift ben etter 30 sekunder.[\/vc_column_text][vc_single_image image=&raquo;17960&#8243; img_size=&raquo;full&raquo; alignment=&raquo;center&raquo;][\/vc_column][\/vc_row][vc_row full_width=&raquo;stretch_row_content&raquo; css=&raquo;.vc_custom_1587464863140{background-color: #e0d7c5 !important;}&raquo;][vc_column][title text=&raquo;Kj\u00f8p din Abilica ExerTube n\u00e5.&raquo; tag=&raquo;h2&#8243; color=&raquo;#ffffff&raquo; text_align=&raquo;center&raquo;][vc_empty_space][\/vc_column][\/vc_row][vc_row][vc_column width=&raquo;1\/4&#8243;][\/vc_column][vc_column width=&raquo;1\/2&#8243;][product_mod id=&raquo;2233&#8243;][vc_empty_space][\/vc_column][vc_column width=&raquo;1\/4&#8243;][\/vc_column][\/vc_row][vc_row full_width=&raquo;stretch_row_content&raquo; full_height=&raquo;yes&raquo; css=&raquo;.vc_custom_1587464956407{background-image: url(https:\/\/abilica.com\/no\/wp-content\/uploads\/2020\/04\/4-10.jpg?id=32185) !important;background-position: center !important;background-repeat: no-repeat !important;background-size: cover !important;}&raquo;][vc_column][\/vc_column][\/vc_row]<\/p>\n<\/div>","protected":false},"excerpt":{"rendered":"<p>[vc_row full_width=&raquo;stretch_row_content&raquo; full_height=&raquo;yes&raquo; columns_placement=&raquo;bottom&raquo; css=&raquo;.vc_custom_1587464773689{background-image: url(https:\/\/abilica.com\/no\/wp-content\/uploads\/2020\/04\/3-2.jpg?id=32102) !important;background-position: center !important;background-repeat: no-repeat !important;background-size: cover !important;}&raquo;][vc_column width=&raquo;1\/3&#8243;][\/vc_column][vc_column width=&raquo;1\/3&#8243;][vc_icon&#8230;<\/p>\n","protected":false},"author":13,"featured_media":0,"parent":32218,"menu_order":0,"comment_status":"closed","ping_status":"closed","template":"","meta":{"_acf_changed":false,"footnotes":""},"class_list":["post-32229","page","type-page","status-publish","hentry"],"acf":[],"yoast_head":"<!-- This site is optimized with the Yoast SEO Premium plugin v21.1 (Yoast SEO v25.4) - https:\/\/yoast.com\/wordpress\/plugins\/seo\/ -->\n<title>Treningsprogram til Abilica ExerTube &#8226; Abilica<\/title>\n<meta name=\"robots\" content=\"index, follow, max-snippet:-1, max-image-preview:large, max-video-preview:-1\" \/>\n<link rel=\"canonical\" href=\"https:\/\/abilica.com\/no\/treningsprogram\/treningsprogram-til-abilica-exertube\/\" \/>\n<meta property=\"og:locale\" content=\"nb_NO\" \/>\n<meta property=\"og:type\" content=\"article\" \/>\n<meta property=\"og:title\" content=\"Treningsprogram til Abilica ExerTube\" \/>\n<meta property=\"og:description\" content=\"[vc_row full_width=&raquo;stretch_row_content&raquo; full_height=&raquo;yes&raquo; columns_placement=&raquo;bottom&raquo; css=&raquo;.vc_custom_1587464773689{background-image: url(https:\/\/abilica.com\/no\/wp-content\/uploads\/2020\/04\/3-2.jpg?id=32102) !important;background-position: center !important;background-repeat: no-repeat !important;background-size: cover !important;}&raquo;][vc_column width=&raquo;1\/3&#8243;][\/vc_column][vc_column width=&raquo;1\/3&#8243;][vc_icon...\" \/>\n<meta property=\"og:url\" content=\"https:\/\/abilica.com\/no\/treningsprogram\/treningsprogram-til-abilica-exertube\/\" \/>\n<meta property=\"og:site_name\" content=\"Abilica\" \/>\n<meta property=\"article:publisher\" content=\"https:\/\/www.facebook.com\/abilicahometraining\/\" \/>\n<meta name=\"twitter:card\" content=\"summary_large_image\" \/>\n<meta name=\"twitter:label1\" content=\"Ansl. lesetid\" \/>\n\t<meta name=\"twitter:data1\" content=\"5 minutter\" \/>\n<script type=\"application\/ld+json\" class=\"yoast-schema-graph\">{\"@context\":\"https:\/\/schema.org\",\"@graph\":[{\"@type\":\"WebPage\",\"@id\":\"https:\/\/abilica.com\/no\/treningsprogram\/treningsprogram-til-abilica-exertube\/\",\"url\":\"https:\/\/abilica.com\/no\/treningsprogram\/treningsprogram-til-abilica-exertube\/\",\"name\":\"Treningsprogram til Abilica ExerTube &#8226; Abilica\",\"isPartOf\":{\"@id\":\"https:\/\/abilica.com\/#website\"},\"datePublished\":\"2023-07-30T17:14:22+00:00\",\"breadcrumb\":{\"@id\":\"https:\/\/abilica.com\/no\/treningsprogram\/treningsprogram-til-abilica-exertube\/#breadcrumb\"},\"inLanguage\":\"nb-NO\",\"potentialAction\":[{\"@type\":\"ReadAction\",\"target\":[\"https:\/\/abilica.com\/no\/treningsprogram\/treningsprogram-til-abilica-exertube\/\"]}]},{\"@type\":\"BreadcrumbList\",\"@id\":\"https:\/\/abilica.com\/no\/treningsprogram\/treningsprogram-til-abilica-exertube\/#breadcrumb\",\"itemListElement\":[{\"@type\":\"ListItem\",\"position\":1,\"name\":\"Hem\",\"item\":\"https:\/\/abilica.com\/no\/\"},{\"@type\":\"ListItem\",\"position\":2,\"name\":\"Treningsprogram\",\"item\":\"https:\/\/abilica.com\/no\/treningsprogram\/\"},{\"@type\":\"ListItem\",\"position\":3,\"name\":\"Treningsprogram til Abilica ExerTube\"}]},{\"@type\":\"WebSite\",\"@id\":\"https:\/\/abilica.com\/#website\",\"url\":\"https:\/\/abilica.com\/\",\"name\":\"Abilica\",\"description\":\"Abilica Home Training\",\"potentialAction\":[{\"@type\":\"SearchAction\",\"target\":{\"@type\":\"EntryPoint\",\"urlTemplate\":\"https:\/\/abilica.com\/?s={search_term_string}\"},\"query-input\":{\"@type\":\"PropertyValueSpecification\",\"valueRequired\":true,\"valueName\":\"search_term_string\"}}],\"inLanguage\":\"nb-NO\"}]}<\/script>\n<!-- \/ Yoast SEO Premium plugin. -->","yoast_head_json":{"title":"Treningsprogram til Abilica ExerTube &#8226; Abilica","robots":{"index":"index","follow":"follow","max-snippet":"max-snippet:-1","max-image-preview":"max-image-preview:large","max-video-preview":"max-video-preview:-1"},"canonical":"https:\/\/abilica.com\/no\/treningsprogram\/treningsprogram-til-abilica-exertube\/","og_locale":"nb_NO","og_type":"article","og_title":"Treningsprogram til Abilica ExerTube","og_description":"[vc_row full_width=&raquo;stretch_row_content&raquo; full_height=&raquo;yes&raquo; columns_placement=&raquo;bottom&raquo; css=&raquo;.vc_custom_1587464773689{background-image: url(https:\/\/abilica.com\/no\/wp-content\/uploads\/2020\/04\/3-2.jpg?id=32102) !important;background-position: center !important;background-repeat: no-repeat !important;background-size: cover !important;}&raquo;][vc_column width=&raquo;1\/3&#8243;][\/vc_column][vc_column width=&raquo;1\/3&#8243;][vc_icon...","og_url":"https:\/\/abilica.com\/no\/treningsprogram\/treningsprogram-til-abilica-exertube\/","og_site_name":"Abilica","article_publisher":"https:\/\/www.facebook.com\/abilicahometraining\/","twitter_card":"summary_large_image","twitter_misc":{"Ansl. lesetid":"5 minutter"},"schema":{"@context":"https:\/\/schema.org","@graph":[{"@type":"WebPage","@id":"https:\/\/abilica.com\/no\/treningsprogram\/treningsprogram-til-abilica-exertube\/","url":"https:\/\/abilica.com\/no\/treningsprogram\/treningsprogram-til-abilica-exertube\/","name":"Treningsprogram til Abilica ExerTube &#8226; Abilica","isPartOf":{"@id":"https:\/\/abilica.com\/#website"},"datePublished":"2023-07-30T17:14:22+00:00","breadcrumb":{"@id":"https:\/\/abilica.com\/no\/treningsprogram\/treningsprogram-til-abilica-exertube\/#breadcrumb"},"inLanguage":"nb-NO","potentialAction":[{"@type":"ReadAction","target":["https:\/\/abilica.com\/no\/treningsprogram\/treningsprogram-til-abilica-exertube\/"]}]},{"@type":"BreadcrumbList","@id":"https:\/\/abilica.com\/no\/treningsprogram\/treningsprogram-til-abilica-exertube\/#breadcrumb","itemListElement":[{"@type":"ListItem","position":1,"name":"Hem","item":"https:\/\/abilica.com\/no\/"},{"@type":"ListItem","position":2,"name":"Treningsprogram","item":"https:\/\/abilica.com\/no\/treningsprogram\/"},{"@type":"ListItem","position":3,"name":"Treningsprogram til Abilica ExerTube"}]},{"@type":"WebSite","@id":"https:\/\/abilica.com\/#website","url":"https:\/\/abilica.com\/","name":"Abilica","description":"Abilica Home Training","potentialAction":[{"@type":"SearchAction","target":{"@type":"EntryPoint","urlTemplate":"https:\/\/abilica.com\/?s={search_term_string}"},"query-input":{"@type":"PropertyValueSpecification","valueRequired":true,"valueName":"search_term_string"}}],"inLanguage":"nb-NO"}]}},"_links":{"self":[{"href":"https:\/\/abilica.com\/no\/wp-json\/wp\/v2\/pages\/32229","targetHints":{"allow":["GET"]}}],"collection":[{"href":"https:\/\/abilica.com\/no\/wp-json\/wp\/v2\/pages"}],"about":[{"href":"https:\/\/abilica.com\/no\/wp-json\/wp\/v2\/types\/page"}],"author":[{"embeddable":true,"href":"https:\/\/abilica.com\/no\/wp-json\/wp\/v2\/users\/13"}],"replies":[{"embeddable":true,"href":"https:\/\/abilica.com\/no\/wp-json\/wp\/v2\/comments?post=32229"}],"version-history":[{"count":1,"href":"https:\/\/abilica.com\/no\/wp-json\/wp\/v2\/pages\/32229\/revisions"}],"predecessor-version":[{"id":32239,"href":"https:\/\/abilica.com\/no\/wp-json\/wp\/v2\/pages\/32229\/revisions\/32239"}],"up":[{"embeddable":true,"href":"https:\/\/abilica.com\/no\/wp-json\/wp\/v2\/pages\/32218"}],"wp:attachment":[{"href":"https:\/\/abilica.com\/no\/wp-json\/wp\/v2\/media?parent=32229"}],"curies":[{"name":"wp","href":"https:\/\/api.w.org\/{rel}","templated":true}]}}