{"id":32231,"date":"2023-07-30T18:15:01","date_gmt":"2023-07-30T17:15:01","guid":{"rendered":"https:\/\/abilica.com\/?page_id=32231"},"modified":"2023-07-30T18:15:01","modified_gmt":"2023-07-30T17:15:01","slug":"treningsprogram-til-abilica-foamroller","status":"publish","type":"page","link":"https:\/\/abilica.com\/no\/treningsprogram\/treningsprogram-til-abilica-foamroller\/","title":{"rendered":"Treningsprogram til Abilica FoamRoller"},"content":{"rendered":"<div class=\"wpb-content-wrapper\"><p>[vc_row full_width=&raquo;stretch_row_content&raquo; full_height=&raquo;yes&raquo; columns_placement=&raquo;bottom&raquo; css=&raquo;.vc_custom_1587462578890{background-image: url(https:\/\/abilica.com\/no\/wp-content\/uploads\/2020\/04\/IMG_4792.jpg?id=32147) !important;background-position: center !important;background-repeat: no-repeat !important;background-size: cover !important;}&raquo;][vc_column width=&raquo;1\/3&#8243;][\/vc_column][vc_column width=&raquo;1\/3&#8243;][vc_icon icon_fontawesome=&raquo;fa fa-angle-down&raquo; color=&raquo;white&raquo; size=&raquo;xl&raquo; align=&raquo;center&raquo;][\/vc_column][vc_column width=&raquo;1\/3&#8243;][\/vc_column][\/vc_row][vc_row][vc_column][vc_column_text]<\/p>\n<h2 style=\"text-align: left;\"><span style=\"color: #000000;\">Treningsprogram til Abilica\u00a0FoamRoller<\/span><\/h2>\n<p>Abilica FoamRoller er ett ypperlig verkt\u00f8y for egenmassasje og som oppvarming f\u00f8r trening. \u00c5 rulle p\u00e5 en FoamRoller er bra for sirkulasjon og bidrar til \u00e5 forebygge skader og \u00f8ke bevegeligheten.[\/vc_column_text][vc_empty_space][\/vc_column][\/vc_row][vc_row][vc_column][title text=&raquo;Kj\u00f8p FoamRoller n\u00e5.&raquo; text_align=&raquo;left&raquo;][\/vc_column][\/vc_row][vc_row][vc_column width=&raquo;1\/2&#8243;][product_mod id=&raquo;2584&#8243;][\/vc_column][vc_column width=&raquo;1\/2&#8243;][product_mod id=&raquo;2447&#8243;][\/vc_column][\/vc_row][vc_row][vc_column width=&raquo;1\/2&#8243;][product_mod id=&raquo;28643&#8243;][\/vc_column][vc_column width=&raquo;1\/2&#8243;][product_mod id=&raquo;19279&#8243;][\/vc_column][\/vc_row][vc_row][vc_column][vc_empty_space][vc_btn title=&raquo;Last ned treningsprogrammet i PDF&raquo; style=&raquo;flat&raquo; color=&raquo;black&raquo; i_icon_fontawesome=&raquo;fa fa-file-pdf-o&raquo; add_icon=&raquo;true&raquo; link=&raquo;url:https%3A%2F%2Fabilica.com\/no%2Fwp-content%2Fuploads%2F2017%2F02%2FAbilica-FoamRoller.pdf||target:%20_blank|&raquo;][\/vc_column][\/vc_row][vc_row css=&raquo;.vc_custom_1492108997727{background-position: center !important;background-repeat: no-repeat !important;background-size: cover !important;}&raquo;][vc_column][vc_column_text]<\/p>\n<h2 style=\"text-align: left;\">1.<\/h2>\n<div class=\"column\" style=\"text-align: left;\">\n<div class=\"column\">\n<h2>Utside l\u00e5r med FoamRoller<\/h2>\n<p><strong>Tid:<\/strong> 1 min<br \/>\n<strong>Trener:<\/strong>\u00a0L\u00f8ser opp spenninger p\u00e5 utsiden av l\u00e5ret<\/p>\n<\/div>\n<div class=\"column\">\n<p>Ligg p\u00e5 siden og plasser FoamRolleren rett ved hofteknoken. Rull rolig opp og ned til rett over kneet. Bruk armene til \u00e5 stabilisere. For ekstra avlastning, sett albuen i gulvet og legg det \u00f8verste benet foran.<\/p>\n<\/div>\n<\/div>\n<p>[\/vc_column_text][vc_single_image image=&raquo;17753&#8243; img_size=&raquo;full&raquo; alignment=&raquo;center&raquo;][\/vc_column][\/vc_row][vc_row][vc_column][vc_column_text]<\/p>\n<h2 style=\"text-align: left;\">2.<\/h2>\n<h2>Leggene p\u00e5 FoamRoller<\/h2>\n<p><strong>Tid:<\/strong> 1 min<br \/>\n<strong>Trener:\u00a0<\/strong>Bakside legger<\/p>\n<p>Legg FoamRolleren nederst p\u00e5 anklene rett ved achillesen og rull rolip opp fra ankel mot knehasen. For en hardere variant, legg beina opp\u00e5 hverandre for mer trykk.[\/vc_column_text][vc_single_image image=&raquo;17751&#8243; img_size=&raquo;full&raquo; alignment=&raquo;center&raquo;][\/vc_column][\/vc_row][vc_row full_width=&raquo;stretch_row_content&raquo; full_height=&raquo;yes&raquo; css=&raquo;.vc_custom_1587462736996{background-image: url(https:\/\/abilica.com\/no\/wp-content\/uploads\/2020\/04\/IMG_4802.jpg?id=32153) !important;background-position: center !important;background-repeat: no-repeat !important;background-size: cover !important;}&raquo;][vc_column][\/vc_column][\/vc_row][vc_row][vc_column][vc_column_text]<\/p>\n<h2 style=\"text-align: left;\">3.<\/h2>\n<h2>Brystryggen p\u00e5 FoamRoller<\/h2>\n<p><strong>Tid:<\/strong> 1 min<br \/>\n<strong>Trener: <\/strong>\u00d8vre del av rygg<\/p>\n<p>Start ved \u00e5 plassere FoamRolleren i midtre del av ryggen. Kn\u00e6rne b\u00f8yes og brukes aktivt til \u00e5 lage bevegelse slik at rullen g\u00e5r opp og ned langs brystveggen. Rull fra mellom skulderblader til midt p\u00e5 ryggen. For \u00e5 avlaste nakken, legg hendene bak hodet.[\/vc_column_text][vc_single_image image=&raquo;17754&#8243; img_size=&raquo;full&raquo; alignment=&raquo;center&raquo;][\/vc_column][\/vc_row][vc_row][vc_column][vc_column_text]<\/p>\n<h2 style=\"text-align: left;\">4.<\/h2>\n<h2>Forside l\u00e5r p\u00e5 FoamRoller<\/h2>\n<p><strong>Tid:<\/strong> 1 min<br \/>\n<strong>Trener:\u00a0<\/strong>Forside l\u00e5r, hofteb\u00f8yere og mage.<\/p>\n<p>Legg FoamRolleren rett over kneet. Stabilisere med armene og hold en aktiv mage. Skyv med armene og rull i jevn bevegelse opp til hoftekanten. For lettere variant, legg albuene i gulvet.[\/vc_column_text][vc_single_image image=&raquo;17756&#8243; img_size=&raquo;full&raquo; alignment=&raquo;center&raquo;][\/vc_column][\/vc_row][vc_row][vc_column][vc_column_text]<\/p>\n<h2 style=\"text-align: left;\">5.<\/h2>\n<h2>Ryggstrekker p\u00e5 FoamRoller<\/h2>\n<p><strong>Tid:<\/strong> 1 min<br \/>\n<strong>Trener: <\/strong>Avspenning i ryggs\u00f8yle og brystmuskulatur<\/p>\n<p>Legg FoamRolleren langs ryggraden s\u00e5 hodet hviler p\u00e5 FoamRoller. Slipp hofta\/rumpa ned og strekk armene ut til siden. Pr\u00f8v \u00e5 slipp skuldrene ned. Pust rolig ut og inn. Lukk gjerne \u00f8ynene.[\/vc_column_text][vc_single_image image=&raquo;17755&#8243; img_size=&raquo;full&raquo; alignment=&raquo;center&raquo;][\/vc_column][\/vc_row][vc_row full_width=&raquo;stretch_row_content&raquo; css=&raquo;.vc_custom_1492774679390{background-color: #000000 !important;}&raquo;][vc_column][title text=&raquo;Kj\u00f8p din Abilica FoamRoller n\u00e5.&raquo; tag=&raquo;h2&#8243; color=&raquo;#ffffff&raquo; text_align=&raquo;center&raquo;][vc_empty_space][\/vc_column][\/vc_row][vc_row full_width=&raquo;stretch_row_content&raquo;][vc_column width=&raquo;1\/4&#8243;][product_mod id=&raquo;2584&#8243;][vc_empty_space][\/vc_column][vc_column width=&raquo;1\/4&#8243;][product_mod id=&raquo;2447&#8243;][vc_empty_space][\/vc_column][vc_column width=&raquo;1\/4&#8243;][product_mod id=&raquo;19279&#8243;][vc_empty_space][\/vc_column][vc_column width=&raquo;1\/4&#8243;][product_mod id=&raquo;28643&#8243;][vc_empty_space][\/vc_column][\/vc_row][vc_row full_width=&raquo;stretch_row_content&raquo; full_height=&raquo;yes&raquo; css=&raquo;.vc_custom_1587462837740{background-image: url(https:\/\/abilica.com\/no\/wp-content\/uploads\/2020\/04\/foam1.jpg?id=32156) !important;background-position: center !important;background-repeat: no-repeat !important;background-size: cover !important;}&raquo;][vc_column][\/vc_column][\/vc_row]<\/p>\n<\/div>","protected":false},"excerpt":{"rendered":"<p>[vc_row full_width=&raquo;stretch_row_content&raquo; full_height=&raquo;yes&raquo; columns_placement=&raquo;bottom&raquo; css=&raquo;.vc_custom_1587462578890{background-image: url(https:\/\/abilica.com\/no\/wp-content\/uploads\/2020\/04\/IMG_4792.jpg?id=32147) !important;background-position: center !important;background-repeat: no-repeat !important;background-size: cover !important;}&raquo;][vc_column width=&raquo;1\/3&#8243;][\/vc_column][vc_column width=&raquo;1\/3&#8243;][vc_icon&#8230;<\/p>\n","protected":false},"author":13,"featured_media":0,"parent":32218,"menu_order":0,"comment_status":"closed","ping_status":"closed","template":"","meta":{"_acf_changed":false,"footnotes":""},"class_list":["post-32231","page","type-page","status-publish","hentry"],"acf":[],"yoast_head":"<!-- This site is optimized with the Yoast SEO Premium plugin v21.1 (Yoast SEO v25.4) - https:\/\/yoast.com\/wordpress\/plugins\/seo\/ -->\n<title>Treningsprogram til Abilica FoamRoller &#8226; Abilica<\/title>\n<meta name=\"robots\" content=\"index, follow, max-snippet:-1, max-image-preview:large, max-video-preview:-1\" \/>\n<link rel=\"canonical\" href=\"https:\/\/abilica.com\/no\/treningsprogram\/treningsprogram-til-abilica-foamroller\/\" \/>\n<meta property=\"og:locale\" content=\"nb_NO\" \/>\n<meta property=\"og:type\" content=\"article\" \/>\n<meta property=\"og:title\" content=\"Treningsprogram til Abilica FoamRoller\" \/>\n<meta property=\"og:description\" content=\"[vc_row full_width=&raquo;stretch_row_content&raquo; full_height=&raquo;yes&raquo; columns_placement=&raquo;bottom&raquo; css=&raquo;.vc_custom_1587462578890{background-image: url(https:\/\/abilica.com\/no\/wp-content\/uploads\/2020\/04\/IMG_4792.jpg?id=32147) !important;background-position: center !important;background-repeat: no-repeat !important;background-size: cover !important;}&raquo;][vc_column width=&raquo;1\/3&#8243;][\/vc_column][vc_column width=&raquo;1\/3&#8243;][vc_icon...\" \/>\n<meta property=\"og:url\" content=\"https:\/\/abilica.com\/no\/treningsprogram\/treningsprogram-til-abilica-foamroller\/\" \/>\n<meta property=\"og:site_name\" content=\"Abilica\" \/>\n<meta property=\"article:publisher\" content=\"https:\/\/www.facebook.com\/abilicahometraining\/\" \/>\n<meta name=\"twitter:card\" content=\"summary_large_image\" \/>\n<meta name=\"twitter:label1\" content=\"Ansl. lesetid\" \/>\n\t<meta name=\"twitter:data1\" content=\"4 minutter\" \/>\n<script type=\"application\/ld+json\" class=\"yoast-schema-graph\">{\"@context\":\"https:\/\/schema.org\",\"@graph\":[{\"@type\":\"WebPage\",\"@id\":\"https:\/\/abilica.com\/no\/treningsprogram\/treningsprogram-til-abilica-foamroller\/\",\"url\":\"https:\/\/abilica.com\/no\/treningsprogram\/treningsprogram-til-abilica-foamroller\/\",\"name\":\"Treningsprogram til Abilica FoamRoller &#8226; Abilica\",\"isPartOf\":{\"@id\":\"https:\/\/abilica.com\/#website\"},\"datePublished\":\"2023-07-30T17:15:01+00:00\",\"breadcrumb\":{\"@id\":\"https:\/\/abilica.com\/no\/treningsprogram\/treningsprogram-til-abilica-foamroller\/#breadcrumb\"},\"inLanguage\":\"nb-NO\",\"potentialAction\":[{\"@type\":\"ReadAction\",\"target\":[\"https:\/\/abilica.com\/no\/treningsprogram\/treningsprogram-til-abilica-foamroller\/\"]}]},{\"@type\":\"BreadcrumbList\",\"@id\":\"https:\/\/abilica.com\/no\/treningsprogram\/treningsprogram-til-abilica-foamroller\/#breadcrumb\",\"itemListElement\":[{\"@type\":\"ListItem\",\"position\":1,\"name\":\"Hem\",\"item\":\"https:\/\/abilica.com\/no\/\"},{\"@type\":\"ListItem\",\"position\":2,\"name\":\"Treningsprogram\",\"item\":\"https:\/\/abilica.com\/no\/treningsprogram\/\"},{\"@type\":\"ListItem\",\"position\":3,\"name\":\"Treningsprogram til Abilica FoamRoller\"}]},{\"@type\":\"WebSite\",\"@id\":\"https:\/\/abilica.com\/#website\",\"url\":\"https:\/\/abilica.com\/\",\"name\":\"Abilica\",\"description\":\"Abilica Home Training\",\"potentialAction\":[{\"@type\":\"SearchAction\",\"target\":{\"@type\":\"EntryPoint\",\"urlTemplate\":\"https:\/\/abilica.com\/?s={search_term_string}\"},\"query-input\":{\"@type\":\"PropertyValueSpecification\",\"valueRequired\":true,\"valueName\":\"search_term_string\"}}],\"inLanguage\":\"nb-NO\"}]}<\/script>\n<!-- \/ Yoast SEO Premium plugin. -->","yoast_head_json":{"title":"Treningsprogram til Abilica FoamRoller &#8226; Abilica","robots":{"index":"index","follow":"follow","max-snippet":"max-snippet:-1","max-image-preview":"max-image-preview:large","max-video-preview":"max-video-preview:-1"},"canonical":"https:\/\/abilica.com\/no\/treningsprogram\/treningsprogram-til-abilica-foamroller\/","og_locale":"nb_NO","og_type":"article","og_title":"Treningsprogram til Abilica FoamRoller","og_description":"[vc_row full_width=&raquo;stretch_row_content&raquo; full_height=&raquo;yes&raquo; columns_placement=&raquo;bottom&raquo; css=&raquo;.vc_custom_1587462578890{background-image: url(https:\/\/abilica.com\/no\/wp-content\/uploads\/2020\/04\/IMG_4792.jpg?id=32147) !important;background-position: center !important;background-repeat: no-repeat !important;background-size: cover !important;}&raquo;][vc_column width=&raquo;1\/3&#8243;][\/vc_column][vc_column width=&raquo;1\/3&#8243;][vc_icon...","og_url":"https:\/\/abilica.com\/no\/treningsprogram\/treningsprogram-til-abilica-foamroller\/","og_site_name":"Abilica","article_publisher":"https:\/\/www.facebook.com\/abilicahometraining\/","twitter_card":"summary_large_image","twitter_misc":{"Ansl. lesetid":"4 minutter"},"schema":{"@context":"https:\/\/schema.org","@graph":[{"@type":"WebPage","@id":"https:\/\/abilica.com\/no\/treningsprogram\/treningsprogram-til-abilica-foamroller\/","url":"https:\/\/abilica.com\/no\/treningsprogram\/treningsprogram-til-abilica-foamroller\/","name":"Treningsprogram til Abilica FoamRoller &#8226; Abilica","isPartOf":{"@id":"https:\/\/abilica.com\/#website"},"datePublished":"2023-07-30T17:15:01+00:00","breadcrumb":{"@id":"https:\/\/abilica.com\/no\/treningsprogram\/treningsprogram-til-abilica-foamroller\/#breadcrumb"},"inLanguage":"nb-NO","potentialAction":[{"@type":"ReadAction","target":["https:\/\/abilica.com\/no\/treningsprogram\/treningsprogram-til-abilica-foamroller\/"]}]},{"@type":"BreadcrumbList","@id":"https:\/\/abilica.com\/no\/treningsprogram\/treningsprogram-til-abilica-foamroller\/#breadcrumb","itemListElement":[{"@type":"ListItem","position":1,"name":"Hem","item":"https:\/\/abilica.com\/no\/"},{"@type":"ListItem","position":2,"name":"Treningsprogram","item":"https:\/\/abilica.com\/no\/treningsprogram\/"},{"@type":"ListItem","position":3,"name":"Treningsprogram til Abilica FoamRoller"}]},{"@type":"WebSite","@id":"https:\/\/abilica.com\/#website","url":"https:\/\/abilica.com\/","name":"Abilica","description":"Abilica Home Training","potentialAction":[{"@type":"SearchAction","target":{"@type":"EntryPoint","urlTemplate":"https:\/\/abilica.com\/?s={search_term_string}"},"query-input":{"@type":"PropertyValueSpecification","valueRequired":true,"valueName":"search_term_string"}}],"inLanguage":"nb-NO"}]}},"_links":{"self":[{"href":"https:\/\/abilica.com\/no\/wp-json\/wp\/v2\/pages\/32231","targetHints":{"allow":["GET"]}}],"collection":[{"href":"https:\/\/abilica.com\/no\/wp-json\/wp\/v2\/pages"}],"about":[{"href":"https:\/\/abilica.com\/no\/wp-json\/wp\/v2\/types\/page"}],"author":[{"embeddable":true,"href":"https:\/\/abilica.com\/no\/wp-json\/wp\/v2\/users\/13"}],"replies":[{"embeddable":true,"href":"https:\/\/abilica.com\/no\/wp-json\/wp\/v2\/comments?post=32231"}],"version-history":[{"count":1,"href":"https:\/\/abilica.com\/no\/wp-json\/wp\/v2\/pages\/32231\/revisions"}],"predecessor-version":[{"id":32241,"href":"https:\/\/abilica.com\/no\/wp-json\/wp\/v2\/pages\/32231\/revisions\/32241"}],"up":[{"embeddable":true,"href":"https:\/\/abilica.com\/no\/wp-json\/wp\/v2\/pages\/32218"}],"wp:attachment":[{"href":"https:\/\/abilica.com\/no\/wp-json\/wp\/v2\/media?parent=32231"}],"curies":[{"name":"wp","href":"https:\/\/api.w.org\/{rel}","templated":true}]}}