{"id":32232,"date":"2023-07-30T18:15:24","date_gmt":"2023-07-30T17:15:24","guid":{"rendered":"https:\/\/abilica.com\/?page_id=32232"},"modified":"2023-07-30T18:15:24","modified_gmt":"2023-07-30T17:15:24","slug":"treningsprogram-til-abilica-gymmats","status":"publish","type":"page","link":"https:\/\/abilica.com\/no\/treningsprogram\/treningsprogram-til-abilica-gymmats\/","title":{"rendered":"Treningsprogram til Abilica GymMats"},"content":{"rendered":"<div class=\"wpb-content-wrapper\"><p>[vc_row full_width=&raquo;stretch_row_content&raquo; full_height=&raquo;yes&raquo; columns_placement=&raquo;bottom&raquo; css=&raquo;.vc_custom_1587462438817{background-image: url(https:\/\/abilica.com\/no\/wp-content\/uploads\/2020\/04\/matte.jpg?id=32094) !important;background-position: center !important;background-repeat: no-repeat !important;background-size: cover !important;}&raquo;][vc_column width=&raquo;1\/3&#8243;][\/vc_column][vc_column width=&raquo;1\/3&#8243;][vc_icon icon_fontawesome=&raquo;fa fa-angle-down&raquo; color=&raquo;white&raquo; size=&raquo;xl&raquo; align=&raquo;center&raquo;][\/vc_column][vc_column width=&raquo;1\/3&#8243;][\/vc_column][\/vc_row][vc_row][vc_column][vc_column_text]<\/p>\n<h2 style=\"text-align: left;\"><span style=\"color: #000000;\">Treningsprogram til Abilica\u00a0GymMats<\/span><\/h2>\n<p style=\"text-align: left;\">Abilica GymMat treningsmatte er meget godt egnet for trening og for utt\u00f8ying etter trening hjemme. Dette treningsprogrammet viser deg varierte \u00f8velser du kan gj\u00f8re p\u00e5 stuegulvet, ute eller p\u00e5 et treningssenter.<\/p>\n<p>[\/vc_column_text][vc_empty_space][\/vc_column][\/vc_row][vc_row][vc_column][title text=&raquo;Kj\u00f8p GymMats n\u00e5.&raquo; text_align=&raquo;left&raquo;][\/vc_column][\/vc_row][vc_row][vc_column width=&raquo;1\/3&#8243;][product_mod id=&raquo;2226&#8243;][\/vc_column][vc_column width=&raquo;1\/3&#8243;][product_mod id=&raquo;19251&#8243;][\/vc_column][vc_column width=&raquo;1\/3&#8243;][product_mod id=&raquo;28458&#8243;][\/vc_column][\/vc_row][vc_row][vc_column][vc_empty_space][vc_btn title=&raquo;Last ned treningsprogrammet i PDF&raquo; style=&raquo;flat&raquo; color=&raquo;black&raquo; i_icon_fontawesome=&raquo;fa fa-file-pdf-o&raquo; add_icon=&raquo;true&raquo; link=&raquo;url:https%3A%2F%2Fabilica.com\/no%2Fwp-content%2Fuploads%2F2017%2F02%2FAbilica-GymMats.pdf||target:%20_blank|&raquo;][\/vc_column][\/vc_row][vc_row css=&raquo;.vc_custom_1492108997727{background-position: center !important;background-repeat: no-repeat !important;background-size: cover !important;}&raquo;][vc_column][vc_column_text]<\/p>\n<h2 style=\"text-align: left;\">1.<\/h2>\n<h2><strong>Utfall til knel\u00f8ft<\/strong><\/h2>\n<p><strong>Antall repetisjoner:<\/strong>\u00a010-12 x 3<\/p>\n<p>St\u00e5 med et ben langt foran det andre.\u00a0 Hold hoftebreddes avstand for \u00e5 holde balansen. B\u00f8y s\u00e5 like mye i b\u00e5de bakre og det fremre kneet. Hold tyngden av overkroppen midt mellom begge f\u00f8ttene, og hold overkroppen oppreist. Rett i ryggen. Skyv fra med det bakerste benet p\u00e5 veien opp og kom direkte opp i balanse. Gjenta i 30 sekunder p\u00e5 samme ben f\u00f8r du skifter.[\/vc_column_text][vc_single_image image=&raquo;17769&#8243; img_size=&raquo;full&raquo; alignment=&raquo;center&raquo;][\/vc_column][\/vc_row][vc_row][vc_column][vc_column_text]<\/p>\n<h2 style=\"text-align: left;\">2.<\/h2>\n<h2><strong>Meitemarken<\/strong><\/h2>\n<p><strong>Antall repetisjoner:\u00a0<\/strong>10-12 x 3<\/p>\n<p>St\u00e5 oppreist, b\u00f8y i hofta til hendene n\u00e5r gulvflaten, og krabb fremover til plankeposisjon. Sett hendene i bred posisjon og gj\u00f8r en pushup. Krabb s\u00e5 bakover igjen med hendene og tilbake til oppreist posisjon. Sett kn\u00e6rne i matten under pushupene om det er for tungt.[\/vc_column_text][vc_single_image image=&raquo;17770&#8243; img_size=&raquo;full&raquo; alignment=&raquo;center&raquo;][\/vc_column][\/vc_row][vc_row][vc_column][vc_column_text]<\/p>\n<h2 style=\"text-align: left;\">3.<\/h2>\n<h2><strong>Planke med triceps-push<\/strong><\/h2>\n<p><strong>Antall repetisjoner:\u00a0<\/strong>10-12 x 3<\/p>\n<p>Still deg i plankeposisjon med albuene i underlaget. V\u00e6r helt rett i kroppen. Det er lov \u00e5 ha kn\u00e6rne i underlaget, men pass p\u00e5 at du holder rumpa nede. Sett s\u00e5 den ene h\u00e5nden i underlaget og press deg opp i planke p\u00e5 strake armer. Senk deg s\u00e5 rolig ned igjen med den samme h\u00e5nden f\u00f8rst. Bytt h\u00e5nd og press deg opp p\u00e5 samme m\u00e5te.[\/vc_column_text][vc_single_image image=&raquo;17771&#8243; img_size=&raquo;full&raquo; alignment=&raquo;center&raquo;][\/vc_column][\/vc_row][vc_row][vc_column][vc_column_text]<\/p>\n<h2 style=\"text-align: left;\">4.<\/h2>\n<h2><strong>Situps med benstrekk<\/strong><\/h2>\n<p><strong>Antall repetisjoner:\u00a0<\/strong>10-12 x 3<\/p>\n<p>Ligg p\u00e5 ryggen med kn\u00e6rne b\u00f8yd opp mot brystet og armene bak hodet. Gj\u00f8r en situp hvor armene svinger ut til siden og frem mot kn\u00e6rne. Vel oppe strekker du ut bena. Jo lengre ned mot gulvet du har bena, jo tyngre er det. Pass p\u00e5 at korsryggen er i underlaget hele veien. Deretter gj\u00f8r du hele \u00f8velsen i motsatt rekkef\u00f8lge tilbake til utgangsposisjon.[\/vc_column_text][vc_single_image image=&raquo;17772&#8243; img_size=&raquo;full&raquo; alignment=&raquo;center&raquo;][\/vc_column][\/vc_row][vc_row full_width=&raquo;stretch_row_content&raquo; full_height=&raquo;yes&raquo; css=&raquo;.vc_custom_1587462474066{background-image: url(https:\/\/abilica.com\/no\/wp-content\/uploads\/2020\/04\/matte2.jpg?id=32098) !important;background-position: center !important;background-repeat: no-repeat !important;background-size: cover !important;}&raquo;][vc_column][\/vc_column][\/vc_row][vc_row][vc_column][vc_column_text]<\/p>\n<h2 style=\"text-align: left;\">5.<\/h2>\n<h2><strong>L\u00f8pende planke<\/strong><\/h2>\n<p><strong>Antall repetisjoner:\u00a0<\/strong>10-12 x 3<\/p>\n<p>Still deg i plankeposisjon p\u00e5 strake armer. Start s\u00e5 i rolig tempo og \u00abl\u00f8p\u00bb med kn\u00e6rne opp mot brystet. Hold rumpa nede og kroppen strak. \u00d8k tempo etter hvert som du er komfortabel med \u00f8velsen.[\/vc_column_text][vc_single_image image=&raquo;17773&#8243; img_size=&raquo;full&raquo; alignment=&raquo;center&raquo;][\/vc_column][\/vc_row][vc_row][vc_column][vc_column_text]<\/p>\n<h2 style=\"text-align: left;\">6.<\/h2>\n<h2><strong>Ryggstrekk<\/strong><\/h2>\n<p><strong>Antall repetisjoner:\u00a0<\/strong>10-12 x 3<\/p>\n<p>Ligg p\u00e5 magen p\u00e5 underlaget og strekk ut armene og bena. L\u00f8ft s\u00e5 venstre ben og h\u00f8yre arm opp fra under laget, strekk godt frem i fingertuppene og ut i t\u00e6rne. Senk rolig ned og bytt til motsatt ben og arm.[\/vc_column_text][vc_single_image image=&raquo;17775&#8243; img_size=&raquo;full&raquo; alignment=&raquo;center&raquo;][\/vc_column][\/vc_row][vc_row][vc_column][vc_column_text]<\/p>\n<h2 style=\"text-align: left;\">7.<\/h2>\n<h2>Burpees<\/h2>\n<p><strong>Antall repetisjoner:\u00a0<\/strong>10-12 x 3<\/p>\n<p>St\u00e5 oppreist, b\u00f8y deg ned, med hendene i matten, og hopp bena ut til plankeposisjon. Stram magen s\u00e5 du beskytter ryggen. Hopp s\u00e5 tilbake p\u00e5 huk og derfra opp i et spensthopp. Gjenta.[\/vc_column_text][vc_single_image image=&raquo;17774&#8243; img_size=&raquo;full&raquo; alignment=&raquo;center&raquo;][vc_empty_space height=&raquo;62px&raquo;][\/vc_column][\/vc_row][vc_row full_width=&raquo;stretch_row_content&raquo; css=&raquo;.vc_custom_1587462503097{background-color: #000000 !important;}&raquo;][vc_column][title text=&raquo;Kj\u00f8p din Abilica GymMat n\u00e5.&raquo; tag=&raquo;h2&#8243; color=&raquo;#ffffff&raquo; text_align=&raquo;center&raquo;][vc_empty_space][\/vc_column][\/vc_row][vc_row][vc_column width=&raquo;1\/3&#8243;][product_mod id=&raquo;2226&#8243;][vc_empty_space][\/vc_column][vc_column width=&raquo;1\/3&#8243;][product_mod id=&raquo;19251&#8243;][vc_empty_space][\/vc_column][vc_column width=&raquo;1\/3&#8243;][product_mod id=&raquo;28458&#8243;][vc_empty_space][\/vc_column][\/vc_row][vc_row full_width=&raquo;stretch_row_content&raquo; full_height=&raquo;yes&raquo; css=&raquo;.vc_custom_1492775259171{background-image: url(https:\/\/abilica.com\/no\/wp-content\/uploads\/2017\/04\/ymmat3.jpg?id=17763) !important;background-position: center !important;background-repeat: no-repeat !important;background-size: cover !important;}&raquo;][vc_column][\/vc_column][\/vc_row]<\/p>\n<\/div>","protected":false},"excerpt":{"rendered":"<p>[vc_row full_width=&raquo;stretch_row_content&raquo; full_height=&raquo;yes&raquo; columns_placement=&raquo;bottom&raquo; css=&raquo;.vc_custom_1587462438817{background-image: url(https:\/\/abilica.com\/no\/wp-content\/uploads\/2020\/04\/matte.jpg?id=32094) !important;background-position: center !important;background-repeat: no-repeat !important;background-size: cover !important;}&raquo;][vc_column width=&raquo;1\/3&#8243;][\/vc_column][vc_column width=&raquo;1\/3&#8243;][vc_icon&#8230;<\/p>\n","protected":false},"author":13,"featured_media":0,"parent":32218,"menu_order":0,"comment_status":"closed","ping_status":"closed","template":"","meta":{"_acf_changed":false,"footnotes":""},"class_list":["post-32232","page","type-page","status-publish","hentry"],"acf":[],"yoast_head":"<!-- This site is optimized with the Yoast SEO Premium plugin v21.1 (Yoast SEO v25.4) - https:\/\/yoast.com\/wordpress\/plugins\/seo\/ -->\n<title>Treningsprogram til Abilica GymMats &#8226; Abilica<\/title>\n<meta name=\"robots\" content=\"index, follow, max-snippet:-1, max-image-preview:large, max-video-preview:-1\" \/>\n<link rel=\"canonical\" href=\"https:\/\/abilica.com\/training-programs\/treningsprogram-til-abilica-gymmats\/\" \/>\n<meta property=\"og:locale\" content=\"nb_NO\" \/>\n<meta property=\"og:type\" content=\"article\" \/>\n<meta property=\"og:title\" content=\"Treningsprogram til Abilica GymMats\" \/>\n<meta property=\"og:description\" content=\"[vc_row full_width=&raquo;stretch_row_content&raquo; full_height=&raquo;yes&raquo; columns_placement=&raquo;bottom&raquo; css=&raquo;.vc_custom_1587462438817{background-image: url(https:\/\/abilica.com\/no\/wp-content\/uploads\/2020\/04\/matte.jpg?id=32094) !important;background-position: center !important;background-repeat: no-repeat !important;background-size: cover !important;}&raquo;][vc_column width=&raquo;1\/3&#8243;][\/vc_column][vc_column width=&raquo;1\/3&#8243;][vc_icon...\" \/>\n<meta property=\"og:url\" content=\"https:\/\/abilica.com\/training-programs\/treningsprogram-til-abilica-gymmats\/\" \/>\n<meta property=\"og:site_name\" content=\"Abilica\" \/>\n<meta property=\"article:publisher\" content=\"https:\/\/www.facebook.com\/abilicahometraining\/\" \/>\n<meta name=\"twitter:card\" content=\"summary_large_image\" \/>\n<meta name=\"twitter:label1\" content=\"Ansl. lesetid\" \/>\n\t<meta name=\"twitter:data1\" content=\"5 minutter\" \/>\n<script type=\"application\/ld+json\" class=\"yoast-schema-graph\">{\"@context\":\"https:\/\/schema.org\",\"@graph\":[{\"@type\":\"WebPage\",\"@id\":\"https:\/\/abilica.com\/training-programs\/treningsprogram-til-abilica-gymmats\/\",\"url\":\"https:\/\/abilica.com\/training-programs\/treningsprogram-til-abilica-gymmats\/\",\"name\":\"Treningsprogram til Abilica GymMats &#8226; Abilica\",\"isPartOf\":{\"@id\":\"https:\/\/abilica.com\/#website\"},\"datePublished\":\"2023-07-30T17:15:24+00:00\",\"breadcrumb\":{\"@id\":\"https:\/\/abilica.com\/training-programs\/treningsprogram-til-abilica-gymmats\/#breadcrumb\"},\"inLanguage\":\"nb-NO\",\"potentialAction\":[{\"@type\":\"ReadAction\",\"target\":[\"https:\/\/abilica.com\/training-programs\/treningsprogram-til-abilica-gymmats\/\"]}]},{\"@type\":\"BreadcrumbList\",\"@id\":\"https:\/\/abilica.com\/training-programs\/treningsprogram-til-abilica-gymmats\/#breadcrumb\",\"itemListElement\":[{\"@type\":\"ListItem\",\"position\":1,\"name\":\"Hem\",\"item\":\"https:\/\/abilica.com\/no\/\"},{\"@type\":\"ListItem\",\"position\":2,\"name\":\"Treningsprogram\",\"item\":\"https:\/\/abilica.com\/no\/treningsprogram\/\"},{\"@type\":\"ListItem\",\"position\":3,\"name\":\"Treningsprogram til Abilica GymMats\"}]},{\"@type\":\"WebSite\",\"@id\":\"https:\/\/abilica.com\/#website\",\"url\":\"https:\/\/abilica.com\/\",\"name\":\"Abilica\",\"description\":\"Abilica Home Training\",\"potentialAction\":[{\"@type\":\"SearchAction\",\"target\":{\"@type\":\"EntryPoint\",\"urlTemplate\":\"https:\/\/abilica.com\/?s={search_term_string}\"},\"query-input\":{\"@type\":\"PropertyValueSpecification\",\"valueRequired\":true,\"valueName\":\"search_term_string\"}}],\"inLanguage\":\"nb-NO\"}]}<\/script>\n<!-- \/ Yoast SEO Premium plugin. -->","yoast_head_json":{"title":"Treningsprogram til Abilica GymMats &#8226; Abilica","robots":{"index":"index","follow":"follow","max-snippet":"max-snippet:-1","max-image-preview":"max-image-preview:large","max-video-preview":"max-video-preview:-1"},"canonical":"https:\/\/abilica.com\/training-programs\/treningsprogram-til-abilica-gymmats\/","og_locale":"nb_NO","og_type":"article","og_title":"Treningsprogram til Abilica GymMats","og_description":"[vc_row full_width=&raquo;stretch_row_content&raquo; full_height=&raquo;yes&raquo; columns_placement=&raquo;bottom&raquo; css=&raquo;.vc_custom_1587462438817{background-image: url(https:\/\/abilica.com\/no\/wp-content\/uploads\/2020\/04\/matte.jpg?id=32094) !important;background-position: center !important;background-repeat: no-repeat !important;background-size: cover !important;}&raquo;][vc_column width=&raquo;1\/3&#8243;][\/vc_column][vc_column width=&raquo;1\/3&#8243;][vc_icon...","og_url":"https:\/\/abilica.com\/training-programs\/treningsprogram-til-abilica-gymmats\/","og_site_name":"Abilica","article_publisher":"https:\/\/www.facebook.com\/abilicahometraining\/","twitter_card":"summary_large_image","twitter_misc":{"Ansl. lesetid":"5 minutter"},"schema":{"@context":"https:\/\/schema.org","@graph":[{"@type":"WebPage","@id":"https:\/\/abilica.com\/training-programs\/treningsprogram-til-abilica-gymmats\/","url":"https:\/\/abilica.com\/training-programs\/treningsprogram-til-abilica-gymmats\/","name":"Treningsprogram til Abilica GymMats &#8226; Abilica","isPartOf":{"@id":"https:\/\/abilica.com\/#website"},"datePublished":"2023-07-30T17:15:24+00:00","breadcrumb":{"@id":"https:\/\/abilica.com\/training-programs\/treningsprogram-til-abilica-gymmats\/#breadcrumb"},"inLanguage":"nb-NO","potentialAction":[{"@type":"ReadAction","target":["https:\/\/abilica.com\/training-programs\/treningsprogram-til-abilica-gymmats\/"]}]},{"@type":"BreadcrumbList","@id":"https:\/\/abilica.com\/training-programs\/treningsprogram-til-abilica-gymmats\/#breadcrumb","itemListElement":[{"@type":"ListItem","position":1,"name":"Hem","item":"https:\/\/abilica.com\/no\/"},{"@type":"ListItem","position":2,"name":"Treningsprogram","item":"https:\/\/abilica.com\/no\/treningsprogram\/"},{"@type":"ListItem","position":3,"name":"Treningsprogram til Abilica GymMats"}]},{"@type":"WebSite","@id":"https:\/\/abilica.com\/#website","url":"https:\/\/abilica.com\/","name":"Abilica","description":"Abilica Home Training","potentialAction":[{"@type":"SearchAction","target":{"@type":"EntryPoint","urlTemplate":"https:\/\/abilica.com\/?s={search_term_string}"},"query-input":{"@type":"PropertyValueSpecification","valueRequired":true,"valueName":"search_term_string"}}],"inLanguage":"nb-NO"}]}},"_links":{"self":[{"href":"https:\/\/abilica.com\/no\/wp-json\/wp\/v2\/pages\/32232","targetHints":{"allow":["GET"]}}],"collection":[{"href":"https:\/\/abilica.com\/no\/wp-json\/wp\/v2\/pages"}],"about":[{"href":"https:\/\/abilica.com\/no\/wp-json\/wp\/v2\/types\/page"}],"author":[{"embeddable":true,"href":"https:\/\/abilica.com\/no\/wp-json\/wp\/v2\/users\/13"}],"replies":[{"embeddable":true,"href":"https:\/\/abilica.com\/no\/wp-json\/wp\/v2\/comments?post=32232"}],"version-history":[{"count":1,"href":"https:\/\/abilica.com\/no\/wp-json\/wp\/v2\/pages\/32232\/revisions"}],"predecessor-version":[{"id":32242,"href":"https:\/\/abilica.com\/no\/wp-json\/wp\/v2\/pages\/32232\/revisions\/32242"}],"up":[{"embeddable":true,"href":"https:\/\/abilica.com\/no\/wp-json\/wp\/v2\/pages\/32218"}],"wp:attachment":[{"href":"https:\/\/abilica.com\/no\/wp-json\/wp\/v2\/media?parent=32232"}],"curies":[{"name":"wp","href":"https:\/\/api.w.org\/{rel}","templated":true}]}}