{"id":32233,"date":"2023-07-30T18:15:43","date_gmt":"2023-07-30T17:15:43","guid":{"rendered":"https:\/\/abilica.com\/?page_id=32233"},"modified":"2023-07-30T18:15:43","modified_gmt":"2023-07-30T17:15:43","slug":"treningsprogram-til-abilica-heavyrocker","status":"publish","type":"page","link":"https:\/\/abilica.com\/no\/treningsprogram\/treningsprogram-til-abilica-heavyrocker\/","title":{"rendered":"Treningsprogram til Abilica HeavyRocker"},"content":{"rendered":"<div class=\"wpb-content-wrapper\"><p>[vc_row full_width=&raquo;stretch_row_content&raquo; full_height=&raquo;yes&raquo; columns_placement=&raquo;bottom&raquo; css=&raquo;.vc_custom_1492770322108{background-image: url(https:\/\/abilica.com\/no\/wp-content\/uploads\/2017\/04\/heavy.jpg?id=17660) !important;background-position: center !important;background-repeat: no-repeat !important;background-size: cover !important;}&raquo;][vc_column width=&raquo;1\/3&#8243;][\/vc_column][vc_column width=&raquo;1\/3&#8243;][vc_icon icon_fontawesome=&raquo;fa fa-angle-down&raquo; color=&raquo;custom&raquo; size=&raquo;xl&raquo; align=&raquo;center&raquo; custom_color=&raquo;#8224e3&#8243;][\/vc_column][vc_column width=&raquo;1\/3&#8243;][\/vc_column][\/vc_row][vc_row][vc_column][vc_column_text]<\/p>\n<h2>Treningsprogram til Abilica HeavyRocker<\/h2>\n<p>Abilica HeavyRocker roskering gir \u00f8kt styrke i mage og rygg. Rockeringen har vekter og du vil kjenne treningen godt. Tyngden gj\u00f8r den mer effektiv, da du bruker mer muskelkraft for \u00e5 rocke. Kulene p\u00e5 ringen gir en kraftig massasje.[\/vc_column_text][vc_empty_space][\/vc_column][\/vc_row][vc_row][vc_column][title text=&raquo;Kj\u00f8p HeavyRocker n\u00e5.&raquo; tag=&raquo;h2&#8243; text_align=&raquo;left&raquo;][\/vc_column][\/vc_row][vc_row content_placement=&raquo;middle&raquo;][vc_column width=&raquo;1\/2&#8243;][product_mod id=&raquo;1278&#8243;][\/vc_column][vc_column width=&raquo;1\/2&#8243;][\/vc_column][\/vc_row][vc_row][vc_column][vc_empty_space][vc_btn title=&raquo;Last ned treningsprogrammet i PDF&raquo; style=&raquo;flat&raquo; color=&raquo;danger&raquo; i_icon_fontawesome=&raquo;fa fa-file-pdf-o&raquo; add_icon=&raquo;true&raquo; link=&raquo;url:https%3A%2F%2Fabilica.com\/no%2Fwp-content%2Fuploads%2F2017%2F02%2FAbilica-HeavyRocker.pdf|||&raquo;][vc_empty_space][\/vc_column][\/vc_row][vc_row full_height=&raquo;yes&raquo; css=&raquo;.vc_custom_1492108295473{background-position: center !important;background-repeat: no-repeat !important;background-size: cover !important;}&raquo;][vc_column css=&raquo;.vc_custom_1492691214219{margin-top: 0px !important;border-top-width: 0px !important;padding-top: 0px !important;}&raquo;][vc_column_text]<\/p>\n<h2 style=\"text-align: left;\">1.<\/h2>\n<h2><strong>Kondisjon<\/strong><\/h2>\n<p><strong>Tid:<\/strong> 30 sek<br \/>\nTripp p\u00e5 stedet mens du st\u00f8tter deg til rockeringen.<\/p>\n<h2><strong>Rockering<\/strong><\/h2>\n<p><strong>Tid:<\/strong>\u00a030 sek<br \/>\nRock den veien som er naturlig for deg.[\/vc_column_text][vc_single_image image=&raquo;17674&#8243; img_size=&raquo;full&raquo; alignment=&raquo;center&raquo;][\/vc_column][\/vc_row][vc_row][vc_column][vc_column_text]<\/p>\n<h2 style=\"text-align: left;\">2.<\/h2>\n<h2><strong>Kondisjon<\/strong><\/h2>\n<p><strong>Tid:<\/strong> 30 sek<br \/>\nKneb\u00f8y mens du st\u00f8tter deg til rockeringen.<\/p>\n<h2><strong>Rockering<\/strong><\/h2>\n<p><strong>Tid:<\/strong>\u00a030 sek<br \/>\nRock motsatt vei av det som er naturlig for deg.[\/vc_column_text][vc_single_image image=&raquo;17675&#8243; img_size=&raquo;full&raquo; alignment=&raquo;center&raquo;][\/vc_column][\/vc_row][vc_row][vc_column][vc_column_text]<\/p>\n<h2 style=\"text-align: left;\">3.<\/h2>\n<h2><strong>Kondisjon<\/strong><\/h2>\n<p><strong>Tid:<\/strong> 30 sek<br \/>\nKnel\u00f8ft mens du st\u00f8tter deg til rockeringen.<\/p>\n<h2><strong>Rockering<\/strong><\/h2>\n<p><strong>Tid:<\/strong>\u00a030 sek<br \/>\nVarier tempoet p\u00e5 rockeringen (den mest naturlige veien)[\/vc_column_text][vc_single_image image=&raquo;17677&#8243; img_size=&raquo;full&raquo; alignment=&raquo;center&raquo;][\/vc_column][\/vc_row][vc_row][vc_column][vc_column_text]<\/p>\n<h2 style=\"text-align: left;\">4.<\/h2>\n<h2><strong>Kondisjon<\/strong><\/h2>\n<p><strong>Tid:<\/strong> 30 sek<br \/>\nL\u00f8ft rockeringen opp og ned over hodet.<\/p>\n<h2><strong>Rockering<\/strong><\/h2>\n<p><strong>Tid:<\/strong>\u00a030 sek<br \/>\nB\u00f8y i kn\u00e6rne mens du rocker (den mest naturlige veien)[\/vc_column_text][vc_single_image image=&raquo;17679&#8243; img_size=&raquo;full&raquo; alignment=&raquo;center&raquo;][\/vc_column][\/vc_row][vc_row][vc_column][vc_column_text]<\/p>\n<h2 style=\"text-align: left;\">5.<\/h2>\n<h2><strong>Kondisjon<\/strong><\/h2>\n<p><strong>Tid:<\/strong> 30 sek<br \/>\nB\u00f8y og strekk i armene med rockeringen som belastning.<\/p>\n<h2><strong>Rockering<\/strong><\/h2>\n<p><strong>Tid:<\/strong>\u00a030 sek<br \/>\nStrekk armene mot taket mens du rocker.[\/vc_column_text][vc_single_image image=&raquo;17681&#8243; img_size=&raquo;full&raquo; alignment=&raquo;center&raquo;][\/vc_column][\/vc_row][vc_row full_width=&raquo;stretch_row_content&raquo; css=&raquo;.vc_custom_1494922698749{background-color: #702f8a !important;}&raquo;][vc_column][vc_empty_space height=&raquo;8px&raquo;][title text=&raquo;Kj\u00f8p din Abilica HeavyRocker n\u00e5.&raquo; tag=&raquo;h2&#8243; color=&raquo;#ffffff&raquo; text_align=&raquo;center&raquo;][vc_empty_space][\/vc_column][\/vc_row][vc_row][vc_column width=&raquo;1\/4&#8243;][\/vc_column][vc_column width=&raquo;1\/2&#8243;][product_mod id=&raquo;1278&#8243;][vc_empty_space][\/vc_column][vc_column width=&raquo;1\/4&#8243;][\/vc_column][\/vc_row]<\/p>\n<\/div>","protected":false},"excerpt":{"rendered":"<p>[vc_row full_width=&raquo;stretch_row_content&raquo; full_height=&raquo;yes&raquo; columns_placement=&raquo;bottom&raquo; css=&raquo;.vc_custom_1492770322108{background-image: url(https:\/\/abilica.com\/no\/wp-content\/uploads\/2017\/04\/heavy.jpg?id=17660) !important;background-position: center !important;background-repeat: no-repeat !important;background-size: cover !important;}&raquo;][vc_column width=&raquo;1\/3&#8243;][\/vc_column][vc_column width=&raquo;1\/3&#8243;][vc_icon&#8230;<\/p>\n","protected":false},"author":13,"featured_media":0,"parent":32218,"menu_order":0,"comment_status":"closed","ping_status":"closed","template":"","meta":{"_acf_changed":false,"footnotes":""},"class_list":["post-32233","page","type-page","status-publish","hentry"],"acf":[],"yoast_head":"<!-- This site is optimized with the Yoast SEO Premium plugin v21.1 (Yoast SEO v25.4) - https:\/\/yoast.com\/wordpress\/plugins\/seo\/ -->\n<title>Treningsprogram til Abilica HeavyRocker &#8226; Abilica<\/title>\n<meta name=\"robots\" content=\"index, follow, max-snippet:-1, max-image-preview:large, max-video-preview:-1\" \/>\n<link rel=\"canonical\" href=\"https:\/\/abilica.com\/no\/treningsprogram\/treningsprogram-til-abilica-heavyrocker\/\" \/>\n<meta property=\"og:locale\" content=\"nb_NO\" \/>\n<meta property=\"og:type\" content=\"article\" \/>\n<meta property=\"og:title\" content=\"Treningsprogram til Abilica HeavyRocker\" \/>\n<meta property=\"og:description\" content=\"[vc_row full_width=&raquo;stretch_row_content&raquo; full_height=&raquo;yes&raquo; columns_placement=&raquo;bottom&raquo; css=&raquo;.vc_custom_1492770322108{background-image: url(https:\/\/abilica.com\/no\/wp-content\/uploads\/2017\/04\/heavy.jpg?id=17660) !important;background-position: center !important;background-repeat: no-repeat !important;background-size: cover !important;}&raquo;][vc_column width=&raquo;1\/3&#8243;][\/vc_column][vc_column width=&raquo;1\/3&#8243;][vc_icon...\" \/>\n<meta property=\"og:url\" content=\"https:\/\/abilica.com\/no\/treningsprogram\/treningsprogram-til-abilica-heavyrocker\/\" \/>\n<meta property=\"og:site_name\" content=\"Abilica\" \/>\n<meta property=\"article:publisher\" content=\"https:\/\/www.facebook.com\/abilicahometraining\/\" \/>\n<meta name=\"twitter:card\" content=\"summary_large_image\" \/>\n<meta name=\"twitter:label1\" content=\"Ansl. lesetid\" \/>\n\t<meta name=\"twitter:data1\" content=\"3 minutter\" \/>\n<script type=\"application\/ld+json\" class=\"yoast-schema-graph\">{\"@context\":\"https:\/\/schema.org\",\"@graph\":[{\"@type\":\"WebPage\",\"@id\":\"https:\/\/abilica.com\/no\/treningsprogram\/treningsprogram-til-abilica-heavyrocker\/\",\"url\":\"https:\/\/abilica.com\/no\/treningsprogram\/treningsprogram-til-abilica-heavyrocker\/\",\"name\":\"Treningsprogram til Abilica HeavyRocker &#8226; Abilica\",\"isPartOf\":{\"@id\":\"https:\/\/abilica.com\/#website\"},\"datePublished\":\"2023-07-30T17:15:43+00:00\",\"breadcrumb\":{\"@id\":\"https:\/\/abilica.com\/no\/treningsprogram\/treningsprogram-til-abilica-heavyrocker\/#breadcrumb\"},\"inLanguage\":\"nb-NO\",\"potentialAction\":[{\"@type\":\"ReadAction\",\"target\":[\"https:\/\/abilica.com\/no\/treningsprogram\/treningsprogram-til-abilica-heavyrocker\/\"]}]},{\"@type\":\"BreadcrumbList\",\"@id\":\"https:\/\/abilica.com\/no\/treningsprogram\/treningsprogram-til-abilica-heavyrocker\/#breadcrumb\",\"itemListElement\":[{\"@type\":\"ListItem\",\"position\":1,\"name\":\"Hem\",\"item\":\"https:\/\/abilica.com\/no\/\"},{\"@type\":\"ListItem\",\"position\":2,\"name\":\"Treningsprogram\",\"item\":\"https:\/\/abilica.com\/no\/treningsprogram\/\"},{\"@type\":\"ListItem\",\"position\":3,\"name\":\"Treningsprogram til Abilica HeavyRocker\"}]},{\"@type\":\"WebSite\",\"@id\":\"https:\/\/abilica.com\/#website\",\"url\":\"https:\/\/abilica.com\/\",\"name\":\"Abilica\",\"description\":\"Abilica Home Training\",\"potentialAction\":[{\"@type\":\"SearchAction\",\"target\":{\"@type\":\"EntryPoint\",\"urlTemplate\":\"https:\/\/abilica.com\/?s={search_term_string}\"},\"query-input\":{\"@type\":\"PropertyValueSpecification\",\"valueRequired\":true,\"valueName\":\"search_term_string\"}}],\"inLanguage\":\"nb-NO\"}]}<\/script>\n<!-- \/ Yoast SEO Premium plugin. -->","yoast_head_json":{"title":"Treningsprogram til Abilica HeavyRocker &#8226; Abilica","robots":{"index":"index","follow":"follow","max-snippet":"max-snippet:-1","max-image-preview":"max-image-preview:large","max-video-preview":"max-video-preview:-1"},"canonical":"https:\/\/abilica.com\/no\/treningsprogram\/treningsprogram-til-abilica-heavyrocker\/","og_locale":"nb_NO","og_type":"article","og_title":"Treningsprogram til Abilica HeavyRocker","og_description":"[vc_row full_width=&raquo;stretch_row_content&raquo; full_height=&raquo;yes&raquo; columns_placement=&raquo;bottom&raquo; css=&raquo;.vc_custom_1492770322108{background-image: url(https:\/\/abilica.com\/no\/wp-content\/uploads\/2017\/04\/heavy.jpg?id=17660) !important;background-position: center !important;background-repeat: no-repeat !important;background-size: cover !important;}&raquo;][vc_column width=&raquo;1\/3&#8243;][\/vc_column][vc_column width=&raquo;1\/3&#8243;][vc_icon...","og_url":"https:\/\/abilica.com\/no\/treningsprogram\/treningsprogram-til-abilica-heavyrocker\/","og_site_name":"Abilica","article_publisher":"https:\/\/www.facebook.com\/abilicahometraining\/","twitter_card":"summary_large_image","twitter_misc":{"Ansl. lesetid":"3 minutter"},"schema":{"@context":"https:\/\/schema.org","@graph":[{"@type":"WebPage","@id":"https:\/\/abilica.com\/no\/treningsprogram\/treningsprogram-til-abilica-heavyrocker\/","url":"https:\/\/abilica.com\/no\/treningsprogram\/treningsprogram-til-abilica-heavyrocker\/","name":"Treningsprogram til Abilica HeavyRocker &#8226; Abilica","isPartOf":{"@id":"https:\/\/abilica.com\/#website"},"datePublished":"2023-07-30T17:15:43+00:00","breadcrumb":{"@id":"https:\/\/abilica.com\/no\/treningsprogram\/treningsprogram-til-abilica-heavyrocker\/#breadcrumb"},"inLanguage":"nb-NO","potentialAction":[{"@type":"ReadAction","target":["https:\/\/abilica.com\/no\/treningsprogram\/treningsprogram-til-abilica-heavyrocker\/"]}]},{"@type":"BreadcrumbList","@id":"https:\/\/abilica.com\/no\/treningsprogram\/treningsprogram-til-abilica-heavyrocker\/#breadcrumb","itemListElement":[{"@type":"ListItem","position":1,"name":"Hem","item":"https:\/\/abilica.com\/no\/"},{"@type":"ListItem","position":2,"name":"Treningsprogram","item":"https:\/\/abilica.com\/no\/treningsprogram\/"},{"@type":"ListItem","position":3,"name":"Treningsprogram til Abilica HeavyRocker"}]},{"@type":"WebSite","@id":"https:\/\/abilica.com\/#website","url":"https:\/\/abilica.com\/","name":"Abilica","description":"Abilica Home Training","potentialAction":[{"@type":"SearchAction","target":{"@type":"EntryPoint","urlTemplate":"https:\/\/abilica.com\/?s={search_term_string}"},"query-input":{"@type":"PropertyValueSpecification","valueRequired":true,"valueName":"search_term_string"}}],"inLanguage":"nb-NO"}]}},"_links":{"self":[{"href":"https:\/\/abilica.com\/no\/wp-json\/wp\/v2\/pages\/32233","targetHints":{"allow":["GET"]}}],"collection":[{"href":"https:\/\/abilica.com\/no\/wp-json\/wp\/v2\/pages"}],"about":[{"href":"https:\/\/abilica.com\/no\/wp-json\/wp\/v2\/types\/page"}],"author":[{"embeddable":true,"href":"https:\/\/abilica.com\/no\/wp-json\/wp\/v2\/users\/13"}],"replies":[{"embeddable":true,"href":"https:\/\/abilica.com\/no\/wp-json\/wp\/v2\/comments?post=32233"}],"version-history":[{"count":1,"href":"https:\/\/abilica.com\/no\/wp-json\/wp\/v2\/pages\/32233\/revisions"}],"predecessor-version":[{"id":32243,"href":"https:\/\/abilica.com\/no\/wp-json\/wp\/v2\/pages\/32233\/revisions\/32243"}],"up":[{"embeddable":true,"href":"https:\/\/abilica.com\/no\/wp-json\/wp\/v2\/pages\/32218"}],"wp:attachment":[{"href":"https:\/\/abilica.com\/no\/wp-json\/wp\/v2\/media?parent=32233"}],"curies":[{"name":"wp","href":"https:\/\/api.w.org\/{rel}","templated":true}]}}