{"id":32245,"date":"2023-07-30T18:16:28","date_gmt":"2023-07-30T17:16:28","guid":{"rendered":"https:\/\/abilica.com\/?page_id=32245"},"modified":"2023-07-30T18:16:28","modified_gmt":"2023-07-30T17:16:28","slug":"treningsprogram-til-abilica-kettlebells","status":"publish","type":"page","link":"https:\/\/abilica.com\/no\/treningsprogram\/treningsprogram-til-abilica-kettlebells\/","title":{"rendered":"Treningsprogram til Abilica KettleBells"},"content":{"rendered":"<div class=\"wpb-content-wrapper\"><p>[vc_row full_width=&raquo;stretch_row_content&raquo; full_height=&raquo;yes&raquo; columns_placement=&raquo;bottom&raquo; css=&raquo;.vc_custom_1587465019832{background-image: url(https:\/\/abilica.com\/no\/wp-content\/uploads\/2020\/04\/21.jpg?id=32081) !important;background-position: center !important;background-repeat: no-repeat !important;background-size: cover !important;}&raquo;][vc_column width=&raquo;1\/3&#8243;][\/vc_column][vc_column width=&raquo;1\/3&#8243;][vc_icon icon_fontawesome=&raquo;fa fa-angle-down&raquo; color=&raquo;white&raquo; size=&raquo;xl&raquo; align=&raquo;center&raquo;][\/vc_column][vc_column width=&raquo;1\/3&#8243;][\/vc_column][\/vc_row][vc_row][vc_column][vc_column_text]<\/p>\n<h2 style=\"text-align: left;\"><span style=\"color: #000000;\">Treningsprogram til Abilica\u00a0KettleBells<\/span><\/h2>\n<p>Trening med kettlebells er en\u00a0flere hundre \u00e5r gammel treningsform, opprinnelig fra Russland, som har kommet tilbake. En kettlebell skal brukes eksplosivt og dynamisk. Dvs. med stor fart og bevegelse. Dette gir en utmerket trening i form av \u00f8kt styrke, koordinasjon, stabilisering og utholdenhet. Man trener funksjonelt, tredimensjonalt og henter inn \u00f8velser som vi trenger for \u00e5 fungere enda bedre i hverdagen.<\/p>\n<p>Her finner du ditt eget treningsprogram for kettlebells. Last ned programmet som PDF og ta dem med deg der du trener![\/vc_column_text][vc_empty_space][\/vc_column][\/vc_row][vc_row][vc_column][title text=&raquo;Kj\u00f8p KettleBells n\u00e5.&raquo; text_align=&raquo;left&raquo;][\/vc_column][\/vc_row][vc_row][vc_column width=&raquo;1\/2&#8243;][product_mod id=&raquo;2254&#8243;][\/vc_column][vc_column width=&raquo;1\/2&#8243;][product_mod id=&raquo;29644&#8243;][\/vc_column][\/vc_row][vc_row][vc_column][vc_empty_space][vc_btn title=&raquo;Last ned treningsprogrammet i PDF&raquo; style=&raquo;flat&raquo; color=&raquo;black&raquo; i_icon_fontawesome=&raquo;fa fa-file-pdf-o&raquo; add_icon=&raquo;true&raquo; link=&raquo;url:https%3A%2F%2Fabilica.com\/no%2Fwp-content%2Fuploads%2F2017%2F02%2FAbilica-KettleBells.pdf||target:%20_blank|&raquo;][\/vc_column][\/vc_row][vc_row css=&raquo;.vc_custom_1492108997727{background-position: center !important;background-repeat: no-repeat !important;background-size: cover !important;}&raquo;][vc_column][vc_column_text]<\/p>\n<h2 style=\"text-align: left;\">1.<\/h2>\n<h2><strong>Kneb\u00f8y med dobbelh\u00e5ndsflipp<\/strong><\/h2>\n<p><strong>Tid:<\/strong> 1 min<\/p>\n<p>Still deg med f\u00f8ttene i hoftebreddes avstand. Hold kettlebellene i hendene. Gj\u00f8r en kneb\u00f8y s\u00e5 langt ned du kan med strak rygg og kn\u00e6rne i linje med f\u00f8ttene. Hele foten skal v\u00e6re i bakken. Reis deg opp med strak rygg og gj\u00f8r samtidig en flipp lik en frivending med dine kettlebells. Fj\u00e6r litt i kn\u00e6rne for \u00e5 dempe treffet av kettlebellen mot underarmen. Flipp tilbake kettlebellene. Begynn p\u00e5 nytt med kneb\u00f8y.[\/vc_column_text][vc_single_image image=&raquo;17977&#8243; img_size=&raquo;full&raquo; alignment=&raquo;center&raquo;][\/vc_column][\/vc_row][vc_row][vc_column][vc_column_text]<\/p>\n<h2 style=\"text-align: left;\">2.<\/h2>\n<h2><strong>Kneb\u00f8y med enh\u00e5nds korkskru<\/strong><\/h2>\n<p><strong>Tid:<\/strong> 1 min<\/p>\n<p>Still deg med f\u00f8ttene i hoftebreddes avstand. Hold din kettlebell i valgfri h\u00e5nd. Gj\u00f8r en kneb\u00f8y s\u00e5 langt ned du kan med din kettlebell mellom bena. Hold strak rygg og kn\u00e6rne i linje med f\u00f8ttene. Hele foten skal v\u00e6re i bakken. Reis deg opp med strak rygg og gj\u00f8r samtidig en korkskru. 30 sekunder per side.[\/vc_column_text][vc_single_image image=&raquo;17978&#8243; img_size=&raquo;full&raquo; alignment=&raquo;center&raquo;][\/vc_column][\/vc_row][vc_row][vc_column][vc_column_text]<\/p>\n<h2 style=\"text-align: left;\">3.<\/h2>\n<h2><strong>Kneb\u00f8y med enh\u00e5nd korkskru og press<\/strong><\/h2>\n<p><strong>Tid:<\/strong> 1 min<\/p>\n<p>Still deg med f\u00f8ttene i hoftebreddes avstand. Hold kettlebellen i valgfri h\u00e5nd. Gj\u00f8r en kneb\u00f8y s\u00e5 langt ned du kan med din kettlebell mellom bena. Hold strak rygg og kn\u00e6rne i linje med f\u00f8ttene. Hele foten skal v\u00e6re i bakken. Reis deg opp med strak rygg og gj\u00f8r samtidig en korkskru fulgt av en skulderpress. 30 sekunder per side.[\/vc_column_text][vc_single_image image=&raquo;17979&#8243; img_size=&raquo;full&raquo; alignment=&raquo;center&raquo;][\/vc_column][\/vc_row][vc_row][vc_column][vc_column_text]<\/p>\n<h2 style=\"text-align: left;\">4.<\/h2>\n<h2><strong>Utfall med dobbelflipp<\/strong><\/h2>\n<p><strong>Tid:<\/strong> 1 min<\/p>\n<p>Ta et steg fremover med valgfritt ben. N\u00e5r du er i b\u00e5nn skal begge kn\u00e6rne ha ca 90 graders vinkel. Hold hoftebredde i steget, s\u00e5 du har god balanse. Hold kettlebellene langs siden av kroppen. Rett i ryggen og brystet frem. La kroppen synke ned mot bakken som et lodd ved \u00e5 b\u00f8ye kn\u00e6rne samtidig som du gj\u00f8r en dobbel-handsflipp med dine kettlebell.[\/vc_column_text][vc_single_image image=&raquo;17980&#8243; img_size=&raquo;full&raquo; alignment=&raquo;center&raquo;][\/vc_column][\/vc_row][vc_row full_width=&raquo;stretch_row_content&raquo; full_height=&raquo;yes&raquo; css=&raquo;.vc_custom_1493033311132{background-image: url(https:\/\/abilica.com\/no\/wp-content\/uploads\/2017\/04\/ttle4.jpg?id=17973) !important;background-position: center !important;background-repeat: no-repeat !important;background-size: cover !important;}&raquo;][vc_column][\/vc_column][\/vc_row][vc_row][vc_column][vc_column_text]<\/p>\n<h2 style=\"text-align: left;\">5.<\/h2>\n<h2>Utfall med enh\u00e5nds korkskru<\/h2>\n<p><strong>Tid:<\/strong> 1 min<\/p>\n<p>Ta et steg fremover med valgfritt ben. Hold din kettlebell i h\u00e5nden som er p\u00e5 samme side som ditt bakre ben. N\u00e5r du er i b\u00e5nn skal begge kn\u00e6rne ha ca 90 graders vinkel. Hold hoftebredde i steget s\u00e5 du har god balanse. Rett i ryggen og brystet frem. La kroppen synke ned mot bakken som et lodd ved \u00e5 b\u00f8ye kn\u00e6rne samtidig som du gj\u00f8r en enh\u00e5nds korkskru.[\/vc_column_text][vc_single_image image=&raquo;17981&#8243; img_size=&raquo;full&raquo; alignment=&raquo;center&raquo;][\/vc_column][\/vc_row][vc_row][vc_column][vc_column_text]<\/p>\n<h2 style=\"text-align: left;\">6.<\/h2>\n<h2><strong>Dobbelth\u00e5ndssving<\/strong><\/h2>\n<p><strong>Tid:<\/strong> 1 min<\/p>\n<p>St\u00e5 med bena bredt fra hverande. Hold kettlebellen mellom bena med begge hendene. V\u00e6r rett i ryggen. B\u00f8y noe p\u00e5 kn\u00e6rne. Sving kettlebellen under deg med strake armer og skyt fra med hoften. Hold ryggen strak. Spenn magen.[\/vc_column_text][vc_single_image image=&raquo;17982&#8243; img_size=&raquo;full&raquo; alignment=&raquo;center&raquo;][\/vc_column][\/vc_row][vc_row][vc_column][vc_column_text]<\/p>\n<h2 style=\"text-align: left;\">7.<\/h2>\n<h2><strong>Enh\u00e5ndssving med h\u00e5ndbytte<\/strong><\/h2>\n<p><strong>Tid:<\/strong> 1 min<\/p>\n<p>St\u00e5 bredt med bena fra hverande. Hold kettlebellen mellom bena med valgfri h\u00e5nd. Begynn \u00e5 svinge den. Bytt h\u00e5nd n\u00e5r den er vektl\u00f8s i h\u00f8yde med navlen. Hold ryggen rett. Spenn magen.[\/vc_column_text][vc_single_image image=&raquo;17983&#8243; img_size=&raquo;full&raquo; alignment=&raquo;center&raquo;][\/vc_column][\/vc_row][vc_row][vc_column][vc_column_text]<\/p>\n<h2 style=\"text-align: left;\">8.<\/h2>\n<h2><strong>Pushup med korkskru og press<\/strong><\/h2>\n<p><strong>Tid:<\/strong> 1 min<\/p>\n<p>Still dine kettlebells med en slik bredde at du f\u00e5r 90 grader i albuen n\u00e5r du gj\u00f8r pushups. Brystet over armene. V\u00e6r strak i kroppen og st\u00f8tt deg p\u00e5 t\u00e6rne, alternativt p\u00e5 kn\u00e6rne. Gj\u00f8r en pushup. Hopp sammen s\u00e5 du sitter p\u00e5 huk, hele foten i bakken. Reis deg opp med strak rygg, gj\u00f8r en dobbel korkskru og press dine kettlebells opp. Gjenta.[\/vc_column_text][vc_single_image image=&raquo;17984&#8243; img_size=&raquo;full&raquo; alignment=&raquo;center&raquo;][vc_column_text]<a href=\"https:\/\/abilica.com\/no\/abilica-kettlebells-om\/\" target=\"_blank\" rel=\"noopener\"><span style=\"text-decoration: underline;\">Les mer om trening med kettlebells her<\/span><\/a>.[\/vc_column_text][\/vc_column][\/vc_row][vc_row full_width=&raquo;stretch_row_content&raquo; css=&raquo;.vc_custom_1493033266981{background-color: #000000 !important;}&raquo;][vc_column][title text=&raquo;Kj\u00f8p dine Abilica KettleBells n\u00e5.&raquo; tag=&raquo;h2&#8243; color=&raquo;#ffffff&raquo; text_align=&raquo;center&raquo;][vc_empty_space][\/vc_column][\/vc_row][vc_row][vc_column width=&raquo;1\/2&#8243;][product_mod id=&raquo;2254&#8243;][vc_empty_space][\/vc_column][vc_column width=&raquo;1\/2&#8243;][product_mod id=&raquo;29644&#8243;][vc_empty_space][\/vc_column][\/vc_row][vc_row full_width=&raquo;stretch_row_content&raquo; full_height=&raquo;yes&raquo; css=&raquo;.vc_custom_1493033385970{background-image: url(https:\/\/abilica.com\/no\/wp-content\/uploads\/2017\/04\/ttle3-1.jpg?id=17986) !important;background-position: center !important;background-repeat: no-repeat !important;background-size: cover !important;}&raquo;][vc_column][\/vc_column][\/vc_row]<\/p>\n<\/div>","protected":false},"excerpt":{"rendered":"<p>[vc_row full_width=&raquo;stretch_row_content&raquo; full_height=&raquo;yes&raquo; columns_placement=&raquo;bottom&raquo; css=&raquo;.vc_custom_1587465019832{background-image: url(https:\/\/abilica.com\/no\/wp-content\/uploads\/2020\/04\/21.jpg?id=32081) !important;background-position: center !important;background-repeat: no-repeat !important;background-size: cover !important;}&raquo;][vc_column width=&raquo;1\/3&#8243;][\/vc_column][vc_column width=&raquo;1\/3&#8243;][vc_icon&#8230;<\/p>\n","protected":false},"author":13,"featured_media":0,"parent":32218,"menu_order":0,"comment_status":"closed","ping_status":"closed","template":"","meta":{"_acf_changed":false,"footnotes":""},"class_list":["post-32245","page","type-page","status-publish","hentry"],"acf":[],"yoast_head":"<!-- This site is optimized with the Yoast SEO Premium plugin v21.1 (Yoast SEO v25.4) - https:\/\/yoast.com\/wordpress\/plugins\/seo\/ -->\n<title>Treningsprogram til Abilica KettleBells &#8226; Abilica<\/title>\n<meta name=\"robots\" content=\"index, follow, max-snippet:-1, max-image-preview:large, max-video-preview:-1\" \/>\n<link rel=\"canonical\" href=\"https:\/\/abilica.com\/no\/treningsprogram\/treningsprogram-til-abilica-kettlebells\/\" \/>\n<meta property=\"og:locale\" content=\"nb_NO\" \/>\n<meta property=\"og:type\" content=\"article\" \/>\n<meta property=\"og:title\" content=\"Treningsprogram til Abilica KettleBells\" \/>\n<meta property=\"og:description\" content=\"[vc_row full_width=&raquo;stretch_row_content&raquo; full_height=&raquo;yes&raquo; columns_placement=&raquo;bottom&raquo; css=&raquo;.vc_custom_1587465019832{background-image: url(https:\/\/abilica.com\/no\/wp-content\/uploads\/2020\/04\/21.jpg?id=32081) !important;background-position: center !important;background-repeat: no-repeat !important;background-size: cover !important;}&raquo;][vc_column width=&raquo;1\/3&#8243;][\/vc_column][vc_column width=&raquo;1\/3&#8243;][vc_icon...\" \/>\n<meta property=\"og:url\" content=\"https:\/\/abilica.com\/no\/treningsprogram\/treningsprogram-til-abilica-kettlebells\/\" \/>\n<meta property=\"og:site_name\" content=\"Abilica\" \/>\n<meta property=\"article:publisher\" content=\"https:\/\/www.facebook.com\/abilicahometraining\/\" \/>\n<meta name=\"twitter:card\" content=\"summary_large_image\" \/>\n<meta name=\"twitter:label1\" content=\"Ansl. lesetid\" \/>\n\t<meta name=\"twitter:data1\" content=\"6 minutter\" \/>\n<script type=\"application\/ld+json\" class=\"yoast-schema-graph\">{\"@context\":\"https:\/\/schema.org\",\"@graph\":[{\"@type\":\"WebPage\",\"@id\":\"https:\/\/abilica.com\/no\/treningsprogram\/treningsprogram-til-abilica-kettlebells\/\",\"url\":\"https:\/\/abilica.com\/no\/treningsprogram\/treningsprogram-til-abilica-kettlebells\/\",\"name\":\"Treningsprogram til Abilica KettleBells &#8226; Abilica\",\"isPartOf\":{\"@id\":\"https:\/\/abilica.com\/#website\"},\"datePublished\":\"2023-07-30T17:16:28+00:00\",\"breadcrumb\":{\"@id\":\"https:\/\/abilica.com\/no\/treningsprogram\/treningsprogram-til-abilica-kettlebells\/#breadcrumb\"},\"inLanguage\":\"nb-NO\",\"potentialAction\":[{\"@type\":\"ReadAction\",\"target\":[\"https:\/\/abilica.com\/no\/treningsprogram\/treningsprogram-til-abilica-kettlebells\/\"]}]},{\"@type\":\"BreadcrumbList\",\"@id\":\"https:\/\/abilica.com\/no\/treningsprogram\/treningsprogram-til-abilica-kettlebells\/#breadcrumb\",\"itemListElement\":[{\"@type\":\"ListItem\",\"position\":1,\"name\":\"Hem\",\"item\":\"https:\/\/abilica.com\/no\/\"},{\"@type\":\"ListItem\",\"position\":2,\"name\":\"Treningsprogram\",\"item\":\"https:\/\/abilica.com\/no\/treningsprogram\/\"},{\"@type\":\"ListItem\",\"position\":3,\"name\":\"Treningsprogram til Abilica KettleBells\"}]},{\"@type\":\"WebSite\",\"@id\":\"https:\/\/abilica.com\/#website\",\"url\":\"https:\/\/abilica.com\/\",\"name\":\"Abilica\",\"description\":\"Abilica Home Training\",\"potentialAction\":[{\"@type\":\"SearchAction\",\"target\":{\"@type\":\"EntryPoint\",\"urlTemplate\":\"https:\/\/abilica.com\/?s={search_term_string}\"},\"query-input\":{\"@type\":\"PropertyValueSpecification\",\"valueRequired\":true,\"valueName\":\"search_term_string\"}}],\"inLanguage\":\"nb-NO\"}]}<\/script>\n<!-- \/ Yoast SEO Premium plugin. -->","yoast_head_json":{"title":"Treningsprogram til Abilica KettleBells &#8226; Abilica","robots":{"index":"index","follow":"follow","max-snippet":"max-snippet:-1","max-image-preview":"max-image-preview:large","max-video-preview":"max-video-preview:-1"},"canonical":"https:\/\/abilica.com\/no\/treningsprogram\/treningsprogram-til-abilica-kettlebells\/","og_locale":"nb_NO","og_type":"article","og_title":"Treningsprogram til Abilica KettleBells","og_description":"[vc_row full_width=&raquo;stretch_row_content&raquo; full_height=&raquo;yes&raquo; columns_placement=&raquo;bottom&raquo; css=&raquo;.vc_custom_1587465019832{background-image: url(https:\/\/abilica.com\/no\/wp-content\/uploads\/2020\/04\/21.jpg?id=32081) !important;background-position: center !important;background-repeat: no-repeat !important;background-size: cover !important;}&raquo;][vc_column width=&raquo;1\/3&#8243;][\/vc_column][vc_column width=&raquo;1\/3&#8243;][vc_icon...","og_url":"https:\/\/abilica.com\/no\/treningsprogram\/treningsprogram-til-abilica-kettlebells\/","og_site_name":"Abilica","article_publisher":"https:\/\/www.facebook.com\/abilicahometraining\/","twitter_card":"summary_large_image","twitter_misc":{"Ansl. lesetid":"6 minutter"},"schema":{"@context":"https:\/\/schema.org","@graph":[{"@type":"WebPage","@id":"https:\/\/abilica.com\/no\/treningsprogram\/treningsprogram-til-abilica-kettlebells\/","url":"https:\/\/abilica.com\/no\/treningsprogram\/treningsprogram-til-abilica-kettlebells\/","name":"Treningsprogram til Abilica KettleBells &#8226; Abilica","isPartOf":{"@id":"https:\/\/abilica.com\/#website"},"datePublished":"2023-07-30T17:16:28+00:00","breadcrumb":{"@id":"https:\/\/abilica.com\/no\/treningsprogram\/treningsprogram-til-abilica-kettlebells\/#breadcrumb"},"inLanguage":"nb-NO","potentialAction":[{"@type":"ReadAction","target":["https:\/\/abilica.com\/no\/treningsprogram\/treningsprogram-til-abilica-kettlebells\/"]}]},{"@type":"BreadcrumbList","@id":"https:\/\/abilica.com\/no\/treningsprogram\/treningsprogram-til-abilica-kettlebells\/#breadcrumb","itemListElement":[{"@type":"ListItem","position":1,"name":"Hem","item":"https:\/\/abilica.com\/no\/"},{"@type":"ListItem","position":2,"name":"Treningsprogram","item":"https:\/\/abilica.com\/no\/treningsprogram\/"},{"@type":"ListItem","position":3,"name":"Treningsprogram til Abilica KettleBells"}]},{"@type":"WebSite","@id":"https:\/\/abilica.com\/#website","url":"https:\/\/abilica.com\/","name":"Abilica","description":"Abilica Home Training","potentialAction":[{"@type":"SearchAction","target":{"@type":"EntryPoint","urlTemplate":"https:\/\/abilica.com\/?s={search_term_string}"},"query-input":{"@type":"PropertyValueSpecification","valueRequired":true,"valueName":"search_term_string"}}],"inLanguage":"nb-NO"}]}},"_links":{"self":[{"href":"https:\/\/abilica.com\/no\/wp-json\/wp\/v2\/pages\/32245","targetHints":{"allow":["GET"]}}],"collection":[{"href":"https:\/\/abilica.com\/no\/wp-json\/wp\/v2\/pages"}],"about":[{"href":"https:\/\/abilica.com\/no\/wp-json\/wp\/v2\/types\/page"}],"author":[{"embeddable":true,"href":"https:\/\/abilica.com\/no\/wp-json\/wp\/v2\/users\/13"}],"replies":[{"embeddable":true,"href":"https:\/\/abilica.com\/no\/wp-json\/wp\/v2\/comments?post=32245"}],"version-history":[{"count":1,"href":"https:\/\/abilica.com\/no\/wp-json\/wp\/v2\/pages\/32245\/revisions"}],"predecessor-version":[{"id":32248,"href":"https:\/\/abilica.com\/no\/wp-json\/wp\/v2\/pages\/32245\/revisions\/32248"}],"up":[{"embeddable":true,"href":"https:\/\/abilica.com\/no\/wp-json\/wp\/v2\/pages\/32218"}],"wp:attachment":[{"href":"https:\/\/abilica.com\/no\/wp-json\/wp\/v2\/media?parent=32245"}],"curies":[{"name":"wp","href":"https:\/\/api.w.org\/{rel}","templated":true}]}}