{"id":32250,"date":"2023-07-30T18:18:14","date_gmt":"2023-07-30T17:18:14","guid":{"rendered":"https:\/\/abilica.com\/?page_id=32250"},"modified":"2023-07-30T18:18:14","modified_gmt":"2023-07-30T17:18:14","slug":"treningsprogram-til-abilica-powerband","status":"publish","type":"page","link":"https:\/\/abilica.com\/no\/treningsprogram\/treningsprogram-til-abilica-powerband\/","title":{"rendered":"Treningsprogram til Abilica PowerBand"},"content":{"rendered":"<div class=\"wpb-content-wrapper\"><p>[vc_row full_width=&raquo;stretch_row_content&raquo; full_height=&raquo;yes&raquo; columns_placement=&raquo;bottom&raquo; css=&raquo;.vc_custom_1587468120108{background-image: url(https:\/\/abilica.com\/no\/wp-content\/uploads\/2020\/04\/4-13.jpg?id=32199) !important;background-position: center !important;background-repeat: no-repeat !important;background-size: cover !important;}&raquo;][vc_column width=&raquo;1\/3&#8243;][\/vc_column][vc_column width=&raquo;1\/3&#8243;][vc_icon icon_fontawesome=&raquo;fa fa-angle-down&raquo; color=&raquo;white&raquo; size=&raquo;xl&raquo; align=&raquo;center&raquo;][\/vc_column][vc_column width=&raquo;1\/3&#8243;][\/vc_column][\/vc_row][vc_row][vc_column][vc_column_text]<\/p>\n<h2 style=\"text-align: left;\"><span style=\"color: #000000;\">Treningsprogram til Abilica\u00a0PowerBand<\/span><\/h2>\n<p>Abilica PowerBand Treningsstrikk er perfekt n\u00e5r du trenger hjelp til \u00f8velser som pull-ups eller til trening sammen med en venn. Treningsstrikken passer bra som ekstra motstand for grunn\u00f8velser n\u00e5r du trener alene. Kan brukes sammen med Abilica DoorGym og Abilica HangOn. Se v\u00e5rt treningsprogram og test ut \u00f8velsene.[\/vc_column_text][vc_empty_space][\/vc_column][\/vc_row][vc_row][vc_column][title text=&raquo;Kj\u00f8p PowerBand n\u00e5.&raquo; text_align=&raquo;left&raquo;][\/vc_column][\/vc_row][vc_row][vc_column width=&raquo;1\/2&#8243;][product_mod id=&raquo;2270&#8243;][\/vc_column][vc_column width=&raquo;1\/2&#8243;][\/vc_column][\/vc_row][vc_row][vc_column][vc_empty_space][vc_btn title=&raquo;Last ned treningsprogrammet i PDF&raquo; style=&raquo;flat&raquo; color=&raquo;black&raquo; i_icon_fontawesome=&raquo;fa fa-file-pdf-o&raquo; add_icon=&raquo;true&raquo; link=&raquo;url:https%3A%2F%2Fabilica.com\/no%2Fwp-content%2Fuploads%2F2017%2F02%2FPowerBand-6s-2015-outline-Nett.pdf||target:%20_blank|&raquo;][\/vc_column][\/vc_row][vc_row css=&raquo;.vc_custom_1492108997727{background-position: center !important;background-repeat: no-repeat !important;background-size: cover !important;}&raquo;][vc_column][vc_column_text]<\/p>\n<h2 style=\"text-align: left;\">1.<\/h2>\n<h2><strong>Enh\u00e5ndsroing<\/strong><\/h2>\n<p><strong>Tid:<\/strong> 1 min<\/p>\n<p>Fest strikken i et d\u00f8rh\u00e5ndtak, eller noe annet i hofte-\/mage-\/brysth\u00f8yde. St\u00e5 med parallelle ben, hoftebreddes avstand. Stram magen og rett deg opp i brystet. Strekk armen helt ut foran deg. Trekk s\u00e5 armen tilbake med albuen inntil kroppen. N\u00e5r du blir trygg p\u00e5 \u00f8velsen kan du gjerne bevege skulderen ogs\u00e5 frem og tilbake n\u00e5r du slipper frem\/trekker tilbake for \u00e5 f\u00e5 maks ut av \u00f8velsen. Bytt arm etter 30 sek.[\/vc_column_text][vc_single_image image=&raquo;22509&#8243; img_size=&raquo;full&raquo; alignment=&raquo;center&raquo;][\/vc_column][\/vc_row][vc_row][vc_column][vc_column_text]<\/p>\n<h2 style=\"text-align: left;\">2.<\/h2>\n<h2><strong>Push-ups<\/strong><\/h2>\n<p><strong>Tid:<\/strong> 1 min<\/p>\n<p>Still deg i pushups posisjon med strikken over \u00f8vre del av rygg og rundt hendene. Gj\u00f8r pushups som vanlig, husk det er brystet som skal ned mot gulvet. Strikken vil gj\u00f8re at pushupen er hardere i den \u00f8vre fasen hvor du er sterk, mens den i den nedre og tyngre fasen gir lite motstand.[\/vc_column_text][vc_single_image image=&raquo;22503&#8243; img_size=&raquo;full&raquo; alignment=&raquo;center&raquo;][\/vc_column][\/vc_row][vc_row][vc_column][vc_column_text]<\/p>\n<h2 style=\"text-align: left;\">3.<\/h2>\n<h2><strong>Strak markl\u00f8ft<\/strong><\/h2>\n<p><strong>Tid:<\/strong> 1 min<\/p>\n<p>Fest strikken s\u00e5 lavt som mulig, i noe som gj\u00f8r at den ikke sklir opp. St\u00e5 med ryggen til festepunktet og hold strikken mellom bena. B\u00f8y overkroppen forover og rumpa ut bak. Lett b\u00f8y i bena. Skyv s\u00e5 hofta frem og rett deg opp i kroppen. Strak rygg hele veien, stram magen.[\/vc_column_text][vc_single_image image=&raquo;22504&#8243; img_size=&raquo;full&raquo; alignment=&raquo;center&raquo;][\/vc_column][\/vc_row][vc_row][vc_column][vc_column_text]<\/p>\n<h2 style=\"text-align: left;\">4.<\/h2>\n<h2><strong>St\u00e5ende rotasjon<\/strong><\/h2>\n<p><strong>Tid:<\/strong> 1 min<\/p>\n<p>Fest strikken i et d\u00f8rh\u00e5ndtak, eller noe annet i hofte-\/mage-\/brysth\u00f8yde. St\u00e5 med siden til feste punktet. Hold i strikken med begge hendene og strekk armene ut foran deg i mageh\u00f8yde. Roter s\u00e5 bort fra festepunktet. Hold hoftene i ro. Bytt side etter 30 sek.[\/vc_column_text][vc_single_image image=&raquo;22505&#8243; img_size=&raquo;full&raquo; alignment=&raquo;center&raquo;][\/vc_column][\/vc_row][vc_row full_width=&raquo;stretch_row_content&raquo; full_height=&raquo;yes&raquo; css=&raquo;.vc_custom_1587468169028{background-image: url(https:\/\/abilica.com\/no\/wp-content\/uploads\/2020\/04\/8-1.jpg?id=32200) !important;background-position: center !important;background-repeat: no-repeat !important;background-size: cover !important;}&raquo;][vc_column][\/vc_column][\/vc_row][vc_row][vc_column][vc_column_text]<\/p>\n<h2 style=\"text-align: left;\">5.<\/h2>\n<h2>Gyngende planke, rygg<\/h2>\n<p><strong>Tid:<\/strong> 1 min<\/p>\n<p>Fest strikken i taket, i HangOn, eller et annet h\u00f8yt festepunkt. Ligg p\u00e5 ryggen. Bruk gjerne flere strikker eller knyt strikken for \u00e5 gj\u00f8re den strammere. I utgangsposisjon skal bena v\u00e6re ganske h\u00f8yt opp fra bakken. Heis deg opp slik at kun hodet og skuldrene er i gulvet og du holder en rett linje fra skuldrene til anklene. St\u00f8tt med armene langs siden. Gyng s\u00e5 bena ned mot gulvet og opp igjen. Hold rett kropp hele veien.[\/vc_column_text][vc_single_image image=&raquo;22506&#8243; img_size=&raquo;full&raquo; alignment=&raquo;center&raquo;][\/vc_column][\/vc_row][vc_row][vc_column][vc_column_text]<\/p>\n<h2 style=\"text-align: left;\">6.<\/h2>\n<h2><strong>Gyngende planke, mage<\/strong><\/h2>\n<p><strong>Tid:<\/strong> 1 min<\/p>\n<p>Fest strikken i taket, i HangOn, eller et h\u00f8yt festepunkt. Ligg p\u00e5 magen.\u00a0Bruk gjerne flere strikker eller knyt strikken for \u00e5 gj\u00f8re den strammere.\u00a0I utgangsposisjon skal bena v\u00e6re ganske h\u00f8yt opp fra bakken. Heis deg\u00a0opp p\u00e5 albuene og hold en rett linje fra skuldrene til anklene. Gyng s\u00e5\u00a0bena ned mot gulvet og opp igjen. Hold rett kropp hele veien.[\/vc_column_text][vc_single_image image=&raquo;22507&#8243; img_size=&raquo;full&raquo; alignment=&raquo;center&raquo;][\/vc_column][\/vc_row][vc_row][vc_column][vc_column_text]<\/p>\n<h2 style=\"text-align: left;\">7.<\/h2>\n<h2><strong>Chins<\/strong><\/h2>\n<p><strong>Tid:<\/strong> 1 min<\/p>\n<p>Fest DoorGym og heng rett ned i den. Vi viser her med bredt grep, men du kan ogs\u00e5 pr\u00f8ve deg frem med et av de andre grepene i apparatet for variasjon. Heis deg rolig opp og senk deg rolig ned. Ha fokus p\u00e5 \u00e5 bruke ryggmusklene i det brede grepet. Bruk gjerne en eller flere strikker dersom du ikke er sterk nok til \u00e5 l\u00f8fte hele kroppsvekten din.[\/vc_column_text][vc_single_image image=&raquo;22508&#8243; img_size=&raquo;full&raquo; alignment=&raquo;center&raquo;][\/vc_column][\/vc_row][vc_row full_width=&raquo;stretch_row_content&raquo; css=&raquo;.vc_custom_1587468206793{background-color: #e0d7c5 !important;}&raquo;][vc_column][title text=&raquo;Kj\u00f8p ditt Abilica PowerBand n\u00e5.&raquo; tag=&raquo;h2&#8243; color=&raquo;#ffffff&raquo; text_align=&raquo;center&raquo;][vc_empty_space][\/vc_column][\/vc_row][vc_row][vc_column width=&raquo;1\/4&#8243;][\/vc_column][vc_column width=&raquo;1\/2&#8243;][product_mod id=&raquo;2270&#8243;][vc_empty_space][\/vc_column][vc_column width=&raquo;1\/4&#8243;][\/vc_column][\/vc_row][vc_row full_width=&raquo;stretch_row_content&raquo; full_height=&raquo;yes&raquo; css=&raquo;.vc_custom_1516479632165{background-image: url(https:\/\/abilica.com\/no\/wp-content\/uploads\/2018\/01\/powerband9.jpg?id=22512) !important;background-position: center !important;background-repeat: no-repeat !important;background-size: cover !important;}&raquo;][vc_column][\/vc_column][\/vc_row]<\/p>\n<\/div>","protected":false},"excerpt":{"rendered":"<p>[vc_row full_width=&raquo;stretch_row_content&raquo; full_height=&raquo;yes&raquo; columns_placement=&raquo;bottom&raquo; css=&raquo;.vc_custom_1587468120108{background-image: url(https:\/\/abilica.com\/no\/wp-content\/uploads\/2020\/04\/4-13.jpg?id=32199) !important;background-position: center !important;background-repeat: no-repeat !important;background-size: cover !important;}&raquo;][vc_column width=&raquo;1\/3&#8243;][\/vc_column][vc_column width=&raquo;1\/3&#8243;][vc_icon&#8230;<\/p>\n","protected":false},"author":13,"featured_media":0,"parent":32218,"menu_order":0,"comment_status":"closed","ping_status":"closed","template":"","meta":{"_acf_changed":false,"footnotes":""},"class_list":["post-32250","page","type-page","status-publish","hentry"],"acf":[],"yoast_head":"<!-- This site is optimized with the Yoast SEO Premium plugin v21.1 (Yoast SEO v25.4) - https:\/\/yoast.com\/wordpress\/plugins\/seo\/ -->\n<title>Treningsprogram til Abilica PowerBand &#8226; Abilica<\/title>\n<meta name=\"robots\" content=\"index, follow, max-snippet:-1, max-image-preview:large, max-video-preview:-1\" \/>\n<link rel=\"canonical\" href=\"https:\/\/abilica.com\/no\/treningsprogram\/treningsprogram-til-abilica-powerband\/\" \/>\n<meta property=\"og:locale\" content=\"nb_NO\" \/>\n<meta property=\"og:type\" content=\"article\" \/>\n<meta property=\"og:title\" content=\"Treningsprogram til Abilica PowerBand\" \/>\n<meta property=\"og:description\" content=\"[vc_row full_width=&raquo;stretch_row_content&raquo; full_height=&raquo;yes&raquo; columns_placement=&raquo;bottom&raquo; css=&raquo;.vc_custom_1587468120108{background-image: url(https:\/\/abilica.com\/no\/wp-content\/uploads\/2020\/04\/4-13.jpg?id=32199) !important;background-position: center !important;background-repeat: no-repeat !important;background-size: cover !important;}&raquo;][vc_column width=&raquo;1\/3&#8243;][\/vc_column][vc_column width=&raquo;1\/3&#8243;][vc_icon...\" \/>\n<meta property=\"og:url\" content=\"https:\/\/abilica.com\/no\/treningsprogram\/treningsprogram-til-abilica-powerband\/\" \/>\n<meta property=\"og:site_name\" content=\"Abilica\" \/>\n<meta property=\"article:publisher\" content=\"https:\/\/www.facebook.com\/abilicahometraining\/\" \/>\n<meta name=\"twitter:card\" content=\"summary_large_image\" \/>\n<meta name=\"twitter:label1\" content=\"Ansl. lesetid\" \/>\n\t<meta name=\"twitter:data1\" content=\"5 minutter\" \/>\n<script type=\"application\/ld+json\" class=\"yoast-schema-graph\">{\"@context\":\"https:\/\/schema.org\",\"@graph\":[{\"@type\":\"WebPage\",\"@id\":\"https:\/\/abilica.com\/no\/treningsprogram\/treningsprogram-til-abilica-powerband\/\",\"url\":\"https:\/\/abilica.com\/no\/treningsprogram\/treningsprogram-til-abilica-powerband\/\",\"name\":\"Treningsprogram til Abilica PowerBand &#8226; Abilica\",\"isPartOf\":{\"@id\":\"https:\/\/abilica.com\/#website\"},\"datePublished\":\"2023-07-30T17:18:14+00:00\",\"breadcrumb\":{\"@id\":\"https:\/\/abilica.com\/no\/treningsprogram\/treningsprogram-til-abilica-powerband\/#breadcrumb\"},\"inLanguage\":\"nb-NO\",\"potentialAction\":[{\"@type\":\"ReadAction\",\"target\":[\"https:\/\/abilica.com\/no\/treningsprogram\/treningsprogram-til-abilica-powerband\/\"]}]},{\"@type\":\"BreadcrumbList\",\"@id\":\"https:\/\/abilica.com\/no\/treningsprogram\/treningsprogram-til-abilica-powerband\/#breadcrumb\",\"itemListElement\":[{\"@type\":\"ListItem\",\"position\":1,\"name\":\"Hem\",\"item\":\"https:\/\/abilica.com\/no\/\"},{\"@type\":\"ListItem\",\"position\":2,\"name\":\"Treningsprogram\",\"item\":\"https:\/\/abilica.com\/no\/treningsprogram\/\"},{\"@type\":\"ListItem\",\"position\":3,\"name\":\"Treningsprogram til Abilica PowerBand\"}]},{\"@type\":\"WebSite\",\"@id\":\"https:\/\/abilica.com\/#website\",\"url\":\"https:\/\/abilica.com\/\",\"name\":\"Abilica\",\"description\":\"Abilica Home Training\",\"potentialAction\":[{\"@type\":\"SearchAction\",\"target\":{\"@type\":\"EntryPoint\",\"urlTemplate\":\"https:\/\/abilica.com\/?s={search_term_string}\"},\"query-input\":{\"@type\":\"PropertyValueSpecification\",\"valueRequired\":true,\"valueName\":\"search_term_string\"}}],\"inLanguage\":\"nb-NO\"}]}<\/script>\n<!-- \/ Yoast SEO Premium plugin. -->","yoast_head_json":{"title":"Treningsprogram til Abilica PowerBand &#8226; Abilica","robots":{"index":"index","follow":"follow","max-snippet":"max-snippet:-1","max-image-preview":"max-image-preview:large","max-video-preview":"max-video-preview:-1"},"canonical":"https:\/\/abilica.com\/no\/treningsprogram\/treningsprogram-til-abilica-powerband\/","og_locale":"nb_NO","og_type":"article","og_title":"Treningsprogram til Abilica PowerBand","og_description":"[vc_row full_width=&raquo;stretch_row_content&raquo; full_height=&raquo;yes&raquo; columns_placement=&raquo;bottom&raquo; css=&raquo;.vc_custom_1587468120108{background-image: url(https:\/\/abilica.com\/no\/wp-content\/uploads\/2020\/04\/4-13.jpg?id=32199) !important;background-position: center !important;background-repeat: no-repeat !important;background-size: cover !important;}&raquo;][vc_column width=&raquo;1\/3&#8243;][\/vc_column][vc_column width=&raquo;1\/3&#8243;][vc_icon...","og_url":"https:\/\/abilica.com\/no\/treningsprogram\/treningsprogram-til-abilica-powerband\/","og_site_name":"Abilica","article_publisher":"https:\/\/www.facebook.com\/abilicahometraining\/","twitter_card":"summary_large_image","twitter_misc":{"Ansl. lesetid":"5 minutter"},"schema":{"@context":"https:\/\/schema.org","@graph":[{"@type":"WebPage","@id":"https:\/\/abilica.com\/no\/treningsprogram\/treningsprogram-til-abilica-powerband\/","url":"https:\/\/abilica.com\/no\/treningsprogram\/treningsprogram-til-abilica-powerband\/","name":"Treningsprogram til Abilica PowerBand &#8226; Abilica","isPartOf":{"@id":"https:\/\/abilica.com\/#website"},"datePublished":"2023-07-30T17:18:14+00:00","breadcrumb":{"@id":"https:\/\/abilica.com\/no\/treningsprogram\/treningsprogram-til-abilica-powerband\/#breadcrumb"},"inLanguage":"nb-NO","potentialAction":[{"@type":"ReadAction","target":["https:\/\/abilica.com\/no\/treningsprogram\/treningsprogram-til-abilica-powerband\/"]}]},{"@type":"BreadcrumbList","@id":"https:\/\/abilica.com\/no\/treningsprogram\/treningsprogram-til-abilica-powerband\/#breadcrumb","itemListElement":[{"@type":"ListItem","position":1,"name":"Hem","item":"https:\/\/abilica.com\/no\/"},{"@type":"ListItem","position":2,"name":"Treningsprogram","item":"https:\/\/abilica.com\/no\/treningsprogram\/"},{"@type":"ListItem","position":3,"name":"Treningsprogram til Abilica PowerBand"}]},{"@type":"WebSite","@id":"https:\/\/abilica.com\/#website","url":"https:\/\/abilica.com\/","name":"Abilica","description":"Abilica Home Training","potentialAction":[{"@type":"SearchAction","target":{"@type":"EntryPoint","urlTemplate":"https:\/\/abilica.com\/?s={search_term_string}"},"query-input":{"@type":"PropertyValueSpecification","valueRequired":true,"valueName":"search_term_string"}}],"inLanguage":"nb-NO"}]}},"_links":{"self":[{"href":"https:\/\/abilica.com\/no\/wp-json\/wp\/v2\/pages\/32250","targetHints":{"allow":["GET"]}}],"collection":[{"href":"https:\/\/abilica.com\/no\/wp-json\/wp\/v2\/pages"}],"about":[{"href":"https:\/\/abilica.com\/no\/wp-json\/wp\/v2\/types\/page"}],"author":[{"embeddable":true,"href":"https:\/\/abilica.com\/no\/wp-json\/wp\/v2\/users\/13"}],"replies":[{"embeddable":true,"href":"https:\/\/abilica.com\/no\/wp-json\/wp\/v2\/comments?post=32250"}],"version-history":[{"count":1,"href":"https:\/\/abilica.com\/no\/wp-json\/wp\/v2\/pages\/32250\/revisions"}],"predecessor-version":[{"id":32260,"href":"https:\/\/abilica.com\/no\/wp-json\/wp\/v2\/pages\/32250\/revisions\/32260"}],"up":[{"embeddable":true,"href":"https:\/\/abilica.com\/no\/wp-json\/wp\/v2\/pages\/32218"}],"wp:attachment":[{"href":"https:\/\/abilica.com\/no\/wp-json\/wp\/v2\/media?parent=32250"}],"curies":[{"name":"wp","href":"https:\/\/api.w.org\/{rel}","templated":true}]}}