{"id":32251,"date":"2023-07-30T18:18:37","date_gmt":"2023-07-30T17:18:37","guid":{"rendered":"https:\/\/abilica.com\/?page_id=32251"},"modified":"2023-07-30T18:18:37","modified_gmt":"2023-07-30T17:18:37","slug":"treningsprogram-til-abilica-powerslide","status":"publish","type":"page","link":"https:\/\/abilica.com\/no\/treningsprogram\/treningsprogram-til-abilica-powerslide\/","title":{"rendered":"Treningsprogram til Abilica PowerSlide"},"content":{"rendered":"<div class=\"wpb-content-wrapper\"><p>[vc_row full_width=&raquo;stretch_row_content&raquo; full_height=&raquo;yes&raquo; columns_placement=&raquo;bottom&raquo; css=&raquo;.vc_custom_1502971292747{background-image: url(https:\/\/abilica.com\/no\/wp-content\/uploads\/2017\/04\/pslide1.jpg?id=19420) !important;background-position: center !important;background-repeat: no-repeat !important;background-size: cover !important;}&raquo;][vc_column width=&raquo;1\/3&#8243;][\/vc_column][vc_column width=&raquo;1\/3&#8243;][vc_icon icon_fontawesome=&raquo;fa fa-angle-down&raquo; color=&raquo;custom&raquo; size=&raquo;xl&raquo; align=&raquo;center&raquo; custom_color=&raquo;#ffffff&raquo;][\/vc_column][vc_column width=&raquo;1\/3&#8243;][\/vc_column][\/vc_row][vc_row][vc_column][vc_column_text]<\/p>\n<h2 style=\"text-align: left;\"><span style=\"color: #000000;\">Treningsprogram til Abilica PowerSlide<\/span><\/h2>\n<p>PowerSlide er kjernetrening p\u00e5 sitt beste!\u00a0Ved hjelp av disse mattene f\u00e5r du en komplett trenings\u00f8kt med \u00f8velser som b\u00e5de er funksjonelle og stabiliserende.[\/vc_column_text][vc_empty_space][\/vc_column][\/vc_row][vc_row][vc_column][title text=&raquo;Kj\u00f8p PowerSlide n\u00e5.&raquo; text_align=&raquo;left&raquo;][\/vc_column][\/vc_row][vc_row][vc_column width=&raquo;1\/2&#8243;][product_mod id=&raquo;1855&#8243;][\/vc_column][vc_column width=&raquo;1\/2&#8243;][\/vc_column][\/vc_row][vc_row][vc_column][vc_empty_space][vc_btn title=&raquo;Last ned treningsprogrammet i PDF&raquo; style=&raquo;flat&raquo; color=&raquo;danger&raquo; i_icon_fontawesome=&raquo;fa fa-file-pdf-o&raquo; add_icon=&raquo;true&raquo; link=&raquo;url:https%3A%2F%2Fabilica.com\/no%2Fwp-content%2Fuploads%2F2017%2F02%2FAbilica-PowerSlide.pdf||target:%20_blank|&raquo;][\/vc_column][\/vc_row][vc_row css=&raquo;.vc_custom_1492108997727{background-position: center !important;background-repeat: no-repeat !important;background-size: cover !important;}&raquo;][vc_column][vc_column_text]<\/p>\n<h2 style=\"text-align: left;\">1.<\/h2>\n<h2><strong>Utfall med benet bak<\/strong><\/h2>\n<p><strong>Antall repetisjoner:<\/strong>\u00a012 x 3 p\u00e5 hvert ben.<br \/>\n<strong>Trener:<\/strong>\u00a0Forside l\u00e5r og setemuskulatur.<\/p>\n<p>St\u00e5 med f\u00f8ttene i hoftebreddes avstand, den ene p\u00e5 en av mattene, den andre p\u00e5 gulvet. Skli deretter benet som er p\u00e5 matten s\u00e5 langt tilbake som du kommer. B\u00f8y godt i det forreste benet, pass p\u00e5 \u00e5 ha t\u00e6rne foran kneet. Skli deretter tilbake igjen langs gulvet.[\/vc_column_text][vc_single_image image=&raquo;18016&#8243; img_size=&raquo;full&raquo; alignment=&raquo;center&raquo;][\/vc_column][\/vc_row][vc_row][vc_column][vc_column_text]<\/p>\n<h2 style=\"text-align: left;\">2.<\/h2>\n<h2><strong>Utfall med benet til siden<\/strong><\/h2>\n<p><strong>Antall repetisjoner:\u00a0<\/strong>12 x 3 p\u00e5 hvert ben<br \/>\n<strong>Trener:<\/strong>\u00a0Innside l\u00e5r, samt forside l\u00e5r og setemuskulatur<\/p>\n<p>St\u00e5 med f\u00f8ttene i hoftebreddes avstand, den ene p\u00e5 en av mattene, den andre p\u00e5 gulvet. Skli deretter benet som er p\u00e5 matten s\u00e5 langt ut i siden som du kommer. B\u00f8y godt i benet som st\u00e5r i gulvet. Skli deretter tilbake igjen langs gulvet.[\/vc_column_text][vc_single_image image=&raquo;18017&#8243; img_size=&raquo;full&raquo; alignment=&raquo;center&raquo;][\/vc_column][\/vc_row][vc_row][vc_column][vc_column_text]<\/p>\n<h2 style=\"text-align: left;\">3.<\/h2>\n<h2><strong>Push up med en og en arm til siden<\/strong><\/h2>\n<p><strong>Antall repetisjoner:\u00a0<\/strong>12 x 3 p\u00e5 hvert ben<br \/>\n<strong>Trener:<\/strong>Bryst, samt skuldre, bakside arm, mage og korsrygg<\/p>\n<p>St\u00e5 i push up posisjon med kn\u00e6rne i gulvet og bred posisjon p\u00e5 hendene. Bruk gjerne en pute eller et teppe under kn\u00e6rne for ekstra beskyttelse av disse. Skli s\u00e5 den ene h\u00e5nden ut til siden mens du b\u00f8yer begge armene og holder setet nede og ryggen rett. Kom tilbake til midten og gjenta deretter med motsatt arm.[\/vc_column_text][vc_single_image image=&raquo;18018&#8243; img_size=&raquo;full&raquo; alignment=&raquo;center&raquo;][\/vc_column][\/vc_row][vc_row full_width=&raquo;stretch_row_content&raquo; full_height=&raquo;yes&raquo; css=&raquo;.vc_custom_1502971390151{background-image: url(https:\/\/abilica.com\/no\/wp-content\/uploads\/2017\/04\/pslide3.jpg?id=19422) !important;background-position: center !important;background-repeat: no-repeat !important;background-size: cover !important;}&raquo;][vc_column][\/vc_column][\/vc_row][vc_row][vc_column][vc_column_text]<\/p>\n<h2 style=\"text-align: left;\">4.<\/h2>\n<h2><strong>Push up med en og en arm foran<\/strong><\/h2>\n<p><strong>Antall repetisjoner:<\/strong>\u00a012-16 x 3 p\u00e5 hver arm.<br \/>\n<strong>Trener:<\/strong>\u00a0Bakside arm, samt skuldre, mage og korsrygg.<\/p>\n<p>St\u00e5 i push up posisjon med kn\u00e6rne i gulvet og smal posisjon p\u00e5 hendene. Bruk gjerne en pute eller et teppe under kn\u00e6rne for ekstra beskyttelse av disse. Skli s\u00e5 den ene h\u00e5nden rett frem mens du b\u00f8yer den andre armen og holder setet nede og ryggen rett. Kom tilbake til midten og gjenta deretter med samme arm.[\/vc_column_text][vc_single_image image=&raquo;18019&#8243; img_size=&raquo;full&raquo; alignment=&raquo;center&raquo;][\/vc_column][\/vc_row][vc_row][vc_column][vc_column_text]<\/p>\n<h2 style=\"text-align: left;\">5.<\/h2>\n<h2><strong>Mage, dra bena inn mot magen<\/strong><\/h2>\n<p><strong>Antall repetisjoner:\u00a0<\/strong>12 x 3<br \/>\n<strong>Trener:\u00a0<\/strong>De rette bukmusklene<\/p>\n<p>St\u00e5 i push up posisjon med f\u00f8ttene p\u00e5 hver sin matte. Dra begge bena inn mot magen, ha kn\u00e6rne s\u00e5 strake som mulig.[\/vc_column_text][vc_single_image image=&raquo;18020&#8243; img_size=&raquo;full&raquo; alignment=&raquo;center&raquo;][\/vc_column][\/vc_row][vc_row][vc_column][vc_column_text]<\/p>\n<h2 style=\"text-align: left;\">6.<\/h2>\n<h2><strong>Hele kroppen, l\u00f8ping<\/strong><\/h2>\n<p><strong>Antall repetisjoner:\u00a0<\/strong>Gjenta s\u00e5 fort du kan, s\u00e5 lenge du kan x 3<br \/>\n<strong>Trener:\u00a0<\/strong>Kondisjon samt styrke i b\u00e5de ben og overkropp.<\/p>\n<p>St\u00e5 i push up posisjon med f\u00f8ttene p\u00e5 hver sin matte. Trekk det ene benet inn mot magen med b\u00f8yd kne. N\u00e5r det er p\u00e5 vei tilbake trekker du det andre benet inn mot magen.[\/vc_column_text][vc_single_image image=&raquo;18021&#8243; img_size=&raquo;full&raquo; alignment=&raquo;center&raquo;][vc_empty_space height=&raquo;62px&raquo;][\/vc_column][\/vc_row][vc_row full_width=&raquo;stretch_row_content&raquo; css=&raquo;.vc_custom_1494931709469{background-color: #97999b !important;}&raquo;][vc_column][title text=&raquo;Kj\u00f8p dine Abilica PowerSlides n\u00e5.&raquo; tag=&raquo;h2&#8243; color=&raquo;#ffffff&raquo; text_align=&raquo;center&raquo;][vc_empty_space][\/vc_column][\/vc_row][vc_row][vc_column width=&raquo;1\/4&#8243;][\/vc_column][vc_column width=&raquo;1\/2&#8243;][product_mod id=&raquo;1855&#8243;][vc_empty_space][\/vc_column][vc_column width=&raquo;1\/4&#8243;][\/vc_column][\/vc_row][vc_row full_width=&raquo;stretch_row_content&raquo; full_height=&raquo;yes&raquo; css=&raquo;.vc_custom_1502971402083{background-image: url(https:\/\/abilica.com\/no\/wp-content\/uploads\/2017\/04\/pslide2.jpg?id=19421) !important;background-position: center !important;background-repeat: no-repeat !important;background-size: cover !important;}&raquo;][vc_column][\/vc_column][\/vc_row]<\/p>\n<\/div>","protected":false},"excerpt":{"rendered":"<p>[vc_row full_width=&raquo;stretch_row_content&raquo; full_height=&raquo;yes&raquo; columns_placement=&raquo;bottom&raquo; css=&raquo;.vc_custom_1502971292747{background-image: url(https:\/\/abilica.com\/no\/wp-content\/uploads\/2017\/04\/pslide1.jpg?id=19420) !important;background-position: center !important;background-repeat: no-repeat !important;background-size: cover !important;}&raquo;][vc_column width=&raquo;1\/3&#8243;][\/vc_column][vc_column width=&raquo;1\/3&#8243;][vc_icon&#8230;<\/p>\n","protected":false},"author":13,"featured_media":0,"parent":32218,"menu_order":0,"comment_status":"closed","ping_status":"closed","template":"","meta":{"_acf_changed":false,"footnotes":""},"class_list":["post-32251","page","type-page","status-publish","hentry"],"acf":[],"yoast_head":"<!-- This site is optimized with the Yoast SEO Premium plugin v21.1 (Yoast SEO v25.4) - https:\/\/yoast.com\/wordpress\/plugins\/seo\/ -->\n<title>Treningsprogram til Abilica PowerSlide &#8226; Abilica<\/title>\n<meta name=\"robots\" content=\"index, follow, max-snippet:-1, max-image-preview:large, max-video-preview:-1\" \/>\n<link rel=\"canonical\" href=\"https:\/\/abilica.com\/no\/treningsprogram\/treningsprogram-til-abilica-powerslide\/\" \/>\n<meta property=\"og:locale\" content=\"nb_NO\" \/>\n<meta property=\"og:type\" content=\"article\" \/>\n<meta property=\"og:title\" content=\"Treningsprogram til Abilica PowerSlide\" \/>\n<meta property=\"og:description\" content=\"[vc_row full_width=&raquo;stretch_row_content&raquo; full_height=&raquo;yes&raquo; columns_placement=&raquo;bottom&raquo; css=&raquo;.vc_custom_1502971292747{background-image: url(https:\/\/abilica.com\/no\/wp-content\/uploads\/2017\/04\/pslide1.jpg?id=19420) !important;background-position: center !important;background-repeat: no-repeat !important;background-size: cover !important;}&raquo;][vc_column width=&raquo;1\/3&#8243;][\/vc_column][vc_column width=&raquo;1\/3&#8243;][vc_icon...\" \/>\n<meta property=\"og:url\" content=\"https:\/\/abilica.com\/no\/treningsprogram\/treningsprogram-til-abilica-powerslide\/\" \/>\n<meta property=\"og:site_name\" content=\"Abilica\" \/>\n<meta property=\"article:publisher\" content=\"https:\/\/www.facebook.com\/abilicahometraining\/\" \/>\n<meta name=\"twitter:card\" content=\"summary_large_image\" \/>\n<meta name=\"twitter:label1\" content=\"Ansl. lesetid\" \/>\n\t<meta name=\"twitter:data1\" content=\"5 minutter\" \/>\n<script type=\"application\/ld+json\" class=\"yoast-schema-graph\">{\"@context\":\"https:\/\/schema.org\",\"@graph\":[{\"@type\":\"WebPage\",\"@id\":\"https:\/\/abilica.com\/no\/treningsprogram\/treningsprogram-til-abilica-powerslide\/\",\"url\":\"https:\/\/abilica.com\/no\/treningsprogram\/treningsprogram-til-abilica-powerslide\/\",\"name\":\"Treningsprogram til Abilica PowerSlide &#8226; Abilica\",\"isPartOf\":{\"@id\":\"https:\/\/abilica.com\/#website\"},\"datePublished\":\"2023-07-30T17:18:37+00:00\",\"breadcrumb\":{\"@id\":\"https:\/\/abilica.com\/no\/treningsprogram\/treningsprogram-til-abilica-powerslide\/#breadcrumb\"},\"inLanguage\":\"nb-NO\",\"potentialAction\":[{\"@type\":\"ReadAction\",\"target\":[\"https:\/\/abilica.com\/no\/treningsprogram\/treningsprogram-til-abilica-powerslide\/\"]}]},{\"@type\":\"BreadcrumbList\",\"@id\":\"https:\/\/abilica.com\/no\/treningsprogram\/treningsprogram-til-abilica-powerslide\/#breadcrumb\",\"itemListElement\":[{\"@type\":\"ListItem\",\"position\":1,\"name\":\"Hem\",\"item\":\"https:\/\/abilica.com\/no\/\"},{\"@type\":\"ListItem\",\"position\":2,\"name\":\"Treningsprogram\",\"item\":\"https:\/\/abilica.com\/no\/treningsprogram\/\"},{\"@type\":\"ListItem\",\"position\":3,\"name\":\"Treningsprogram til Abilica PowerSlide\"}]},{\"@type\":\"WebSite\",\"@id\":\"https:\/\/abilica.com\/#website\",\"url\":\"https:\/\/abilica.com\/\",\"name\":\"Abilica\",\"description\":\"Abilica Home Training\",\"potentialAction\":[{\"@type\":\"SearchAction\",\"target\":{\"@type\":\"EntryPoint\",\"urlTemplate\":\"https:\/\/abilica.com\/?s={search_term_string}\"},\"query-input\":{\"@type\":\"PropertyValueSpecification\",\"valueRequired\":true,\"valueName\":\"search_term_string\"}}],\"inLanguage\":\"nb-NO\"}]}<\/script>\n<!-- \/ Yoast SEO Premium plugin. -->","yoast_head_json":{"title":"Treningsprogram til Abilica PowerSlide &#8226; Abilica","robots":{"index":"index","follow":"follow","max-snippet":"max-snippet:-1","max-image-preview":"max-image-preview:large","max-video-preview":"max-video-preview:-1"},"canonical":"https:\/\/abilica.com\/no\/treningsprogram\/treningsprogram-til-abilica-powerslide\/","og_locale":"nb_NO","og_type":"article","og_title":"Treningsprogram til Abilica PowerSlide","og_description":"[vc_row full_width=&raquo;stretch_row_content&raquo; full_height=&raquo;yes&raquo; columns_placement=&raquo;bottom&raquo; css=&raquo;.vc_custom_1502971292747{background-image: url(https:\/\/abilica.com\/no\/wp-content\/uploads\/2017\/04\/pslide1.jpg?id=19420) !important;background-position: center !important;background-repeat: no-repeat !important;background-size: cover !important;}&raquo;][vc_column width=&raquo;1\/3&#8243;][\/vc_column][vc_column width=&raquo;1\/3&#8243;][vc_icon...","og_url":"https:\/\/abilica.com\/no\/treningsprogram\/treningsprogram-til-abilica-powerslide\/","og_site_name":"Abilica","article_publisher":"https:\/\/www.facebook.com\/abilicahometraining\/","twitter_card":"summary_large_image","twitter_misc":{"Ansl. lesetid":"5 minutter"},"schema":{"@context":"https:\/\/schema.org","@graph":[{"@type":"WebPage","@id":"https:\/\/abilica.com\/no\/treningsprogram\/treningsprogram-til-abilica-powerslide\/","url":"https:\/\/abilica.com\/no\/treningsprogram\/treningsprogram-til-abilica-powerslide\/","name":"Treningsprogram til Abilica PowerSlide &#8226; Abilica","isPartOf":{"@id":"https:\/\/abilica.com\/#website"},"datePublished":"2023-07-30T17:18:37+00:00","breadcrumb":{"@id":"https:\/\/abilica.com\/no\/treningsprogram\/treningsprogram-til-abilica-powerslide\/#breadcrumb"},"inLanguage":"nb-NO","potentialAction":[{"@type":"ReadAction","target":["https:\/\/abilica.com\/no\/treningsprogram\/treningsprogram-til-abilica-powerslide\/"]}]},{"@type":"BreadcrumbList","@id":"https:\/\/abilica.com\/no\/treningsprogram\/treningsprogram-til-abilica-powerslide\/#breadcrumb","itemListElement":[{"@type":"ListItem","position":1,"name":"Hem","item":"https:\/\/abilica.com\/no\/"},{"@type":"ListItem","position":2,"name":"Treningsprogram","item":"https:\/\/abilica.com\/no\/treningsprogram\/"},{"@type":"ListItem","position":3,"name":"Treningsprogram til Abilica PowerSlide"}]},{"@type":"WebSite","@id":"https:\/\/abilica.com\/#website","url":"https:\/\/abilica.com\/","name":"Abilica","description":"Abilica Home Training","potentialAction":[{"@type":"SearchAction","target":{"@type":"EntryPoint","urlTemplate":"https:\/\/abilica.com\/?s={search_term_string}"},"query-input":{"@type":"PropertyValueSpecification","valueRequired":true,"valueName":"search_term_string"}}],"inLanguage":"nb-NO"}]}},"_links":{"self":[{"href":"https:\/\/abilica.com\/no\/wp-json\/wp\/v2\/pages\/32251","targetHints":{"allow":["GET"]}}],"collection":[{"href":"https:\/\/abilica.com\/no\/wp-json\/wp\/v2\/pages"}],"about":[{"href":"https:\/\/abilica.com\/no\/wp-json\/wp\/v2\/types\/page"}],"author":[{"embeddable":true,"href":"https:\/\/abilica.com\/no\/wp-json\/wp\/v2\/users\/13"}],"replies":[{"embeddable":true,"href":"https:\/\/abilica.com\/no\/wp-json\/wp\/v2\/comments?post=32251"}],"version-history":[{"count":1,"href":"https:\/\/abilica.com\/no\/wp-json\/wp\/v2\/pages\/32251\/revisions"}],"predecessor-version":[{"id":32261,"href":"https:\/\/abilica.com\/no\/wp-json\/wp\/v2\/pages\/32251\/revisions\/32261"}],"up":[{"embeddable":true,"href":"https:\/\/abilica.com\/no\/wp-json\/wp\/v2\/pages\/32218"}],"wp:attachment":[{"href":"https:\/\/abilica.com\/no\/wp-json\/wp\/v2\/media?parent=32251"}],"curies":[{"name":"wp","href":"https:\/\/api.w.org\/{rel}","templated":true}]}}