{"id":32252,"date":"2023-07-30T18:18:58","date_gmt":"2023-07-30T17:18:58","guid":{"rendered":"https:\/\/abilica.com\/?page_id=32252"},"modified":"2023-07-30T18:18:58","modified_gmt":"2023-07-30T17:18:58","slug":"treningsprogram-til-abilica-powersling","status":"publish","type":"page","link":"https:\/\/abilica.com\/no\/treningsprogram\/treningsprogram-til-abilica-powersling\/","title":{"rendered":"Treningsprogram til Abilica PowerSling"},"content":{"rendered":"<div class=\"wpb-content-wrapper\"><p>[vc_row full_width=&raquo;stretch_row_content&raquo; full_height=&raquo;yes&raquo; columns_placement=&raquo;bottom&raquo; css=&raquo;.vc_custom_1492021675284{background-image: url(https:\/\/abilica.com\/no\/wp-content\/uploads\/2017\/04\/521400_image42.jpg?id=17026) !important;background-position: center !important;background-repeat: no-repeat !important;background-size: cover !important;}&raquo;][vc_column width=&raquo;1\/3&#8243;][\/vc_column][vc_column width=&raquo;1\/3&#8243;][vc_icon icon_fontawesome=&raquo;fa fa-angle-down&raquo; color=&raquo;white&raquo; size=&raquo;xl&raquo; align=&raquo;center&raquo;][\/vc_column][vc_column width=&raquo;1\/3&#8243;][\/vc_column][\/vc_row][vc_row][vc_column][vc_column_text]<\/p>\n<h2 style=\"text-align: left;\"><span style=\"color: #000000;\">Treningsprogram til Abilica PowerSling<\/span><\/h2>\n<p>Med slyngen Abilica PowerSling trener du innenfra og ut, med fokus p\u00e5 neuromuskul\u00e6r trening av de sm\u00e5 st\u00f8ttemusklene. Slyngetrening\u00a0gj\u00f8r deg derfor b\u00e5de sterk, utholdende og frisk!\u00a0Slyngen er justerbar og kan raskt og enkelt tilpasses \u00f8nsket \u00f8velse. P\u00e5sydde m\u00e5lelinjer hjelper deg \u00e5 justere slyngen likt p\u00e5 begge sider. 2 stk. justerbare h\u00e5ndtak for armer og ben gir deg mulighet for en rekke \u00f8velser. Slyngen kan brukes b\u00e5de inne og ute. Bruk det opphenget som passer deg best, b\u00e5de krok og d\u00f8rfeste f\u00f8lger med. Kan festes i en d\u00f8r, en gren, ribbevegg, huskestativ e.l.[\/vc_column_text][vc_empty_space][\/vc_column][\/vc_row][vc_row][vc_column][title text=&raquo;Kj\u00f8p PowerSling n\u00e5.&raquo; tag=&raquo;h2&#8243; text_align=&raquo;left&raquo;][\/vc_column][\/vc_row][vc_row content_placement=&raquo;middle&raquo;][vc_column width=&raquo;1\/2&#8243;][product_mod id=&raquo;2091&#8243;][\/vc_column][vc_column width=&raquo;1\/2&#8243;][\/vc_column][\/vc_row][vc_row][vc_column][vc_empty_space][vc_btn title=&raquo;Last ned treningsprogrammet i PDF&raquo; style=&raquo;flat&raquo; color=&raquo;danger&raquo; i_icon_fontawesome=&raquo;fa fa-file-pdf-o&raquo; add_icon=&raquo;true&raquo; link=&raquo;url:https%3A%2F%2Fabilica.com\/no%2Fwp-content%2Fuploads%2F2017%2F02%2FAbilica-PowerSling.pdf|||&raquo;][\/vc_column][\/vc_row][vc_row full_height=&raquo;yes&raquo; css=&raquo;.vc_custom_1492108295473{background-position: center !important;background-repeat: no-repeat !important;background-size: cover !important;}&raquo;][vc_column css=&raquo;.vc_custom_1492691214219{margin-top: 0px !important;border-top-width: 0px !important;padding-top: 0px !important;}&raquo;][vc_column_text]<\/p>\n<h2 style=\"text-align: left;\"><\/h2>\n<h2>1.<\/h2>\n<h2>Pushups<\/h2>\n<p><strong>Antall repetisjoner:<\/strong>\u00a08 x 3<br \/>\n<strong>Trener:<\/strong>\u00a0Bryst<\/p>\n<p>Plasser hendene i slynga p\u00e5 strake armer og ha f\u00f8ttene p\u00e5 gulvet. Ha gjerne kn\u00e6rne i gulvet om det er for tungt. B\u00f8y s\u00e5 armene til albuene er i ca 90 grader. Stram magen og v\u00e6r rett i ryggen. Du kan ogs\u00e5 regulere lengden p\u00e5 slynga til litt kortere, eller bevege deg frem i slynga, for \u00e5 gj\u00f8re det lettere.[\/vc_column_text][vc_single_image image=&raquo;17024&#8243; img_size=&raquo;full&raquo; alignment=&raquo;center&raquo;][\/vc_column][\/vc_row][vc_row][vc_column][vc_column_text]<\/p>\n<h2 style=\"text-align: left;\">2.<\/h2>\n<h2>L\u00e5rcurl<\/h2>\n<p><strong>Antall repetisjoner:\u00a0<\/strong>8 x 3<br \/>\n<strong>Trener:<\/strong>\u00a0Bakside l\u00e5r og sete<\/p>\n<p>Ligg p\u00e5 ryggen med f\u00f8ttene i slynga. L\u00f8ft s\u00e5 opp rumpa fra gulvet og trekk f\u00f8ttene mot deg. Pr\u00f8v \u00e5 holde rumpa oppe og kroppen strak hele veien. Jo lengre bak i slyngen du ligger, jo lettere er det.[\/vc_column_text][vc_single_image image=&raquo;17033&#8243; img_size=&raquo;full&raquo; alignment=&raquo;center&raquo;][\/vc_column][\/vc_row][vc_row][vc_column][vc_column_text]<\/p>\n<h2 style=\"text-align: left;\"><\/h2>\n<h2>3.<\/h2>\n<h2>Magetrekk<\/h2>\n<p><strong>Antall repetisjoner:\u00a0<\/strong>8 x 3<br \/>\n<strong>Trener:<\/strong>\u00a0Mage<\/p>\n<p>Ligg p\u00e5 magen og plasser f\u00f8ttene i slynga. L\u00f8ft deg opp p\u00e5 albuene og hold en strak kropp. Trekk kn\u00e6rne inn mot magen og rolig tilbake til strak kropp. Stram magen hele veien slik at du har kontroll p\u00e5 ryggen. Jo lengre bak i slyngen du ligger, jo lettere er det.[\/vc_column_text][vc_single_image image=&raquo;17043&#8243; img_size=&raquo;full&raquo; alignment=&raquo;center&raquo;][\/vc_column][\/vc_row][vc_row full_width=&raquo;stretch_row_content&raquo; full_height=&raquo;yes&raquo; css=&raquo;.vc_custom_1492021242428{background-image: url(https:\/\/abilica.com\/no\/wp-content\/uploads\/2017\/04\/521400_image37.jpg?id=17038) !important;background-position: center !important;background-repeat: no-repeat !important;background-size: cover !important;}&raquo;][vc_column][\/vc_column][\/vc_row][vc_row][vc_column][vc_column_text]<\/p>\n<h2 style=\"text-align: left;\">4.<\/h2>\n<h2>Skr\u00e5 magetrekk<\/h2>\n<p><strong>Antall repetisjoner:\u00a0<\/strong>8 x 3<br \/>\n<strong>Trener:<\/strong>\u00a0Mage<\/p>\n<p>Ligg p\u00e5 magen og plasser f\u00f8ttene i slynga. L\u00f8ft deg opp p\u00e5 albuene og hold en strak kropp. Trekk kn\u00e6rne ut mot siden og s\u00e5 langt frem som du klarer. Stram magen hele veien slik at du har kontroll p\u00e5 ryggen. Jo lengre bak i slyngen du ligger, jo lettere er det.[\/vc_column_text][vc_single_image image=&raquo;17040&#8243; img_size=&raquo;full&raquo; alignment=&raquo;center&raquo;][\/vc_column][\/vc_row][vc_row][vc_column][vc_column_text]<\/p>\n<h2 style=\"text-align: left;\">5.<\/h2>\n<h2>Triceps press<\/h2>\n<p><strong>Antall repetisjoner: <\/strong>8 x 3<br \/>\n<strong>Trener:<\/strong>\u00a0Triceps (bakside arm)<\/p>\n<p>St\u00e5 oppreist i slynga og len tyngden fremover. B\u00f8y armene med albuene pekende fremover. Deretter skal du strekke armene ut ved kun \u00e5 strekke ut albueleddet. Skuldrene skal holdes i ro. Jo lenger frem du g\u00e5r i slyngen, jo lettere er det.[\/vc_column_text][vc_single_image image=&raquo;17041&#8243; img_size=&raquo;full&raquo; alignment=&raquo;center&raquo;][\/vc_column][\/vc_row][vc_row][vc_column][vc_column_text]<\/p>\n<h2 style=\"text-align: left;\">6.<\/h2>\n<h2>Pullups<\/h2>\n<p><strong>Antall repetisjoner:\u00a0<\/strong>8 x 3<br \/>\n<strong>Trener:<\/strong>\u00a0Rygg<\/p>\n<p>Heng i slyngen med ryggen mot underlaget. For \u00e5 gj\u00f8re det lettere kan du b\u00f8ye i kn\u00e6rne og\/eller regulere slyngen kortere. Heis deg s\u00e5 opp med albuene ut til siden. Pr\u00f8v \u00e5 holde kroppen helt i ro slik at du kun bruker armene og ryggen n\u00e5r du heiser deg opp.[\/vc_column_text][vc_single_image image=&raquo;17042&#8243; img_size=&raquo;full&raquo; alignment=&raquo;center&raquo;][\/vc_column][\/vc_row][vc_row full_width=&raquo;stretch_row_content&raquo; css=&raquo;.vc_custom_1494931862695{background-color: #009ada !important;}&raquo;][vc_column][vc_empty_space height=&raquo;8px&raquo;][title text=&raquo;Kj\u00f8p din Abilica PowerSling n\u00e5.&raquo; tag=&raquo;h2&#8243; color=&raquo;#ffffff&raquo; text_align=&raquo;center&raquo;][vc_empty_space][\/vc_column][\/vc_row][vc_row][vc_column width=&raquo;1\/4&#8243;][\/vc_column][vc_column width=&raquo;1\/2&#8243;][product_mod id=&raquo;2091&#8243;][vc_empty_space][\/vc_column][vc_column width=&raquo;1\/4&#8243;][\/vc_column][\/vc_row][vc_row full_width=&raquo;stretch_row_content&raquo; full_height=&raquo;yes&raquo; css=&raquo;.vc_custom_1492107914905{background-image: url(https:\/\/abilica.com\/no\/wp-content\/uploads\/2017\/04\/powersling1.jpg?id=17115) !important;background-position: center !important;background-repeat: no-repeat !important;background-size: cover !important;}&raquo;][vc_column][\/vc_column][\/vc_row]<\/p>\n<\/div>","protected":false},"excerpt":{"rendered":"<p>[vc_row full_width=&raquo;stretch_row_content&raquo; full_height=&raquo;yes&raquo; columns_placement=&raquo;bottom&raquo; css=&raquo;.vc_custom_1492021675284{background-image: url(https:\/\/abilica.com\/no\/wp-content\/uploads\/2017\/04\/521400_image42.jpg?id=17026) !important;background-position: center !important;background-repeat: no-repeat !important;background-size: cover !important;}&raquo;][vc_column width=&raquo;1\/3&#8243;][\/vc_column][vc_column width=&raquo;1\/3&#8243;][vc_icon&#8230;<\/p>\n","protected":false},"author":13,"featured_media":0,"parent":32218,"menu_order":0,"comment_status":"closed","ping_status":"closed","template":"","meta":{"_acf_changed":false,"footnotes":""},"class_list":["post-32252","page","type-page","status-publish","hentry"],"acf":[],"yoast_head":"<!-- This site is optimized with the Yoast SEO Premium plugin v21.1 (Yoast SEO v25.4) - https:\/\/yoast.com\/wordpress\/plugins\/seo\/ -->\n<title>Treningsprogram til Abilica PowerSling &#8226; Abilica<\/title>\n<meta name=\"robots\" content=\"index, follow, max-snippet:-1, max-image-preview:large, max-video-preview:-1\" \/>\n<link rel=\"canonical\" href=\"https:\/\/abilica.com\/no\/treningsprogram\/treningsprogram-til-abilica-powersling\/\" \/>\n<meta property=\"og:locale\" content=\"nb_NO\" \/>\n<meta property=\"og:type\" content=\"article\" \/>\n<meta property=\"og:title\" content=\"Treningsprogram til Abilica PowerSling\" \/>\n<meta property=\"og:description\" content=\"[vc_row full_width=&raquo;stretch_row_content&raquo; full_height=&raquo;yes&raquo; columns_placement=&raquo;bottom&raquo; css=&raquo;.vc_custom_1492021675284{background-image: url(https:\/\/abilica.com\/no\/wp-content\/uploads\/2017\/04\/521400_image42.jpg?id=17026) !important;background-position: center !important;background-repeat: no-repeat !important;background-size: cover !important;}&raquo;][vc_column width=&raquo;1\/3&#8243;][\/vc_column][vc_column width=&raquo;1\/3&#8243;][vc_icon...\" \/>\n<meta property=\"og:url\" content=\"https:\/\/abilica.com\/no\/treningsprogram\/treningsprogram-til-abilica-powersling\/\" \/>\n<meta property=\"og:site_name\" content=\"Abilica\" \/>\n<meta property=\"article:publisher\" content=\"https:\/\/www.facebook.com\/abilicahometraining\/\" \/>\n<meta name=\"twitter:card\" content=\"summary_large_image\" \/>\n<meta name=\"twitter:label1\" content=\"Ansl. lesetid\" \/>\n\t<meta name=\"twitter:data1\" content=\"5 minutter\" \/>\n<script type=\"application\/ld+json\" class=\"yoast-schema-graph\">{\"@context\":\"https:\/\/schema.org\",\"@graph\":[{\"@type\":\"WebPage\",\"@id\":\"https:\/\/abilica.com\/no\/treningsprogram\/treningsprogram-til-abilica-powersling\/\",\"url\":\"https:\/\/abilica.com\/no\/treningsprogram\/treningsprogram-til-abilica-powersling\/\",\"name\":\"Treningsprogram til Abilica PowerSling &#8226; Abilica\",\"isPartOf\":{\"@id\":\"https:\/\/abilica.com\/#website\"},\"datePublished\":\"2023-07-30T17:18:58+00:00\",\"breadcrumb\":{\"@id\":\"https:\/\/abilica.com\/no\/treningsprogram\/treningsprogram-til-abilica-powersling\/#breadcrumb\"},\"inLanguage\":\"nb-NO\",\"potentialAction\":[{\"@type\":\"ReadAction\",\"target\":[\"https:\/\/abilica.com\/no\/treningsprogram\/treningsprogram-til-abilica-powersling\/\"]}]},{\"@type\":\"BreadcrumbList\",\"@id\":\"https:\/\/abilica.com\/no\/treningsprogram\/treningsprogram-til-abilica-powersling\/#breadcrumb\",\"itemListElement\":[{\"@type\":\"ListItem\",\"position\":1,\"name\":\"Hem\",\"item\":\"https:\/\/abilica.com\/no\/\"},{\"@type\":\"ListItem\",\"position\":2,\"name\":\"Treningsprogram\",\"item\":\"https:\/\/abilica.com\/no\/treningsprogram\/\"},{\"@type\":\"ListItem\",\"position\":3,\"name\":\"Treningsprogram til Abilica PowerSling\"}]},{\"@type\":\"WebSite\",\"@id\":\"https:\/\/abilica.com\/#website\",\"url\":\"https:\/\/abilica.com\/\",\"name\":\"Abilica\",\"description\":\"Abilica Home Training\",\"potentialAction\":[{\"@type\":\"SearchAction\",\"target\":{\"@type\":\"EntryPoint\",\"urlTemplate\":\"https:\/\/abilica.com\/?s={search_term_string}\"},\"query-input\":{\"@type\":\"PropertyValueSpecification\",\"valueRequired\":true,\"valueName\":\"search_term_string\"}}],\"inLanguage\":\"nb-NO\"}]}<\/script>\n<!-- \/ Yoast SEO Premium plugin. -->","yoast_head_json":{"title":"Treningsprogram til Abilica PowerSling &#8226; Abilica","robots":{"index":"index","follow":"follow","max-snippet":"max-snippet:-1","max-image-preview":"max-image-preview:large","max-video-preview":"max-video-preview:-1"},"canonical":"https:\/\/abilica.com\/no\/treningsprogram\/treningsprogram-til-abilica-powersling\/","og_locale":"nb_NO","og_type":"article","og_title":"Treningsprogram til Abilica PowerSling","og_description":"[vc_row full_width=&raquo;stretch_row_content&raquo; full_height=&raquo;yes&raquo; columns_placement=&raquo;bottom&raquo; css=&raquo;.vc_custom_1492021675284{background-image: url(https:\/\/abilica.com\/no\/wp-content\/uploads\/2017\/04\/521400_image42.jpg?id=17026) !important;background-position: center !important;background-repeat: no-repeat !important;background-size: cover !important;}&raquo;][vc_column width=&raquo;1\/3&#8243;][\/vc_column][vc_column width=&raquo;1\/3&#8243;][vc_icon...","og_url":"https:\/\/abilica.com\/no\/treningsprogram\/treningsprogram-til-abilica-powersling\/","og_site_name":"Abilica","article_publisher":"https:\/\/www.facebook.com\/abilicahometraining\/","twitter_card":"summary_large_image","twitter_misc":{"Ansl. lesetid":"5 minutter"},"schema":{"@context":"https:\/\/schema.org","@graph":[{"@type":"WebPage","@id":"https:\/\/abilica.com\/no\/treningsprogram\/treningsprogram-til-abilica-powersling\/","url":"https:\/\/abilica.com\/no\/treningsprogram\/treningsprogram-til-abilica-powersling\/","name":"Treningsprogram til Abilica PowerSling &#8226; Abilica","isPartOf":{"@id":"https:\/\/abilica.com\/#website"},"datePublished":"2023-07-30T17:18:58+00:00","breadcrumb":{"@id":"https:\/\/abilica.com\/no\/treningsprogram\/treningsprogram-til-abilica-powersling\/#breadcrumb"},"inLanguage":"nb-NO","potentialAction":[{"@type":"ReadAction","target":["https:\/\/abilica.com\/no\/treningsprogram\/treningsprogram-til-abilica-powersling\/"]}]},{"@type":"BreadcrumbList","@id":"https:\/\/abilica.com\/no\/treningsprogram\/treningsprogram-til-abilica-powersling\/#breadcrumb","itemListElement":[{"@type":"ListItem","position":1,"name":"Hem","item":"https:\/\/abilica.com\/no\/"},{"@type":"ListItem","position":2,"name":"Treningsprogram","item":"https:\/\/abilica.com\/no\/treningsprogram\/"},{"@type":"ListItem","position":3,"name":"Treningsprogram til Abilica PowerSling"}]},{"@type":"WebSite","@id":"https:\/\/abilica.com\/#website","url":"https:\/\/abilica.com\/","name":"Abilica","description":"Abilica Home Training","potentialAction":[{"@type":"SearchAction","target":{"@type":"EntryPoint","urlTemplate":"https:\/\/abilica.com\/?s={search_term_string}"},"query-input":{"@type":"PropertyValueSpecification","valueRequired":true,"valueName":"search_term_string"}}],"inLanguage":"nb-NO"}]}},"_links":{"self":[{"href":"https:\/\/abilica.com\/no\/wp-json\/wp\/v2\/pages\/32252","targetHints":{"allow":["GET"]}}],"collection":[{"href":"https:\/\/abilica.com\/no\/wp-json\/wp\/v2\/pages"}],"about":[{"href":"https:\/\/abilica.com\/no\/wp-json\/wp\/v2\/types\/page"}],"author":[{"embeddable":true,"href":"https:\/\/abilica.com\/no\/wp-json\/wp\/v2\/users\/13"}],"replies":[{"embeddable":true,"href":"https:\/\/abilica.com\/no\/wp-json\/wp\/v2\/comments?post=32252"}],"version-history":[{"count":1,"href":"https:\/\/abilica.com\/no\/wp-json\/wp\/v2\/pages\/32252\/revisions"}],"predecessor-version":[{"id":32262,"href":"https:\/\/abilica.com\/no\/wp-json\/wp\/v2\/pages\/32252\/revisions\/32262"}],"up":[{"embeddable":true,"href":"https:\/\/abilica.com\/no\/wp-json\/wp\/v2\/pages\/32218"}],"wp:attachment":[{"href":"https:\/\/abilica.com\/no\/wp-json\/wp\/v2\/media?parent=32252"}],"curies":[{"name":"wp","href":"https:\/\/api.w.org\/{rel}","templated":true}]}}