{"id":32256,"date":"2023-07-30T18:20:26","date_gmt":"2023-07-30T17:20:26","guid":{"rendered":"https:\/\/abilica.com\/?page_id=32256"},"modified":"2023-07-30T18:20:26","modified_gmt":"2023-07-30T17:20:26","slug":"treningsprogram-til-abilica-sandbag","status":"publish","type":"page","link":"https:\/\/abilica.com\/no\/treningsprogram\/treningsprogram-til-abilica-sandbag\/","title":{"rendered":"Treningsprogram til Abilica SandBag"},"content":{"rendered":"<div class=\"wpb-content-wrapper\"><p>[vc_row full_width=&raquo;stretch_row_content&raquo; full_height=&raquo;yes&raquo; columns_placement=&raquo;bottom&raquo; css=&raquo;.vc_custom_1493109082731{background-image: url(https:\/\/abilica.com\/no\/wp-content\/uploads\/2017\/04\/andbag2.jpg?id=18097) !important;background-position: center !important;background-repeat: no-repeat !important;background-size: cover !important;}&raquo;][vc_column width=&raquo;1\/3&#8243;][\/vc_column][vc_column width=&raquo;1\/3&#8243;][vc_icon icon_fontawesome=&raquo;fa fa-angle-down&raquo; color=&raquo;white&raquo; size=&raquo;xl&raquo; align=&raquo;center&raquo;][\/vc_column][vc_column width=&raquo;1\/3&#8243;][\/vc_column][\/vc_row][vc_row][vc_column][vc_column_text]<\/p>\n<h2 style=\"text-align: left;\"><span style=\"color: #000000;\">Treningsprogram til Abilica\u00a0SandBag<\/span><\/h2>\n<p>Abilica SandBag er et glimrende produkt for varierte og funksjonelle \u00f8velser som trener flere muskler sammen.\u00a0Test v\u00e5rt treningsprogram for effektiv trening med sandsekk.[\/vc_column_text][vc_empty_space][\/vc_column][\/vc_row][vc_row][vc_column][title text=&raquo;Kj\u00f8p SandBag n\u00e5.&raquo; text_align=&raquo;left&raquo;][\/vc_column][\/vc_row][vc_row][vc_column width=&raquo;1\/2&#8243;][product_mod id=&raquo;745&#8243;][\/vc_column][vc_column width=&raquo;1\/2&#8243;][\/vc_column][\/vc_row][vc_row][vc_column][vc_empty_space][vc_btn title=&raquo;Last ned treningsprogrammet i PDF&raquo; style=&raquo;flat&raquo; color=&raquo;danger&raquo; i_icon_fontawesome=&raquo;fa fa-file-pdf-o&raquo; add_icon=&raquo;true&raquo; link=&raquo;url:https%3A%2F%2Fabilica.com\/no%2Fwp-content%2Fuploads%2F2017%2F02%2FAbilica-SandBag.pdf||target:%20_blank|&raquo;][\/vc_column][\/vc_row][vc_row css=&raquo;.vc_custom_1492108997727{background-position: center !important;background-repeat: no-repeat !important;background-size: cover !important;}&raquo;][vc_column][vc_column_text]<\/p>\n<h2 style=\"text-align: left;\">1.<\/h2>\n<h2>Kneb\u00f8y<\/h2>\n<p><strong>Tid:<\/strong> 1 min<\/p>\n<p>Still deg med f\u00f8ttene i god hoftebreddes avstand. Legg sandsekken p\u00e5 skuldrene. Gj\u00f8r en kneb\u00f8y s\u00e5 langt ned du kan med rett rygg og kn\u00e6rne\u00a0i linje med f\u00f8ttene. Hele foten skal v\u00e6re i bakken. Kom tilbake til grunnposisjonen. Gjenta.[\/vc_column_text][vc_single_image image=&raquo;18113&#8243; img_size=&raquo;full&raquo; alignment=&raquo;center&raquo;][\/vc_column][\/vc_row][vc_row][vc_column][vc_column_text]<\/p>\n<h2 style=\"text-align: left;\">2.<\/h2>\n<h2>Kneb\u00f8y med\u00a0skulderpress<\/h2>\n<p><strong>Tid:<\/strong> 1 min<\/p>\n<p>Still deg med f\u00f8ttene i god hoftebreddes avstand. Hold sandsekken fremfor kroppen i h\u00f8yde med kragebenet. Gj\u00f8r en kneb\u00f8y s\u00e5 langt\u00a0ned du kan med rett rygg og kn\u00e6rne i linje med f\u00f8ttene. Hele foten skal v\u00e6re i bakken. N\u00e5r du kommer opp til grunnposisjonen gj\u00f8r du en skulderpress til strake armer. Senk ned sandsekken til grunnposisjonen. Gjenta.[\/vc_column_text][vc_single_image image=&raquo;18106&#8243; img_size=&raquo;full&raquo; alignment=&raquo;center&raquo;][\/vc_column][\/vc_row][vc_row][vc_column][vc_column_text]<\/p>\n<h2 style=\"text-align: left;\">3.<\/h2>\n<h2>Kneb\u00f8y med\u00a0sving til skulder<\/h2>\n<p><strong>Tid:<\/strong> 1 min<\/p>\n<p>Still deg med f\u00f8ttene i god hoftebreddes avstand. Gj\u00f8r en kneb\u00f8y s\u00e5 langt ned du kan med rett rygg og kn\u00e6rne i linje med f\u00f8ttene. Hele foten skal v\u00e6re i bakken. Reis deg opp og ta med sandsekken. L\u00f8ft den til valgfri skulder. Ta den med ned i neste kneb\u00f8y. Gjenta. Bytt skulder.[\/vc_column_text][vc_single_image image=&raquo;18107&#8243; img_size=&raquo;full&raquo; alignment=&raquo;center&raquo;][\/vc_column][\/vc_row][vc_row][vc_column][vc_column_text]<\/p>\n<h2 style=\"text-align: left;\">4.<\/h2>\n<h2>Utfall<\/h2>\n<p><strong>Tid:<\/strong> 1 min<\/p>\n<p>Legg sandsekken p\u00e5 skuldrene. Ta et steg fremover med valgfritt bein. Hold hoftebredde i ditt steg s\u00e5 du har god balanse. La kroppen synke ned mot bakken som et lodd ved \u00e5 b\u00f8ye begge kn\u00e6rne. N\u00e5r du er i bunnen skal begge kn\u00e6r ha ca 90 graders vinkel. Strak i ryggen.[\/vc_column_text][vc_single_image image=&raquo;18108&#8243; img_size=&raquo;full&raquo; alignment=&raquo;center&raquo;][\/vc_column][\/vc_row][vc_row full_width=&raquo;stretch_row_content&raquo; full_height=&raquo;yes&raquo; css=&raquo;.vc_custom_1493109579646{background-image: url(https:\/\/abilica.com\/no\/wp-content\/uploads\/2017\/04\/sandbag1.jpg?id=18100) !important;background-position: center !important;background-repeat: no-repeat !important;background-size: cover !important;}&raquo;][vc_column][\/vc_column][\/vc_row][vc_row][vc_column][vc_column_text]<\/p>\n<h2 style=\"text-align: left;\">5.<\/h2>\n<h2>St\u00f8t<\/h2>\n<p><strong>Tid:<\/strong> 1 min<\/p>\n<p>Start med \u00e5 holde sandsekken i begge hender i en dyp kneb\u00f8y. Reis deg opp. Hold sandsekken n\u00e6re kroppen og ha rett rygg. Snu sandsekken i h\u00f8yde med brystet og press den opp til strake armer. Brems den ned til brystet, snu den rundt og gj\u00f8r en kneb\u00f8y. Gjenta.[\/vc_column_text][vc_single_image image=&raquo;18109&#8243; img_size=&raquo;full&raquo; alignment=&raquo;center&raquo;][\/vc_column][\/vc_row][vc_row][vc_column][vc_column_text]<\/p>\n<h2 style=\"text-align: left;\">6.<\/h2>\n<h2>Burpees<\/h2>\n<p><strong>Tid:<\/strong> 1 min<\/p>\n<p>Still deg med hendene p\u00e5 sandsekken og ha strake armer. Hold kroppen rett og st\u00f8tt deg p\u00e5 t\u00e6rne, alternativt p\u00e5 kn\u00e6rne. Gj\u00f8r en pushup. Hopp sammen til huk. Sett ned hele foten, hold kn\u00e6rne i linje med f\u00f8ttene. Reis deg opp og ta med sandsekken, snu den rundt i h\u00f8yde med brystet og snu den umiddelbart tilbake. Gj\u00f8r en kneb\u00f8y. Gjenta.[\/vc_column_text][vc_single_image image=&raquo;18110&#8243; img_size=&raquo;full&raquo; alignment=&raquo;center&raquo;][\/vc_column][\/vc_row][vc_row][vc_column][vc_column_text]<\/p>\n<h2 style=\"text-align: left;\">7.<\/h2>\n<h2>Skulderpress<\/h2>\n<p><strong>Tid:<\/strong> 1 min<\/p>\n<p>St\u00e5 med f\u00f8ttene i god hoftebreddes avstand. Hold sandsekken i h\u00f8yde med kragebenet, albuene rett under. Press opp sandsekken till strake armer. Brems ned til grunnposisjonen. Gjenta.[\/vc_column_text][vc_single_image image=&raquo;18111&#8243; img_size=&raquo;full&raquo; alignment=&raquo;center&raquo;][\/vc_column][\/vc_row][vc_row][vc_column][vc_column_text]<\/p>\n<h2 style=\"text-align: left;\">8.<\/h2>\n<h2>Rotasjon<\/h2>\n<p><strong>Tid:<\/strong> 1 min<\/p>\n<p>St\u00e5 med f\u00f8ttene i god hoftebreddes avstand. Hold sandsekken foran deg i h\u00f8yde med navlen. Roter fra side til side med overkroppen. V\u00e6r lett b\u00f8yd i albuene og spenn armen. Hold midten p\u00e5 sandsekken i linje med ditt brystben.[\/vc_column_text][vc_single_image image=&raquo;18112&#8243; img_size=&raquo;full&raquo; alignment=&raquo;center&raquo;][\/vc_column][\/vc_row][vc_row full_width=&raquo;stretch_row_content&raquo; css=&raquo;.vc_custom_1493109635158{background-color: #0a0000 !important;}&raquo;][vc_column][title text=&raquo;Kj\u00f8p din Abilica SandBag n\u00e5.&raquo; tag=&raquo;h2&#8243; color=&raquo;#ff0000&#8243; text_align=&raquo;center&raquo;][vc_empty_space][\/vc_column][\/vc_row][vc_row][vc_column width=&raquo;1\/4&#8243;][\/vc_column][vc_column width=&raquo;1\/2&#8243;][product_mod id=&raquo;745&#8243;][vc_empty_space][\/vc_column][vc_column width=&raquo;1\/4&#8243;][\/vc_column][\/vc_row][vc_row full_width=&raquo;stretch_row_content&raquo; full_height=&raquo;yes&raquo; css=&raquo;.vc_custom_1493109743442{background-image: url(https:\/\/abilica.com\/no\/wp-content\/uploads\/2017\/04\/andbag3-1.jpg?id=18116) !important;background-position: center !important;background-repeat: no-repeat !important;background-size: cover !important;}&raquo;][vc_column][\/vc_column][\/vc_row]<\/p>\n<\/div>","protected":false},"excerpt":{"rendered":"<p>[vc_row full_width=&raquo;stretch_row_content&raquo; full_height=&raquo;yes&raquo; columns_placement=&raquo;bottom&raquo; css=&raquo;.vc_custom_1493109082731{background-image: url(https:\/\/abilica.com\/no\/wp-content\/uploads\/2017\/04\/andbag2.jpg?id=18097) !important;background-position: center !important;background-repeat: no-repeat !important;background-size: cover !important;}&raquo;][vc_column width=&raquo;1\/3&#8243;][\/vc_column][vc_column width=&raquo;1\/3&#8243;][vc_icon&#8230;<\/p>\n","protected":false},"author":13,"featured_media":0,"parent":32218,"menu_order":0,"comment_status":"closed","ping_status":"closed","template":"","meta":{"_acf_changed":false,"footnotes":""},"class_list":["post-32256","page","type-page","status-publish","hentry"],"acf":[],"yoast_head":"<!-- This site is optimized with the Yoast SEO Premium plugin v21.1 (Yoast SEO v25.4) - https:\/\/yoast.com\/wordpress\/plugins\/seo\/ -->\n<title>Treningsprogram til Abilica SandBag &#8226; Abilica<\/title>\n<meta name=\"robots\" content=\"index, follow, max-snippet:-1, max-image-preview:large, max-video-preview:-1\" \/>\n<link rel=\"canonical\" href=\"https:\/\/abilica.com\/no\/treningsprogram\/treningsprogram-til-abilica-sandbag\/\" \/>\n<meta property=\"og:locale\" content=\"nb_NO\" \/>\n<meta property=\"og:type\" content=\"article\" \/>\n<meta property=\"og:title\" content=\"Treningsprogram til Abilica SandBag\" \/>\n<meta property=\"og:description\" content=\"[vc_row full_width=&raquo;stretch_row_content&raquo; full_height=&raquo;yes&raquo; columns_placement=&raquo;bottom&raquo; css=&raquo;.vc_custom_1493109082731{background-image: url(https:\/\/abilica.com\/no\/wp-content\/uploads\/2017\/04\/andbag2.jpg?id=18097) !important;background-position: center !important;background-repeat: no-repeat !important;background-size: cover !important;}&raquo;][vc_column width=&raquo;1\/3&#8243;][\/vc_column][vc_column width=&raquo;1\/3&#8243;][vc_icon...\" \/>\n<meta property=\"og:url\" content=\"https:\/\/abilica.com\/no\/treningsprogram\/treningsprogram-til-abilica-sandbag\/\" \/>\n<meta property=\"og:site_name\" content=\"Abilica\" \/>\n<meta property=\"article:publisher\" content=\"https:\/\/www.facebook.com\/abilicahometraining\/\" \/>\n<meta name=\"twitter:card\" content=\"summary_large_image\" \/>\n<meta name=\"twitter:label1\" content=\"Ansl. lesetid\" \/>\n\t<meta name=\"twitter:data1\" content=\"5 minutter\" \/>\n<script type=\"application\/ld+json\" class=\"yoast-schema-graph\">{\"@context\":\"https:\/\/schema.org\",\"@graph\":[{\"@type\":\"WebPage\",\"@id\":\"https:\/\/abilica.com\/no\/treningsprogram\/treningsprogram-til-abilica-sandbag\/\",\"url\":\"https:\/\/abilica.com\/no\/treningsprogram\/treningsprogram-til-abilica-sandbag\/\",\"name\":\"Treningsprogram til Abilica SandBag &#8226; Abilica\",\"isPartOf\":{\"@id\":\"https:\/\/abilica.com\/#website\"},\"datePublished\":\"2023-07-30T17:20:26+00:00\",\"breadcrumb\":{\"@id\":\"https:\/\/abilica.com\/no\/treningsprogram\/treningsprogram-til-abilica-sandbag\/#breadcrumb\"},\"inLanguage\":\"nb-NO\",\"potentialAction\":[{\"@type\":\"ReadAction\",\"target\":[\"https:\/\/abilica.com\/no\/treningsprogram\/treningsprogram-til-abilica-sandbag\/\"]}]},{\"@type\":\"BreadcrumbList\",\"@id\":\"https:\/\/abilica.com\/no\/treningsprogram\/treningsprogram-til-abilica-sandbag\/#breadcrumb\",\"itemListElement\":[{\"@type\":\"ListItem\",\"position\":1,\"name\":\"Hem\",\"item\":\"https:\/\/abilica.com\/no\/\"},{\"@type\":\"ListItem\",\"position\":2,\"name\":\"Treningsprogram\",\"item\":\"https:\/\/abilica.com\/no\/treningsprogram\/\"},{\"@type\":\"ListItem\",\"position\":3,\"name\":\"Treningsprogram til Abilica SandBag\"}]},{\"@type\":\"WebSite\",\"@id\":\"https:\/\/abilica.com\/#website\",\"url\":\"https:\/\/abilica.com\/\",\"name\":\"Abilica\",\"description\":\"Abilica Home Training\",\"potentialAction\":[{\"@type\":\"SearchAction\",\"target\":{\"@type\":\"EntryPoint\",\"urlTemplate\":\"https:\/\/abilica.com\/?s={search_term_string}\"},\"query-input\":{\"@type\":\"PropertyValueSpecification\",\"valueRequired\":true,\"valueName\":\"search_term_string\"}}],\"inLanguage\":\"nb-NO\"}]}<\/script>\n<!-- \/ Yoast SEO Premium plugin. -->","yoast_head_json":{"title":"Treningsprogram til Abilica SandBag &#8226; Abilica","robots":{"index":"index","follow":"follow","max-snippet":"max-snippet:-1","max-image-preview":"max-image-preview:large","max-video-preview":"max-video-preview:-1"},"canonical":"https:\/\/abilica.com\/no\/treningsprogram\/treningsprogram-til-abilica-sandbag\/","og_locale":"nb_NO","og_type":"article","og_title":"Treningsprogram til Abilica SandBag","og_description":"[vc_row full_width=&raquo;stretch_row_content&raquo; full_height=&raquo;yes&raquo; columns_placement=&raquo;bottom&raquo; css=&raquo;.vc_custom_1493109082731{background-image: url(https:\/\/abilica.com\/no\/wp-content\/uploads\/2017\/04\/andbag2.jpg?id=18097) !important;background-position: center !important;background-repeat: no-repeat !important;background-size: cover !important;}&raquo;][vc_column width=&raquo;1\/3&#8243;][\/vc_column][vc_column width=&raquo;1\/3&#8243;][vc_icon...","og_url":"https:\/\/abilica.com\/no\/treningsprogram\/treningsprogram-til-abilica-sandbag\/","og_site_name":"Abilica","article_publisher":"https:\/\/www.facebook.com\/abilicahometraining\/","twitter_card":"summary_large_image","twitter_misc":{"Ansl. lesetid":"5 minutter"},"schema":{"@context":"https:\/\/schema.org","@graph":[{"@type":"WebPage","@id":"https:\/\/abilica.com\/no\/treningsprogram\/treningsprogram-til-abilica-sandbag\/","url":"https:\/\/abilica.com\/no\/treningsprogram\/treningsprogram-til-abilica-sandbag\/","name":"Treningsprogram til Abilica SandBag &#8226; Abilica","isPartOf":{"@id":"https:\/\/abilica.com\/#website"},"datePublished":"2023-07-30T17:20:26+00:00","breadcrumb":{"@id":"https:\/\/abilica.com\/no\/treningsprogram\/treningsprogram-til-abilica-sandbag\/#breadcrumb"},"inLanguage":"nb-NO","potentialAction":[{"@type":"ReadAction","target":["https:\/\/abilica.com\/no\/treningsprogram\/treningsprogram-til-abilica-sandbag\/"]}]},{"@type":"BreadcrumbList","@id":"https:\/\/abilica.com\/no\/treningsprogram\/treningsprogram-til-abilica-sandbag\/#breadcrumb","itemListElement":[{"@type":"ListItem","position":1,"name":"Hem","item":"https:\/\/abilica.com\/no\/"},{"@type":"ListItem","position":2,"name":"Treningsprogram","item":"https:\/\/abilica.com\/no\/treningsprogram\/"},{"@type":"ListItem","position":3,"name":"Treningsprogram til Abilica SandBag"}]},{"@type":"WebSite","@id":"https:\/\/abilica.com\/#website","url":"https:\/\/abilica.com\/","name":"Abilica","description":"Abilica Home Training","potentialAction":[{"@type":"SearchAction","target":{"@type":"EntryPoint","urlTemplate":"https:\/\/abilica.com\/?s={search_term_string}"},"query-input":{"@type":"PropertyValueSpecification","valueRequired":true,"valueName":"search_term_string"}}],"inLanguage":"nb-NO"}]}},"_links":{"self":[{"href":"https:\/\/abilica.com\/no\/wp-json\/wp\/v2\/pages\/32256","targetHints":{"allow":["GET"]}}],"collection":[{"href":"https:\/\/abilica.com\/no\/wp-json\/wp\/v2\/pages"}],"about":[{"href":"https:\/\/abilica.com\/no\/wp-json\/wp\/v2\/types\/page"}],"author":[{"embeddable":true,"href":"https:\/\/abilica.com\/no\/wp-json\/wp\/v2\/users\/13"}],"replies":[{"embeddable":true,"href":"https:\/\/abilica.com\/no\/wp-json\/wp\/v2\/comments?post=32256"}],"version-history":[{"count":1,"href":"https:\/\/abilica.com\/no\/wp-json\/wp\/v2\/pages\/32256\/revisions"}],"predecessor-version":[{"id":32266,"href":"https:\/\/abilica.com\/no\/wp-json\/wp\/v2\/pages\/32256\/revisions\/32266"}],"up":[{"embeddable":true,"href":"https:\/\/abilica.com\/no\/wp-json\/wp\/v2\/pages\/32218"}],"wp:attachment":[{"href":"https:\/\/abilica.com\/no\/wp-json\/wp\/v2\/media?parent=32256"}],"curies":[{"name":"wp","href":"https:\/\/api.w.org\/{rel}","templated":true}]}}