{"id":32257,"date":"2023-07-30T18:20:53","date_gmt":"2023-07-30T17:20:53","guid":{"rendered":"https:\/\/abilica.com\/?page_id=32257"},"modified":"2023-07-30T18:20:53","modified_gmt":"2023-07-30T17:20:53","slug":"treningsprogram-til-abilica-softbalance","status":"publish","type":"page","link":"https:\/\/abilica.com\/no\/treningsprogram\/treningsprogram-til-abilica-softbalance\/","title":{"rendered":"Treningsprogram til Abilica SoftBalance"},"content":{"rendered":"<div class=\"wpb-content-wrapper\"><p>[vc_row full_width=&raquo;stretch_row_content&raquo; full_height=&raquo;yes&raquo; columns_placement=&raquo;bottom&raquo; css=&raquo;.vc_custom_1492762731123{background-image: url(https:\/\/abilica.com\/no\/wp-content\/uploads\/2017\/04\/softbalance2.jpg?id=17635) !important;background-position: center !important;background-repeat: no-repeat !important;background-size: cover !important;}&raquo;][vc_column width=&raquo;1\/3&#8243;][\/vc_column][vc_column width=&raquo;1\/3&#8243;][vc_icon icon_fontawesome=&raquo;fa fa-angle-down&raquo; color=&raquo;white&raquo; size=&raquo;xl&raquo; align=&raquo;center&raquo;][\/vc_column][vc_column width=&raquo;1\/3&#8243;][\/vc_column][\/vc_row][vc_row][vc_column][vc_column_text]<\/p>\n<h2 style=\"text-align: left;\"><span style=\"color: #000000;\">Treningsprogram til Abilica\u00a0SoftBalance<\/span><\/h2>\n<p>Balanseputen SoftBalance er perfekt\u00a0for balanse\u00f8velser, styrke\u00f8velser og koordinasjons\u00f8velser. St\u00e5 p\u00e5 den, sitt p\u00e5 den eller ligg p\u00e5 den![\/vc_column_text][vc_empty_space][\/vc_column][\/vc_row][vc_row][vc_column][title text=&raquo;Kj\u00f8p SoftBalance n\u00e5.&raquo; tag=&raquo;h2&#8243; text_align=&raquo;left&raquo;][\/vc_column][\/vc_row][vc_row content_placement=&raquo;middle&raquo;][vc_column width=&raquo;1\/2&#8243;][product_mod id=&raquo;1777&#8243;][\/vc_column][vc_column width=&raquo;1\/2&#8243;][\/vc_column][\/vc_row][vc_row][vc_column][vc_empty_space][vc_btn title=&raquo;Last ned treningsprogrammet i PDF&raquo; style=&raquo;flat&raquo; color=&raquo;black&raquo; i_icon_fontawesome=&raquo;fa fa-file-pdf-o&raquo; add_icon=&raquo;true&raquo; link=&raquo;url:https%3A%2F%2Fabilica.com\/no%2Fwp-content%2Fuploads%2F2017%2F02%2FAbilica-SoftBalance.pdf|||&raquo;][\/vc_column][\/vc_row][vc_row full_height=&raquo;yes&raquo; css=&raquo;.vc_custom_1492108295473{background-position: center !important;background-repeat: no-repeat !important;background-size: cover !important;}&raquo;][vc_column css=&raquo;.vc_custom_1492691214219{margin-top: 0px !important;border-top-width: 0px !important;padding-top: 0px !important;}&raquo;][vc_column_text]<\/p>\n<h2 style=\"text-align: left;\">1.<\/h2>\n<h2>Utfall<\/h2>\n<p><strong>Antall repetisjoner:<\/strong>\u00a0Hold s\u00e5 lenge du klarer oppe p\u00e5 puten, gjenta 2 ganger p\u00e5 hvert ben<br \/>\n<strong>Trener:<\/strong>\u00a0Generell balanse, spesielt ankelleddet<\/p>\n<p>St\u00e5 med ett ben p\u00e5 SoftBalance. Hold st\u00e5benet strakt. Hendene plasseres gjerne p\u00e5 hoftene eller i kors over brystet. Fest blikket p\u00e5 et fast punkt i \u00f8yeh\u00f8yde. Hold kroppen s\u00e5 rolig som mulig. Er det vanskelig, slipp armene l\u00f8s. Er det for lett kan du lukke \u00f8ynene, eller kaste en ball i veggen og ta imot.[\/vc_column_text][vc_single_image image=&raquo;17642&#8243; img_size=&raquo;full&raquo; alignment=&raquo;center&raquo;][\/vc_column][\/vc_row][vc_row][vc_column][vc_column_text]<\/p>\n<h2 style=\"text-align: left;\">2.<\/h2>\n<h2>Balanse p\u00e5 ett ben med b\u00f8yd kne<\/h2>\n<p><strong>Antall repetisjoner:\u00a0<\/strong>Hold s\u00e5 lenge du klarer oppe p\u00e5 puten, gjenta 2 ganger p\u00e5 hvert ben<br \/>\n<strong>Trener:<\/strong>\u00a0Generell balanse, spesielt i kneleddet. Forside l\u00e5r.<\/p>\n<p>St\u00e5 med ett ben p\u00e5 SoftBalance. Hold st\u00e5benet lett b\u00f8yd. Hendene plasseres gjerne p\u00e5 hoftene eller i kors over brystet. Fest blikket p\u00e5 et fast punkt i \u00f8yeh\u00f8yde. Hold kroppen s\u00e5 rolig som mulig. Er det vanskelig, slipp armene l\u00f8s. Er det for lett kan du lukke \u00f8ynene, eller kaste en ball i veggen og ta i mot.[\/vc_column_text][vc_single_image image=&raquo;17643&#8243; img_size=&raquo;full&raquo; alignment=&raquo;center&raquo;][\/vc_column][\/vc_row][vc_row full_width=&raquo;stretch_row_content&raquo; full_height=&raquo;yes&raquo; css=&raquo;.vc_custom_1492763263264{background-image: url(https:\/\/abilica.com\/no\/wp-content\/uploads\/2017\/04\/softbalance3.jpg?id=17636) !important;background-position: center !important;background-repeat: no-repeat !important;background-size: cover !important;}&raquo;][vc_column][\/vc_column][\/vc_row][vc_row][vc_column][vc_column_text]<\/p>\n<h2 style=\"text-align: left;\">3.<\/h2>\n<h2>B\u00e5ten<\/h2>\n<p><strong>Antall repetisjoner:\u00a0<\/strong>Hold s\u00e5 lenge du klarer oppe p\u00e5 puten. Gjenta 3 ganger<br \/>\n<strong>Trener:<\/strong>\u00a0Magemuskulatur, stabilitet i bekken og rygg<\/p>\n<p>Sitt med setet midt p\u00e5 SoftBalance. L\u00f8ft bena samlet litt opp fra gulvet. Overkroppen lenes bakover. Fest blikket p\u00e5 et fast punkt. Hold kroppen s\u00e5 rolig som mulig. Varier armstilling for ulik vanskelighetsgrad.[\/vc_column_text][vc_single_image image=&raquo;17646&#8243; img_size=&raquo;full&raquo; alignment=&raquo;center&raquo;][\/vc_column][\/vc_row][vc_row][vc_column][vc_column_text]<\/p>\n<h2 style=\"text-align: left;\">4.<\/h2>\n<h2>Sideveis benl\u00f8ft<\/h2>\n<p><strong>Antall repetisjoner:\u00a0<\/strong>Gj\u00f8r 12 repetisjoner f\u00f8r du skifter side. Gjenta totalt 3 ganger p\u00e5 hver side<br \/>\n<strong>Trener:<\/strong>\u00a0Utsiden av l\u00e5rene. Setet. Stabilitet i mage, bekken og rygg.<\/p>\n<p>Ligg p\u00e5 siden, med SoftBalance under hoften. St\u00f8tt deg med albue og h\u00e5nd p\u00e5 den underste armen, og h\u00e5nden p\u00e5 den \u00f8verste armen. Ligg helt rett med kroppen. L\u00f8ft begge bena opp fra gulvet. L\u00f8ft s\u00e5 det \u00f8verste benet rett opp fra det underste benet. \u00d8velsen gj\u00f8res sakte og kontrollert. Senk benet sakte ned til det andre og gjenta.[\/vc_column_text][vc_single_image image=&raquo;17645&#8243; img_size=&raquo;full&raquo; alignment=&raquo;center&raquo;][\/vc_column][\/vc_row][vc_row][vc_column][vc_column_text]<\/p>\n<h2 style=\"text-align: left;\">5.<\/h2>\n<h2>Diagonalt l\u00f8ft<\/h2>\n<p><strong>Antall repetisjoner:\u00a0<\/strong>Gj\u00f8r 12 repetisjoner f\u00f8r du skifter side. Gjenta totalt 3 ganger p\u00e5 hver side<br \/>\n<strong>Trener:<\/strong>\u00a0Setemuskulatur, rygg, stabilitet i hofteledd, rygg og bekken<\/p>\n<p>St\u00e5 p\u00e5 alle fire med strake armer. Ha det ene kneet p\u00e5 SoftBalance, det andre i gulvet.\u00a0Ryggen holdes rett, blikket vender ned mot gulvet. L\u00f8ft det benet som ikke st\u00e5r p\u00e5 SoftBalance opp bak, til l\u00e5ret blir en vannrett forlengelse av kroppen. Kneet holdes b\u00f8yd slik at fots\u00e5len peker opp mot taket. Hold litt, f\u00f8r du senker benet ned og gjentar. Bytt Soft Balance over til det andre kneet.[\/vc_column_text][vc_single_image image=&raquo;17644&#8243; img_size=&raquo;full&raquo; alignment=&raquo;center&raquo;][\/vc_column][\/vc_row][vc_row full_width=&raquo;stretch_row_content&raquo; css=&raquo;.vc_custom_1494931920507{background-color: #009ada !important;}&raquo;][vc_column][vc_empty_space height=&raquo;8px&raquo;][title text=&raquo;Kj\u00f8p din Abilica SoftBalance n\u00e5.&raquo; tag=&raquo;h2&#8243; color=&raquo;#ffffff&raquo; text_align=&raquo;center&raquo;][vc_empty_space][\/vc_column][\/vc_row][vc_row][vc_column width=&raquo;1\/4&#8243;][\/vc_column][vc_column width=&raquo;1\/2&#8243;][product_mod id=&raquo;1777&#8243;][vc_empty_space][\/vc_column][vc_column width=&raquo;1\/4&#8243;][\/vc_column][\/vc_row][vc_row full_width=&raquo;stretch_row_content&raquo; full_height=&raquo;yes&raquo; css=&raquo;.vc_custom_1492763275373{background-image: url(https:\/\/abilica.com\/no\/wp-content\/uploads\/2017\/04\/softbalance1.jpg?id=17634) !important;background-position: center !important;background-repeat: no-repeat !important;background-size: cover !important;}&raquo;][vc_column][\/vc_column][\/vc_row]<\/p>\n<\/div>","protected":false},"excerpt":{"rendered":"<p>[vc_row full_width=&raquo;stretch_row_content&raquo; full_height=&raquo;yes&raquo; columns_placement=&raquo;bottom&raquo; css=&raquo;.vc_custom_1492762731123{background-image: url(https:\/\/abilica.com\/no\/wp-content\/uploads\/2017\/04\/softbalance2.jpg?id=17635) !important;background-position: center !important;background-repeat: no-repeat !important;background-size: cover !important;}&raquo;][vc_column width=&raquo;1\/3&#8243;][\/vc_column][vc_column width=&raquo;1\/3&#8243;][vc_icon&#8230;<\/p>\n","protected":false},"author":13,"featured_media":0,"parent":32218,"menu_order":0,"comment_status":"closed","ping_status":"closed","template":"","meta":{"_acf_changed":false,"footnotes":""},"class_list":["post-32257","page","type-page","status-publish","hentry"],"acf":[],"yoast_head":"<!-- This site is optimized with the Yoast SEO Premium plugin v21.1 (Yoast SEO v25.4) - https:\/\/yoast.com\/wordpress\/plugins\/seo\/ -->\n<title>Treningsprogram til Abilica SoftBalance &#8226; Abilica<\/title>\n<meta name=\"robots\" content=\"index, follow, max-snippet:-1, max-image-preview:large, max-video-preview:-1\" \/>\n<link rel=\"canonical\" href=\"https:\/\/abilica.com\/no\/treningsprogram\/treningsprogram-til-abilica-softbalance\/\" \/>\n<meta property=\"og:locale\" content=\"nb_NO\" \/>\n<meta property=\"og:type\" content=\"article\" \/>\n<meta property=\"og:title\" content=\"Treningsprogram til Abilica SoftBalance\" \/>\n<meta property=\"og:description\" content=\"[vc_row full_width=&raquo;stretch_row_content&raquo; full_height=&raquo;yes&raquo; columns_placement=&raquo;bottom&raquo; css=&raquo;.vc_custom_1492762731123{background-image: url(https:\/\/abilica.com\/no\/wp-content\/uploads\/2017\/04\/softbalance2.jpg?id=17635) !important;background-position: center !important;background-repeat: no-repeat !important;background-size: cover !important;}&raquo;][vc_column width=&raquo;1\/3&#8243;][\/vc_column][vc_column width=&raquo;1\/3&#8243;][vc_icon...\" \/>\n<meta property=\"og:url\" content=\"https:\/\/abilica.com\/no\/treningsprogram\/treningsprogram-til-abilica-softbalance\/\" \/>\n<meta property=\"og:site_name\" content=\"Abilica\" \/>\n<meta property=\"article:publisher\" content=\"https:\/\/www.facebook.com\/abilicahometraining\/\" \/>\n<meta name=\"twitter:card\" content=\"summary_large_image\" \/>\n<meta name=\"twitter:label1\" content=\"Ansl. lesetid\" \/>\n\t<meta name=\"twitter:data1\" content=\"5 minutter\" \/>\n<script type=\"application\/ld+json\" class=\"yoast-schema-graph\">{\"@context\":\"https:\/\/schema.org\",\"@graph\":[{\"@type\":\"WebPage\",\"@id\":\"https:\/\/abilica.com\/no\/treningsprogram\/treningsprogram-til-abilica-softbalance\/\",\"url\":\"https:\/\/abilica.com\/no\/treningsprogram\/treningsprogram-til-abilica-softbalance\/\",\"name\":\"Treningsprogram til Abilica SoftBalance &#8226; Abilica\",\"isPartOf\":{\"@id\":\"https:\/\/abilica.com\/#website\"},\"datePublished\":\"2023-07-30T17:20:53+00:00\",\"breadcrumb\":{\"@id\":\"https:\/\/abilica.com\/no\/treningsprogram\/treningsprogram-til-abilica-softbalance\/#breadcrumb\"},\"inLanguage\":\"nb-NO\",\"potentialAction\":[{\"@type\":\"ReadAction\",\"target\":[\"https:\/\/abilica.com\/no\/treningsprogram\/treningsprogram-til-abilica-softbalance\/\"]}]},{\"@type\":\"BreadcrumbList\",\"@id\":\"https:\/\/abilica.com\/no\/treningsprogram\/treningsprogram-til-abilica-softbalance\/#breadcrumb\",\"itemListElement\":[{\"@type\":\"ListItem\",\"position\":1,\"name\":\"Hem\",\"item\":\"https:\/\/abilica.com\/no\/\"},{\"@type\":\"ListItem\",\"position\":2,\"name\":\"Treningsprogram\",\"item\":\"https:\/\/abilica.com\/no\/treningsprogram\/\"},{\"@type\":\"ListItem\",\"position\":3,\"name\":\"Treningsprogram til Abilica SoftBalance\"}]},{\"@type\":\"WebSite\",\"@id\":\"https:\/\/abilica.com\/#website\",\"url\":\"https:\/\/abilica.com\/\",\"name\":\"Abilica\",\"description\":\"Abilica Home Training\",\"potentialAction\":[{\"@type\":\"SearchAction\",\"target\":{\"@type\":\"EntryPoint\",\"urlTemplate\":\"https:\/\/abilica.com\/?s={search_term_string}\"},\"query-input\":{\"@type\":\"PropertyValueSpecification\",\"valueRequired\":true,\"valueName\":\"search_term_string\"}}],\"inLanguage\":\"nb-NO\"}]}<\/script>\n<!-- \/ Yoast SEO Premium plugin. -->","yoast_head_json":{"title":"Treningsprogram til Abilica SoftBalance &#8226; Abilica","robots":{"index":"index","follow":"follow","max-snippet":"max-snippet:-1","max-image-preview":"max-image-preview:large","max-video-preview":"max-video-preview:-1"},"canonical":"https:\/\/abilica.com\/no\/treningsprogram\/treningsprogram-til-abilica-softbalance\/","og_locale":"nb_NO","og_type":"article","og_title":"Treningsprogram til Abilica SoftBalance","og_description":"[vc_row full_width=&raquo;stretch_row_content&raquo; full_height=&raquo;yes&raquo; columns_placement=&raquo;bottom&raquo; css=&raquo;.vc_custom_1492762731123{background-image: url(https:\/\/abilica.com\/no\/wp-content\/uploads\/2017\/04\/softbalance2.jpg?id=17635) !important;background-position: center !important;background-repeat: no-repeat !important;background-size: cover !important;}&raquo;][vc_column width=&raquo;1\/3&#8243;][\/vc_column][vc_column width=&raquo;1\/3&#8243;][vc_icon...","og_url":"https:\/\/abilica.com\/no\/treningsprogram\/treningsprogram-til-abilica-softbalance\/","og_site_name":"Abilica","article_publisher":"https:\/\/www.facebook.com\/abilicahometraining\/","twitter_card":"summary_large_image","twitter_misc":{"Ansl. lesetid":"5 minutter"},"schema":{"@context":"https:\/\/schema.org","@graph":[{"@type":"WebPage","@id":"https:\/\/abilica.com\/no\/treningsprogram\/treningsprogram-til-abilica-softbalance\/","url":"https:\/\/abilica.com\/no\/treningsprogram\/treningsprogram-til-abilica-softbalance\/","name":"Treningsprogram til Abilica SoftBalance &#8226; Abilica","isPartOf":{"@id":"https:\/\/abilica.com\/#website"},"datePublished":"2023-07-30T17:20:53+00:00","breadcrumb":{"@id":"https:\/\/abilica.com\/no\/treningsprogram\/treningsprogram-til-abilica-softbalance\/#breadcrumb"},"inLanguage":"nb-NO","potentialAction":[{"@type":"ReadAction","target":["https:\/\/abilica.com\/no\/treningsprogram\/treningsprogram-til-abilica-softbalance\/"]}]},{"@type":"BreadcrumbList","@id":"https:\/\/abilica.com\/no\/treningsprogram\/treningsprogram-til-abilica-softbalance\/#breadcrumb","itemListElement":[{"@type":"ListItem","position":1,"name":"Hem","item":"https:\/\/abilica.com\/no\/"},{"@type":"ListItem","position":2,"name":"Treningsprogram","item":"https:\/\/abilica.com\/no\/treningsprogram\/"},{"@type":"ListItem","position":3,"name":"Treningsprogram til Abilica SoftBalance"}]},{"@type":"WebSite","@id":"https:\/\/abilica.com\/#website","url":"https:\/\/abilica.com\/","name":"Abilica","description":"Abilica Home Training","potentialAction":[{"@type":"SearchAction","target":{"@type":"EntryPoint","urlTemplate":"https:\/\/abilica.com\/?s={search_term_string}"},"query-input":{"@type":"PropertyValueSpecification","valueRequired":true,"valueName":"search_term_string"}}],"inLanguage":"nb-NO"}]}},"_links":{"self":[{"href":"https:\/\/abilica.com\/no\/wp-json\/wp\/v2\/pages\/32257","targetHints":{"allow":["GET"]}}],"collection":[{"href":"https:\/\/abilica.com\/no\/wp-json\/wp\/v2\/pages"}],"about":[{"href":"https:\/\/abilica.com\/no\/wp-json\/wp\/v2\/types\/page"}],"author":[{"embeddable":true,"href":"https:\/\/abilica.com\/no\/wp-json\/wp\/v2\/users\/13"}],"replies":[{"embeddable":true,"href":"https:\/\/abilica.com\/no\/wp-json\/wp\/v2\/comments?post=32257"}],"version-history":[{"count":1,"href":"https:\/\/abilica.com\/no\/wp-json\/wp\/v2\/pages\/32257\/revisions"}],"predecessor-version":[{"id":32267,"href":"https:\/\/abilica.com\/no\/wp-json\/wp\/v2\/pages\/32257\/revisions\/32267"}],"up":[{"embeddable":true,"href":"https:\/\/abilica.com\/no\/wp-json\/wp\/v2\/pages\/32218"}],"wp:attachment":[{"href":"https:\/\/abilica.com\/no\/wp-json\/wp\/v2\/media?parent=32257"}],"curies":[{"name":"wp","href":"https:\/\/api.w.org\/{rel}","templated":true}]}}