{"id":32259,"date":"2023-07-30T18:21:44","date_gmt":"2023-07-30T17:21:44","guid":{"rendered":"https:\/\/abilica.com\/?page_id=32259"},"modified":"2023-07-30T18:21:44","modified_gmt":"2023-07-30T17:21:44","slug":"treningsprogram-til-abilica-stepup-pro","status":"publish","type":"page","link":"https:\/\/abilica.com\/no\/treningsprogram\/treningsprogram-til-abilica-stepup-pro\/","title":{"rendered":"Treningsprogram til Abilica StepUp Pro"},"content":{"rendered":"<div class=\"wpb-content-wrapper\"><p>[vc_row full_width=&raquo;stretch_row_content&raquo; full_height=&raquo;yes&raquo; columns_placement=&raquo;bottom&raquo; css=&raquo;.vc_custom_1587459072322{background-image: url(https:\/\/abilica.com\/no\/wp-content\/uploads\/2020\/04\/IMG_4127.jpg?id=32131) !important;background-position: center !important;background-repeat: no-repeat !important;background-size: cover !important;}&raquo;][vc_column width=&raquo;1\/3&#8243;][\/vc_column][vc_column width=&raquo;1\/3&#8243;][vc_icon icon_fontawesome=&raquo;fa fa-angle-down&raquo; color=&raquo;white&raquo; size=&raquo;xl&raquo; align=&raquo;center&raquo;][\/vc_column][vc_column width=&raquo;1\/3&#8243;][\/vc_column][\/vc_row][vc_row][vc_column][vc_column_text]<\/p>\n<h2 style=\"text-align: left;\"><span style=\"color: #000000;\">Treningsprogram til Abilica\u00a0StepUp Pro<\/span><\/h2>\n<p>P\u00e5 dette apparatet trener du kondisjon, fettforbrenning og styrke i legger, l\u00e5r og setemuskulatur. Stepkasse med overflatem\u00e5l 32\u00d790 cm. og 2 h\u00f8ydealternativer (13 og 18 cm.). Overflaten er gummibelagt for \u00e5 gi et godt fotfeste. Produsert i myk plast som demper steget og derfor er sk\u00e5nsom mot kn\u00e6rne. Stepkassen ligger meget st\u00f8dig p\u00e5 gulvet. Egner seg ogs\u00e5 for bedriftsmarkedet.\u00a0Gjenta hele serien flere ganger for \u00e5 f\u00e5 en lengre trenings\u00f8kt. Du kan gjerne gj\u00f8re f\u00f8rste runden litt rolig som oppvarming, for deretter \u00e5 \u00f8ke pulsen ved enten \u00e5 bruke raskere musikk eller gj\u00f8re st\u00f8rre bevegelser. Trapp ned et par minutter med \u00e5 gj\u00f8re \u00f8velse 1 til roligere musikk.[\/vc_column_text][vc_empty_space][\/vc_column][\/vc_row][vc_row][vc_column][title text=&raquo;Kj\u00f8p StepUp Pro n\u00e5.&raquo; text_align=&raquo;left&raquo;][\/vc_column][\/vc_row][vc_row][vc_column width=&raquo;1\/2&#8243;][product_mod id=&raquo;29383&#8243;][\/vc_column][vc_column width=&raquo;1\/2&#8243;][\/vc_column][\/vc_row][vc_row][vc_column][vc_empty_space][vc_btn title=&raquo;Last ned treningsprogrammet i PDF&raquo; style=&raquo;flat&raquo; color=&raquo;black&raquo; i_icon_fontawesome=&raquo;fa fa-file-pdf-o&raquo; add_icon=&raquo;true&raquo; link=&raquo;url:https%3A%2F%2Fabilica.com\/no%2Fwp-content%2Fuploads%2F2017%2F07%2FStepUp-Pro-2017-Nett.pdf||target:%20_blank|&raquo;][\/vc_column][\/vc_row][vc_row css=&raquo;.vc_custom_1492108997727{background-position: center !important;background-repeat: no-repeat !important;background-size: cover !important;}&raquo;][vc_column][vc_column_text]<\/p>\n<h2 style=\"text-align: left;\">1.<\/h2>\n<h2>Step touch<\/h2>\n<p><strong>Antall repetisjoner:\u00a0<\/strong>8 p\u00e5 hvert ben, 4 p\u00e5 hvert ben, 2 p\u00e5 hvert ben, 1 p\u00e5 hvert ben. Fortsett med annethvert ben i ca 2 minutter totalt.<\/p>\n<p>Sett det ene benet opp p\u00e5 stepkassen og tapp det andre\u00a0benet inntil.[\/vc_column_text][vc_single_image image=&raquo;17730&#8243; img_size=&raquo;full&raquo; alignment=&raquo;center&raquo;][\/vc_column][\/vc_row][vc_row][vc_column][vc_column_text]<\/p>\n<h2 style=\"text-align: left;\">2.<\/h2>\n<h2>Knel\u00f8ft<\/h2>\n<p><strong>Antall repetisjoner:\u00a0<\/strong>Annethvert ben i ca 2\u00a0minutter<\/p>\n<p>Gj\u00f8r det samme som p\u00e5 forrige \u00f8velse, men her l\u00f8fter du kneet hver gang du g\u00e5r opp p\u00e5 steppen. Fors\u00f8k gjerne med armer over hodet n\u00e5r du er blitt trygg p\u00e5 \u00f8velsen.[\/vc_column_text][vc_single_image image=&raquo;17731&#8243; img_size=&raquo;full&raquo; alignment=&raquo;center&raquo;][\/vc_column][\/vc_row][vc_row][vc_column][vc_column_text]<\/p>\n<h2 style=\"text-align: left;\">3.<\/h2>\n<h2>Spark ut til siden<\/h2>\n<p><strong>Antall repetisjoner:\u00a0<\/strong>Annethvert ben i ca 2 minutter<\/p>\n<p>Gj\u00f8r det samme som p\u00e5 forrige \u00f8velse, men her l\u00f8fter du benet ut til siden hver gang du g\u00e5r opp p\u00e5 stepkassen. Fors\u00f8k gjerne med \u00e5 strekke den ene armen over hodet n\u00e5r du er blitt trygg p\u00e5 \u00f8velsen.[\/vc_column_text][vc_single_image image=&raquo;17732&#8243; img_size=&raquo;full&raquo; alignment=&raquo;center&raquo;][\/vc_column][\/vc_row][vc_row full_width=&raquo;stretch_row_content&raquo; full_height=&raquo;yes&raquo; css=&raquo;.vc_custom_1587459179852{background-image: url(https:\/\/abilica.com\/no\/wp-content\/uploads\/2020\/04\/IMG_4644.jpg?id=32133) !important;background-position: center !important;background-repeat: no-repeat !important;background-size: cover !important;}&raquo;][vc_column][\/vc_column][\/vc_row][vc_row][vc_column][vc_column_text]<\/p>\n<h2 style=\"text-align: left;\">4.<\/h2>\n<h2>Spark fremover<\/h2>\n<p><strong>Antall repetisjoner:\u00a0<\/strong>Annethvert ben i ca 2 minutter<\/p>\n<p>Gj\u00f8r det samme som p\u00e5 forrige \u00f8velse, men her sparker du benet fremover hver gang du g\u00e5r opp p\u00e5 stepkassen. Fors\u00f8k gjerne med \u00e5 bokse med motsatt arm n\u00e5r du er blitt trygg p\u00e5 \u00f8velsen.[\/vc_column_text][vc_single_image image=&raquo;17734&#8243; img_size=&raquo;full&raquo; alignment=&raquo;center&raquo;][\/vc_column][\/vc_row][vc_row][vc_column][vc_column_text]<\/p>\n<h2 style=\"text-align: left;\">5.<\/h2>\n<h2>Tapp ut til siden<\/h2>\n<p><strong>Antall repetisjoner:\u00a0<\/strong>Annethvert ben i ca 2 minutter<\/p>\n<p>Gj\u00f8r det samme som p\u00e5 forrige \u00f8velse, men sett det andre benet utenfor stepkassen. B\u00f8y gjerne s\u00e5 mye du klarer i benet som er opp\u00e5 steppen for \u00e5 f\u00e5 maksimalt ut av \u00f8velsen.[\/vc_column_text][vc_single_image image=&raquo;17735&#8243; img_size=&raquo;full&raquo; alignment=&raquo;center&raquo;][\/vc_column][\/vc_row][vc_row][vc_column][vc_column_text]<\/p>\n<h2 style=\"text-align: left;\">6.<\/h2>\n<h2>Spark opp bak<\/h2>\n<p><strong>Antall repetisjoner:\u00a0<\/strong>Annethvert ben i ca 2 minutter<\/p>\n<p>Gj\u00f8r det samme som forrige \u00f8velse, men spark benet opp i setet. B\u00f8y og strekk gjerne armene slik at du strammer godt i musklene p\u00e5 baksiden av armen n\u00e5r du strekker armene ut.[\/vc_column_text][vc_single_image image=&raquo;17736&#8243; img_size=&raquo;full&raquo; alignment=&raquo;center&raquo;][\/vc_column][\/vc_row][vc_row full_width=&raquo;stretch_row_content&raquo; css=&raquo;.vc_custom_1587459218967{background-color: #666666 !important;}&raquo;][vc_column][title text=&raquo;Kj\u00f8p din Abilica StepUp Pro n\u00e5.&raquo; tag=&raquo;h2&#8243; color=&raquo;#ffffff&raquo; text_align=&raquo;center&raquo;][vc_empty_space][\/vc_column][\/vc_row][vc_row][vc_column width=&raquo;1\/4&#8243;][\/vc_column][vc_column width=&raquo;1\/2&#8243;][product_mod id=&raquo;29383&#8243;][vc_empty_space][\/vc_column][vc_column width=&raquo;1\/4&#8243;][\/vc_column][\/vc_row][vc_row full_width=&raquo;stretch_row_content&raquo; full_height=&raquo;yes&raquo; css=&raquo;.vc_custom_1587459269608{background-image: url(https:\/\/abilica.com\/no\/wp-content\/uploads\/2020\/04\/8.jpg?id=32135) !important;background-position: center !important;background-repeat: no-repeat !important;background-size: cover !important;}&raquo;][vc_column][\/vc_column][\/vc_row]<\/p>\n<\/div>","protected":false},"excerpt":{"rendered":"<p>[vc_row full_width=&raquo;stretch_row_content&raquo; full_height=&raquo;yes&raquo; columns_placement=&raquo;bottom&raquo; css=&raquo;.vc_custom_1587459072322{background-image: url(https:\/\/abilica.com\/no\/wp-content\/uploads\/2020\/04\/IMG_4127.jpg?id=32131) !important;background-position: center !important;background-repeat: no-repeat !important;background-size: cover !important;}&raquo;][vc_column width=&raquo;1\/3&#8243;][\/vc_column][vc_column width=&raquo;1\/3&#8243;][vc_icon&#8230;<\/p>\n","protected":false},"author":13,"featured_media":0,"parent":32218,"menu_order":0,"comment_status":"closed","ping_status":"closed","template":"","meta":{"_acf_changed":false,"footnotes":""},"class_list":["post-32259","page","type-page","status-publish","hentry"],"acf":[],"yoast_head":"<!-- This site is optimized with the Yoast SEO Premium plugin v21.1 (Yoast SEO v25.4) - https:\/\/yoast.com\/wordpress\/plugins\/seo\/ -->\n<title>Treningsprogram til Abilica StepUp Pro &#8226; Abilica<\/title>\n<meta name=\"robots\" content=\"index, follow, max-snippet:-1, max-image-preview:large, max-video-preview:-1\" \/>\n<link rel=\"canonical\" href=\"https:\/\/abilica.com\/no\/treningsprogram\/treningsprogram-til-abilica-stepup-pro\/\" \/>\n<meta property=\"og:locale\" content=\"nb_NO\" \/>\n<meta property=\"og:type\" content=\"article\" \/>\n<meta property=\"og:title\" content=\"Treningsprogram til Abilica StepUp Pro\" \/>\n<meta property=\"og:description\" content=\"[vc_row full_width=&raquo;stretch_row_content&raquo; full_height=&raquo;yes&raquo; columns_placement=&raquo;bottom&raquo; css=&raquo;.vc_custom_1587459072322{background-image: url(https:\/\/abilica.com\/no\/wp-content\/uploads\/2020\/04\/IMG_4127.jpg?id=32131) !important;background-position: center !important;background-repeat: no-repeat !important;background-size: cover !important;}&raquo;][vc_column width=&raquo;1\/3&#8243;][\/vc_column][vc_column width=&raquo;1\/3&#8243;][vc_icon...\" \/>\n<meta property=\"og:url\" content=\"https:\/\/abilica.com\/no\/treningsprogram\/treningsprogram-til-abilica-stepup-pro\/\" \/>\n<meta property=\"og:site_name\" content=\"Abilica\" \/>\n<meta property=\"article:publisher\" content=\"https:\/\/www.facebook.com\/abilicahometraining\/\" \/>\n<meta name=\"twitter:card\" content=\"summary_large_image\" \/>\n<meta name=\"twitter:label1\" content=\"Ansl. lesetid\" \/>\n\t<meta name=\"twitter:data1\" content=\"4 minutter\" \/>\n<script type=\"application\/ld+json\" class=\"yoast-schema-graph\">{\"@context\":\"https:\/\/schema.org\",\"@graph\":[{\"@type\":\"WebPage\",\"@id\":\"https:\/\/abilica.com\/no\/treningsprogram\/treningsprogram-til-abilica-stepup-pro\/\",\"url\":\"https:\/\/abilica.com\/no\/treningsprogram\/treningsprogram-til-abilica-stepup-pro\/\",\"name\":\"Treningsprogram til Abilica StepUp Pro &#8226; Abilica\",\"isPartOf\":{\"@id\":\"https:\/\/abilica.com\/#website\"},\"datePublished\":\"2023-07-30T17:21:44+00:00\",\"breadcrumb\":{\"@id\":\"https:\/\/abilica.com\/no\/treningsprogram\/treningsprogram-til-abilica-stepup-pro\/#breadcrumb\"},\"inLanguage\":\"nb-NO\",\"potentialAction\":[{\"@type\":\"ReadAction\",\"target\":[\"https:\/\/abilica.com\/no\/treningsprogram\/treningsprogram-til-abilica-stepup-pro\/\"]}]},{\"@type\":\"BreadcrumbList\",\"@id\":\"https:\/\/abilica.com\/no\/treningsprogram\/treningsprogram-til-abilica-stepup-pro\/#breadcrumb\",\"itemListElement\":[{\"@type\":\"ListItem\",\"position\":1,\"name\":\"Hem\",\"item\":\"https:\/\/abilica.com\/no\/\"},{\"@type\":\"ListItem\",\"position\":2,\"name\":\"Treningsprogram\",\"item\":\"https:\/\/abilica.com\/no\/treningsprogram\/\"},{\"@type\":\"ListItem\",\"position\":3,\"name\":\"Treningsprogram til Abilica StepUp Pro\"}]},{\"@type\":\"WebSite\",\"@id\":\"https:\/\/abilica.com\/#website\",\"url\":\"https:\/\/abilica.com\/\",\"name\":\"Abilica\",\"description\":\"Abilica Home Training\",\"potentialAction\":[{\"@type\":\"SearchAction\",\"target\":{\"@type\":\"EntryPoint\",\"urlTemplate\":\"https:\/\/abilica.com\/?s={search_term_string}\"},\"query-input\":{\"@type\":\"PropertyValueSpecification\",\"valueRequired\":true,\"valueName\":\"search_term_string\"}}],\"inLanguage\":\"nb-NO\"}]}<\/script>\n<!-- \/ Yoast SEO Premium plugin. -->","yoast_head_json":{"title":"Treningsprogram til Abilica StepUp Pro &#8226; Abilica","robots":{"index":"index","follow":"follow","max-snippet":"max-snippet:-1","max-image-preview":"max-image-preview:large","max-video-preview":"max-video-preview:-1"},"canonical":"https:\/\/abilica.com\/no\/treningsprogram\/treningsprogram-til-abilica-stepup-pro\/","og_locale":"nb_NO","og_type":"article","og_title":"Treningsprogram til Abilica StepUp Pro","og_description":"[vc_row full_width=&raquo;stretch_row_content&raquo; full_height=&raquo;yes&raquo; columns_placement=&raquo;bottom&raquo; css=&raquo;.vc_custom_1587459072322{background-image: url(https:\/\/abilica.com\/no\/wp-content\/uploads\/2020\/04\/IMG_4127.jpg?id=32131) !important;background-position: center !important;background-repeat: no-repeat !important;background-size: cover !important;}&raquo;][vc_column width=&raquo;1\/3&#8243;][\/vc_column][vc_column width=&raquo;1\/3&#8243;][vc_icon...","og_url":"https:\/\/abilica.com\/no\/treningsprogram\/treningsprogram-til-abilica-stepup-pro\/","og_site_name":"Abilica","article_publisher":"https:\/\/www.facebook.com\/abilicahometraining\/","twitter_card":"summary_large_image","twitter_misc":{"Ansl. lesetid":"4 minutter"},"schema":{"@context":"https:\/\/schema.org","@graph":[{"@type":"WebPage","@id":"https:\/\/abilica.com\/no\/treningsprogram\/treningsprogram-til-abilica-stepup-pro\/","url":"https:\/\/abilica.com\/no\/treningsprogram\/treningsprogram-til-abilica-stepup-pro\/","name":"Treningsprogram til Abilica StepUp Pro &#8226; Abilica","isPartOf":{"@id":"https:\/\/abilica.com\/#website"},"datePublished":"2023-07-30T17:21:44+00:00","breadcrumb":{"@id":"https:\/\/abilica.com\/no\/treningsprogram\/treningsprogram-til-abilica-stepup-pro\/#breadcrumb"},"inLanguage":"nb-NO","potentialAction":[{"@type":"ReadAction","target":["https:\/\/abilica.com\/no\/treningsprogram\/treningsprogram-til-abilica-stepup-pro\/"]}]},{"@type":"BreadcrumbList","@id":"https:\/\/abilica.com\/no\/treningsprogram\/treningsprogram-til-abilica-stepup-pro\/#breadcrumb","itemListElement":[{"@type":"ListItem","position":1,"name":"Hem","item":"https:\/\/abilica.com\/no\/"},{"@type":"ListItem","position":2,"name":"Treningsprogram","item":"https:\/\/abilica.com\/no\/treningsprogram\/"},{"@type":"ListItem","position":3,"name":"Treningsprogram til Abilica StepUp Pro"}]},{"@type":"WebSite","@id":"https:\/\/abilica.com\/#website","url":"https:\/\/abilica.com\/","name":"Abilica","description":"Abilica Home Training","potentialAction":[{"@type":"SearchAction","target":{"@type":"EntryPoint","urlTemplate":"https:\/\/abilica.com\/?s={search_term_string}"},"query-input":{"@type":"PropertyValueSpecification","valueRequired":true,"valueName":"search_term_string"}}],"inLanguage":"nb-NO"}]}},"_links":{"self":[{"href":"https:\/\/abilica.com\/no\/wp-json\/wp\/v2\/pages\/32259","targetHints":{"allow":["GET"]}}],"collection":[{"href":"https:\/\/abilica.com\/no\/wp-json\/wp\/v2\/pages"}],"about":[{"href":"https:\/\/abilica.com\/no\/wp-json\/wp\/v2\/types\/page"}],"author":[{"embeddable":true,"href":"https:\/\/abilica.com\/no\/wp-json\/wp\/v2\/users\/13"}],"replies":[{"embeddable":true,"href":"https:\/\/abilica.com\/no\/wp-json\/wp\/v2\/comments?post=32259"}],"version-history":[{"count":1,"href":"https:\/\/abilica.com\/no\/wp-json\/wp\/v2\/pages\/32259\/revisions"}],"predecessor-version":[{"id":32269,"href":"https:\/\/abilica.com\/no\/wp-json\/wp\/v2\/pages\/32259\/revisions\/32269"}],"up":[{"embeddable":true,"href":"https:\/\/abilica.com\/no\/wp-json\/wp\/v2\/pages\/32218"}],"wp:attachment":[{"href":"https:\/\/abilica.com\/no\/wp-json\/wp\/v2\/media?parent=32259"}],"curies":[{"name":"wp","href":"https:\/\/api.w.org\/{rel}","templated":true}]}}