{"id":32270,"date":"2023-07-30T18:22:15","date_gmt":"2023-07-30T17:22:15","guid":{"rendered":"https:\/\/abilica.com\/?page_id=32270"},"modified":"2023-07-30T18:22:15","modified_gmt":"2023-07-30T17:22:15","slug":"treningsprogram-til-abilica-wallball","status":"publish","type":"page","link":"https:\/\/abilica.com\/no\/treningsprogram\/treningsprogram-til-abilica-wallball\/","title":{"rendered":"Treningsprogram til Abilica WallBall"},"content":{"rendered":"<div class=\"wpb-content-wrapper\"><p>[vc_row full_width=&raquo;stretch_row_content&raquo; full_height=&raquo;yes&raquo; columns_placement=&raquo;bottom&raquo; css=&raquo;.vc_custom_1492588643251{background-image: url(https:\/\/abilica.com\/no\/wp-content\/uploads\/2017\/04\/wallball1.jpg?id=17442) !important;background-position: center !important;background-repeat: no-repeat !important;background-size: cover !important;}&raquo;][vc_column width=&raquo;1\/3&#8243;][\/vc_column][vc_column width=&raquo;1\/3&#8243;][vc_icon icon_fontawesome=&raquo;fa fa-angle-down&raquo; color=&raquo;white&raquo; size=&raquo;xl&raquo; align=&raquo;center&raquo;][\/vc_column][vc_column width=&raquo;1\/3&#8243;][\/vc_column][\/vc_row][vc_row][vc_column][vc_column_text]<\/p>\n<h2 style=\"text-align: left;\"><span style=\"color: #000000;\">Treningsprogram til Abilica\u00a0WallBall<\/span><\/h2>\n<p>Ball med tiln\u00e6rmet ingen sprett, spesielt utviklet for tunge WallBall-\u00f8velser. Mye brukt blant annet i crossfit. Ballen har diameter p\u00e5 37cm, og er produsert i slitesterk vinyl\/PVC med innmat av gummi og bomull. Abilica WallBall kan ogs\u00e5 fint brukes til de fleste \u00f8velser for tradisjonelle medisinballer. Se treningsprogram for Abilica MedicineBall for flere \u00f8velser.[\/vc_column_text][vc_empty_space][\/vc_column][\/vc_row][vc_row][vc_column][title text=&raquo;Kj\u00f8p din WallBall n\u00e5.&raquo; text_align=&raquo;left&raquo;][\/vc_column][\/vc_row][vc_row][vc_column width=&raquo;1\/2&#8243;][product_mod id=&raquo;2272&#8243;][\/vc_column][vc_column width=&raquo;1\/2&#8243;][\/vc_column][\/vc_row][vc_row][vc_column][vc_empty_space][vc_btn title=&raquo;Last ned treningsprogrammet i PDF&raquo; style=&raquo;flat&raquo; color=&raquo;danger&raquo; i_icon_fontawesome=&raquo;fa fa-file-pdf-o&raquo; add_icon=&raquo;true&raquo; link=&raquo;url:https%3A%2F%2Fabilica.com\/no%2Fwp-content%2Fuploads%2F2017%2F02%2FAbilica-WallBall.pdf||target:%20_blank|&raquo;][\/vc_column][\/vc_row][vc_row css=&raquo;.vc_custom_1492108997727{background-position: center !important;background-repeat: no-repeat !important;background-size: cover !important;}&raquo;][vc_column][vc_column_text]<\/p>\n<h2 style=\"text-align: left;\">1.<\/h2>\n<h2>WallBall<\/h2>\n<p><strong>Antall repetisjoner:<\/strong>\u00a03 x 12<\/p>\n<p>Hold Abilica WallBall foran brystet med begge hendene. Still deg med hoftebredde avstand mellom beina, og ca. 1 meter fra veggen. B\u00f8y i kn\u00e6rne, sett deg rolig ned, med sete bakover og ryggen rett. Pass p\u00e5 at kn\u00e6rne ikke passerer foran t\u00e6rne. Senk deg ned til hoften er p\u00e5 h\u00f8yde med kn\u00e6rne og ballen fortsatt er foran brystet. Reis deg hurtig opp igjen og kast ballen s\u00e5 h\u00f8yt du klarer opp p\u00e5 veggen. Ta imot ballen p\u00e5 vei ned og gjenta bevegelsen.\u00a0 Hold pusten p\u00e5 vei ned og pust ut i det du reiser deg opp og skal kaste ballen.[\/vc_column_text][vc_single_image image=&raquo;17507&#8243; img_size=&raquo;full&raquo; alignment=&raquo;center&raquo;][vc_empty_space height=&raquo;62px&raquo;][\/vc_column][\/vc_row][vc_row full_width=&raquo;stretch_row_content&raquo; css=&raquo;.vc_custom_1504003429949{background-color: #ff0000 !important;}&raquo;][vc_column][title text=&raquo;Kj\u00f8p din Abilica WallBall n\u00e5.&raquo; tag=&raquo;h2&#8243; color=&raquo;#000000&#8243; text_align=&raquo;center&raquo;][vc_empty_space][\/vc_column][\/vc_row][vc_row][vc_column width=&raquo;1\/4&#8243;][\/vc_column][vc_column width=&raquo;1\/2&#8243;][product_mod id=&raquo;2272&#8243;][vc_empty_space][\/vc_column][vc_column width=&raquo;1\/4&#8243;][\/vc_column][\/vc_row][vc_row full_width=&raquo;stretch_row_content&raquo; full_height=&raquo;yes&raquo; css=&raquo;.vc_custom_1492588544762{background-image: url(https:\/\/abilica.com\/no\/wp-content\/uploads\/2017\/04\/wallball3.jpg?id=17444) !important;background-position: center !important;background-repeat: no-repeat !important;background-size: cover !important;}&raquo;][vc_column][\/vc_column][\/vc_row]<\/p>\n<\/div>","protected":false},"excerpt":{"rendered":"<p>[vc_row full_width=&raquo;stretch_row_content&raquo; full_height=&raquo;yes&raquo; columns_placement=&raquo;bottom&raquo; css=&raquo;.vc_custom_1492588643251{background-image: url(https:\/\/abilica.com\/no\/wp-content\/uploads\/2017\/04\/wallball1.jpg?id=17442) !important;background-position: center !important;background-repeat: no-repeat !important;background-size: cover !important;}&raquo;][vc_column width=&raquo;1\/3&#8243;][\/vc_column][vc_column width=&raquo;1\/3&#8243;][vc_icon&#8230;<\/p>\n","protected":false},"author":13,"featured_media":0,"parent":32218,"menu_order":0,"comment_status":"closed","ping_status":"closed","template":"","meta":{"_acf_changed":false,"footnotes":""},"class_list":["post-32270","page","type-page","status-publish","hentry"],"acf":[],"yoast_head":"<!-- This site is optimized with the Yoast SEO Premium plugin v21.1 (Yoast SEO v25.4) - https:\/\/yoast.com\/wordpress\/plugins\/seo\/ -->\n<title>Treningsprogram til Abilica WallBall &#8226; Abilica<\/title>\n<meta name=\"robots\" content=\"index, follow, max-snippet:-1, max-image-preview:large, max-video-preview:-1\" \/>\n<link rel=\"canonical\" href=\"https:\/\/abilica.com\/training-programs\/treningsprogram-til-abilica-wallball\/\" \/>\n<meta property=\"og:locale\" content=\"nb_NO\" \/>\n<meta property=\"og:type\" content=\"article\" \/>\n<meta property=\"og:title\" content=\"Treningsprogram til Abilica WallBall\" \/>\n<meta property=\"og:description\" content=\"[vc_row full_width=&raquo;stretch_row_content&raquo; full_height=&raquo;yes&raquo; columns_placement=&raquo;bottom&raquo; css=&raquo;.vc_custom_1492588643251{background-image: url(https:\/\/abilica.com\/no\/wp-content\/uploads\/2017\/04\/wallball1.jpg?id=17442) !important;background-position: center !important;background-repeat: no-repeat !important;background-size: cover !important;}&raquo;][vc_column width=&raquo;1\/3&#8243;][\/vc_column][vc_column width=&raquo;1\/3&#8243;][vc_icon...\" \/>\n<meta property=\"og:url\" content=\"https:\/\/abilica.com\/training-programs\/treningsprogram-til-abilica-wallball\/\" \/>\n<meta property=\"og:site_name\" content=\"Abilica\" \/>\n<meta property=\"article:publisher\" content=\"https:\/\/www.facebook.com\/abilicahometraining\/\" \/>\n<meta name=\"twitter:card\" content=\"summary_large_image\" \/>\n<meta name=\"twitter:label1\" content=\"Ansl. lesetid\" \/>\n\t<meta name=\"twitter:data1\" content=\"2 minutter\" \/>\n<script type=\"application\/ld+json\" class=\"yoast-schema-graph\">{\"@context\":\"https:\/\/schema.org\",\"@graph\":[{\"@type\":\"WebPage\",\"@id\":\"https:\/\/abilica.com\/training-programs\/treningsprogram-til-abilica-wallball\/\",\"url\":\"https:\/\/abilica.com\/training-programs\/treningsprogram-til-abilica-wallball\/\",\"name\":\"Treningsprogram til Abilica WallBall &#8226; Abilica\",\"isPartOf\":{\"@id\":\"https:\/\/abilica.com\/#website\"},\"datePublished\":\"2023-07-30T17:22:15+00:00\",\"breadcrumb\":{\"@id\":\"https:\/\/abilica.com\/training-programs\/treningsprogram-til-abilica-wallball\/#breadcrumb\"},\"inLanguage\":\"nb-NO\",\"potentialAction\":[{\"@type\":\"ReadAction\",\"target\":[\"https:\/\/abilica.com\/training-programs\/treningsprogram-til-abilica-wallball\/\"]}]},{\"@type\":\"BreadcrumbList\",\"@id\":\"https:\/\/abilica.com\/training-programs\/treningsprogram-til-abilica-wallball\/#breadcrumb\",\"itemListElement\":[{\"@type\":\"ListItem\",\"position\":1,\"name\":\"Hem\",\"item\":\"https:\/\/abilica.com\/no\/\"},{\"@type\":\"ListItem\",\"position\":2,\"name\":\"Treningsprogram\",\"item\":\"https:\/\/abilica.com\/no\/treningsprogram\/\"},{\"@type\":\"ListItem\",\"position\":3,\"name\":\"Treningsprogram til Abilica WallBall\"}]},{\"@type\":\"WebSite\",\"@id\":\"https:\/\/abilica.com\/#website\",\"url\":\"https:\/\/abilica.com\/\",\"name\":\"Abilica\",\"description\":\"Abilica Home Training\",\"potentialAction\":[{\"@type\":\"SearchAction\",\"target\":{\"@type\":\"EntryPoint\",\"urlTemplate\":\"https:\/\/abilica.com\/?s={search_term_string}\"},\"query-input\":{\"@type\":\"PropertyValueSpecification\",\"valueRequired\":true,\"valueName\":\"search_term_string\"}}],\"inLanguage\":\"nb-NO\"}]}<\/script>\n<!-- \/ Yoast SEO Premium plugin. -->","yoast_head_json":{"title":"Treningsprogram til Abilica WallBall &#8226; Abilica","robots":{"index":"index","follow":"follow","max-snippet":"max-snippet:-1","max-image-preview":"max-image-preview:large","max-video-preview":"max-video-preview:-1"},"canonical":"https:\/\/abilica.com\/training-programs\/treningsprogram-til-abilica-wallball\/","og_locale":"nb_NO","og_type":"article","og_title":"Treningsprogram til Abilica WallBall","og_description":"[vc_row full_width=&raquo;stretch_row_content&raquo; full_height=&raquo;yes&raquo; columns_placement=&raquo;bottom&raquo; css=&raquo;.vc_custom_1492588643251{background-image: url(https:\/\/abilica.com\/no\/wp-content\/uploads\/2017\/04\/wallball1.jpg?id=17442) !important;background-position: center !important;background-repeat: no-repeat !important;background-size: cover !important;}&raquo;][vc_column width=&raquo;1\/3&#8243;][\/vc_column][vc_column width=&raquo;1\/3&#8243;][vc_icon...","og_url":"https:\/\/abilica.com\/training-programs\/treningsprogram-til-abilica-wallball\/","og_site_name":"Abilica","article_publisher":"https:\/\/www.facebook.com\/abilicahometraining\/","twitter_card":"summary_large_image","twitter_misc":{"Ansl. lesetid":"2 minutter"},"schema":{"@context":"https:\/\/schema.org","@graph":[{"@type":"WebPage","@id":"https:\/\/abilica.com\/training-programs\/treningsprogram-til-abilica-wallball\/","url":"https:\/\/abilica.com\/training-programs\/treningsprogram-til-abilica-wallball\/","name":"Treningsprogram til Abilica WallBall &#8226; Abilica","isPartOf":{"@id":"https:\/\/abilica.com\/#website"},"datePublished":"2023-07-30T17:22:15+00:00","breadcrumb":{"@id":"https:\/\/abilica.com\/training-programs\/treningsprogram-til-abilica-wallball\/#breadcrumb"},"inLanguage":"nb-NO","potentialAction":[{"@type":"ReadAction","target":["https:\/\/abilica.com\/training-programs\/treningsprogram-til-abilica-wallball\/"]}]},{"@type":"BreadcrumbList","@id":"https:\/\/abilica.com\/training-programs\/treningsprogram-til-abilica-wallball\/#breadcrumb","itemListElement":[{"@type":"ListItem","position":1,"name":"Hem","item":"https:\/\/abilica.com\/no\/"},{"@type":"ListItem","position":2,"name":"Treningsprogram","item":"https:\/\/abilica.com\/no\/treningsprogram\/"},{"@type":"ListItem","position":3,"name":"Treningsprogram til Abilica WallBall"}]},{"@type":"WebSite","@id":"https:\/\/abilica.com\/#website","url":"https:\/\/abilica.com\/","name":"Abilica","description":"Abilica Home Training","potentialAction":[{"@type":"SearchAction","target":{"@type":"EntryPoint","urlTemplate":"https:\/\/abilica.com\/?s={search_term_string}"},"query-input":{"@type":"PropertyValueSpecification","valueRequired":true,"valueName":"search_term_string"}}],"inLanguage":"nb-NO"}]}},"_links":{"self":[{"href":"https:\/\/abilica.com\/no\/wp-json\/wp\/v2\/pages\/32270","targetHints":{"allow":["GET"]}}],"collection":[{"href":"https:\/\/abilica.com\/no\/wp-json\/wp\/v2\/pages"}],"about":[{"href":"https:\/\/abilica.com\/no\/wp-json\/wp\/v2\/types\/page"}],"author":[{"embeddable":true,"href":"https:\/\/abilica.com\/no\/wp-json\/wp\/v2\/users\/13"}],"replies":[{"embeddable":true,"href":"https:\/\/abilica.com\/no\/wp-json\/wp\/v2\/comments?post=32270"}],"version-history":[{"count":1,"href":"https:\/\/abilica.com\/no\/wp-json\/wp\/v2\/pages\/32270\/revisions"}],"predecessor-version":[{"id":32272,"href":"https:\/\/abilica.com\/no\/wp-json\/wp\/v2\/pages\/32270\/revisions\/32272"}],"up":[{"embeddable":true,"href":"https:\/\/abilica.com\/no\/wp-json\/wp\/v2\/pages\/32218"}],"wp:attachment":[{"href":"https:\/\/abilica.com\/no\/wp-json\/wp\/v2\/media?parent=32270"}],"curies":[{"name":"wp","href":"https:\/\/api.w.org\/{rel}","templated":true}]}}