{"id":32275,"date":"2023-07-30T18:50:22","date_gmt":"2023-07-30T17:50:22","guid":{"rendered":"https:\/\/abilica.com\/?page_id=32275"},"modified":"2023-07-30T18:50:22","modified_gmt":"2023-07-30T17:50:22","slug":"treningsprogram-til-abilica-xc-trainingband-set-eco","status":"publish","type":"page","link":"https:\/\/abilica.com\/no\/treningsprogram\/treningsprogram-til-abilica-xc-trainingband-set-eco\/","title":{"rendered":"Treningsprogram til Abilica XC TrainingBand Set ECO"},"content":{"rendered":"<div class=\"wpb-content-wrapper\"><p>[vc_row full_width=&raquo;stretch_row_content&raquo; full_height=&raquo;yes&raquo; columns_placement=&raquo;bottom&raquo; css=&raquo;.vc_custom_1574250985560{background-image: url(https:\/\/abilica.com\/no\/wp-content\/uploads\/2019\/11\/DSC_5576-1.jpg?id=29255) !important;background-position: center !important;background-repeat: no-repeat !important;background-size: cover !important;}&raquo;][vc_column width=&raquo;1\/3&#8243;][\/vc_column][vc_column width=&raquo;1\/3&#8243;][vc_icon icon_fontawesome=&raquo;fa fa-angle-down&raquo; color=&raquo;white&raquo; size=&raquo;xl&raquo; align=&raquo;center&raquo;][\/vc_column][vc_column width=&raquo;1\/3&#8243;][\/vc_column][\/vc_row][vc_row][vc_column][vc_column_text]<\/p>\n<h3 style=\"text-align: left;\"><span style=\"color: #000000;\">Treningsprogram til Abilica\u00a0XC TrainingBand Set ECO<\/span><\/h3>\n<p>Abilica XC TrainingBand Set ECO er uunnv\u00e6rlig i treningsbagen og den praktiske oppbevaringsposen beskytter strikkene godt i bagasjen n\u00e5r du er p\u00e5 reise. Settet best\u00e5r av\u00a0tre ulike treningsstrikk i markedets beste kvalitet. De unike strikkene er produsert i 100% naturgummi, er milj\u00f8vennlige og 100% nedbrytbare.[\/vc_column_text][vc_empty_space][\/vc_column][\/vc_row][vc_row][vc_column][title text=&raquo;Shop XC TrainingBand Set ECO&raquo; text_align=&raquo;left&raquo;][\/vc_column][\/vc_row][vc_row][vc_column width=&raquo;1\/3&#8243;][product_mod id=&raquo;28459&#8243;][\/vc_column][vc_column width=&raquo;1\/3&#8243;][\/vc_column][vc_column width=&raquo;1\/3&#8243;][\/vc_column][\/vc_row][vc_row css=&raquo;.vc_custom_1492108997727{background-position: center !important;background-repeat: no-repeat !important;background-size: cover !important;}&raquo;][vc_column][vc_column_text]Her f\u00e5r du \u00f8velser til \u00e5 \u00f8ke muskul\u00e6r styrke og forbedre kraftutviklingen i langrenn. I dette treningsprogrammet har vi fokus p\u00e5 kjernetrening og muskul\u00e6r styrke i bein.<\/p>\n<h2 style=\"text-align: left;\">1.<\/h2>\n<p><strong>Slik gj\u00f8r du<br \/>\n<\/strong>Heng opp 1 eller 2 strikker i et feste over deg. Se til at nedre delen av strikken er over din skulderh\u00f8yde, slik at det henger rett ned. Ta s\u00e5 tak i strikken med begge hender. Plasser beina godt bakover slik at du kan legge deg i fall fremover p\u00e5 strikkene. Trekk inn navlen n\u00e5r du faller fremover slik at du f\u00e5r \u00abkrum\u00bb rygg. Stiv av i nederste fase og skyv deg opp igjen. Utgangsposisjon er \u00abplankestilling\u00bb.<\/p>\n<p><strong>Repetisjoner<br \/>\n<\/strong>15-20 repetisjoner. 3 serier.[\/vc_column_text][vc_single_image image=&raquo;29298&#8243; img_size=&raquo;full&raquo; alignment=&raquo;center&raquo;][\/vc_column][\/vc_row][vc_row][vc_column][vc_column_text]<\/p>\n<h2><b>2.<\/b><\/h2>\n<p><strong>Slik gj\u00f8r du<br \/>\n<\/strong>Heng opp 1 eller 2 strikker i et feste over deg. Se til at nedre delen av strikken er over din skulderh\u00f8yde. Finn en kasse\/benk og plasser den ca. en kroppslengde framfor strikken. Fest strikken rundt anklene og plasser albuer eller hender p\u00e5 benk. Utgangsposisjonen er \u00abplankestilling\u00bb. Trekk inn navlen n\u00e5r du faller fremover slik at du f\u00e5r \u00abkrum\u00bb rygg. Kroppen skal v\u00e6re strak og du skal stive av i nederste fase.<\/p>\n<p><i>Kan ogs\u00e5 kj\u00f8res med et ben utenfor strikk dersom du kontroll.<\/i><\/p>\n<p><strong>Repetisjoner<br \/>\n<\/strong>30-60 sekunder. 3 serier.[\/vc_column_text][vc_single_image image=&raquo;29296&#8243; img_size=&raquo;full&raquo; alignment=&raquo;center&raquo;][\/vc_column][\/vc_row][vc_row][vc_column][vc_column_text]<\/p>\n<h2 style=\"text-align: left;\">3.<\/h2>\n<p><strong>Slik gj\u00f8r du<br \/>\n<\/strong>Heng opp 1 eller 2 strikker i et feste over deg. Se til at nedre delen av strikken er over din skulderh\u00f8yde. Finn en kasse\/benk og plasser den ca. en kroppslengde framfor strikken. Fest strikken rundt anklene og plasser en arm\/albue og vend kroppen til sideveis posisjon. Utgangsposisjonen er \u00absideveis planke\u00bb. Trekk inn navlen, plasser \u00f8verste arm i hoftefestet, hold hoften i en stabil, h\u00f8y posisjon, start bevegelsen. Kroppen skal v\u00e6re strak og du skal stive av i nederste fase.<\/p>\n<p><i>Kan ogs\u00e5 kj\u00f8res med et ben utenfor strikk dersom du kontroll.<\/i><\/p>\n<p><strong>Repetisjoner<br \/>\n<\/strong>20-40 sekunder p\u00e5 hver side. 3 serier.[\/vc_column_text][vc_single_image image=&raquo;29297&#8243; img_size=&raquo;full&raquo; alignment=&raquo;center&raquo;][\/vc_column][\/vc_row][vc_row][vc_column][vc_column_text]<\/p>\n<h2 style=\"text-align: left;\">4.<\/h2>\n<p><strong>Slik gj\u00f8r du<br \/>\n<\/strong>Fest strikken rundt anklene. Plasser ben ved skulderbredes avstand. Litt b\u00f8y i kn\u00e6rne og ha trykk p\u00e5 forfoten. G\u00e5 sidelengs med strikken alltid i spenn. Dette er en fin \u00f8velse for \u00e5 bli sterkere i sk\u00f8yting.<\/p>\n<p><strong>Repetisjoner<br \/>\n<\/strong>20-40 sekunder p\u00e5 hver side. 3 serier.[\/vc_column_text][vc_single_image image=&raquo;29262&#8243; img_size=&raquo;full&raquo; alignment=&raquo;center&raquo;][\/vc_column][\/vc_row][vc_row][vc_column][vc_column_text]<\/p>\n<h2 style=\"text-align: left;\">5.<\/h2>\n<p><strong>Slik gj\u00f8r du<br \/>\n<\/strong>Fest strikkene rundt anklene med samlet ben. G\u00e5 ned i plankeposisjon med strake armer. Trekk inn navlen slik at du f\u00e5r \u00abkrum\u00bb rygg. Trekk kneet mot bryst, annen hvert bein.<\/p>\n<p><strong>Repetisjoner<br \/>\n<\/strong>20-40 sekunder p\u00e5 hver side. 3 serier.[\/vc_column_text][vc_single_image image=&raquo;29263&#8243; img_size=&raquo;full&raquo; alignment=&raquo;center&raquo;][\/vc_column][\/vc_row][vc_row][vc_column][vc_column_text]<\/p>\n<h2 style=\"text-align: left;\">6.<\/h2>\n<p><strong>Slik gj\u00f8r du<br \/>\n<\/strong>Fest strikken rundt anklene. Finn trykk p\u00e5 framfot, ha lik vinkel i legg som p\u00e5 overkropp og hold albuene i 90 grader. Aktiviser hamstring for \u00e5 skyve foten bakover. Hold posisjonen gjennom hele frasparket. Sakte og kontrollerte bevegelser. Gjennomf\u00f8r alle seriene p\u00e5 et ben f\u00f8r du bytter.<\/p>\n<p><strong>Repetisjoner<br \/>\n<\/strong>20-40 sekunder p\u00e5 hver side. 3 serier.[\/vc_column_text][vc_single_image image=&raquo;29264&#8243; img_size=&raquo;full&raquo; alignment=&raquo;center&raquo;][\/vc_column][\/vc_row][vc_row full_width=&raquo;stretch_row_content&raquo; css=&raquo;.vc_custom_1571222702915{background-color: #0a0000 !important;}&raquo;][vc_column][title text=&raquo;Shop Abilica XC TrainingBand Set ECO&raquo; tag=&raquo;h2&#8243; color=&raquo;#ffffff&raquo; text_align=&raquo;center&raquo;][vc_empty_space][\/vc_column][\/vc_row][vc_row][vc_column width=&raquo;1\/4&#8243;][\/vc_column][vc_column width=&raquo;1\/2&#8243;][product_mod id=&raquo;28459&#8243;][vc_empty_space][\/vc_column][vc_column width=&raquo;1\/4&#8243;][\/vc_column][\/vc_row][vc_row full_width=&raquo;stretch_row_content&raquo; full_height=&raquo;yes&raquo; css=&raquo;.vc_custom_1574251680323{background-image: url(https:\/\/abilica.com\/no\/wp-content\/uploads\/2019\/11\/DSC_5594.jpg?id=29257) !important;background-position: center !important;background-repeat: no-repeat !important;background-size: cover !important;}&raquo;][vc_column][\/vc_column][\/vc_row]<\/p>\n<\/div>","protected":false},"excerpt":{"rendered":"<p>[vc_row full_width=&raquo;stretch_row_content&raquo; full_height=&raquo;yes&raquo; columns_placement=&raquo;bottom&raquo; css=&raquo;.vc_custom_1574250985560{background-image: url(https:\/\/abilica.com\/no\/wp-content\/uploads\/2019\/11\/DSC_5576-1.jpg?id=29255) !important;background-position: center !important;background-repeat: no-repeat !important;background-size: cover !important;}&raquo;][vc_column width=&raquo;1\/3&#8243;][\/vc_column][vc_column width=&raquo;1\/3&#8243;][vc_icon&#8230;<\/p>\n","protected":false},"author":13,"featured_media":0,"parent":32218,"menu_order":0,"comment_status":"closed","ping_status":"closed","template":"","meta":{"_acf_changed":false,"footnotes":""},"class_list":["post-32275","page","type-page","status-publish","hentry"],"acf":[],"yoast_head":"<!-- This site is optimized with the Yoast SEO Premium plugin v21.1 (Yoast SEO v25.4) - https:\/\/yoast.com\/wordpress\/plugins\/seo\/ -->\n<title>Treningsprogram til Abilica XC TrainingBand Set ECO &#8226; Abilica<\/title>\n<meta name=\"robots\" content=\"index, follow, max-snippet:-1, max-image-preview:large, max-video-preview:-1\" \/>\n<link rel=\"canonical\" href=\"https:\/\/abilica.com\/no\/treningsprogram\/treningsprogram-til-abilica-xc-trainingband-set-eco\/\" \/>\n<meta property=\"og:locale\" content=\"nb_NO\" \/>\n<meta property=\"og:type\" content=\"article\" \/>\n<meta property=\"og:title\" content=\"Treningsprogram til Abilica XC TrainingBand Set ECO\" \/>\n<meta property=\"og:description\" content=\"[vc_row full_width=&raquo;stretch_row_content&raquo; full_height=&raquo;yes&raquo; columns_placement=&raquo;bottom&raquo; css=&raquo;.vc_custom_1574250985560{background-image: url(https:\/\/abilica.com\/no\/wp-content\/uploads\/2019\/11\/DSC_5576-1.jpg?id=29255) !important;background-position: center !important;background-repeat: no-repeat !important;background-size: cover !important;}&raquo;][vc_column width=&raquo;1\/3&#8243;][\/vc_column][vc_column width=&raquo;1\/3&#8243;][vc_icon...\" \/>\n<meta property=\"og:url\" content=\"https:\/\/abilica.com\/no\/treningsprogram\/treningsprogram-til-abilica-xc-trainingband-set-eco\/\" \/>\n<meta property=\"og:site_name\" content=\"Abilica\" \/>\n<meta property=\"article:publisher\" content=\"https:\/\/www.facebook.com\/abilicahometraining\/\" \/>\n<meta name=\"twitter:card\" content=\"summary_large_image\" \/>\n<meta name=\"twitter:label1\" content=\"Ansl. lesetid\" \/>\n\t<meta name=\"twitter:data1\" content=\"4 minutter\" \/>\n<script type=\"application\/ld+json\" class=\"yoast-schema-graph\">{\"@context\":\"https:\/\/schema.org\",\"@graph\":[{\"@type\":\"WebPage\",\"@id\":\"https:\/\/abilica.com\/no\/treningsprogram\/treningsprogram-til-abilica-xc-trainingband-set-eco\/\",\"url\":\"https:\/\/abilica.com\/no\/treningsprogram\/treningsprogram-til-abilica-xc-trainingband-set-eco\/\",\"name\":\"Treningsprogram til Abilica XC TrainingBand Set ECO &#8226; Abilica\",\"isPartOf\":{\"@id\":\"https:\/\/abilica.com\/#website\"},\"datePublished\":\"2023-07-30T17:50:22+00:00\",\"breadcrumb\":{\"@id\":\"https:\/\/abilica.com\/no\/treningsprogram\/treningsprogram-til-abilica-xc-trainingband-set-eco\/#breadcrumb\"},\"inLanguage\":\"nb-NO\",\"potentialAction\":[{\"@type\":\"ReadAction\",\"target\":[\"https:\/\/abilica.com\/no\/treningsprogram\/treningsprogram-til-abilica-xc-trainingband-set-eco\/\"]}]},{\"@type\":\"BreadcrumbList\",\"@id\":\"https:\/\/abilica.com\/no\/treningsprogram\/treningsprogram-til-abilica-xc-trainingband-set-eco\/#breadcrumb\",\"itemListElement\":[{\"@type\":\"ListItem\",\"position\":1,\"name\":\"Hem\",\"item\":\"https:\/\/abilica.com\/no\/\"},{\"@type\":\"ListItem\",\"position\":2,\"name\":\"Treningsprogram\",\"item\":\"https:\/\/abilica.com\/no\/treningsprogram\/\"},{\"@type\":\"ListItem\",\"position\":3,\"name\":\"Treningsprogram til Abilica XC TrainingBand Set ECO\"}]},{\"@type\":\"WebSite\",\"@id\":\"https:\/\/abilica.com\/#website\",\"url\":\"https:\/\/abilica.com\/\",\"name\":\"Abilica\",\"description\":\"Abilica Home Training\",\"potentialAction\":[{\"@type\":\"SearchAction\",\"target\":{\"@type\":\"EntryPoint\",\"urlTemplate\":\"https:\/\/abilica.com\/?s={search_term_string}\"},\"query-input\":{\"@type\":\"PropertyValueSpecification\",\"valueRequired\":true,\"valueName\":\"search_term_string\"}}],\"inLanguage\":\"nb-NO\"}]}<\/script>\n<!-- \/ Yoast SEO Premium plugin. -->","yoast_head_json":{"title":"Treningsprogram til Abilica XC TrainingBand Set ECO &#8226; Abilica","robots":{"index":"index","follow":"follow","max-snippet":"max-snippet:-1","max-image-preview":"max-image-preview:large","max-video-preview":"max-video-preview:-1"},"canonical":"https:\/\/abilica.com\/no\/treningsprogram\/treningsprogram-til-abilica-xc-trainingband-set-eco\/","og_locale":"nb_NO","og_type":"article","og_title":"Treningsprogram til Abilica XC TrainingBand Set ECO","og_description":"[vc_row full_width=&raquo;stretch_row_content&raquo; full_height=&raquo;yes&raquo; columns_placement=&raquo;bottom&raquo; css=&raquo;.vc_custom_1574250985560{background-image: url(https:\/\/abilica.com\/no\/wp-content\/uploads\/2019\/11\/DSC_5576-1.jpg?id=29255) !important;background-position: center !important;background-repeat: no-repeat !important;background-size: cover !important;}&raquo;][vc_column width=&raquo;1\/3&#8243;][\/vc_column][vc_column width=&raquo;1\/3&#8243;][vc_icon...","og_url":"https:\/\/abilica.com\/no\/treningsprogram\/treningsprogram-til-abilica-xc-trainingband-set-eco\/","og_site_name":"Abilica","article_publisher":"https:\/\/www.facebook.com\/abilicahometraining\/","twitter_card":"summary_large_image","twitter_misc":{"Ansl. lesetid":"4 minutter"},"schema":{"@context":"https:\/\/schema.org","@graph":[{"@type":"WebPage","@id":"https:\/\/abilica.com\/no\/treningsprogram\/treningsprogram-til-abilica-xc-trainingband-set-eco\/","url":"https:\/\/abilica.com\/no\/treningsprogram\/treningsprogram-til-abilica-xc-trainingband-set-eco\/","name":"Treningsprogram til Abilica XC TrainingBand Set ECO &#8226; Abilica","isPartOf":{"@id":"https:\/\/abilica.com\/#website"},"datePublished":"2023-07-30T17:50:22+00:00","breadcrumb":{"@id":"https:\/\/abilica.com\/no\/treningsprogram\/treningsprogram-til-abilica-xc-trainingband-set-eco\/#breadcrumb"},"inLanguage":"nb-NO","potentialAction":[{"@type":"ReadAction","target":["https:\/\/abilica.com\/no\/treningsprogram\/treningsprogram-til-abilica-xc-trainingband-set-eco\/"]}]},{"@type":"BreadcrumbList","@id":"https:\/\/abilica.com\/no\/treningsprogram\/treningsprogram-til-abilica-xc-trainingband-set-eco\/#breadcrumb","itemListElement":[{"@type":"ListItem","position":1,"name":"Hem","item":"https:\/\/abilica.com\/no\/"},{"@type":"ListItem","position":2,"name":"Treningsprogram","item":"https:\/\/abilica.com\/no\/treningsprogram\/"},{"@type":"ListItem","position":3,"name":"Treningsprogram til Abilica XC TrainingBand Set ECO"}]},{"@type":"WebSite","@id":"https:\/\/abilica.com\/#website","url":"https:\/\/abilica.com\/","name":"Abilica","description":"Abilica Home Training","potentialAction":[{"@type":"SearchAction","target":{"@type":"EntryPoint","urlTemplate":"https:\/\/abilica.com\/?s={search_term_string}"},"query-input":{"@type":"PropertyValueSpecification","valueRequired":true,"valueName":"search_term_string"}}],"inLanguage":"nb-NO"}]}},"_links":{"self":[{"href":"https:\/\/abilica.com\/no\/wp-json\/wp\/v2\/pages\/32275","targetHints":{"allow":["GET"]}}],"collection":[{"href":"https:\/\/abilica.com\/no\/wp-json\/wp\/v2\/pages"}],"about":[{"href":"https:\/\/abilica.com\/no\/wp-json\/wp\/v2\/types\/page"}],"author":[{"embeddable":true,"href":"https:\/\/abilica.com\/no\/wp-json\/wp\/v2\/users\/13"}],"replies":[{"embeddable":true,"href":"https:\/\/abilica.com\/no\/wp-json\/wp\/v2\/comments?post=32275"}],"version-history":[{"count":1,"href":"https:\/\/abilica.com\/no\/wp-json\/wp\/v2\/pages\/32275\/revisions"}],"predecessor-version":[{"id":32283,"href":"https:\/\/abilica.com\/no\/wp-json\/wp\/v2\/pages\/32275\/revisions\/32283"}],"up":[{"embeddable":true,"href":"https:\/\/abilica.com\/no\/wp-json\/wp\/v2\/pages\/32218"}],"wp:attachment":[{"href":"https:\/\/abilica.com\/no\/wp-json\/wp\/v2\/media?parent=32275"}],"curies":[{"name":"wp","href":"https:\/\/api.w.org\/{rel}","templated":true}]}}