{"id":32276,"date":"2023-07-30T18:50:47","date_gmt":"2023-07-30T17:50:47","guid":{"rendered":"https:\/\/abilica.com\/?page_id=32276"},"modified":"2023-07-30T18:50:47","modified_gmt":"2023-07-30T17:50:47","slug":"treningsprogram-til-abilica-xc-wheel","status":"publish","type":"page","link":"https:\/\/abilica.com\/no\/treningsprogram\/treningsprogram-til-abilica-xc-wheel\/","title":{"rendered":"Treningsprogram til Abilica XC Wheel"},"content":{"rendered":"<div class=\"wpb-content-wrapper\"><p>[vc_row full_width=&raquo;stretch_row_content&raquo; full_height=&raquo;yes&raquo; columns_placement=&raquo;bottom&raquo; css=&raquo;.vc_custom_1574326631188{background-image: url(https:\/\/abilica.com\/no\/wp-content\/uploads\/2019\/11\/DSC_5650.jpg?id=29275) !important;background-position: center !important;background-repeat: no-repeat !important;background-size: cover !important;}&raquo;][vc_column width=&raquo;1\/3&#8243;][\/vc_column][vc_column width=&raquo;1\/3&#8243;][vc_icon icon_fontawesome=&raquo;fa fa-angle-down&raquo; color=&raquo;white&raquo; size=&raquo;xl&raquo; align=&raquo;center&raquo;][\/vc_column][vc_column width=&raquo;1\/3&#8243;][\/vc_column][\/vc_row][vc_row][vc_column][vc_column_text]Abilica XC Wheel er et ypperlig treningsprodukt for core trening! Det tar liten plass s\u00e5 ta det med deg p\u00e5 treningssamlingen! Et perfekt treningsprodukt for deg som er p\u00e5 reisefot. Abilica XC Wheel har doble hjul for ekstra god st\u00f8dighet og h\u00e5ndtak i myk mosegummi for et godt grep.[\/vc_column_text][vc_empty_space][\/vc_column][\/vc_row][vc_row][vc_column][title text=&raquo;Shop XC Wheel&raquo; text_align=&raquo;left&raquo;][\/vc_column][\/vc_row][vc_row][vc_column width=&raquo;1\/3&#8243;][product_mod id=&raquo;28457&#8243;][\/vc_column][vc_column width=&raquo;1\/3&#8243;][\/vc_column][vc_column width=&raquo;1\/3&#8243;][\/vc_column][\/vc_row][vc_row css=&raquo;.vc_custom_1492108997727{background-position: center !important;background-repeat: no-repeat !important;background-size: cover !important;}&raquo;][vc_column][vc_column_text]I langrenn er det vesentlig med sterk kjernemuskulatur! Hovedargumentene til at sterk kjernemuskulatur er viktig i langrenn er for kraftutvikling, stabilitet\/teknikk, utholdenhet og for \u00e5 forebygge skader.<\/p>\n<p><strong>Kraftutvikling<br \/>\n<\/strong>Sterk kjernemuskulatur f\u00f8rer til at du er sterkere i riktige posisjoner som genererer kraft og fremdrift i langrenn.<\/p>\n<p><strong>Stabilitet\/teknikk<br \/>\n<\/strong>Sterk kjernemuskulatur gj\u00f8r deg i stand til \u00e5 utvikle dine tekniske ferdigheter i langrenn.<\/p>\n<p><strong>Utholdenhet<br \/>\n<\/strong>Sterk i kjernemuskulatur gj\u00f8r deg i stand til \u00e5 kunne st\u00e5 godt i tekniske posisjoner over tid. Dette vil f\u00f8re til at du kan utvikle nok kraft gjennom hele konkurransen\/trenings\u00f8kten som vil forbedre din prestasjon gjennom \u00f8kt utholdenhet.<\/p>\n<p><strong>Skadeforebyggende<br \/>\n<\/strong>Sterk kjernemuskulatur gj\u00f8r at du kan t\u00e5le mer trening og samtidig unng\u00e5 skader\/overbelastning p\u00e5 annen muskulatur og ledd.<\/p>\n<p><strong>Slik gj\u00f8r du<br \/>\n<\/strong>Utgangsposisjonen er \u00abplankestilling\u00bb. Plasser hendene godt p\u00e5 h\u00e5ndtakene. Trekk inn navlen n\u00e5r du ruller fremover slik at du f\u00e5r \u00abkrum\u00bb rygg. Kroppen skal v\u00e6re strak og du skal stive av i nederste fase. Pass p\u00e5 at du ikke ruller for langt ut slik at du unng\u00e5r \u00e5 f\u00e5 \u00absvai\u00bb i ryggen. En lettere variant er \u00e5 plassere kn\u00e6rne p\u00e5 en treningsmatte og utf\u00f8re \u00f8velsen likt.<\/p>\n<p><strong>Repetisjoner<br \/>\n<\/strong>5-10 repetisjoner. 3 serier.[\/vc_column_text][vc_empty_space][vc_row_inner][vc_column_inner width=&raquo;1\/2&#8243;][vc_single_image image=&raquo;29283&#8243; img_size=&raquo;full&raquo; alignment=&raquo;center&raquo;][\/vc_column_inner][vc_column_inner width=&raquo;1\/2&#8243;][vc_single_image image=&raquo;29282&#8243; img_size=&raquo;full&raquo; alignment=&raquo;center&raquo;][\/vc_column_inner][\/vc_row_inner][vc_empty_space][\/vc_column][\/vc_row][vc_row full_width=&raquo;stretch_row_content&raquo; css=&raquo;.vc_custom_1571222702915{background-color: #0a0000 !important;}&raquo;][vc_column][title text=&raquo;Shop Abilica XC Wheel&raquo; tag=&raquo;h2&#8243; color=&raquo;#ffffff&raquo; text_align=&raquo;center&raquo;][vc_empty_space][\/vc_column][\/vc_row][vc_row][vc_column width=&raquo;1\/4&#8243;][\/vc_column][vc_column width=&raquo;1\/2&#8243;][product_mod id=&raquo;28457&#8243;][vc_empty_space][\/vc_column][vc_column width=&raquo;1\/4&#8243;][\/vc_column][\/vc_row][vc_row full_width=&raquo;stretch_row_content&raquo; full_height=&raquo;yes&raquo; css=&raquo;.vc_custom_1574327133185{background-image: url(https:\/\/abilica.com\/no\/wp-content\/uploads\/2019\/11\/DSC_5717.jpg?id=29279) !important;background-position: center !important;background-repeat: no-repeat !important;background-size: cover !important;}&raquo;][vc_column][\/vc_column][\/vc_row]<\/p>\n<\/div>","protected":false},"excerpt":{"rendered":"<p>[vc_row full_width=&raquo;stretch_row_content&raquo; full_height=&raquo;yes&raquo; columns_placement=&raquo;bottom&raquo; css=&raquo;.vc_custom_1574326631188{background-image: url(https:\/\/abilica.com\/no\/wp-content\/uploads\/2019\/11\/DSC_5650.jpg?id=29275) !important;background-position: center !important;background-repeat: no-repeat !important;background-size: cover !important;}&raquo;][vc_column width=&raquo;1\/3&#8243;][\/vc_column][vc_column width=&raquo;1\/3&#8243;][vc_icon&#8230;<\/p>\n","protected":false},"author":13,"featured_media":0,"parent":32218,"menu_order":0,"comment_status":"closed","ping_status":"closed","template":"","meta":{"_acf_changed":false,"footnotes":""},"class_list":["post-32276","page","type-page","status-publish","hentry"],"acf":[],"yoast_head":"<!-- This site is optimized with the Yoast SEO Premium plugin v21.1 (Yoast SEO v25.4) - https:\/\/yoast.com\/wordpress\/plugins\/seo\/ -->\n<title>Treningsprogram til Abilica XC Wheel &#8226; Abilica<\/title>\n<meta name=\"robots\" content=\"index, follow, max-snippet:-1, max-image-preview:large, max-video-preview:-1\" \/>\n<link rel=\"canonical\" href=\"https:\/\/abilica.com\/no\/treningsprogram\/treningsprogram-til-abilica-xc-wheel\/\" \/>\n<meta property=\"og:locale\" content=\"nb_NO\" \/>\n<meta property=\"og:type\" content=\"article\" \/>\n<meta property=\"og:title\" content=\"Treningsprogram til Abilica XC Wheel\" \/>\n<meta property=\"og:description\" content=\"[vc_row full_width=&raquo;stretch_row_content&raquo; full_height=&raquo;yes&raquo; columns_placement=&raquo;bottom&raquo; css=&raquo;.vc_custom_1574326631188{background-image: url(https:\/\/abilica.com\/no\/wp-content\/uploads\/2019\/11\/DSC_5650.jpg?id=29275) !important;background-position: center !important;background-repeat: no-repeat !important;background-size: cover !important;}&raquo;][vc_column width=&raquo;1\/3&#8243;][\/vc_column][vc_column width=&raquo;1\/3&#8243;][vc_icon...\" \/>\n<meta property=\"og:url\" content=\"https:\/\/abilica.com\/no\/treningsprogram\/treningsprogram-til-abilica-xc-wheel\/\" \/>\n<meta property=\"og:site_name\" content=\"Abilica\" \/>\n<meta property=\"article:publisher\" content=\"https:\/\/www.facebook.com\/abilicahometraining\/\" \/>\n<meta name=\"twitter:card\" content=\"summary_large_image\" \/>\n<meta name=\"twitter:label1\" content=\"Ansl. lesetid\" \/>\n\t<meta name=\"twitter:data1\" content=\"3 minutter\" \/>\n<script type=\"application\/ld+json\" class=\"yoast-schema-graph\">{\"@context\":\"https:\/\/schema.org\",\"@graph\":[{\"@type\":\"WebPage\",\"@id\":\"https:\/\/abilica.com\/no\/treningsprogram\/treningsprogram-til-abilica-xc-wheel\/\",\"url\":\"https:\/\/abilica.com\/no\/treningsprogram\/treningsprogram-til-abilica-xc-wheel\/\",\"name\":\"Treningsprogram til Abilica XC Wheel &#8226; Abilica\",\"isPartOf\":{\"@id\":\"https:\/\/abilica.com\/#website\"},\"datePublished\":\"2023-07-30T17:50:47+00:00\",\"breadcrumb\":{\"@id\":\"https:\/\/abilica.com\/no\/treningsprogram\/treningsprogram-til-abilica-xc-wheel\/#breadcrumb\"},\"inLanguage\":\"nb-NO\",\"potentialAction\":[{\"@type\":\"ReadAction\",\"target\":[\"https:\/\/abilica.com\/no\/treningsprogram\/treningsprogram-til-abilica-xc-wheel\/\"]}]},{\"@type\":\"BreadcrumbList\",\"@id\":\"https:\/\/abilica.com\/no\/treningsprogram\/treningsprogram-til-abilica-xc-wheel\/#breadcrumb\",\"itemListElement\":[{\"@type\":\"ListItem\",\"position\":1,\"name\":\"Hem\",\"item\":\"https:\/\/abilica.com\/no\/\"},{\"@type\":\"ListItem\",\"position\":2,\"name\":\"Treningsprogram\",\"item\":\"https:\/\/abilica.com\/no\/treningsprogram\/\"},{\"@type\":\"ListItem\",\"position\":3,\"name\":\"Treningsprogram til Abilica XC Wheel\"}]},{\"@type\":\"WebSite\",\"@id\":\"https:\/\/abilica.com\/#website\",\"url\":\"https:\/\/abilica.com\/\",\"name\":\"Abilica\",\"description\":\"Abilica Home Training\",\"potentialAction\":[{\"@type\":\"SearchAction\",\"target\":{\"@type\":\"EntryPoint\",\"urlTemplate\":\"https:\/\/abilica.com\/?s={search_term_string}\"},\"query-input\":{\"@type\":\"PropertyValueSpecification\",\"valueRequired\":true,\"valueName\":\"search_term_string\"}}],\"inLanguage\":\"nb-NO\"}]}<\/script>\n<!-- \/ Yoast SEO Premium plugin. -->","yoast_head_json":{"title":"Treningsprogram til Abilica XC Wheel &#8226; Abilica","robots":{"index":"index","follow":"follow","max-snippet":"max-snippet:-1","max-image-preview":"max-image-preview:large","max-video-preview":"max-video-preview:-1"},"canonical":"https:\/\/abilica.com\/no\/treningsprogram\/treningsprogram-til-abilica-xc-wheel\/","og_locale":"nb_NO","og_type":"article","og_title":"Treningsprogram til Abilica XC Wheel","og_description":"[vc_row full_width=&raquo;stretch_row_content&raquo; full_height=&raquo;yes&raquo; columns_placement=&raquo;bottom&raquo; css=&raquo;.vc_custom_1574326631188{background-image: url(https:\/\/abilica.com\/no\/wp-content\/uploads\/2019\/11\/DSC_5650.jpg?id=29275) !important;background-position: center !important;background-repeat: no-repeat !important;background-size: cover !important;}&raquo;][vc_column width=&raquo;1\/3&#8243;][\/vc_column][vc_column width=&raquo;1\/3&#8243;][vc_icon...","og_url":"https:\/\/abilica.com\/no\/treningsprogram\/treningsprogram-til-abilica-xc-wheel\/","og_site_name":"Abilica","article_publisher":"https:\/\/www.facebook.com\/abilicahometraining\/","twitter_card":"summary_large_image","twitter_misc":{"Ansl. lesetid":"3 minutter"},"schema":{"@context":"https:\/\/schema.org","@graph":[{"@type":"WebPage","@id":"https:\/\/abilica.com\/no\/treningsprogram\/treningsprogram-til-abilica-xc-wheel\/","url":"https:\/\/abilica.com\/no\/treningsprogram\/treningsprogram-til-abilica-xc-wheel\/","name":"Treningsprogram til Abilica XC Wheel &#8226; Abilica","isPartOf":{"@id":"https:\/\/abilica.com\/#website"},"datePublished":"2023-07-30T17:50:47+00:00","breadcrumb":{"@id":"https:\/\/abilica.com\/no\/treningsprogram\/treningsprogram-til-abilica-xc-wheel\/#breadcrumb"},"inLanguage":"nb-NO","potentialAction":[{"@type":"ReadAction","target":["https:\/\/abilica.com\/no\/treningsprogram\/treningsprogram-til-abilica-xc-wheel\/"]}]},{"@type":"BreadcrumbList","@id":"https:\/\/abilica.com\/no\/treningsprogram\/treningsprogram-til-abilica-xc-wheel\/#breadcrumb","itemListElement":[{"@type":"ListItem","position":1,"name":"Hem","item":"https:\/\/abilica.com\/no\/"},{"@type":"ListItem","position":2,"name":"Treningsprogram","item":"https:\/\/abilica.com\/no\/treningsprogram\/"},{"@type":"ListItem","position":3,"name":"Treningsprogram til Abilica XC Wheel"}]},{"@type":"WebSite","@id":"https:\/\/abilica.com\/#website","url":"https:\/\/abilica.com\/","name":"Abilica","description":"Abilica Home Training","potentialAction":[{"@type":"SearchAction","target":{"@type":"EntryPoint","urlTemplate":"https:\/\/abilica.com\/?s={search_term_string}"},"query-input":{"@type":"PropertyValueSpecification","valueRequired":true,"valueName":"search_term_string"}}],"inLanguage":"nb-NO"}]}},"_links":{"self":[{"href":"https:\/\/abilica.com\/no\/wp-json\/wp\/v2\/pages\/32276","targetHints":{"allow":["GET"]}}],"collection":[{"href":"https:\/\/abilica.com\/no\/wp-json\/wp\/v2\/pages"}],"about":[{"href":"https:\/\/abilica.com\/no\/wp-json\/wp\/v2\/types\/page"}],"author":[{"embeddable":true,"href":"https:\/\/abilica.com\/no\/wp-json\/wp\/v2\/users\/13"}],"replies":[{"embeddable":true,"href":"https:\/\/abilica.com\/no\/wp-json\/wp\/v2\/comments?post=32276"}],"version-history":[{"count":1,"href":"https:\/\/abilica.com\/no\/wp-json\/wp\/v2\/pages\/32276\/revisions"}],"predecessor-version":[{"id":32284,"href":"https:\/\/abilica.com\/no\/wp-json\/wp\/v2\/pages\/32276\/revisions\/32284"}],"up":[{"embeddable":true,"href":"https:\/\/abilica.com\/no\/wp-json\/wp\/v2\/pages\/32218"}],"wp:attachment":[{"href":"https:\/\/abilica.com\/no\/wp-json\/wp\/v2\/media?parent=32276"}],"curies":[{"name":"wp","href":"https:\/\/api.w.org\/{rel}","templated":true}]}}