{"id":32280,"date":"2023-07-30T18:52:47","date_gmt":"2023-07-30T17:52:47","guid":{"rendered":"https:\/\/abilica.com\/?page_id=32280"},"modified":"2023-07-30T18:52:47","modified_gmt":"2023-07-30T17:52:47","slug":"treningsprogram-till-abilica-fitnessball","status":"publish","type":"page","link":"https:\/\/abilica.com\/no\/treningsprogram\/treningsprogram-till-abilica-fitnessball\/","title":{"rendered":"Treningsprogram till Abilica FitnessBall"},"content":{"rendered":"<div class=\"wpb-content-wrapper\"><p>[vc_row full_width=&raquo;stretch_row_content&raquo; full_height=&raquo;yes&raquo; columns_placement=&raquo;bottom&raquo; css=&raquo;.vc_custom_1587458180775{background-image: url(https:\/\/abilica.com\/no\/wp-content\/uploads\/2020\/04\/3-3.jpg?id=32115) !important;background-position: center !important;background-repeat: no-repeat !important;background-size: cover !important;}&raquo;][vc_column width=&raquo;1\/3&#8243;][\/vc_column][vc_column width=&raquo;1\/3&#8243;][vc_icon icon_fontawesome=&raquo;fa fa-angle-down&raquo; color=&raquo;white&raquo; size=&raquo;xl&raquo; align=&raquo;center&raquo;][\/vc_column][vc_column width=&raquo;1\/3&#8243;][\/vc_column][\/vc_row][vc_row][vc_column][vc_column_text]<\/p>\n<h2 style=\"text-align: left;\"><span style=\"color: #000000;\">Treningsprogram til Abilica\u00a0FitnessBall<\/span><\/h2>\n<p>Med Abilica FitnessBall kan du trene hele kroppen. Utf\u00f8r \u00f8velsene rolig og med fokus p\u00e5 \u00e5 ha kontroll p\u00e5 mage og korsrygg, s\u00e5 f\u00e5r du med maksimal effekt av kjernemuskulaturen.[\/vc_column_text][vc_empty_space][\/vc_column][\/vc_row][vc_row][vc_column][title text=&raquo;Kj\u00f8p FitnessBall n\u00e5.&raquo; tag=&raquo;h2&#8243; text_align=&raquo;left&raquo;][\/vc_column][\/vc_row][vc_row content_placement=&raquo;middle&raquo;][vc_column width=&raquo;1\/2&#8243;][product_mod id=&raquo;30800&#8243;][\/vc_column][vc_column width=&raquo;1\/2&#8243;][product_mod id=&raquo;30403&#8243;][\/vc_column][\/vc_row][vc_row][vc_column][vc_empty_space][vc_btn title=&raquo;Last ned treningsprogrammet i PDF&raquo; style=&raquo;flat&raquo; color=&raquo;black&raquo; i_icon_fontawesome=&raquo;fa fa-file-pdf-o&raquo; add_icon=&raquo;true&raquo; link=&raquo;url:https%3A%2F%2Fabilica.com\/no%2Fwp-content%2Fuploads%2F2017%2F02%2FAbilica-FitnessBall-75-cm.pdf|||&raquo;][\/vc_column][\/vc_row][vc_row full_height=&raquo;yes&raquo; css=&raquo;.vc_custom_1492108295473{background-position: center !important;background-repeat: no-repeat !important;background-size: cover !important;}&raquo;][vc_column css=&raquo;.vc_custom_1492691214219{margin-top: 0px !important;border-top-width: 0px !important;padding-top: 0px !important;}&raquo;][vc_column_text]<\/p>\n<h2 style=\"text-align: left;\">1.<\/h2>\n<h2><strong>Kneb\u00f8y med ball over hodet<\/strong><\/h2>\n<p><strong>Tid:<\/strong> 1 min<\/p>\n<p>St\u00e5 med bena i hoftebredde. B\u00f8y kn\u00e6rne og senk rumpa<br \/>\nned bak. Hold ryggen i en n\u00f8ytral posisjon med navlen mot ryggraden. Legg tyngden p\u00e5 h\u00e6lene og pass p\u00e5 at kn\u00e6r er over t\u00e6r. Senk skuldrene vekk fra \u00f8rene. Kom rolig opp igjen.[\/vc_column_text][vc_single_image image=&raquo;17620&#8243; img_size=&raquo;full&raquo; alignment=&raquo;center&raquo;][\/vc_column][\/vc_row][vc_row][vc_column][vc_column_text]<\/p>\n<h2 style=\"text-align: left;\">2.<\/h2>\n<h2>JackKnife<\/h2>\n<p><strong>Tid:<\/strong> 1 min<\/p>\n<p>Ha bena p\u00e5 ballen og hendene i underlaget. Jo lengre ut p\u00e5 bena du har ballen, jo tyngre er det. V\u00e6r s\u00e5 rett du klarer i kroppen. Trekk s\u00e5 kn\u00e6rne mot brystet ved \u00e5 bruke magen. Strekk rolig ut igjen.[\/vc_column_text][vc_single_image image=&raquo;17621&#8243; img_size=&raquo;full&raquo; alignment=&raquo;center&raquo;][\/vc_column][\/vc_row][vc_row][vc_column][vc_column_text]<\/p>\n<h2 style=\"text-align: left;\">3.<\/h2>\n<h2><strong>Crunch<\/strong><\/h2>\n<p><strong>Tid:<\/strong> 1 min<\/p>\n<p>Ligg p\u00e5 ryggen over ballen. Ha hoftebreddes avstand mellom f\u00f8ttene, ca 90 grader i kn\u00e6rne. Hold hendene ved siden av \u00f8rene, eller bak hodet. Trekk navlen inn mot ryggen. Kom rolig opp ved \u00e5 krumme ryggen. Senk rolig ned igjen[\/vc_column_text][vc_single_image image=&raquo;17622&#8243; img_size=&raquo;full&raquo; alignment=&raquo;center&raquo;][\/vc_column][\/vc_row][vc_row][vc_column][vc_column_text]<\/p>\n<h2 style=\"text-align: left;\">4.<\/h2>\n<h2><strong>Hoftel\u00f8ft<\/strong><\/h2>\n<p><strong>Tid:<\/strong> 1 min<\/p>\n<p>Ligg p\u00e5 ryggen p\u00e5 underlaget og ha bena p\u00e5 ballen. Ha armene langs siden, gjerne litt ut fra kroppen for \u00e5 bedre balansen. L\u00f8ft s\u00e5 hoftene rolig opp og ned mens du holder ballen i ro. Knip rumpa.[\/vc_column_text][vc_single_image image=&raquo;17623&#8243; img_size=&raquo;full&raquo; alignment=&raquo;center&raquo;][\/vc_column][\/vc_row][vc_row full_width=&raquo;stretch_row_content&raquo; full_height=&raquo;yes&raquo; css=&raquo;.vc_custom_1587458363488{background-image: url(https:\/\/abilica.com\/no\/wp-content\/uploads\/2020\/04\/4-4.jpg?id=32118) !important;background-position: center !important;background-repeat: no-repeat !important;background-size: cover !important;}&raquo;][vc_column][\/vc_column][\/vc_row][vc_row][vc_column][vc_column_text]<\/p>\n<h2 style=\"text-align: left;\">5.<\/h2>\n<h2><strong>Triceps pushups<\/strong><\/h2>\n<p><strong>Tid:<\/strong> 1 min<\/p>\n<p>Ha bena p\u00e5 ballen og hendene i underlaget. Jo lengre ut p\u00e5 bena du har ballen, jo tyngre er det. Hold kroppen s\u00e5 rett som mulig, stram i magen. Senk s\u00e5 overkroppen ned mot underlaget og hold albuene inntil kroppen. Kom rolig opp igjen.[\/vc_column_text][vc_single_image image=&raquo;17624&#8243; img_size=&raquo;full&raquo; alignment=&raquo;center&raquo;][\/vc_column][\/vc_row][vc_row][vc_column][vc_column_text]<\/p>\n<h2 style=\"text-align: left;\">6.<\/h2>\n<h2><strong>Overf\u00f8ring av ball<\/strong><\/h2>\n<p><strong>Tid:<\/strong> 1 min<\/p>\n<p>Ligg rett ut p\u00e5 ryggen p\u00e5 underlaget. Hold ballen over hodet.\u00a0L\u00f8ft s\u00e5 bena og henda samtidig. N\u00e5r de m\u00f8tes p\u00e5 toppen f\u00f8rer\u00a0du ballen over til bena som tar den med seg ned til gulvet. Jobb med \u00e5 trekke magen inn mot ryggen. Deretter tar bena med seg ballen opp igjen og overf\u00f8rer tilbake til hendene som fortsetter bevegelsen. Jo strakere du er i armer og ben, jo tyngre er det.[\/vc_column_text][vc_single_image image=&raquo;17625&#8243; img_size=&raquo;full&raquo; alignment=&raquo;center&raquo;][\/vc_column][\/vc_row][vc_row][vc_column][vc_column_text]<\/p>\n<h2 style=\"text-align: left;\">7.<\/h2>\n<h2><strong>Rygghev<\/strong><\/h2>\n<p><strong>Tid:<\/strong> 1 min<\/p>\n<p>Ligg p\u00e5 magen over ballen. Plasser gjerne f\u00f8ttene mot en vegg for bedre balanse om du \u00f8nsker. Hold hendene bak hodet,\u00a0eller ved \u00f8rene. Start med \u00e5 folde deg over ballen og l\u00f8ft\u00a0deretter opp til strak rygg. Du trenger ikke \u00e5 l\u00f8fte veldig h\u00f8yt for \u00e5 f\u00e5 god effekt av \u00f8velsen. Senk deg rolig ned igjen.[\/vc_column_text][vc_single_image image=&raquo;17626&#8243; img_size=&raquo;full&raquo; alignment=&raquo;center&raquo;][\/vc_column][\/vc_row][vc_row][vc_column][vc_column_text]<\/p>\n<h2 style=\"text-align: left;\">8.<\/h2>\n<h2><strong>Hamstring<\/strong><\/h2>\n<p><strong>Tid:<\/strong> 1 min<\/p>\n<p>Ligg p\u00e5 ryggen p\u00e5 underlaget og ha bena p\u00e5 ballen. Hold armene langs siden, gjerne litt ut fra kroppen for \u00e5 bedre balansen. L\u00f8ft hoftene opp til du er helt rett i kroppen. Trekk h\u00e6lene mot rumpa. Rull s\u00e5 ballen tilbake ved \u00e5 strekke ut bena. Hold hoftene oppe hele veien.[\/vc_column_text][vc_single_image image=&raquo;17619&#8243; img_size=&raquo;full&raquo; alignment=&raquo;center&raquo;][\/vc_column][\/vc_row][vc_row full_width=&raquo;stretch_row_content&raquo; css=&raquo;.vc_custom_1587458399972{background-color: #4f322d !important;}&raquo;][vc_column][vc_empty_space height=&raquo;8px&raquo;][title text=&raquo;Kj\u00f8p din Abilica FitnessBall n\u00e5.&raquo; tag=&raquo;h2&#8243; color=&raquo;#ffffff&raquo; text_align=&raquo;center&raquo;][vc_empty_space][\/vc_column][\/vc_row][vc_row][vc_column width=&raquo;1\/2&#8243;][product_mod id=&raquo;30800&#8243;][vc_empty_space][\/vc_column][vc_column width=&raquo;1\/2&#8243;][product_mod id=&raquo;30403&#8243;][vc_empty_space][\/vc_column][\/vc_row][vc_row full_width=&raquo;stretch_row_content&raquo; full_height=&raquo;yes&raquo; css=&raquo;.vc_custom_1587458464447{background-image: url(https:\/\/abilica.com\/no\/wp-content\/uploads\/2020\/04\/IMG_4568.jpg?id=32121) !important;background-position: center !important;background-repeat: no-repeat !important;background-size: cover !important;}&raquo;][vc_column][\/vc_column][\/vc_row]<\/p>\n<\/div>","protected":false},"excerpt":{"rendered":"<p>[vc_row full_width=&raquo;stretch_row_content&raquo; full_height=&raquo;yes&raquo; columns_placement=&raquo;bottom&raquo; css=&raquo;.vc_custom_1587458180775{background-image: url(https:\/\/abilica.com\/no\/wp-content\/uploads\/2020\/04\/3-3.jpg?id=32115) !important;background-position: center !important;background-repeat: no-repeat !important;background-size: cover !important;}&raquo;][vc_column width=&raquo;1\/3&#8243;][\/vc_column][vc_column width=&raquo;1\/3&#8243;][vc_icon&#8230;<\/p>\n","protected":false},"author":13,"featured_media":0,"parent":32218,"menu_order":0,"comment_status":"closed","ping_status":"closed","template":"","meta":{"_acf_changed":false,"footnotes":""},"class_list":["post-32280","page","type-page","status-publish","hentry"],"acf":[],"yoast_head":"<!-- This site is optimized with the Yoast SEO Premium plugin v21.1 (Yoast SEO v25.4) - https:\/\/yoast.com\/wordpress\/plugins\/seo\/ -->\n<title>Treningsprogram till Abilica FitnessBall &#8226; Abilica<\/title>\n<meta name=\"robots\" content=\"index, follow, max-snippet:-1, max-image-preview:large, max-video-preview:-1\" \/>\n<link rel=\"canonical\" href=\"https:\/\/abilica.com\/training-programs\/treningsprogram-till-abilica-fitnessball\/\" \/>\n<meta property=\"og:locale\" content=\"nb_NO\" \/>\n<meta property=\"og:type\" content=\"article\" \/>\n<meta property=\"og:title\" content=\"Treningsprogram till Abilica FitnessBall\" \/>\n<meta property=\"og:description\" content=\"[vc_row full_width=&raquo;stretch_row_content&raquo; full_height=&raquo;yes&raquo; columns_placement=&raquo;bottom&raquo; css=&raquo;.vc_custom_1587458180775{background-image: url(https:\/\/abilica.com\/no\/wp-content\/uploads\/2020\/04\/3-3.jpg?id=32115) !important;background-position: center !important;background-repeat: no-repeat !important;background-size: cover !important;}&raquo;][vc_column width=&raquo;1\/3&#8243;][\/vc_column][vc_column width=&raquo;1\/3&#8243;][vc_icon...\" \/>\n<meta property=\"og:url\" content=\"https:\/\/abilica.com\/training-programs\/treningsprogram-till-abilica-fitnessball\/\" \/>\n<meta property=\"og:site_name\" content=\"Abilica\" \/>\n<meta property=\"article:publisher\" content=\"https:\/\/www.facebook.com\/abilicahometraining\/\" \/>\n<meta name=\"twitter:card\" content=\"summary_large_image\" \/>\n<meta name=\"twitter:label1\" content=\"Ansl. lesetid\" \/>\n\t<meta name=\"twitter:data1\" content=\"5 minutter\" \/>\n<script type=\"application\/ld+json\" class=\"yoast-schema-graph\">{\"@context\":\"https:\/\/schema.org\",\"@graph\":[{\"@type\":\"WebPage\",\"@id\":\"https:\/\/abilica.com\/training-programs\/treningsprogram-till-abilica-fitnessball\/\",\"url\":\"https:\/\/abilica.com\/training-programs\/treningsprogram-till-abilica-fitnessball\/\",\"name\":\"Treningsprogram till Abilica FitnessBall &#8226; Abilica\",\"isPartOf\":{\"@id\":\"https:\/\/abilica.com\/#website\"},\"datePublished\":\"2023-07-30T17:52:47+00:00\",\"breadcrumb\":{\"@id\":\"https:\/\/abilica.com\/training-programs\/treningsprogram-till-abilica-fitnessball\/#breadcrumb\"},\"inLanguage\":\"nb-NO\",\"potentialAction\":[{\"@type\":\"ReadAction\",\"target\":[\"https:\/\/abilica.com\/training-programs\/treningsprogram-till-abilica-fitnessball\/\"]}]},{\"@type\":\"BreadcrumbList\",\"@id\":\"https:\/\/abilica.com\/training-programs\/treningsprogram-till-abilica-fitnessball\/#breadcrumb\",\"itemListElement\":[{\"@type\":\"ListItem\",\"position\":1,\"name\":\"Hem\",\"item\":\"https:\/\/abilica.com\/no\/\"},{\"@type\":\"ListItem\",\"position\":2,\"name\":\"Treningsprogram\",\"item\":\"https:\/\/abilica.com\/no\/treningsprogram\/\"},{\"@type\":\"ListItem\",\"position\":3,\"name\":\"Treningsprogram till Abilica FitnessBall\"}]},{\"@type\":\"WebSite\",\"@id\":\"https:\/\/abilica.com\/#website\",\"url\":\"https:\/\/abilica.com\/\",\"name\":\"Abilica\",\"description\":\"Abilica Home Training\",\"potentialAction\":[{\"@type\":\"SearchAction\",\"target\":{\"@type\":\"EntryPoint\",\"urlTemplate\":\"https:\/\/abilica.com\/?s={search_term_string}\"},\"query-input\":{\"@type\":\"PropertyValueSpecification\",\"valueRequired\":true,\"valueName\":\"search_term_string\"}}],\"inLanguage\":\"nb-NO\"}]}<\/script>\n<!-- \/ Yoast SEO Premium plugin. -->","yoast_head_json":{"title":"Treningsprogram till Abilica FitnessBall &#8226; Abilica","robots":{"index":"index","follow":"follow","max-snippet":"max-snippet:-1","max-image-preview":"max-image-preview:large","max-video-preview":"max-video-preview:-1"},"canonical":"https:\/\/abilica.com\/training-programs\/treningsprogram-till-abilica-fitnessball\/","og_locale":"nb_NO","og_type":"article","og_title":"Treningsprogram till Abilica FitnessBall","og_description":"[vc_row full_width=&raquo;stretch_row_content&raquo; full_height=&raquo;yes&raquo; columns_placement=&raquo;bottom&raquo; css=&raquo;.vc_custom_1587458180775{background-image: url(https:\/\/abilica.com\/no\/wp-content\/uploads\/2020\/04\/3-3.jpg?id=32115) !important;background-position: center !important;background-repeat: no-repeat !important;background-size: cover !important;}&raquo;][vc_column width=&raquo;1\/3&#8243;][\/vc_column][vc_column width=&raquo;1\/3&#8243;][vc_icon...","og_url":"https:\/\/abilica.com\/training-programs\/treningsprogram-till-abilica-fitnessball\/","og_site_name":"Abilica","article_publisher":"https:\/\/www.facebook.com\/abilicahometraining\/","twitter_card":"summary_large_image","twitter_misc":{"Ansl. lesetid":"5 minutter"},"schema":{"@context":"https:\/\/schema.org","@graph":[{"@type":"WebPage","@id":"https:\/\/abilica.com\/training-programs\/treningsprogram-till-abilica-fitnessball\/","url":"https:\/\/abilica.com\/training-programs\/treningsprogram-till-abilica-fitnessball\/","name":"Treningsprogram till Abilica FitnessBall &#8226; Abilica","isPartOf":{"@id":"https:\/\/abilica.com\/#website"},"datePublished":"2023-07-30T17:52:47+00:00","breadcrumb":{"@id":"https:\/\/abilica.com\/training-programs\/treningsprogram-till-abilica-fitnessball\/#breadcrumb"},"inLanguage":"nb-NO","potentialAction":[{"@type":"ReadAction","target":["https:\/\/abilica.com\/training-programs\/treningsprogram-till-abilica-fitnessball\/"]}]},{"@type":"BreadcrumbList","@id":"https:\/\/abilica.com\/training-programs\/treningsprogram-till-abilica-fitnessball\/#breadcrumb","itemListElement":[{"@type":"ListItem","position":1,"name":"Hem","item":"https:\/\/abilica.com\/no\/"},{"@type":"ListItem","position":2,"name":"Treningsprogram","item":"https:\/\/abilica.com\/no\/treningsprogram\/"},{"@type":"ListItem","position":3,"name":"Treningsprogram till Abilica FitnessBall"}]},{"@type":"WebSite","@id":"https:\/\/abilica.com\/#website","url":"https:\/\/abilica.com\/","name":"Abilica","description":"Abilica Home Training","potentialAction":[{"@type":"SearchAction","target":{"@type":"EntryPoint","urlTemplate":"https:\/\/abilica.com\/?s={search_term_string}"},"query-input":{"@type":"PropertyValueSpecification","valueRequired":true,"valueName":"search_term_string"}}],"inLanguage":"nb-NO"}]}},"_links":{"self":[{"href":"https:\/\/abilica.com\/no\/wp-json\/wp\/v2\/pages\/32280","targetHints":{"allow":["GET"]}}],"collection":[{"href":"https:\/\/abilica.com\/no\/wp-json\/wp\/v2\/pages"}],"about":[{"href":"https:\/\/abilica.com\/no\/wp-json\/wp\/v2\/types\/page"}],"author":[{"embeddable":true,"href":"https:\/\/abilica.com\/no\/wp-json\/wp\/v2\/users\/13"}],"replies":[{"embeddable":true,"href":"https:\/\/abilica.com\/no\/wp-json\/wp\/v2\/comments?post=32280"}],"version-history":[{"count":1,"href":"https:\/\/abilica.com\/no\/wp-json\/wp\/v2\/pages\/32280\/revisions"}],"predecessor-version":[{"id":32287,"href":"https:\/\/abilica.com\/no\/wp-json\/wp\/v2\/pages\/32280\/revisions\/32287"}],"up":[{"embeddable":true,"href":"https:\/\/abilica.com\/no\/wp-json\/wp\/v2\/pages\/32218"}],"wp:attachment":[{"href":"https:\/\/abilica.com\/no\/wp-json\/wp\/v2\/media?parent=32280"}],"curies":[{"name":"wp","href":"https:\/\/api.w.org\/{rel}","templated":true}]}}