{"id":65657,"date":"2023-10-27T14:15:45","date_gmt":"2023-10-27T13:15:45","guid":{"rendered":"https:\/\/abilica.com\/?page_id=65657"},"modified":"2023-11-03T10:54:08","modified_gmt":"2023-11-03T09:54:08","slug":"ovelser-med-vektvest-hjemme","status":"publish","type":"page","link":"https:\/\/abilica.com\/no\/treningsartikler\/styrke\/ovelser-med-vektvest-hjemme\/","title":{"rendered":"\u00d8velser med vektvest"},"content":{"rendered":"<div class=\"wpb-content-wrapper\"><p>[vc_row full_width=&raquo;stretch_row_content_no_spaces&raquo;][vc_column][vc_single_image image=&raquo;58329&#8243; img_size=&raquo;full&raquo; alignment=&raquo;center&raquo;][\/vc_column][\/vc_row][vc_row][vc_column][vc_column_text]<\/p>\n<h2>\u00d8velser med vektvest<\/h2>\n<p>[\/vc_column_text][vc_column_text]En vektvest er perfekt for deg som vil ha litt mer motstand n\u00e5r du kj\u00f8rer styrke\u00f8velser. Hvis du bruker en vektvest under trening \u00f8ker du intensiteten og f\u00e5r mer ut av trenings\u00f8kten. Vektvesten gj\u00f8r at du tvinger musklene i kroppen til \u00e5 jobbe enda hardere. Abilica sine vektvester er behagelige \u00e5 ha p\u00e5 seg. Selvf\u00f8lgelig merker man vekten p\u00e5 vektvesten, men den sitter godt slik at du kan konsentrere deg p\u00e5 \u00f8velsene du utf\u00f8rer. Du har muligheten til \u00e5 justere vektvesten etter hvor tung du vil ha den. Inne i vektvesten ligger det poser som du kan ta inn og ut ettersom hvor tung du vil ha vektvesten din.<\/p>\n<p>N\u00e5r du bruker en vektvest p\u00e5\u00a0trening \u00f8ker belastningen p\u00e5 hele kroppen. Derfor er det lett \u00e5 p\u00e5dra seg skader hvis man ikke utf\u00f8rer \u00f8velsene med rett teknikk. S\u00f8rg for at teknikken sitter p\u00e5 alle \u00f8velsene du gj\u00f8r f\u00f8r du tar p\u00e5 deg en vektvest. Hvis du har tanker om \u00e5 bruke vektvesten under l\u00f8ping kan det v\u00e6re smart \u00e5 teste gange f\u00f8rst slik at du har mulighet til \u00e5 \u00f8ke gradvis med jogging og l\u00f8ping for \u00e5 slippe unna belastningsskader.<\/p>\n<p style=\"text-align: justify;\"><strong>\u00d8VELSER<br \/>\n<\/strong>Under ser dere en video med v\u00e5r ambassad\u00f8r\u00a0<a href=\"https:\/\/www.youtube.com\/channel\/UCTZXLXY2Sm-831jZBxE8muw\/videos\">Kristin Birkelund<\/a>\u00a0der hun viser flere \u00f8velser som du kan gj\u00f8re. Vil du se flere videoer med Kristin kan du bes\u00f8ke hennes\u00a0<a href=\"https:\/\/www.youtube.com\/channel\/UCTZXLXY2Sm-831jZBxE8muw\/videos\">YouTube-kanal.<\/a><\/p>\n<p><iframe loading=\"lazy\" title=\"HJEMMETRENING MED VEKTVEST | 01\" src=\"https:\/\/www.youtube.com\/embed\/ZVJ16cOxgVU\" width=\"615\" height=\"346\" frameborder=\"0\" allowfullscreen=\"allowfullscreen\"><\/iframe><\/p>\n<p><iframe loading=\"lazy\" title=\"HJEMMETRENING MED VEKTVEST | 02\" src=\"https:\/\/www.youtube.com\/embed\/q5YqAtyGyyg\" width=\"470\" height=\"265\" frameborder=\"0\" allowfullscreen=\"allowfullscreen\"><\/iframe><br \/>\n<strong>Lykke til med treningen!<\/strong>[\/vc_column_text][\/vc_column][\/vc_row][vc_row][vc_column][vc_single_image image=&raquo;43685&#8243; img_size=&raquo;full&raquo; alignment=&raquo;center&raquo;][\/vc_column][\/vc_row]<\/p>\n<\/div>","protected":false},"excerpt":{"rendered":"<p>[vc_row full_width=&raquo;stretch_row_content_no_spaces&raquo;][vc_column][vc_single_image image=&raquo;58329&#8243; img_size=&raquo;full&raquo; alignment=&raquo;center&raquo;][\/vc_column][\/vc_row][vc_row][vc_column][vc_column_text] \u00d8velser med vektvest [\/vc_column_text][vc_column_text]En vektvest er perfekt for deg som&#8230;<\/p>\n","protected":false},"author":13,"featured_media":0,"parent":32142,"menu_order":0,"comment_status":"closed","ping_status":"closed","template":"","meta":{"_acf_changed":false,"footnotes":""},"class_list":["post-65657","page","type-page","status-publish","hentry"],"acf":[],"yoast_head":"<!-- This site is optimized with the Yoast SEO Premium plugin v21.1 (Yoast SEO v25.4) - https:\/\/yoast.com\/wordpress\/plugins\/seo\/ -->\n<title>\u00d8velser med vektvest &#8226; Abilica<\/title>\n<meta name=\"robots\" content=\"index, follow, max-snippet:-1, max-image-preview:large, max-video-preview:-1\" \/>\n<link rel=\"canonical\" href=\"https:\/\/abilica.com\/no\/treningsartikler\/styrke\/ovelser-med-vektvest-hjemme\/\" \/>\n<meta property=\"og:locale\" content=\"nb_NO\" \/>\n<meta property=\"og:type\" content=\"article\" \/>\n<meta property=\"og:title\" content=\"\u00d8velser med vektvest\" \/>\n<meta property=\"og:description\" content=\"[vc_row full_width=&raquo;stretch_row_content_no_spaces&raquo;][vc_column][vc_single_image image=&raquo;58329&#8243; img_size=&raquo;full&raquo; alignment=&raquo;center&raquo;][\/vc_column][\/vc_row][vc_row][vc_column][vc_column_text] \u00d8velser med vektvest [\/vc_column_text][vc_column_text]En vektvest er perfekt for deg som...\" \/>\n<meta property=\"og:url\" content=\"https:\/\/abilica.com\/no\/treningsartikler\/styrke\/ovelser-med-vektvest-hjemme\/\" \/>\n<meta property=\"og:site_name\" content=\"Abilica\" \/>\n<meta property=\"article:publisher\" content=\"https:\/\/www.facebook.com\/abilicahometraining\/\" \/>\n<meta property=\"article:modified_time\" content=\"2023-11-03T09:54:08+00:00\" \/>\n<meta name=\"twitter:card\" content=\"summary_large_image\" \/>\n<meta name=\"twitter:label1\" content=\"Ansl. lesetid\" \/>\n\t<meta name=\"twitter:data1\" content=\"2 minutter\" \/>\n<script type=\"application\/ld+json\" class=\"yoast-schema-graph\">{\"@context\":\"https:\/\/schema.org\",\"@graph\":[{\"@type\":\"WebPage\",\"@id\":\"https:\/\/abilica.com\/no\/treningsartikler\/styrke\/ovelser-med-vektvest-hjemme\/\",\"url\":\"https:\/\/abilica.com\/no\/treningsartikler\/styrke\/ovelser-med-vektvest-hjemme\/\",\"name\":\"\u00d8velser med vektvest &#8226; Abilica\",\"isPartOf\":{\"@id\":\"https:\/\/abilica.com\/#website\"},\"datePublished\":\"2023-10-27T13:15:45+00:00\",\"dateModified\":\"2023-11-03T09:54:08+00:00\",\"breadcrumb\":{\"@id\":\"https:\/\/abilica.com\/no\/treningsartikler\/styrke\/ovelser-med-vektvest-hjemme\/#breadcrumb\"},\"inLanguage\":\"nb-NO\",\"potentialAction\":[{\"@type\":\"ReadAction\",\"target\":[\"https:\/\/abilica.com\/no\/treningsartikler\/styrke\/ovelser-med-vektvest-hjemme\/\"]}]},{\"@type\":\"BreadcrumbList\",\"@id\":\"https:\/\/abilica.com\/no\/treningsartikler\/styrke\/ovelser-med-vektvest-hjemme\/#breadcrumb\",\"itemListElement\":[{\"@type\":\"ListItem\",\"position\":1,\"name\":\"Hem\",\"item\":\"https:\/\/abilica.com\/no\/\"},{\"@type\":\"ListItem\",\"position\":2,\"name\":\"Treningsartikler\",\"item\":\"https:\/\/abilica.com\/no\/treningsartikler\/\"},{\"@type\":\"ListItem\",\"position\":3,\"name\":\"Treningstips innenfor styrke\",\"item\":\"https:\/\/abilica.com\/no\/treningsartikler\/styrke\/\"},{\"@type\":\"ListItem\",\"position\":4,\"name\":\"\u00d8velser med vektvest\"}]},{\"@type\":\"WebSite\",\"@id\":\"https:\/\/abilica.com\/#website\",\"url\":\"https:\/\/abilica.com\/\",\"name\":\"Abilica\",\"description\":\"Abilica Home Training\",\"potentialAction\":[{\"@type\":\"SearchAction\",\"target\":{\"@type\":\"EntryPoint\",\"urlTemplate\":\"https:\/\/abilica.com\/?s={search_term_string}\"},\"query-input\":{\"@type\":\"PropertyValueSpecification\",\"valueRequired\":true,\"valueName\":\"search_term_string\"}}],\"inLanguage\":\"nb-NO\"}]}<\/script>\n<!-- \/ Yoast SEO Premium plugin. -->","yoast_head_json":{"title":"\u00d8velser med vektvest &#8226; Abilica","robots":{"index":"index","follow":"follow","max-snippet":"max-snippet:-1","max-image-preview":"max-image-preview:large","max-video-preview":"max-video-preview:-1"},"canonical":"https:\/\/abilica.com\/no\/treningsartikler\/styrke\/ovelser-med-vektvest-hjemme\/","og_locale":"nb_NO","og_type":"article","og_title":"\u00d8velser med vektvest","og_description":"[vc_row full_width=&raquo;stretch_row_content_no_spaces&raquo;][vc_column][vc_single_image image=&raquo;58329&#8243; img_size=&raquo;full&raquo; alignment=&raquo;center&raquo;][\/vc_column][\/vc_row][vc_row][vc_column][vc_column_text] \u00d8velser med vektvest [\/vc_column_text][vc_column_text]En vektvest er perfekt for deg som...","og_url":"https:\/\/abilica.com\/no\/treningsartikler\/styrke\/ovelser-med-vektvest-hjemme\/","og_site_name":"Abilica","article_publisher":"https:\/\/www.facebook.com\/abilicahometraining\/","article_modified_time":"2023-11-03T09:54:08+00:00","twitter_card":"summary_large_image","twitter_misc":{"Ansl. lesetid":"2 minutter"},"schema":{"@context":"https:\/\/schema.org","@graph":[{"@type":"WebPage","@id":"https:\/\/abilica.com\/no\/treningsartikler\/styrke\/ovelser-med-vektvest-hjemme\/","url":"https:\/\/abilica.com\/no\/treningsartikler\/styrke\/ovelser-med-vektvest-hjemme\/","name":"\u00d8velser med vektvest &#8226; Abilica","isPartOf":{"@id":"https:\/\/abilica.com\/#website"},"datePublished":"2023-10-27T13:15:45+00:00","dateModified":"2023-11-03T09:54:08+00:00","breadcrumb":{"@id":"https:\/\/abilica.com\/no\/treningsartikler\/styrke\/ovelser-med-vektvest-hjemme\/#breadcrumb"},"inLanguage":"nb-NO","potentialAction":[{"@type":"ReadAction","target":["https:\/\/abilica.com\/no\/treningsartikler\/styrke\/ovelser-med-vektvest-hjemme\/"]}]},{"@type":"BreadcrumbList","@id":"https:\/\/abilica.com\/no\/treningsartikler\/styrke\/ovelser-med-vektvest-hjemme\/#breadcrumb","itemListElement":[{"@type":"ListItem","position":1,"name":"Hem","item":"https:\/\/abilica.com\/no\/"},{"@type":"ListItem","position":2,"name":"Treningsartikler","item":"https:\/\/abilica.com\/no\/treningsartikler\/"},{"@type":"ListItem","position":3,"name":"Treningstips innenfor styrke","item":"https:\/\/abilica.com\/no\/treningsartikler\/styrke\/"},{"@type":"ListItem","position":4,"name":"\u00d8velser med vektvest"}]},{"@type":"WebSite","@id":"https:\/\/abilica.com\/#website","url":"https:\/\/abilica.com\/","name":"Abilica","description":"Abilica Home Training","potentialAction":[{"@type":"SearchAction","target":{"@type":"EntryPoint","urlTemplate":"https:\/\/abilica.com\/?s={search_term_string}"},"query-input":{"@type":"PropertyValueSpecification","valueRequired":true,"valueName":"search_term_string"}}],"inLanguage":"nb-NO"}]}},"_links":{"self":[{"href":"https:\/\/abilica.com\/no\/wp-json\/wp\/v2\/pages\/65657","targetHints":{"allow":["GET"]}}],"collection":[{"href":"https:\/\/abilica.com\/no\/wp-json\/wp\/v2\/pages"}],"about":[{"href":"https:\/\/abilica.com\/no\/wp-json\/wp\/v2\/types\/page"}],"author":[{"embeddable":true,"href":"https:\/\/abilica.com\/no\/wp-json\/wp\/v2\/users\/13"}],"replies":[{"embeddable":true,"href":"https:\/\/abilica.com\/no\/wp-json\/wp\/v2\/comments?post=65657"}],"version-history":[{"count":8,"href":"https:\/\/abilica.com\/no\/wp-json\/wp\/v2\/pages\/65657\/revisions"}],"predecessor-version":[{"id":66388,"href":"https:\/\/abilica.com\/no\/wp-json\/wp\/v2\/pages\/65657\/revisions\/66388"}],"up":[{"embeddable":true,"href":"https:\/\/abilica.com\/no\/wp-json\/wp\/v2\/pages\/32142"}],"wp:attachment":[{"href":"https:\/\/abilica.com\/no\/wp-json\/wp\/v2\/media?parent=65657"}],"curies":[{"name":"wp","href":"https:\/\/api.w.org\/{rel}","templated":true}]}}