{"id":62760,"date":"2023-10-24T11:31:23","date_gmt":"2023-10-24T10:31:23","guid":{"rendered":"https:\/\/abilica.com\/uncategorized\/abilica-wriststrap\/"},"modified":"2023-12-11T12:33:48","modified_gmt":"2023-12-11T11:33:48","slug":"abilica-wriststrap","status":"publish","type":"product","link":"https:\/\/abilica.com\/no\/restitusjon-og-skadeforebyggende\/abilica-wriststrap\/","title":{"rendered":"Abilica WristStrap"},"content":{"rendered":"<p>Abilica WristStrap h\u00e5ndleddsst\u00f8tte i elastisk materiale. Gir god st\u00f8tte ved styrketrening. Sitter du mye foran PC\u00e8n? Disse er ogs\u00e5 godt egnet til \u00e5 forebygge \u201dmusesyke\u201d. Kan ogs\u00e5 brukes som svetteb\u00e5nd. Sitter du mye foran PC\u00e8n? Disse er ogs\u00e5 godt egnet til \u00e5 forebygge \u201dmusesyke\u201d. Kan ogs\u00e5 brukes som svetteb\u00e5nd.<\/p>\n","protected":false},"excerpt":{"rendered":"<p>Abilica WristStrap h\u00e5ndleddsst\u00f8tte i elastisk materiale. Gir god st\u00f8tte ved styrketrening. Sitter du mye foran&#8230;<\/p>\n","protected":false},"featured_media":61724,"template":"","meta":{"_acf_changed":false},"product_brand":[],"product_cat":[432,425],"product_tag":[521,520],"class_list":{"0":"post-62760","1":"product","2":"type-product","3":"status-publish","4":"has-post-thumbnail","6":"product_cat-restitusjon-og-skadeforebyggende","7":"product_cat-skiver-og-stenger","8":"product_tag-restitusjon-og-skadeforebygging","9":"product_tag-styrketrening","11":"first","12":"instock","13":"product-type-simple"},"acf":[],"yoast_head":"<!-- This site is optimized with the Yoast SEO Premium plugin v21.1 (Yoast SEO v25.4) - https:\/\/yoast.com\/wordpress\/plugins\/seo\/ -->\n<title>Abilica WristStrap Abilica<\/title>\n<meta name=\"robots\" content=\"index, follow, max-snippet:-1, max-image-preview:large, max-video-preview:-1\" \/>\n<link rel=\"canonical\" href=\"https:\/\/abilica.com\/no\/restitusjon-og-skadeforebyggende\/abilica-wriststrap\/\" \/>\n<meta property=\"og:locale\" content=\"nb_NO\" \/>\n<meta property=\"og:type\" content=\"article\" \/>\n<meta property=\"og:title\" content=\"Abilica WristStrap\" \/>\n<meta property=\"og:description\" content=\"Abilica WristStrap h\u00e5ndleddsst\u00f8tte i elastisk materiale. Gir god st\u00f8tte ved styrketrening. Sitter du mye foran...\" \/>\n<meta property=\"og:url\" content=\"https:\/\/abilica.com\/no\/restitusjon-og-skadeforebyggende\/abilica-wriststrap\/\" \/>\n<meta property=\"og:site_name\" content=\"Abilica\" \/>\n<meta property=\"article:publisher\" content=\"https:\/\/www.facebook.com\/abilicahometraining\/\" \/>\n<meta property=\"article:modified_time\" content=\"2023-12-11T11:33:48+00:00\" \/>\n<meta property=\"og:image\" content=\"https:\/\/abilica.com\/wp-content\/uploads\/2023\/10\/555386.jpg\" \/>\n\t<meta property=\"og:image:width\" content=\"1200\" \/>\n\t<meta property=\"og:image:height\" content=\"1200\" \/>\n\t<meta property=\"og:image:type\" content=\"image\/jpeg\" \/>\n<meta name=\"twitter:card\" content=\"summary_large_image\" \/>\n<script type=\"application\/ld+json\" class=\"yoast-schema-graph\">{\"@context\":\"https:\/\/schema.org\",\"@graph\":[{\"@type\":\"WebPage\",\"@id\":\"https:\/\/abilica.com\/no\/restitusjon-og-skadeforebyggende\/abilica-wriststrap\/\",\"url\":\"https:\/\/abilica.com\/no\/restitusjon-og-skadeforebyggende\/abilica-wriststrap\/\",\"name\":\"Abilica WristStrap Abilica\",\"isPartOf\":{\"@id\":\"https:\/\/abilica.com\/#website\"},\"primaryImageOfPage\":{\"@id\":\"https:\/\/abilica.com\/no\/restitusjon-og-skadeforebyggende\/abilica-wriststrap\/#primaryimage\"},\"image\":{\"@id\":\"https:\/\/abilica.com\/no\/restitusjon-og-skadeforebyggende\/abilica-wriststrap\/#primaryimage\"},\"thumbnailUrl\":\"https:\/\/abilica.com\/wp-content\/uploads\/2023\/10\/555386.jpg\",\"datePublished\":\"2023-10-24T10:31:23+00:00\",\"dateModified\":\"2023-12-11T11:33:48+00:00\",\"breadcrumb\":{\"@id\":\"https:\/\/abilica.com\/no\/restitusjon-og-skadeforebyggende\/abilica-wriststrap\/#breadcrumb\"},\"inLanguage\":\"nb-NO\",\"potentialAction\":[{\"@type\":\"ReadAction\",\"target\":[\"https:\/\/abilica.com\/no\/restitusjon-og-skadeforebyggende\/abilica-wriststrap\/\"]}]},{\"@type\":\"ImageObject\",\"inLanguage\":\"nb-NO\",\"@id\":\"https:\/\/abilica.com\/no\/restitusjon-og-skadeforebyggende\/abilica-wriststrap\/#primaryimage\",\"url\":\"https:\/\/abilica.com\/wp-content\/uploads\/2023\/10\/555386.jpg\",\"contentUrl\":\"https:\/\/abilica.com\/wp-content\/uploads\/2023\/10\/555386.jpg\",\"width\":1200,\"height\":1200},{\"@type\":\"BreadcrumbList\",\"@id\":\"https:\/\/abilica.com\/no\/restitusjon-og-skadeforebyggende\/abilica-wriststrap\/#breadcrumb\",\"itemListElement\":[{\"@type\":\"ListItem\",\"position\":1,\"name\":\"Hem\",\"item\":\"https:\/\/abilica.com\/no\/\"},{\"@type\":\"ListItem\",\"position\":2,\"name\":\"Produkter\",\"item\":\"https:\/\/abilica.com\/no\/shop-2\/\"},{\"@type\":\"ListItem\",\"position\":3,\"name\":\"Abilica WristStrap\"}]},{\"@type\":\"WebSite\",\"@id\":\"https:\/\/abilica.com\/#website\",\"url\":\"https:\/\/abilica.com\/\",\"name\":\"Abilica\",\"description\":\"Abilica Home Training\",\"potentialAction\":[{\"@type\":\"SearchAction\",\"target\":{\"@type\":\"EntryPoint\",\"urlTemplate\":\"https:\/\/abilica.com\/?s={search_term_string}\"},\"query-input\":{\"@type\":\"PropertyValueSpecification\",\"valueRequired\":true,\"valueName\":\"search_term_string\"}}],\"inLanguage\":\"nb-NO\"}]}<\/script>\n<!-- \/ Yoast SEO Premium plugin. -->","yoast_head_json":{"title":"Abilica WristStrap Abilica","robots":{"index":"index","follow":"follow","max-snippet":"max-snippet:-1","max-image-preview":"max-image-preview:large","max-video-preview":"max-video-preview:-1"},"canonical":"https:\/\/abilica.com\/no\/restitusjon-og-skadeforebyggende\/abilica-wriststrap\/","og_locale":"nb_NO","og_type":"article","og_title":"Abilica WristStrap","og_description":"Abilica WristStrap h\u00e5ndleddsst\u00f8tte i elastisk materiale. Gir god st\u00f8tte ved styrketrening. Sitter du mye foran...","og_url":"https:\/\/abilica.com\/no\/restitusjon-og-skadeforebyggende\/abilica-wriststrap\/","og_site_name":"Abilica","article_publisher":"https:\/\/www.facebook.com\/abilicahometraining\/","article_modified_time":"2023-12-11T11:33:48+00:00","og_image":[{"width":1200,"height":1200,"url":"https:\/\/abilica.com\/wp-content\/uploads\/2023\/10\/555386.jpg","type":"image\/jpeg"}],"twitter_card":"summary_large_image","schema":{"@context":"https:\/\/schema.org","@graph":[{"@type":"WebPage","@id":"https:\/\/abilica.com\/no\/restitusjon-og-skadeforebyggende\/abilica-wriststrap\/","url":"https:\/\/abilica.com\/no\/restitusjon-og-skadeforebyggende\/abilica-wriststrap\/","name":"Abilica WristStrap Abilica","isPartOf":{"@id":"https:\/\/abilica.com\/#website"},"primaryImageOfPage":{"@id":"https:\/\/abilica.com\/no\/restitusjon-og-skadeforebyggende\/abilica-wriststrap\/#primaryimage"},"image":{"@id":"https:\/\/abilica.com\/no\/restitusjon-og-skadeforebyggende\/abilica-wriststrap\/#primaryimage"},"thumbnailUrl":"https:\/\/abilica.com\/wp-content\/uploads\/2023\/10\/555386.jpg","datePublished":"2023-10-24T10:31:23+00:00","dateModified":"2023-12-11T11:33:48+00:00","breadcrumb":{"@id":"https:\/\/abilica.com\/no\/restitusjon-og-skadeforebyggende\/abilica-wriststrap\/#breadcrumb"},"inLanguage":"nb-NO","potentialAction":[{"@type":"ReadAction","target":["https:\/\/abilica.com\/no\/restitusjon-og-skadeforebyggende\/abilica-wriststrap\/"]}]},{"@type":"ImageObject","inLanguage":"nb-NO","@id":"https:\/\/abilica.com\/no\/restitusjon-og-skadeforebyggende\/abilica-wriststrap\/#primaryimage","url":"https:\/\/abilica.com\/wp-content\/uploads\/2023\/10\/555386.jpg","contentUrl":"https:\/\/abilica.com\/wp-content\/uploads\/2023\/10\/555386.jpg","width":1200,"height":1200},{"@type":"BreadcrumbList","@id":"https:\/\/abilica.com\/no\/restitusjon-og-skadeforebyggende\/abilica-wriststrap\/#breadcrumb","itemListElement":[{"@type":"ListItem","position":1,"name":"Hem","item":"https:\/\/abilica.com\/no\/"},{"@type":"ListItem","position":2,"name":"Produkter","item":"https:\/\/abilica.com\/no\/shop-2\/"},{"@type":"ListItem","position":3,"name":"Abilica WristStrap"}]},{"@type":"WebSite","@id":"https:\/\/abilica.com\/#website","url":"https:\/\/abilica.com\/","name":"Abilica","description":"Abilica Home Training","potentialAction":[{"@type":"SearchAction","target":{"@type":"EntryPoint","urlTemplate":"https:\/\/abilica.com\/?s={search_term_string}"},"query-input":{"@type":"PropertyValueSpecification","valueRequired":true,"valueName":"search_term_string"}}],"inLanguage":"nb-NO"}]}},"_links":{"self":[{"href":"https:\/\/abilica.com\/no\/wp-json\/wp\/v2\/product\/62760","targetHints":{"allow":["GET"]}}],"collection":[{"href":"https:\/\/abilica.com\/no\/wp-json\/wp\/v2\/product"}],"about":[{"href":"https:\/\/abilica.com\/no\/wp-json\/wp\/v2\/types\/product"}],"wp:featuredmedia":[{"embeddable":true,"href":"https:\/\/abilica.com\/no\/wp-json\/wp\/v2\/media\/61724"}],"wp:attachment":[{"href":"https:\/\/abilica.com\/no\/wp-json\/wp\/v2\/media?parent=62760"}],"wp:term":[{"taxonomy":"product_brand","embeddable":true,"href":"https:\/\/abilica.com\/no\/wp-json\/wp\/v2\/product_brand?post=62760"},{"taxonomy":"product_cat","embeddable":true,"href":"https:\/\/abilica.com\/no\/wp-json\/wp\/v2\/product_cat?post=62760"},{"taxonomy":"product_tag","embeddable":true,"href":"https:\/\/abilica.com\/no\/wp-json\/wp\/v2\/product_tag?post=62760"}],"curies":[{"name":"wp","href":"https:\/\/api.w.org\/{rel}","templated":true}]}}