{"id":62826,"date":"2023-10-24T11:31:35","date_gmt":"2023-10-24T10:31:35","guid":{"rendered":"https:\/\/abilica.com\/uncategorized\/abilica-gymrings\/"},"modified":"2024-09-30T12:06:31","modified_gmt":"2024-09-30T11:06:31","slug":"abilica-gymrings","status":"publish","type":"product","link":"https:\/\/abilica.com\/no\/styrke\/gymringer\/abilica-gymrings\/","title":{"rendered":"Abilica GymRings"},"content":{"rendered":"<div class=\"wpb-content-wrapper\"><p>[vc_row][vc_column][vc_column_text]Abilica GymRings er en del av konseptet Abilica Active. Turnringene tar det morsomste fra gymtimene p\u00e5 skolen og plasserer det rett inn i hjemmet ditt! Eller s\u00e5 kan du ta med de utend\u00f8rs og feste de opp i ett tre? Du kan henge i ringene med armene, snurre rundt, sette f\u00f8ttene i og huske, dra deg opp i, og mye, mye mer. Her f\u00e5r du aktivert hele kroppen, gjennom koordinasjon, kroppskontroll \u2013 bevisst eller ubevisst. Du kan ogs\u00e5 bruke den likt som en slynge for andre type \u00f8velser, la fantasien styre aktiviteten. Her kan to barn aktiveres samtidig og tauets lengde justeres ut ifra aktivitet og kroppsh\u00f8yde. Foreldre kan ogs\u00e5 bli med p\u00e5 leken eller gj\u00f8re trenings\u00f8velser sammen. Ikke egnet for barn under 3 \u00e5r.<\/p>\n<p><b>TEKNISK INFO<\/b><\/p>\n<p><b>St\u00f8rrelse<br \/>\n<\/b>1.2 cm diameter tau<br \/>\n14 cm innvendige m\u00e5l ringer<br \/>\n19.6 cm utvendige m\u00e5l p\u00e5 ringer<\/p>\n<p><b>Materiale<br \/>\n<\/b>PE (tau), PP (ringer) og st\u00e5lringer.<\/p>\n<p><b>Maks brukervekt<br \/>\n<\/b>135 kg<\/p>\n<p><img loading=\"lazy\" decoding=\"async\" class=\"alignnone wp-image-33246\" src=\"https:\/\/abilica.com\/no\/wp-content\/uploads\/2020\/05\/indoor-outdoor-use-300x236.png\" alt=\"\" width=\"100\" height=\"79\" \/><\/p>\n<p><i>Abilica Active is a series of playful products designed for families to stay active and healthy in everyday life.\u00a0<\/i><i>Spend time with your family, stay active, healthy and playful together.\u00a0<\/i><i>Our products inspire to physical activity through play in your own home and bring families together.\u00a0<\/i><i>Training equipment made for children and approved for the European market.<\/i><\/p>\n<p><i>Contains <\/i><b><i>NO <\/i><\/b><i>poisonous materials.<\/i>[\/vc_column_text][vc_column_text el_class=&raquo;product-video&raquo;]<\/p>\n<div style=\"width: 640px;\" class=\"wp-video\"><!--[if lt IE 9]><script>document.createElement('video');<\/script><![endif]-->\n<video class=\"wp-video-shortcode\" id=\"video-62826-1\" width=\"640\" height=\"360\" poster=\"https:\/\/abilica.com\/no\/wp-content\/uploads\/2020\/05\/885100_image7.jpg\" preload=\"metadata\" controls=\"controls\"><source type=\"video\/mp4\" src=\"https:\/\/abilica.com\/no\/wp-content\/uploads\/2019\/08\/Abilica-GymRings.mp4?_=1\" \/><a href=\"https:\/\/abilica.com\/no\/wp-content\/uploads\/2019\/08\/Abilica-GymRings.mp4\">https:\/\/abilica.com\/no\/wp-content\/uploads\/2019\/08\/Abilica-GymRings.mp4<\/a><\/video><\/div>\n<p>[\/vc_column_text][vc_column_text]We are proud to be a part of Generation Pep &#8211; helping kids and youth in Sweden to live and desire an active and healthy life.<\/p>\n<p><b><img loading=\"lazy\" decoding=\"async\" class=\"alignnone wp-image-33247\" src=\"https:\/\/abilica.com\/no\/wp-content\/uploads\/2019\/06\/Untitled-1-2.png\" alt=\"\" width=\"75\" height=\"75\" \/><\/b>[\/vc_column_text][vc_btn title=&raquo;Treningstips&raquo; style=&raquo;flat&raquo; color=&raquo;black&raquo; i_icon_fontawesome=&raquo;fas fa-align-left&raquo; add_icon=&raquo;true&raquo; link=&raquo;url:https%3A%2F%2Fabilica.com%2Fno%2Ftreningsartikler%2Fstyrke%2Ftren-styrke-med-gymringer%2F&raquo;][\/vc_column][\/vc_row]<\/p>\n<\/div>","protected":false},"excerpt":{"rendered":"<p>[vc_row][vc_column][vc_column_text]Abilica GymRings er en del av konseptet Abilica Active. Turnringene tar det morsomste fra gymtimene&#8230;<\/p>\n","protected":false},"featured_media":61768,"template":"","meta":{"_acf_changed":false},"product_brand":[],"product_cat":[459,422],"product_tag":[174,520,179],"class_list":{"0":"post-62826","1":"product","2":"type-product","3":"status-publish","4":"has-post-thumbnail","6":"product_cat-gymringer","7":"product_cat-styrke","8":"product_tag-active","9":"product_tag-styrketrening","10":"product_tag-summer-workout","12":"first","13":"instock","14":"product-type-simple"},"acf":[],"yoast_head":"<!-- This site is optimized with the Yoast SEO Premium plugin v21.1 (Yoast SEO v25.4) - https:\/\/yoast.com\/wordpress\/plugins\/seo\/ -->\n<title>Abilica GymRings Abilica<\/title>\n<meta name=\"robots\" content=\"index, follow, max-snippet:-1, max-image-preview:large, max-video-preview:-1\" \/>\n<link rel=\"canonical\" href=\"https:\/\/abilica.com\/no\/styrke\/gymringer\/abilica-gymrings\/\" \/>\n<meta property=\"og:locale\" content=\"nb_NO\" \/>\n<meta property=\"og:type\" content=\"article\" \/>\n<meta property=\"og:title\" content=\"Abilica GymRings\" \/>\n<meta property=\"og:description\" content=\"[vc_row][vc_column][vc_column_text]Abilica GymRings er en del av konseptet Abilica Active. Turnringene tar det morsomste fra gymtimene...\" \/>\n<meta property=\"og:url\" content=\"https:\/\/abilica.com\/no\/styrke\/gymringer\/abilica-gymrings\/\" \/>\n<meta property=\"og:site_name\" content=\"Abilica\" \/>\n<meta property=\"article:publisher\" content=\"https:\/\/www.facebook.com\/abilicahometraining\/\" \/>\n<meta property=\"article:modified_time\" content=\"2024-09-30T11:06:31+00:00\" \/>\n<meta property=\"og:image\" content=\"https:\/\/abilica.com\/wp-content\/uploads\/2023\/10\/885100.jpg\" \/>\n\t<meta property=\"og:image:width\" content=\"1200\" \/>\n\t<meta property=\"og:image:height\" content=\"1200\" \/>\n\t<meta property=\"og:image:type\" content=\"image\/jpeg\" \/>\n<meta name=\"twitter:card\" content=\"summary_large_image\" \/>\n<meta name=\"twitter:label1\" content=\"Ansl. lesetid\" \/>\n\t<meta name=\"twitter:data1\" content=\"2 minutter\" \/>\n<script type=\"application\/ld+json\" class=\"yoast-schema-graph\">{\"@context\":\"https:\/\/schema.org\",\"@graph\":[{\"@type\":\"WebPage\",\"@id\":\"https:\/\/abilica.com\/no\/styrke\/gymringer\/abilica-gymrings\/\",\"url\":\"https:\/\/abilica.com\/no\/styrke\/gymringer\/abilica-gymrings\/\",\"name\":\"Abilica GymRings Abilica\",\"isPartOf\":{\"@id\":\"https:\/\/abilica.com\/#website\"},\"primaryImageOfPage\":{\"@id\":\"https:\/\/abilica.com\/no\/styrke\/gymringer\/abilica-gymrings\/#primaryimage\"},\"image\":{\"@id\":\"https:\/\/abilica.com\/no\/styrke\/gymringer\/abilica-gymrings\/#primaryimage\"},\"thumbnailUrl\":\"https:\/\/abilica.com\/wp-content\/uploads\/2023\/10\/885100.jpg\",\"datePublished\":\"2023-10-24T10:31:35+00:00\",\"dateModified\":\"2024-09-30T11:06:31+00:00\",\"breadcrumb\":{\"@id\":\"https:\/\/abilica.com\/no\/styrke\/gymringer\/abilica-gymrings\/#breadcrumb\"},\"inLanguage\":\"nb-NO\",\"potentialAction\":[{\"@type\":\"ReadAction\",\"target\":[\"https:\/\/abilica.com\/no\/styrke\/gymringer\/abilica-gymrings\/\"]}]},{\"@type\":\"ImageObject\",\"inLanguage\":\"nb-NO\",\"@id\":\"https:\/\/abilica.com\/no\/styrke\/gymringer\/abilica-gymrings\/#primaryimage\",\"url\":\"https:\/\/abilica.com\/wp-content\/uploads\/2023\/10\/885100.jpg\",\"contentUrl\":\"https:\/\/abilica.com\/wp-content\/uploads\/2023\/10\/885100.jpg\",\"width\":1200,\"height\":1200},{\"@type\":\"BreadcrumbList\",\"@id\":\"https:\/\/abilica.com\/no\/styrke\/gymringer\/abilica-gymrings\/#breadcrumb\",\"itemListElement\":[{\"@type\":\"ListItem\",\"position\":1,\"name\":\"Hem\",\"item\":\"https:\/\/abilica.com\/no\/\"},{\"@type\":\"ListItem\",\"position\":2,\"name\":\"Produkter\",\"item\":\"https:\/\/abilica.com\/no\/shop-2\/\"},{\"@type\":\"ListItem\",\"position\":3,\"name\":\"Abilica GymRings\"}]},{\"@type\":\"WebSite\",\"@id\":\"https:\/\/abilica.com\/#website\",\"url\":\"https:\/\/abilica.com\/\",\"name\":\"Abilica\",\"description\":\"Abilica Home Training\",\"potentialAction\":[{\"@type\":\"SearchAction\",\"target\":{\"@type\":\"EntryPoint\",\"urlTemplate\":\"https:\/\/abilica.com\/?s={search_term_string}\"},\"query-input\":{\"@type\":\"PropertyValueSpecification\",\"valueRequired\":true,\"valueName\":\"search_term_string\"}}],\"inLanguage\":\"nb-NO\"}]}<\/script>\n<!-- \/ Yoast SEO Premium plugin. -->","yoast_head_json":{"title":"Abilica GymRings Abilica","robots":{"index":"index","follow":"follow","max-snippet":"max-snippet:-1","max-image-preview":"max-image-preview:large","max-video-preview":"max-video-preview:-1"},"canonical":"https:\/\/abilica.com\/no\/styrke\/gymringer\/abilica-gymrings\/","og_locale":"nb_NO","og_type":"article","og_title":"Abilica GymRings","og_description":"[vc_row][vc_column][vc_column_text]Abilica GymRings er en del av konseptet Abilica Active. Turnringene tar det morsomste fra gymtimene...","og_url":"https:\/\/abilica.com\/no\/styrke\/gymringer\/abilica-gymrings\/","og_site_name":"Abilica","article_publisher":"https:\/\/www.facebook.com\/abilicahometraining\/","article_modified_time":"2024-09-30T11:06:31+00:00","og_image":[{"width":1200,"height":1200,"url":"https:\/\/abilica.com\/wp-content\/uploads\/2023\/10\/885100.jpg","type":"image\/jpeg"}],"twitter_card":"summary_large_image","twitter_misc":{"Ansl. lesetid":"2 minutter"},"schema":{"@context":"https:\/\/schema.org","@graph":[{"@type":"WebPage","@id":"https:\/\/abilica.com\/no\/styrke\/gymringer\/abilica-gymrings\/","url":"https:\/\/abilica.com\/no\/styrke\/gymringer\/abilica-gymrings\/","name":"Abilica GymRings Abilica","isPartOf":{"@id":"https:\/\/abilica.com\/#website"},"primaryImageOfPage":{"@id":"https:\/\/abilica.com\/no\/styrke\/gymringer\/abilica-gymrings\/#primaryimage"},"image":{"@id":"https:\/\/abilica.com\/no\/styrke\/gymringer\/abilica-gymrings\/#primaryimage"},"thumbnailUrl":"https:\/\/abilica.com\/wp-content\/uploads\/2023\/10\/885100.jpg","datePublished":"2023-10-24T10:31:35+00:00","dateModified":"2024-09-30T11:06:31+00:00","breadcrumb":{"@id":"https:\/\/abilica.com\/no\/styrke\/gymringer\/abilica-gymrings\/#breadcrumb"},"inLanguage":"nb-NO","potentialAction":[{"@type":"ReadAction","target":["https:\/\/abilica.com\/no\/styrke\/gymringer\/abilica-gymrings\/"]}]},{"@type":"ImageObject","inLanguage":"nb-NO","@id":"https:\/\/abilica.com\/no\/styrke\/gymringer\/abilica-gymrings\/#primaryimage","url":"https:\/\/abilica.com\/wp-content\/uploads\/2023\/10\/885100.jpg","contentUrl":"https:\/\/abilica.com\/wp-content\/uploads\/2023\/10\/885100.jpg","width":1200,"height":1200},{"@type":"BreadcrumbList","@id":"https:\/\/abilica.com\/no\/styrke\/gymringer\/abilica-gymrings\/#breadcrumb","itemListElement":[{"@type":"ListItem","position":1,"name":"Hem","item":"https:\/\/abilica.com\/no\/"},{"@type":"ListItem","position":2,"name":"Produkter","item":"https:\/\/abilica.com\/no\/shop-2\/"},{"@type":"ListItem","position":3,"name":"Abilica GymRings"}]},{"@type":"WebSite","@id":"https:\/\/abilica.com\/#website","url":"https:\/\/abilica.com\/","name":"Abilica","description":"Abilica Home Training","potentialAction":[{"@type":"SearchAction","target":{"@type":"EntryPoint","urlTemplate":"https:\/\/abilica.com\/?s={search_term_string}"},"query-input":{"@type":"PropertyValueSpecification","valueRequired":true,"valueName":"search_term_string"}}],"inLanguage":"nb-NO"}]}},"_links":{"self":[{"href":"https:\/\/abilica.com\/no\/wp-json\/wp\/v2\/product\/62826","targetHints":{"allow":["GET"]}}],"collection":[{"href":"https:\/\/abilica.com\/no\/wp-json\/wp\/v2\/product"}],"about":[{"href":"https:\/\/abilica.com\/no\/wp-json\/wp\/v2\/types\/product"}],"wp:featuredmedia":[{"embeddable":true,"href":"https:\/\/abilica.com\/no\/wp-json\/wp\/v2\/media\/61768"}],"wp:attachment":[{"href":"https:\/\/abilica.com\/no\/wp-json\/wp\/v2\/media?parent=62826"}],"wp:term":[{"taxonomy":"product_brand","embeddable":true,"href":"https:\/\/abilica.com\/no\/wp-json\/wp\/v2\/product_brand?post=62826"},{"taxonomy":"product_cat","embeddable":true,"href":"https:\/\/abilica.com\/no\/wp-json\/wp\/v2\/product_cat?post=62826"},{"taxonomy":"product_tag","embeddable":true,"href":"https:\/\/abilica.com\/no\/wp-json\/wp\/v2\/product_tag?post=62826"}],"curies":[{"name":"wp","href":"https:\/\/api.w.org\/{rel}","templated":true}]}}