{"id":62874,"date":"2023-10-24T11:31:48","date_gmt":"2023-10-24T10:31:48","guid":{"rendered":"https:\/\/abilica.com\/uncategorized\/abilica-jumprope-eco\/"},"modified":"2023-11-29T10:21:21","modified_gmt":"2023-11-29T09:21:21","slug":"abilica-jumprope-eco","status":"publish","type":"product","link":"https:\/\/abilica.com\/no\/kondisjon\/hoppetau\/abilica-jumprope-eco\/","title":{"rendered":"Abilica JumpRope ECO"},"content":{"rendered":"<div class=\"wpb-content-wrapper\"><p>[vc_row][vc_column][vc_column_text]<img loading=\"lazy\" decoding=\"async\" class=\"alignnone wp-image-38205\" src=\"https:\/\/abilica.com\/no\/wp-content\/uploads\/2021\/06\/ECO-hvit.png\" alt=\"\" width=\"91\" height=\"91\" \/><\/p>\n<p>Abilica JumpRope ECO er en del av konseptet Abilica Active. Hoppetauet har milj\u00f8vennlige h\u00e5ndtak av tre som kombinerer aktivitet med lek p\u00e5 en fantastisk m\u00e5te. Legg fokus p\u00e5 \u00e5 ha det morsomt sammen med venner, eller p\u00e5 egen h\u00e5nd ved \u00e5 klare et visst antall hopp. N\u00e5r du hopper tau forbedres samtidig beinstyrke, fart, kondisjon og koordinasjon. Pr\u00f8v \u00e5 hoppe, sveiv bakover, i kryss eller legg hoppetauet flatt ned p\u00e5 bakken \u2013 bare fantasien stopper deg. Det myke, hvite bomullstauet er snill mot leggene, og floker seg ikke opp. Hoppetau er perfekt til \u00e5 ta med for aktivitet p\u00e5 reise eller som oppvarming f\u00f8r andre aktiviteter.\u00a0Ikke egnet for barn under 3 \u00e5r.<\/p>\n<p><b>TEKNISK INFO<\/b><\/p>\n<p><b>St\u00f8rrelse<br \/>\n<\/b>Lengde 230 cm<\/p>\n<p><b>Materiale<br \/>\n<\/b>Ubleket bomull og h\u00e5ndtak av tre<\/p>\n<p><img loading=\"lazy\" decoding=\"async\" class=\"alignnone wp-image-33246\" src=\"https:\/\/abilica.com\/no\/wp-content\/uploads\/2020\/05\/indoor-outdoor-use-300x236.png\" alt=\"\" width=\"100\" height=\"79\" \/><\/p>\n<p><i>Abilica Active is a series of playful products designed for families to stay active and healthy in everyday life.\u00a0<\/i><i>Spend time with your family, stay active, healthy and playful together.\u00a0<\/i><i>Our products inspire to physical activity through play in your own home and bring families together.\u00a0<\/i><i>Training equipment made for children and approved for the European market.<\/i><\/p>\n<p><i>Contains <\/i><b><i>NO <\/i><\/b><i>poisonous materials.<\/i>[\/vc_column_text][vc_column_text el_class=&raquo;product-video&raquo;]<\/p>\n<div style=\"width: 640px;\" class=\"wp-video\"><!--[if lt IE 9]><script>document.createElement('video');<\/script><![endif]-->\n<video class=\"wp-video-shortcode\" id=\"video-62874-1\" width=\"640\" height=\"360\" poster=\"https:\/\/abilica.com\/no\/wp-content\/uploads\/2020\/05\/944602_image7.jpg\" preload=\"metadata\" controls=\"controls\"><source type=\"video\/mp4\" src=\"https:\/\/abilica.com\/no\/wp-content\/uploads\/2019\/08\/Abilica-JumpRope-Nature.mp4?_=1\" \/><a href=\"https:\/\/abilica.com\/no\/wp-content\/uploads\/2019\/08\/Abilica-JumpRope-Nature.mp4\">https:\/\/abilica.com\/no\/wp-content\/uploads\/2019\/08\/Abilica-JumpRope-Nature.mp4<\/a><\/video><\/div>\n<p>[\/vc_column_text][\/vc_column][\/vc_row][vc_row][vc_column][vc_column_text]<\/p>\n<p>[\/vc_column_text][\/vc_column][\/vc_row][vc_row][vc_column][vc_column_text]We are proud to be a part of Generation Pep &#8211; helping kids and youth in Sweden to live and desire an active and healthy life.<\/p>\n<p><b><img loading=\"lazy\" decoding=\"async\" class=\"alignnone wp-image-33247\" src=\"https:\/\/abilica.com\/no\/wp-content\/uploads\/2019\/06\/Untitled-1-2.png\" alt=\"\" width=\"75\" height=\"75\" \/><\/b>[\/vc_column_text][\/vc_column][\/vc_row][vc_row][vc_column][vc_btn title=&raquo;Treningstips&raquo; style=&raquo;flat&raquo; color=&raquo;black&raquo; i_icon_fontawesome=&raquo;fa fa-align-left&raquo; add_icon=&raquo;true&raquo; link=&raquo;url:https%3A%2F%2Fabilica.com%2Fno%2Ftreningsartikler%2Fkondisjon%2Fhjemmetrening-med-hoppetau%2F|||&raquo;][\/vc_column][\/vc_row]<\/p>\n<\/div>","protected":false},"excerpt":{"rendered":"<p>[vc_row][vc_column][vc_column_text] Abilica JumpRope ECO er en del av konseptet Abilica Active. Hoppetauet har milj\u00f8vennlige h\u00e5ndtak&#8230;<\/p>\n","protected":false},"featured_media":61800,"template":"","meta":{"_acf_changed":false},"product_brand":[],"product_cat":[427,426],"product_tag":[174,550,523,177,179],"class_list":{"0":"post-62874","1":"product","2":"type-product","3":"status-publish","4":"has-post-thumbnail","6":"product_cat-hoppetau","7":"product_cat-kondisjon","8":"product_tag-active","9":"product_tag-eco-friendly-no","10":"product_tag-kondisjon","11":"product_tag-small-items","12":"product_tag-summer-workout","14":"first","15":"instock","16":"product-type-simple"},"acf":[],"yoast_head":"<!-- This site is optimized with the Yoast SEO Premium plugin v21.1 (Yoast SEO v25.4) - https:\/\/yoast.com\/wordpress\/plugins\/seo\/ -->\n<title>Abilica JumpRope ECO Abilica<\/title>\n<meta name=\"robots\" content=\"index, follow, max-snippet:-1, max-image-preview:large, max-video-preview:-1\" \/>\n<link rel=\"canonical\" href=\"https:\/\/abilica.com\/no\/kondisjon\/hoppetau\/abilica-jumprope-eco\/\" \/>\n<meta property=\"og:locale\" content=\"nb_NO\" \/>\n<meta property=\"og:type\" content=\"article\" \/>\n<meta property=\"og:title\" content=\"Abilica JumpRope ECO\" \/>\n<meta property=\"og:description\" content=\"[vc_row][vc_column][vc_column_text] Abilica JumpRope ECO er en del av konseptet Abilica Active. Hoppetauet har milj\u00f8vennlige h\u00e5ndtak...\" \/>\n<meta property=\"og:url\" content=\"https:\/\/abilica.com\/no\/kondisjon\/hoppetau\/abilica-jumprope-eco\/\" \/>\n<meta property=\"og:site_name\" content=\"Abilica\" \/>\n<meta property=\"article:publisher\" content=\"https:\/\/www.facebook.com\/abilicahometraining\/\" \/>\n<meta property=\"article:modified_time\" content=\"2023-11-29T09:21:21+00:00\" \/>\n<meta property=\"og:image\" content=\"https:\/\/abilica.com\/wp-content\/uploads\/2023\/10\/944602-1.jpg\" \/>\n\t<meta property=\"og:image:width\" content=\"1200\" \/>\n\t<meta property=\"og:image:height\" content=\"1200\" \/>\n\t<meta property=\"og:image:type\" content=\"image\/jpeg\" \/>\n<meta name=\"twitter:card\" content=\"summary_large_image\" \/>\n<meta name=\"twitter:label1\" content=\"Ansl. lesetid\" \/>\n\t<meta name=\"twitter:data1\" content=\"2 minutter\" \/>\n<script type=\"application\/ld+json\" class=\"yoast-schema-graph\">{\"@context\":\"https:\/\/schema.org\",\"@graph\":[{\"@type\":\"WebPage\",\"@id\":\"https:\/\/abilica.com\/no\/kondisjon\/hoppetau\/abilica-jumprope-eco\/\",\"url\":\"https:\/\/abilica.com\/no\/kondisjon\/hoppetau\/abilica-jumprope-eco\/\",\"name\":\"Abilica JumpRope ECO Abilica\",\"isPartOf\":{\"@id\":\"https:\/\/abilica.com\/#website\"},\"primaryImageOfPage\":{\"@id\":\"https:\/\/abilica.com\/no\/kondisjon\/hoppetau\/abilica-jumprope-eco\/#primaryimage\"},\"image\":{\"@id\":\"https:\/\/abilica.com\/no\/kondisjon\/hoppetau\/abilica-jumprope-eco\/#primaryimage\"},\"thumbnailUrl\":\"https:\/\/abilica.com\/wp-content\/uploads\/2023\/10\/944602-1.jpg\",\"datePublished\":\"2023-10-24T10:31:48+00:00\",\"dateModified\":\"2023-11-29T09:21:21+00:00\",\"breadcrumb\":{\"@id\":\"https:\/\/abilica.com\/no\/kondisjon\/hoppetau\/abilica-jumprope-eco\/#breadcrumb\"},\"inLanguage\":\"nb-NO\",\"potentialAction\":[{\"@type\":\"ReadAction\",\"target\":[\"https:\/\/abilica.com\/no\/kondisjon\/hoppetau\/abilica-jumprope-eco\/\"]}]},{\"@type\":\"ImageObject\",\"inLanguage\":\"nb-NO\",\"@id\":\"https:\/\/abilica.com\/no\/kondisjon\/hoppetau\/abilica-jumprope-eco\/#primaryimage\",\"url\":\"https:\/\/abilica.com\/wp-content\/uploads\/2023\/10\/944602-1.jpg\",\"contentUrl\":\"https:\/\/abilica.com\/wp-content\/uploads\/2023\/10\/944602-1.jpg\",\"width\":1200,\"height\":1200},{\"@type\":\"BreadcrumbList\",\"@id\":\"https:\/\/abilica.com\/no\/kondisjon\/hoppetau\/abilica-jumprope-eco\/#breadcrumb\",\"itemListElement\":[{\"@type\":\"ListItem\",\"position\":1,\"name\":\"Hem\",\"item\":\"https:\/\/abilica.com\/no\/\"},{\"@type\":\"ListItem\",\"position\":2,\"name\":\"Produkter\",\"item\":\"https:\/\/abilica.com\/no\/shop-2\/\"},{\"@type\":\"ListItem\",\"position\":3,\"name\":\"Abilica JumpRope ECO\"}]},{\"@type\":\"WebSite\",\"@id\":\"https:\/\/abilica.com\/#website\",\"url\":\"https:\/\/abilica.com\/\",\"name\":\"Abilica\",\"description\":\"Abilica Home Training\",\"potentialAction\":[{\"@type\":\"SearchAction\",\"target\":{\"@type\":\"EntryPoint\",\"urlTemplate\":\"https:\/\/abilica.com\/?s={search_term_string}\"},\"query-input\":{\"@type\":\"PropertyValueSpecification\",\"valueRequired\":true,\"valueName\":\"search_term_string\"}}],\"inLanguage\":\"nb-NO\"}]}<\/script>\n<!-- \/ Yoast SEO Premium plugin. -->","yoast_head_json":{"title":"Abilica JumpRope ECO Abilica","robots":{"index":"index","follow":"follow","max-snippet":"max-snippet:-1","max-image-preview":"max-image-preview:large","max-video-preview":"max-video-preview:-1"},"canonical":"https:\/\/abilica.com\/no\/kondisjon\/hoppetau\/abilica-jumprope-eco\/","og_locale":"nb_NO","og_type":"article","og_title":"Abilica JumpRope ECO","og_description":"[vc_row][vc_column][vc_column_text] Abilica JumpRope ECO er en del av konseptet Abilica Active. Hoppetauet har milj\u00f8vennlige h\u00e5ndtak...","og_url":"https:\/\/abilica.com\/no\/kondisjon\/hoppetau\/abilica-jumprope-eco\/","og_site_name":"Abilica","article_publisher":"https:\/\/www.facebook.com\/abilicahometraining\/","article_modified_time":"2023-11-29T09:21:21+00:00","og_image":[{"width":1200,"height":1200,"url":"https:\/\/abilica.com\/wp-content\/uploads\/2023\/10\/944602-1.jpg","type":"image\/jpeg"}],"twitter_card":"summary_large_image","twitter_misc":{"Ansl. lesetid":"2 minutter"},"schema":{"@context":"https:\/\/schema.org","@graph":[{"@type":"WebPage","@id":"https:\/\/abilica.com\/no\/kondisjon\/hoppetau\/abilica-jumprope-eco\/","url":"https:\/\/abilica.com\/no\/kondisjon\/hoppetau\/abilica-jumprope-eco\/","name":"Abilica JumpRope ECO Abilica","isPartOf":{"@id":"https:\/\/abilica.com\/#website"},"primaryImageOfPage":{"@id":"https:\/\/abilica.com\/no\/kondisjon\/hoppetau\/abilica-jumprope-eco\/#primaryimage"},"image":{"@id":"https:\/\/abilica.com\/no\/kondisjon\/hoppetau\/abilica-jumprope-eco\/#primaryimage"},"thumbnailUrl":"https:\/\/abilica.com\/wp-content\/uploads\/2023\/10\/944602-1.jpg","datePublished":"2023-10-24T10:31:48+00:00","dateModified":"2023-11-29T09:21:21+00:00","breadcrumb":{"@id":"https:\/\/abilica.com\/no\/kondisjon\/hoppetau\/abilica-jumprope-eco\/#breadcrumb"},"inLanguage":"nb-NO","potentialAction":[{"@type":"ReadAction","target":["https:\/\/abilica.com\/no\/kondisjon\/hoppetau\/abilica-jumprope-eco\/"]}]},{"@type":"ImageObject","inLanguage":"nb-NO","@id":"https:\/\/abilica.com\/no\/kondisjon\/hoppetau\/abilica-jumprope-eco\/#primaryimage","url":"https:\/\/abilica.com\/wp-content\/uploads\/2023\/10\/944602-1.jpg","contentUrl":"https:\/\/abilica.com\/wp-content\/uploads\/2023\/10\/944602-1.jpg","width":1200,"height":1200},{"@type":"BreadcrumbList","@id":"https:\/\/abilica.com\/no\/kondisjon\/hoppetau\/abilica-jumprope-eco\/#breadcrumb","itemListElement":[{"@type":"ListItem","position":1,"name":"Hem","item":"https:\/\/abilica.com\/no\/"},{"@type":"ListItem","position":2,"name":"Produkter","item":"https:\/\/abilica.com\/no\/shop-2\/"},{"@type":"ListItem","position":3,"name":"Abilica JumpRope ECO"}]},{"@type":"WebSite","@id":"https:\/\/abilica.com\/#website","url":"https:\/\/abilica.com\/","name":"Abilica","description":"Abilica Home Training","potentialAction":[{"@type":"SearchAction","target":{"@type":"EntryPoint","urlTemplate":"https:\/\/abilica.com\/?s={search_term_string}"},"query-input":{"@type":"PropertyValueSpecification","valueRequired":true,"valueName":"search_term_string"}}],"inLanguage":"nb-NO"}]}},"_links":{"self":[{"href":"https:\/\/abilica.com\/no\/wp-json\/wp\/v2\/product\/62874","targetHints":{"allow":["GET"]}}],"collection":[{"href":"https:\/\/abilica.com\/no\/wp-json\/wp\/v2\/product"}],"about":[{"href":"https:\/\/abilica.com\/no\/wp-json\/wp\/v2\/types\/product"}],"wp:featuredmedia":[{"embeddable":true,"href":"https:\/\/abilica.com\/no\/wp-json\/wp\/v2\/media\/61800"}],"wp:attachment":[{"href":"https:\/\/abilica.com\/no\/wp-json\/wp\/v2\/media?parent=62874"}],"wp:term":[{"taxonomy":"product_brand","embeddable":true,"href":"https:\/\/abilica.com\/no\/wp-json\/wp\/v2\/product_brand?post=62874"},{"taxonomy":"product_cat","embeddable":true,"href":"https:\/\/abilica.com\/no\/wp-json\/wp\/v2\/product_cat?post=62874"},{"taxonomy":"product_tag","embeddable":true,"href":"https:\/\/abilica.com\/no\/wp-json\/wp\/v2\/product_tag?post=62874"}],"curies":[{"name":"wp","href":"https:\/\/api.w.org\/{rel}","templated":true}]}}