{"id":62895,"date":"2023-10-24T11:31:48","date_gmt":"2023-10-24T10:31:48","guid":{"rendered":"https:\/\/abilica.com\/uncategorized\/abilica-weight-bar-bumper-220-cm-50-mm\/"},"modified":"2025-10-20T11:12:28","modified_gmt":"2025-10-20T10:12:28","slug":"abilica-weight-bar-bumper-220-cm-50-mm","status":"publish","type":"product","link":"https:\/\/abilica.com\/no\/styrke\/skiver-og-stenger\/abilica-weight-bar-bumper-220-cm-50-mm\/","title":{"rendered":"Abilica Weight Bar Bumper 220 cm 50 mm"},"content":{"rendered":"<div class=\"wpb-content-wrapper\"><p>[vc_row][vc_column][vc_column_text]<strong>Abilica Bumper WeightBar er vektstangen for deg som \u00f8nsker sv\u00e6rt god rotasjonsevne i endestykkene og godt grep.<\/strong><\/p>\n<p>Hvert endestykke har 4 stk n\u00e5lelager og bronseforing som gir sv\u00e6rt god rotasjonsevne slik du tar godt vare p\u00e5 h\u00e5ndleddene dine under \u00f8velser som clean og snatch eller mer tradisjonelle \u00f8velser som benkpress og skulderpress. Bumper WeightBar er laget i legert st\u00e5l med 215 000 PSI og hardkrom finish, som gj\u00f8r stangen sv\u00e6rt robust i tillegg til \u00e5 ha en god og responsiv stivhet. Alt dette i tillegg til godt grep fra 1.5 mm volcano serratering s\u00e5 er du sikret en optimal vektstang for gode trenings\u00f8kter. Abilica Bumper WeightBar er designet og testet for dropp med vektskiver fra 260 cm h\u00f8yde. En vektstang skal ikke droppes i bakken uten vektskiver.<\/p>\n<p>Vi anbefaler Abilica Bumper Plates 50 mm til denne vektstangen, i tillegg til 50 mm l\u00e5ser. Abilica Bumper WeightBar 220 cm 50 mm passer like bra i et treningsrom hjemme som hos en bedrift.<\/p>\n<p><strong>SPESIFIKASJONER<\/strong><br \/>\nLengde: 220 cm<br \/>\nVekt: 20 kg<br \/>\nLengde endestykke: 41 cm<br \/>\nGrepsvidde: 131 cm<br \/>\nDiameter grep: 28 mm<br \/>\nSerratering seksjoner: 4<br \/>\nSerratering type: Volcano 1.5 mm<br \/>\nLager: 8 stk n\u00e5lelager<br \/>\nPSI: 215k<br \/>\nOverflatebehandling: Hardkrom<br \/>\nMaks belastning: 500 kg<br \/>\nLeveres uten l\u00e5ser[\/vc_column_text][vc_empty_space height=&raquo;52px&raquo;][vc_btn title=&raquo;Treningstips&raquo; style=&raquo;flat&raquo; color=&raquo;black&raquo; i_icon_fontawesome=&raquo;fas fa-align-left&raquo; add_icon=&raquo;true&raquo; link=&raquo;url:https%3A%2F%2Fabilica.com%2Fno%2Ftreningsartikler%2Fstyrke%2Ftren-bedre-med-frivekter%2F&raquo;][\/vc_column][\/vc_row]<\/p>\n<\/div>","protected":false},"excerpt":{"rendered":"<p>[vc_row][vc_column][vc_column_text]Abilica Bumper WeightBar er vektstangen for deg som \u00f8nsker sv\u00e6rt god rotasjonsevne i endestykkene og&#8230;<\/p>\n","protected":false},"featured_media":67982,"template":"","meta":{"_acf_changed":false},"product_brand":[],"product_cat":[425,422],"product_tag":[562,366,520],"class_list":{"0":"post-62895","1":"product","2":"type-product","3":"status-publish","4":"has-post-thumbnail","6":"product_cat-skiver-og-stenger","7":"product_cat-styrke","8":"product_tag-crossfit-no","9":"product_tag-premium-no","10":"product_tag-styrketrening","12":"first","13":"instock","14":"product-type-simple"},"acf":[],"yoast_head":"<!-- This site is optimized with the Yoast SEO Premium plugin v21.1 (Yoast SEO v25.4) - https:\/\/yoast.com\/wordpress\/plugins\/seo\/ -->\n<title>Abilica Weight Bar Bumper 220 cm 50 mm Abilica<\/title>\n<meta name=\"robots\" content=\"index, follow, max-snippet:-1, max-image-preview:large, max-video-preview:-1\" \/>\n<link rel=\"canonical\" href=\"https:\/\/abilica.com\/no\/styrke\/skiver-og-stenger\/abilica-weight-bar-bumper-220-cm-50-mm\/\" \/>\n<meta property=\"og:locale\" content=\"nb_NO\" \/>\n<meta property=\"og:type\" content=\"article\" \/>\n<meta property=\"og:title\" content=\"Abilica Weight Bar Bumper 220 cm 50 mm\" \/>\n<meta property=\"og:description\" content=\"[vc_row][vc_column][vc_column_text]Abilica Bumper WeightBar er vektstangen for deg som \u00f8nsker sv\u00e6rt god rotasjonsevne i endestykkene og...\" \/>\n<meta property=\"og:url\" content=\"https:\/\/abilica.com\/no\/styrke\/skiver-og-stenger\/abilica-weight-bar-bumper-220-cm-50-mm\/\" \/>\n<meta property=\"og:site_name\" content=\"Abilica\" \/>\n<meta property=\"article:publisher\" content=\"https:\/\/www.facebook.com\/abilicahometraining\/\" \/>\n<meta property=\"article:modified_time\" content=\"2025-10-20T10:12:28+00:00\" \/>\n<meta property=\"og:image\" content=\"https:\/\/abilica.com\/wp-content\/uploads\/2023\/10\/300095_Abilica-WeightBar-Bumper-220-cm-50-mm_2.jpg\" \/>\n\t<meta property=\"og:image:width\" content=\"1200\" \/>\n\t<meta property=\"og:image:height\" content=\"1200\" \/>\n\t<meta property=\"og:image:type\" content=\"image\/jpeg\" \/>\n<meta name=\"twitter:card\" content=\"summary_large_image\" \/>\n<meta name=\"twitter:label1\" content=\"Ansl. lesetid\" \/>\n\t<meta name=\"twitter:data1\" content=\"1 minutt\" \/>\n<script type=\"application\/ld+json\" class=\"yoast-schema-graph\">{\"@context\":\"https:\/\/schema.org\",\"@graph\":[{\"@type\":\"WebPage\",\"@id\":\"https:\/\/abilica.com\/no\/styrke\/skiver-og-stenger\/abilica-weight-bar-bumper-220-cm-50-mm\/\",\"url\":\"https:\/\/abilica.com\/no\/styrke\/skiver-og-stenger\/abilica-weight-bar-bumper-220-cm-50-mm\/\",\"name\":\"Abilica Weight Bar Bumper 220 cm 50 mm Abilica\",\"isPartOf\":{\"@id\":\"https:\/\/abilica.com\/#website\"},\"primaryImageOfPage\":{\"@id\":\"https:\/\/abilica.com\/no\/styrke\/skiver-og-stenger\/abilica-weight-bar-bumper-220-cm-50-mm\/#primaryimage\"},\"image\":{\"@id\":\"https:\/\/abilica.com\/no\/styrke\/skiver-og-stenger\/abilica-weight-bar-bumper-220-cm-50-mm\/#primaryimage\"},\"thumbnailUrl\":\"https:\/\/abilica.com\/wp-content\/uploads\/2023\/10\/300095_Abilica-WeightBar-Bumper-220-cm-50-mm_2.jpg\",\"datePublished\":\"2023-10-24T10:31:48+00:00\",\"dateModified\":\"2025-10-20T10:12:28+00:00\",\"breadcrumb\":{\"@id\":\"https:\/\/abilica.com\/no\/styrke\/skiver-og-stenger\/abilica-weight-bar-bumper-220-cm-50-mm\/#breadcrumb\"},\"inLanguage\":\"nb-NO\",\"potentialAction\":[{\"@type\":\"ReadAction\",\"target\":[\"https:\/\/abilica.com\/no\/styrke\/skiver-og-stenger\/abilica-weight-bar-bumper-220-cm-50-mm\/\"]}]},{\"@type\":\"ImageObject\",\"inLanguage\":\"nb-NO\",\"@id\":\"https:\/\/abilica.com\/no\/styrke\/skiver-og-stenger\/abilica-weight-bar-bumper-220-cm-50-mm\/#primaryimage\",\"url\":\"https:\/\/abilica.com\/wp-content\/uploads\/2023\/10\/300095_Abilica-WeightBar-Bumper-220-cm-50-mm_2.jpg\",\"contentUrl\":\"https:\/\/abilica.com\/wp-content\/uploads\/2023\/10\/300095_Abilica-WeightBar-Bumper-220-cm-50-mm_2.jpg\",\"width\":1200,\"height\":1200},{\"@type\":\"BreadcrumbList\",\"@id\":\"https:\/\/abilica.com\/no\/styrke\/skiver-og-stenger\/abilica-weight-bar-bumper-220-cm-50-mm\/#breadcrumb\",\"itemListElement\":[{\"@type\":\"ListItem\",\"position\":1,\"name\":\"Hem\",\"item\":\"https:\/\/abilica.com\/no\/\"},{\"@type\":\"ListItem\",\"position\":2,\"name\":\"Produkter\",\"item\":\"https:\/\/abilica.com\/no\/shop-2\/\"},{\"@type\":\"ListItem\",\"position\":3,\"name\":\"Abilica Weight Bar Bumper 220 cm 50 mm\"}]},{\"@type\":\"WebSite\",\"@id\":\"https:\/\/abilica.com\/#website\",\"url\":\"https:\/\/abilica.com\/\",\"name\":\"Abilica\",\"description\":\"Abilica Home Training\",\"potentialAction\":[{\"@type\":\"SearchAction\",\"target\":{\"@type\":\"EntryPoint\",\"urlTemplate\":\"https:\/\/abilica.com\/?s={search_term_string}\"},\"query-input\":{\"@type\":\"PropertyValueSpecification\",\"valueRequired\":true,\"valueName\":\"search_term_string\"}}],\"inLanguage\":\"nb-NO\"}]}<\/script>\n<!-- \/ Yoast SEO Premium plugin. -->","yoast_head_json":{"title":"Abilica Weight Bar Bumper 220 cm 50 mm Abilica","robots":{"index":"index","follow":"follow","max-snippet":"max-snippet:-1","max-image-preview":"max-image-preview:large","max-video-preview":"max-video-preview:-1"},"canonical":"https:\/\/abilica.com\/no\/styrke\/skiver-og-stenger\/abilica-weight-bar-bumper-220-cm-50-mm\/","og_locale":"nb_NO","og_type":"article","og_title":"Abilica Weight Bar Bumper 220 cm 50 mm","og_description":"[vc_row][vc_column][vc_column_text]Abilica Bumper WeightBar er vektstangen for deg som \u00f8nsker sv\u00e6rt god rotasjonsevne i endestykkene og...","og_url":"https:\/\/abilica.com\/no\/styrke\/skiver-og-stenger\/abilica-weight-bar-bumper-220-cm-50-mm\/","og_site_name":"Abilica","article_publisher":"https:\/\/www.facebook.com\/abilicahometraining\/","article_modified_time":"2025-10-20T10:12:28+00:00","og_image":[{"width":1200,"height":1200,"url":"https:\/\/abilica.com\/wp-content\/uploads\/2023\/10\/300095_Abilica-WeightBar-Bumper-220-cm-50-mm_2.jpg","type":"image\/jpeg"}],"twitter_card":"summary_large_image","twitter_misc":{"Ansl. lesetid":"1 minutt"},"schema":{"@context":"https:\/\/schema.org","@graph":[{"@type":"WebPage","@id":"https:\/\/abilica.com\/no\/styrke\/skiver-og-stenger\/abilica-weight-bar-bumper-220-cm-50-mm\/","url":"https:\/\/abilica.com\/no\/styrke\/skiver-og-stenger\/abilica-weight-bar-bumper-220-cm-50-mm\/","name":"Abilica Weight Bar Bumper 220 cm 50 mm Abilica","isPartOf":{"@id":"https:\/\/abilica.com\/#website"},"primaryImageOfPage":{"@id":"https:\/\/abilica.com\/no\/styrke\/skiver-og-stenger\/abilica-weight-bar-bumper-220-cm-50-mm\/#primaryimage"},"image":{"@id":"https:\/\/abilica.com\/no\/styrke\/skiver-og-stenger\/abilica-weight-bar-bumper-220-cm-50-mm\/#primaryimage"},"thumbnailUrl":"https:\/\/abilica.com\/wp-content\/uploads\/2023\/10\/300095_Abilica-WeightBar-Bumper-220-cm-50-mm_2.jpg","datePublished":"2023-10-24T10:31:48+00:00","dateModified":"2025-10-20T10:12:28+00:00","breadcrumb":{"@id":"https:\/\/abilica.com\/no\/styrke\/skiver-og-stenger\/abilica-weight-bar-bumper-220-cm-50-mm\/#breadcrumb"},"inLanguage":"nb-NO","potentialAction":[{"@type":"ReadAction","target":["https:\/\/abilica.com\/no\/styrke\/skiver-og-stenger\/abilica-weight-bar-bumper-220-cm-50-mm\/"]}]},{"@type":"ImageObject","inLanguage":"nb-NO","@id":"https:\/\/abilica.com\/no\/styrke\/skiver-og-stenger\/abilica-weight-bar-bumper-220-cm-50-mm\/#primaryimage","url":"https:\/\/abilica.com\/wp-content\/uploads\/2023\/10\/300095_Abilica-WeightBar-Bumper-220-cm-50-mm_2.jpg","contentUrl":"https:\/\/abilica.com\/wp-content\/uploads\/2023\/10\/300095_Abilica-WeightBar-Bumper-220-cm-50-mm_2.jpg","width":1200,"height":1200},{"@type":"BreadcrumbList","@id":"https:\/\/abilica.com\/no\/styrke\/skiver-og-stenger\/abilica-weight-bar-bumper-220-cm-50-mm\/#breadcrumb","itemListElement":[{"@type":"ListItem","position":1,"name":"Hem","item":"https:\/\/abilica.com\/no\/"},{"@type":"ListItem","position":2,"name":"Produkter","item":"https:\/\/abilica.com\/no\/shop-2\/"},{"@type":"ListItem","position":3,"name":"Abilica Weight Bar Bumper 220 cm 50 mm"}]},{"@type":"WebSite","@id":"https:\/\/abilica.com\/#website","url":"https:\/\/abilica.com\/","name":"Abilica","description":"Abilica Home Training","potentialAction":[{"@type":"SearchAction","target":{"@type":"EntryPoint","urlTemplate":"https:\/\/abilica.com\/?s={search_term_string}"},"query-input":{"@type":"PropertyValueSpecification","valueRequired":true,"valueName":"search_term_string"}}],"inLanguage":"nb-NO"}]}},"_links":{"self":[{"href":"https:\/\/abilica.com\/no\/wp-json\/wp\/v2\/product\/62895","targetHints":{"allow":["GET"]}}],"collection":[{"href":"https:\/\/abilica.com\/no\/wp-json\/wp\/v2\/product"}],"about":[{"href":"https:\/\/abilica.com\/no\/wp-json\/wp\/v2\/types\/product"}],"wp:featuredmedia":[{"embeddable":true,"href":"https:\/\/abilica.com\/no\/wp-json\/wp\/v2\/media\/67982"}],"wp:attachment":[{"href":"https:\/\/abilica.com\/no\/wp-json\/wp\/v2\/media?parent=62895"}],"wp:term":[{"taxonomy":"product_brand","embeddable":true,"href":"https:\/\/abilica.com\/no\/wp-json\/wp\/v2\/product_brand?post=62895"},{"taxonomy":"product_cat","embeddable":true,"href":"https:\/\/abilica.com\/no\/wp-json\/wp\/v2\/product_cat?post=62895"},{"taxonomy":"product_tag","embeddable":true,"href":"https:\/\/abilica.com\/no\/wp-json\/wp\/v2\/product_tag?post=62895"}],"curies":[{"name":"wp","href":"https:\/\/api.w.org\/{rel}","templated":true}]}}