{"id":62904,"date":"2023-10-24T11:31:48","date_gmt":"2023-10-24T10:31:48","guid":{"rendered":"https:\/\/abilica.com\/uncategorized\/ovelser-abilica-4-st\/"},"modified":"2025-08-18T12:20:27","modified_gmt":"2025-08-18T11:20:27","slug":"ovelser-abilica-4-st","status":"publish","type":"product","link":"https:\/\/abilica.com\/no\/styrke\/multigym\/ovelser-abilica-4-st\/","title":{"rendered":"\u00d8velser Abilica 4 ST"},"content":{"rendered":"<p>Plansje som viser 13 utvalgte multigym \u00f8velser\u00a0til Abilica Multi 4ST. Str. 50 x 70 cm. \u00d8velsene kan ogs\u00e5 benyttes p\u00e5 Multi 970.<\/p>\n","protected":false},"excerpt":{"rendered":"<p>Plansje som viser 13 utvalgte multigym \u00f8velser\u00a0til Abilica Multi 4ST. Str. 50 x 70 cm&#8230;.<\/p>\n","protected":false},"featured_media":61820,"template":"","meta":{"_acf_changed":false},"product_brand":[],"product_cat":[434,422],"product_tag":[520],"class_list":{"0":"post-62904","1":"product","2":"type-product","3":"status-publish","4":"has-post-thumbnail","6":"product_cat-multigym","7":"product_cat-styrke","8":"product_tag-styrketrening","10":"first","11":"outofstock","12":"product-type-simple"},"acf":[],"yoast_head":"<!-- This site is optimized with the Yoast SEO Premium plugin v21.1 (Yoast SEO v25.4) - https:\/\/yoast.com\/wordpress\/plugins\/seo\/ -->\n<title>\u00d8velser Abilica 4 ST Abilica<\/title>\n<meta name=\"robots\" content=\"index, follow, max-snippet:-1, max-image-preview:large, max-video-preview:-1\" \/>\n<link rel=\"canonical\" href=\"https:\/\/abilica.com\/no\/styrke\/multigym\/ovelser-abilica-4-st\/\" \/>\n<meta property=\"og:locale\" content=\"nb_NO\" \/>\n<meta property=\"og:type\" content=\"article\" \/>\n<meta property=\"og:title\" content=\"\u00d8velser Abilica 4 ST\" \/>\n<meta property=\"og:description\" content=\"Plansje som viser 13 utvalgte multigym \u00f8velser\u00a0til Abilica Multi 4ST. Str. 50 x 70 cm....\" \/>\n<meta property=\"og:url\" content=\"https:\/\/abilica.com\/no\/styrke\/multigym\/ovelser-abilica-4-st\/\" \/>\n<meta property=\"og:site_name\" content=\"Abilica\" \/>\n<meta property=\"article:publisher\" content=\"https:\/\/www.facebook.com\/abilicahometraining\/\" \/>\n<meta property=\"article:modified_time\" content=\"2025-08-18T11:20:27+00:00\" \/>\n<meta property=\"og:image\" content=\"https:\/\/abilica.com\/wp-content\/uploads\/2023\/10\/999053.jpg\" \/>\n\t<meta property=\"og:image:width\" content=\"1200\" \/>\n\t<meta property=\"og:image:height\" content=\"1200\" \/>\n\t<meta property=\"og:image:type\" content=\"image\/jpeg\" \/>\n<meta name=\"twitter:card\" content=\"summary_large_image\" \/>\n<script type=\"application\/ld+json\" class=\"yoast-schema-graph\">{\"@context\":\"https:\/\/schema.org\",\"@graph\":[{\"@type\":\"WebPage\",\"@id\":\"https:\/\/abilica.com\/no\/styrke\/multigym\/ovelser-abilica-4-st\/\",\"url\":\"https:\/\/abilica.com\/no\/styrke\/multigym\/ovelser-abilica-4-st\/\",\"name\":\"\u00d8velser Abilica 4 ST Abilica\",\"isPartOf\":{\"@id\":\"https:\/\/abilica.com\/#website\"},\"primaryImageOfPage\":{\"@id\":\"https:\/\/abilica.com\/no\/styrke\/multigym\/ovelser-abilica-4-st\/#primaryimage\"},\"image\":{\"@id\":\"https:\/\/abilica.com\/no\/styrke\/multigym\/ovelser-abilica-4-st\/#primaryimage\"},\"thumbnailUrl\":\"https:\/\/abilica.com\/wp-content\/uploads\/2023\/10\/999053.jpg\",\"datePublished\":\"2023-10-24T10:31:48+00:00\",\"dateModified\":\"2025-08-18T11:20:27+00:00\",\"breadcrumb\":{\"@id\":\"https:\/\/abilica.com\/no\/styrke\/multigym\/ovelser-abilica-4-st\/#breadcrumb\"},\"inLanguage\":\"nb-NO\",\"potentialAction\":[{\"@type\":\"ReadAction\",\"target\":[\"https:\/\/abilica.com\/no\/styrke\/multigym\/ovelser-abilica-4-st\/\"]}]},{\"@type\":\"ImageObject\",\"inLanguage\":\"nb-NO\",\"@id\":\"https:\/\/abilica.com\/no\/styrke\/multigym\/ovelser-abilica-4-st\/#primaryimage\",\"url\":\"https:\/\/abilica.com\/wp-content\/uploads\/2023\/10\/999053.jpg\",\"contentUrl\":\"https:\/\/abilica.com\/wp-content\/uploads\/2023\/10\/999053.jpg\",\"width\":1200,\"height\":1200},{\"@type\":\"BreadcrumbList\",\"@id\":\"https:\/\/abilica.com\/no\/styrke\/multigym\/ovelser-abilica-4-st\/#breadcrumb\",\"itemListElement\":[{\"@type\":\"ListItem\",\"position\":1,\"name\":\"Hem\",\"item\":\"https:\/\/abilica.com\/no\/\"},{\"@type\":\"ListItem\",\"position\":2,\"name\":\"Produkter\",\"item\":\"https:\/\/abilica.com\/no\/shop-2\/\"},{\"@type\":\"ListItem\",\"position\":3,\"name\":\"\u00d8velser Abilica 4 ST\"}]},{\"@type\":\"WebSite\",\"@id\":\"https:\/\/abilica.com\/#website\",\"url\":\"https:\/\/abilica.com\/\",\"name\":\"Abilica\",\"description\":\"Abilica Home Training\",\"potentialAction\":[{\"@type\":\"SearchAction\",\"target\":{\"@type\":\"EntryPoint\",\"urlTemplate\":\"https:\/\/abilica.com\/?s={search_term_string}\"},\"query-input\":{\"@type\":\"PropertyValueSpecification\",\"valueRequired\":true,\"valueName\":\"search_term_string\"}}],\"inLanguage\":\"nb-NO\"}]}<\/script>\n<!-- \/ Yoast SEO Premium plugin. -->","yoast_head_json":{"title":"\u00d8velser Abilica 4 ST Abilica","robots":{"index":"index","follow":"follow","max-snippet":"max-snippet:-1","max-image-preview":"max-image-preview:large","max-video-preview":"max-video-preview:-1"},"canonical":"https:\/\/abilica.com\/no\/styrke\/multigym\/ovelser-abilica-4-st\/","og_locale":"nb_NO","og_type":"article","og_title":"\u00d8velser Abilica 4 ST","og_description":"Plansje som viser 13 utvalgte multigym \u00f8velser\u00a0til Abilica Multi 4ST. Str. 50 x 70 cm....","og_url":"https:\/\/abilica.com\/no\/styrke\/multigym\/ovelser-abilica-4-st\/","og_site_name":"Abilica","article_publisher":"https:\/\/www.facebook.com\/abilicahometraining\/","article_modified_time":"2025-08-18T11:20:27+00:00","og_image":[{"width":1200,"height":1200,"url":"https:\/\/abilica.com\/wp-content\/uploads\/2023\/10\/999053.jpg","type":"image\/jpeg"}],"twitter_card":"summary_large_image","schema":{"@context":"https:\/\/schema.org","@graph":[{"@type":"WebPage","@id":"https:\/\/abilica.com\/no\/styrke\/multigym\/ovelser-abilica-4-st\/","url":"https:\/\/abilica.com\/no\/styrke\/multigym\/ovelser-abilica-4-st\/","name":"\u00d8velser Abilica 4 ST Abilica","isPartOf":{"@id":"https:\/\/abilica.com\/#website"},"primaryImageOfPage":{"@id":"https:\/\/abilica.com\/no\/styrke\/multigym\/ovelser-abilica-4-st\/#primaryimage"},"image":{"@id":"https:\/\/abilica.com\/no\/styrke\/multigym\/ovelser-abilica-4-st\/#primaryimage"},"thumbnailUrl":"https:\/\/abilica.com\/wp-content\/uploads\/2023\/10\/999053.jpg","datePublished":"2023-10-24T10:31:48+00:00","dateModified":"2025-08-18T11:20:27+00:00","breadcrumb":{"@id":"https:\/\/abilica.com\/no\/styrke\/multigym\/ovelser-abilica-4-st\/#breadcrumb"},"inLanguage":"nb-NO","potentialAction":[{"@type":"ReadAction","target":["https:\/\/abilica.com\/no\/styrke\/multigym\/ovelser-abilica-4-st\/"]}]},{"@type":"ImageObject","inLanguage":"nb-NO","@id":"https:\/\/abilica.com\/no\/styrke\/multigym\/ovelser-abilica-4-st\/#primaryimage","url":"https:\/\/abilica.com\/wp-content\/uploads\/2023\/10\/999053.jpg","contentUrl":"https:\/\/abilica.com\/wp-content\/uploads\/2023\/10\/999053.jpg","width":1200,"height":1200},{"@type":"BreadcrumbList","@id":"https:\/\/abilica.com\/no\/styrke\/multigym\/ovelser-abilica-4-st\/#breadcrumb","itemListElement":[{"@type":"ListItem","position":1,"name":"Hem","item":"https:\/\/abilica.com\/no\/"},{"@type":"ListItem","position":2,"name":"Produkter","item":"https:\/\/abilica.com\/no\/shop-2\/"},{"@type":"ListItem","position":3,"name":"\u00d8velser Abilica 4 ST"}]},{"@type":"WebSite","@id":"https:\/\/abilica.com\/#website","url":"https:\/\/abilica.com\/","name":"Abilica","description":"Abilica Home Training","potentialAction":[{"@type":"SearchAction","target":{"@type":"EntryPoint","urlTemplate":"https:\/\/abilica.com\/?s={search_term_string}"},"query-input":{"@type":"PropertyValueSpecification","valueRequired":true,"valueName":"search_term_string"}}],"inLanguage":"nb-NO"}]}},"_links":{"self":[{"href":"https:\/\/abilica.com\/no\/wp-json\/wp\/v2\/product\/62904","targetHints":{"allow":["GET"]}}],"collection":[{"href":"https:\/\/abilica.com\/no\/wp-json\/wp\/v2\/product"}],"about":[{"href":"https:\/\/abilica.com\/no\/wp-json\/wp\/v2\/types\/product"}],"wp:featuredmedia":[{"embeddable":true,"href":"https:\/\/abilica.com\/no\/wp-json\/wp\/v2\/media\/61820"}],"wp:attachment":[{"href":"https:\/\/abilica.com\/no\/wp-json\/wp\/v2\/media?parent=62904"}],"wp:term":[{"taxonomy":"product_brand","embeddable":true,"href":"https:\/\/abilica.com\/no\/wp-json\/wp\/v2\/product_brand?post=62904"},{"taxonomy":"product_cat","embeddable":true,"href":"https:\/\/abilica.com\/no\/wp-json\/wp\/v2\/product_cat?post=62904"},{"taxonomy":"product_tag","embeddable":true,"href":"https:\/\/abilica.com\/no\/wp-json\/wp\/v2\/product_tag?post=62904"}],"curies":[{"name":"wp","href":"https:\/\/api.w.org\/{rel}","templated":true}]}}