{"id":62919,"date":"2023-10-24T11:31:48","date_gmt":"2023-10-24T10:31:48","guid":{"rendered":"https:\/\/abilica.com\/uncategorized\/abilica-latbar-parallel-grip\/"},"modified":"2025-11-10T09:27:25","modified_gmt":"2025-11-10T08:27:25","slug":"abilica-latbar-parallel-grip","status":"publish","type":"product","link":"https:\/\/abilica.com\/no\/styrke\/multigym\/abilica-latbar-parallel-grip\/","title":{"rendered":"Abilica LatBar Parallel Grip"},"content":{"rendered":"<p>Abilica LatBar Parallel Grip er en solid nedtrekkstang til multigym i st\u00e5l med chrome finish. Stangen er utstyrt med roterende feste slik at du kan holde samme grep igjennom hele \u00f8velsen. Nedtrekkstang med parallelgrep gir deg et godt, n\u00f8ytralt grep for armene og hjelper deg med \u00e5 oppn\u00e5 god muskelkontakt i \u00f8velser som nedtrekk og sittende roing med bredt grep. Parallell grepet har en greps vidde p\u00e5 16 cm og diameter p\u00e5 25 mm. Stangen har ogs\u00e5 2 knurling segmenter p\u00e5 20 cm sentrert p\u00e5 stangen som gj\u00f8r den godt egnet for trekk \u00f8velser med smalt grep.<br \/>\n<b><br \/>\n<\/b>Lengde: 96 cm lengde<br \/>\nDiameter grep: 25 mm<br \/>\nVekt: 5.4 kg<\/p>\n","protected":false},"excerpt":{"rendered":"<p>Abilica LatBar Parallel Grip er en solid nedtrekkstang til multigym i st\u00e5l med chrome finish&#8230;.<\/p>\n","protected":false},"featured_media":61830,"template":"","meta":{"_acf_changed":false},"product_brand":[],"product_cat":[434,422],"product_tag":[520],"class_list":{"0":"post-62919","1":"product","2":"type-product","3":"status-publish","4":"has-post-thumbnail","6":"product_cat-multigym","7":"product_cat-styrke","8":"product_tag-styrketrening","10":"first","11":"instock","12":"product-type-simple"},"acf":[],"yoast_head":"<!-- This site is optimized with the Yoast SEO Premium plugin v21.1 (Yoast SEO v25.4) - https:\/\/yoast.com\/wordpress\/plugins\/seo\/ -->\n<title>Abilica LatBar Parallel Grip Abilica<\/title>\n<meta name=\"robots\" content=\"index, follow, max-snippet:-1, max-image-preview:large, max-video-preview:-1\" \/>\n<link rel=\"canonical\" href=\"https:\/\/abilica.com\/no\/styrke\/multigym\/abilica-latbar-parallel-grip\/\" \/>\n<meta property=\"og:locale\" content=\"nb_NO\" \/>\n<meta property=\"og:type\" content=\"article\" \/>\n<meta property=\"og:title\" content=\"Abilica LatBar Parallel Grip\" \/>\n<meta property=\"og:description\" content=\"Abilica LatBar Parallel Grip er en solid nedtrekkstang til multigym i st\u00e5l med chrome finish....\" \/>\n<meta property=\"og:url\" content=\"https:\/\/abilica.com\/no\/styrke\/multigym\/abilica-latbar-parallel-grip\/\" \/>\n<meta property=\"og:site_name\" content=\"Abilica\" \/>\n<meta property=\"article:publisher\" content=\"https:\/\/www.facebook.com\/abilicahometraining\/\" \/>\n<meta property=\"article:modified_time\" content=\"2025-11-10T08:27:25+00:00\" \/>\n<meta property=\"og:image\" content=\"https:\/\/abilica.com\/wp-content\/uploads\/2023\/10\/para2.jpg\" \/>\n\t<meta property=\"og:image:width\" content=\"1200\" \/>\n\t<meta property=\"og:image:height\" content=\"1200\" \/>\n\t<meta property=\"og:image:type\" content=\"image\/jpeg\" \/>\n<meta name=\"twitter:card\" content=\"summary_large_image\" \/>\n<meta name=\"twitter:label1\" content=\"Ansl. lesetid\" \/>\n\t<meta name=\"twitter:data1\" content=\"1 minutt\" \/>\n<script type=\"application\/ld+json\" class=\"yoast-schema-graph\">{\"@context\":\"https:\/\/schema.org\",\"@graph\":[{\"@type\":\"WebPage\",\"@id\":\"https:\/\/abilica.com\/no\/styrke\/multigym\/abilica-latbar-parallel-grip\/\",\"url\":\"https:\/\/abilica.com\/no\/styrke\/multigym\/abilica-latbar-parallel-grip\/\",\"name\":\"Abilica LatBar Parallel Grip Abilica\",\"isPartOf\":{\"@id\":\"https:\/\/abilica.com\/#website\"},\"primaryImageOfPage\":{\"@id\":\"https:\/\/abilica.com\/no\/styrke\/multigym\/abilica-latbar-parallel-grip\/#primaryimage\"},\"image\":{\"@id\":\"https:\/\/abilica.com\/no\/styrke\/multigym\/abilica-latbar-parallel-grip\/#primaryimage\"},\"thumbnailUrl\":\"https:\/\/abilica.com\/wp-content\/uploads\/2023\/10\/para2.jpg\",\"datePublished\":\"2023-10-24T10:31:48+00:00\",\"dateModified\":\"2025-11-10T08:27:25+00:00\",\"breadcrumb\":{\"@id\":\"https:\/\/abilica.com\/no\/styrke\/multigym\/abilica-latbar-parallel-grip\/#breadcrumb\"},\"inLanguage\":\"nb-NO\",\"potentialAction\":[{\"@type\":\"ReadAction\",\"target\":[\"https:\/\/abilica.com\/no\/styrke\/multigym\/abilica-latbar-parallel-grip\/\"]}]},{\"@type\":\"ImageObject\",\"inLanguage\":\"nb-NO\",\"@id\":\"https:\/\/abilica.com\/no\/styrke\/multigym\/abilica-latbar-parallel-grip\/#primaryimage\",\"url\":\"https:\/\/abilica.com\/wp-content\/uploads\/2023\/10\/para2.jpg\",\"contentUrl\":\"https:\/\/abilica.com\/wp-content\/uploads\/2023\/10\/para2.jpg\",\"width\":1200,\"height\":1200},{\"@type\":\"BreadcrumbList\",\"@id\":\"https:\/\/abilica.com\/no\/styrke\/multigym\/abilica-latbar-parallel-grip\/#breadcrumb\",\"itemListElement\":[{\"@type\":\"ListItem\",\"position\":1,\"name\":\"Hem\",\"item\":\"https:\/\/abilica.com\/no\/\"},{\"@type\":\"ListItem\",\"position\":2,\"name\":\"Produkter\",\"item\":\"https:\/\/abilica.com\/no\/shop-2\/\"},{\"@type\":\"ListItem\",\"position\":3,\"name\":\"Abilica LatBar Parallel Grip\"}]},{\"@type\":\"WebSite\",\"@id\":\"https:\/\/abilica.com\/#website\",\"url\":\"https:\/\/abilica.com\/\",\"name\":\"Abilica\",\"description\":\"Abilica Home Training\",\"potentialAction\":[{\"@type\":\"SearchAction\",\"target\":{\"@type\":\"EntryPoint\",\"urlTemplate\":\"https:\/\/abilica.com\/?s={search_term_string}\"},\"query-input\":{\"@type\":\"PropertyValueSpecification\",\"valueRequired\":true,\"valueName\":\"search_term_string\"}}],\"inLanguage\":\"nb-NO\"}]}<\/script>\n<!-- \/ Yoast SEO Premium plugin. -->","yoast_head_json":{"title":"Abilica LatBar Parallel Grip Abilica","robots":{"index":"index","follow":"follow","max-snippet":"max-snippet:-1","max-image-preview":"max-image-preview:large","max-video-preview":"max-video-preview:-1"},"canonical":"https:\/\/abilica.com\/no\/styrke\/multigym\/abilica-latbar-parallel-grip\/","og_locale":"nb_NO","og_type":"article","og_title":"Abilica LatBar Parallel Grip","og_description":"Abilica LatBar Parallel Grip er en solid nedtrekkstang til multigym i st\u00e5l med chrome finish....","og_url":"https:\/\/abilica.com\/no\/styrke\/multigym\/abilica-latbar-parallel-grip\/","og_site_name":"Abilica","article_publisher":"https:\/\/www.facebook.com\/abilicahometraining\/","article_modified_time":"2025-11-10T08:27:25+00:00","og_image":[{"width":1200,"height":1200,"url":"https:\/\/abilica.com\/wp-content\/uploads\/2023\/10\/para2.jpg","type":"image\/jpeg"}],"twitter_card":"summary_large_image","twitter_misc":{"Ansl. lesetid":"1 minutt"},"schema":{"@context":"https:\/\/schema.org","@graph":[{"@type":"WebPage","@id":"https:\/\/abilica.com\/no\/styrke\/multigym\/abilica-latbar-parallel-grip\/","url":"https:\/\/abilica.com\/no\/styrke\/multigym\/abilica-latbar-parallel-grip\/","name":"Abilica LatBar Parallel Grip Abilica","isPartOf":{"@id":"https:\/\/abilica.com\/#website"},"primaryImageOfPage":{"@id":"https:\/\/abilica.com\/no\/styrke\/multigym\/abilica-latbar-parallel-grip\/#primaryimage"},"image":{"@id":"https:\/\/abilica.com\/no\/styrke\/multigym\/abilica-latbar-parallel-grip\/#primaryimage"},"thumbnailUrl":"https:\/\/abilica.com\/wp-content\/uploads\/2023\/10\/para2.jpg","datePublished":"2023-10-24T10:31:48+00:00","dateModified":"2025-11-10T08:27:25+00:00","breadcrumb":{"@id":"https:\/\/abilica.com\/no\/styrke\/multigym\/abilica-latbar-parallel-grip\/#breadcrumb"},"inLanguage":"nb-NO","potentialAction":[{"@type":"ReadAction","target":["https:\/\/abilica.com\/no\/styrke\/multigym\/abilica-latbar-parallel-grip\/"]}]},{"@type":"ImageObject","inLanguage":"nb-NO","@id":"https:\/\/abilica.com\/no\/styrke\/multigym\/abilica-latbar-parallel-grip\/#primaryimage","url":"https:\/\/abilica.com\/wp-content\/uploads\/2023\/10\/para2.jpg","contentUrl":"https:\/\/abilica.com\/wp-content\/uploads\/2023\/10\/para2.jpg","width":1200,"height":1200},{"@type":"BreadcrumbList","@id":"https:\/\/abilica.com\/no\/styrke\/multigym\/abilica-latbar-parallel-grip\/#breadcrumb","itemListElement":[{"@type":"ListItem","position":1,"name":"Hem","item":"https:\/\/abilica.com\/no\/"},{"@type":"ListItem","position":2,"name":"Produkter","item":"https:\/\/abilica.com\/no\/shop-2\/"},{"@type":"ListItem","position":3,"name":"Abilica LatBar Parallel Grip"}]},{"@type":"WebSite","@id":"https:\/\/abilica.com\/#website","url":"https:\/\/abilica.com\/","name":"Abilica","description":"Abilica Home Training","potentialAction":[{"@type":"SearchAction","target":{"@type":"EntryPoint","urlTemplate":"https:\/\/abilica.com\/?s={search_term_string}"},"query-input":{"@type":"PropertyValueSpecification","valueRequired":true,"valueName":"search_term_string"}}],"inLanguage":"nb-NO"}]}},"_links":{"self":[{"href":"https:\/\/abilica.com\/no\/wp-json\/wp\/v2\/product\/62919","targetHints":{"allow":["GET"]}}],"collection":[{"href":"https:\/\/abilica.com\/no\/wp-json\/wp\/v2\/product"}],"about":[{"href":"https:\/\/abilica.com\/no\/wp-json\/wp\/v2\/types\/product"}],"wp:featuredmedia":[{"embeddable":true,"href":"https:\/\/abilica.com\/no\/wp-json\/wp\/v2\/media\/61830"}],"wp:attachment":[{"href":"https:\/\/abilica.com\/no\/wp-json\/wp\/v2\/media?parent=62919"}],"wp:term":[{"taxonomy":"product_brand","embeddable":true,"href":"https:\/\/abilica.com\/no\/wp-json\/wp\/v2\/product_brand?post=62919"},{"taxonomy":"product_cat","embeddable":true,"href":"https:\/\/abilica.com\/no\/wp-json\/wp\/v2\/product_cat?post=62919"},{"taxonomy":"product_tag","embeddable":true,"href":"https:\/\/abilica.com\/no\/wp-json\/wp\/v2\/product_tag?post=62919"}],"curies":[{"name":"wp","href":"https:\/\/api.w.org\/{rel}","templated":true}]}}